{"id":4440,"date":"2024-12-11T13:43:14","date_gmt":"2024-12-11T13:43:14","guid":{"rendered":"https:\/\/tzionlibreria.com\/?post_type=product&#038;p=4440"},"modified":"2025-06-03T22:26:39","modified_gmt":"2025-06-03T22:26:39","slug":"biblia-la-justicia-de-dios-nvi-tapa-dura-nueva-version-internacional","status":"publish","type":"product","link":"https:\/\/tzionlibreria.com\/index.php\/product\/biblia-la-justicia-de-dios-nvi-tapa-dura-nueva-version-internacional\/","title":{"rendered":"Biblia La Justicia De Dios NVI Tapa Dura"},"content":{"rendered":"<p>&nbsp;<\/p>\n<p>En esta Biblia, el \u00abla justicia divina \u00bb, es un principio fundamental. Dios revela su plan para que prevalezca la justicia desde el G\u00e9nesis hasta el Apocalipsis, y como tal constituye la columna vertebral de la Escritura. Esta Biblia examina la preocupaci\u00f3n de Dios por la justicia y le da a los lectores un plan s\u00f3lido para trabajar como las manos y pies de Dios en un mundo lleno de injusticia. Dise\u00f1ada para instruir e inspirar, esta Biblia aborda con cautela las cuestiones universales sobre la injusticia a los que la Biblia se dirige. Redactada por un equipo de escritores internacionales que aportan una perspectiva global a estos asuntos universales que la Biblia saca a relucir, la Biblia est\u00e1 dise\u00f1ada para encender la pasi\u00f3n de los lectores por la justicia y tomar medidas positivas para traer a la luz los problemas de justicia en su propio c\u00edrculo de influencia. Esta Biblia incluye:<\/p>\n<div>\n<ol>\n<li>una introducci\u00f3n a cada libro de la Biblia la cual explica c\u00f3mo contribuye a la historia de la justicia de Dios<\/li>\n<li>notas que destacan y explican textos fundamentales<\/li>\n<li>una p\u00e1gina al final de cada libro incluyendo preguntas de discusi\u00f3n y reflexi\u00f3n dise\u00f1ada para club de libro, adem\u00e1s de una oraci\u00f3n hist\u00f3rica, y<\/li>\n<li>algunos art\u00edculos sobre temas importantes tales como, por qu\u00e9 Dios defiende al sacrificio en el Antiguo Testamento, o como en el Nuevo Testamento palabra \u00abjusticia\u00bb puede ser traducida como \u00abjusticia\u00bb.<\/li>\n<\/ol>\n<\/div>\n<div><\/div>\n<div><\/div>\n<div>Esta no es una Biblia de estudio destinada a explicar y contextualizar todo. Su \u00fanico objetivo ser\u00e1 el de iluminar la historia de Dios y su esfuerzo en el florecimiento humano y las relaciones adecuadas, y la eliminaci\u00f3n de todo mal, incluyendo el pecado humano.<\/div>\n<div><\/div>\n<div><\/div>\n<div>\n<p><strong>ISBN<\/strong>: 9780829765236<\/p>\n<p><strong>Dimensiones<\/strong>: 171 x 244 mm<\/p>\n<p><strong>Cubierta<\/strong>: Tapa Dura<\/p>\n<\/div>\n","protected":false},"excerpt":{"rendered":"<p>&nbsp; En esta Biblia, el \u00abla justicia divina \u00bb, es un principio fundamental. Dios revela su plan para que prevalezca la justicia desde el G\u00e9nesis hasta el Apocalipsis, y como tal constituye la columna vertebral de la Escritura. Esta Biblia examina la preocupaci\u00f3n de Dios por la justicia y le da a los lectores un [&hellip;]<\/p>\n","protected":false},"featured_media":4441,"comment_status":"open","ping_status":"closed","template":"","meta":{"om_disable_all_campaigns":false,"_monsterinsights_skip_tracking":false,"_monsterinsights_sitenote_active":false,"_monsterinsights_sitenote_note":"","_monsterinsights_sitenote_category":0,"site-sidebar-layout":"default","site-content-layout":"","ast-site-content-layout":"default","site-content-style":"default","site-sidebar-style":"default","ast-global-header-display":"","ast-banner-title-visibility":"","ast-main-header-display":"","ast-hfb-above-header-display":"","ast-hfb-below-header-display":"","ast-hfb-mobile-header-display":"","site-post-title":"","ast-breadcrumbs-content":"","ast-featured-img":"","footer-sml-layout":"","ast-disable-related-posts":"","theme-transparent-header-meta":"default","adv-header-id-meta":"","stick-header-meta":"","header-above-stick-meta":"","header-main-stick-meta":"","header-below-stick-meta":"","astra-migrate-meta-layouts":"set","ast-page-background-enabled":"default","ast-page-background-meta":{"desktop":{"background-color":"var(--ast-global-color-4)","background-image":"","background-repeat":"repeat","background-position":"center center","background-size":"auto","background-attachment":"scroll","background-type":"","background-media":"","overlay-type":"","overlay-color":"","overlay-opacity":"","overlay-gradient":""},"tablet":{"background-color":"","background-image":"","background-repeat":"repeat","background-position":"center center","background-size":"auto","background-attachment":"scroll","background-type":"","background-media":"","overlay-type":"","overlay-color":"","overlay-opacity":"","overlay-gradient":""},"mobile":{"background-color":"","background-image":"","background-repeat":"repeat","background-position":"center center","background-size":"auto","background-attachment":"scroll","background-type":"","background-media":"","overlay-type":"","overlay-color":"","overlay-opacity":"","overlay-gradient":""}},"ast-content-background-meta":{"desktop":{"background-color":"var(--ast-global-color-5)","background-image":"","background-repeat":"repeat","background-position":"center center","background-size":"auto","background-attachment":"scroll","background-type":"","background-media":"","overlay-type":"","overlay-color":"","overlay-opacity":"","overlay-gradient":""},"tablet":{"background-color":"var(--ast-global-color-5)","background-image":"","background-repeat":"repeat","background-position":"center center","background-size":"auto","background-attachment":"scroll","background-type":"","background-media":"","overlay-type":"","overlay-color":"","overlay-opacity":"","overlay-gradient":""},"mobile":{"background-color":"var(--ast-global-color-5)","background-image":"","background-repeat":"repeat","background-position":"center center","background-size":"auto","background-attachment":"scroll","background-type":"","background-media":"","overlay-type":"","overlay-color":"","overlay-opacity":"","overlay-gradient":""}}},"product_brand":[],"product_cat":[22,30,32],"product_tag":[43],"class_list":{"0":"post-4440","1":"product","2":"type-product","3":"status-publish","4":"has-post-thumbnail","6":"product_cat-biblias","7":"product_cat-biblia-de-estudio","8":"product_cat-biblias-nvi","9":"product_tag-nvi","10":"desktop-align-left","11":"tablet-align-left","12":"mobile-align-left","14":"first","15":"instock","16":"shipping-taxable","17":"purchasable","18":"product-type-simple"},"yoast_head":"<!-- This site is optimized with the Yoast SEO plugin v27.4 - https:\/\/yoast.com\/product\/yoast-seo-wordpress\/ -->\n<title>Biblia La Justicia De Dios NVI Tapa Dura - tzionlibreria.com<\/title>\n<meta name=\"description\" content=\"Esta Biblia examina la preocupaci\u00f3n de Dios por la justicia y le da a los lectores un plan s\u00f3lido para trabajar en un mundo lleno de injusticia.\" \/>\n<meta name=\"robots\" content=\"index, follow, max-snippet:-1, max-image-preview:large, max-video-preview:-1\" \/>\n<link rel=\"canonical\" href=\"https:\/\/tzionlibreria.com\/index.php\/product\/biblia-la-justicia-de-dios-nvi-tapa-dura-nueva-version-internacional\/\" \/>\n<meta property=\"og:locale\" content=\"es_ES\" \/>\n<meta property=\"og:type\" content=\"article\" \/>\n<meta property=\"og:title\" content=\"Biblia La Justicia De Dios NVI Tapa Dura - tzionlibreria.com\" \/>\n<meta property=\"og:description\" content=\"Esta Biblia examina la preocupaci\u00f3n de Dios por la justicia y le da a los lectores un plan s\u00f3lido para trabajar en un mundo lleno de injusticia.\" \/>\n<meta property=\"og:url\" content=\"https:\/\/tzionlibreria.com\/index.php\/product\/biblia-la-justicia-de-dios-nvi-tapa-dura-nueva-version-internacional\/\" \/>\n<meta property=\"og:site_name\" content=\"tzionlibreria.com\" \/>\n<meta property=\"article:modified_time\" content=\"2025-06-03T22:26:39+00:00\" \/>\n<meta property=\"og:image\" content=\"http:\/\/tzionlibreria.com\/wp-content\/uploads\/2024\/12\/7.png\" \/>\n\t<meta property=\"og:image:width\" content=\"1080\" \/>\n\t<meta property=\"og:image:height\" content=\"1080\" \/>\n\t<meta property=\"og:image:type\" content=\"image\/png\" \/>\n<meta name=\"twitter:card\" content=\"summary_large_image\" \/>\n<meta name=\"twitter:label1\" content=\"Tiempo de lectura\" \/>\n\t<meta name=\"twitter:data1\" content=\"2 minutos\" \/>\n<script type=\"application\/ld+json\" class=\"yoast-schema-graph\">{\"@context\":\"https:\\\/\\\/schema.org\",\"@graph\":[{\"@type\":\"WebPage\",\"@id\":\"https:\\\/\\\/tzionlibreria.com\\\/index.php\\\/product\\\/biblia-la-justicia-de-dios-nvi-tapa-dura-nueva-version-internacional\\\/\",\"url\":\"https:\\\/\\\/tzionlibreria.com\\\/index.php\\\/product\\\/biblia-la-justicia-de-dios-nvi-tapa-dura-nueva-version-internacional\\\/\",\"name\":\"Biblia La Justicia De Dios NVI Tapa Dura - tzionlibreria.com\",\"isPartOf\":{\"@id\":\"https:\\\/\\\/tzionlibreria.com\\\/#website\"},\"primaryImageOfPage\":{\"@id\":\"https:\\\/\\\/tzionlibreria.com\\\/index.php\\\/product\\\/biblia-la-justicia-de-dios-nvi-tapa-dura-nueva-version-internacional\\\/#primaryimage\"},\"image\":{\"@id\":\"https:\\\/\\\/tzionlibreria.com\\\/index.php\\\/product\\\/biblia-la-justicia-de-dios-nvi-tapa-dura-nueva-version-internacional\\\/#primaryimage\"},\"thumbnailUrl\":\"https:\\\/\\\/tzionlibreria.com\\\/wp-content\\\/uploads\\\/2024\\\/12\\\/7.png\",\"datePublished\":\"2024-12-11T13:43:14+00:00\",\"dateModified\":\"2025-06-03T22:26:39+00:00\",\"description\":\"Esta Biblia examina la preocupaci\u00f3n de Dios por la justicia y le da a los lectores un plan s\u00f3lido para trabajar en un mundo lleno de injusticia.\",\"breadcrumb\":{\"@id\":\"https:\\\/\\\/tzionlibreria.com\\\/index.php\\\/product\\\/biblia-la-justicia-de-dios-nvi-tapa-dura-nueva-version-internacional\\\/#breadcrumb\"},\"inLanguage\":\"es-CO\",\"potentialAction\":[{\"@type\":\"ReadAction\",\"target\":[\"https:\\\/\\\/tzionlibreria.com\\\/index.php\\\/product\\\/biblia-la-justicia-de-dios-nvi-tapa-dura-nueva-version-internacional\\\/\"]}]},{\"@type\":\"ImageObject\",\"inLanguage\":\"es-CO\",\"@id\":\"https:\\\/\\\/tzionlibreria.com\\\/index.php\\\/product\\\/biblia-la-justicia-de-dios-nvi-tapa-dura-nueva-version-internacional\\\/#primaryimage\",\"url\":\"https:\\\/\\\/tzionlibreria.com\\\/wp-content\\\/uploads\\\/2024\\\/12\\\/7.png\",\"contentUrl\":\"https:\\\/\\\/tzionlibreria.com\\\/wp-content\\\/uploads\\\/2024\\\/12\\\/7.png\",\"width\":1080,\"height\":1080},{\"@type\":\"BreadcrumbList\",\"@id\":\"https:\\\/\\\/tzionlibreria.com\\\/index.php\\\/product\\\/biblia-la-justicia-de-dios-nvi-tapa-dura-nueva-version-internacional\\\/#breadcrumb\",\"itemListElement\":[{\"@type\":\"ListItem\",\"position\":1,\"name\":\"Inicio\",\"item\":\"https:\\\/\\\/tzionlibreria.com\\\/\"},{\"@type\":\"ListItem\",\"position\":2,\"name\":\"Shop\",\"item\":\"https:\\\/\\\/tzionlibreria.com\\\/index.php\\\/shop\\\/\"},{\"@type\":\"ListItem\",\"position\":3,\"name\":\"Biblia La Justicia De Dios NVI Tapa Dura\"}]},{\"@type\":\"WebSite\",\"@id\":\"https:\\\/\\\/tzionlibreria.com\\\/#website\",\"url\":\"https:\\\/\\\/tzionlibreria.com\\\/\",\"name\":\"tzionlibreria.com\",\"description\":\"Libreria Cristiana Venezuela\",\"publisher\":{\"@id\":\"https:\\\/\\\/tzionlibreria.com\\\/#organization\"},\"potentialAction\":[{\"@type\":\"SearchAction\",\"target\":{\"@type\":\"EntryPoint\",\"urlTemplate\":\"https:\\\/\\\/tzionlibreria.com\\\/?s={search_term_string}\"},\"query-input\":{\"@type\":\"PropertyValueSpecification\",\"valueRequired\":true,\"valueName\":\"search_term_string\"}}],\"inLanguage\":\"es-CO\"},{\"@type\":\"Organization\",\"@id\":\"https:\\\/\\\/tzionlibreria.com\\\/#organization\",\"name\":\"tzionlibreria.com\",\"url\":\"https:\\\/\\\/tzionlibreria.com\\\/\",\"logo\":{\"@type\":\"ImageObject\",\"inLanguage\":\"es-CO\",\"@id\":\"https:\\\/\\\/tzionlibreria.com\\\/#\\\/schema\\\/logo\\\/image\\\/\",\"url\":\"https:\\\/\\\/tzionlibreria.com\\\/wp-content\\\/uploads\\\/2023\\\/10\\\/cropped-Cuadricula-scaled-1.jpg\",\"contentUrl\":\"https:\\\/\\\/tzionlibreria.com\\\/wp-content\\\/uploads\\\/2023\\\/10\\\/cropped-Cuadricula-scaled-1.jpg\",\"width\":2560,\"height\":2560,\"caption\":\"tzionlibreria.com\"},\"image\":{\"@id\":\"https:\\\/\\\/tzionlibreria.com\\\/#\\\/schema\\\/logo\\\/image\\\/\"}}]}<\/script>\n<!-- \/ Yoast SEO plugin. -->","yoast_head_json":{"title":"Biblia La Justicia De Dios NVI Tapa Dura - tzionlibreria.com","description":"Esta Biblia examina la preocupaci\u00f3n de Dios por la justicia y le da a los lectores un plan s\u00f3lido para trabajar en un mundo lleno de injusticia.","robots":{"index":"index","follow":"follow","max-snippet":"max-snippet:-1","max-image-preview":"max-image-preview:large","max-video-preview":"max-video-preview:-1"},"canonical":"https:\/\/tzionlibreria.com\/index.php\/product\/biblia-la-justicia-de-dios-nvi-tapa-dura-nueva-version-internacional\/","og_locale":"es_ES","og_type":"article","og_title":"Biblia La Justicia De Dios NVI Tapa Dura - tzionlibreria.com","og_description":"Esta Biblia examina la preocupaci\u00f3n de Dios por la justicia y le da a los lectores un plan s\u00f3lido para trabajar en un mundo lleno de injusticia.","og_url":"https:\/\/tzionlibreria.com\/index.php\/product\/biblia-la-justicia-de-dios-nvi-tapa-dura-nueva-version-internacional\/","og_site_name":"tzionlibreria.com","article_modified_time":"2025-06-03T22:26:39+00:00","og_image":[{"width":1080,"height":1080,"url":"http:\/\/tzionlibreria.com\/wp-content\/uploads\/2024\/12\/7.png","type":"image\/png"}],"twitter_card":"summary_large_image","twitter_misc":{"Tiempo de lectura":"2 minutos"},"schema":{"@context":"https:\/\/schema.org","@graph":[{"@type":"WebPage","@id":"https:\/\/tzionlibreria.com\/index.php\/product\/biblia-la-justicia-de-dios-nvi-tapa-dura-nueva-version-internacional\/","url":"https:\/\/tzionlibreria.com\/index.php\/product\/biblia-la-justicia-de-dios-nvi-tapa-dura-nueva-version-internacional\/","name":"Biblia La Justicia De Dios NVI Tapa Dura - tzionlibreria.com","isPartOf":{"@id":"https:\/\/tzionlibreria.com\/#website"},"primaryImageOfPage":{"@id":"https:\/\/tzionlibreria.com\/index.php\/product\/biblia-la-justicia-de-dios-nvi-tapa-dura-nueva-version-internacional\/#primaryimage"},"image":{"@id":"https:\/\/tzionlibreria.com\/index.php\/product\/biblia-la-justicia-de-dios-nvi-tapa-dura-nueva-version-internacional\/#primaryimage"},"thumbnailUrl":"https:\/\/tzionlibreria.com\/wp-content\/uploads\/2024\/12\/7.png","datePublished":"2024-12-11T13:43:14+00:00","dateModified":"2025-06-03T22:26:39+00:00","description":"Esta Biblia examina la preocupaci\u00f3n de Dios por la justicia y le da a los lectores un plan s\u00f3lido para trabajar en un mundo lleno de injusticia.","breadcrumb":{"@id":"https:\/\/tzionlibreria.com\/index.php\/product\/biblia-la-justicia-de-dios-nvi-tapa-dura-nueva-version-internacional\/#breadcrumb"},"inLanguage":"es-CO","potentialAction":[{"@type":"ReadAction","target":["https:\/\/tzionlibreria.com\/index.php\/product\/biblia-la-justicia-de-dios-nvi-tapa-dura-nueva-version-internacional\/"]}]},{"@type":"ImageObject","inLanguage":"es-CO","@id":"https:\/\/tzionlibreria.com\/index.php\/product\/biblia-la-justicia-de-dios-nvi-tapa-dura-nueva-version-internacional\/#primaryimage","url":"https:\/\/tzionlibreria.com\/wp-content\/uploads\/2024\/12\/7.png","contentUrl":"https:\/\/tzionlibreria.com\/wp-content\/uploads\/2024\/12\/7.png","width":1080,"height":1080},{"@type":"BreadcrumbList","@id":"https:\/\/tzionlibreria.com\/index.php\/product\/biblia-la-justicia-de-dios-nvi-tapa-dura-nueva-version-internacional\/#breadcrumb","itemListElement":[{"@type":"ListItem","position":1,"name":"Inicio","item":"https:\/\/tzionlibreria.com\/"},{"@type":"ListItem","position":2,"name":"Shop","item":"https:\/\/tzionlibreria.com\/index.php\/shop\/"},{"@type":"ListItem","position":3,"name":"Biblia La Justicia De Dios NVI Tapa Dura"}]},{"@type":"WebSite","@id":"https:\/\/tzionlibreria.com\/#website","url":"https:\/\/tzionlibreria.com\/","name":"tzionlibreria.com","description":"Libreria Cristiana Venezuela","publisher":{"@id":"https:\/\/tzionlibreria.com\/#organization"},"potentialAction":[{"@type":"SearchAction","target":{"@type":"EntryPoint","urlTemplate":"https:\/\/tzionlibreria.com\/?s={search_term_string}"},"query-input":{"@type":"PropertyValueSpecification","valueRequired":true,"valueName":"search_term_string"}}],"inLanguage":"es-CO"},{"@type":"Organization","@id":"https:\/\/tzionlibreria.com\/#organization","name":"tzionlibreria.com","url":"https:\/\/tzionlibreria.com\/","logo":{"@type":"ImageObject","inLanguage":"es-CO","@id":"https:\/\/tzionlibreria.com\/#\/schema\/logo\/image\/","url":"https:\/\/tzionlibreria.com\/wp-content\/uploads\/2023\/10\/cropped-Cuadricula-scaled-1.jpg","contentUrl":"https:\/\/tzionlibreria.com\/wp-content\/uploads\/2023\/10\/cropped-Cuadricula-scaled-1.jpg","width":2560,"height":2560,"caption":"tzionlibreria.com"},"image":{"@id":"https:\/\/tzionlibreria.com\/#\/schema\/logo\/image\/"}}]}},"jetpack_sharing_enabled":true,"_links":{"self":[{"href":"https:\/\/tzionlibreria.com\/index.php\/wp-json\/wp\/v2\/product\/4440","targetHints":{"allow":["GET"]}}],"collection":[{"href":"https:\/\/tzionlibreria.com\/index.php\/wp-json\/wp\/v2\/product"}],"about":[{"href":"https:\/\/tzionlibreria.com\/index.php\/wp-json\/wp\/v2\/types\/product"}],"replies":[{"embeddable":true,"href":"https:\/\/tzionlibreria.com\/index.php\/wp-json\/wp\/v2\/comments?post=4440"}],"wp:featuredmedia":[{"embeddable":true,"href":"https:\/\/tzionlibreria.com\/index.php\/wp-json\/wp\/v2\/media\/4441"}],"wp:attachment":[{"href":"https:\/\/tzionlibreria.com\/index.php\/wp-json\/wp\/v2\/media?parent=4440"}],"wp:term":[{"taxonomy":"product_brand","embeddable":true,"href":"https:\/\/tzionlibreria.com\/index.php\/wp-json\/wp\/v2\/product_brand?post=4440"},{"taxonomy":"product_cat","embeddable":true,"href":"https:\/\/tzionlibreria.com\/index.php\/wp-json\/wp\/v2\/product_cat?post=4440"},{"taxonomy":"product_tag","embeddable":true,"href":"https:\/\/tzionlibreria.com\/index.php\/wp-json\/wp\/v2\/product_tag?post=4440"}],"curies":[{"name":"wp","href":"https:\/\/api.w.org\/{rel}","templated":true}]}}