{"id":4459,"date":"2024-12-12T02:09:02","date_gmt":"2024-12-12T02:09:02","guid":{"rendered":"https:\/\/tzionlibreria.com\/?post_type=product&#038;p=4459"},"modified":"2025-08-08T20:03:08","modified_gmt":"2025-08-08T20:03:08","slug":"las-grandes-promesas-de-dios-biblia-de-historias-para-ninos","status":"publish","type":"product","link":"https:\/\/tzionlibreria.com\/index.php\/product\/las-grandes-promesas-de-dios-biblia-de-historias-para-ninos\/","title":{"rendered":"Las Grandes Promesas de Dios &#8211; Biblia de Historias para Ni\u00f1os"},"content":{"rendered":"<div id=\"bookDescription_feature_div\" class=\"celwidget\" data-feature-name=\"bookDescription\" data-csa-c-type=\"widget\" data-csa-c-content-id=\"bookDescription\" data-csa-c-slot-id=\"bookDescription_feature_div\" data-csa-c-asin=\"1955182698\" data-csa-c-is-in-initial-active-row=\"false\" data-csa-c-id=\"hfpnyh-uclcvo-ghbnlc-s3o0ij\" data-cel-widget=\"bookDescription_feature_div\">\n<div class=\"a-expander-collapsed-height a-row a-expander-container a-spacing-base a-expander-partial-collapse-container\" data-a-expander-name=\"book_description_expander\" data-a-expander-collapsed-height=\"280\">\n<div class=\"a-expander-content a-expander-partial-collapse-content\" data-expanded=\"false\">\n<div class=\"ast-oembed-container \" style=\"height: 100%;\"><iframe title=\"Biblia de Historias para Ni\u00f1os - Las grandes Promesas de Dios\" width=\"500\" height=\"281\" src=\"https:\/\/www.youtube.com\/embed\/10Qs7U6_m3s?feature=oembed\" frameborder=\"0\" allow=\"accelerometer; autoplay; clipboard-write; encrypted-media; gyroscope; picture-in-picture; web-share\" referrerpolicy=\"strict-origin-when-cross-origin\" allowfullscreen><\/iframe><\/div>\n<p>&nbsp;<\/p>\n<p><strong>Edad Recomendada: 4- 10 a\u00f1os<\/strong><\/p>\n<p>&nbsp;<\/p>\n<p>Al leer o escuchar esta Biblia, los ni\u00f1os peque\u00f1os conocer\u00e1n 92 historias de las Escrituras y la GRAN historia que se desarrolla a lo largo de todas ellas: la historia de c\u00f3mo Dios siempre cumple Sus promesas. Este recorrido incluye: Pentateuco, Historia, Poes\u00eda, Profetas, Evangelios, Hechos, Cartas, Apocalipsis<\/p>\n<p>Con bellas y atractivas ilustraciones y claras narraciones los ni\u00f1os aprender\u00e1n las historias de la Biblia y las relacionar\u00e1n entre s\u00ed. Ver\u00e1s c\u00f3mo descubren por s\u00ed mismos las grandes promesas de Dios y la manera en que Jes\u00fas vino a cumplirlas.<\/p>\n<\/div>\n<\/div>\n<\/div>\n<div id=\"globalStoreInfoBullets_feature_div\" class=\"celwidget\" data-feature-name=\"globalStoreInfoBullets\" data-csa-c-type=\"widget\" data-csa-c-content-id=\"globalStoreInfoBullets\" data-csa-c-slot-id=\"globalStoreInfoBullets_feature_div\" data-csa-c-asin=\"1955182698\" data-csa-c-is-in-initial-active-row=\"false\" data-csa-c-id=\"94kot-d1wine-4i4329-rqb1ag\" data-cel-widget=\"globalStoreInfoBullets_feature_div\"><\/div>\n<div id=\"buyingOptionNostosBadge_feature_div\" class=\"celwidget\" data-feature-name=\"buyingOptionNostosBadge\" data-csa-c-type=\"widget\" data-csa-c-content-id=\"buyingOptionNostosBadge\" data-csa-c-slot-id=\"buyingOptionNostosBadge_feature_div\" data-csa-c-asin=\"1955182698\" data-csa-c-is-in-initial-active-row=\"false\" data-csa-c-id=\"p3m34j-x6fjoj-w4h399-h5vd72\" data-cel-widget=\"buyingOptionNostosBadge_feature_div\">\n<p><strong>ISBN<\/strong>: 9781955182690<\/p>\n<p><strong>Editorial<\/strong>: Poiema<\/p>\n<p><strong>Dimensiones<\/strong>: 165 x 196 x 31 mm<\/p>\n<p><strong>Peso<\/strong>: 0,959kg<\/p>\n<p><strong>Cubierta<\/strong>: Tapa Dura<\/p>\n<p><strong>N\u00famero de p\u00e1ginas<\/strong>: 416<\/p>\n<p><strong>Fecha de lanzamiento<\/strong>: 19.12.2023<\/p>\n<p><strong>Idioma<\/strong>: Espa\u00f1ol<\/p>\n<\/div>\n<div id=\"tellAmazon_feature_div\" class=\"celwidget\" data-feature-name=\"tellAmazon\" data-csa-c-type=\"widget\" data-csa-c-content-id=\"tellAmazon\" data-csa-c-slot-id=\"tellAmazon_feature_div\" data-csa-c-asin=\"1955182698\" data-csa-c-is-in-initial-active-row=\"false\" data-csa-c-id=\"dw2epj-iuf7hm-6wxaf3-en3ba7\" data-cel-widget=\"tellAmazon_feature_div\">\n<div class=\"celwidget c-f\" data-csa-op-log-render=\"\" data-csa-c-content-id=\"DsUnknown\" data-csa-c-slot-id=\"DsUnknown-2\" data-csa-c-type=\"widget\" data-csa-c-painter=\"tell-amazon-desktop-cards\" data-csa-c-id=\"dtz9hf-wxm5m0-qzn3cj-6w9ty9\" data-cel-widget=\"tell-amazon-desktop_DetailPage_1\">\n<div id=\"CardInstancetwpRXpsKZzA_-_UwJ6t6GA\" data-card-metrics-id=\"tell-amazon-desktop_DetailPage_1\" data-acp-tracking=\"{}\" data-mix-claimed=\"true\">\n<div class=\"_tell-amazon-desktop_style_tell_amazon_div__1YDZk\" data-asin=\"1955182698\" data-marketplace=\"ATVPDKIKX0DER\" data-logged-in=\"false\"><\/div>\n<\/div>\n<\/div>\n<\/div>\n","protected":false},"excerpt":{"rendered":"<p>&nbsp; Edad Recomendada: 4- 10 a\u00f1os &nbsp; Al leer o escuchar esta Biblia, los ni\u00f1os peque\u00f1os conocer\u00e1n 92 historias de las Escrituras y la GRAN historia que se desarrolla a lo largo de todas ellas: la historia de c\u00f3mo Dios siempre cumple Sus promesas. Este recorrido incluye: Pentateuco, Historia, Poes\u00eda, Profetas, Evangelios, Hechos, Cartas, Apocalipsis [&hellip;]<\/p>\n","protected":false},"featured_media":4463,"comment_status":"open","ping_status":"closed","template":"","meta":{"om_disable_all_campaigns":false,"_monsterinsights_skip_tracking":false,"_monsterinsights_sitenote_active":false,"_monsterinsights_sitenote_note":"","_monsterinsights_sitenote_category":0,"site-sidebar-layout":"default","site-content-layout":"","ast-site-content-layout":"default","site-content-style":"default","site-sidebar-style":"default","ast-global-header-display":"","ast-banner-title-visibility":"","ast-main-header-display":"","ast-hfb-above-header-display":"","ast-hfb-below-header-display":"","ast-hfb-mobile-header-display":"","site-post-title":"","ast-breadcrumbs-content":"","ast-featured-img":"","footer-sml-layout":"","ast-disable-related-posts":"","theme-transparent-header-meta":"default","adv-header-id-meta":"","stick-header-meta":"","header-above-stick-meta":"","header-main-stick-meta":"","header-below-stick-meta":"","astra-migrate-meta-layouts":"set","ast-page-background-enabled":"default","ast-page-background-meta":{"desktop":{"background-color":"var(--ast-global-color-4)","background-image":"","background-repeat":"repeat","background-position":"center center","background-size":"auto","background-attachment":"scroll","background-type":"","background-media":"","overlay-type":"","overlay-color":"","overlay-opacity":"","overlay-gradient":""},"tablet":{"background-color":"","background-image":"","background-repeat":"repeat","background-position":"center center","background-size":"auto","background-attachment":"scroll","background-type":"","background-media":"","overlay-type":"","overlay-color":"","overlay-opacity":"","overlay-gradient":""},"mobile":{"background-color":"","background-image":"","background-repeat":"repeat","background-position":"center center","background-size":"auto","background-attachment":"scroll","background-type":"","background-media":"","overlay-type":"","overlay-color":"","overlay-opacity":"","overlay-gradient":""}},"ast-content-background-meta":{"desktop":{"background-color":"var(--ast-global-color-5)","background-image":"","background-repeat":"repeat","background-position":"center center","background-size":"auto","background-attachment":"scroll","background-type":"","background-media":"","overlay-type":"","overlay-color":"","overlay-opacity":"","overlay-gradient":""},"tablet":{"background-color":"var(--ast-global-color-5)","background-image":"","background-repeat":"repeat","background-position":"center center","background-size":"auto","background-attachment":"scroll","background-type":"","background-media":"","overlay-type":"","overlay-color":"","overlay-opacity":"","overlay-gradient":""},"mobile":{"background-color":"var(--ast-global-color-5)","background-image":"","background-repeat":"repeat","background-position":"center center","background-size":"auto","background-attachment":"scroll","background-type":"","background-media":"","overlay-type":"","overlay-color":"","overlay-opacity":"","overlay-gradient":""}}},"product_brand":[],"product_cat":[22,38,25],"product_tag":[],"class_list":{"0":"post-4459","1":"product","2":"type-product","3":"status-publish","4":"has-post-thumbnail","6":"product_cat-biblias","7":"product_cat-biblias-de-ninos","8":"product_cat-kids","9":"desktop-align-left","10":"tablet-align-left","11":"mobile-align-left","13":"first","14":"instock","15":"shipping-taxable","16":"purchasable","17":"product-type-simple"},"yoast_head":"<!-- This site is optimized with the Yoast SEO plugin v27.4 - https:\/\/yoast.com\/product\/yoast-seo-wordpress\/ -->\n<title>Las Grandes Promesas de Dios - Biblia de Historias para Ni\u00f1os - tzionlibreria.com<\/title>\n<meta name=\"description\" content=\"Con bellas y atractivas ilustraciones y claras narraciones los ni\u00f1os aprender\u00e1n las historias de la Biblia y las relacionar\u00e1n entre s\u00ed.\" \/>\n<meta name=\"robots\" content=\"index, follow, max-snippet:-1, max-image-preview:large, max-video-preview:-1\" \/>\n<link rel=\"canonical\" href=\"https:\/\/tzionlibreria.com\/index.php\/product\/las-grandes-promesas-de-dios-biblia-de-historias-para-ninos\/\" \/>\n<meta property=\"og:locale\" content=\"es_ES\" \/>\n<meta property=\"og:type\" content=\"article\" \/>\n<meta property=\"og:title\" content=\"Las Grandes Promesas de Dios - Biblia de Historias para Ni\u00f1os - tzionlibreria.com\" \/>\n<meta property=\"og:description\" content=\"Con bellas y atractivas ilustraciones y claras narraciones los ni\u00f1os aprender\u00e1n las historias de la Biblia y las relacionar\u00e1n entre s\u00ed.\" \/>\n<meta property=\"og:url\" content=\"https:\/\/tzionlibreria.com\/index.php\/product\/las-grandes-promesas-de-dios-biblia-de-historias-para-ninos\/\" \/>\n<meta property=\"og:site_name\" content=\"tzionlibreria.com\" \/>\n<meta property=\"article:modified_time\" content=\"2025-08-08T20:03:08+00:00\" \/>\n<meta property=\"og:image\" content=\"http:\/\/tzionlibreria.com\/wp-content\/uploads\/2024\/12\/promesasd.png\" \/>\n\t<meta property=\"og:image:width\" content=\"1080\" \/>\n\t<meta property=\"og:image:height\" content=\"1080\" \/>\n\t<meta property=\"og:image:type\" content=\"image\/png\" \/>\n<meta name=\"twitter:card\" content=\"summary_large_image\" \/>\n<meta name=\"twitter:label1\" content=\"Tiempo de lectura\" \/>\n\t<meta name=\"twitter:data1\" content=\"1 minuto\" \/>\n<script type=\"application\/ld+json\" class=\"yoast-schema-graph\">{\"@context\":\"https:\\\/\\\/schema.org\",\"@graph\":[{\"@type\":\"WebPage\",\"@id\":\"https:\\\/\\\/tzionlibreria.com\\\/index.php\\\/product\\\/las-grandes-promesas-de-dios-biblia-de-historias-para-ninos\\\/\",\"url\":\"https:\\\/\\\/tzionlibreria.com\\\/index.php\\\/product\\\/las-grandes-promesas-de-dios-biblia-de-historias-para-ninos\\\/\",\"name\":\"Las Grandes Promesas de Dios - Biblia de Historias para Ni\u00f1os - tzionlibreria.com\",\"isPartOf\":{\"@id\":\"https:\\\/\\\/tzionlibreria.com\\\/#website\"},\"primaryImageOfPage\":{\"@id\":\"https:\\\/\\\/tzionlibreria.com\\\/index.php\\\/product\\\/las-grandes-promesas-de-dios-biblia-de-historias-para-ninos\\\/#primaryimage\"},\"image\":{\"@id\":\"https:\\\/\\\/tzionlibreria.com\\\/index.php\\\/product\\\/las-grandes-promesas-de-dios-biblia-de-historias-para-ninos\\\/#primaryimage\"},\"thumbnailUrl\":\"https:\\\/\\\/tzionlibreria.com\\\/wp-content\\\/uploads\\\/2024\\\/12\\\/promesasd.png\",\"datePublished\":\"2024-12-12T02:09:02+00:00\",\"dateModified\":\"2025-08-08T20:03:08+00:00\",\"description\":\"Con bellas y atractivas ilustraciones y claras narraciones los ni\u00f1os aprender\u00e1n las historias de la Biblia y las relacionar\u00e1n entre s\u00ed.\",\"breadcrumb\":{\"@id\":\"https:\\\/\\\/tzionlibreria.com\\\/index.php\\\/product\\\/las-grandes-promesas-de-dios-biblia-de-historias-para-ninos\\\/#breadcrumb\"},\"inLanguage\":\"es-CO\",\"potentialAction\":[{\"@type\":\"ReadAction\",\"target\":[\"https:\\\/\\\/tzionlibreria.com\\\/index.php\\\/product\\\/las-grandes-promesas-de-dios-biblia-de-historias-para-ninos\\\/\"]}]},{\"@type\":\"ImageObject\",\"inLanguage\":\"es-CO\",\"@id\":\"https:\\\/\\\/tzionlibreria.com\\\/index.php\\\/product\\\/las-grandes-promesas-de-dios-biblia-de-historias-para-ninos\\\/#primaryimage\",\"url\":\"https:\\\/\\\/tzionlibreria.com\\\/wp-content\\\/uploads\\\/2024\\\/12\\\/promesasd.png\",\"contentUrl\":\"https:\\\/\\\/tzionlibreria.com\\\/wp-content\\\/uploads\\\/2024\\\/12\\\/promesasd.png\",\"width\":1080,\"height\":1080},{\"@type\":\"BreadcrumbList\",\"@id\":\"https:\\\/\\\/tzionlibreria.com\\\/index.php\\\/product\\\/las-grandes-promesas-de-dios-biblia-de-historias-para-ninos\\\/#breadcrumb\",\"itemListElement\":[{\"@type\":\"ListItem\",\"position\":1,\"name\":\"Inicio\",\"item\":\"https:\\\/\\\/tzionlibreria.com\\\/\"},{\"@type\":\"ListItem\",\"position\":2,\"name\":\"Shop\",\"item\":\"https:\\\/\\\/tzionlibreria.com\\\/index.php\\\/shop\\\/\"},{\"@type\":\"ListItem\",\"position\":3,\"name\":\"Las Grandes Promesas de Dios &#8211; Biblia de Historias para Ni\u00f1os\"}]},{\"@type\":\"WebSite\",\"@id\":\"https:\\\/\\\/tzionlibreria.com\\\/#website\",\"url\":\"https:\\\/\\\/tzionlibreria.com\\\/\",\"name\":\"tzionlibreria.com\",\"description\":\"Libreria Cristiana Venezuela\",\"publisher\":{\"@id\":\"https:\\\/\\\/tzionlibreria.com\\\/#organization\"},\"potentialAction\":[{\"@type\":\"SearchAction\",\"target\":{\"@type\":\"EntryPoint\",\"urlTemplate\":\"https:\\\/\\\/tzionlibreria.com\\\/?s={search_term_string}\"},\"query-input\":{\"@type\":\"PropertyValueSpecification\",\"valueRequired\":true,\"valueName\":\"search_term_string\"}}],\"inLanguage\":\"es-CO\"},{\"@type\":\"Organization\",\"@id\":\"https:\\\/\\\/tzionlibreria.com\\\/#organization\",\"name\":\"tzionlibreria.com\",\"url\":\"https:\\\/\\\/tzionlibreria.com\\\/\",\"logo\":{\"@type\":\"ImageObject\",\"inLanguage\":\"es-CO\",\"@id\":\"https:\\\/\\\/tzionlibreria.com\\\/#\\\/schema\\\/logo\\\/image\\\/\",\"url\":\"https:\\\/\\\/tzionlibreria.com\\\/wp-content\\\/uploads\\\/2023\\\/10\\\/cropped-Cuadricula-scaled-1.jpg\",\"contentUrl\":\"https:\\\/\\\/tzionlibreria.com\\\/wp-content\\\/uploads\\\/2023\\\/10\\\/cropped-Cuadricula-scaled-1.jpg\",\"width\":2560,\"height\":2560,\"caption\":\"tzionlibreria.com\"},\"image\":{\"@id\":\"https:\\\/\\\/tzionlibreria.com\\\/#\\\/schema\\\/logo\\\/image\\\/\"}}]}<\/script>\n<!-- \/ Yoast SEO plugin. -->","yoast_head_json":{"title":"Las Grandes Promesas de Dios - Biblia de Historias para Ni\u00f1os - tzionlibreria.com","description":"Con bellas y atractivas ilustraciones y claras narraciones los ni\u00f1os aprender\u00e1n las historias de la Biblia y las relacionar\u00e1n entre s\u00ed.","robots":{"index":"index","follow":"follow","max-snippet":"max-snippet:-1","max-image-preview":"max-image-preview:large","max-video-preview":"max-video-preview:-1"},"canonical":"https:\/\/tzionlibreria.com\/index.php\/product\/las-grandes-promesas-de-dios-biblia-de-historias-para-ninos\/","og_locale":"es_ES","og_type":"article","og_title":"Las Grandes Promesas de Dios - Biblia de Historias para Ni\u00f1os - tzionlibreria.com","og_description":"Con bellas y atractivas ilustraciones y claras narraciones los ni\u00f1os aprender\u00e1n las historias de la Biblia y las relacionar\u00e1n entre s\u00ed.","og_url":"https:\/\/tzionlibreria.com\/index.php\/product\/las-grandes-promesas-de-dios-biblia-de-historias-para-ninos\/","og_site_name":"tzionlibreria.com","article_modified_time":"2025-08-08T20:03:08+00:00","og_image":[{"width":1080,"height":1080,"url":"http:\/\/tzionlibreria.com\/wp-content\/uploads\/2024\/12\/promesasd.png","type":"image\/png"}],"twitter_card":"summary_large_image","twitter_misc":{"Tiempo de lectura":"1 minuto"},"schema":{"@context":"https:\/\/schema.org","@graph":[{"@type":"WebPage","@id":"https:\/\/tzionlibreria.com\/index.php\/product\/las-grandes-promesas-de-dios-biblia-de-historias-para-ninos\/","url":"https:\/\/tzionlibreria.com\/index.php\/product\/las-grandes-promesas-de-dios-biblia-de-historias-para-ninos\/","name":"Las Grandes Promesas de Dios - Biblia de Historias para Ni\u00f1os - tzionlibreria.com","isPartOf":{"@id":"https:\/\/tzionlibreria.com\/#website"},"primaryImageOfPage":{"@id":"https:\/\/tzionlibreria.com\/index.php\/product\/las-grandes-promesas-de-dios-biblia-de-historias-para-ninos\/#primaryimage"},"image":{"@id":"https:\/\/tzionlibreria.com\/index.php\/product\/las-grandes-promesas-de-dios-biblia-de-historias-para-ninos\/#primaryimage"},"thumbnailUrl":"https:\/\/tzionlibreria.com\/wp-content\/uploads\/2024\/12\/promesasd.png","datePublished":"2024-12-12T02:09:02+00:00","dateModified":"2025-08-08T20:03:08+00:00","description":"Con bellas y atractivas ilustraciones y claras narraciones los ni\u00f1os aprender\u00e1n las historias de la Biblia y las relacionar\u00e1n entre s\u00ed.","breadcrumb":{"@id":"https:\/\/tzionlibreria.com\/index.php\/product\/las-grandes-promesas-de-dios-biblia-de-historias-para-ninos\/#breadcrumb"},"inLanguage":"es-CO","potentialAction":[{"@type":"ReadAction","target":["https:\/\/tzionlibreria.com\/index.php\/product\/las-grandes-promesas-de-dios-biblia-de-historias-para-ninos\/"]}]},{"@type":"ImageObject","inLanguage":"es-CO","@id":"https:\/\/tzionlibreria.com\/index.php\/product\/las-grandes-promesas-de-dios-biblia-de-historias-para-ninos\/#primaryimage","url":"https:\/\/tzionlibreria.com\/wp-content\/uploads\/2024\/12\/promesasd.png","contentUrl":"https:\/\/tzionlibreria.com\/wp-content\/uploads\/2024\/12\/promesasd.png","width":1080,"height":1080},{"@type":"BreadcrumbList","@id":"https:\/\/tzionlibreria.com\/index.php\/product\/las-grandes-promesas-de-dios-biblia-de-historias-para-ninos\/#breadcrumb","itemListElement":[{"@type":"ListItem","position":1,"name":"Inicio","item":"https:\/\/tzionlibreria.com\/"},{"@type":"ListItem","position":2,"name":"Shop","item":"https:\/\/tzionlibreria.com\/index.php\/shop\/"},{"@type":"ListItem","position":3,"name":"Las Grandes Promesas de Dios &#8211; Biblia de Historias para Ni\u00f1os"}]},{"@type":"WebSite","@id":"https:\/\/tzionlibreria.com\/#website","url":"https:\/\/tzionlibreria.com\/","name":"tzionlibreria.com","description":"Libreria Cristiana Venezuela","publisher":{"@id":"https:\/\/tzionlibreria.com\/#organization"},"potentialAction":[{"@type":"SearchAction","target":{"@type":"EntryPoint","urlTemplate":"https:\/\/tzionlibreria.com\/?s={search_term_string}"},"query-input":{"@type":"PropertyValueSpecification","valueRequired":true,"valueName":"search_term_string"}}],"inLanguage":"es-CO"},{"@type":"Organization","@id":"https:\/\/tzionlibreria.com\/#organization","name":"tzionlibreria.com","url":"https:\/\/tzionlibreria.com\/","logo":{"@type":"ImageObject","inLanguage":"es-CO","@id":"https:\/\/tzionlibreria.com\/#\/schema\/logo\/image\/","url":"https:\/\/tzionlibreria.com\/wp-content\/uploads\/2023\/10\/cropped-Cuadricula-scaled-1.jpg","contentUrl":"https:\/\/tzionlibreria.com\/wp-content\/uploads\/2023\/10\/cropped-Cuadricula-scaled-1.jpg","width":2560,"height":2560,"caption":"tzionlibreria.com"},"image":{"@id":"https:\/\/tzionlibreria.com\/#\/schema\/logo\/image\/"}}]}},"jetpack_sharing_enabled":true,"_links":{"self":[{"href":"https:\/\/tzionlibreria.com\/index.php\/wp-json\/wp\/v2\/product\/4459","targetHints":{"allow":["GET"]}}],"collection":[{"href":"https:\/\/tzionlibreria.com\/index.php\/wp-json\/wp\/v2\/product"}],"about":[{"href":"https:\/\/tzionlibreria.com\/index.php\/wp-json\/wp\/v2\/types\/product"}],"replies":[{"embeddable":true,"href":"https:\/\/tzionlibreria.com\/index.php\/wp-json\/wp\/v2\/comments?post=4459"}],"wp:featuredmedia":[{"embeddable":true,"href":"https:\/\/tzionlibreria.com\/index.php\/wp-json\/wp\/v2\/media\/4463"}],"wp:attachment":[{"href":"https:\/\/tzionlibreria.com\/index.php\/wp-json\/wp\/v2\/media?parent=4459"}],"wp:term":[{"taxonomy":"product_brand","embeddable":true,"href":"https:\/\/tzionlibreria.com\/index.php\/wp-json\/wp\/v2\/product_brand?post=4459"},{"taxonomy":"product_cat","embeddable":true,"href":"https:\/\/tzionlibreria.com\/index.php\/wp-json\/wp\/v2\/product_cat?post=4459"},{"taxonomy":"product_tag","embeddable":true,"href":"https:\/\/tzionlibreria.com\/index.php\/wp-json\/wp\/v2\/product_tag?post=4459"}],"curies":[{"name":"wp","href":"https:\/\/api.w.org\/{rel}","templated":true}]}}