{"id":4464,"date":"2024-12-12T02:25:47","date_gmt":"2024-12-12T02:25:47","guid":{"rendered":"https:\/\/tzionlibreria.com\/?post_type=product&#038;p=4464"},"modified":"2025-11-26T18:10:27","modified_gmt":"2025-11-26T18:10:27","slug":"buenas-noches-dios-tapa-dura-con-manija","status":"publish","type":"product","link":"https:\/\/tzionlibreria.com\/index.php\/product\/buenas-noches-dios-tapa-dura-con-manija\/","title":{"rendered":"Buenas noches, Dios\u00a0&#8211; Tapa dura con manija"},"content":{"rendered":"<div class=\"ast-oembed-container \" style=\"height: 100%;\"><iframe title=\"Buenas Noches Dios\" width=\"500\" height=\"281\" src=\"https:\/\/www.youtube.com\/embed\/G8Lvov0Sheg?feature=oembed\" frameborder=\"0\" allow=\"accelerometer; autoplay; clipboard-write; encrypted-media; gyroscope; picture-in-picture; web-share\" referrerpolicy=\"strict-origin-when-cross-origin\" allowfullscreen><\/iframe><\/div>\n<p>&nbsp;<\/p>\n<p><strong>EDAD RECOMENDADA:\u00a0 2 a 4 a\u00f1os<\/strong><\/p>\n<p>-Este libro contiene nueve historias b\u00edblicas a todo color para leer cada noche a los ni\u00f1os de m\u00e1s de dos a\u00f1os.<\/p>\n<p>-Cada p\u00e1gina es de textura gruesa y la cubierta acolchonada. La portada brilla en la oscuridad para ayudar al ni\u00f1o a dormir con su luz apagada.<\/p>\n<p>-El libro tiene manija para que los ni\u00f1os lo puedan llevar sin problema. <em><strong>Buenas noches, Dios\u00a0<\/strong><\/em>es la lectura perfecta para antes de dormir. Cada una de estas conocidas historias de la Biblia condensada en un texto de f\u00e1cil comprensi\u00f3n para los m\u00e1s peque\u00f1os del hogar, termina dando las buenas noches a todos los personajes que aparecen en ella.<\/p>\n<p>&nbsp;<\/p>\n<ul class=\"samurai-product-attrs p-0\">\n<li><span class=\"attr-name\">Tipo Tapa\u00a0<\/span>:\u00a0<span class=\"attr-description\">DURA ACOLCHADA\u00a0<\/span><\/li>\n<li><span class=\"attr-name\">P\u00e1ginas <\/span>:\u00a0<span class=\"attr-description\">39\u00a0<\/span><\/li>\n<li><span class=\"attr-name\">Tipo de hoja\u00a0<\/span>:\u00a0<span class=\"attr-description\">CART\u00d3N DURO\u00a0<\/span><\/li>\n<li><span class=\"attr-name\">Autor\u00a0<\/span>:\u00a0<span class=\"attr-description\">JACOB VIUM\u00a0<\/span><\/li>\n<li><span class=\"attr-name\">Edad\u00a0<\/span>: 2 a 4 a\u00f1os<\/li>\n<li class=\"product-size\"><span class=\"attr-size\">Alto<\/span>\u00a0:\u00a03cm<\/li>\n<li class=\"product-size\"><span class=\"attr-size\">Ancho<\/span>\u00a0:\u00a016cm<\/li>\n<li class=\"product-size\"><span class=\"attr-size\">Largo<\/span>\u00a0:\u00a018cm<\/li>\n<li class=\"product-weight\"><span class=\"attr-weight\">Peso<\/span>\u00a0:\u00a00.54Kg<\/li>\n<li>ISBN: 9780311380442<\/li>\n<li>Editorial: Mundo Hispano<\/li>\n<\/ul>\n","protected":false},"excerpt":{"rendered":"<p>&nbsp; EDAD RECOMENDADA:\u00a0 2 a 4 a\u00f1os -Este libro contiene nueve historias b\u00edblicas a todo color para leer cada noche a los ni\u00f1os de m\u00e1s de dos a\u00f1os. -Cada p\u00e1gina es de textura gruesa y la cubierta acolchonada. La portada brilla en la oscuridad para ayudar al ni\u00f1o a dormir con su luz apagada. -El [&hellip;]<\/p>\n","protected":false},"featured_media":4465,"comment_status":"open","ping_status":"closed","template":"","meta":{"om_disable_all_campaigns":false,"_monsterinsights_skip_tracking":false,"_monsterinsights_sitenote_active":false,"_monsterinsights_sitenote_note":"","_monsterinsights_sitenote_category":0,"site-sidebar-layout":"default","site-content-layout":"","ast-site-content-layout":"default","site-content-style":"default","site-sidebar-style":"default","ast-global-header-display":"","ast-banner-title-visibility":"","ast-main-header-display":"","ast-hfb-above-header-display":"","ast-hfb-below-header-display":"","ast-hfb-mobile-header-display":"","site-post-title":"","ast-breadcrumbs-content":"","ast-featured-img":"","footer-sml-layout":"","ast-disable-related-posts":"","theme-transparent-header-meta":"default","adv-header-id-meta":"","stick-header-meta":"","header-above-stick-meta":"","header-main-stick-meta":"","header-below-stick-meta":"","astra-migrate-meta-layouts":"set","ast-page-background-enabled":"default","ast-page-background-meta":{"desktop":{"background-color":"var(--ast-global-color-4)","background-image":"","background-repeat":"repeat","background-position":"center center","background-size":"auto","background-attachment":"scroll","background-type":"","background-media":"","overlay-type":"","overlay-color":"","overlay-opacity":"","overlay-gradient":""},"tablet":{"background-color":"","background-image":"","background-repeat":"repeat","background-position":"center center","background-size":"auto","background-attachment":"scroll","background-type":"","background-media":"","overlay-type":"","overlay-color":"","overlay-opacity":"","overlay-gradient":""},"mobile":{"background-color":"","background-image":"","background-repeat":"repeat","background-position":"center center","background-size":"auto","background-attachment":"scroll","background-type":"","background-media":"","overlay-type":"","overlay-color":"","overlay-opacity":"","overlay-gradient":""}},"ast-content-background-meta":{"desktop":{"background-color":"var(--ast-global-color-5)","background-image":"","background-repeat":"repeat","background-position":"center center","background-size":"auto","background-attachment":"scroll","background-type":"","background-media":"","overlay-type":"","overlay-color":"","overlay-opacity":"","overlay-gradient":""},"tablet":{"background-color":"var(--ast-global-color-5)","background-image":"","background-repeat":"repeat","background-position":"center center","background-size":"auto","background-attachment":"scroll","background-type":"","background-media":"","overlay-type":"","overlay-color":"","overlay-opacity":"","overlay-gradient":""},"mobile":{"background-color":"var(--ast-global-color-5)","background-image":"","background-repeat":"repeat","background-position":"center center","background-size":"auto","background-attachment":"scroll","background-type":"","background-media":"","overlay-type":"","overlay-color":"","overlay-opacity":"","overlay-gradient":""}}},"product_brand":[],"product_cat":[38,25,209],"product_tag":[],"class_list":{"0":"post-4464","1":"product","2":"type-product","3":"status-publish","4":"has-post-thumbnail","6":"product_cat-biblias-de-ninos","7":"product_cat-kids","8":"product_cat-libros-kids","9":"desktop-align-left","10":"tablet-align-left","11":"mobile-align-left","13":"first","14":"outofstock","15":"shipping-taxable","16":"purchasable","17":"product-type-simple"},"yoast_head":"<!-- This site is optimized with the Yoast SEO plugin v27.4 - https:\/\/yoast.com\/product\/yoast-seo-wordpress\/ -->\n<title>Buenas noches, Dios\u00a0- Tapa dura con manija - tzionlibreria.com<\/title>\n<meta name=\"description\" content=\"Este libro contiene nueve historias b\u00edblicas a todo color para leer cada noche a los ni\u00f1os con edad de 2 a 5 a\u00f1os. Con manilla, f\u00e1cil de llevar.\" \/>\n<meta name=\"robots\" content=\"index, follow, max-snippet:-1, max-image-preview:large, max-video-preview:-1\" \/>\n<link rel=\"canonical\" href=\"https:\/\/tzionlibreria.com\/index.php\/product\/buenas-noches-dios-tapa-dura-con-manija\/\" \/>\n<meta property=\"og:locale\" content=\"es_ES\" \/>\n<meta property=\"og:type\" content=\"article\" \/>\n<meta property=\"og:title\" content=\"Buenas noches, Dios\u00a0- Tapa dura con manija - tzionlibreria.com\" \/>\n<meta property=\"og:description\" content=\"Este libro contiene nueve historias b\u00edblicas a todo color para leer cada noche a los ni\u00f1os con edad de 2 a 5 a\u00f1os. Con manilla, f\u00e1cil de llevar.\" \/>\n<meta property=\"og:url\" content=\"https:\/\/tzionlibreria.com\/index.php\/product\/buenas-noches-dios-tapa-dura-con-manija\/\" \/>\n<meta property=\"og:site_name\" content=\"tzionlibreria.com\" \/>\n<meta property=\"article:modified_time\" content=\"2025-11-26T18:10:27+00:00\" \/>\n<meta property=\"og:image\" content=\"http:\/\/tzionlibreria.com\/wp-content\/uploads\/2024\/12\/11.png\" \/>\n\t<meta property=\"og:image:width\" content=\"1080\" \/>\n\t<meta property=\"og:image:height\" content=\"1080\" \/>\n\t<meta property=\"og:image:type\" content=\"image\/png\" \/>\n<meta name=\"twitter:card\" content=\"summary_large_image\" \/>\n<meta name=\"twitter:label1\" content=\"Tiempo de lectura\" \/>\n\t<meta name=\"twitter:data1\" content=\"1 minuto\" \/>\n<script type=\"application\/ld+json\" class=\"yoast-schema-graph\">{\"@context\":\"https:\\\/\\\/schema.org\",\"@graph\":[{\"@type\":\"WebPage\",\"@id\":\"https:\\\/\\\/tzionlibreria.com\\\/index.php\\\/product\\\/buenas-noches-dios-tapa-dura-con-manija\\\/\",\"url\":\"https:\\\/\\\/tzionlibreria.com\\\/index.php\\\/product\\\/buenas-noches-dios-tapa-dura-con-manija\\\/\",\"name\":\"Buenas noches, Dios\u00a0- Tapa dura con manija - tzionlibreria.com\",\"isPartOf\":{\"@id\":\"https:\\\/\\\/tzionlibreria.com\\\/#website\"},\"primaryImageOfPage\":{\"@id\":\"https:\\\/\\\/tzionlibreria.com\\\/index.php\\\/product\\\/buenas-noches-dios-tapa-dura-con-manija\\\/#primaryimage\"},\"image\":{\"@id\":\"https:\\\/\\\/tzionlibreria.com\\\/index.php\\\/product\\\/buenas-noches-dios-tapa-dura-con-manija\\\/#primaryimage\"},\"thumbnailUrl\":\"https:\\\/\\\/tzionlibreria.com\\\/wp-content\\\/uploads\\\/2024\\\/12\\\/11.png\",\"datePublished\":\"2024-12-12T02:25:47+00:00\",\"dateModified\":\"2025-11-26T18:10:27+00:00\",\"description\":\"Este libro contiene nueve historias b\u00edblicas a todo color para leer cada noche a los ni\u00f1os con edad de 2 a 5 a\u00f1os. Con manilla, f\u00e1cil de llevar.\",\"breadcrumb\":{\"@id\":\"https:\\\/\\\/tzionlibreria.com\\\/index.php\\\/product\\\/buenas-noches-dios-tapa-dura-con-manija\\\/#breadcrumb\"},\"inLanguage\":\"es-CO\",\"potentialAction\":[{\"@type\":\"ReadAction\",\"target\":[\"https:\\\/\\\/tzionlibreria.com\\\/index.php\\\/product\\\/buenas-noches-dios-tapa-dura-con-manija\\\/\"]}]},{\"@type\":\"ImageObject\",\"inLanguage\":\"es-CO\",\"@id\":\"https:\\\/\\\/tzionlibreria.com\\\/index.php\\\/product\\\/buenas-noches-dios-tapa-dura-con-manija\\\/#primaryimage\",\"url\":\"https:\\\/\\\/tzionlibreria.com\\\/wp-content\\\/uploads\\\/2024\\\/12\\\/11.png\",\"contentUrl\":\"https:\\\/\\\/tzionlibreria.com\\\/wp-content\\\/uploads\\\/2024\\\/12\\\/11.png\",\"width\":1080,\"height\":1080},{\"@type\":\"BreadcrumbList\",\"@id\":\"https:\\\/\\\/tzionlibreria.com\\\/index.php\\\/product\\\/buenas-noches-dios-tapa-dura-con-manija\\\/#breadcrumb\",\"itemListElement\":[{\"@type\":\"ListItem\",\"position\":1,\"name\":\"Inicio\",\"item\":\"https:\\\/\\\/tzionlibreria.com\\\/\"},{\"@type\":\"ListItem\",\"position\":2,\"name\":\"Shop\",\"item\":\"https:\\\/\\\/tzionlibreria.com\\\/index.php\\\/shop\\\/\"},{\"@type\":\"ListItem\",\"position\":3,\"name\":\"Buenas noches, Dios\u00a0&#8211; Tapa dura con manija\"}]},{\"@type\":\"WebSite\",\"@id\":\"https:\\\/\\\/tzionlibreria.com\\\/#website\",\"url\":\"https:\\\/\\\/tzionlibreria.com\\\/\",\"name\":\"tzionlibreria.com\",\"description\":\"Libreria Cristiana Venezuela\",\"publisher\":{\"@id\":\"https:\\\/\\\/tzionlibreria.com\\\/#organization\"},\"potentialAction\":[{\"@type\":\"SearchAction\",\"target\":{\"@type\":\"EntryPoint\",\"urlTemplate\":\"https:\\\/\\\/tzionlibreria.com\\\/?s={search_term_string}\"},\"query-input\":{\"@type\":\"PropertyValueSpecification\",\"valueRequired\":true,\"valueName\":\"search_term_string\"}}],\"inLanguage\":\"es-CO\"},{\"@type\":\"Organization\",\"@id\":\"https:\\\/\\\/tzionlibreria.com\\\/#organization\",\"name\":\"tzionlibreria.com\",\"url\":\"https:\\\/\\\/tzionlibreria.com\\\/\",\"logo\":{\"@type\":\"ImageObject\",\"inLanguage\":\"es-CO\",\"@id\":\"https:\\\/\\\/tzionlibreria.com\\\/#\\\/schema\\\/logo\\\/image\\\/\",\"url\":\"https:\\\/\\\/tzionlibreria.com\\\/wp-content\\\/uploads\\\/2023\\\/10\\\/cropped-Cuadricula-scaled-1.jpg\",\"contentUrl\":\"https:\\\/\\\/tzionlibreria.com\\\/wp-content\\\/uploads\\\/2023\\\/10\\\/cropped-Cuadricula-scaled-1.jpg\",\"width\":2560,\"height\":2560,\"caption\":\"tzionlibreria.com\"},\"image\":{\"@id\":\"https:\\\/\\\/tzionlibreria.com\\\/#\\\/schema\\\/logo\\\/image\\\/\"}}]}<\/script>\n<!-- \/ Yoast SEO plugin. -->","yoast_head_json":{"title":"Buenas noches, Dios\u00a0- Tapa dura con manija - tzionlibreria.com","description":"Este libro contiene nueve historias b\u00edblicas a todo color para leer cada noche a los ni\u00f1os con edad de 2 a 5 a\u00f1os. Con manilla, f\u00e1cil de llevar.","robots":{"index":"index","follow":"follow","max-snippet":"max-snippet:-1","max-image-preview":"max-image-preview:large","max-video-preview":"max-video-preview:-1"},"canonical":"https:\/\/tzionlibreria.com\/index.php\/product\/buenas-noches-dios-tapa-dura-con-manija\/","og_locale":"es_ES","og_type":"article","og_title":"Buenas noches, Dios\u00a0- Tapa dura con manija - tzionlibreria.com","og_description":"Este libro contiene nueve historias b\u00edblicas a todo color para leer cada noche a los ni\u00f1os con edad de 2 a 5 a\u00f1os. Con manilla, f\u00e1cil de llevar.","og_url":"https:\/\/tzionlibreria.com\/index.php\/product\/buenas-noches-dios-tapa-dura-con-manija\/","og_site_name":"tzionlibreria.com","article_modified_time":"2025-11-26T18:10:27+00:00","og_image":[{"width":1080,"height":1080,"url":"http:\/\/tzionlibreria.com\/wp-content\/uploads\/2024\/12\/11.png","type":"image\/png"}],"twitter_card":"summary_large_image","twitter_misc":{"Tiempo de lectura":"1 minuto"},"schema":{"@context":"https:\/\/schema.org","@graph":[{"@type":"WebPage","@id":"https:\/\/tzionlibreria.com\/index.php\/product\/buenas-noches-dios-tapa-dura-con-manija\/","url":"https:\/\/tzionlibreria.com\/index.php\/product\/buenas-noches-dios-tapa-dura-con-manija\/","name":"Buenas noches, Dios\u00a0- Tapa dura con manija - tzionlibreria.com","isPartOf":{"@id":"https:\/\/tzionlibreria.com\/#website"},"primaryImageOfPage":{"@id":"https:\/\/tzionlibreria.com\/index.php\/product\/buenas-noches-dios-tapa-dura-con-manija\/#primaryimage"},"image":{"@id":"https:\/\/tzionlibreria.com\/index.php\/product\/buenas-noches-dios-tapa-dura-con-manija\/#primaryimage"},"thumbnailUrl":"https:\/\/tzionlibreria.com\/wp-content\/uploads\/2024\/12\/11.png","datePublished":"2024-12-12T02:25:47+00:00","dateModified":"2025-11-26T18:10:27+00:00","description":"Este libro contiene nueve historias b\u00edblicas a todo color para leer cada noche a los ni\u00f1os con edad de 2 a 5 a\u00f1os. Con manilla, f\u00e1cil de llevar.","breadcrumb":{"@id":"https:\/\/tzionlibreria.com\/index.php\/product\/buenas-noches-dios-tapa-dura-con-manija\/#breadcrumb"},"inLanguage":"es-CO","potentialAction":[{"@type":"ReadAction","target":["https:\/\/tzionlibreria.com\/index.php\/product\/buenas-noches-dios-tapa-dura-con-manija\/"]}]},{"@type":"ImageObject","inLanguage":"es-CO","@id":"https:\/\/tzionlibreria.com\/index.php\/product\/buenas-noches-dios-tapa-dura-con-manija\/#primaryimage","url":"https:\/\/tzionlibreria.com\/wp-content\/uploads\/2024\/12\/11.png","contentUrl":"https:\/\/tzionlibreria.com\/wp-content\/uploads\/2024\/12\/11.png","width":1080,"height":1080},{"@type":"BreadcrumbList","@id":"https:\/\/tzionlibreria.com\/index.php\/product\/buenas-noches-dios-tapa-dura-con-manija\/#breadcrumb","itemListElement":[{"@type":"ListItem","position":1,"name":"Inicio","item":"https:\/\/tzionlibreria.com\/"},{"@type":"ListItem","position":2,"name":"Shop","item":"https:\/\/tzionlibreria.com\/index.php\/shop\/"},{"@type":"ListItem","position":3,"name":"Buenas noches, Dios\u00a0&#8211; Tapa dura con manija"}]},{"@type":"WebSite","@id":"https:\/\/tzionlibreria.com\/#website","url":"https:\/\/tzionlibreria.com\/","name":"tzionlibreria.com","description":"Libreria Cristiana Venezuela","publisher":{"@id":"https:\/\/tzionlibreria.com\/#organization"},"potentialAction":[{"@type":"SearchAction","target":{"@type":"EntryPoint","urlTemplate":"https:\/\/tzionlibreria.com\/?s={search_term_string}"},"query-input":{"@type":"PropertyValueSpecification","valueRequired":true,"valueName":"search_term_string"}}],"inLanguage":"es-CO"},{"@type":"Organization","@id":"https:\/\/tzionlibreria.com\/#organization","name":"tzionlibreria.com","url":"https:\/\/tzionlibreria.com\/","logo":{"@type":"ImageObject","inLanguage":"es-CO","@id":"https:\/\/tzionlibreria.com\/#\/schema\/logo\/image\/","url":"https:\/\/tzionlibreria.com\/wp-content\/uploads\/2023\/10\/cropped-Cuadricula-scaled-1.jpg","contentUrl":"https:\/\/tzionlibreria.com\/wp-content\/uploads\/2023\/10\/cropped-Cuadricula-scaled-1.jpg","width":2560,"height":2560,"caption":"tzionlibreria.com"},"image":{"@id":"https:\/\/tzionlibreria.com\/#\/schema\/logo\/image\/"}}]}},"jetpack_sharing_enabled":true,"_links":{"self":[{"href":"https:\/\/tzionlibreria.com\/index.php\/wp-json\/wp\/v2\/product\/4464","targetHints":{"allow":["GET"]}}],"collection":[{"href":"https:\/\/tzionlibreria.com\/index.php\/wp-json\/wp\/v2\/product"}],"about":[{"href":"https:\/\/tzionlibreria.com\/index.php\/wp-json\/wp\/v2\/types\/product"}],"replies":[{"embeddable":true,"href":"https:\/\/tzionlibreria.com\/index.php\/wp-json\/wp\/v2\/comments?post=4464"}],"wp:featuredmedia":[{"embeddable":true,"href":"https:\/\/tzionlibreria.com\/index.php\/wp-json\/wp\/v2\/media\/4465"}],"wp:attachment":[{"href":"https:\/\/tzionlibreria.com\/index.php\/wp-json\/wp\/v2\/media?parent=4464"}],"wp:term":[{"taxonomy":"product_brand","embeddable":true,"href":"https:\/\/tzionlibreria.com\/index.php\/wp-json\/wp\/v2\/product_brand?post=4464"},{"taxonomy":"product_cat","embeddable":true,"href":"https:\/\/tzionlibreria.com\/index.php\/wp-json\/wp\/v2\/product_cat?post=4464"},{"taxonomy":"product_tag","embeddable":true,"href":"https:\/\/tzionlibreria.com\/index.php\/wp-json\/wp\/v2\/product_tag?post=4464"}],"curies":[{"name":"wp","href":"https:\/\/api.w.org\/{rel}","templated":true}]}}