{"id":447,"date":"2023-10-07T01:55:04","date_gmt":"2023-10-07T01:55:04","guid":{"rendered":"https:\/\/tzionlibreria.com\/?post_type=product&#038;p=447"},"modified":"2024-03-16T00:01:33","modified_gmt":"2024-03-16T00:01:33","slug":"biblia-para-pequenos-lectores-edicion-de-ninos-tapa-dura","status":"publish","type":"product","link":"https:\/\/tzionlibreria.com\/index.php\/product\/biblia-para-pequenos-lectores-edicion-de-ninos-tapa-dura\/","title":{"rendered":"Biblia Para Peque\u00f1os Lectores Edici\u00f3n De Ni\u00f1os Tapa Dura"},"content":{"rendered":"<p>LA BIBLIA PARA PEQUE\u00d1OS LECTORES<\/p>\n<p>70 historias b\u00edblicas f\u00e1ciles de leer<\/p>\n<p>Con letras grandes, ilustraciones atractivas y caracter\u00edsticas especiales que son del agrado de los ni\u00f1os, La Biblia para peque\u00f1os lectores es el mejor libro de historias b\u00edblicas que le puedes obsequiar a cualquier chico entre los 5 y 8 a\u00f1os de edad.<\/p>\n<p>Del G\u00e9nesis a las profec\u00edas del Mes\u00edas, desde el comienzo de la iglesia hasta el Apocalipsis, cada una de estas setentas historias b\u00edblicas de acci\u00f3n es lo bastante breve para que se lea de una sentada<\/p>\n<p>Caracter\u00edsticas:<\/p>\n<p>-Citas de la Nueva Versi\u00f3n Internacional<br \/>\n-Tapa dura<br \/>\n-P\u00e1gina de presentaci\u00f3n<br \/>\n-Selecci\u00f3n de 44 historias b\u00edblicas favoritas<br \/>\n-Dimensiones: 22x14x3 cm<\/p>\n<p>ISBN:9780789902146<\/p>\n","protected":false},"excerpt":{"rendered":"<p>LA BIBLIA PARA PEQUE\u00d1OS LECTORES 70 historias b\u00edblicas f\u00e1ciles de leer Con letras grandes, ilustraciones atractivas y caracter\u00edsticas especiales que son del agrado de los ni\u00f1os, La Biblia para peque\u00f1os lectores es el mejor libro de historias b\u00edblicas que le puedes obsequiar a cualquier chico entre los 5 y 8 a\u00f1os de edad. Del G\u00e9nesis [&hellip;]<\/p>\n","protected":false},"featured_media":448,"comment_status":"open","ping_status":"closed","template":"","meta":{"om_disable_all_campaigns":false,"_monsterinsights_skip_tracking":false,"_monsterinsights_sitenote_active":false,"_monsterinsights_sitenote_note":"","_monsterinsights_sitenote_category":0,"site-sidebar-layout":"default","site-content-layout":"","ast-site-content-layout":"default","site-content-style":"default","site-sidebar-style":"default","ast-global-header-display":"","ast-banner-title-visibility":"","ast-main-header-display":"","ast-hfb-above-header-display":"","ast-hfb-below-header-display":"","ast-hfb-mobile-header-display":"","site-post-title":"","ast-breadcrumbs-content":"","ast-featured-img":"","footer-sml-layout":"","ast-disable-related-posts":"","theme-transparent-header-meta":"default","adv-header-id-meta":"","stick-header-meta":"","header-above-stick-meta":"","header-main-stick-meta":"","header-below-stick-meta":"","astra-migrate-meta-layouts":"set","ast-page-background-enabled":"default","ast-page-background-meta":{"desktop":{"background-color":"var(--ast-global-color-4)","background-image":"","background-repeat":"repeat","background-position":"center center","background-size":"auto","background-attachment":"scroll","background-type":"","background-media":"","overlay-type":"","overlay-color":"","overlay-opacity":"","overlay-gradient":""},"tablet":{"background-color":"","background-image":"","background-repeat":"repeat","background-position":"center center","background-size":"auto","background-attachment":"scroll","background-type":"","background-media":"","overlay-type":"","overlay-color":"","overlay-opacity":"","overlay-gradient":""},"mobile":{"background-color":"","background-image":"","background-repeat":"repeat","background-position":"center center","background-size":"auto","background-attachment":"scroll","background-type":"","background-media":"","overlay-type":"","overlay-color":"","overlay-opacity":"","overlay-gradient":""}},"ast-content-background-meta":{"desktop":{"background-color":"var(--ast-global-color-5)","background-image":"","background-repeat":"repeat","background-position":"center center","background-size":"auto","background-attachment":"scroll","background-type":"","background-media":"","overlay-type":"","overlay-color":"","overlay-opacity":"","overlay-gradient":""},"tablet":{"background-color":"var(--ast-global-color-5)","background-image":"","background-repeat":"repeat","background-position":"center center","background-size":"auto","background-attachment":"scroll","background-type":"","background-media":"","overlay-type":"","overlay-color":"","overlay-opacity":"","overlay-gradient":""},"mobile":{"background-color":"var(--ast-global-color-5)","background-image":"","background-repeat":"repeat","background-position":"center center","background-size":"auto","background-attachment":"scroll","background-type":"","background-media":"","overlay-type":"","overlay-color":"","overlay-opacity":"","overlay-gradient":""}}},"product_brand":[],"product_cat":[22,38,25],"product_tag":[50],"class_list":{"0":"post-447","1":"product","2":"type-product","3":"status-publish","4":"has-post-thumbnail","6":"product_cat-biblias","7":"product_cat-biblias-de-ninos","8":"product_cat-kids","9":"product_tag-kids","10":"desktop-align-left","11":"tablet-align-left","12":"mobile-align-left","14":"first","15":"outofstock","16":"shipping-taxable","17":"purchasable","18":"product-type-simple"},"yoast_head":"<!-- This site is optimized with the Yoast SEO plugin v27.4 - https:\/\/yoast.com\/product\/yoast-seo-wordpress\/ -->\n<title>Biblia Para Peque\u00f1os Lectores Edici\u00f3n De Ni\u00f1os Tapa Dura - tzionlibreria.com<\/title>\n<meta name=\"description\" content=\"La Biblia para peque\u00f1os lectores es el mejor libro de historias b\u00edblicas que le puedes obsequiar a cualquier chico entre los 5 y 8 a\u00f1os de edad.\" \/>\n<meta name=\"robots\" content=\"index, follow, max-snippet:-1, max-image-preview:large, max-video-preview:-1\" \/>\n<link rel=\"canonical\" href=\"https:\/\/tzionlibreria.com\/index.php\/product\/biblia-para-pequenos-lectores-edicion-de-ninos-tapa-dura\/\" \/>\n<meta property=\"og:locale\" content=\"es_ES\" \/>\n<meta property=\"og:type\" content=\"article\" \/>\n<meta property=\"og:title\" content=\"Biblia Para Peque\u00f1os Lectores Edici\u00f3n De Ni\u00f1os Tapa Dura - tzionlibreria.com\" \/>\n<meta property=\"og:description\" content=\"La Biblia para peque\u00f1os lectores es el mejor libro de historias b\u00edblicas que le puedes obsequiar a cualquier chico entre los 5 y 8 a\u00f1os de edad.\" \/>\n<meta property=\"og:url\" content=\"https:\/\/tzionlibreria.com\/index.php\/product\/biblia-para-pequenos-lectores-edicion-de-ninos-tapa-dura\/\" \/>\n<meta property=\"og:site_name\" content=\"tzionlibreria.com\" \/>\n<meta property=\"article:modified_time\" content=\"2024-03-16T00:01:33+00:00\" \/>\n<meta property=\"og:image\" content=\"http:\/\/tzionlibreria.com\/wp-content\/uploads\/2023\/10\/D_NQ_NP_2X_750220-MLV52778468522_122022-F.webp\" \/>\n\t<meta property=\"og:image:width\" content=\"1092\" \/>\n\t<meta property=\"og:image:height\" content=\"986\" \/>\n\t<meta property=\"og:image:type\" content=\"image\/webp\" \/>\n<meta name=\"twitter:card\" content=\"summary_large_image\" \/>\n<meta name=\"twitter:label1\" content=\"Tiempo de lectura\" \/>\n\t<meta name=\"twitter:data1\" content=\"1 minuto\" \/>\n<script type=\"application\/ld+json\" class=\"yoast-schema-graph\">{\"@context\":\"https:\\\/\\\/schema.org\",\"@graph\":[{\"@type\":\"WebPage\",\"@id\":\"https:\\\/\\\/tzionlibreria.com\\\/index.php\\\/product\\\/biblia-para-pequenos-lectores-edicion-de-ninos-tapa-dura\\\/\",\"url\":\"https:\\\/\\\/tzionlibreria.com\\\/index.php\\\/product\\\/biblia-para-pequenos-lectores-edicion-de-ninos-tapa-dura\\\/\",\"name\":\"Biblia Para Peque\u00f1os Lectores Edici\u00f3n De Ni\u00f1os Tapa Dura - tzionlibreria.com\",\"isPartOf\":{\"@id\":\"https:\\\/\\\/tzionlibreria.com\\\/#website\"},\"primaryImageOfPage\":{\"@id\":\"https:\\\/\\\/tzionlibreria.com\\\/index.php\\\/product\\\/biblia-para-pequenos-lectores-edicion-de-ninos-tapa-dura\\\/#primaryimage\"},\"image\":{\"@id\":\"https:\\\/\\\/tzionlibreria.com\\\/index.php\\\/product\\\/biblia-para-pequenos-lectores-edicion-de-ninos-tapa-dura\\\/#primaryimage\"},\"thumbnailUrl\":\"https:\\\/\\\/tzionlibreria.com\\\/wp-content\\\/uploads\\\/2023\\\/10\\\/D_NQ_NP_2X_750220-MLV52778468522_122022-F.webp\",\"datePublished\":\"2023-10-07T01:55:04+00:00\",\"dateModified\":\"2024-03-16T00:01:33+00:00\",\"description\":\"La Biblia para peque\u00f1os lectores es el mejor libro de historias b\u00edblicas que le puedes obsequiar a cualquier chico entre los 5 y 8 a\u00f1os de edad.\",\"breadcrumb\":{\"@id\":\"https:\\\/\\\/tzionlibreria.com\\\/index.php\\\/product\\\/biblia-para-pequenos-lectores-edicion-de-ninos-tapa-dura\\\/#breadcrumb\"},\"inLanguage\":\"es-CO\",\"potentialAction\":[{\"@type\":\"ReadAction\",\"target\":[\"https:\\\/\\\/tzionlibreria.com\\\/index.php\\\/product\\\/biblia-para-pequenos-lectores-edicion-de-ninos-tapa-dura\\\/\"]}]},{\"@type\":\"ImageObject\",\"inLanguage\":\"es-CO\",\"@id\":\"https:\\\/\\\/tzionlibreria.com\\\/index.php\\\/product\\\/biblia-para-pequenos-lectores-edicion-de-ninos-tapa-dura\\\/#primaryimage\",\"url\":\"https:\\\/\\\/tzionlibreria.com\\\/wp-content\\\/uploads\\\/2023\\\/10\\\/D_NQ_NP_2X_750220-MLV52778468522_122022-F.webp\",\"contentUrl\":\"https:\\\/\\\/tzionlibreria.com\\\/wp-content\\\/uploads\\\/2023\\\/10\\\/D_NQ_NP_2X_750220-MLV52778468522_122022-F.webp\",\"width\":1092,\"height\":986},{\"@type\":\"BreadcrumbList\",\"@id\":\"https:\\\/\\\/tzionlibreria.com\\\/index.php\\\/product\\\/biblia-para-pequenos-lectores-edicion-de-ninos-tapa-dura\\\/#breadcrumb\",\"itemListElement\":[{\"@type\":\"ListItem\",\"position\":1,\"name\":\"Inicio\",\"item\":\"https:\\\/\\\/tzionlibreria.com\\\/\"},{\"@type\":\"ListItem\",\"position\":2,\"name\":\"Shop\",\"item\":\"https:\\\/\\\/tzionlibreria.com\\\/index.php\\\/shop\\\/\"},{\"@type\":\"ListItem\",\"position\":3,\"name\":\"Biblia Para Peque\u00f1os Lectores Edici\u00f3n De Ni\u00f1os Tapa Dura\"}]},{\"@type\":\"WebSite\",\"@id\":\"https:\\\/\\\/tzionlibreria.com\\\/#website\",\"url\":\"https:\\\/\\\/tzionlibreria.com\\\/\",\"name\":\"tzionlibreria.com\",\"description\":\"Libreria Cristiana Venezuela\",\"publisher\":{\"@id\":\"https:\\\/\\\/tzionlibreria.com\\\/#organization\"},\"potentialAction\":[{\"@type\":\"SearchAction\",\"target\":{\"@type\":\"EntryPoint\",\"urlTemplate\":\"https:\\\/\\\/tzionlibreria.com\\\/?s={search_term_string}\"},\"query-input\":{\"@type\":\"PropertyValueSpecification\",\"valueRequired\":true,\"valueName\":\"search_term_string\"}}],\"inLanguage\":\"es-CO\"},{\"@type\":\"Organization\",\"@id\":\"https:\\\/\\\/tzionlibreria.com\\\/#organization\",\"name\":\"tzionlibreria.com\",\"url\":\"https:\\\/\\\/tzionlibreria.com\\\/\",\"logo\":{\"@type\":\"ImageObject\",\"inLanguage\":\"es-CO\",\"@id\":\"https:\\\/\\\/tzionlibreria.com\\\/#\\\/schema\\\/logo\\\/image\\\/\",\"url\":\"https:\\\/\\\/tzionlibreria.com\\\/wp-content\\\/uploads\\\/2023\\\/10\\\/cropped-Cuadricula-scaled-1.jpg\",\"contentUrl\":\"https:\\\/\\\/tzionlibreria.com\\\/wp-content\\\/uploads\\\/2023\\\/10\\\/cropped-Cuadricula-scaled-1.jpg\",\"width\":2560,\"height\":2560,\"caption\":\"tzionlibreria.com\"},\"image\":{\"@id\":\"https:\\\/\\\/tzionlibreria.com\\\/#\\\/schema\\\/logo\\\/image\\\/\"}}]}<\/script>\n<!-- \/ Yoast SEO plugin. -->","yoast_head_json":{"title":"Biblia Para Peque\u00f1os Lectores Edici\u00f3n De Ni\u00f1os Tapa Dura - tzionlibreria.com","description":"La Biblia para peque\u00f1os lectores es el mejor libro de historias b\u00edblicas que le puedes obsequiar a cualquier chico entre los 5 y 8 a\u00f1os de edad.","robots":{"index":"index","follow":"follow","max-snippet":"max-snippet:-1","max-image-preview":"max-image-preview:large","max-video-preview":"max-video-preview:-1"},"canonical":"https:\/\/tzionlibreria.com\/index.php\/product\/biblia-para-pequenos-lectores-edicion-de-ninos-tapa-dura\/","og_locale":"es_ES","og_type":"article","og_title":"Biblia Para Peque\u00f1os Lectores Edici\u00f3n De Ni\u00f1os Tapa Dura - tzionlibreria.com","og_description":"La Biblia para peque\u00f1os lectores es el mejor libro de historias b\u00edblicas que le puedes obsequiar a cualquier chico entre los 5 y 8 a\u00f1os de edad.","og_url":"https:\/\/tzionlibreria.com\/index.php\/product\/biblia-para-pequenos-lectores-edicion-de-ninos-tapa-dura\/","og_site_name":"tzionlibreria.com","article_modified_time":"2024-03-16T00:01:33+00:00","og_image":[{"width":1092,"height":986,"url":"http:\/\/tzionlibreria.com\/wp-content\/uploads\/2023\/10\/D_NQ_NP_2X_750220-MLV52778468522_122022-F.webp","type":"image\/webp"}],"twitter_card":"summary_large_image","twitter_misc":{"Tiempo de lectura":"1 minuto"},"schema":{"@context":"https:\/\/schema.org","@graph":[{"@type":"WebPage","@id":"https:\/\/tzionlibreria.com\/index.php\/product\/biblia-para-pequenos-lectores-edicion-de-ninos-tapa-dura\/","url":"https:\/\/tzionlibreria.com\/index.php\/product\/biblia-para-pequenos-lectores-edicion-de-ninos-tapa-dura\/","name":"Biblia Para Peque\u00f1os Lectores Edici\u00f3n De Ni\u00f1os Tapa Dura - tzionlibreria.com","isPartOf":{"@id":"https:\/\/tzionlibreria.com\/#website"},"primaryImageOfPage":{"@id":"https:\/\/tzionlibreria.com\/index.php\/product\/biblia-para-pequenos-lectores-edicion-de-ninos-tapa-dura\/#primaryimage"},"image":{"@id":"https:\/\/tzionlibreria.com\/index.php\/product\/biblia-para-pequenos-lectores-edicion-de-ninos-tapa-dura\/#primaryimage"},"thumbnailUrl":"https:\/\/tzionlibreria.com\/wp-content\/uploads\/2023\/10\/D_NQ_NP_2X_750220-MLV52778468522_122022-F.webp","datePublished":"2023-10-07T01:55:04+00:00","dateModified":"2024-03-16T00:01:33+00:00","description":"La Biblia para peque\u00f1os lectores es el mejor libro de historias b\u00edblicas que le puedes obsequiar a cualquier chico entre los 5 y 8 a\u00f1os de edad.","breadcrumb":{"@id":"https:\/\/tzionlibreria.com\/index.php\/product\/biblia-para-pequenos-lectores-edicion-de-ninos-tapa-dura\/#breadcrumb"},"inLanguage":"es-CO","potentialAction":[{"@type":"ReadAction","target":["https:\/\/tzionlibreria.com\/index.php\/product\/biblia-para-pequenos-lectores-edicion-de-ninos-tapa-dura\/"]}]},{"@type":"ImageObject","inLanguage":"es-CO","@id":"https:\/\/tzionlibreria.com\/index.php\/product\/biblia-para-pequenos-lectores-edicion-de-ninos-tapa-dura\/#primaryimage","url":"https:\/\/tzionlibreria.com\/wp-content\/uploads\/2023\/10\/D_NQ_NP_2X_750220-MLV52778468522_122022-F.webp","contentUrl":"https:\/\/tzionlibreria.com\/wp-content\/uploads\/2023\/10\/D_NQ_NP_2X_750220-MLV52778468522_122022-F.webp","width":1092,"height":986},{"@type":"BreadcrumbList","@id":"https:\/\/tzionlibreria.com\/index.php\/product\/biblia-para-pequenos-lectores-edicion-de-ninos-tapa-dura\/#breadcrumb","itemListElement":[{"@type":"ListItem","position":1,"name":"Inicio","item":"https:\/\/tzionlibreria.com\/"},{"@type":"ListItem","position":2,"name":"Shop","item":"https:\/\/tzionlibreria.com\/index.php\/shop\/"},{"@type":"ListItem","position":3,"name":"Biblia Para Peque\u00f1os Lectores Edici\u00f3n De Ni\u00f1os Tapa Dura"}]},{"@type":"WebSite","@id":"https:\/\/tzionlibreria.com\/#website","url":"https:\/\/tzionlibreria.com\/","name":"tzionlibreria.com","description":"Libreria Cristiana Venezuela","publisher":{"@id":"https:\/\/tzionlibreria.com\/#organization"},"potentialAction":[{"@type":"SearchAction","target":{"@type":"EntryPoint","urlTemplate":"https:\/\/tzionlibreria.com\/?s={search_term_string}"},"query-input":{"@type":"PropertyValueSpecification","valueRequired":true,"valueName":"search_term_string"}}],"inLanguage":"es-CO"},{"@type":"Organization","@id":"https:\/\/tzionlibreria.com\/#organization","name":"tzionlibreria.com","url":"https:\/\/tzionlibreria.com\/","logo":{"@type":"ImageObject","inLanguage":"es-CO","@id":"https:\/\/tzionlibreria.com\/#\/schema\/logo\/image\/","url":"https:\/\/tzionlibreria.com\/wp-content\/uploads\/2023\/10\/cropped-Cuadricula-scaled-1.jpg","contentUrl":"https:\/\/tzionlibreria.com\/wp-content\/uploads\/2023\/10\/cropped-Cuadricula-scaled-1.jpg","width":2560,"height":2560,"caption":"tzionlibreria.com"},"image":{"@id":"https:\/\/tzionlibreria.com\/#\/schema\/logo\/image\/"}}]}},"jetpack_sharing_enabled":true,"_links":{"self":[{"href":"https:\/\/tzionlibreria.com\/index.php\/wp-json\/wp\/v2\/product\/447","targetHints":{"allow":["GET"]}}],"collection":[{"href":"https:\/\/tzionlibreria.com\/index.php\/wp-json\/wp\/v2\/product"}],"about":[{"href":"https:\/\/tzionlibreria.com\/index.php\/wp-json\/wp\/v2\/types\/product"}],"replies":[{"embeddable":true,"href":"https:\/\/tzionlibreria.com\/index.php\/wp-json\/wp\/v2\/comments?post=447"}],"wp:featuredmedia":[{"embeddable":true,"href":"https:\/\/tzionlibreria.com\/index.php\/wp-json\/wp\/v2\/media\/448"}],"wp:attachment":[{"href":"https:\/\/tzionlibreria.com\/index.php\/wp-json\/wp\/v2\/media?parent=447"}],"wp:term":[{"taxonomy":"product_brand","embeddable":true,"href":"https:\/\/tzionlibreria.com\/index.php\/wp-json\/wp\/v2\/product_brand?post=447"},{"taxonomy":"product_cat","embeddable":true,"href":"https:\/\/tzionlibreria.com\/index.php\/wp-json\/wp\/v2\/product_cat?post=447"},{"taxonomy":"product_tag","embeddable":true,"href":"https:\/\/tzionlibreria.com\/index.php\/wp-json\/wp\/v2\/product_tag?post=447"}],"curies":[{"name":"wp","href":"https:\/\/api.w.org\/{rel}","templated":true}]}}