{"id":4472,"date":"2024-12-12T02:54:15","date_gmt":"2024-12-12T02:54:15","guid":{"rendered":"https:\/\/tzionlibreria.com\/?post_type=product&#038;p=4472"},"modified":"2025-11-22T21:19:20","modified_gmt":"2025-11-22T21:19:20","slug":"devocional-con-fe-super-increible-vivir-con-valentia","status":"publish","type":"product","link":"https:\/\/tzionlibreria.com\/index.php\/product\/devocional-con-fe-super-increible-vivir-con-valentia\/","title":{"rendered":"Devocional con Fe Super Incre\u00edble \u00abVivir con valent\u00eda\u00bb"},"content":{"rendered":"<p><a href=\"http:\/\/tzionlibreria.com\/wp-content\/uploads\/2024\/12\/Vivir-valientemente-espanol-CAP1-1.pdf\" target=\"_blank\" rel=\"noopener\"><button class=\"Boton1\">Descargar Muestra Gratis<\/button><\/a><\/p>\n<p><strong>EDAD RECOMENDAD: 6 a 8 a\u00f1os<\/strong><\/p>\n<p>Descubre c\u00f3mo convertirte en un h\u00e9roe de la fe con\u00a0<strong>&#8220;Vivir con valent\u00eda&#8221;<\/strong>, un devocional dise\u00f1ado especialmente para los m\u00e1s peque\u00f1os. Este libro \u00fanico te invita a explorar el amor incondicional de Dios, el fruto del Esp\u00edritu y qui\u00e9n es Dios, mientras te equipas con las herramientas necesarias para enfrentar los desaf\u00edos del d\u00eda a d\u00eda con una valent\u00eda que honra a Dios.<\/p>\n<p>A lo largo de cada semana, ser\u00e1s inspirado por historias reales de ni\u00f1os que, como t\u00fa, enfrentan situaciones dif\u00edciles con valor. Adem\u00e1s, encontrar\u00e1s preguntas reflexivas, oraciones, vers\u00edculos b\u00edblicos y divertidas actividades que te ayudar\u00e1n a poner en pr\u00e1ctica tu fe en cualquier lugar, ya sea en casa, la escuela o el parque.<\/p>\n<p><strong>&#8220;Vivir con valent\u00eda&#8221;<\/strong>\u00a0es el primer devocional que te ense\u00f1a a vivir tu fe de forma pr\u00e1ctica y emocionante. Aprende a ser un verdadero h\u00e9roe de Dios, llevando las ense\u00f1anzas de su Palabra a cada aspecto de tu vida. \u00a1Es hora de vivir con valent\u00eda y convertirte en un superh\u00e9roe de la fe!<\/p>\n<ul>\n<li>Contiene actividades para desarrollar durante cada semana del a\u00f1o<\/li>\n<li>Una reflexi\u00f3n para cada d\u00eda de la semana<\/li>\n<li>Un vers\u00edculo semanal y el tema de reflexi\u00f3n.<\/li>\n<li>Una aplicaci\u00f3n de la verdad aprendida<\/li>\n<li>Una secci\u00f3n de oraci\u00f3n para apoyar el desarrollo y crecimiento espiritual del ni\u00f1o.<\/li>\n<li>Ideal para todo el a\u00f1o: trae 52 semanas de estudio b\u00edblico con una reflexi\u00f3n y aplicaci\u00f3n para cada semana.<\/li>\n<li>Libro a todo color<\/li>\n<li>Actividades muy din\u00e1micas y actuales<\/li>\n<\/ul>\n<p><strong>ISBN<\/strong>: 9789585163393<br \/>\n<strong>Editorial<\/strong>: CLC<br \/>\n<strong>Dimensiones<\/strong>: 152 x 228 mm<br \/>\n<strong>Peso<\/strong>: 0,450kg<br \/>\n<strong>Cubierta<\/strong>: R\u00fastica<br \/>\n<strong>N\u00famero de p\u00e1ginas<\/strong>: 320<br \/>\n<strong>Fecha de lanzamiento<\/strong>: 05.10.2024<br \/>\n<strong>Idioma<\/strong>: Espa\u00f1ol<\/p>\n","protected":false},"excerpt":{"rendered":"<p>Descargar Muestra Gratis EDAD RECOMENDAD: 6 a 8 a\u00f1os Descubre c\u00f3mo convertirte en un h\u00e9roe de la fe con\u00a0&#8220;Vivir con valent\u00eda&#8221;, un devocional dise\u00f1ado especialmente para los m\u00e1s peque\u00f1os. Este libro \u00fanico te invita a explorar el amor incondicional de Dios, el fruto del Esp\u00edritu y qui\u00e9n es Dios, mientras te equipas con las herramientas [&hellip;]<\/p>\n","protected":false},"featured_media":4473,"comment_status":"open","ping_status":"closed","template":"","meta":{"om_disable_all_campaigns":false,"_monsterinsights_skip_tracking":false,"_monsterinsights_sitenote_active":false,"_monsterinsights_sitenote_note":"","_monsterinsights_sitenote_category":0,"site-sidebar-layout":"default","site-content-layout":"","ast-site-content-layout":"default","site-content-style":"default","site-sidebar-style":"default","ast-global-header-display":"","ast-banner-title-visibility":"","ast-main-header-display":"","ast-hfb-above-header-display":"","ast-hfb-below-header-display":"","ast-hfb-mobile-header-display":"","site-post-title":"","ast-breadcrumbs-content":"","ast-featured-img":"","footer-sml-layout":"","ast-disable-related-posts":"","theme-transparent-header-meta":"default","adv-header-id-meta":"","stick-header-meta":"","header-above-stick-meta":"","header-main-stick-meta":"","header-below-stick-meta":"","astra-migrate-meta-layouts":"set","ast-page-background-enabled":"default","ast-page-background-meta":{"desktop":{"background-color":"var(--ast-global-color-4)","background-image":"","background-repeat":"repeat","background-position":"center center","background-size":"auto","background-attachment":"scroll","background-type":"","background-media":"","overlay-type":"","overlay-color":"","overlay-opacity":"","overlay-gradient":""},"tablet":{"background-color":"","background-image":"","background-repeat":"repeat","background-position":"center center","background-size":"auto","background-attachment":"scroll","background-type":"","background-media":"","overlay-type":"","overlay-color":"","overlay-opacity":"","overlay-gradient":""},"mobile":{"background-color":"","background-image":"","background-repeat":"repeat","background-position":"center center","background-size":"auto","background-attachment":"scroll","background-type":"","background-media":"","overlay-type":"","overlay-color":"","overlay-opacity":"","overlay-gradient":""}},"ast-content-background-meta":{"desktop":{"background-color":"var(--ast-global-color-5)","background-image":"","background-repeat":"repeat","background-position":"center center","background-size":"auto","background-attachment":"scroll","background-type":"","background-media":"","overlay-type":"","overlay-color":"","overlay-opacity":"","overlay-gradient":""},"tablet":{"background-color":"var(--ast-global-color-5)","background-image":"","background-repeat":"repeat","background-position":"center center","background-size":"auto","background-attachment":"scroll","background-type":"","background-media":"","overlay-type":"","overlay-color":"","overlay-opacity":"","overlay-gradient":""},"mobile":{"background-color":"var(--ast-global-color-5)","background-image":"","background-repeat":"repeat","background-position":"center center","background-size":"auto","background-attachment":"scroll","background-type":"","background-media":"","overlay-type":"","overlay-color":"","overlay-opacity":"","overlay-gradient":""}}},"product_brand":[],"product_cat":[24,25,209],"product_tag":[],"class_list":{"0":"post-4472","1":"product","2":"type-product","3":"status-publish","4":"has-post-thumbnail","6":"product_cat-devocionales","7":"product_cat-kids","8":"product_cat-libros-kids","9":"desktop-align-left","10":"tablet-align-left","11":"mobile-align-left","13":"first","14":"instock","15":"shipping-taxable","16":"purchasable","17":"product-type-simple"},"yoast_head":"<!-- This site is optimized with the Yoast SEO plugin v27.4 - https:\/\/yoast.com\/product\/yoast-seo-wordpress\/ -->\n<title>Devocional con Fe Super Incre\u00edble \u00abVivir con valent\u00eda\u00bb - tzionlibreria.com<\/title>\n<meta name=\"description\" content=\"\u00a0es el primer devocional que te ense\u00f1a a vivir tu fe de forma pr\u00e1ctica y emocionante. Aprende a ser un verdadero h\u00e9roe de Dios.\" \/>\n<meta name=\"robots\" content=\"index, follow, max-snippet:-1, max-image-preview:large, max-video-preview:-1\" \/>\n<link rel=\"canonical\" href=\"https:\/\/tzionlibreria.com\/index.php\/product\/devocional-con-fe-super-increible-vivir-con-valentia\/\" \/>\n<meta property=\"og:locale\" content=\"es_ES\" \/>\n<meta property=\"og:type\" content=\"article\" \/>\n<meta property=\"og:title\" content=\"Devocional con Fe Super Incre\u00edble \u00abVivir con valent\u00eda\u00bb - tzionlibreria.com\" \/>\n<meta property=\"og:description\" content=\"\u00a0es el primer devocional que te ense\u00f1a a vivir tu fe de forma pr\u00e1ctica y emocionante. Aprende a ser un verdadero h\u00e9roe de Dios.\" \/>\n<meta property=\"og:url\" content=\"https:\/\/tzionlibreria.com\/index.php\/product\/devocional-con-fe-super-increible-vivir-con-valentia\/\" \/>\n<meta property=\"og:site_name\" content=\"tzionlibreria.com\" \/>\n<meta property=\"article:modified_time\" content=\"2025-11-22T21:19:20+00:00\" \/>\n<meta property=\"og:image\" content=\"http:\/\/tzionlibreria.com\/wp-content\/uploads\/2024\/12\/13.png\" \/>\n\t<meta property=\"og:image:width\" content=\"1080\" \/>\n\t<meta property=\"og:image:height\" content=\"1080\" \/>\n\t<meta property=\"og:image:type\" content=\"image\/png\" \/>\n<meta name=\"twitter:card\" content=\"summary_large_image\" \/>\n<meta name=\"twitter:label1\" content=\"Tiempo de lectura\" \/>\n\t<meta name=\"twitter:data1\" content=\"2 minutos\" \/>\n<script type=\"application\/ld+json\" class=\"yoast-schema-graph\">{\"@context\":\"https:\\\/\\\/schema.org\",\"@graph\":[{\"@type\":\"WebPage\",\"@id\":\"https:\\\/\\\/tzionlibreria.com\\\/index.php\\\/product\\\/devocional-con-fe-super-increible-vivir-con-valentia\\\/\",\"url\":\"https:\\\/\\\/tzionlibreria.com\\\/index.php\\\/product\\\/devocional-con-fe-super-increible-vivir-con-valentia\\\/\",\"name\":\"Devocional con Fe Super Incre\u00edble \u00abVivir con valent\u00eda\u00bb - tzionlibreria.com\",\"isPartOf\":{\"@id\":\"https:\\\/\\\/tzionlibreria.com\\\/#website\"},\"primaryImageOfPage\":{\"@id\":\"https:\\\/\\\/tzionlibreria.com\\\/index.php\\\/product\\\/devocional-con-fe-super-increible-vivir-con-valentia\\\/#primaryimage\"},\"image\":{\"@id\":\"https:\\\/\\\/tzionlibreria.com\\\/index.php\\\/product\\\/devocional-con-fe-super-increible-vivir-con-valentia\\\/#primaryimage\"},\"thumbnailUrl\":\"https:\\\/\\\/tzionlibreria.com\\\/wp-content\\\/uploads\\\/2024\\\/12\\\/13.png\",\"datePublished\":\"2024-12-12T02:54:15+00:00\",\"dateModified\":\"2025-11-22T21:19:20+00:00\",\"description\":\"\u00a0es el primer devocional que te ense\u00f1a a vivir tu fe de forma pr\u00e1ctica y emocionante. Aprende a ser un verdadero h\u00e9roe de Dios.\",\"breadcrumb\":{\"@id\":\"https:\\\/\\\/tzionlibreria.com\\\/index.php\\\/product\\\/devocional-con-fe-super-increible-vivir-con-valentia\\\/#breadcrumb\"},\"inLanguage\":\"es-CO\",\"potentialAction\":[{\"@type\":\"ReadAction\",\"target\":[\"https:\\\/\\\/tzionlibreria.com\\\/index.php\\\/product\\\/devocional-con-fe-super-increible-vivir-con-valentia\\\/\"]}]},{\"@type\":\"ImageObject\",\"inLanguage\":\"es-CO\",\"@id\":\"https:\\\/\\\/tzionlibreria.com\\\/index.php\\\/product\\\/devocional-con-fe-super-increible-vivir-con-valentia\\\/#primaryimage\",\"url\":\"https:\\\/\\\/tzionlibreria.com\\\/wp-content\\\/uploads\\\/2024\\\/12\\\/13.png\",\"contentUrl\":\"https:\\\/\\\/tzionlibreria.com\\\/wp-content\\\/uploads\\\/2024\\\/12\\\/13.png\",\"width\":1080,\"height\":1080},{\"@type\":\"BreadcrumbList\",\"@id\":\"https:\\\/\\\/tzionlibreria.com\\\/index.php\\\/product\\\/devocional-con-fe-super-increible-vivir-con-valentia\\\/#breadcrumb\",\"itemListElement\":[{\"@type\":\"ListItem\",\"position\":1,\"name\":\"Inicio\",\"item\":\"https:\\\/\\\/tzionlibreria.com\\\/\"},{\"@type\":\"ListItem\",\"position\":2,\"name\":\"Shop\",\"item\":\"https:\\\/\\\/tzionlibreria.com\\\/index.php\\\/shop\\\/\"},{\"@type\":\"ListItem\",\"position\":3,\"name\":\"Devocional con Fe Super Incre\u00edble \u00abVivir con valent\u00eda\u00bb\"}]},{\"@type\":\"WebSite\",\"@id\":\"https:\\\/\\\/tzionlibreria.com\\\/#website\",\"url\":\"https:\\\/\\\/tzionlibreria.com\\\/\",\"name\":\"tzionlibreria.com\",\"description\":\"Libreria Cristiana Venezuela\",\"publisher\":{\"@id\":\"https:\\\/\\\/tzionlibreria.com\\\/#organization\"},\"potentialAction\":[{\"@type\":\"SearchAction\",\"target\":{\"@type\":\"EntryPoint\",\"urlTemplate\":\"https:\\\/\\\/tzionlibreria.com\\\/?s={search_term_string}\"},\"query-input\":{\"@type\":\"PropertyValueSpecification\",\"valueRequired\":true,\"valueName\":\"search_term_string\"}}],\"inLanguage\":\"es-CO\"},{\"@type\":\"Organization\",\"@id\":\"https:\\\/\\\/tzionlibreria.com\\\/#organization\",\"name\":\"tzionlibreria.com\",\"url\":\"https:\\\/\\\/tzionlibreria.com\\\/\",\"logo\":{\"@type\":\"ImageObject\",\"inLanguage\":\"es-CO\",\"@id\":\"https:\\\/\\\/tzionlibreria.com\\\/#\\\/schema\\\/logo\\\/image\\\/\",\"url\":\"https:\\\/\\\/tzionlibreria.com\\\/wp-content\\\/uploads\\\/2023\\\/10\\\/cropped-Cuadricula-scaled-1.jpg\",\"contentUrl\":\"https:\\\/\\\/tzionlibreria.com\\\/wp-content\\\/uploads\\\/2023\\\/10\\\/cropped-Cuadricula-scaled-1.jpg\",\"width\":2560,\"height\":2560,\"caption\":\"tzionlibreria.com\"},\"image\":{\"@id\":\"https:\\\/\\\/tzionlibreria.com\\\/#\\\/schema\\\/logo\\\/image\\\/\"}}]}<\/script>\n<!-- \/ Yoast SEO plugin. -->","yoast_head_json":{"title":"Devocional con Fe Super Incre\u00edble \u00abVivir con valent\u00eda\u00bb - tzionlibreria.com","description":"\u00a0es el primer devocional que te ense\u00f1a a vivir tu fe de forma pr\u00e1ctica y emocionante. Aprende a ser un verdadero h\u00e9roe de Dios.","robots":{"index":"index","follow":"follow","max-snippet":"max-snippet:-1","max-image-preview":"max-image-preview:large","max-video-preview":"max-video-preview:-1"},"canonical":"https:\/\/tzionlibreria.com\/index.php\/product\/devocional-con-fe-super-increible-vivir-con-valentia\/","og_locale":"es_ES","og_type":"article","og_title":"Devocional con Fe Super Incre\u00edble \u00abVivir con valent\u00eda\u00bb - tzionlibreria.com","og_description":"\u00a0es el primer devocional que te ense\u00f1a a vivir tu fe de forma pr\u00e1ctica y emocionante. Aprende a ser un verdadero h\u00e9roe de Dios.","og_url":"https:\/\/tzionlibreria.com\/index.php\/product\/devocional-con-fe-super-increible-vivir-con-valentia\/","og_site_name":"tzionlibreria.com","article_modified_time":"2025-11-22T21:19:20+00:00","og_image":[{"width":1080,"height":1080,"url":"http:\/\/tzionlibreria.com\/wp-content\/uploads\/2024\/12\/13.png","type":"image\/png"}],"twitter_card":"summary_large_image","twitter_misc":{"Tiempo de lectura":"2 minutos"},"schema":{"@context":"https:\/\/schema.org","@graph":[{"@type":"WebPage","@id":"https:\/\/tzionlibreria.com\/index.php\/product\/devocional-con-fe-super-increible-vivir-con-valentia\/","url":"https:\/\/tzionlibreria.com\/index.php\/product\/devocional-con-fe-super-increible-vivir-con-valentia\/","name":"Devocional con Fe Super Incre\u00edble \u00abVivir con valent\u00eda\u00bb - tzionlibreria.com","isPartOf":{"@id":"https:\/\/tzionlibreria.com\/#website"},"primaryImageOfPage":{"@id":"https:\/\/tzionlibreria.com\/index.php\/product\/devocional-con-fe-super-increible-vivir-con-valentia\/#primaryimage"},"image":{"@id":"https:\/\/tzionlibreria.com\/index.php\/product\/devocional-con-fe-super-increible-vivir-con-valentia\/#primaryimage"},"thumbnailUrl":"https:\/\/tzionlibreria.com\/wp-content\/uploads\/2024\/12\/13.png","datePublished":"2024-12-12T02:54:15+00:00","dateModified":"2025-11-22T21:19:20+00:00","description":"\u00a0es el primer devocional que te ense\u00f1a a vivir tu fe de forma pr\u00e1ctica y emocionante. Aprende a ser un verdadero h\u00e9roe de Dios.","breadcrumb":{"@id":"https:\/\/tzionlibreria.com\/index.php\/product\/devocional-con-fe-super-increible-vivir-con-valentia\/#breadcrumb"},"inLanguage":"es-CO","potentialAction":[{"@type":"ReadAction","target":["https:\/\/tzionlibreria.com\/index.php\/product\/devocional-con-fe-super-increible-vivir-con-valentia\/"]}]},{"@type":"ImageObject","inLanguage":"es-CO","@id":"https:\/\/tzionlibreria.com\/index.php\/product\/devocional-con-fe-super-increible-vivir-con-valentia\/#primaryimage","url":"https:\/\/tzionlibreria.com\/wp-content\/uploads\/2024\/12\/13.png","contentUrl":"https:\/\/tzionlibreria.com\/wp-content\/uploads\/2024\/12\/13.png","width":1080,"height":1080},{"@type":"BreadcrumbList","@id":"https:\/\/tzionlibreria.com\/index.php\/product\/devocional-con-fe-super-increible-vivir-con-valentia\/#breadcrumb","itemListElement":[{"@type":"ListItem","position":1,"name":"Inicio","item":"https:\/\/tzionlibreria.com\/"},{"@type":"ListItem","position":2,"name":"Shop","item":"https:\/\/tzionlibreria.com\/index.php\/shop\/"},{"@type":"ListItem","position":3,"name":"Devocional con Fe Super Incre\u00edble \u00abVivir con valent\u00eda\u00bb"}]},{"@type":"WebSite","@id":"https:\/\/tzionlibreria.com\/#website","url":"https:\/\/tzionlibreria.com\/","name":"tzionlibreria.com","description":"Libreria Cristiana Venezuela","publisher":{"@id":"https:\/\/tzionlibreria.com\/#organization"},"potentialAction":[{"@type":"SearchAction","target":{"@type":"EntryPoint","urlTemplate":"https:\/\/tzionlibreria.com\/?s={search_term_string}"},"query-input":{"@type":"PropertyValueSpecification","valueRequired":true,"valueName":"search_term_string"}}],"inLanguage":"es-CO"},{"@type":"Organization","@id":"https:\/\/tzionlibreria.com\/#organization","name":"tzionlibreria.com","url":"https:\/\/tzionlibreria.com\/","logo":{"@type":"ImageObject","inLanguage":"es-CO","@id":"https:\/\/tzionlibreria.com\/#\/schema\/logo\/image\/","url":"https:\/\/tzionlibreria.com\/wp-content\/uploads\/2023\/10\/cropped-Cuadricula-scaled-1.jpg","contentUrl":"https:\/\/tzionlibreria.com\/wp-content\/uploads\/2023\/10\/cropped-Cuadricula-scaled-1.jpg","width":2560,"height":2560,"caption":"tzionlibreria.com"},"image":{"@id":"https:\/\/tzionlibreria.com\/#\/schema\/logo\/image\/"}}]}},"jetpack_sharing_enabled":true,"_links":{"self":[{"href":"https:\/\/tzionlibreria.com\/index.php\/wp-json\/wp\/v2\/product\/4472","targetHints":{"allow":["GET"]}}],"collection":[{"href":"https:\/\/tzionlibreria.com\/index.php\/wp-json\/wp\/v2\/product"}],"about":[{"href":"https:\/\/tzionlibreria.com\/index.php\/wp-json\/wp\/v2\/types\/product"}],"replies":[{"embeddable":true,"href":"https:\/\/tzionlibreria.com\/index.php\/wp-json\/wp\/v2\/comments?post=4472"}],"wp:featuredmedia":[{"embeddable":true,"href":"https:\/\/tzionlibreria.com\/index.php\/wp-json\/wp\/v2\/media\/4473"}],"wp:attachment":[{"href":"https:\/\/tzionlibreria.com\/index.php\/wp-json\/wp\/v2\/media?parent=4472"}],"wp:term":[{"taxonomy":"product_brand","embeddable":true,"href":"https:\/\/tzionlibreria.com\/index.php\/wp-json\/wp\/v2\/product_brand?post=4472"},{"taxonomy":"product_cat","embeddable":true,"href":"https:\/\/tzionlibreria.com\/index.php\/wp-json\/wp\/v2\/product_cat?post=4472"},{"taxonomy":"product_tag","embeddable":true,"href":"https:\/\/tzionlibreria.com\/index.php\/wp-json\/wp\/v2\/product_tag?post=4472"}],"curies":[{"name":"wp","href":"https:\/\/api.w.org\/{rel}","templated":true}]}}