{"id":4497,"date":"2024-12-15T17:07:58","date_gmt":"2024-12-15T17:07:58","guid":{"rendered":"https:\/\/tzionlibreria.com\/?post_type=product&#038;p=4497"},"modified":"2025-12-13T23:00:29","modified_gmt":"2025-12-13T23:00:29","slug":"soy-nina-creada-con-un-proposito-hermoso-betsy-gomez","status":"publish","type":"product","link":"https:\/\/tzionlibreria.com\/index.php\/product\/soy-nina-creada-con-un-proposito-hermoso-betsy-gomez\/","title":{"rendered":"Soy Ni\u00f1a &#8211; Creada Con Un Prop\u00f3sito Hermoso &#8211; \u00a0Betsy G\u00f3mez"},"content":{"rendered":"<p><span class=\"a-list-item\"><span class=\"a-text-bold\"><strong>Edad Recomendada:<\/strong> <\/span>\u00a0<strong>3 a 5 a\u00f1os<\/strong><\/span><\/p>\n<p>&nbsp;<\/p>\n<p>-Este libro es el primero de una serie de 6 libros de <span class=\"a-text-bold\">BH Espa\u00f1ol Ni\u00f1os<\/span>.<\/p>\n<p>-Este importante libro por <span class=\"a-text-bold a-text-italic\">Betsy G\u00f3mez ense\u00f1a a las ni\u00f1as peque\u00f1as los valores de ser creada a la imagen de Dios y que ser mujer es algo maravilloso.<\/span>\u00a0Anclado en verdades b\u00edblicas, este libro servir\u00e1 como un punto de partida para conversaciones familiares valiosas sobre el importante tema del g\u00e9nero.<\/p>\n<p><span class=\"a-text-bold a-text-italic\">-Betsy <\/span><span class=\"a-text-italic\">explica en t\u00e9rminos simples y a la vez profundos que todos somos\u00a0<\/span><span class=\"a-text-bold a-text-italic\">creados a la imagen de Dios<\/span><span class=\"a-text-italic\">,<\/span>\u00a0y\u00a0<span class=\"a-text-italic\">mientras las ni\u00f1as son en realidad diferentes a los ni\u00f1os, Dios nos ama y valora de la misma manera.<\/span>\u00a0Por lo tanto, las ni\u00f1as deben celebrar y valorar su lugar especial en la creaci\u00f3n de Dios.<\/p>\n<ul class=\"a-unordered-list a-nostyle a-vertical a-spacing-none detail-bullet-list\">\n<li><span class=\"a-list-item\"><span class=\"a-text-bold\">Editorial: \u200e<\/span>B&amp;H Espa\u00f1ol (25 Marzo 2024)<\/span><\/li>\n<li><span class=\"a-list-item\"><span class=\"a-text-bold\">Idioma: \u200e <\/span>Espa\u00f1ol<\/span><\/li>\n<li><span class=\"a-list-item\"><span class=\"a-text-bold\">Tapa dura: \u200e<\/span>40 p\u00e1ginas<\/span><\/li>\n<li><span class=\"a-list-item\"><span class=\"a-text-bold\">ISBN: \u200e<\/span>9781087782959<\/span><\/li>\n<li><span class=\"a-list-item\"><span class=\"a-text-bold\">Edad de lectura \u200f: \u200e <\/span>De 3 a 5 a\u00f1os<\/span><\/li>\n<\/ul>\n","protected":false},"excerpt":{"rendered":"<p>Edad Recomendada: \u00a03 a 5 a\u00f1os &nbsp; -Este libro es el primero de una serie de 6 libros de BH Espa\u00f1ol Ni\u00f1os. -Este importante libro por Betsy G\u00f3mez ense\u00f1a a las ni\u00f1as peque\u00f1as los valores de ser creada a la imagen de Dios y que ser mujer es algo maravilloso.\u00a0Anclado en verdades b\u00edblicas, este libro [&hellip;]<\/p>\n","protected":false},"featured_media":4498,"comment_status":"open","ping_status":"closed","template":"","meta":{"om_disable_all_campaigns":false,"_monsterinsights_skip_tracking":false,"_monsterinsights_sitenote_active":false,"_monsterinsights_sitenote_note":"","_monsterinsights_sitenote_category":0,"site-sidebar-layout":"default","site-content-layout":"","ast-site-content-layout":"default","site-content-style":"default","site-sidebar-style":"default","ast-global-header-display":"","ast-banner-title-visibility":"","ast-main-header-display":"","ast-hfb-above-header-display":"","ast-hfb-below-header-display":"","ast-hfb-mobile-header-display":"","site-post-title":"","ast-breadcrumbs-content":"","ast-featured-img":"","footer-sml-layout":"","ast-disable-related-posts":"","theme-transparent-header-meta":"default","adv-header-id-meta":"","stick-header-meta":"","header-above-stick-meta":"","header-main-stick-meta":"","header-below-stick-meta":"","astra-migrate-meta-layouts":"set","ast-page-background-enabled":"default","ast-page-background-meta":{"desktop":{"background-color":"var(--ast-global-color-4)","background-image":"","background-repeat":"repeat","background-position":"center center","background-size":"auto","background-attachment":"scroll","background-type":"","background-media":"","overlay-type":"","overlay-color":"","overlay-opacity":"","overlay-gradient":""},"tablet":{"background-color":"","background-image":"","background-repeat":"repeat","background-position":"center center","background-size":"auto","background-attachment":"scroll","background-type":"","background-media":"","overlay-type":"","overlay-color":"","overlay-opacity":"","overlay-gradient":""},"mobile":{"background-color":"","background-image":"","background-repeat":"repeat","background-position":"center center","background-size":"auto","background-attachment":"scroll","background-type":"","background-media":"","overlay-type":"","overlay-color":"","overlay-opacity":"","overlay-gradient":""}},"ast-content-background-meta":{"desktop":{"background-color":"var(--ast-global-color-5)","background-image":"","background-repeat":"repeat","background-position":"center center","background-size":"auto","background-attachment":"scroll","background-type":"","background-media":"","overlay-type":"","overlay-color":"","overlay-opacity":"","overlay-gradient":""},"tablet":{"background-color":"var(--ast-global-color-5)","background-image":"","background-repeat":"repeat","background-position":"center center","background-size":"auto","background-attachment":"scroll","background-type":"","background-media":"","overlay-type":"","overlay-color":"","overlay-opacity":"","overlay-gradient":""},"mobile":{"background-color":"var(--ast-global-color-5)","background-image":"","background-repeat":"repeat","background-position":"center center","background-size":"auto","background-attachment":"scroll","background-type":"","background-media":"","overlay-type":"","overlay-color":"","overlay-opacity":"","overlay-gradient":""}}},"product_brand":[],"product_cat":[25,209],"product_tag":[117],"class_list":{"0":"post-4497","1":"product","2":"type-product","3":"status-publish","4":"has-post-thumbnail","6":"product_cat-kids","7":"product_cat-libros-kids","8":"product_tag-ninas","9":"desktop-align-left","10":"tablet-align-left","11":"mobile-align-left","13":"first","14":"instock","15":"shipping-taxable","16":"purchasable","17":"product-type-simple"},"yoast_head":"<!-- This site is optimized with the Yoast SEO plugin v27.3 - https:\/\/yoast.com\/product\/yoast-seo-wordpress\/ -->\n<title>Soy Ni\u00f1a - Creada Con Un Prop\u00f3sito Hermoso - \u00a0Betsy G\u00f3mez - tzionlibreria.com<\/title>\n<meta name=\"description\" content=\"ense\u00f1a a las ni\u00f1as peque\u00f1as los valores de ser creada a la imagen de Dios y que ser mujer es algo maravilloso. Anclado en verdades b\u00edblicas.\" \/>\n<meta name=\"robots\" content=\"index, follow, max-snippet:-1, max-image-preview:large, max-video-preview:-1\" \/>\n<link rel=\"canonical\" href=\"https:\/\/tzionlibreria.com\/index.php\/product\/soy-nina-creada-con-un-proposito-hermoso-betsy-gomez\/\" \/>\n<meta property=\"og:locale\" content=\"es_ES\" \/>\n<meta property=\"og:type\" content=\"article\" \/>\n<meta property=\"og:title\" content=\"Soy Ni\u00f1a - Creada Con Un Prop\u00f3sito Hermoso - \u00a0Betsy G\u00f3mez - tzionlibreria.com\" \/>\n<meta property=\"og:description\" content=\"ense\u00f1a a las ni\u00f1as peque\u00f1as los valores de ser creada a la imagen de Dios y que ser mujer es algo maravilloso. Anclado en verdades b\u00edblicas.\" \/>\n<meta property=\"og:url\" content=\"https:\/\/tzionlibreria.com\/index.php\/product\/soy-nina-creada-con-un-proposito-hermoso-betsy-gomez\/\" \/>\n<meta property=\"og:site_name\" content=\"tzionlibreria.com\" \/>\n<meta property=\"article:modified_time\" content=\"2025-12-13T23:00:29+00:00\" \/>\n<meta property=\"og:image\" content=\"http:\/\/tzionlibreria.com\/wp-content\/uploads\/2024\/12\/17.png\" \/>\n\t<meta property=\"og:image:width\" content=\"1080\" \/>\n\t<meta property=\"og:image:height\" content=\"1080\" \/>\n\t<meta property=\"og:image:type\" content=\"image\/png\" \/>\n<meta name=\"twitter:card\" content=\"summary_large_image\" \/>\n<meta name=\"twitter:label1\" content=\"Tiempo de lectura\" \/>\n\t<meta name=\"twitter:data1\" content=\"1 minuto\" \/>\n<script type=\"application\/ld+json\" class=\"yoast-schema-graph\">{\"@context\":\"https:\\\/\\\/schema.org\",\"@graph\":[{\"@type\":\"WebPage\",\"@id\":\"https:\\\/\\\/tzionlibreria.com\\\/index.php\\\/product\\\/soy-nina-creada-con-un-proposito-hermoso-betsy-gomez\\\/\",\"url\":\"https:\\\/\\\/tzionlibreria.com\\\/index.php\\\/product\\\/soy-nina-creada-con-un-proposito-hermoso-betsy-gomez\\\/\",\"name\":\"Soy Ni\u00f1a - Creada Con Un Prop\u00f3sito Hermoso - \u00a0Betsy G\u00f3mez - tzionlibreria.com\",\"isPartOf\":{\"@id\":\"https:\\\/\\\/tzionlibreria.com\\\/#website\"},\"primaryImageOfPage\":{\"@id\":\"https:\\\/\\\/tzionlibreria.com\\\/index.php\\\/product\\\/soy-nina-creada-con-un-proposito-hermoso-betsy-gomez\\\/#primaryimage\"},\"image\":{\"@id\":\"https:\\\/\\\/tzionlibreria.com\\\/index.php\\\/product\\\/soy-nina-creada-con-un-proposito-hermoso-betsy-gomez\\\/#primaryimage\"},\"thumbnailUrl\":\"https:\\\/\\\/tzionlibreria.com\\\/wp-content\\\/uploads\\\/2024\\\/12\\\/17.png\",\"datePublished\":\"2024-12-15T17:07:58+00:00\",\"dateModified\":\"2025-12-13T23:00:29+00:00\",\"description\":\"ense\u00f1a a las ni\u00f1as peque\u00f1as los valores de ser creada a la imagen de Dios y que ser mujer es algo maravilloso. Anclado en verdades b\u00edblicas.\",\"breadcrumb\":{\"@id\":\"https:\\\/\\\/tzionlibreria.com\\\/index.php\\\/product\\\/soy-nina-creada-con-un-proposito-hermoso-betsy-gomez\\\/#breadcrumb\"},\"inLanguage\":\"es-CO\",\"potentialAction\":[{\"@type\":\"ReadAction\",\"target\":[\"https:\\\/\\\/tzionlibreria.com\\\/index.php\\\/product\\\/soy-nina-creada-con-un-proposito-hermoso-betsy-gomez\\\/\"]}]},{\"@type\":\"ImageObject\",\"inLanguage\":\"es-CO\",\"@id\":\"https:\\\/\\\/tzionlibreria.com\\\/index.php\\\/product\\\/soy-nina-creada-con-un-proposito-hermoso-betsy-gomez\\\/#primaryimage\",\"url\":\"https:\\\/\\\/tzionlibreria.com\\\/wp-content\\\/uploads\\\/2024\\\/12\\\/17.png\",\"contentUrl\":\"https:\\\/\\\/tzionlibreria.com\\\/wp-content\\\/uploads\\\/2024\\\/12\\\/17.png\",\"width\":1080,\"height\":1080},{\"@type\":\"BreadcrumbList\",\"@id\":\"https:\\\/\\\/tzionlibreria.com\\\/index.php\\\/product\\\/soy-nina-creada-con-un-proposito-hermoso-betsy-gomez\\\/#breadcrumb\",\"itemListElement\":[{\"@type\":\"ListItem\",\"position\":1,\"name\":\"Inicio\",\"item\":\"https:\\\/\\\/tzionlibreria.com\\\/\"},{\"@type\":\"ListItem\",\"position\":2,\"name\":\"Shop\",\"item\":\"https:\\\/\\\/tzionlibreria.com\\\/index.php\\\/shop\\\/\"},{\"@type\":\"ListItem\",\"position\":3,\"name\":\"Soy Ni\u00f1a &#8211; Creada Con Un Prop\u00f3sito Hermoso &#8211; \u00a0Betsy G\u00f3mez\"}]},{\"@type\":\"WebSite\",\"@id\":\"https:\\\/\\\/tzionlibreria.com\\\/#website\",\"url\":\"https:\\\/\\\/tzionlibreria.com\\\/\",\"name\":\"tzionlibreria.com\",\"description\":\"Libreria Cristiana Venezuela\",\"publisher\":{\"@id\":\"https:\\\/\\\/tzionlibreria.com\\\/#organization\"},\"potentialAction\":[{\"@type\":\"SearchAction\",\"target\":{\"@type\":\"EntryPoint\",\"urlTemplate\":\"https:\\\/\\\/tzionlibreria.com\\\/?s={search_term_string}\"},\"query-input\":{\"@type\":\"PropertyValueSpecification\",\"valueRequired\":true,\"valueName\":\"search_term_string\"}}],\"inLanguage\":\"es-CO\"},{\"@type\":\"Organization\",\"@id\":\"https:\\\/\\\/tzionlibreria.com\\\/#organization\",\"name\":\"tzionlibreria.com\",\"url\":\"https:\\\/\\\/tzionlibreria.com\\\/\",\"logo\":{\"@type\":\"ImageObject\",\"inLanguage\":\"es-CO\",\"@id\":\"https:\\\/\\\/tzionlibreria.com\\\/#\\\/schema\\\/logo\\\/image\\\/\",\"url\":\"https:\\\/\\\/tzionlibreria.com\\\/wp-content\\\/uploads\\\/2023\\\/10\\\/cropped-Cuadricula-scaled-1.jpg\",\"contentUrl\":\"https:\\\/\\\/tzionlibreria.com\\\/wp-content\\\/uploads\\\/2023\\\/10\\\/cropped-Cuadricula-scaled-1.jpg\",\"width\":2560,\"height\":2560,\"caption\":\"tzionlibreria.com\"},\"image\":{\"@id\":\"https:\\\/\\\/tzionlibreria.com\\\/#\\\/schema\\\/logo\\\/image\\\/\"}}]}<\/script>\n<!-- \/ Yoast SEO plugin. -->","yoast_head_json":{"title":"Soy Ni\u00f1a - Creada Con Un Prop\u00f3sito Hermoso - \u00a0Betsy G\u00f3mez - tzionlibreria.com","description":"ense\u00f1a a las ni\u00f1as peque\u00f1as los valores de ser creada a la imagen de Dios y que ser mujer es algo maravilloso. Anclado en verdades b\u00edblicas.","robots":{"index":"index","follow":"follow","max-snippet":"max-snippet:-1","max-image-preview":"max-image-preview:large","max-video-preview":"max-video-preview:-1"},"canonical":"https:\/\/tzionlibreria.com\/index.php\/product\/soy-nina-creada-con-un-proposito-hermoso-betsy-gomez\/","og_locale":"es_ES","og_type":"article","og_title":"Soy Ni\u00f1a - Creada Con Un Prop\u00f3sito Hermoso - \u00a0Betsy G\u00f3mez - tzionlibreria.com","og_description":"ense\u00f1a a las ni\u00f1as peque\u00f1as los valores de ser creada a la imagen de Dios y que ser mujer es algo maravilloso. Anclado en verdades b\u00edblicas.","og_url":"https:\/\/tzionlibreria.com\/index.php\/product\/soy-nina-creada-con-un-proposito-hermoso-betsy-gomez\/","og_site_name":"tzionlibreria.com","article_modified_time":"2025-12-13T23:00:29+00:00","og_image":[{"width":1080,"height":1080,"url":"http:\/\/tzionlibreria.com\/wp-content\/uploads\/2024\/12\/17.png","type":"image\/png"}],"twitter_card":"summary_large_image","twitter_misc":{"Tiempo de lectura":"1 minuto"},"schema":{"@context":"https:\/\/schema.org","@graph":[{"@type":"WebPage","@id":"https:\/\/tzionlibreria.com\/index.php\/product\/soy-nina-creada-con-un-proposito-hermoso-betsy-gomez\/","url":"https:\/\/tzionlibreria.com\/index.php\/product\/soy-nina-creada-con-un-proposito-hermoso-betsy-gomez\/","name":"Soy Ni\u00f1a - Creada Con Un Prop\u00f3sito Hermoso - \u00a0Betsy G\u00f3mez - tzionlibreria.com","isPartOf":{"@id":"https:\/\/tzionlibreria.com\/#website"},"primaryImageOfPage":{"@id":"https:\/\/tzionlibreria.com\/index.php\/product\/soy-nina-creada-con-un-proposito-hermoso-betsy-gomez\/#primaryimage"},"image":{"@id":"https:\/\/tzionlibreria.com\/index.php\/product\/soy-nina-creada-con-un-proposito-hermoso-betsy-gomez\/#primaryimage"},"thumbnailUrl":"https:\/\/tzionlibreria.com\/wp-content\/uploads\/2024\/12\/17.png","datePublished":"2024-12-15T17:07:58+00:00","dateModified":"2025-12-13T23:00:29+00:00","description":"ense\u00f1a a las ni\u00f1as peque\u00f1as los valores de ser creada a la imagen de Dios y que ser mujer es algo maravilloso. Anclado en verdades b\u00edblicas.","breadcrumb":{"@id":"https:\/\/tzionlibreria.com\/index.php\/product\/soy-nina-creada-con-un-proposito-hermoso-betsy-gomez\/#breadcrumb"},"inLanguage":"es-CO","potentialAction":[{"@type":"ReadAction","target":["https:\/\/tzionlibreria.com\/index.php\/product\/soy-nina-creada-con-un-proposito-hermoso-betsy-gomez\/"]}]},{"@type":"ImageObject","inLanguage":"es-CO","@id":"https:\/\/tzionlibreria.com\/index.php\/product\/soy-nina-creada-con-un-proposito-hermoso-betsy-gomez\/#primaryimage","url":"https:\/\/tzionlibreria.com\/wp-content\/uploads\/2024\/12\/17.png","contentUrl":"https:\/\/tzionlibreria.com\/wp-content\/uploads\/2024\/12\/17.png","width":1080,"height":1080},{"@type":"BreadcrumbList","@id":"https:\/\/tzionlibreria.com\/index.php\/product\/soy-nina-creada-con-un-proposito-hermoso-betsy-gomez\/#breadcrumb","itemListElement":[{"@type":"ListItem","position":1,"name":"Inicio","item":"https:\/\/tzionlibreria.com\/"},{"@type":"ListItem","position":2,"name":"Shop","item":"https:\/\/tzionlibreria.com\/index.php\/shop\/"},{"@type":"ListItem","position":3,"name":"Soy Ni\u00f1a &#8211; Creada Con Un Prop\u00f3sito Hermoso &#8211; \u00a0Betsy G\u00f3mez"}]},{"@type":"WebSite","@id":"https:\/\/tzionlibreria.com\/#website","url":"https:\/\/tzionlibreria.com\/","name":"tzionlibreria.com","description":"Libreria Cristiana Venezuela","publisher":{"@id":"https:\/\/tzionlibreria.com\/#organization"},"potentialAction":[{"@type":"SearchAction","target":{"@type":"EntryPoint","urlTemplate":"https:\/\/tzionlibreria.com\/?s={search_term_string}"},"query-input":{"@type":"PropertyValueSpecification","valueRequired":true,"valueName":"search_term_string"}}],"inLanguage":"es-CO"},{"@type":"Organization","@id":"https:\/\/tzionlibreria.com\/#organization","name":"tzionlibreria.com","url":"https:\/\/tzionlibreria.com\/","logo":{"@type":"ImageObject","inLanguage":"es-CO","@id":"https:\/\/tzionlibreria.com\/#\/schema\/logo\/image\/","url":"https:\/\/tzionlibreria.com\/wp-content\/uploads\/2023\/10\/cropped-Cuadricula-scaled-1.jpg","contentUrl":"https:\/\/tzionlibreria.com\/wp-content\/uploads\/2023\/10\/cropped-Cuadricula-scaled-1.jpg","width":2560,"height":2560,"caption":"tzionlibreria.com"},"image":{"@id":"https:\/\/tzionlibreria.com\/#\/schema\/logo\/image\/"}}]}},"jetpack_sharing_enabled":true,"_links":{"self":[{"href":"https:\/\/tzionlibreria.com\/index.php\/wp-json\/wp\/v2\/product\/4497","targetHints":{"allow":["GET"]}}],"collection":[{"href":"https:\/\/tzionlibreria.com\/index.php\/wp-json\/wp\/v2\/product"}],"about":[{"href":"https:\/\/tzionlibreria.com\/index.php\/wp-json\/wp\/v2\/types\/product"}],"replies":[{"embeddable":true,"href":"https:\/\/tzionlibreria.com\/index.php\/wp-json\/wp\/v2\/comments?post=4497"}],"wp:featuredmedia":[{"embeddable":true,"href":"https:\/\/tzionlibreria.com\/index.php\/wp-json\/wp\/v2\/media\/4498"}],"wp:attachment":[{"href":"https:\/\/tzionlibreria.com\/index.php\/wp-json\/wp\/v2\/media?parent=4497"}],"wp:term":[{"taxonomy":"product_brand","embeddable":true,"href":"https:\/\/tzionlibreria.com\/index.php\/wp-json\/wp\/v2\/product_brand?post=4497"},{"taxonomy":"product_cat","embeddable":true,"href":"https:\/\/tzionlibreria.com\/index.php\/wp-json\/wp\/v2\/product_cat?post=4497"},{"taxonomy":"product_tag","embeddable":true,"href":"https:\/\/tzionlibreria.com\/index.php\/wp-json\/wp\/v2\/product_tag?post=4497"}],"curies":[{"name":"wp","href":"https:\/\/api.w.org\/{rel}","templated":true}]}}