{"id":4505,"date":"2024-12-15T17:18:43","date_gmt":"2024-12-15T17:18:43","guid":{"rendered":"https:\/\/tzionlibreria.com\/?post_type=product&#038;p=4505"},"modified":"2024-12-15T17:20:52","modified_gmt":"2024-12-15T17:20:52","slug":"promesas-y-palabras-de-aliento-para-cada-dia-charles-spurgeon","status":"publish","type":"product","link":"https:\/\/tzionlibreria.com\/index.php\/product\/promesas-y-palabras-de-aliento-para-cada-dia-charles-spurgeon\/","title":{"rendered":"Promesas Y Palabras De Aliento Para Cada D\u00eda-Charles Spurgeon"},"content":{"rendered":"<h2 class=\"product-subtitle\">Libro de cheques del banco de la fe<\/h2>\n<p>&nbsp;<\/p>\n<p>-Spurgeon escribi\u00f3 esta selecci\u00f3n de lecturas para animar a los creyentes a presentarle a Dios, en oraci\u00f3n y fe, las promesas que \u00c9l ha dado en las Escrituras. Dios no ha dado su palabra para despu\u00e9s no cumplirla. El cristiano debe tomar sus promesas y aceptarlas por fe.<\/p>\n<p>-Se trata de un excelente libro de devocionales diarios para todo el a\u00f1o. Edificar\u00e1 tu vida espiritual si adoptas el h\u00e1bito de leerlo cada d\u00eda junto con el pasaje b\u00edblico que se menciona.<\/p>\n<ul class=\"a-unordered-list a-nostyle a-vertical a-spacing-none detail-bullet-list\">\n<li><span class=\"a-list-item\"><span class=\"a-text-bold\">Editorial :<\/span>Editorial Portavoz (29 Agosto 2016)<\/span><\/li>\n<li><span class=\"a-list-item\"><span class=\"a-text-bold\">Idioma: \u200e<\/span>Espa\u00f1ol<\/span><\/li>\n<li><span class=\"a-list-item\"><span class=\"a-text-bold\">Tapa blanda:\u200e <\/span>384 p\u00e1ginas<\/span><\/li>\n<li><span class=\"a-list-item\"><span class=\"a-text-bold\">ISBN: <\/span>9780825457296<\/span><\/li>\n<li><span class=\"a-list-item\"><span class=\"a-text-bold\">Dimensiones \u200f: \u200e17 x 14 x 2,5 mm<\/span><\/span><\/li>\n<\/ul>\n","protected":false},"excerpt":{"rendered":"<p>Libro de cheques del banco de la fe &nbsp; -Spurgeon escribi\u00f3 esta selecci\u00f3n de lecturas para animar a los creyentes a presentarle a Dios, en oraci\u00f3n y fe, las promesas que \u00c9l ha dado en las Escrituras. Dios no ha dado su palabra para despu\u00e9s no cumplirla. El cristiano debe tomar sus promesas y aceptarlas [&hellip;]<\/p>\n","protected":false},"featured_media":4507,"comment_status":"open","ping_status":"closed","template":"","meta":{"om_disable_all_campaigns":false,"_monsterinsights_skip_tracking":false,"_monsterinsights_sitenote_active":false,"_monsterinsights_sitenote_note":"","_monsterinsights_sitenote_category":0,"site-sidebar-layout":"default","site-content-layout":"","ast-site-content-layout":"default","site-content-style":"default","site-sidebar-style":"default","ast-global-header-display":"","ast-banner-title-visibility":"","ast-main-header-display":"","ast-hfb-above-header-display":"","ast-hfb-below-header-display":"","ast-hfb-mobile-header-display":"","site-post-title":"","ast-breadcrumbs-content":"","ast-featured-img":"","footer-sml-layout":"","ast-disable-related-posts":"","theme-transparent-header-meta":"default","adv-header-id-meta":"","stick-header-meta":"","header-above-stick-meta":"","header-main-stick-meta":"","header-below-stick-meta":"","astra-migrate-meta-layouts":"set","ast-page-background-enabled":"default","ast-page-background-meta":{"desktop":{"background-color":"var(--ast-global-color-4)","background-image":"","background-repeat":"repeat","background-position":"center center","background-size":"auto","background-attachment":"scroll","background-type":"","background-media":"","overlay-type":"","overlay-color":"","overlay-opacity":"","overlay-gradient":""},"tablet":{"background-color":"","background-image":"","background-repeat":"repeat","background-position":"center center","background-size":"auto","background-attachment":"scroll","background-type":"","background-media":"","overlay-type":"","overlay-color":"","overlay-opacity":"","overlay-gradient":""},"mobile":{"background-color":"","background-image":"","background-repeat":"repeat","background-position":"center center","background-size":"auto","background-attachment":"scroll","background-type":"","background-media":"","overlay-type":"","overlay-color":"","overlay-opacity":"","overlay-gradient":""}},"ast-content-background-meta":{"desktop":{"background-color":"var(--ast-global-color-5)","background-image":"","background-repeat":"repeat","background-position":"center center","background-size":"auto","background-attachment":"scroll","background-type":"","background-media":"","overlay-type":"","overlay-color":"","overlay-opacity":"","overlay-gradient":""},"tablet":{"background-color":"var(--ast-global-color-5)","background-image":"","background-repeat":"repeat","background-position":"center center","background-size":"auto","background-attachment":"scroll","background-type":"","background-media":"","overlay-type":"","overlay-color":"","overlay-opacity":"","overlay-gradient":""},"mobile":{"background-color":"var(--ast-global-color-5)","background-image":"","background-repeat":"repeat","background-position":"center center","background-size":"auto","background-attachment":"scroll","background-type":"","background-media":"","overlay-type":"","overlay-color":"","overlay-opacity":"","overlay-gradient":""}}},"product_brand":[],"product_cat":[24],"product_tag":[161],"class_list":{"0":"post-4505","1":"product","2":"type-product","3":"status-publish","4":"has-post-thumbnail","6":"product_cat-devocionales","7":"product_tag-charles-spurgeon","8":"desktop-align-left","9":"tablet-align-left","10":"mobile-align-left","12":"first","13":"instock","14":"shipping-taxable","15":"purchasable","16":"product-type-simple"},"yoast_head":"<!-- This site is optimized with the Yoast SEO plugin v27.4 - https:\/\/yoast.com\/product\/yoast-seo-wordpress\/ -->\n<title>Promesas Y Palabras De Aliento Para Cada D\u00eda-Charles Spurgeon - tzionlibreria.com<\/title>\n<meta name=\"description\" content=\"Se trata de un excelente libro de devocionales diarios para todo el a\u00f1o. Edificar\u00e1 tu vida espiritual si adoptas el h\u00e1bito de leerlo cada d\u00eda.\" \/>\n<meta name=\"robots\" content=\"index, follow, max-snippet:-1, max-image-preview:large, max-video-preview:-1\" \/>\n<link rel=\"canonical\" href=\"https:\/\/tzionlibreria.com\/index.php\/product\/promesas-y-palabras-de-aliento-para-cada-dia-charles-spurgeon\/\" \/>\n<meta property=\"og:locale\" content=\"es_ES\" \/>\n<meta property=\"og:type\" content=\"article\" \/>\n<meta property=\"og:title\" content=\"Promesas Y Palabras De Aliento Para Cada D\u00eda-Charles Spurgeon - tzionlibreria.com\" \/>\n<meta property=\"og:description\" content=\"Se trata de un excelente libro de devocionales diarios para todo el a\u00f1o. Edificar\u00e1 tu vida espiritual si adoptas el h\u00e1bito de leerlo cada d\u00eda.\" \/>\n<meta property=\"og:url\" content=\"https:\/\/tzionlibreria.com\/index.php\/product\/promesas-y-palabras-de-aliento-para-cada-dia-charles-spurgeon\/\" \/>\n<meta property=\"og:site_name\" content=\"tzionlibreria.com\" \/>\n<meta property=\"article:modified_time\" content=\"2024-12-15T17:20:52+00:00\" \/>\n<meta property=\"og:image\" content=\"http:\/\/tzionlibreria.com\/wp-content\/uploads\/2024\/12\/18.png\" \/>\n\t<meta property=\"og:image:width\" content=\"1080\" \/>\n\t<meta property=\"og:image:height\" content=\"1080\" \/>\n\t<meta property=\"og:image:type\" content=\"image\/png\" \/>\n<meta name=\"twitter:card\" content=\"summary_large_image\" \/>\n<meta name=\"twitter:label1\" content=\"Tiempo de lectura\" \/>\n\t<meta name=\"twitter:data1\" content=\"1 minuto\" \/>\n<script type=\"application\/ld+json\" class=\"yoast-schema-graph\">{\"@context\":\"https:\\\/\\\/schema.org\",\"@graph\":[{\"@type\":\"WebPage\",\"@id\":\"https:\\\/\\\/tzionlibreria.com\\\/index.php\\\/product\\\/promesas-y-palabras-de-aliento-para-cada-dia-charles-spurgeon\\\/\",\"url\":\"https:\\\/\\\/tzionlibreria.com\\\/index.php\\\/product\\\/promesas-y-palabras-de-aliento-para-cada-dia-charles-spurgeon\\\/\",\"name\":\"Promesas Y Palabras De Aliento Para Cada D\u00eda-Charles Spurgeon - tzionlibreria.com\",\"isPartOf\":{\"@id\":\"https:\\\/\\\/tzionlibreria.com\\\/#website\"},\"primaryImageOfPage\":{\"@id\":\"https:\\\/\\\/tzionlibreria.com\\\/index.php\\\/product\\\/promesas-y-palabras-de-aliento-para-cada-dia-charles-spurgeon\\\/#primaryimage\"},\"image\":{\"@id\":\"https:\\\/\\\/tzionlibreria.com\\\/index.php\\\/product\\\/promesas-y-palabras-de-aliento-para-cada-dia-charles-spurgeon\\\/#primaryimage\"},\"thumbnailUrl\":\"https:\\\/\\\/tzionlibreria.com\\\/wp-content\\\/uploads\\\/2024\\\/12\\\/18.png\",\"datePublished\":\"2024-12-15T17:18:43+00:00\",\"dateModified\":\"2024-12-15T17:20:52+00:00\",\"description\":\"Se trata de un excelente libro de devocionales diarios para todo el a\u00f1o. Edificar\u00e1 tu vida espiritual si adoptas el h\u00e1bito de leerlo cada d\u00eda.\",\"breadcrumb\":{\"@id\":\"https:\\\/\\\/tzionlibreria.com\\\/index.php\\\/product\\\/promesas-y-palabras-de-aliento-para-cada-dia-charles-spurgeon\\\/#breadcrumb\"},\"inLanguage\":\"es-CO\",\"potentialAction\":[{\"@type\":\"ReadAction\",\"target\":[\"https:\\\/\\\/tzionlibreria.com\\\/index.php\\\/product\\\/promesas-y-palabras-de-aliento-para-cada-dia-charles-spurgeon\\\/\"]}]},{\"@type\":\"ImageObject\",\"inLanguage\":\"es-CO\",\"@id\":\"https:\\\/\\\/tzionlibreria.com\\\/index.php\\\/product\\\/promesas-y-palabras-de-aliento-para-cada-dia-charles-spurgeon\\\/#primaryimage\",\"url\":\"https:\\\/\\\/tzionlibreria.com\\\/wp-content\\\/uploads\\\/2024\\\/12\\\/18.png\",\"contentUrl\":\"https:\\\/\\\/tzionlibreria.com\\\/wp-content\\\/uploads\\\/2024\\\/12\\\/18.png\",\"width\":1080,\"height\":1080},{\"@type\":\"BreadcrumbList\",\"@id\":\"https:\\\/\\\/tzionlibreria.com\\\/index.php\\\/product\\\/promesas-y-palabras-de-aliento-para-cada-dia-charles-spurgeon\\\/#breadcrumb\",\"itemListElement\":[{\"@type\":\"ListItem\",\"position\":1,\"name\":\"Inicio\",\"item\":\"https:\\\/\\\/tzionlibreria.com\\\/\"},{\"@type\":\"ListItem\",\"position\":2,\"name\":\"Shop\",\"item\":\"https:\\\/\\\/tzionlibreria.com\\\/index.php\\\/shop\\\/\"},{\"@type\":\"ListItem\",\"position\":3,\"name\":\"Promesas Y Palabras De Aliento Para Cada D\u00eda-Charles Spurgeon\"}]},{\"@type\":\"WebSite\",\"@id\":\"https:\\\/\\\/tzionlibreria.com\\\/#website\",\"url\":\"https:\\\/\\\/tzionlibreria.com\\\/\",\"name\":\"tzionlibreria.com\",\"description\":\"Libreria Cristiana Venezuela\",\"publisher\":{\"@id\":\"https:\\\/\\\/tzionlibreria.com\\\/#organization\"},\"potentialAction\":[{\"@type\":\"SearchAction\",\"target\":{\"@type\":\"EntryPoint\",\"urlTemplate\":\"https:\\\/\\\/tzionlibreria.com\\\/?s={search_term_string}\"},\"query-input\":{\"@type\":\"PropertyValueSpecification\",\"valueRequired\":true,\"valueName\":\"search_term_string\"}}],\"inLanguage\":\"es-CO\"},{\"@type\":\"Organization\",\"@id\":\"https:\\\/\\\/tzionlibreria.com\\\/#organization\",\"name\":\"tzionlibreria.com\",\"url\":\"https:\\\/\\\/tzionlibreria.com\\\/\",\"logo\":{\"@type\":\"ImageObject\",\"inLanguage\":\"es-CO\",\"@id\":\"https:\\\/\\\/tzionlibreria.com\\\/#\\\/schema\\\/logo\\\/image\\\/\",\"url\":\"https:\\\/\\\/tzionlibreria.com\\\/wp-content\\\/uploads\\\/2023\\\/10\\\/cropped-Cuadricula-scaled-1.jpg\",\"contentUrl\":\"https:\\\/\\\/tzionlibreria.com\\\/wp-content\\\/uploads\\\/2023\\\/10\\\/cropped-Cuadricula-scaled-1.jpg\",\"width\":2560,\"height\":2560,\"caption\":\"tzionlibreria.com\"},\"image\":{\"@id\":\"https:\\\/\\\/tzionlibreria.com\\\/#\\\/schema\\\/logo\\\/image\\\/\"}}]}<\/script>\n<!-- \/ Yoast SEO plugin. -->","yoast_head_json":{"title":"Promesas Y Palabras De Aliento Para Cada D\u00eda-Charles Spurgeon - tzionlibreria.com","description":"Se trata de un excelente libro de devocionales diarios para todo el a\u00f1o. Edificar\u00e1 tu vida espiritual si adoptas el h\u00e1bito de leerlo cada d\u00eda.","robots":{"index":"index","follow":"follow","max-snippet":"max-snippet:-1","max-image-preview":"max-image-preview:large","max-video-preview":"max-video-preview:-1"},"canonical":"https:\/\/tzionlibreria.com\/index.php\/product\/promesas-y-palabras-de-aliento-para-cada-dia-charles-spurgeon\/","og_locale":"es_ES","og_type":"article","og_title":"Promesas Y Palabras De Aliento Para Cada D\u00eda-Charles Spurgeon - tzionlibreria.com","og_description":"Se trata de un excelente libro de devocionales diarios para todo el a\u00f1o. Edificar\u00e1 tu vida espiritual si adoptas el h\u00e1bito de leerlo cada d\u00eda.","og_url":"https:\/\/tzionlibreria.com\/index.php\/product\/promesas-y-palabras-de-aliento-para-cada-dia-charles-spurgeon\/","og_site_name":"tzionlibreria.com","article_modified_time":"2024-12-15T17:20:52+00:00","og_image":[{"width":1080,"height":1080,"url":"http:\/\/tzionlibreria.com\/wp-content\/uploads\/2024\/12\/18.png","type":"image\/png"}],"twitter_card":"summary_large_image","twitter_misc":{"Tiempo de lectura":"1 minuto"},"schema":{"@context":"https:\/\/schema.org","@graph":[{"@type":"WebPage","@id":"https:\/\/tzionlibreria.com\/index.php\/product\/promesas-y-palabras-de-aliento-para-cada-dia-charles-spurgeon\/","url":"https:\/\/tzionlibreria.com\/index.php\/product\/promesas-y-palabras-de-aliento-para-cada-dia-charles-spurgeon\/","name":"Promesas Y Palabras De Aliento Para Cada D\u00eda-Charles Spurgeon - tzionlibreria.com","isPartOf":{"@id":"https:\/\/tzionlibreria.com\/#website"},"primaryImageOfPage":{"@id":"https:\/\/tzionlibreria.com\/index.php\/product\/promesas-y-palabras-de-aliento-para-cada-dia-charles-spurgeon\/#primaryimage"},"image":{"@id":"https:\/\/tzionlibreria.com\/index.php\/product\/promesas-y-palabras-de-aliento-para-cada-dia-charles-spurgeon\/#primaryimage"},"thumbnailUrl":"https:\/\/tzionlibreria.com\/wp-content\/uploads\/2024\/12\/18.png","datePublished":"2024-12-15T17:18:43+00:00","dateModified":"2024-12-15T17:20:52+00:00","description":"Se trata de un excelente libro de devocionales diarios para todo el a\u00f1o. Edificar\u00e1 tu vida espiritual si adoptas el h\u00e1bito de leerlo cada d\u00eda.","breadcrumb":{"@id":"https:\/\/tzionlibreria.com\/index.php\/product\/promesas-y-palabras-de-aliento-para-cada-dia-charles-spurgeon\/#breadcrumb"},"inLanguage":"es-CO","potentialAction":[{"@type":"ReadAction","target":["https:\/\/tzionlibreria.com\/index.php\/product\/promesas-y-palabras-de-aliento-para-cada-dia-charles-spurgeon\/"]}]},{"@type":"ImageObject","inLanguage":"es-CO","@id":"https:\/\/tzionlibreria.com\/index.php\/product\/promesas-y-palabras-de-aliento-para-cada-dia-charles-spurgeon\/#primaryimage","url":"https:\/\/tzionlibreria.com\/wp-content\/uploads\/2024\/12\/18.png","contentUrl":"https:\/\/tzionlibreria.com\/wp-content\/uploads\/2024\/12\/18.png","width":1080,"height":1080},{"@type":"BreadcrumbList","@id":"https:\/\/tzionlibreria.com\/index.php\/product\/promesas-y-palabras-de-aliento-para-cada-dia-charles-spurgeon\/#breadcrumb","itemListElement":[{"@type":"ListItem","position":1,"name":"Inicio","item":"https:\/\/tzionlibreria.com\/"},{"@type":"ListItem","position":2,"name":"Shop","item":"https:\/\/tzionlibreria.com\/index.php\/shop\/"},{"@type":"ListItem","position":3,"name":"Promesas Y Palabras De Aliento Para Cada D\u00eda-Charles Spurgeon"}]},{"@type":"WebSite","@id":"https:\/\/tzionlibreria.com\/#website","url":"https:\/\/tzionlibreria.com\/","name":"tzionlibreria.com","description":"Libreria Cristiana Venezuela","publisher":{"@id":"https:\/\/tzionlibreria.com\/#organization"},"potentialAction":[{"@type":"SearchAction","target":{"@type":"EntryPoint","urlTemplate":"https:\/\/tzionlibreria.com\/?s={search_term_string}"},"query-input":{"@type":"PropertyValueSpecification","valueRequired":true,"valueName":"search_term_string"}}],"inLanguage":"es-CO"},{"@type":"Organization","@id":"https:\/\/tzionlibreria.com\/#organization","name":"tzionlibreria.com","url":"https:\/\/tzionlibreria.com\/","logo":{"@type":"ImageObject","inLanguage":"es-CO","@id":"https:\/\/tzionlibreria.com\/#\/schema\/logo\/image\/","url":"https:\/\/tzionlibreria.com\/wp-content\/uploads\/2023\/10\/cropped-Cuadricula-scaled-1.jpg","contentUrl":"https:\/\/tzionlibreria.com\/wp-content\/uploads\/2023\/10\/cropped-Cuadricula-scaled-1.jpg","width":2560,"height":2560,"caption":"tzionlibreria.com"},"image":{"@id":"https:\/\/tzionlibreria.com\/#\/schema\/logo\/image\/"}}]}},"jetpack_sharing_enabled":true,"_links":{"self":[{"href":"https:\/\/tzionlibreria.com\/index.php\/wp-json\/wp\/v2\/product\/4505","targetHints":{"allow":["GET"]}}],"collection":[{"href":"https:\/\/tzionlibreria.com\/index.php\/wp-json\/wp\/v2\/product"}],"about":[{"href":"https:\/\/tzionlibreria.com\/index.php\/wp-json\/wp\/v2\/types\/product"}],"replies":[{"embeddable":true,"href":"https:\/\/tzionlibreria.com\/index.php\/wp-json\/wp\/v2\/comments?post=4505"}],"wp:featuredmedia":[{"embeddable":true,"href":"https:\/\/tzionlibreria.com\/index.php\/wp-json\/wp\/v2\/media\/4507"}],"wp:attachment":[{"href":"https:\/\/tzionlibreria.com\/index.php\/wp-json\/wp\/v2\/media?parent=4505"}],"wp:term":[{"taxonomy":"product_brand","embeddable":true,"href":"https:\/\/tzionlibreria.com\/index.php\/wp-json\/wp\/v2\/product_brand?post=4505"},{"taxonomy":"product_cat","embeddable":true,"href":"https:\/\/tzionlibreria.com\/index.php\/wp-json\/wp\/v2\/product_cat?post=4505"},{"taxonomy":"product_tag","embeddable":true,"href":"https:\/\/tzionlibreria.com\/index.php\/wp-json\/wp\/v2\/product_tag?post=4505"}],"curies":[{"name":"wp","href":"https:\/\/api.w.org\/{rel}","templated":true}]}}