{"id":4509,"date":"2024-12-15T17:55:58","date_gmt":"2024-12-15T17:55:58","guid":{"rendered":"https:\/\/tzionlibreria.com\/?post_type=product&#038;p=4509"},"modified":"2025-12-01T16:53:20","modified_gmt":"2025-12-01T16:53:20","slug":"jerusalen-desde-el-paraiso-hasta-la-eternidad-steven-arik-bar-el","status":"publish","type":"product","link":"https:\/\/tzionlibreria.com\/index.php\/product\/jerusalen-desde-el-paraiso-hasta-la-eternidad-steven-arik-bar-el\/","title":{"rendered":"Jerusal\u00e9n: desde el Para\u00edso hasta la Eternidad \u2013 Steven Arik Bar-el"},"content":{"rendered":"<p>&nbsp;<\/p>\n<div class=\"ast-oembed-container \" style=\"height: 100%;\"><iframe title=\"El Libro: &quot;Jerusal\u00e9n: desde Paraiso hasta la Eternidad&quot; por Steven Arik Barel\" width=\"500\" height=\"375\" src=\"https:\/\/www.youtube.com\/embed\/uMejVKD-hyA?feature=oembed\" frameborder=\"0\" allow=\"accelerometer; autoplay; clipboard-write; encrypted-media; gyroscope; picture-in-picture; web-share\" referrerpolicy=\"strict-origin-when-cross-origin\" allowfullscreen><\/iframe><\/div>\n<p>&nbsp;<\/p>\n<p>&nbsp;<\/p>\n<p>-Todas las historias de la Biblia son historias que cierran un c\u00edrculo, entonces \u00bfpor qu\u00e9 la Biblia comenz\u00f3 en el Para\u00edso pero termina en Jerusal\u00e9n? \u00bfPor qu\u00e9 fuimos expulsados del Para\u00edso pero nuestra herencia est\u00e1 en Jerusal\u00e9n? Y\u2026 \u00bfc\u00f3mo se form\u00f3 la Jerusal\u00e9n celestial?<\/p>\n<p>-Este libro analiza el significado y la posici\u00f3n de Jerusal\u00e9n en el plan divino seg\u00fan las escrituras y revela todos sus secretos, lo que enriquece y profundiza nuestra comprensi\u00f3n de la ciudad de Dios.<\/p>\n<p>-El autor del libro identifica a Jerusal\u00e9n como el lugar del para\u00edso del libro de G\u00e9nesis, bas\u00e1ndose en los vers\u00edculos b\u00edblicos, la historia y la geograf\u00eda, y extrae las ideas aprendidas de ello.<\/p>\n<p>-Jerusal\u00e9n es el frente de la guerra espiritual entre el bien y el mal, que se manifiesta en la enorme tensi\u00f3n pol\u00edtica y religiosa que en ella, lo que traer\u00e1 sobre ella la \u201cGuerra del D\u00eda del Se\u00f1or\u201d \u2013 tras la cual Jerusal\u00e9n volver\u00e1 a ser el Jard\u00edn del Ed\u00e9n.<\/p>\n<p>-Steven Arik Bar-El es un jud\u00edo-israel\u00ed. A los 18 a\u00f1os descubri\u00f3 a Yeshua el Mes\u00edas y desde entonces ha dedicado su vida a aprender su palabra. Despu\u00e9s de su servicio militar, Steven se convirti\u00f3 en gu\u00eda, como parte de la visi\u00f3n de ense\u00f1ar a los gentiles sobre la tierra de Dios, y fund\u00f3 el \u201cCentro Israel\u00ed-Mesi\u00e1nico de Estudios B\u00edblicos\u201d.<\/p>\n<p>&nbsp;<\/p>\n<ul class=\"a-unordered-list a-nostyle a-vertical a-spacing-none detail-bullet-list\">\n<li><span class=\"a-list-item\"><span class=\"a-text-bold\">Editorial: \u200e<\/span>Israeli Center for Libraries (8 Febrero 2024)<\/span><\/li>\n<li><span class=\"a-list-item\"><span class=\"a-text-bold\">Idioma: \u200e<\/span>Espa\u00f1ol<\/span><\/li>\n<li><span class=\"a-list-item\"><span class=\"a-text-bold\">Tapa blanda: \u200e<\/span>384 p\u00e1ginas<\/span><\/li>\n<li><span class=\"a-list-item\"><span class=\"a-text-bold\">ISBN\u200f : \u200e<\/span>9789655986686<\/span><\/li>\n<\/ul>\n","protected":false},"excerpt":{"rendered":"<p>&nbsp; &nbsp; &nbsp; -Todas las historias de la Biblia son historias que cierran un c\u00edrculo, entonces \u00bfpor qu\u00e9 la Biblia comenz\u00f3 en el Para\u00edso pero termina en Jerusal\u00e9n? \u00bfPor qu\u00e9 fuimos expulsados del Para\u00edso pero nuestra herencia est\u00e1 en Jerusal\u00e9n? Y\u2026 \u00bfc\u00f3mo se form\u00f3 la Jerusal\u00e9n celestial? -Este libro analiza el significado y la posici\u00f3n [&hellip;]<\/p>\n","protected":false},"featured_media":4511,"comment_status":"open","ping_status":"closed","template":"","meta":{"om_disable_all_campaigns":false,"_monsterinsights_skip_tracking":false,"_monsterinsights_sitenote_active":false,"_monsterinsights_sitenote_note":"","_monsterinsights_sitenote_category":0,"site-sidebar-layout":"default","site-content-layout":"","ast-site-content-layout":"default","site-content-style":"default","site-sidebar-style":"default","ast-global-header-display":"","ast-banner-title-visibility":"","ast-main-header-display":"","ast-hfb-above-header-display":"","ast-hfb-below-header-display":"","ast-hfb-mobile-header-display":"","site-post-title":"","ast-breadcrumbs-content":"","ast-featured-img":"","footer-sml-layout":"","ast-disable-related-posts":"","theme-transparent-header-meta":"default","adv-header-id-meta":"","stick-header-meta":"","header-above-stick-meta":"","header-main-stick-meta":"","header-below-stick-meta":"","astra-migrate-meta-layouts":"set","ast-page-background-enabled":"default","ast-page-background-meta":{"desktop":{"background-color":"var(--ast-global-color-4)","background-image":"","background-repeat":"repeat","background-position":"center center","background-size":"auto","background-attachment":"scroll","background-type":"","background-media":"","overlay-type":"","overlay-color":"","overlay-opacity":"","overlay-gradient":""},"tablet":{"background-color":"","background-image":"","background-repeat":"repeat","background-position":"center center","background-size":"auto","background-attachment":"scroll","background-type":"","background-media":"","overlay-type":"","overlay-color":"","overlay-opacity":"","overlay-gradient":""},"mobile":{"background-color":"","background-image":"","background-repeat":"repeat","background-position":"center center","background-size":"auto","background-attachment":"scroll","background-type":"","background-media":"","overlay-type":"","overlay-color":"","overlay-opacity":"","overlay-gradient":""}},"ast-content-background-meta":{"desktop":{"background-color":"var(--ast-global-color-5)","background-image":"","background-repeat":"repeat","background-position":"center center","background-size":"auto","background-attachment":"scroll","background-type":"","background-media":"","overlay-type":"","overlay-color":"","overlay-opacity":"","overlay-gradient":""},"tablet":{"background-color":"var(--ast-global-color-5)","background-image":"","background-repeat":"repeat","background-position":"center center","background-size":"auto","background-attachment":"scroll","background-type":"","background-media":"","overlay-type":"","overlay-color":"","overlay-opacity":"","overlay-gradient":""},"mobile":{"background-color":"var(--ast-global-color-5)","background-image":"","background-repeat":"repeat","background-position":"center center","background-size":"auto","background-attachment":"scroll","background-type":"","background-media":"","overlay-type":"","overlay-color":"","overlay-opacity":"","overlay-gradient":""}}},"product_brand":[],"product_cat":[165,174,173,23,166,41,26],"product_tag":[],"class_list":{"0":"post-4509","1":"product","2":"type-product","3":"status-publish","4":"has-post-thumbnail","6":"product_cat-adoracion","7":"product_cat-iglesia","8":"product_cat-jovenes","9":"product_cat-libros","10":"product_cat-profecia","11":"product_cat-raices-hebreas","12":"product_cat-teologia","13":"desktop-align-left","14":"tablet-align-left","15":"mobile-align-left","17":"first","18":"instock","19":"shipping-taxable","20":"purchasable","21":"product-type-simple"},"yoast_head":"<!-- This site is optimized with the Yoast SEO plugin v27.4 - https:\/\/yoast.com\/product\/yoast-seo-wordpress\/ -->\n<title>Jerusal\u00e9n: desde el Para\u00edso hasta la Eternidad \u2013 Steven Arik Bar-el - tzionlibreria.com<\/title>\n<meta name=\"description\" content=\"Analiza el significado y la posici\u00f3n de Jerusal\u00e9n en el plan divino seg\u00fan las escrituras sus secretos, profundiza la comprensi\u00f3n de la ciudad de Dios.\" \/>\n<meta name=\"robots\" content=\"index, follow, max-snippet:-1, max-image-preview:large, max-video-preview:-1\" \/>\n<link rel=\"canonical\" href=\"https:\/\/tzionlibreria.com\/index.php\/product\/jerusalen-desde-el-paraiso-hasta-la-eternidad-steven-arik-bar-el\/\" \/>\n<meta property=\"og:locale\" content=\"es_ES\" \/>\n<meta property=\"og:type\" content=\"article\" \/>\n<meta property=\"og:title\" content=\"Jerusal\u00e9n: desde el Para\u00edso hasta la Eternidad \u2013 Steven Arik Bar-el - tzionlibreria.com\" \/>\n<meta property=\"og:description\" content=\"Analiza el significado y la posici\u00f3n de Jerusal\u00e9n en el plan divino seg\u00fan las escrituras sus secretos, profundiza la comprensi\u00f3n de la ciudad de Dios.\" \/>\n<meta property=\"og:url\" content=\"https:\/\/tzionlibreria.com\/index.php\/product\/jerusalen-desde-el-paraiso-hasta-la-eternidad-steven-arik-bar-el\/\" \/>\n<meta property=\"og:site_name\" content=\"tzionlibreria.com\" \/>\n<meta property=\"article:modified_time\" content=\"2025-12-01T16:53:20+00:00\" \/>\n<meta property=\"og:image\" content=\"http:\/\/tzionlibreria.com\/wp-content\/uploads\/2024\/12\/19.png\" \/>\n\t<meta property=\"og:image:width\" content=\"1080\" \/>\n\t<meta property=\"og:image:height\" content=\"1080\" \/>\n\t<meta property=\"og:image:type\" content=\"image\/png\" \/>\n<meta name=\"twitter:card\" content=\"summary_large_image\" \/>\n<meta name=\"twitter:label1\" content=\"Tiempo de lectura\" \/>\n\t<meta name=\"twitter:data1\" content=\"2 minutos\" \/>\n<script type=\"application\/ld+json\" class=\"yoast-schema-graph\">{\"@context\":\"https:\\\/\\\/schema.org\",\"@graph\":[{\"@type\":\"WebPage\",\"@id\":\"https:\\\/\\\/tzionlibreria.com\\\/index.php\\\/product\\\/jerusalen-desde-el-paraiso-hasta-la-eternidad-steven-arik-bar-el\\\/\",\"url\":\"https:\\\/\\\/tzionlibreria.com\\\/index.php\\\/product\\\/jerusalen-desde-el-paraiso-hasta-la-eternidad-steven-arik-bar-el\\\/\",\"name\":\"Jerusal\u00e9n: desde el Para\u00edso hasta la Eternidad \u2013 Steven Arik Bar-el - tzionlibreria.com\",\"isPartOf\":{\"@id\":\"https:\\\/\\\/tzionlibreria.com\\\/#website\"},\"primaryImageOfPage\":{\"@id\":\"https:\\\/\\\/tzionlibreria.com\\\/index.php\\\/product\\\/jerusalen-desde-el-paraiso-hasta-la-eternidad-steven-arik-bar-el\\\/#primaryimage\"},\"image\":{\"@id\":\"https:\\\/\\\/tzionlibreria.com\\\/index.php\\\/product\\\/jerusalen-desde-el-paraiso-hasta-la-eternidad-steven-arik-bar-el\\\/#primaryimage\"},\"thumbnailUrl\":\"https:\\\/\\\/tzionlibreria.com\\\/wp-content\\\/uploads\\\/2024\\\/12\\\/19.png\",\"datePublished\":\"2024-12-15T17:55:58+00:00\",\"dateModified\":\"2025-12-01T16:53:20+00:00\",\"description\":\"Analiza el significado y la posici\u00f3n de Jerusal\u00e9n en el plan divino seg\u00fan las escrituras sus secretos, profundiza la comprensi\u00f3n de la ciudad de Dios.\",\"breadcrumb\":{\"@id\":\"https:\\\/\\\/tzionlibreria.com\\\/index.php\\\/product\\\/jerusalen-desde-el-paraiso-hasta-la-eternidad-steven-arik-bar-el\\\/#breadcrumb\"},\"inLanguage\":\"es-CO\",\"potentialAction\":[{\"@type\":\"ReadAction\",\"target\":[\"https:\\\/\\\/tzionlibreria.com\\\/index.php\\\/product\\\/jerusalen-desde-el-paraiso-hasta-la-eternidad-steven-arik-bar-el\\\/\"]}]},{\"@type\":\"ImageObject\",\"inLanguage\":\"es-CO\",\"@id\":\"https:\\\/\\\/tzionlibreria.com\\\/index.php\\\/product\\\/jerusalen-desde-el-paraiso-hasta-la-eternidad-steven-arik-bar-el\\\/#primaryimage\",\"url\":\"https:\\\/\\\/tzionlibreria.com\\\/wp-content\\\/uploads\\\/2024\\\/12\\\/19.png\",\"contentUrl\":\"https:\\\/\\\/tzionlibreria.com\\\/wp-content\\\/uploads\\\/2024\\\/12\\\/19.png\",\"width\":1080,\"height\":1080},{\"@type\":\"BreadcrumbList\",\"@id\":\"https:\\\/\\\/tzionlibreria.com\\\/index.php\\\/product\\\/jerusalen-desde-el-paraiso-hasta-la-eternidad-steven-arik-bar-el\\\/#breadcrumb\",\"itemListElement\":[{\"@type\":\"ListItem\",\"position\":1,\"name\":\"Inicio\",\"item\":\"https:\\\/\\\/tzionlibreria.com\\\/\"},{\"@type\":\"ListItem\",\"position\":2,\"name\":\"Shop\",\"item\":\"https:\\\/\\\/tzionlibreria.com\\\/index.php\\\/shop\\\/\"},{\"@type\":\"ListItem\",\"position\":3,\"name\":\"Jerusal\u00e9n: desde el Para\u00edso hasta la Eternidad \u2013 Steven Arik Bar-el\"}]},{\"@type\":\"WebSite\",\"@id\":\"https:\\\/\\\/tzionlibreria.com\\\/#website\",\"url\":\"https:\\\/\\\/tzionlibreria.com\\\/\",\"name\":\"tzionlibreria.com\",\"description\":\"Libreria Cristiana Venezuela\",\"publisher\":{\"@id\":\"https:\\\/\\\/tzionlibreria.com\\\/#organization\"},\"potentialAction\":[{\"@type\":\"SearchAction\",\"target\":{\"@type\":\"EntryPoint\",\"urlTemplate\":\"https:\\\/\\\/tzionlibreria.com\\\/?s={search_term_string}\"},\"query-input\":{\"@type\":\"PropertyValueSpecification\",\"valueRequired\":true,\"valueName\":\"search_term_string\"}}],\"inLanguage\":\"es-CO\"},{\"@type\":\"Organization\",\"@id\":\"https:\\\/\\\/tzionlibreria.com\\\/#organization\",\"name\":\"tzionlibreria.com\",\"url\":\"https:\\\/\\\/tzionlibreria.com\\\/\",\"logo\":{\"@type\":\"ImageObject\",\"inLanguage\":\"es-CO\",\"@id\":\"https:\\\/\\\/tzionlibreria.com\\\/#\\\/schema\\\/logo\\\/image\\\/\",\"url\":\"https:\\\/\\\/tzionlibreria.com\\\/wp-content\\\/uploads\\\/2023\\\/10\\\/cropped-Cuadricula-scaled-1.jpg\",\"contentUrl\":\"https:\\\/\\\/tzionlibreria.com\\\/wp-content\\\/uploads\\\/2023\\\/10\\\/cropped-Cuadricula-scaled-1.jpg\",\"width\":2560,\"height\":2560,\"caption\":\"tzionlibreria.com\"},\"image\":{\"@id\":\"https:\\\/\\\/tzionlibreria.com\\\/#\\\/schema\\\/logo\\\/image\\\/\"}}]}<\/script>\n<!-- \/ Yoast SEO plugin. -->","yoast_head_json":{"title":"Jerusal\u00e9n: desde el Para\u00edso hasta la Eternidad \u2013 Steven Arik Bar-el - tzionlibreria.com","description":"Analiza el significado y la posici\u00f3n de Jerusal\u00e9n en el plan divino seg\u00fan las escrituras sus secretos, profundiza la comprensi\u00f3n de la ciudad de Dios.","robots":{"index":"index","follow":"follow","max-snippet":"max-snippet:-1","max-image-preview":"max-image-preview:large","max-video-preview":"max-video-preview:-1"},"canonical":"https:\/\/tzionlibreria.com\/index.php\/product\/jerusalen-desde-el-paraiso-hasta-la-eternidad-steven-arik-bar-el\/","og_locale":"es_ES","og_type":"article","og_title":"Jerusal\u00e9n: desde el Para\u00edso hasta la Eternidad \u2013 Steven Arik Bar-el - tzionlibreria.com","og_description":"Analiza el significado y la posici\u00f3n de Jerusal\u00e9n en el plan divino seg\u00fan las escrituras sus secretos, profundiza la comprensi\u00f3n de la ciudad de Dios.","og_url":"https:\/\/tzionlibreria.com\/index.php\/product\/jerusalen-desde-el-paraiso-hasta-la-eternidad-steven-arik-bar-el\/","og_site_name":"tzionlibreria.com","article_modified_time":"2025-12-01T16:53:20+00:00","og_image":[{"width":1080,"height":1080,"url":"http:\/\/tzionlibreria.com\/wp-content\/uploads\/2024\/12\/19.png","type":"image\/png"}],"twitter_card":"summary_large_image","twitter_misc":{"Tiempo de lectura":"2 minutos"},"schema":{"@context":"https:\/\/schema.org","@graph":[{"@type":"WebPage","@id":"https:\/\/tzionlibreria.com\/index.php\/product\/jerusalen-desde-el-paraiso-hasta-la-eternidad-steven-arik-bar-el\/","url":"https:\/\/tzionlibreria.com\/index.php\/product\/jerusalen-desde-el-paraiso-hasta-la-eternidad-steven-arik-bar-el\/","name":"Jerusal\u00e9n: desde el Para\u00edso hasta la Eternidad \u2013 Steven Arik Bar-el - tzionlibreria.com","isPartOf":{"@id":"https:\/\/tzionlibreria.com\/#website"},"primaryImageOfPage":{"@id":"https:\/\/tzionlibreria.com\/index.php\/product\/jerusalen-desde-el-paraiso-hasta-la-eternidad-steven-arik-bar-el\/#primaryimage"},"image":{"@id":"https:\/\/tzionlibreria.com\/index.php\/product\/jerusalen-desde-el-paraiso-hasta-la-eternidad-steven-arik-bar-el\/#primaryimage"},"thumbnailUrl":"https:\/\/tzionlibreria.com\/wp-content\/uploads\/2024\/12\/19.png","datePublished":"2024-12-15T17:55:58+00:00","dateModified":"2025-12-01T16:53:20+00:00","description":"Analiza el significado y la posici\u00f3n de Jerusal\u00e9n en el plan divino seg\u00fan las escrituras sus secretos, profundiza la comprensi\u00f3n de la ciudad de Dios.","breadcrumb":{"@id":"https:\/\/tzionlibreria.com\/index.php\/product\/jerusalen-desde-el-paraiso-hasta-la-eternidad-steven-arik-bar-el\/#breadcrumb"},"inLanguage":"es-CO","potentialAction":[{"@type":"ReadAction","target":["https:\/\/tzionlibreria.com\/index.php\/product\/jerusalen-desde-el-paraiso-hasta-la-eternidad-steven-arik-bar-el\/"]}]},{"@type":"ImageObject","inLanguage":"es-CO","@id":"https:\/\/tzionlibreria.com\/index.php\/product\/jerusalen-desde-el-paraiso-hasta-la-eternidad-steven-arik-bar-el\/#primaryimage","url":"https:\/\/tzionlibreria.com\/wp-content\/uploads\/2024\/12\/19.png","contentUrl":"https:\/\/tzionlibreria.com\/wp-content\/uploads\/2024\/12\/19.png","width":1080,"height":1080},{"@type":"BreadcrumbList","@id":"https:\/\/tzionlibreria.com\/index.php\/product\/jerusalen-desde-el-paraiso-hasta-la-eternidad-steven-arik-bar-el\/#breadcrumb","itemListElement":[{"@type":"ListItem","position":1,"name":"Inicio","item":"https:\/\/tzionlibreria.com\/"},{"@type":"ListItem","position":2,"name":"Shop","item":"https:\/\/tzionlibreria.com\/index.php\/shop\/"},{"@type":"ListItem","position":3,"name":"Jerusal\u00e9n: desde el Para\u00edso hasta la Eternidad \u2013 Steven Arik Bar-el"}]},{"@type":"WebSite","@id":"https:\/\/tzionlibreria.com\/#website","url":"https:\/\/tzionlibreria.com\/","name":"tzionlibreria.com","description":"Libreria Cristiana Venezuela","publisher":{"@id":"https:\/\/tzionlibreria.com\/#organization"},"potentialAction":[{"@type":"SearchAction","target":{"@type":"EntryPoint","urlTemplate":"https:\/\/tzionlibreria.com\/?s={search_term_string}"},"query-input":{"@type":"PropertyValueSpecification","valueRequired":true,"valueName":"search_term_string"}}],"inLanguage":"es-CO"},{"@type":"Organization","@id":"https:\/\/tzionlibreria.com\/#organization","name":"tzionlibreria.com","url":"https:\/\/tzionlibreria.com\/","logo":{"@type":"ImageObject","inLanguage":"es-CO","@id":"https:\/\/tzionlibreria.com\/#\/schema\/logo\/image\/","url":"https:\/\/tzionlibreria.com\/wp-content\/uploads\/2023\/10\/cropped-Cuadricula-scaled-1.jpg","contentUrl":"https:\/\/tzionlibreria.com\/wp-content\/uploads\/2023\/10\/cropped-Cuadricula-scaled-1.jpg","width":2560,"height":2560,"caption":"tzionlibreria.com"},"image":{"@id":"https:\/\/tzionlibreria.com\/#\/schema\/logo\/image\/"}}]}},"jetpack_sharing_enabled":true,"_links":{"self":[{"href":"https:\/\/tzionlibreria.com\/index.php\/wp-json\/wp\/v2\/product\/4509","targetHints":{"allow":["GET"]}}],"collection":[{"href":"https:\/\/tzionlibreria.com\/index.php\/wp-json\/wp\/v2\/product"}],"about":[{"href":"https:\/\/tzionlibreria.com\/index.php\/wp-json\/wp\/v2\/types\/product"}],"replies":[{"embeddable":true,"href":"https:\/\/tzionlibreria.com\/index.php\/wp-json\/wp\/v2\/comments?post=4509"}],"wp:featuredmedia":[{"embeddable":true,"href":"https:\/\/tzionlibreria.com\/index.php\/wp-json\/wp\/v2\/media\/4511"}],"wp:attachment":[{"href":"https:\/\/tzionlibreria.com\/index.php\/wp-json\/wp\/v2\/media?parent=4509"}],"wp:term":[{"taxonomy":"product_brand","embeddable":true,"href":"https:\/\/tzionlibreria.com\/index.php\/wp-json\/wp\/v2\/product_brand?post=4509"},{"taxonomy":"product_cat","embeddable":true,"href":"https:\/\/tzionlibreria.com\/index.php\/wp-json\/wp\/v2\/product_cat?post=4509"},{"taxonomy":"product_tag","embeddable":true,"href":"https:\/\/tzionlibreria.com\/index.php\/wp-json\/wp\/v2\/product_tag?post=4509"}],"curies":[{"name":"wp","href":"https:\/\/api.w.org\/{rel}","templated":true}]}}