{"id":4513,"date":"2024-12-15T18:02:32","date_gmt":"2024-12-15T18:02:32","guid":{"rendered":"https:\/\/tzionlibreria.com\/?post_type=product&#038;p=4513"},"modified":"2025-12-09T15:50:44","modified_gmt":"2025-12-09T15:50:44","slug":"un-pacto-con-mis-ojos-bob-sorge","status":"publish","type":"product","link":"https:\/\/tzionlibreria.com\/index.php\/product\/un-pacto-con-mis-ojos-bob-sorge\/","title":{"rendered":"Un Pacto Con Mis Ojos \u2013 Bob Sorge"},"content":{"rendered":"<div class=\"ast-oembed-container \" style=\"height: 100%;\"><iframe title=\"Un Pacto Con Mis Ojos - Bob Sorge\" width=\"500\" height=\"281\" src=\"https:\/\/www.youtube.com\/embed\/IgAJF-EA0Us?feature=oembed\" frameborder=\"0\" allow=\"accelerometer; autoplay; clipboard-write; encrypted-media; gyroscope; picture-in-picture; web-share\" referrerpolicy=\"strict-origin-when-cross-origin\" allowfullscreen><\/iframe><\/div>\n<p>&nbsp;<\/p>\n<div class=\"ast-oembed-container \" style=\"height: 100%;\"><iframe title=\"La Puerta de Los Ojos - Pureza Sexual - Podcast\" width=\"500\" height=\"281\" src=\"https:\/\/www.youtube.com\/embed\/wnkFFCj88g8?start=57&#038;feature=oembed\" frameborder=\"0\" allow=\"accelerometer; autoplay; clipboard-write; encrypted-media; gyroscope; picture-in-picture; web-share\" referrerpolicy=\"strict-origin-when-cross-origin\" allowfullscreen><\/iframe><\/div>\n<p>&nbsp;<\/p>\n<p>&nbsp;<\/p>\n<p>El ojo es la puerta primaria de nuestra sexualidad. As\u00ed como la puerta en las ciudades antiguas regulaban todo el tr\u00e1fico que entraba y sal\u00eda, nuestros ojos determinan la naturaleza del tr\u00e1fico en nuestros corazones.<\/p>\n<p><strong>Haz un pacto con tus ojos.\u00a0En mi oraci\u00f3n, me top\u00e9 con Job 31: 1: Yo he hecho un pacto con mis ojos;<\/strong><\/p>\n<p><strong>\u00bfPorque habr\u00eda entonces de mirar a una mujer j\u00f3ven?\u00a0Orando dije: \u201cS\u00ed, Se\u00f1or.\u00a0Estoy comprometido con la pureza \u201d.<\/strong><\/p>\n<p>Mientras le dec\u00eda que s\u00ed al Se\u00f1or \u00e9l me interrumpi\u00f3 gentilmente: \u201cSabes, nunca lo has hecho realmente\u201d.\u00a0Estaba determinado a caminar en pureza, pero no lo hab\u00eda llevado a un nivel de pacto.\u00a0Temblando, acept\u00e9 su invitaci\u00f3n, escrib\u00ed el voto, le puse fecha, di una ofrenda y pact\u00e9 mis ojos a Jes\u00fas.\u00a0Promet\u00ed que nunca m\u00e1s iba a permitirle a mis ojos ver una imagen o una persona lujuriosamente.<\/p>\n<p>Despu\u00e9s de varios a\u00f1os de victoria, Dios me ha empujado a compartir esta invitaci\u00f3n.\u00a0\u00bfQuisieras decirle que s\u00ed al pacto de los ojos de Job 31: 1?\u00a0Los hombres: son activados sexualmente a trav\u00e9s de sus ojos.\u00a0Dios los hizo as\u00ed, pero el pecado los arruin\u00f3.\u00a0Ahora son susceptibles a lujuria y tentaci\u00f3n.<\/p>\n<p>Por esto los hombres deben hacer un pacto con sus ojos, lo que significa que la tentaci\u00f3n no puede ni llegar a primera base.\u00a0Ahora se podr\u00e1n involucrar en la b\u00fasqueda gloriosa de traer todo pensamiento a la obediencia a Cristo.\u00a0Las mujeres: son activadas a trav\u00e9s de la puerta de los ojos.<\/p>\n<p>El ojo es un conducto primario a la mente y la mente el centro de control donde las fantas\u00edas se desarrollan, en gran parte tiene que ver con comparaciones.\u00a0Los ojos ven lo que otros tienen y estos datos se pueden volver envidia y fantas\u00eda.\u00a0Las mujeres deben considerar un pacto con sus ojos, porque pueden estar tan distra\u00edda en su f\u00edsico, que pierden la verdadera belleza que Cristo les ha dado,\u00a0lo que significa que la tentaci\u00f3n no puede ni llegar a primera base.<\/p>\n<p>&nbsp;<\/p>\n<p><strong>ISBN<\/strong>: 9781937725266<\/p>\n<p><strong>Dimensiones<\/strong>: 21 x 14 mm<\/p>\n<p><strong>Cubierta<\/strong>: R\u00fastica<\/p>\n<p><strong>N\u00famero de p\u00e1ginas<\/strong>: 139<\/p>\n<p><strong>Idioma<\/strong>: Espa\u00f1ol<\/p>\n","protected":false},"excerpt":{"rendered":"<p>&nbsp; &nbsp; &nbsp; El ojo es la puerta primaria de nuestra sexualidad. As\u00ed como la puerta en las ciudades antiguas regulaban todo el tr\u00e1fico que entraba y sal\u00eda, nuestros ojos determinan la naturaleza del tr\u00e1fico en nuestros corazones. Haz un pacto con tus ojos.\u00a0En mi oraci\u00f3n, me top\u00e9 con Job 31: 1: Yo he hecho [&hellip;]<\/p>\n","protected":false},"featured_media":4514,"comment_status":"open","ping_status":"closed","template":"","meta":{"om_disable_all_campaigns":false,"_monsterinsights_skip_tracking":false,"_monsterinsights_sitenote_active":false,"_monsterinsights_sitenote_note":"","_monsterinsights_sitenote_category":0,"site-sidebar-layout":"default","site-content-layout":"","ast-site-content-layout":"default","site-content-style":"default","site-sidebar-style":"default","ast-global-header-display":"","ast-banner-title-visibility":"","ast-main-header-display":"","ast-hfb-above-header-display":"","ast-hfb-below-header-display":"","ast-hfb-mobile-header-display":"","site-post-title":"","ast-breadcrumbs-content":"","ast-featured-img":"","footer-sml-layout":"","ast-disable-related-posts":"","theme-transparent-header-meta":"default","adv-header-id-meta":"","stick-header-meta":"","header-above-stick-meta":"","header-main-stick-meta":"","header-below-stick-meta":"","astra-migrate-meta-layouts":"set","ast-page-background-enabled":"default","ast-page-background-meta":{"desktop":{"background-color":"var(--ast-global-color-4)","background-image":"","background-repeat":"repeat","background-position":"center center","background-size":"auto","background-attachment":"scroll","background-type":"","background-media":"","overlay-type":"","overlay-color":"","overlay-opacity":"","overlay-gradient":""},"tablet":{"background-color":"","background-image":"","background-repeat":"repeat","background-position":"center center","background-size":"auto","background-attachment":"scroll","background-type":"","background-media":"","overlay-type":"","overlay-color":"","overlay-opacity":"","overlay-gradient":""},"mobile":{"background-color":"","background-image":"","background-repeat":"repeat","background-position":"center center","background-size":"auto","background-attachment":"scroll","background-type":"","background-media":"","overlay-type":"","overlay-color":"","overlay-opacity":"","overlay-gradient":""}},"ast-content-background-meta":{"desktop":{"background-color":"var(--ast-global-color-5)","background-image":"","background-repeat":"repeat","background-position":"center center","background-size":"auto","background-attachment":"scroll","background-type":"","background-media":"","overlay-type":"","overlay-color":"","overlay-opacity":"","overlay-gradient":""},"tablet":{"background-color":"var(--ast-global-color-5)","background-image":"","background-repeat":"repeat","background-position":"center center","background-size":"auto","background-attachment":"scroll","background-type":"","background-media":"","overlay-type":"","overlay-color":"","overlay-opacity":"","overlay-gradient":""},"mobile":{"background-color":"var(--ast-global-color-5)","background-image":"","background-repeat":"repeat","background-position":"center center","background-size":"auto","background-attachment":"scroll","background-type":"","background-media":"","overlay-type":"","overlay-color":"","overlay-opacity":"","overlay-gradient":""}}},"product_brand":[],"product_cat":[165,169,173,23,172],"product_tag":[],"class_list":{"0":"post-4513","1":"product","2":"type-product","3":"status-publish","4":"has-post-thumbnail","6":"product_cat-adoracion","7":"product_cat-hombres","8":"product_cat-jovenes","9":"product_cat-libros","10":"product_cat-matrimonio-y-relaciones","11":"desktop-align-left","12":"tablet-align-left","13":"mobile-align-left","15":"first","16":"instock","17":"shipping-taxable","18":"purchasable","19":"product-type-simple"},"yoast_head":"<!-- This site is optimized with the Yoast SEO plugin v27.4 - https:\/\/yoast.com\/product\/yoast-seo-wordpress\/ -->\n<title>Un Pacto Con Mis Ojos \u2013 Bob Sorge - tzionlibreria.com<\/title>\n<meta name=\"robots\" content=\"index, follow, max-snippet:-1, max-image-preview:large, max-video-preview:-1\" \/>\n<link rel=\"canonical\" href=\"https:\/\/tzionlibreria.com\/index.php\/product\/un-pacto-con-mis-ojos-bob-sorge\/\" \/>\n<meta property=\"og:locale\" content=\"es_ES\" \/>\n<meta property=\"og:type\" content=\"article\" \/>\n<meta property=\"og:title\" content=\"Un Pacto Con Mis Ojos \u2013 Bob Sorge - tzionlibreria.com\" \/>\n<meta property=\"og:description\" content=\"&nbsp; &nbsp; &nbsp; El ojo es la puerta primaria de nuestra sexualidad. As\u00ed como la puerta en las ciudades antiguas regulaban todo el tr\u00e1fico que entraba y sal\u00eda, nuestros ojos determinan la naturaleza del tr\u00e1fico en nuestros corazones. Haz un pacto con tus ojos.\u00a0En mi oraci\u00f3n, me top\u00e9 con Job 31: 1: Yo he hecho [&hellip;]\" \/>\n<meta property=\"og:url\" content=\"https:\/\/tzionlibreria.com\/index.php\/product\/un-pacto-con-mis-ojos-bob-sorge\/\" \/>\n<meta property=\"og:site_name\" content=\"tzionlibreria.com\" \/>\n<meta property=\"article:modified_time\" content=\"2025-12-09T15:50:44+00:00\" \/>\n<meta property=\"og:image\" content=\"http:\/\/tzionlibreria.com\/wp-content\/uploads\/2024\/12\/20-1.png\" \/>\n\t<meta property=\"og:image:width\" content=\"1080\" \/>\n\t<meta property=\"og:image:height\" content=\"1080\" \/>\n\t<meta property=\"og:image:type\" content=\"image\/png\" \/>\n<meta name=\"twitter:card\" content=\"summary_large_image\" \/>\n<meta name=\"twitter:label1\" content=\"Tiempo de lectura\" \/>\n\t<meta name=\"twitter:data1\" content=\"2 minutos\" \/>\n<script type=\"application\/ld+json\" class=\"yoast-schema-graph\">{\"@context\":\"https:\\\/\\\/schema.org\",\"@graph\":[{\"@type\":\"WebPage\",\"@id\":\"https:\\\/\\\/tzionlibreria.com\\\/index.php\\\/product\\\/un-pacto-con-mis-ojos-bob-sorge\\\/\",\"url\":\"https:\\\/\\\/tzionlibreria.com\\\/index.php\\\/product\\\/un-pacto-con-mis-ojos-bob-sorge\\\/\",\"name\":\"Un Pacto Con Mis Ojos \u2013 Bob Sorge - tzionlibreria.com\",\"isPartOf\":{\"@id\":\"https:\\\/\\\/tzionlibreria.com\\\/#website\"},\"primaryImageOfPage\":{\"@id\":\"https:\\\/\\\/tzionlibreria.com\\\/index.php\\\/product\\\/un-pacto-con-mis-ojos-bob-sorge\\\/#primaryimage\"},\"image\":{\"@id\":\"https:\\\/\\\/tzionlibreria.com\\\/index.php\\\/product\\\/un-pacto-con-mis-ojos-bob-sorge\\\/#primaryimage\"},\"thumbnailUrl\":\"https:\\\/\\\/tzionlibreria.com\\\/wp-content\\\/uploads\\\/2024\\\/12\\\/20-1.png\",\"datePublished\":\"2024-12-15T18:02:32+00:00\",\"dateModified\":\"2025-12-09T15:50:44+00:00\",\"breadcrumb\":{\"@id\":\"https:\\\/\\\/tzionlibreria.com\\\/index.php\\\/product\\\/un-pacto-con-mis-ojos-bob-sorge\\\/#breadcrumb\"},\"inLanguage\":\"es-CO\",\"potentialAction\":[{\"@type\":\"ReadAction\",\"target\":[\"https:\\\/\\\/tzionlibreria.com\\\/index.php\\\/product\\\/un-pacto-con-mis-ojos-bob-sorge\\\/\"]}]},{\"@type\":\"ImageObject\",\"inLanguage\":\"es-CO\",\"@id\":\"https:\\\/\\\/tzionlibreria.com\\\/index.php\\\/product\\\/un-pacto-con-mis-ojos-bob-sorge\\\/#primaryimage\",\"url\":\"https:\\\/\\\/tzionlibreria.com\\\/wp-content\\\/uploads\\\/2024\\\/12\\\/20-1.png\",\"contentUrl\":\"https:\\\/\\\/tzionlibreria.com\\\/wp-content\\\/uploads\\\/2024\\\/12\\\/20-1.png\",\"width\":1080,\"height\":1080},{\"@type\":\"BreadcrumbList\",\"@id\":\"https:\\\/\\\/tzionlibreria.com\\\/index.php\\\/product\\\/un-pacto-con-mis-ojos-bob-sorge\\\/#breadcrumb\",\"itemListElement\":[{\"@type\":\"ListItem\",\"position\":1,\"name\":\"Inicio\",\"item\":\"https:\\\/\\\/tzionlibreria.com\\\/\"},{\"@type\":\"ListItem\",\"position\":2,\"name\":\"Shop\",\"item\":\"https:\\\/\\\/tzionlibreria.com\\\/index.php\\\/shop\\\/\"},{\"@type\":\"ListItem\",\"position\":3,\"name\":\"Un Pacto Con Mis Ojos \u2013 Bob Sorge\"}]},{\"@type\":\"WebSite\",\"@id\":\"https:\\\/\\\/tzionlibreria.com\\\/#website\",\"url\":\"https:\\\/\\\/tzionlibreria.com\\\/\",\"name\":\"tzionlibreria.com\",\"description\":\"Libreria Cristiana Venezuela\",\"publisher\":{\"@id\":\"https:\\\/\\\/tzionlibreria.com\\\/#organization\"},\"potentialAction\":[{\"@type\":\"SearchAction\",\"target\":{\"@type\":\"EntryPoint\",\"urlTemplate\":\"https:\\\/\\\/tzionlibreria.com\\\/?s={search_term_string}\"},\"query-input\":{\"@type\":\"PropertyValueSpecification\",\"valueRequired\":true,\"valueName\":\"search_term_string\"}}],\"inLanguage\":\"es-CO\"},{\"@type\":\"Organization\",\"@id\":\"https:\\\/\\\/tzionlibreria.com\\\/#organization\",\"name\":\"tzionlibreria.com\",\"url\":\"https:\\\/\\\/tzionlibreria.com\\\/\",\"logo\":{\"@type\":\"ImageObject\",\"inLanguage\":\"es-CO\",\"@id\":\"https:\\\/\\\/tzionlibreria.com\\\/#\\\/schema\\\/logo\\\/image\\\/\",\"url\":\"https:\\\/\\\/tzionlibreria.com\\\/wp-content\\\/uploads\\\/2023\\\/10\\\/cropped-Cuadricula-scaled-1.jpg\",\"contentUrl\":\"https:\\\/\\\/tzionlibreria.com\\\/wp-content\\\/uploads\\\/2023\\\/10\\\/cropped-Cuadricula-scaled-1.jpg\",\"width\":2560,\"height\":2560,\"caption\":\"tzionlibreria.com\"},\"image\":{\"@id\":\"https:\\\/\\\/tzionlibreria.com\\\/#\\\/schema\\\/logo\\\/image\\\/\"}}]}<\/script>\n<!-- \/ Yoast SEO plugin. -->","yoast_head_json":{"title":"Un Pacto Con Mis Ojos \u2013 Bob Sorge - tzionlibreria.com","robots":{"index":"index","follow":"follow","max-snippet":"max-snippet:-1","max-image-preview":"max-image-preview:large","max-video-preview":"max-video-preview:-1"},"canonical":"https:\/\/tzionlibreria.com\/index.php\/product\/un-pacto-con-mis-ojos-bob-sorge\/","og_locale":"es_ES","og_type":"article","og_title":"Un Pacto Con Mis Ojos \u2013 Bob Sorge - tzionlibreria.com","og_description":"&nbsp; &nbsp; &nbsp; El ojo es la puerta primaria de nuestra sexualidad. As\u00ed como la puerta en las ciudades antiguas regulaban todo el tr\u00e1fico que entraba y sal\u00eda, nuestros ojos determinan la naturaleza del tr\u00e1fico en nuestros corazones. Haz un pacto con tus ojos.\u00a0En mi oraci\u00f3n, me top\u00e9 con Job 31: 1: Yo he hecho [&hellip;]","og_url":"https:\/\/tzionlibreria.com\/index.php\/product\/un-pacto-con-mis-ojos-bob-sorge\/","og_site_name":"tzionlibreria.com","article_modified_time":"2025-12-09T15:50:44+00:00","og_image":[{"width":1080,"height":1080,"url":"http:\/\/tzionlibreria.com\/wp-content\/uploads\/2024\/12\/20-1.png","type":"image\/png"}],"twitter_card":"summary_large_image","twitter_misc":{"Tiempo de lectura":"2 minutos"},"schema":{"@context":"https:\/\/schema.org","@graph":[{"@type":"WebPage","@id":"https:\/\/tzionlibreria.com\/index.php\/product\/un-pacto-con-mis-ojos-bob-sorge\/","url":"https:\/\/tzionlibreria.com\/index.php\/product\/un-pacto-con-mis-ojos-bob-sorge\/","name":"Un Pacto Con Mis Ojos \u2013 Bob Sorge - tzionlibreria.com","isPartOf":{"@id":"https:\/\/tzionlibreria.com\/#website"},"primaryImageOfPage":{"@id":"https:\/\/tzionlibreria.com\/index.php\/product\/un-pacto-con-mis-ojos-bob-sorge\/#primaryimage"},"image":{"@id":"https:\/\/tzionlibreria.com\/index.php\/product\/un-pacto-con-mis-ojos-bob-sorge\/#primaryimage"},"thumbnailUrl":"https:\/\/tzionlibreria.com\/wp-content\/uploads\/2024\/12\/20-1.png","datePublished":"2024-12-15T18:02:32+00:00","dateModified":"2025-12-09T15:50:44+00:00","breadcrumb":{"@id":"https:\/\/tzionlibreria.com\/index.php\/product\/un-pacto-con-mis-ojos-bob-sorge\/#breadcrumb"},"inLanguage":"es-CO","potentialAction":[{"@type":"ReadAction","target":["https:\/\/tzionlibreria.com\/index.php\/product\/un-pacto-con-mis-ojos-bob-sorge\/"]}]},{"@type":"ImageObject","inLanguage":"es-CO","@id":"https:\/\/tzionlibreria.com\/index.php\/product\/un-pacto-con-mis-ojos-bob-sorge\/#primaryimage","url":"https:\/\/tzionlibreria.com\/wp-content\/uploads\/2024\/12\/20-1.png","contentUrl":"https:\/\/tzionlibreria.com\/wp-content\/uploads\/2024\/12\/20-1.png","width":1080,"height":1080},{"@type":"BreadcrumbList","@id":"https:\/\/tzionlibreria.com\/index.php\/product\/un-pacto-con-mis-ojos-bob-sorge\/#breadcrumb","itemListElement":[{"@type":"ListItem","position":1,"name":"Inicio","item":"https:\/\/tzionlibreria.com\/"},{"@type":"ListItem","position":2,"name":"Shop","item":"https:\/\/tzionlibreria.com\/index.php\/shop\/"},{"@type":"ListItem","position":3,"name":"Un Pacto Con Mis Ojos \u2013 Bob Sorge"}]},{"@type":"WebSite","@id":"https:\/\/tzionlibreria.com\/#website","url":"https:\/\/tzionlibreria.com\/","name":"tzionlibreria.com","description":"Libreria Cristiana Venezuela","publisher":{"@id":"https:\/\/tzionlibreria.com\/#organization"},"potentialAction":[{"@type":"SearchAction","target":{"@type":"EntryPoint","urlTemplate":"https:\/\/tzionlibreria.com\/?s={search_term_string}"},"query-input":{"@type":"PropertyValueSpecification","valueRequired":true,"valueName":"search_term_string"}}],"inLanguage":"es-CO"},{"@type":"Organization","@id":"https:\/\/tzionlibreria.com\/#organization","name":"tzionlibreria.com","url":"https:\/\/tzionlibreria.com\/","logo":{"@type":"ImageObject","inLanguage":"es-CO","@id":"https:\/\/tzionlibreria.com\/#\/schema\/logo\/image\/","url":"https:\/\/tzionlibreria.com\/wp-content\/uploads\/2023\/10\/cropped-Cuadricula-scaled-1.jpg","contentUrl":"https:\/\/tzionlibreria.com\/wp-content\/uploads\/2023\/10\/cropped-Cuadricula-scaled-1.jpg","width":2560,"height":2560,"caption":"tzionlibreria.com"},"image":{"@id":"https:\/\/tzionlibreria.com\/#\/schema\/logo\/image\/"}}]}},"jetpack_sharing_enabled":true,"_links":{"self":[{"href":"https:\/\/tzionlibreria.com\/index.php\/wp-json\/wp\/v2\/product\/4513","targetHints":{"allow":["GET"]}}],"collection":[{"href":"https:\/\/tzionlibreria.com\/index.php\/wp-json\/wp\/v2\/product"}],"about":[{"href":"https:\/\/tzionlibreria.com\/index.php\/wp-json\/wp\/v2\/types\/product"}],"replies":[{"embeddable":true,"href":"https:\/\/tzionlibreria.com\/index.php\/wp-json\/wp\/v2\/comments?post=4513"}],"wp:featuredmedia":[{"embeddable":true,"href":"https:\/\/tzionlibreria.com\/index.php\/wp-json\/wp\/v2\/media\/4514"}],"wp:attachment":[{"href":"https:\/\/tzionlibreria.com\/index.php\/wp-json\/wp\/v2\/media?parent=4513"}],"wp:term":[{"taxonomy":"product_brand","embeddable":true,"href":"https:\/\/tzionlibreria.com\/index.php\/wp-json\/wp\/v2\/product_brand?post=4513"},{"taxonomy":"product_cat","embeddable":true,"href":"https:\/\/tzionlibreria.com\/index.php\/wp-json\/wp\/v2\/product_cat?post=4513"},{"taxonomy":"product_tag","embeddable":true,"href":"https:\/\/tzionlibreria.com\/index.php\/wp-json\/wp\/v2\/product_tag?post=4513"}],"curies":[{"name":"wp","href":"https:\/\/api.w.org\/{rel}","templated":true}]}}