{"id":4525,"date":"2024-12-15T19:08:23","date_gmt":"2024-12-15T19:08:23","guid":{"rendered":"https:\/\/tzionlibreria.com\/?post_type=product&#038;p=4525"},"modified":"2024-12-15T19:09:44","modified_gmt":"2024-12-15T19:09:44","slug":"amor-para-cada-dia-refrigerio-espiritual-para-mujeres","status":"publish","type":"product","link":"https:\/\/tzionlibreria.com\/index.php\/product\/amor-para-cada-dia-refrigerio-espiritual-para-mujeres\/","title":{"rendered":"Amor Para Cada D\u00eda \u2013 Refrigerio Espiritual Para Mujeres"},"content":{"rendered":"<div class=\"ast-oembed-container \" style=\"height: 100%;\"><iframe title=\"Amor Para Cada Dia - Refrigerio Espiritual Para Mujeres\" width=\"500\" height=\"281\" src=\"https:\/\/www.youtube.com\/embed\/OvOtogMtjX8?feature=oembed\" frameborder=\"0\" allow=\"accelerometer; autoplay; clipboard-write; encrypted-media; gyroscope; picture-in-picture; web-share\" referrerpolicy=\"strict-origin-when-cross-origin\" allowfullscreen><\/iframe><\/div>\n<p>&nbsp;<\/p>\n<div>Amor de familia. Amor de amigos. Amor de Dios. Amor\u2014en cada \u00e1rea de la vida. Estos son solo algunos de los temas de actualidad incluidos en este volumen refrescante dise\u00f1ado para aligerar su d\u00eda y levantar su esp\u00edritu, disponible por primera vez en espa\u00f1ol.<\/div>\n<div><\/div>\n<div>Cada lectura le hablar\u00e1 a su coraz\u00f3n mientras experimenta el amor perpetuo que se encuentra solo en la Palabra de Dios. Los m\u00e1s de 200 devocionales con temas de amor son breves y llenos de energ\u00eda, perfectos para encajar incluso en su d\u00eda m\u00e1s ocupado. Todo envuelto en un hermoso paquete, querr\u00e1s comprar dos: uno para ti y otro para bendecir la vida de un amigo.<\/div>\n<div><\/div>\n<div><\/div>\n<div>\n<p><strong>ISBN<\/strong>: 9781636090375<strong>Cubierta<\/strong>: Tapa Blanda<\/p>\n<p><strong>N\u00famero de p\u00e1ginas<\/strong>: 208<\/p>\n<p><strong>Idioma<\/strong>: Espa\u00f1ol<\/p>\n<\/div>\n","protected":false},"excerpt":{"rendered":"<p>&nbsp; Amor de familia. Amor de amigos. Amor de Dios. Amor\u2014en cada \u00e1rea de la vida. Estos son solo algunos de los temas de actualidad incluidos en este volumen refrescante dise\u00f1ado para aligerar su d\u00eda y levantar su esp\u00edritu, disponible por primera vez en espa\u00f1ol. Cada lectura le hablar\u00e1 a su coraz\u00f3n mientras experimenta el [&hellip;]<\/p>\n","protected":false},"featured_media":4526,"comment_status":"open","ping_status":"closed","template":"","meta":{"om_disable_all_campaigns":false,"_monsterinsights_skip_tracking":false,"_monsterinsights_sitenote_active":false,"_monsterinsights_sitenote_note":"","_monsterinsights_sitenote_category":0,"site-sidebar-layout":"default","site-content-layout":"","ast-site-content-layout":"default","site-content-style":"default","site-sidebar-style":"default","ast-global-header-display":"","ast-banner-title-visibility":"","ast-main-header-display":"","ast-hfb-above-header-display":"","ast-hfb-below-header-display":"","ast-hfb-mobile-header-display":"","site-post-title":"","ast-breadcrumbs-content":"","ast-featured-img":"","footer-sml-layout":"","ast-disable-related-posts":"","theme-transparent-header-meta":"default","adv-header-id-meta":"","stick-header-meta":"","header-above-stick-meta":"","header-main-stick-meta":"","header-below-stick-meta":"","astra-migrate-meta-layouts":"set","ast-page-background-enabled":"default","ast-page-background-meta":{"desktop":{"background-color":"var(--ast-global-color-4)","background-image":"","background-repeat":"repeat","background-position":"center center","background-size":"auto","background-attachment":"scroll","background-type":"","background-media":"","overlay-type":"","overlay-color":"","overlay-opacity":"","overlay-gradient":""},"tablet":{"background-color":"","background-image":"","background-repeat":"repeat","background-position":"center center","background-size":"auto","background-attachment":"scroll","background-type":"","background-media":"","overlay-type":"","overlay-color":"","overlay-opacity":"","overlay-gradient":""},"mobile":{"background-color":"","background-image":"","background-repeat":"repeat","background-position":"center center","background-size":"auto","background-attachment":"scroll","background-type":"","background-media":"","overlay-type":"","overlay-color":"","overlay-opacity":"","overlay-gradient":""}},"ast-content-background-meta":{"desktop":{"background-color":"var(--ast-global-color-5)","background-image":"","background-repeat":"repeat","background-position":"center center","background-size":"auto","background-attachment":"scroll","background-type":"","background-media":"","overlay-type":"","overlay-color":"","overlay-opacity":"","overlay-gradient":""},"tablet":{"background-color":"var(--ast-global-color-5)","background-image":"","background-repeat":"repeat","background-position":"center center","background-size":"auto","background-attachment":"scroll","background-type":"","background-media":"","overlay-type":"","overlay-color":"","overlay-opacity":"","overlay-gradient":""},"mobile":{"background-color":"var(--ast-global-color-5)","background-image":"","background-repeat":"repeat","background-position":"center center","background-size":"auto","background-attachment":"scroll","background-type":"","background-media":"","overlay-type":"","overlay-color":"","overlay-opacity":"","overlay-gradient":""}}},"product_brand":[],"product_cat":[24,170],"product_tag":[],"class_list":{"0":"post-4525","1":"product","2":"type-product","3":"status-publish","4":"has-post-thumbnail","6":"product_cat-devocionales","7":"product_cat-mujeres","8":"desktop-align-left","9":"tablet-align-left","10":"mobile-align-left","12":"first","13":"instock","14":"shipping-taxable","15":"purchasable","16":"product-type-simple"},"yoast_head":"<!-- This site is optimized with the Yoast SEO plugin v27.4 - https:\/\/yoast.com\/product\/yoast-seo-wordpress\/ -->\n<title>Amor Para Cada D\u00eda \u2013 Refrigerio Espiritual Para Mujeres - tzionlibreria.com<\/title>\n<meta name=\"description\" content=\"Cada lectura le hablar\u00e1 a su coraz\u00f3n mientras experimenta el amor perpetuo que se encuentra solo en la Palabra de Dios.Los m\u00e1s de 200 devocionales.\" \/>\n<meta name=\"robots\" content=\"index, follow, max-snippet:-1, max-image-preview:large, max-video-preview:-1\" \/>\n<link rel=\"canonical\" href=\"https:\/\/tzionlibreria.com\/index.php\/product\/amor-para-cada-dia-refrigerio-espiritual-para-mujeres\/\" \/>\n<meta property=\"og:locale\" content=\"es_ES\" \/>\n<meta property=\"og:type\" content=\"article\" \/>\n<meta property=\"og:title\" content=\"Amor Para Cada D\u00eda \u2013 Refrigerio Espiritual Para Mujeres - tzionlibreria.com\" \/>\n<meta property=\"og:description\" content=\"Cada lectura le hablar\u00e1 a su coraz\u00f3n mientras experimenta el amor perpetuo que se encuentra solo en la Palabra de Dios.Los m\u00e1s de 200 devocionales.\" \/>\n<meta property=\"og:url\" content=\"https:\/\/tzionlibreria.com\/index.php\/product\/amor-para-cada-dia-refrigerio-espiritual-para-mujeres\/\" \/>\n<meta property=\"og:site_name\" content=\"tzionlibreria.com\" \/>\n<meta property=\"article:modified_time\" content=\"2024-12-15T19:09:44+00:00\" \/>\n<meta property=\"og:image\" content=\"http:\/\/tzionlibreria.com\/wp-content\/uploads\/2024\/12\/25.png\" \/>\n\t<meta property=\"og:image:width\" content=\"1080\" \/>\n\t<meta property=\"og:image:height\" content=\"1080\" \/>\n\t<meta property=\"og:image:type\" content=\"image\/png\" \/>\n<meta name=\"twitter:card\" content=\"summary_large_image\" \/>\n<meta name=\"twitter:label1\" content=\"Tiempo de lectura\" \/>\n\t<meta name=\"twitter:data1\" content=\"1 minuto\" \/>\n<script type=\"application\/ld+json\" class=\"yoast-schema-graph\">{\"@context\":\"https:\\\/\\\/schema.org\",\"@graph\":[{\"@type\":\"WebPage\",\"@id\":\"https:\\\/\\\/tzionlibreria.com\\\/index.php\\\/product\\\/amor-para-cada-dia-refrigerio-espiritual-para-mujeres\\\/\",\"url\":\"https:\\\/\\\/tzionlibreria.com\\\/index.php\\\/product\\\/amor-para-cada-dia-refrigerio-espiritual-para-mujeres\\\/\",\"name\":\"Amor Para Cada D\u00eda \u2013 Refrigerio Espiritual Para Mujeres - tzionlibreria.com\",\"isPartOf\":{\"@id\":\"https:\\\/\\\/tzionlibreria.com\\\/#website\"},\"primaryImageOfPage\":{\"@id\":\"https:\\\/\\\/tzionlibreria.com\\\/index.php\\\/product\\\/amor-para-cada-dia-refrigerio-espiritual-para-mujeres\\\/#primaryimage\"},\"image\":{\"@id\":\"https:\\\/\\\/tzionlibreria.com\\\/index.php\\\/product\\\/amor-para-cada-dia-refrigerio-espiritual-para-mujeres\\\/#primaryimage\"},\"thumbnailUrl\":\"https:\\\/\\\/tzionlibreria.com\\\/wp-content\\\/uploads\\\/2024\\\/12\\\/25.png\",\"datePublished\":\"2024-12-15T19:08:23+00:00\",\"dateModified\":\"2024-12-15T19:09:44+00:00\",\"description\":\"Cada lectura le hablar\u00e1 a su coraz\u00f3n mientras experimenta el amor perpetuo que se encuentra solo en la Palabra de Dios.Los m\u00e1s de 200 devocionales.\",\"breadcrumb\":{\"@id\":\"https:\\\/\\\/tzionlibreria.com\\\/index.php\\\/product\\\/amor-para-cada-dia-refrigerio-espiritual-para-mujeres\\\/#breadcrumb\"},\"inLanguage\":\"es-CO\",\"potentialAction\":[{\"@type\":\"ReadAction\",\"target\":[\"https:\\\/\\\/tzionlibreria.com\\\/index.php\\\/product\\\/amor-para-cada-dia-refrigerio-espiritual-para-mujeres\\\/\"]}]},{\"@type\":\"ImageObject\",\"inLanguage\":\"es-CO\",\"@id\":\"https:\\\/\\\/tzionlibreria.com\\\/index.php\\\/product\\\/amor-para-cada-dia-refrigerio-espiritual-para-mujeres\\\/#primaryimage\",\"url\":\"https:\\\/\\\/tzionlibreria.com\\\/wp-content\\\/uploads\\\/2024\\\/12\\\/25.png\",\"contentUrl\":\"https:\\\/\\\/tzionlibreria.com\\\/wp-content\\\/uploads\\\/2024\\\/12\\\/25.png\",\"width\":1080,\"height\":1080},{\"@type\":\"BreadcrumbList\",\"@id\":\"https:\\\/\\\/tzionlibreria.com\\\/index.php\\\/product\\\/amor-para-cada-dia-refrigerio-espiritual-para-mujeres\\\/#breadcrumb\",\"itemListElement\":[{\"@type\":\"ListItem\",\"position\":1,\"name\":\"Inicio\",\"item\":\"https:\\\/\\\/tzionlibreria.com\\\/\"},{\"@type\":\"ListItem\",\"position\":2,\"name\":\"Shop\",\"item\":\"https:\\\/\\\/tzionlibreria.com\\\/index.php\\\/shop\\\/\"},{\"@type\":\"ListItem\",\"position\":3,\"name\":\"Amor Para Cada D\u00eda \u2013 Refrigerio Espiritual Para Mujeres\"}]},{\"@type\":\"WebSite\",\"@id\":\"https:\\\/\\\/tzionlibreria.com\\\/#website\",\"url\":\"https:\\\/\\\/tzionlibreria.com\\\/\",\"name\":\"tzionlibreria.com\",\"description\":\"Libreria Cristiana Venezuela\",\"publisher\":{\"@id\":\"https:\\\/\\\/tzionlibreria.com\\\/#organization\"},\"potentialAction\":[{\"@type\":\"SearchAction\",\"target\":{\"@type\":\"EntryPoint\",\"urlTemplate\":\"https:\\\/\\\/tzionlibreria.com\\\/?s={search_term_string}\"},\"query-input\":{\"@type\":\"PropertyValueSpecification\",\"valueRequired\":true,\"valueName\":\"search_term_string\"}}],\"inLanguage\":\"es-CO\"},{\"@type\":\"Organization\",\"@id\":\"https:\\\/\\\/tzionlibreria.com\\\/#organization\",\"name\":\"tzionlibreria.com\",\"url\":\"https:\\\/\\\/tzionlibreria.com\\\/\",\"logo\":{\"@type\":\"ImageObject\",\"inLanguage\":\"es-CO\",\"@id\":\"https:\\\/\\\/tzionlibreria.com\\\/#\\\/schema\\\/logo\\\/image\\\/\",\"url\":\"https:\\\/\\\/tzionlibreria.com\\\/wp-content\\\/uploads\\\/2023\\\/10\\\/cropped-Cuadricula-scaled-1.jpg\",\"contentUrl\":\"https:\\\/\\\/tzionlibreria.com\\\/wp-content\\\/uploads\\\/2023\\\/10\\\/cropped-Cuadricula-scaled-1.jpg\",\"width\":2560,\"height\":2560,\"caption\":\"tzionlibreria.com\"},\"image\":{\"@id\":\"https:\\\/\\\/tzionlibreria.com\\\/#\\\/schema\\\/logo\\\/image\\\/\"}}]}<\/script>\n<!-- \/ Yoast SEO plugin. -->","yoast_head_json":{"title":"Amor Para Cada D\u00eda \u2013 Refrigerio Espiritual Para Mujeres - tzionlibreria.com","description":"Cada lectura le hablar\u00e1 a su coraz\u00f3n mientras experimenta el amor perpetuo que se encuentra solo en la Palabra de Dios.Los m\u00e1s de 200 devocionales.","robots":{"index":"index","follow":"follow","max-snippet":"max-snippet:-1","max-image-preview":"max-image-preview:large","max-video-preview":"max-video-preview:-1"},"canonical":"https:\/\/tzionlibreria.com\/index.php\/product\/amor-para-cada-dia-refrigerio-espiritual-para-mujeres\/","og_locale":"es_ES","og_type":"article","og_title":"Amor Para Cada D\u00eda \u2013 Refrigerio Espiritual Para Mujeres - tzionlibreria.com","og_description":"Cada lectura le hablar\u00e1 a su coraz\u00f3n mientras experimenta el amor perpetuo que se encuentra solo en la Palabra de Dios.Los m\u00e1s de 200 devocionales.","og_url":"https:\/\/tzionlibreria.com\/index.php\/product\/amor-para-cada-dia-refrigerio-espiritual-para-mujeres\/","og_site_name":"tzionlibreria.com","article_modified_time":"2024-12-15T19:09:44+00:00","og_image":[{"width":1080,"height":1080,"url":"http:\/\/tzionlibreria.com\/wp-content\/uploads\/2024\/12\/25.png","type":"image\/png"}],"twitter_card":"summary_large_image","twitter_misc":{"Tiempo de lectura":"1 minuto"},"schema":{"@context":"https:\/\/schema.org","@graph":[{"@type":"WebPage","@id":"https:\/\/tzionlibreria.com\/index.php\/product\/amor-para-cada-dia-refrigerio-espiritual-para-mujeres\/","url":"https:\/\/tzionlibreria.com\/index.php\/product\/amor-para-cada-dia-refrigerio-espiritual-para-mujeres\/","name":"Amor Para Cada D\u00eda \u2013 Refrigerio Espiritual Para Mujeres - tzionlibreria.com","isPartOf":{"@id":"https:\/\/tzionlibreria.com\/#website"},"primaryImageOfPage":{"@id":"https:\/\/tzionlibreria.com\/index.php\/product\/amor-para-cada-dia-refrigerio-espiritual-para-mujeres\/#primaryimage"},"image":{"@id":"https:\/\/tzionlibreria.com\/index.php\/product\/amor-para-cada-dia-refrigerio-espiritual-para-mujeres\/#primaryimage"},"thumbnailUrl":"https:\/\/tzionlibreria.com\/wp-content\/uploads\/2024\/12\/25.png","datePublished":"2024-12-15T19:08:23+00:00","dateModified":"2024-12-15T19:09:44+00:00","description":"Cada lectura le hablar\u00e1 a su coraz\u00f3n mientras experimenta el amor perpetuo que se encuentra solo en la Palabra de Dios.Los m\u00e1s de 200 devocionales.","breadcrumb":{"@id":"https:\/\/tzionlibreria.com\/index.php\/product\/amor-para-cada-dia-refrigerio-espiritual-para-mujeres\/#breadcrumb"},"inLanguage":"es-CO","potentialAction":[{"@type":"ReadAction","target":["https:\/\/tzionlibreria.com\/index.php\/product\/amor-para-cada-dia-refrigerio-espiritual-para-mujeres\/"]}]},{"@type":"ImageObject","inLanguage":"es-CO","@id":"https:\/\/tzionlibreria.com\/index.php\/product\/amor-para-cada-dia-refrigerio-espiritual-para-mujeres\/#primaryimage","url":"https:\/\/tzionlibreria.com\/wp-content\/uploads\/2024\/12\/25.png","contentUrl":"https:\/\/tzionlibreria.com\/wp-content\/uploads\/2024\/12\/25.png","width":1080,"height":1080},{"@type":"BreadcrumbList","@id":"https:\/\/tzionlibreria.com\/index.php\/product\/amor-para-cada-dia-refrigerio-espiritual-para-mujeres\/#breadcrumb","itemListElement":[{"@type":"ListItem","position":1,"name":"Inicio","item":"https:\/\/tzionlibreria.com\/"},{"@type":"ListItem","position":2,"name":"Shop","item":"https:\/\/tzionlibreria.com\/index.php\/shop\/"},{"@type":"ListItem","position":3,"name":"Amor Para Cada D\u00eda \u2013 Refrigerio Espiritual Para Mujeres"}]},{"@type":"WebSite","@id":"https:\/\/tzionlibreria.com\/#website","url":"https:\/\/tzionlibreria.com\/","name":"tzionlibreria.com","description":"Libreria Cristiana Venezuela","publisher":{"@id":"https:\/\/tzionlibreria.com\/#organization"},"potentialAction":[{"@type":"SearchAction","target":{"@type":"EntryPoint","urlTemplate":"https:\/\/tzionlibreria.com\/?s={search_term_string}"},"query-input":{"@type":"PropertyValueSpecification","valueRequired":true,"valueName":"search_term_string"}}],"inLanguage":"es-CO"},{"@type":"Organization","@id":"https:\/\/tzionlibreria.com\/#organization","name":"tzionlibreria.com","url":"https:\/\/tzionlibreria.com\/","logo":{"@type":"ImageObject","inLanguage":"es-CO","@id":"https:\/\/tzionlibreria.com\/#\/schema\/logo\/image\/","url":"https:\/\/tzionlibreria.com\/wp-content\/uploads\/2023\/10\/cropped-Cuadricula-scaled-1.jpg","contentUrl":"https:\/\/tzionlibreria.com\/wp-content\/uploads\/2023\/10\/cropped-Cuadricula-scaled-1.jpg","width":2560,"height":2560,"caption":"tzionlibreria.com"},"image":{"@id":"https:\/\/tzionlibreria.com\/#\/schema\/logo\/image\/"}}]}},"jetpack_sharing_enabled":true,"_links":{"self":[{"href":"https:\/\/tzionlibreria.com\/index.php\/wp-json\/wp\/v2\/product\/4525","targetHints":{"allow":["GET"]}}],"collection":[{"href":"https:\/\/tzionlibreria.com\/index.php\/wp-json\/wp\/v2\/product"}],"about":[{"href":"https:\/\/tzionlibreria.com\/index.php\/wp-json\/wp\/v2\/types\/product"}],"replies":[{"embeddable":true,"href":"https:\/\/tzionlibreria.com\/index.php\/wp-json\/wp\/v2\/comments?post=4525"}],"wp:featuredmedia":[{"embeddable":true,"href":"https:\/\/tzionlibreria.com\/index.php\/wp-json\/wp\/v2\/media\/4526"}],"wp:attachment":[{"href":"https:\/\/tzionlibreria.com\/index.php\/wp-json\/wp\/v2\/media?parent=4525"}],"wp:term":[{"taxonomy":"product_brand","embeddable":true,"href":"https:\/\/tzionlibreria.com\/index.php\/wp-json\/wp\/v2\/product_brand?post=4525"},{"taxonomy":"product_cat","embeddable":true,"href":"https:\/\/tzionlibreria.com\/index.php\/wp-json\/wp\/v2\/product_cat?post=4525"},{"taxonomy":"product_tag","embeddable":true,"href":"https:\/\/tzionlibreria.com\/index.php\/wp-json\/wp\/v2\/product_tag?post=4525"}],"curies":[{"name":"wp","href":"https:\/\/api.w.org\/{rel}","templated":true}]}}