{"id":4538,"date":"2024-12-24T18:06:47","date_gmt":"2024-12-24T18:06:47","guid":{"rendered":"https:\/\/tzionlibreria.com\/?post_type=product&#038;p=4538"},"modified":"2025-06-03T17:30:44","modified_gmt":"2025-06-03T17:30:44","slug":"biblia-nvi-revision-2022-letra-gigante-tapa-dura-tela-comfort-print","status":"publish","type":"product","link":"https:\/\/tzionlibreria.com\/index.php\/product\/biblia-nvi-revision-2022-letra-gigante-tapa-dura-tela-comfort-print\/","title":{"rendered":"Biblia NVI Revisi\u00f3n 2022  Letra gigante Tapa dura\/tela Comfort Print"},"content":{"rendered":"<p><strong>Deja que las Escrituras te expliquen las Escrituras<\/strong><\/p>\n<p>Dise\u00f1ada por expertos para el texto de la Nueva Versi\u00f3n Internacional (NVI) 2022<strong>,<\/strong>\u00a0el exclusivo tipo de letra Comfort Print\u00ae de Vida ofrece una experiencia de lectura agradable que complementa la traducci\u00f3n de la Biblia al espa\u00f1ol contempor\u00e1neo m\u00e1s le\u00edda.<\/p>\n<p>Con un tama\u00f1o de letra gigante y f\u00e1cil de leer Comfort Print\u00ae, la Biblia NVI Letra Gigante proporciona una experiencia de lectura clara y agradable para lectores de todas las edades.<\/p>\n<p><strong>Caracter\u00edsticas:<\/strong><\/p>\n<ul>\n<li>Texto completo de la Nueva Versi\u00f3n Internacional (NVI) 2022, preciso, legible y claro<\/li>\n<li>Notas de traducci\u00f3n<\/li>\n<li>Diccionario\/concordancia de la NVI<\/li>\n<li>Ocho p\u00e1ginas de mapas a todo color<\/li>\n<li>Palabras de Jes\u00fas en rojo<\/li>\n<li>Cintas marcadoras<\/li>\n<li>Encuadernaci\u00f3n en tela<\/li>\n<li>Tipograf\u00eda exclusiva NVI Comfort Print\u00ae de Vida\u00ae<\/li>\n<li>Formato de impresi\u00f3n Letra gigante<\/li>\n<\/ul>\n<p><strong>ISBN<\/strong>: 9780829771831<br \/>\n<strong>Editorial<\/strong>: Vida<br \/>\n<strong>Dimensiones<\/strong>: 170 x 245 x 32 mm<br \/>\n<strong>Peso<\/strong>: 0,993kg<br \/>\n<strong>Cubierta<\/strong>: Tapa Dura<br \/>\n<strong>N\u00famero de p\u00e1ginas<\/strong>: 1312<br \/>\n<strong>Fecha de lanzamiento<\/strong>: 21.06.2023<br \/>\n<strong>Idioma<\/strong>: Espa\u00f1ol<\/p>\n","protected":false},"excerpt":{"rendered":"<p>Deja que las Escrituras te expliquen las Escrituras Dise\u00f1ada por expertos para el texto de la Nueva Versi\u00f3n Internacional (NVI) 2022,\u00a0el exclusivo tipo de letra Comfort Print\u00ae de Vida ofrece una experiencia de lectura agradable que complementa la traducci\u00f3n de la Biblia al espa\u00f1ol contempor\u00e1neo m\u00e1s le\u00edda. Con un tama\u00f1o de letra gigante y f\u00e1cil [&hellip;]<\/p>\n","protected":false},"featured_media":4539,"comment_status":"open","ping_status":"closed","template":"","meta":{"om_disable_all_campaigns":false,"_monsterinsights_skip_tracking":false,"_monsterinsights_sitenote_active":false,"_monsterinsights_sitenote_note":"","_monsterinsights_sitenote_category":0,"site-sidebar-layout":"default","site-content-layout":"","ast-site-content-layout":"default","site-content-style":"default","site-sidebar-style":"default","ast-global-header-display":"","ast-banner-title-visibility":"","ast-main-header-display":"","ast-hfb-above-header-display":"","ast-hfb-below-header-display":"","ast-hfb-mobile-header-display":"","site-post-title":"","ast-breadcrumbs-content":"","ast-featured-img":"","footer-sml-layout":"","ast-disable-related-posts":"","theme-transparent-header-meta":"default","adv-header-id-meta":"","stick-header-meta":"","header-above-stick-meta":"","header-main-stick-meta":"","header-below-stick-meta":"","astra-migrate-meta-layouts":"set","ast-page-background-enabled":"default","ast-page-background-meta":{"desktop":{"background-color":"var(--ast-global-color-4)","background-image":"","background-repeat":"repeat","background-position":"center center","background-size":"auto","background-attachment":"scroll","background-type":"","background-media":"","overlay-type":"","overlay-color":"","overlay-opacity":"","overlay-gradient":""},"tablet":{"background-color":"","background-image":"","background-repeat":"repeat","background-position":"center center","background-size":"auto","background-attachment":"scroll","background-type":"","background-media":"","overlay-type":"","overlay-color":"","overlay-opacity":"","overlay-gradient":""},"mobile":{"background-color":"","background-image":"","background-repeat":"repeat","background-position":"center center","background-size":"auto","background-attachment":"scroll","background-type":"","background-media":"","overlay-type":"","overlay-color":"","overlay-opacity":"","overlay-gradient":""}},"ast-content-background-meta":{"desktop":{"background-color":"var(--ast-global-color-5)","background-image":"","background-repeat":"repeat","background-position":"center center","background-size":"auto","background-attachment":"scroll","background-type":"","background-media":"","overlay-type":"","overlay-color":"","overlay-opacity":"","overlay-gradient":""},"tablet":{"background-color":"var(--ast-global-color-5)","background-image":"","background-repeat":"repeat","background-position":"center center","background-size":"auto","background-attachment":"scroll","background-type":"","background-media":"","overlay-type":"","overlay-color":"","overlay-opacity":"","overlay-gradient":""},"mobile":{"background-color":"var(--ast-global-color-5)","background-image":"","background-repeat":"repeat","background-position":"center center","background-size":"auto","background-attachment":"scroll","background-type":"","background-media":"","overlay-type":"","overlay-color":"","overlay-opacity":"","overlay-gradient":""}}},"product_brand":[],"product_cat":[22,32,295],"product_tag":[],"class_list":{"0":"post-4538","1":"product","2":"type-product","3":"status-publish","4":"has-post-thumbnail","6":"product_cat-biblias","7":"product_cat-biblias-nvi","8":"product_cat-letra-gigante","9":"desktop-align-left","10":"tablet-align-left","11":"mobile-align-left","13":"first","14":"instock","15":"shipping-taxable","16":"purchasable","17":"product-type-simple"},"yoast_head":"<!-- This site is optimized with the Yoast SEO plugin v27.4 - https:\/\/yoast.com\/product\/yoast-seo-wordpress\/ -->\n<title>Biblia NVI Revisi\u00f3n 2022 Letra gigante Tapa dura\/tela Comfort Print - tzionlibreria.com<\/title>\n<meta name=\"description\" content=\"Con un tama\u00f1o de letra gigante y f\u00e1cil de leer, la Biblia NVI proporciona una experiencia de lectura clara y agradable para lectores de todas las edades.\" \/>\n<meta name=\"robots\" content=\"index, follow, max-snippet:-1, max-image-preview:large, max-video-preview:-1\" \/>\n<link rel=\"canonical\" href=\"https:\/\/tzionlibreria.com\/index.php\/product\/biblia-nvi-revision-2022-letra-gigante-tapa-dura-tela-comfort-print\/\" \/>\n<meta property=\"og:locale\" content=\"es_ES\" \/>\n<meta property=\"og:type\" content=\"article\" \/>\n<meta property=\"og:title\" content=\"Biblia NVI Revisi\u00f3n 2022 Letra gigante Tapa dura\/tela Comfort Print - tzionlibreria.com\" \/>\n<meta property=\"og:description\" content=\"Con un tama\u00f1o de letra gigante y f\u00e1cil de leer, la Biblia NVI proporciona una experiencia de lectura clara y agradable para lectores de todas las edades.\" \/>\n<meta property=\"og:url\" content=\"https:\/\/tzionlibreria.com\/index.php\/product\/biblia-nvi-revision-2022-letra-gigante-tapa-dura-tela-comfort-print\/\" \/>\n<meta property=\"og:site_name\" content=\"tzionlibreria.com\" \/>\n<meta property=\"article:modified_time\" content=\"2025-06-03T17:30:44+00:00\" \/>\n<meta property=\"og:image\" content=\"http:\/\/tzionlibreria.com\/wp-content\/uploads\/2024\/12\/letra-gigante-nvi.png\" \/>\n\t<meta property=\"og:image:width\" content=\"1080\" \/>\n\t<meta property=\"og:image:height\" content=\"1080\" \/>\n\t<meta property=\"og:image:type\" content=\"image\/png\" \/>\n<meta name=\"twitter:card\" content=\"summary_large_image\" \/>\n<meta name=\"twitter:label1\" content=\"Tiempo de lectura\" \/>\n\t<meta name=\"twitter:data1\" content=\"1 minuto\" \/>\n<script type=\"application\/ld+json\" class=\"yoast-schema-graph\">{\"@context\":\"https:\\\/\\\/schema.org\",\"@graph\":[{\"@type\":\"WebPage\",\"@id\":\"https:\\\/\\\/tzionlibreria.com\\\/index.php\\\/product\\\/biblia-nvi-revision-2022-letra-gigante-tapa-dura-tela-comfort-print\\\/\",\"url\":\"https:\\\/\\\/tzionlibreria.com\\\/index.php\\\/product\\\/biblia-nvi-revision-2022-letra-gigante-tapa-dura-tela-comfort-print\\\/\",\"name\":\"Biblia NVI Revisi\u00f3n 2022 Letra gigante Tapa dura\\\/tela Comfort Print - tzionlibreria.com\",\"isPartOf\":{\"@id\":\"https:\\\/\\\/tzionlibreria.com\\\/#website\"},\"primaryImageOfPage\":{\"@id\":\"https:\\\/\\\/tzionlibreria.com\\\/index.php\\\/product\\\/biblia-nvi-revision-2022-letra-gigante-tapa-dura-tela-comfort-print\\\/#primaryimage\"},\"image\":{\"@id\":\"https:\\\/\\\/tzionlibreria.com\\\/index.php\\\/product\\\/biblia-nvi-revision-2022-letra-gigante-tapa-dura-tela-comfort-print\\\/#primaryimage\"},\"thumbnailUrl\":\"https:\\\/\\\/tzionlibreria.com\\\/wp-content\\\/uploads\\\/2024\\\/12\\\/letra-gigante-nvi.png\",\"datePublished\":\"2024-12-24T18:06:47+00:00\",\"dateModified\":\"2025-06-03T17:30:44+00:00\",\"description\":\"Con un tama\u00f1o de letra gigante y f\u00e1cil de leer, la Biblia NVI proporciona una experiencia de lectura clara y agradable para lectores de todas las edades.\",\"breadcrumb\":{\"@id\":\"https:\\\/\\\/tzionlibreria.com\\\/index.php\\\/product\\\/biblia-nvi-revision-2022-letra-gigante-tapa-dura-tela-comfort-print\\\/#breadcrumb\"},\"inLanguage\":\"es-CO\",\"potentialAction\":[{\"@type\":\"ReadAction\",\"target\":[\"https:\\\/\\\/tzionlibreria.com\\\/index.php\\\/product\\\/biblia-nvi-revision-2022-letra-gigante-tapa-dura-tela-comfort-print\\\/\"]}]},{\"@type\":\"ImageObject\",\"inLanguage\":\"es-CO\",\"@id\":\"https:\\\/\\\/tzionlibreria.com\\\/index.php\\\/product\\\/biblia-nvi-revision-2022-letra-gigante-tapa-dura-tela-comfort-print\\\/#primaryimage\",\"url\":\"https:\\\/\\\/tzionlibreria.com\\\/wp-content\\\/uploads\\\/2024\\\/12\\\/letra-gigante-nvi.png\",\"contentUrl\":\"https:\\\/\\\/tzionlibreria.com\\\/wp-content\\\/uploads\\\/2024\\\/12\\\/letra-gigante-nvi.png\",\"width\":1080,\"height\":1080},{\"@type\":\"BreadcrumbList\",\"@id\":\"https:\\\/\\\/tzionlibreria.com\\\/index.php\\\/product\\\/biblia-nvi-revision-2022-letra-gigante-tapa-dura-tela-comfort-print\\\/#breadcrumb\",\"itemListElement\":[{\"@type\":\"ListItem\",\"position\":1,\"name\":\"Inicio\",\"item\":\"https:\\\/\\\/tzionlibreria.com\\\/\"},{\"@type\":\"ListItem\",\"position\":2,\"name\":\"Shop\",\"item\":\"https:\\\/\\\/tzionlibreria.com\\\/index.php\\\/shop\\\/\"},{\"@type\":\"ListItem\",\"position\":3,\"name\":\"Biblia NVI Revisi\u00f3n 2022 Letra gigante Tapa dura\\\/tela Comfort Print\"}]},{\"@type\":\"WebSite\",\"@id\":\"https:\\\/\\\/tzionlibreria.com\\\/#website\",\"url\":\"https:\\\/\\\/tzionlibreria.com\\\/\",\"name\":\"tzionlibreria.com\",\"description\":\"Libreria Cristiana Venezuela\",\"publisher\":{\"@id\":\"https:\\\/\\\/tzionlibreria.com\\\/#organization\"},\"potentialAction\":[{\"@type\":\"SearchAction\",\"target\":{\"@type\":\"EntryPoint\",\"urlTemplate\":\"https:\\\/\\\/tzionlibreria.com\\\/?s={search_term_string}\"},\"query-input\":{\"@type\":\"PropertyValueSpecification\",\"valueRequired\":true,\"valueName\":\"search_term_string\"}}],\"inLanguage\":\"es-CO\"},{\"@type\":\"Organization\",\"@id\":\"https:\\\/\\\/tzionlibreria.com\\\/#organization\",\"name\":\"tzionlibreria.com\",\"url\":\"https:\\\/\\\/tzionlibreria.com\\\/\",\"logo\":{\"@type\":\"ImageObject\",\"inLanguage\":\"es-CO\",\"@id\":\"https:\\\/\\\/tzionlibreria.com\\\/#\\\/schema\\\/logo\\\/image\\\/\",\"url\":\"https:\\\/\\\/tzionlibreria.com\\\/wp-content\\\/uploads\\\/2023\\\/10\\\/cropped-Cuadricula-scaled-1.jpg\",\"contentUrl\":\"https:\\\/\\\/tzionlibreria.com\\\/wp-content\\\/uploads\\\/2023\\\/10\\\/cropped-Cuadricula-scaled-1.jpg\",\"width\":2560,\"height\":2560,\"caption\":\"tzionlibreria.com\"},\"image\":{\"@id\":\"https:\\\/\\\/tzionlibreria.com\\\/#\\\/schema\\\/logo\\\/image\\\/\"}}]}<\/script>\n<!-- \/ Yoast SEO plugin. -->","yoast_head_json":{"title":"Biblia NVI Revisi\u00f3n 2022 Letra gigante Tapa dura\/tela Comfort Print - tzionlibreria.com","description":"Con un tama\u00f1o de letra gigante y f\u00e1cil de leer, la Biblia NVI proporciona una experiencia de lectura clara y agradable para lectores de todas las edades.","robots":{"index":"index","follow":"follow","max-snippet":"max-snippet:-1","max-image-preview":"max-image-preview:large","max-video-preview":"max-video-preview:-1"},"canonical":"https:\/\/tzionlibreria.com\/index.php\/product\/biblia-nvi-revision-2022-letra-gigante-tapa-dura-tela-comfort-print\/","og_locale":"es_ES","og_type":"article","og_title":"Biblia NVI Revisi\u00f3n 2022 Letra gigante Tapa dura\/tela Comfort Print - tzionlibreria.com","og_description":"Con un tama\u00f1o de letra gigante y f\u00e1cil de leer, la Biblia NVI proporciona una experiencia de lectura clara y agradable para lectores de todas las edades.","og_url":"https:\/\/tzionlibreria.com\/index.php\/product\/biblia-nvi-revision-2022-letra-gigante-tapa-dura-tela-comfort-print\/","og_site_name":"tzionlibreria.com","article_modified_time":"2025-06-03T17:30:44+00:00","og_image":[{"width":1080,"height":1080,"url":"http:\/\/tzionlibreria.com\/wp-content\/uploads\/2024\/12\/letra-gigante-nvi.png","type":"image\/png"}],"twitter_card":"summary_large_image","twitter_misc":{"Tiempo de lectura":"1 minuto"},"schema":{"@context":"https:\/\/schema.org","@graph":[{"@type":"WebPage","@id":"https:\/\/tzionlibreria.com\/index.php\/product\/biblia-nvi-revision-2022-letra-gigante-tapa-dura-tela-comfort-print\/","url":"https:\/\/tzionlibreria.com\/index.php\/product\/biblia-nvi-revision-2022-letra-gigante-tapa-dura-tela-comfort-print\/","name":"Biblia NVI Revisi\u00f3n 2022 Letra gigante Tapa dura\/tela Comfort Print - tzionlibreria.com","isPartOf":{"@id":"https:\/\/tzionlibreria.com\/#website"},"primaryImageOfPage":{"@id":"https:\/\/tzionlibreria.com\/index.php\/product\/biblia-nvi-revision-2022-letra-gigante-tapa-dura-tela-comfort-print\/#primaryimage"},"image":{"@id":"https:\/\/tzionlibreria.com\/index.php\/product\/biblia-nvi-revision-2022-letra-gigante-tapa-dura-tela-comfort-print\/#primaryimage"},"thumbnailUrl":"https:\/\/tzionlibreria.com\/wp-content\/uploads\/2024\/12\/letra-gigante-nvi.png","datePublished":"2024-12-24T18:06:47+00:00","dateModified":"2025-06-03T17:30:44+00:00","description":"Con un tama\u00f1o de letra gigante y f\u00e1cil de leer, la Biblia NVI proporciona una experiencia de lectura clara y agradable para lectores de todas las edades.","breadcrumb":{"@id":"https:\/\/tzionlibreria.com\/index.php\/product\/biblia-nvi-revision-2022-letra-gigante-tapa-dura-tela-comfort-print\/#breadcrumb"},"inLanguage":"es-CO","potentialAction":[{"@type":"ReadAction","target":["https:\/\/tzionlibreria.com\/index.php\/product\/biblia-nvi-revision-2022-letra-gigante-tapa-dura-tela-comfort-print\/"]}]},{"@type":"ImageObject","inLanguage":"es-CO","@id":"https:\/\/tzionlibreria.com\/index.php\/product\/biblia-nvi-revision-2022-letra-gigante-tapa-dura-tela-comfort-print\/#primaryimage","url":"https:\/\/tzionlibreria.com\/wp-content\/uploads\/2024\/12\/letra-gigante-nvi.png","contentUrl":"https:\/\/tzionlibreria.com\/wp-content\/uploads\/2024\/12\/letra-gigante-nvi.png","width":1080,"height":1080},{"@type":"BreadcrumbList","@id":"https:\/\/tzionlibreria.com\/index.php\/product\/biblia-nvi-revision-2022-letra-gigante-tapa-dura-tela-comfort-print\/#breadcrumb","itemListElement":[{"@type":"ListItem","position":1,"name":"Inicio","item":"https:\/\/tzionlibreria.com\/"},{"@type":"ListItem","position":2,"name":"Shop","item":"https:\/\/tzionlibreria.com\/index.php\/shop\/"},{"@type":"ListItem","position":3,"name":"Biblia NVI Revisi\u00f3n 2022 Letra gigante Tapa dura\/tela Comfort Print"}]},{"@type":"WebSite","@id":"https:\/\/tzionlibreria.com\/#website","url":"https:\/\/tzionlibreria.com\/","name":"tzionlibreria.com","description":"Libreria Cristiana Venezuela","publisher":{"@id":"https:\/\/tzionlibreria.com\/#organization"},"potentialAction":[{"@type":"SearchAction","target":{"@type":"EntryPoint","urlTemplate":"https:\/\/tzionlibreria.com\/?s={search_term_string}"},"query-input":{"@type":"PropertyValueSpecification","valueRequired":true,"valueName":"search_term_string"}}],"inLanguage":"es-CO"},{"@type":"Organization","@id":"https:\/\/tzionlibreria.com\/#organization","name":"tzionlibreria.com","url":"https:\/\/tzionlibreria.com\/","logo":{"@type":"ImageObject","inLanguage":"es-CO","@id":"https:\/\/tzionlibreria.com\/#\/schema\/logo\/image\/","url":"https:\/\/tzionlibreria.com\/wp-content\/uploads\/2023\/10\/cropped-Cuadricula-scaled-1.jpg","contentUrl":"https:\/\/tzionlibreria.com\/wp-content\/uploads\/2023\/10\/cropped-Cuadricula-scaled-1.jpg","width":2560,"height":2560,"caption":"tzionlibreria.com"},"image":{"@id":"https:\/\/tzionlibreria.com\/#\/schema\/logo\/image\/"}}]}},"jetpack_sharing_enabled":true,"_links":{"self":[{"href":"https:\/\/tzionlibreria.com\/index.php\/wp-json\/wp\/v2\/product\/4538","targetHints":{"allow":["GET"]}}],"collection":[{"href":"https:\/\/tzionlibreria.com\/index.php\/wp-json\/wp\/v2\/product"}],"about":[{"href":"https:\/\/tzionlibreria.com\/index.php\/wp-json\/wp\/v2\/types\/product"}],"replies":[{"embeddable":true,"href":"https:\/\/tzionlibreria.com\/index.php\/wp-json\/wp\/v2\/comments?post=4538"}],"wp:featuredmedia":[{"embeddable":true,"href":"https:\/\/tzionlibreria.com\/index.php\/wp-json\/wp\/v2\/media\/4539"}],"wp:attachment":[{"href":"https:\/\/tzionlibreria.com\/index.php\/wp-json\/wp\/v2\/media?parent=4538"}],"wp:term":[{"taxonomy":"product_brand","embeddable":true,"href":"https:\/\/tzionlibreria.com\/index.php\/wp-json\/wp\/v2\/product_brand?post=4538"},{"taxonomy":"product_cat","embeddable":true,"href":"https:\/\/tzionlibreria.com\/index.php\/wp-json\/wp\/v2\/product_cat?post=4538"},{"taxonomy":"product_tag","embeddable":true,"href":"https:\/\/tzionlibreria.com\/index.php\/wp-json\/wp\/v2\/product_tag?post=4538"}],"curies":[{"name":"wp","href":"https:\/\/api.w.org\/{rel}","templated":true}]}}