{"id":4553,"date":"2024-12-27T14:36:39","date_gmt":"2024-12-27T14:36:39","guid":{"rendered":"https:\/\/tzionlibreria.com\/?post_type=product&#038;p=4553"},"modified":"2026-02-15T19:21:06","modified_gmt":"2026-02-15T19:21:06","slug":"biblia-de-promesas-reina-valera-1960-economica-vino","status":"publish","type":"product","link":"https:\/\/tzionlibreria.com\/index.php\/product\/biblia-de-promesas-reina-valera-1960-economica-vino\/","title":{"rendered":"Biblia de Promesas Reina Valera 1960 Econ\u00f3mica Vino"},"content":{"rendered":"<div class=\"ast-oembed-container \" style=\"height: 100%;\"><iframe title=\"Santa Biblia de Promesas RVR-1960, Econ\u00f3mica, Vino\" width=\"500\" height=\"281\" src=\"https:\/\/www.youtube.com\/embed\/IClY1TZiSCQ?feature=oembed\" frameborder=\"0\" allow=\"accelerometer; autoplay; clipboard-write; encrypted-media; gyroscope; picture-in-picture; web-share\" referrerpolicy=\"strict-origin-when-cross-origin\" allowfullscreen><\/iframe><\/div>\n<p>&nbsp;<\/p>\n<p>La Biblia bellamente presentada con m\u00e1s de 1.800 promesas marcadas en el texto en tono gris para f\u00e1cil reconocimiento. Adem\u00e1s contiene referencias, subt\u00edtulo de temas, diccionario tem\u00e1tico con m\u00e1s de 850 promesas, y el Plan de Salvaci\u00f3n, la mayor promesa de Dios para el hombre. Tama\u00f1o bolsillo. Letra 8 puntos.<\/p>\n<p><strong><em>La Edici\u00f3n Econ\u00f3mica,<\/em><\/strong>\u00a0de nuestra serie\u00a0<strong><em>Biblias de Promesas<\/em><\/strong>, presenta un nuevo dise\u00f1o moderno en la cl\u00e1sica versi\u00f3n m\u00e1s aclamada en el mundo de habla hispana, la Reina Valera 1960. Con un precio asequible y muchas caracter\u00edsticas de valor a\u00f1adido, la\u00a0<em>Biblia de Promesas Econ\u00f3mica<\/em>\u00a0es una gran opci\u00f3n para la distribuci\u00f3n por cantidades o alcance a la comunidad.<\/p>\n<p><em><strong>Disponible en r\u00fastica y tapa dura.<\/strong><\/em><\/p>\n<p><em><strong>Caracter\u00edsticas:<\/strong><\/em><\/p>\n<ul>\n<li>M\u00e1s de diez millones de Biblias de Promesas vendidas<\/li>\n<li>En la RV1960, la versi\u00f3n preferida de los hispanohablantes<\/li>\n<li>R\u00fastica y tapa dura<\/li>\n<li>Tipograf\u00eda de f\u00e1cil lectura y letra grande de 10 pts.<\/li>\n<li>M\u00e1s de 1800 promesas resaltadas en gris para su f\u00e1cil reconocimiento<\/li>\n<li>Referencias cruzadas<\/li>\n<li>Plan de salvaci\u00f3n<\/li>\n<li>Secci\u00f3n de promesas por temas<\/li>\n<li>\u00cdndice de promesas<\/li>\n<li>Concordancia<\/li>\n<li>Mapas<\/li>\n<\/ul>\n<p><strong>ISBN<\/strong>: 9780789909626<br \/>\n<strong>Editorial<\/strong>: Unilit<br \/>\n<strong>Dimensiones<\/strong>: 130 x 190 mm<br \/>\n<strong>Peso<\/strong>: 0,460kg<br \/>\n<strong>Cubierta<\/strong>: R\u00fastica<br \/>\n<strong>N\u00famero de p\u00e1ginas<\/strong>: 1086<br \/>\n<strong>Idioma<\/strong>: Espa\u00f1ol<\/p>\n","protected":false},"excerpt":{"rendered":"<p>&nbsp; La Biblia bellamente presentada con m\u00e1s de 1.800 promesas marcadas en el texto en tono gris para f\u00e1cil reconocimiento. Adem\u00e1s contiene referencias, subt\u00edtulo de temas, diccionario tem\u00e1tico con m\u00e1s de 850 promesas, y el Plan de Salvaci\u00f3n, la mayor promesa de Dios para el hombre. Tama\u00f1o bolsillo. Letra 8 puntos. La Edici\u00f3n Econ\u00f3mica,\u00a0de nuestra [&hellip;]<\/p>\n","protected":false},"featured_media":4554,"comment_status":"open","ping_status":"closed","template":"","meta":{"om_disable_all_campaigns":false,"_monsterinsights_skip_tracking":false,"_monsterinsights_sitenote_active":false,"_monsterinsights_sitenote_note":"","_monsterinsights_sitenote_category":0,"site-sidebar-layout":"default","site-content-layout":"","ast-site-content-layout":"default","site-content-style":"default","site-sidebar-style":"default","ast-global-header-display":"","ast-banner-title-visibility":"","ast-main-header-display":"","ast-hfb-above-header-display":"","ast-hfb-below-header-display":"","ast-hfb-mobile-header-display":"","site-post-title":"","ast-breadcrumbs-content":"","ast-featured-img":"","footer-sml-layout":"","ast-disable-related-posts":"","theme-transparent-header-meta":"default","adv-header-id-meta":"","stick-header-meta":"","header-above-stick-meta":"","header-main-stick-meta":"","header-below-stick-meta":"","astra-migrate-meta-layouts":"set","ast-page-background-enabled":"default","ast-page-background-meta":{"desktop":{"background-color":"var(--ast-global-color-4)","background-image":"","background-repeat":"repeat","background-position":"center center","background-size":"auto","background-attachment":"scroll","background-type":"","background-media":"","overlay-type":"","overlay-color":"","overlay-opacity":"","overlay-gradient":""},"tablet":{"background-color":"","background-image":"","background-repeat":"repeat","background-position":"center center","background-size":"auto","background-attachment":"scroll","background-type":"","background-media":"","overlay-type":"","overlay-color":"","overlay-opacity":"","overlay-gradient":""},"mobile":{"background-color":"","background-image":"","background-repeat":"repeat","background-position":"center center","background-size":"auto","background-attachment":"scroll","background-type":"","background-media":"","overlay-type":"","overlay-color":"","overlay-opacity":"","overlay-gradient":""}},"ast-content-background-meta":{"desktop":{"background-color":"var(--ast-global-color-5)","background-image":"","background-repeat":"repeat","background-position":"center center","background-size":"auto","background-attachment":"scroll","background-type":"","background-media":"","overlay-type":"","overlay-color":"","overlay-opacity":"","overlay-gradient":""},"tablet":{"background-color":"var(--ast-global-color-5)","background-image":"","background-repeat":"repeat","background-position":"center center","background-size":"auto","background-attachment":"scroll","background-type":"","background-media":"","overlay-type":"","overlay-color":"","overlay-opacity":"","overlay-gradient":""},"mobile":{"background-color":"var(--ast-global-color-5)","background-image":"","background-repeat":"repeat","background-position":"center center","background-size":"auto","background-attachment":"scroll","background-type":"","background-media":"","overlay-type":"","overlay-color":"","overlay-opacity":"","overlay-gradient":""}}},"product_brand":[],"product_cat":[22,42],"product_tag":[122,285],"class_list":{"0":"post-4553","1":"product","2":"type-product","3":"status-publish","4":"has-post-thumbnail","6":"product_cat-biblias","7":"product_cat-biblias-reina-valera","8":"product_tag-economica","9":"product_tag-promesas","10":"desktop-align-left","11":"tablet-align-left","12":"mobile-align-left","14":"first","15":"instock","16":"shipping-taxable","17":"purchasable","18":"product-type-simple"},"yoast_head":"<!-- This site is optimized with the Yoast SEO plugin v27.4 - https:\/\/yoast.com\/product\/yoast-seo-wordpress\/ -->\n<title>Biblia de Promesas Reina Valera 1960 Econ\u00f3mica Vino - tzionlibreria.com<\/title>\n<meta name=\"description\" content=\"La Biblia bellamente presentada con m\u00e1s de 1.800 promesas marcadas en el texto en tono gris para f\u00e1cil reconocimiento. Con un precio asequible.\" \/>\n<meta name=\"robots\" content=\"index, follow, max-snippet:-1, max-image-preview:large, max-video-preview:-1\" \/>\n<link rel=\"canonical\" href=\"https:\/\/tzionlibreria.com\/index.php\/product\/biblia-de-promesas-reina-valera-1960-economica-vino\/\" \/>\n<meta property=\"og:locale\" content=\"es_ES\" \/>\n<meta property=\"og:type\" content=\"article\" \/>\n<meta property=\"og:title\" content=\"Biblia de Promesas Reina Valera 1960 Econ\u00f3mica Vino - tzionlibreria.com\" \/>\n<meta property=\"og:description\" content=\"La Biblia bellamente presentada con m\u00e1s de 1.800 promesas marcadas en el texto en tono gris para f\u00e1cil reconocimiento. Con un precio asequible.\" \/>\n<meta property=\"og:url\" content=\"https:\/\/tzionlibreria.com\/index.php\/product\/biblia-de-promesas-reina-valera-1960-economica-vino\/\" \/>\n<meta property=\"og:site_name\" content=\"tzionlibreria.com\" \/>\n<meta property=\"article:modified_time\" content=\"2026-02-15T19:21:06+00:00\" \/>\n<meta property=\"og:image\" content=\"http:\/\/tzionlibreria.com\/wp-content\/uploads\/2024\/12\/19-2.png\" \/>\n\t<meta property=\"og:image:width\" content=\"1080\" \/>\n\t<meta property=\"og:image:height\" content=\"1080\" \/>\n\t<meta property=\"og:image:type\" content=\"image\/png\" \/>\n<meta name=\"twitter:card\" content=\"summary_large_image\" \/>\n<meta name=\"twitter:label1\" content=\"Tiempo de lectura\" \/>\n\t<meta name=\"twitter:data1\" content=\"2 minutos\" \/>\n<script type=\"application\/ld+json\" class=\"yoast-schema-graph\">{\"@context\":\"https:\\\/\\\/schema.org\",\"@graph\":[{\"@type\":\"WebPage\",\"@id\":\"https:\\\/\\\/tzionlibreria.com\\\/index.php\\\/product\\\/biblia-de-promesas-reina-valera-1960-economica-vino\\\/\",\"url\":\"https:\\\/\\\/tzionlibreria.com\\\/index.php\\\/product\\\/biblia-de-promesas-reina-valera-1960-economica-vino\\\/\",\"name\":\"Biblia de Promesas Reina Valera 1960 Econ\u00f3mica Vino - tzionlibreria.com\",\"isPartOf\":{\"@id\":\"https:\\\/\\\/tzionlibreria.com\\\/#website\"},\"primaryImageOfPage\":{\"@id\":\"https:\\\/\\\/tzionlibreria.com\\\/index.php\\\/product\\\/biblia-de-promesas-reina-valera-1960-economica-vino\\\/#primaryimage\"},\"image\":{\"@id\":\"https:\\\/\\\/tzionlibreria.com\\\/index.php\\\/product\\\/biblia-de-promesas-reina-valera-1960-economica-vino\\\/#primaryimage\"},\"thumbnailUrl\":\"https:\\\/\\\/tzionlibreria.com\\\/wp-content\\\/uploads\\\/2024\\\/12\\\/19-2.png\",\"datePublished\":\"2024-12-27T14:36:39+00:00\",\"dateModified\":\"2026-02-15T19:21:06+00:00\",\"description\":\"La Biblia bellamente presentada con m\u00e1s de 1.800 promesas marcadas en el texto en tono gris para f\u00e1cil reconocimiento. Con un precio asequible.\",\"breadcrumb\":{\"@id\":\"https:\\\/\\\/tzionlibreria.com\\\/index.php\\\/product\\\/biblia-de-promesas-reina-valera-1960-economica-vino\\\/#breadcrumb\"},\"inLanguage\":\"es-CO\",\"potentialAction\":[{\"@type\":\"ReadAction\",\"target\":[\"https:\\\/\\\/tzionlibreria.com\\\/index.php\\\/product\\\/biblia-de-promesas-reina-valera-1960-economica-vino\\\/\"]}]},{\"@type\":\"ImageObject\",\"inLanguage\":\"es-CO\",\"@id\":\"https:\\\/\\\/tzionlibreria.com\\\/index.php\\\/product\\\/biblia-de-promesas-reina-valera-1960-economica-vino\\\/#primaryimage\",\"url\":\"https:\\\/\\\/tzionlibreria.com\\\/wp-content\\\/uploads\\\/2024\\\/12\\\/19-2.png\",\"contentUrl\":\"https:\\\/\\\/tzionlibreria.com\\\/wp-content\\\/uploads\\\/2024\\\/12\\\/19-2.png\",\"width\":1080,\"height\":1080},{\"@type\":\"BreadcrumbList\",\"@id\":\"https:\\\/\\\/tzionlibreria.com\\\/index.php\\\/product\\\/biblia-de-promesas-reina-valera-1960-economica-vino\\\/#breadcrumb\",\"itemListElement\":[{\"@type\":\"ListItem\",\"position\":1,\"name\":\"Inicio\",\"item\":\"https:\\\/\\\/tzionlibreria.com\\\/\"},{\"@type\":\"ListItem\",\"position\":2,\"name\":\"Shop\",\"item\":\"https:\\\/\\\/tzionlibreria.com\\\/index.php\\\/shop\\\/\"},{\"@type\":\"ListItem\",\"position\":3,\"name\":\"Biblia de Promesas Reina Valera 1960 Econ\u00f3mica Vino\"}]},{\"@type\":\"WebSite\",\"@id\":\"https:\\\/\\\/tzionlibreria.com\\\/#website\",\"url\":\"https:\\\/\\\/tzionlibreria.com\\\/\",\"name\":\"tzionlibreria.com\",\"description\":\"Libreria Cristiana Venezuela\",\"publisher\":{\"@id\":\"https:\\\/\\\/tzionlibreria.com\\\/#organization\"},\"potentialAction\":[{\"@type\":\"SearchAction\",\"target\":{\"@type\":\"EntryPoint\",\"urlTemplate\":\"https:\\\/\\\/tzionlibreria.com\\\/?s={search_term_string}\"},\"query-input\":{\"@type\":\"PropertyValueSpecification\",\"valueRequired\":true,\"valueName\":\"search_term_string\"}}],\"inLanguage\":\"es-CO\"},{\"@type\":\"Organization\",\"@id\":\"https:\\\/\\\/tzionlibreria.com\\\/#organization\",\"name\":\"tzionlibreria.com\",\"url\":\"https:\\\/\\\/tzionlibreria.com\\\/\",\"logo\":{\"@type\":\"ImageObject\",\"inLanguage\":\"es-CO\",\"@id\":\"https:\\\/\\\/tzionlibreria.com\\\/#\\\/schema\\\/logo\\\/image\\\/\",\"url\":\"https:\\\/\\\/tzionlibreria.com\\\/wp-content\\\/uploads\\\/2023\\\/10\\\/cropped-Cuadricula-scaled-1.jpg\",\"contentUrl\":\"https:\\\/\\\/tzionlibreria.com\\\/wp-content\\\/uploads\\\/2023\\\/10\\\/cropped-Cuadricula-scaled-1.jpg\",\"width\":2560,\"height\":2560,\"caption\":\"tzionlibreria.com\"},\"image\":{\"@id\":\"https:\\\/\\\/tzionlibreria.com\\\/#\\\/schema\\\/logo\\\/image\\\/\"}}]}<\/script>\n<!-- \/ Yoast SEO plugin. -->","yoast_head_json":{"title":"Biblia de Promesas Reina Valera 1960 Econ\u00f3mica Vino - tzionlibreria.com","description":"La Biblia bellamente presentada con m\u00e1s de 1.800 promesas marcadas en el texto en tono gris para f\u00e1cil reconocimiento. Con un precio asequible.","robots":{"index":"index","follow":"follow","max-snippet":"max-snippet:-1","max-image-preview":"max-image-preview:large","max-video-preview":"max-video-preview:-1"},"canonical":"https:\/\/tzionlibreria.com\/index.php\/product\/biblia-de-promesas-reina-valera-1960-economica-vino\/","og_locale":"es_ES","og_type":"article","og_title":"Biblia de Promesas Reina Valera 1960 Econ\u00f3mica Vino - tzionlibreria.com","og_description":"La Biblia bellamente presentada con m\u00e1s de 1.800 promesas marcadas en el texto en tono gris para f\u00e1cil reconocimiento. Con un precio asequible.","og_url":"https:\/\/tzionlibreria.com\/index.php\/product\/biblia-de-promesas-reina-valera-1960-economica-vino\/","og_site_name":"tzionlibreria.com","article_modified_time":"2026-02-15T19:21:06+00:00","og_image":[{"width":1080,"height":1080,"url":"http:\/\/tzionlibreria.com\/wp-content\/uploads\/2024\/12\/19-2.png","type":"image\/png"}],"twitter_card":"summary_large_image","twitter_misc":{"Tiempo de lectura":"2 minutos"},"schema":{"@context":"https:\/\/schema.org","@graph":[{"@type":"WebPage","@id":"https:\/\/tzionlibreria.com\/index.php\/product\/biblia-de-promesas-reina-valera-1960-economica-vino\/","url":"https:\/\/tzionlibreria.com\/index.php\/product\/biblia-de-promesas-reina-valera-1960-economica-vino\/","name":"Biblia de Promesas Reina Valera 1960 Econ\u00f3mica Vino - tzionlibreria.com","isPartOf":{"@id":"https:\/\/tzionlibreria.com\/#website"},"primaryImageOfPage":{"@id":"https:\/\/tzionlibreria.com\/index.php\/product\/biblia-de-promesas-reina-valera-1960-economica-vino\/#primaryimage"},"image":{"@id":"https:\/\/tzionlibreria.com\/index.php\/product\/biblia-de-promesas-reina-valera-1960-economica-vino\/#primaryimage"},"thumbnailUrl":"https:\/\/tzionlibreria.com\/wp-content\/uploads\/2024\/12\/19-2.png","datePublished":"2024-12-27T14:36:39+00:00","dateModified":"2026-02-15T19:21:06+00:00","description":"La Biblia bellamente presentada con m\u00e1s de 1.800 promesas marcadas en el texto en tono gris para f\u00e1cil reconocimiento. Con un precio asequible.","breadcrumb":{"@id":"https:\/\/tzionlibreria.com\/index.php\/product\/biblia-de-promesas-reina-valera-1960-economica-vino\/#breadcrumb"},"inLanguage":"es-CO","potentialAction":[{"@type":"ReadAction","target":["https:\/\/tzionlibreria.com\/index.php\/product\/biblia-de-promesas-reina-valera-1960-economica-vino\/"]}]},{"@type":"ImageObject","inLanguage":"es-CO","@id":"https:\/\/tzionlibreria.com\/index.php\/product\/biblia-de-promesas-reina-valera-1960-economica-vino\/#primaryimage","url":"https:\/\/tzionlibreria.com\/wp-content\/uploads\/2024\/12\/19-2.png","contentUrl":"https:\/\/tzionlibreria.com\/wp-content\/uploads\/2024\/12\/19-2.png","width":1080,"height":1080},{"@type":"BreadcrumbList","@id":"https:\/\/tzionlibreria.com\/index.php\/product\/biblia-de-promesas-reina-valera-1960-economica-vino\/#breadcrumb","itemListElement":[{"@type":"ListItem","position":1,"name":"Inicio","item":"https:\/\/tzionlibreria.com\/"},{"@type":"ListItem","position":2,"name":"Shop","item":"https:\/\/tzionlibreria.com\/index.php\/shop\/"},{"@type":"ListItem","position":3,"name":"Biblia de Promesas Reina Valera 1960 Econ\u00f3mica Vino"}]},{"@type":"WebSite","@id":"https:\/\/tzionlibreria.com\/#website","url":"https:\/\/tzionlibreria.com\/","name":"tzionlibreria.com","description":"Libreria Cristiana Venezuela","publisher":{"@id":"https:\/\/tzionlibreria.com\/#organization"},"potentialAction":[{"@type":"SearchAction","target":{"@type":"EntryPoint","urlTemplate":"https:\/\/tzionlibreria.com\/?s={search_term_string}"},"query-input":{"@type":"PropertyValueSpecification","valueRequired":true,"valueName":"search_term_string"}}],"inLanguage":"es-CO"},{"@type":"Organization","@id":"https:\/\/tzionlibreria.com\/#organization","name":"tzionlibreria.com","url":"https:\/\/tzionlibreria.com\/","logo":{"@type":"ImageObject","inLanguage":"es-CO","@id":"https:\/\/tzionlibreria.com\/#\/schema\/logo\/image\/","url":"https:\/\/tzionlibreria.com\/wp-content\/uploads\/2023\/10\/cropped-Cuadricula-scaled-1.jpg","contentUrl":"https:\/\/tzionlibreria.com\/wp-content\/uploads\/2023\/10\/cropped-Cuadricula-scaled-1.jpg","width":2560,"height":2560,"caption":"tzionlibreria.com"},"image":{"@id":"https:\/\/tzionlibreria.com\/#\/schema\/logo\/image\/"}}]}},"jetpack_sharing_enabled":true,"_links":{"self":[{"href":"https:\/\/tzionlibreria.com\/index.php\/wp-json\/wp\/v2\/product\/4553","targetHints":{"allow":["GET"]}}],"collection":[{"href":"https:\/\/tzionlibreria.com\/index.php\/wp-json\/wp\/v2\/product"}],"about":[{"href":"https:\/\/tzionlibreria.com\/index.php\/wp-json\/wp\/v2\/types\/product"}],"replies":[{"embeddable":true,"href":"https:\/\/tzionlibreria.com\/index.php\/wp-json\/wp\/v2\/comments?post=4553"}],"wp:featuredmedia":[{"embeddable":true,"href":"https:\/\/tzionlibreria.com\/index.php\/wp-json\/wp\/v2\/media\/4554"}],"wp:attachment":[{"href":"https:\/\/tzionlibreria.com\/index.php\/wp-json\/wp\/v2\/media?parent=4553"}],"wp:term":[{"taxonomy":"product_brand","embeddable":true,"href":"https:\/\/tzionlibreria.com\/index.php\/wp-json\/wp\/v2\/product_brand?post=4553"},{"taxonomy":"product_cat","embeddable":true,"href":"https:\/\/tzionlibreria.com\/index.php\/wp-json\/wp\/v2\/product_cat?post=4553"},{"taxonomy":"product_tag","embeddable":true,"href":"https:\/\/tzionlibreria.com\/index.php\/wp-json\/wp\/v2\/product_tag?post=4553"}],"curies":[{"name":"wp","href":"https:\/\/api.w.org\/{rel}","templated":true}]}}