{"id":4584,"date":"2024-12-27T16:08:34","date_gmt":"2024-12-27T16:08:34","guid":{"rendered":"https:\/\/tzionlibreria.com\/?post_type=product&#038;p=4584"},"modified":"2025-02-09T18:54:55","modified_gmt":"2025-02-09T18:54:55","slug":"biblia-de-estudio-matthew-henry-reina-valera-tapa-dura","status":"publish","type":"product","link":"https:\/\/tzionlibreria.com\/index.php\/product\/biblia-de-estudio-matthew-henry-reina-valera-tapa-dura\/","title":{"rendered":"Biblia de Estudio Matthew Henry Reina Valera Tapa Dura"},"content":{"rendered":"<p><strong><span class=\"a-text-bold\">La\u00a0<\/span><span class=\"a-text-bold a-text-italic\">RVR Biblia de Estudio Matthew Henry<\/span><span class=\"a-text-bold\">\u00a0presenta m\u00e1s de 15.000 notas elaboradas por Matthew Henry y otros m\u00e1s de 200 te\u00f3logos y autores de renombre tales como Lutero, Calvino, Clarke, Keil, Delitzsch, Spurgeon, Lacueva, P\u00e9rez-Millos y Wesley, entre otros.<\/span><\/strong><\/p>\n<p>Henry se destac\u00f3 por su perspectiva teol\u00f3gica, la cual es fiel testimonio de la doctrina evang\u00e9lica. Sus detalladas notas demuestran una capacidad espiritual superlativa y una gran erudici\u00f3n basada en su conocimiento profundo del griego y el hebreo b\u00edblico. En sus m\u00e1s de 2.000 p\u00e1ginas a dos colores, el lector descubrir\u00e1 gran cantidad de contenido de \u00edndole filol\u00f3gico, cultural, devocional y doctrinal que ampliar\u00e1n y renovar\u00e1n la profundidad de su estudio b\u00edblico. Cientos de notas, diagramas, fotograf\u00edas y art\u00edculos a p\u00e1gina completa acompa\u00f1an el texto \u00edntegro de la Reina Valera Revisada: la traducci\u00f3n b\u00edblica predilecta de muchos importantes y reconocidos eruditos de la Biblia en la actualidad.<\/p>\n<p>&nbsp;<\/p>\n<div>\n<div id=\"description\" class=\"data item content\" role=\"tabpanel\" aria-labelledby=\"tab-label-description\" data-role=\"content\" aria-hidden=\"false\">\n<div class=\"product attribute description\">\n<div class=\"value\">\n<p>Para mayor comprensi\u00f3n, las notas se han dividido seg\u00fan su tipolog\u00eda en:<\/p>\n<p><strong>1. Filol\u00f3gicas<\/strong>. Notas que ofrecen una definici\u00f3n y explicaci\u00f3n de t\u00e9rminos en hebreo, arameo o griego.<\/p>\n<p><strong>2. Hist\u00f3rico-contextuales.<\/strong>\u00a0Aqu\u00ed se agrupan notas acerca de los conceptos que se desarrollan en contextos espacio-temporales que es necesario conocer para acertar con el significado.<\/p>\n<p><strong>3. Doctrinales.<\/strong>\u00a0Notas que explican el fundamento doctrinal de la fe que descansa en la revelaci\u00f3n b\u00edblica.<\/p>\n<p><strong>4. Exeg\u00e9ticas-devocionales.<\/strong>\u00a0Se han agrupado todas aquellas notas que tienen que ver con la praxis de la fe o que ofrecen informaci\u00f3n adicional para comprender el texto b\u00edblico.<\/p>\n<p>Para ello, hemos recurrido a autores evang\u00e9licos de estos \u00faltimos siglos, partiendo de Lutero y Calvino, siguiendo con los llamados \u201cpuritanos\u201d \u2013en cuya tradici\u00f3n se inscribe Matthew Henry\u2013 y continuando con los grandes eruditos evang\u00e9licos de ayer y hoy, como Carl Keil y Franz Delitzsch, en el Antiguo Testamento y, A. T. Robertson, en el Nuevo.<\/p>\n<p>M\u00e1s de cien autores evang\u00e9licos relevantes, que han sido faro y bendici\u00f3n de los \u00faltimos siglos, unidos en esta Biblia de Estudio devocional y exeg\u00e9tica que la hacen una fuente de inspiraci\u00f3n espiritual y tambi\u00e9n una gran auxiliar de consulta y estudio b\u00edblico.<\/p>\n<\/div>\n<\/div>\n<\/div>\n<\/div>\n<div class=\"data item title \" tabindex=\"0\" role=\"tab\" data-role=\"collapsible\" data-collapsible=\"true\" aria-controls=\"additional\" aria-selected=\"false\" aria-expanded=\"false\"><\/div>\n<div tabindex=\"0\" role=\"tab\" data-role=\"collapsible\" data-collapsible=\"true\" aria-controls=\"additional\" aria-selected=\"false\" aria-expanded=\"false\">\n<ul class=\"a-unordered-list a-nostyle a-vertical a-spacing-none detail-bullet-list\">\n<li><span class=\"a-list-item\"><span class=\"a-text-bold\"><strong>Editorial<\/strong> \u200f: \u200e<\/span>CLIE; Primera edici\u00f3n (22 Octubre 2019)<\/span><\/li>\n<li><span class=\"a-list-item\"><span class=\"a-text-bold\"><strong>Idioma<\/strong>: <\/span>Espa\u00f1ol<\/span><\/li>\n<li><span class=\"a-list-item\"><span class=\"a-text-bold\"><strong>Tapa dura:<\/strong> \u200e <\/span>2214 p\u00e1ginas<\/span><\/li>\n<li><span class=\"a-list-item\"><span class=\"a-text-bold\"><strong>ISBN:<\/strong> \u200e<\/span>9788482678375<\/span><\/li>\n<\/ul>\n<\/div>\n<div id=\"ctl00_ucPDTabs_ctl01_fs\" class=\"ProductDetailGroup\">\n<p>&nbsp;<\/p>\n<p>&nbsp;<\/p>\n<\/div>\n<p>&nbsp;<\/p>\n","protected":false},"excerpt":{"rendered":"<p>La\u00a0RVR Biblia de Estudio Matthew Henry\u00a0presenta m\u00e1s de 15.000 notas elaboradas por Matthew Henry y otros m\u00e1s de 200 te\u00f3logos y autores de renombre tales como Lutero, Calvino, Clarke, Keil, Delitzsch, Spurgeon, Lacueva, P\u00e9rez-Millos y Wesley, entre otros. Henry se destac\u00f3 por su perspectiva teol\u00f3gica, la cual es fiel testimonio de la doctrina evang\u00e9lica. Sus [&hellip;]<\/p>\n","protected":false},"featured_media":4585,"comment_status":"open","ping_status":"closed","template":"","meta":{"om_disable_all_campaigns":false,"_monsterinsights_skip_tracking":false,"_monsterinsights_sitenote_active":false,"_monsterinsights_sitenote_note":"","_monsterinsights_sitenote_category":0,"site-sidebar-layout":"default","site-content-layout":"","ast-site-content-layout":"default","site-content-style":"default","site-sidebar-style":"default","ast-global-header-display":"","ast-banner-title-visibility":"","ast-main-header-display":"","ast-hfb-above-header-display":"","ast-hfb-below-header-display":"","ast-hfb-mobile-header-display":"","site-post-title":"","ast-breadcrumbs-content":"","ast-featured-img":"","footer-sml-layout":"","ast-disable-related-posts":"","theme-transparent-header-meta":"default","adv-header-id-meta":"","stick-header-meta":"","header-above-stick-meta":"","header-main-stick-meta":"","header-below-stick-meta":"","astra-migrate-meta-layouts":"set","ast-page-background-enabled":"default","ast-page-background-meta":{"desktop":{"background-color":"var(--ast-global-color-4)","background-image":"","background-repeat":"repeat","background-position":"center center","background-size":"auto","background-attachment":"scroll","background-type":"","background-media":"","overlay-type":"","overlay-color":"","overlay-opacity":"","overlay-gradient":""},"tablet":{"background-color":"","background-image":"","background-repeat":"repeat","background-position":"center center","background-size":"auto","background-attachment":"scroll","background-type":"","background-media":"","overlay-type":"","overlay-color":"","overlay-opacity":"","overlay-gradient":""},"mobile":{"background-color":"","background-image":"","background-repeat":"repeat","background-position":"center center","background-size":"auto","background-attachment":"scroll","background-type":"","background-media":"","overlay-type":"","overlay-color":"","overlay-opacity":"","overlay-gradient":""}},"ast-content-background-meta":{"desktop":{"background-color":"var(--ast-global-color-5)","background-image":"","background-repeat":"repeat","background-position":"center center","background-size":"auto","background-attachment":"scroll","background-type":"","background-media":"","overlay-type":"","overlay-color":"","overlay-opacity":"","overlay-gradient":""},"tablet":{"background-color":"var(--ast-global-color-5)","background-image":"","background-repeat":"repeat","background-position":"center center","background-size":"auto","background-attachment":"scroll","background-type":"","background-media":"","overlay-type":"","overlay-color":"","overlay-opacity":"","overlay-gradient":""},"mobile":{"background-color":"var(--ast-global-color-5)","background-image":"","background-repeat":"repeat","background-position":"center center","background-size":"auto","background-attachment":"scroll","background-type":"","background-media":"","overlay-type":"","overlay-color":"","overlay-opacity":"","overlay-gradient":""}}},"product_brand":[],"product_cat":[22,30,42],"product_tag":[],"class_list":{"0":"post-4584","1":"product","2":"type-product","3":"status-publish","4":"has-post-thumbnail","6":"product_cat-biblias","7":"product_cat-biblia-de-estudio","8":"product_cat-biblias-reina-valera","9":"desktop-align-left","10":"tablet-align-left","11":"mobile-align-left","13":"first","14":"outofstock","15":"shipping-taxable","16":"purchasable","17":"product-type-simple"},"yoast_head":"<!-- This site is optimized with the Yoast SEO plugin v27.4 - https:\/\/yoast.com\/product\/yoast-seo-wordpress\/ -->\n<title>Biblia de Estudio Matthew Henry Reina Valera Tapa Dura - tzionlibreria.com<\/title>\n<meta name=\"description\" content=\"Biblia de Estudio Matthew Henry presenta m\u00e1s de 15.000 notas elaboradas por Matthew Henry y m\u00e1s de 200 te\u00f3logos Lutero,Calvino,Spurgeon, Lacueva, , Wesley\" \/>\n<meta name=\"robots\" content=\"index, follow, max-snippet:-1, max-image-preview:large, max-video-preview:-1\" \/>\n<link rel=\"canonical\" href=\"https:\/\/tzionlibreria.com\/index.php\/product\/biblia-de-estudio-matthew-henry-reina-valera-tapa-dura\/\" \/>\n<meta property=\"og:locale\" content=\"es_ES\" \/>\n<meta property=\"og:type\" content=\"article\" \/>\n<meta property=\"og:title\" content=\"Biblia de Estudio Matthew Henry Reina Valera Tapa Dura - tzionlibreria.com\" \/>\n<meta property=\"og:description\" content=\"Biblia de Estudio Matthew Henry presenta m\u00e1s de 15.000 notas elaboradas por Matthew Henry y m\u00e1s de 200 te\u00f3logos Lutero,Calvino,Spurgeon, Lacueva, , Wesley\" \/>\n<meta property=\"og:url\" content=\"https:\/\/tzionlibreria.com\/index.php\/product\/biblia-de-estudio-matthew-henry-reina-valera-tapa-dura\/\" \/>\n<meta property=\"og:site_name\" content=\"tzionlibreria.com\" \/>\n<meta property=\"article:modified_time\" content=\"2025-02-09T18:54:55+00:00\" \/>\n<meta property=\"og:image\" content=\"http:\/\/tzionlibreria.com\/wp-content\/uploads\/2024\/12\/15-1.png\" \/>\n\t<meta property=\"og:image:width\" content=\"1080\" \/>\n\t<meta property=\"og:image:height\" content=\"1080\" \/>\n\t<meta property=\"og:image:type\" content=\"image\/png\" \/>\n<meta name=\"twitter:card\" content=\"summary_large_image\" \/>\n<meta name=\"twitter:label1\" content=\"Tiempo de lectura\" \/>\n\t<meta name=\"twitter:data1\" content=\"2 minutos\" \/>\n<script type=\"application\/ld+json\" class=\"yoast-schema-graph\">{\"@context\":\"https:\\\/\\\/schema.org\",\"@graph\":[{\"@type\":\"WebPage\",\"@id\":\"https:\\\/\\\/tzionlibreria.com\\\/index.php\\\/product\\\/biblia-de-estudio-matthew-henry-reina-valera-tapa-dura\\\/\",\"url\":\"https:\\\/\\\/tzionlibreria.com\\\/index.php\\\/product\\\/biblia-de-estudio-matthew-henry-reina-valera-tapa-dura\\\/\",\"name\":\"Biblia de Estudio Matthew Henry Reina Valera Tapa Dura - tzionlibreria.com\",\"isPartOf\":{\"@id\":\"https:\\\/\\\/tzionlibreria.com\\\/#website\"},\"primaryImageOfPage\":{\"@id\":\"https:\\\/\\\/tzionlibreria.com\\\/index.php\\\/product\\\/biblia-de-estudio-matthew-henry-reina-valera-tapa-dura\\\/#primaryimage\"},\"image\":{\"@id\":\"https:\\\/\\\/tzionlibreria.com\\\/index.php\\\/product\\\/biblia-de-estudio-matthew-henry-reina-valera-tapa-dura\\\/#primaryimage\"},\"thumbnailUrl\":\"https:\\\/\\\/tzionlibreria.com\\\/wp-content\\\/uploads\\\/2024\\\/12\\\/15-1.png\",\"datePublished\":\"2024-12-27T16:08:34+00:00\",\"dateModified\":\"2025-02-09T18:54:55+00:00\",\"description\":\"Biblia de Estudio Matthew Henry presenta m\u00e1s de 15.000 notas elaboradas por Matthew Henry y m\u00e1s de 200 te\u00f3logos Lutero,Calvino,Spurgeon, Lacueva, , Wesley\",\"breadcrumb\":{\"@id\":\"https:\\\/\\\/tzionlibreria.com\\\/index.php\\\/product\\\/biblia-de-estudio-matthew-henry-reina-valera-tapa-dura\\\/#breadcrumb\"},\"inLanguage\":\"es-CO\",\"potentialAction\":[{\"@type\":\"ReadAction\",\"target\":[\"https:\\\/\\\/tzionlibreria.com\\\/index.php\\\/product\\\/biblia-de-estudio-matthew-henry-reina-valera-tapa-dura\\\/\"]}]},{\"@type\":\"ImageObject\",\"inLanguage\":\"es-CO\",\"@id\":\"https:\\\/\\\/tzionlibreria.com\\\/index.php\\\/product\\\/biblia-de-estudio-matthew-henry-reina-valera-tapa-dura\\\/#primaryimage\",\"url\":\"https:\\\/\\\/tzionlibreria.com\\\/wp-content\\\/uploads\\\/2024\\\/12\\\/15-1.png\",\"contentUrl\":\"https:\\\/\\\/tzionlibreria.com\\\/wp-content\\\/uploads\\\/2024\\\/12\\\/15-1.png\",\"width\":1080,\"height\":1080},{\"@type\":\"BreadcrumbList\",\"@id\":\"https:\\\/\\\/tzionlibreria.com\\\/index.php\\\/product\\\/biblia-de-estudio-matthew-henry-reina-valera-tapa-dura\\\/#breadcrumb\",\"itemListElement\":[{\"@type\":\"ListItem\",\"position\":1,\"name\":\"Inicio\",\"item\":\"https:\\\/\\\/tzionlibreria.com\\\/\"},{\"@type\":\"ListItem\",\"position\":2,\"name\":\"Shop\",\"item\":\"https:\\\/\\\/tzionlibreria.com\\\/index.php\\\/shop\\\/\"},{\"@type\":\"ListItem\",\"position\":3,\"name\":\"Biblia de Estudio Matthew Henry Reina Valera Tapa Dura\"}]},{\"@type\":\"WebSite\",\"@id\":\"https:\\\/\\\/tzionlibreria.com\\\/#website\",\"url\":\"https:\\\/\\\/tzionlibreria.com\\\/\",\"name\":\"tzionlibreria.com\",\"description\":\"Libreria Cristiana Venezuela\",\"publisher\":{\"@id\":\"https:\\\/\\\/tzionlibreria.com\\\/#organization\"},\"potentialAction\":[{\"@type\":\"SearchAction\",\"target\":{\"@type\":\"EntryPoint\",\"urlTemplate\":\"https:\\\/\\\/tzionlibreria.com\\\/?s={search_term_string}\"},\"query-input\":{\"@type\":\"PropertyValueSpecification\",\"valueRequired\":true,\"valueName\":\"search_term_string\"}}],\"inLanguage\":\"es-CO\"},{\"@type\":\"Organization\",\"@id\":\"https:\\\/\\\/tzionlibreria.com\\\/#organization\",\"name\":\"tzionlibreria.com\",\"url\":\"https:\\\/\\\/tzionlibreria.com\\\/\",\"logo\":{\"@type\":\"ImageObject\",\"inLanguage\":\"es-CO\",\"@id\":\"https:\\\/\\\/tzionlibreria.com\\\/#\\\/schema\\\/logo\\\/image\\\/\",\"url\":\"https:\\\/\\\/tzionlibreria.com\\\/wp-content\\\/uploads\\\/2023\\\/10\\\/cropped-Cuadricula-scaled-1.jpg\",\"contentUrl\":\"https:\\\/\\\/tzionlibreria.com\\\/wp-content\\\/uploads\\\/2023\\\/10\\\/cropped-Cuadricula-scaled-1.jpg\",\"width\":2560,\"height\":2560,\"caption\":\"tzionlibreria.com\"},\"image\":{\"@id\":\"https:\\\/\\\/tzionlibreria.com\\\/#\\\/schema\\\/logo\\\/image\\\/\"}}]}<\/script>\n<!-- \/ Yoast SEO plugin. -->","yoast_head_json":{"title":"Biblia de Estudio Matthew Henry Reina Valera Tapa Dura - tzionlibreria.com","description":"Biblia de Estudio Matthew Henry presenta m\u00e1s de 15.000 notas elaboradas por Matthew Henry y m\u00e1s de 200 te\u00f3logos Lutero,Calvino,Spurgeon, Lacueva, , Wesley","robots":{"index":"index","follow":"follow","max-snippet":"max-snippet:-1","max-image-preview":"max-image-preview:large","max-video-preview":"max-video-preview:-1"},"canonical":"https:\/\/tzionlibreria.com\/index.php\/product\/biblia-de-estudio-matthew-henry-reina-valera-tapa-dura\/","og_locale":"es_ES","og_type":"article","og_title":"Biblia de Estudio Matthew Henry Reina Valera Tapa Dura - tzionlibreria.com","og_description":"Biblia de Estudio Matthew Henry presenta m\u00e1s de 15.000 notas elaboradas por Matthew Henry y m\u00e1s de 200 te\u00f3logos Lutero,Calvino,Spurgeon, Lacueva, , Wesley","og_url":"https:\/\/tzionlibreria.com\/index.php\/product\/biblia-de-estudio-matthew-henry-reina-valera-tapa-dura\/","og_site_name":"tzionlibreria.com","article_modified_time":"2025-02-09T18:54:55+00:00","og_image":[{"width":1080,"height":1080,"url":"http:\/\/tzionlibreria.com\/wp-content\/uploads\/2024\/12\/15-1.png","type":"image\/png"}],"twitter_card":"summary_large_image","twitter_misc":{"Tiempo de lectura":"2 minutos"},"schema":{"@context":"https:\/\/schema.org","@graph":[{"@type":"WebPage","@id":"https:\/\/tzionlibreria.com\/index.php\/product\/biblia-de-estudio-matthew-henry-reina-valera-tapa-dura\/","url":"https:\/\/tzionlibreria.com\/index.php\/product\/biblia-de-estudio-matthew-henry-reina-valera-tapa-dura\/","name":"Biblia de Estudio Matthew Henry Reina Valera Tapa Dura - tzionlibreria.com","isPartOf":{"@id":"https:\/\/tzionlibreria.com\/#website"},"primaryImageOfPage":{"@id":"https:\/\/tzionlibreria.com\/index.php\/product\/biblia-de-estudio-matthew-henry-reina-valera-tapa-dura\/#primaryimage"},"image":{"@id":"https:\/\/tzionlibreria.com\/index.php\/product\/biblia-de-estudio-matthew-henry-reina-valera-tapa-dura\/#primaryimage"},"thumbnailUrl":"https:\/\/tzionlibreria.com\/wp-content\/uploads\/2024\/12\/15-1.png","datePublished":"2024-12-27T16:08:34+00:00","dateModified":"2025-02-09T18:54:55+00:00","description":"Biblia de Estudio Matthew Henry presenta m\u00e1s de 15.000 notas elaboradas por Matthew Henry y m\u00e1s de 200 te\u00f3logos Lutero,Calvino,Spurgeon, Lacueva, , Wesley","breadcrumb":{"@id":"https:\/\/tzionlibreria.com\/index.php\/product\/biblia-de-estudio-matthew-henry-reina-valera-tapa-dura\/#breadcrumb"},"inLanguage":"es-CO","potentialAction":[{"@type":"ReadAction","target":["https:\/\/tzionlibreria.com\/index.php\/product\/biblia-de-estudio-matthew-henry-reina-valera-tapa-dura\/"]}]},{"@type":"ImageObject","inLanguage":"es-CO","@id":"https:\/\/tzionlibreria.com\/index.php\/product\/biblia-de-estudio-matthew-henry-reina-valera-tapa-dura\/#primaryimage","url":"https:\/\/tzionlibreria.com\/wp-content\/uploads\/2024\/12\/15-1.png","contentUrl":"https:\/\/tzionlibreria.com\/wp-content\/uploads\/2024\/12\/15-1.png","width":1080,"height":1080},{"@type":"BreadcrumbList","@id":"https:\/\/tzionlibreria.com\/index.php\/product\/biblia-de-estudio-matthew-henry-reina-valera-tapa-dura\/#breadcrumb","itemListElement":[{"@type":"ListItem","position":1,"name":"Inicio","item":"https:\/\/tzionlibreria.com\/"},{"@type":"ListItem","position":2,"name":"Shop","item":"https:\/\/tzionlibreria.com\/index.php\/shop\/"},{"@type":"ListItem","position":3,"name":"Biblia de Estudio Matthew Henry Reina Valera Tapa Dura"}]},{"@type":"WebSite","@id":"https:\/\/tzionlibreria.com\/#website","url":"https:\/\/tzionlibreria.com\/","name":"tzionlibreria.com","description":"Libreria Cristiana Venezuela","publisher":{"@id":"https:\/\/tzionlibreria.com\/#organization"},"potentialAction":[{"@type":"SearchAction","target":{"@type":"EntryPoint","urlTemplate":"https:\/\/tzionlibreria.com\/?s={search_term_string}"},"query-input":{"@type":"PropertyValueSpecification","valueRequired":true,"valueName":"search_term_string"}}],"inLanguage":"es-CO"},{"@type":"Organization","@id":"https:\/\/tzionlibreria.com\/#organization","name":"tzionlibreria.com","url":"https:\/\/tzionlibreria.com\/","logo":{"@type":"ImageObject","inLanguage":"es-CO","@id":"https:\/\/tzionlibreria.com\/#\/schema\/logo\/image\/","url":"https:\/\/tzionlibreria.com\/wp-content\/uploads\/2023\/10\/cropped-Cuadricula-scaled-1.jpg","contentUrl":"https:\/\/tzionlibreria.com\/wp-content\/uploads\/2023\/10\/cropped-Cuadricula-scaled-1.jpg","width":2560,"height":2560,"caption":"tzionlibreria.com"},"image":{"@id":"https:\/\/tzionlibreria.com\/#\/schema\/logo\/image\/"}}]}},"jetpack_sharing_enabled":true,"_links":{"self":[{"href":"https:\/\/tzionlibreria.com\/index.php\/wp-json\/wp\/v2\/product\/4584","targetHints":{"allow":["GET"]}}],"collection":[{"href":"https:\/\/tzionlibreria.com\/index.php\/wp-json\/wp\/v2\/product"}],"about":[{"href":"https:\/\/tzionlibreria.com\/index.php\/wp-json\/wp\/v2\/types\/product"}],"replies":[{"embeddable":true,"href":"https:\/\/tzionlibreria.com\/index.php\/wp-json\/wp\/v2\/comments?post=4584"}],"wp:featuredmedia":[{"embeddable":true,"href":"https:\/\/tzionlibreria.com\/index.php\/wp-json\/wp\/v2\/media\/4585"}],"wp:attachment":[{"href":"https:\/\/tzionlibreria.com\/index.php\/wp-json\/wp\/v2\/media?parent=4584"}],"wp:term":[{"taxonomy":"product_brand","embeddable":true,"href":"https:\/\/tzionlibreria.com\/index.php\/wp-json\/wp\/v2\/product_brand?post=4584"},{"taxonomy":"product_cat","embeddable":true,"href":"https:\/\/tzionlibreria.com\/index.php\/wp-json\/wp\/v2\/product_cat?post=4584"},{"taxonomy":"product_tag","embeddable":true,"href":"https:\/\/tzionlibreria.com\/index.php\/wp-json\/wp\/v2\/product_tag?post=4584"}],"curies":[{"name":"wp","href":"https:\/\/api.w.org\/{rel}","templated":true}]}}