{"id":4610,"date":"2025-01-03T02:31:08","date_gmt":"2025-01-03T02:31:08","guid":{"rendered":"https:\/\/tzionlibreria.com\/?post_type=product&#038;p=4610"},"modified":"2025-01-03T02:31:08","modified_gmt":"2025-01-03T02:31:08","slug":"la-iglesia-emergente-dan-kimball","status":"publish","type":"product","link":"https:\/\/tzionlibreria.com\/index.php\/product\/la-iglesia-emergente-dan-kimball\/","title":{"rendered":"La Iglesia Emergente &#8211; Dan Kimball"},"content":{"rendered":"<p>El movimiento del buscador sensitivo revolucion\u00f3 la forma en que hicimos iglesia y le presentamos a Jes\u00fas a muchos de la generaci\u00f3n X. Sin embargo, la tendencia muestra que las generaciones postcristianas de hoy no est\u00e1n respondiendo como las generaciones que les antecedieron. Mientras entramos a una nueva era cultural, \u00bfqu\u00e9 hace parecer que los servicios de adoraci\u00f3n est\u00e1n conectando con los corazones de las generaciones emergentes? \u00bfC\u00f3mo necesitan cambiar la predicaci\u00f3n, el liderazgo, el evangelismo, la formaci\u00f3n espiritual y, m\u00e1s que todo, la iglesia? La iglesia emergente va m\u00e1s all\u00e1 de la sola teor\u00eda y ofrece formas pr\u00e1cticas de asistirte en medio de tus circunstancias en la iglesia local. No hay un modo totalmente correcto, ning\u00fan modelo para que todos emulemos. Sin embargo, s\u00ed hay algo mejor. Dan Kimball lo llama \u00abcristianismo cl\u00e1sico\u00bb. Un regreso fresco a un ministerio misionero no apolog\u00e9tico, sagrado, hist\u00f3rico y centrado en Cristo. El cristianismo cl\u00e1sico conecta con las nuevas generaciones de buscadores que est\u00e1n abiertos espiritualmente, pero no est\u00e1n interesados en la iglesia. Para pastores, l\u00edderes y cristianos concernidos, Kimball ofrece una exploraci\u00f3n cautivante y f\u00e1cil de captar de la cultura cambiante de hoy, y brinda una idea de las nuevas clases de iglesias que est\u00e1n emergiendo en medio de la misma. Incluye comentarios de Rick Warren, Brian McLaren, Howard Hendricks y otros.<\/p>\n<p>&nbsp;<\/p>\n<p><strong>ISBN<\/strong>: 9780829753851<br \/>\n<strong>Editorial<\/strong>:\u00a0Vida<br \/>\n<strong>Dimensiones<\/strong>: 15 x 23 cm<br \/>\n<strong>Peso<\/strong>: 0,400kg<br \/>\n<strong>Cubierta<\/strong>: R\u00fastica<br \/>\n<strong>N\u00famero de p\u00e1ginas<\/strong>: 336<br \/>\n<strong>Idioma<\/strong>: Espa\u00f1ol<\/p>\n","protected":false},"excerpt":{"rendered":"<p>El movimiento del buscador sensitivo revolucion\u00f3 la forma en que hicimos iglesia y le presentamos a Jes\u00fas a muchos de la generaci\u00f3n X. Sin embargo, la tendencia muestra que las generaciones postcristianas de hoy no est\u00e1n respondiendo como las generaciones que les antecedieron. Mientras entramos a una nueva era cultural, \u00bfqu\u00e9 hace parecer que los [&hellip;]<\/p>\n","protected":false},"featured_media":4611,"comment_status":"open","ping_status":"closed","template":"","meta":{"om_disable_all_campaigns":false,"_monsterinsights_skip_tracking":false,"_monsterinsights_sitenote_active":false,"_monsterinsights_sitenote_note":"","_monsterinsights_sitenote_category":0,"site-sidebar-layout":"default","site-content-layout":"","ast-site-content-layout":"default","site-content-style":"default","site-sidebar-style":"default","ast-global-header-display":"","ast-banner-title-visibility":"","ast-main-header-display":"","ast-hfb-above-header-display":"","ast-hfb-below-header-display":"","ast-hfb-mobile-header-display":"","site-post-title":"","ast-breadcrumbs-content":"","ast-featured-img":"","footer-sml-layout":"","ast-disable-related-posts":"","theme-transparent-header-meta":"default","adv-header-id-meta":"","stick-header-meta":"","header-above-stick-meta":"","header-main-stick-meta":"","header-below-stick-meta":"","astra-migrate-meta-layouts":"set","ast-page-background-enabled":"default","ast-page-background-meta":{"desktop":{"background-color":"var(--ast-global-color-4)","background-image":"","background-repeat":"repeat","background-position":"center center","background-size":"auto","background-attachment":"scroll","background-type":"","background-media":"","overlay-type":"","overlay-color":"","overlay-opacity":"","overlay-gradient":""},"tablet":{"background-color":"","background-image":"","background-repeat":"repeat","background-position":"center center","background-size":"auto","background-attachment":"scroll","background-type":"","background-media":"","overlay-type":"","overlay-color":"","overlay-opacity":"","overlay-gradient":""},"mobile":{"background-color":"","background-image":"","background-repeat":"repeat","background-position":"center center","background-size":"auto","background-attachment":"scroll","background-type":"","background-media":"","overlay-type":"","overlay-color":"","overlay-opacity":"","overlay-gradient":""}},"ast-content-background-meta":{"desktop":{"background-color":"var(--ast-global-color-5)","background-image":"","background-repeat":"repeat","background-position":"center center","background-size":"auto","background-attachment":"scroll","background-type":"","background-media":"","overlay-type":"","overlay-color":"","overlay-opacity":"","overlay-gradient":""},"tablet":{"background-color":"var(--ast-global-color-5)","background-image":"","background-repeat":"repeat","background-position":"center center","background-size":"auto","background-attachment":"scroll","background-type":"","background-media":"","overlay-type":"","overlay-color":"","overlay-opacity":"","overlay-gradient":""},"mobile":{"background-color":"var(--ast-global-color-5)","background-image":"","background-repeat":"repeat","background-position":"center center","background-size":"auto","background-attachment":"scroll","background-type":"","background-media":"","overlay-type":"","overlay-color":"","overlay-opacity":"","overlay-gradient":""}}},"product_brand":[],"product_cat":[23],"product_tag":[],"class_list":{"0":"post-4610","1":"product","2":"type-product","3":"status-publish","4":"has-post-thumbnail","6":"product_cat-libros","7":"desktop-align-left","8":"tablet-align-left","9":"mobile-align-left","11":"first","12":"instock","13":"shipping-taxable","14":"purchasable","15":"product-type-simple"},"yoast_head":"<!-- This site is optimized with the Yoast SEO plugin v27.4 - https:\/\/yoast.com\/product\/yoast-seo-wordpress\/ -->\n<title>La Iglesia Emergente - Dan Kimball - tzionlibreria.com<\/title>\n<meta name=\"robots\" content=\"index, follow, max-snippet:-1, max-image-preview:large, max-video-preview:-1\" \/>\n<link rel=\"canonical\" href=\"https:\/\/tzionlibreria.com\/index.php\/product\/la-iglesia-emergente-dan-kimball\/\" \/>\n<meta property=\"og:locale\" content=\"es_ES\" \/>\n<meta property=\"og:type\" content=\"article\" \/>\n<meta property=\"og:title\" content=\"La Iglesia Emergente - Dan Kimball - tzionlibreria.com\" \/>\n<meta property=\"og:description\" content=\"El movimiento del buscador sensitivo revolucion\u00f3 la forma en que hicimos iglesia y le presentamos a Jes\u00fas a muchos de la generaci\u00f3n X. Sin embargo, la tendencia muestra que las generaciones postcristianas de hoy no est\u00e1n respondiendo como las generaciones que les antecedieron. Mientras entramos a una nueva era cultural, \u00bfqu\u00e9 hace parecer que los [&hellip;]\" \/>\n<meta property=\"og:url\" content=\"https:\/\/tzionlibreria.com\/index.php\/product\/la-iglesia-emergente-dan-kimball\/\" \/>\n<meta property=\"og:site_name\" content=\"tzionlibreria.com\" \/>\n<meta property=\"og:image\" content=\"http:\/\/tzionlibreria.com\/wp-content\/uploads\/2025\/01\/9780829753851.jpg\" \/>\n\t<meta property=\"og:image:width\" content=\"1200\" \/>\n\t<meta property=\"og:image:height\" content=\"1200\" \/>\n\t<meta property=\"og:image:type\" content=\"image\/jpeg\" \/>\n<meta name=\"twitter:card\" content=\"summary_large_image\" \/>\n<meta name=\"twitter:label1\" content=\"Tiempo de lectura\" \/>\n\t<meta name=\"twitter:data1\" content=\"2 minutos\" \/>\n<script type=\"application\/ld+json\" class=\"yoast-schema-graph\">{\"@context\":\"https:\\\/\\\/schema.org\",\"@graph\":[{\"@type\":\"WebPage\",\"@id\":\"https:\\\/\\\/tzionlibreria.com\\\/index.php\\\/product\\\/la-iglesia-emergente-dan-kimball\\\/\",\"url\":\"https:\\\/\\\/tzionlibreria.com\\\/index.php\\\/product\\\/la-iglesia-emergente-dan-kimball\\\/\",\"name\":\"La Iglesia Emergente - Dan Kimball - tzionlibreria.com\",\"isPartOf\":{\"@id\":\"https:\\\/\\\/tzionlibreria.com\\\/#website\"},\"primaryImageOfPage\":{\"@id\":\"https:\\\/\\\/tzionlibreria.com\\\/index.php\\\/product\\\/la-iglesia-emergente-dan-kimball\\\/#primaryimage\"},\"image\":{\"@id\":\"https:\\\/\\\/tzionlibreria.com\\\/index.php\\\/product\\\/la-iglesia-emergente-dan-kimball\\\/#primaryimage\"},\"thumbnailUrl\":\"https:\\\/\\\/tzionlibreria.com\\\/wp-content\\\/uploads\\\/2025\\\/01\\\/9780829753851.jpg\",\"datePublished\":\"2025-01-03T02:31:08+00:00\",\"breadcrumb\":{\"@id\":\"https:\\\/\\\/tzionlibreria.com\\\/index.php\\\/product\\\/la-iglesia-emergente-dan-kimball\\\/#breadcrumb\"},\"inLanguage\":\"es-CO\",\"potentialAction\":[{\"@type\":\"ReadAction\",\"target\":[\"https:\\\/\\\/tzionlibreria.com\\\/index.php\\\/product\\\/la-iglesia-emergente-dan-kimball\\\/\"]}]},{\"@type\":\"ImageObject\",\"inLanguage\":\"es-CO\",\"@id\":\"https:\\\/\\\/tzionlibreria.com\\\/index.php\\\/product\\\/la-iglesia-emergente-dan-kimball\\\/#primaryimage\",\"url\":\"https:\\\/\\\/tzionlibreria.com\\\/wp-content\\\/uploads\\\/2025\\\/01\\\/9780829753851.jpg\",\"contentUrl\":\"https:\\\/\\\/tzionlibreria.com\\\/wp-content\\\/uploads\\\/2025\\\/01\\\/9780829753851.jpg\",\"width\":1200,\"height\":1200},{\"@type\":\"BreadcrumbList\",\"@id\":\"https:\\\/\\\/tzionlibreria.com\\\/index.php\\\/product\\\/la-iglesia-emergente-dan-kimball\\\/#breadcrumb\",\"itemListElement\":[{\"@type\":\"ListItem\",\"position\":1,\"name\":\"Inicio\",\"item\":\"https:\\\/\\\/tzionlibreria.com\\\/\"},{\"@type\":\"ListItem\",\"position\":2,\"name\":\"Shop\",\"item\":\"https:\\\/\\\/tzionlibreria.com\\\/index.php\\\/shop\\\/\"},{\"@type\":\"ListItem\",\"position\":3,\"name\":\"La Iglesia Emergente &#8211; Dan Kimball\"}]},{\"@type\":\"WebSite\",\"@id\":\"https:\\\/\\\/tzionlibreria.com\\\/#website\",\"url\":\"https:\\\/\\\/tzionlibreria.com\\\/\",\"name\":\"tzionlibreria.com\",\"description\":\"Libreria Cristiana Venezuela\",\"publisher\":{\"@id\":\"https:\\\/\\\/tzionlibreria.com\\\/#organization\"},\"potentialAction\":[{\"@type\":\"SearchAction\",\"target\":{\"@type\":\"EntryPoint\",\"urlTemplate\":\"https:\\\/\\\/tzionlibreria.com\\\/?s={search_term_string}\"},\"query-input\":{\"@type\":\"PropertyValueSpecification\",\"valueRequired\":true,\"valueName\":\"search_term_string\"}}],\"inLanguage\":\"es-CO\"},{\"@type\":\"Organization\",\"@id\":\"https:\\\/\\\/tzionlibreria.com\\\/#organization\",\"name\":\"tzionlibreria.com\",\"url\":\"https:\\\/\\\/tzionlibreria.com\\\/\",\"logo\":{\"@type\":\"ImageObject\",\"inLanguage\":\"es-CO\",\"@id\":\"https:\\\/\\\/tzionlibreria.com\\\/#\\\/schema\\\/logo\\\/image\\\/\",\"url\":\"https:\\\/\\\/tzionlibreria.com\\\/wp-content\\\/uploads\\\/2023\\\/10\\\/cropped-Cuadricula-scaled-1.jpg\",\"contentUrl\":\"https:\\\/\\\/tzionlibreria.com\\\/wp-content\\\/uploads\\\/2023\\\/10\\\/cropped-Cuadricula-scaled-1.jpg\",\"width\":2560,\"height\":2560,\"caption\":\"tzionlibreria.com\"},\"image\":{\"@id\":\"https:\\\/\\\/tzionlibreria.com\\\/#\\\/schema\\\/logo\\\/image\\\/\"}}]}<\/script>\n<!-- \/ Yoast SEO plugin. -->","yoast_head_json":{"title":"La Iglesia Emergente - Dan Kimball - tzionlibreria.com","robots":{"index":"index","follow":"follow","max-snippet":"max-snippet:-1","max-image-preview":"max-image-preview:large","max-video-preview":"max-video-preview:-1"},"canonical":"https:\/\/tzionlibreria.com\/index.php\/product\/la-iglesia-emergente-dan-kimball\/","og_locale":"es_ES","og_type":"article","og_title":"La Iglesia Emergente - Dan Kimball - tzionlibreria.com","og_description":"El movimiento del buscador sensitivo revolucion\u00f3 la forma en que hicimos iglesia y le presentamos a Jes\u00fas a muchos de la generaci\u00f3n X. Sin embargo, la tendencia muestra que las generaciones postcristianas de hoy no est\u00e1n respondiendo como las generaciones que les antecedieron. Mientras entramos a una nueva era cultural, \u00bfqu\u00e9 hace parecer que los [&hellip;]","og_url":"https:\/\/tzionlibreria.com\/index.php\/product\/la-iglesia-emergente-dan-kimball\/","og_site_name":"tzionlibreria.com","og_image":[{"width":1200,"height":1200,"url":"http:\/\/tzionlibreria.com\/wp-content\/uploads\/2025\/01\/9780829753851.jpg","type":"image\/jpeg"}],"twitter_card":"summary_large_image","twitter_misc":{"Tiempo de lectura":"2 minutos"},"schema":{"@context":"https:\/\/schema.org","@graph":[{"@type":"WebPage","@id":"https:\/\/tzionlibreria.com\/index.php\/product\/la-iglesia-emergente-dan-kimball\/","url":"https:\/\/tzionlibreria.com\/index.php\/product\/la-iglesia-emergente-dan-kimball\/","name":"La Iglesia Emergente - Dan Kimball - tzionlibreria.com","isPartOf":{"@id":"https:\/\/tzionlibreria.com\/#website"},"primaryImageOfPage":{"@id":"https:\/\/tzionlibreria.com\/index.php\/product\/la-iglesia-emergente-dan-kimball\/#primaryimage"},"image":{"@id":"https:\/\/tzionlibreria.com\/index.php\/product\/la-iglesia-emergente-dan-kimball\/#primaryimage"},"thumbnailUrl":"https:\/\/tzionlibreria.com\/wp-content\/uploads\/2025\/01\/9780829753851.jpg","datePublished":"2025-01-03T02:31:08+00:00","breadcrumb":{"@id":"https:\/\/tzionlibreria.com\/index.php\/product\/la-iglesia-emergente-dan-kimball\/#breadcrumb"},"inLanguage":"es-CO","potentialAction":[{"@type":"ReadAction","target":["https:\/\/tzionlibreria.com\/index.php\/product\/la-iglesia-emergente-dan-kimball\/"]}]},{"@type":"ImageObject","inLanguage":"es-CO","@id":"https:\/\/tzionlibreria.com\/index.php\/product\/la-iglesia-emergente-dan-kimball\/#primaryimage","url":"https:\/\/tzionlibreria.com\/wp-content\/uploads\/2025\/01\/9780829753851.jpg","contentUrl":"https:\/\/tzionlibreria.com\/wp-content\/uploads\/2025\/01\/9780829753851.jpg","width":1200,"height":1200},{"@type":"BreadcrumbList","@id":"https:\/\/tzionlibreria.com\/index.php\/product\/la-iglesia-emergente-dan-kimball\/#breadcrumb","itemListElement":[{"@type":"ListItem","position":1,"name":"Inicio","item":"https:\/\/tzionlibreria.com\/"},{"@type":"ListItem","position":2,"name":"Shop","item":"https:\/\/tzionlibreria.com\/index.php\/shop\/"},{"@type":"ListItem","position":3,"name":"La Iglesia Emergente &#8211; Dan Kimball"}]},{"@type":"WebSite","@id":"https:\/\/tzionlibreria.com\/#website","url":"https:\/\/tzionlibreria.com\/","name":"tzionlibreria.com","description":"Libreria Cristiana Venezuela","publisher":{"@id":"https:\/\/tzionlibreria.com\/#organization"},"potentialAction":[{"@type":"SearchAction","target":{"@type":"EntryPoint","urlTemplate":"https:\/\/tzionlibreria.com\/?s={search_term_string}"},"query-input":{"@type":"PropertyValueSpecification","valueRequired":true,"valueName":"search_term_string"}}],"inLanguage":"es-CO"},{"@type":"Organization","@id":"https:\/\/tzionlibreria.com\/#organization","name":"tzionlibreria.com","url":"https:\/\/tzionlibreria.com\/","logo":{"@type":"ImageObject","inLanguage":"es-CO","@id":"https:\/\/tzionlibreria.com\/#\/schema\/logo\/image\/","url":"https:\/\/tzionlibreria.com\/wp-content\/uploads\/2023\/10\/cropped-Cuadricula-scaled-1.jpg","contentUrl":"https:\/\/tzionlibreria.com\/wp-content\/uploads\/2023\/10\/cropped-Cuadricula-scaled-1.jpg","width":2560,"height":2560,"caption":"tzionlibreria.com"},"image":{"@id":"https:\/\/tzionlibreria.com\/#\/schema\/logo\/image\/"}}]}},"jetpack_sharing_enabled":true,"_links":{"self":[{"href":"https:\/\/tzionlibreria.com\/index.php\/wp-json\/wp\/v2\/product\/4610","targetHints":{"allow":["GET"]}}],"collection":[{"href":"https:\/\/tzionlibreria.com\/index.php\/wp-json\/wp\/v2\/product"}],"about":[{"href":"https:\/\/tzionlibreria.com\/index.php\/wp-json\/wp\/v2\/types\/product"}],"replies":[{"embeddable":true,"href":"https:\/\/tzionlibreria.com\/index.php\/wp-json\/wp\/v2\/comments?post=4610"}],"wp:featuredmedia":[{"embeddable":true,"href":"https:\/\/tzionlibreria.com\/index.php\/wp-json\/wp\/v2\/media\/4611"}],"wp:attachment":[{"href":"https:\/\/tzionlibreria.com\/index.php\/wp-json\/wp\/v2\/media?parent=4610"}],"wp:term":[{"taxonomy":"product_brand","embeddable":true,"href":"https:\/\/tzionlibreria.com\/index.php\/wp-json\/wp\/v2\/product_brand?post=4610"},{"taxonomy":"product_cat","embeddable":true,"href":"https:\/\/tzionlibreria.com\/index.php\/wp-json\/wp\/v2\/product_cat?post=4610"},{"taxonomy":"product_tag","embeddable":true,"href":"https:\/\/tzionlibreria.com\/index.php\/wp-json\/wp\/v2\/product_tag?post=4610"}],"curies":[{"name":"wp","href":"https:\/\/api.w.org\/{rel}","templated":true}]}}