{"id":4616,"date":"2025-01-03T02:36:47","date_gmt":"2025-01-03T02:36:47","guid":{"rendered":"https:\/\/tzionlibreria.com\/?post_type=product&#038;p=4616"},"modified":"2025-01-03T02:36:47","modified_gmt":"2025-01-03T02:36:47","slug":"agorafobia-el-miedo-que-paraliza-a-la-iglesia-junior-zapata","status":"publish","type":"product","link":"https:\/\/tzionlibreria.com\/index.php\/product\/agorafobia-el-miedo-que-paraliza-a-la-iglesia-junior-zapata\/","title":{"rendered":"Agorafobia &#8211; El Miedo que paraliza a la Iglesia &#8211; Junior Zapata"},"content":{"rendered":"<p>Agorafobia es la condici\u00f3n cl\u00ednica que se les diagnostica a las personas que les tienen miedo a los mercados y espacios abiertos donde hay mucha gente con opiniones e ideas que el paciente no puede controlar. Junior Zapata, siguiendo con la tem\u00e1tica del libro La generaci\u00f3n emergente, enumera las acciones necesarias que los j\u00f3venes cristianos deben llevar a cabo para ser relevantes en una cultura necesitada del evangelio. Al mismo tiempo, Zapata describe lo que considera que es la condici\u00f3n de muchos cristianos en Am\u00e9rica Latina en cu\u00e1nto al evangelismo personal diario. En este libro, Junior nos habla de c\u00f3mo la iglesia cristiana debe perderle el miedo al mundo y abordar a la cultura.<\/p>\n<p>&nbsp;<\/p>\n<p><strong>ISBN<\/strong>: 9780829755480<br \/>\n<strong>Editorial<\/strong>:\u00a0Vida<br \/>\n<strong>Dimensiones<\/strong>: 14 x 21 cm<br \/>\n<strong>Peso<\/strong>: 0,200kg<br \/>\n<strong>Cubierta<\/strong>: R\u00fastica<br \/>\n<strong>N\u00famero de p\u00e1ginas<\/strong>: 240<br \/>\n<strong>Idioma<\/strong>: Espa\u00f1ol<\/p>\n","protected":false},"excerpt":{"rendered":"<p>Agorafobia es la condici\u00f3n cl\u00ednica que se les diagnostica a las personas que les tienen miedo a los mercados y espacios abiertos donde hay mucha gente con opiniones e ideas que el paciente no puede controlar. Junior Zapata, siguiendo con la tem\u00e1tica del libro La generaci\u00f3n emergente, enumera las acciones necesarias que los j\u00f3venes cristianos [&hellip;]<\/p>\n","protected":false},"featured_media":4617,"comment_status":"open","ping_status":"closed","template":"","meta":{"om_disable_all_campaigns":false,"_monsterinsights_skip_tracking":false,"_monsterinsights_sitenote_active":false,"_monsterinsights_sitenote_note":"","_monsterinsights_sitenote_category":0,"site-sidebar-layout":"default","site-content-layout":"","ast-site-content-layout":"default","site-content-style":"default","site-sidebar-style":"default","ast-global-header-display":"","ast-banner-title-visibility":"","ast-main-header-display":"","ast-hfb-above-header-display":"","ast-hfb-below-header-display":"","ast-hfb-mobile-header-display":"","site-post-title":"","ast-breadcrumbs-content":"","ast-featured-img":"","footer-sml-layout":"","ast-disable-related-posts":"","theme-transparent-header-meta":"default","adv-header-id-meta":"","stick-header-meta":"","header-above-stick-meta":"","header-main-stick-meta":"","header-below-stick-meta":"","astra-migrate-meta-layouts":"set","ast-page-background-enabled":"default","ast-page-background-meta":{"desktop":{"background-color":"var(--ast-global-color-4)","background-image":"","background-repeat":"repeat","background-position":"center center","background-size":"auto","background-attachment":"scroll","background-type":"","background-media":"","overlay-type":"","overlay-color":"","overlay-opacity":"","overlay-gradient":""},"tablet":{"background-color":"","background-image":"","background-repeat":"repeat","background-position":"center center","background-size":"auto","background-attachment":"scroll","background-type":"","background-media":"","overlay-type":"","overlay-color":"","overlay-opacity":"","overlay-gradient":""},"mobile":{"background-color":"","background-image":"","background-repeat":"repeat","background-position":"center center","background-size":"auto","background-attachment":"scroll","background-type":"","background-media":"","overlay-type":"","overlay-color":"","overlay-opacity":"","overlay-gradient":""}},"ast-content-background-meta":{"desktop":{"background-color":"var(--ast-global-color-5)","background-image":"","background-repeat":"repeat","background-position":"center center","background-size":"auto","background-attachment":"scroll","background-type":"","background-media":"","overlay-type":"","overlay-color":"","overlay-opacity":"","overlay-gradient":""},"tablet":{"background-color":"var(--ast-global-color-5)","background-image":"","background-repeat":"repeat","background-position":"center center","background-size":"auto","background-attachment":"scroll","background-type":"","background-media":"","overlay-type":"","overlay-color":"","overlay-opacity":"","overlay-gradient":""},"mobile":{"background-color":"var(--ast-global-color-5)","background-image":"","background-repeat":"repeat","background-position":"center center","background-size":"auto","background-attachment":"scroll","background-type":"","background-media":"","overlay-type":"","overlay-color":"","overlay-opacity":"","overlay-gradient":""}}},"product_brand":[],"product_cat":[23],"product_tag":[],"class_list":{"0":"post-4616","1":"product","2":"type-product","3":"status-publish","4":"has-post-thumbnail","6":"product_cat-libros","7":"desktop-align-left","8":"tablet-align-left","9":"mobile-align-left","11":"first","12":"instock","13":"shipping-taxable","14":"purchasable","15":"product-type-simple"},"yoast_head":"<!-- This site is optimized with the Yoast SEO plugin v27.4 - https:\/\/yoast.com\/product\/yoast-seo-wordpress\/ -->\n<title>Agorafobia - El Miedo que paraliza a la Iglesia - Junior Zapata - tzionlibreria.com<\/title>\n<meta name=\"robots\" content=\"index, follow, max-snippet:-1, max-image-preview:large, max-video-preview:-1\" \/>\n<link rel=\"canonical\" href=\"https:\/\/tzionlibreria.com\/index.php\/product\/agorafobia-el-miedo-que-paraliza-a-la-iglesia-junior-zapata\/\" \/>\n<meta property=\"og:locale\" content=\"es_ES\" \/>\n<meta property=\"og:type\" content=\"article\" \/>\n<meta property=\"og:title\" content=\"Agorafobia - El Miedo que paraliza a la Iglesia - Junior Zapata - tzionlibreria.com\" \/>\n<meta property=\"og:description\" content=\"Agorafobia es la condici\u00f3n cl\u00ednica que se les diagnostica a las personas que les tienen miedo a los mercados y espacios abiertos donde hay mucha gente con opiniones e ideas que el paciente no puede controlar. Junior Zapata, siguiendo con la tem\u00e1tica del libro La generaci\u00f3n emergente, enumera las acciones necesarias que los j\u00f3venes cristianos [&hellip;]\" \/>\n<meta property=\"og:url\" content=\"https:\/\/tzionlibreria.com\/index.php\/product\/agorafobia-el-miedo-que-paraliza-a-la-iglesia-junior-zapata\/\" \/>\n<meta property=\"og:site_name\" content=\"tzionlibreria.com\" \/>\n<meta property=\"og:image\" content=\"http:\/\/tzionlibreria.com\/wp-content\/uploads\/2025\/01\/9780829755480.jpg\" \/>\n\t<meta property=\"og:image:width\" content=\"1200\" \/>\n\t<meta property=\"og:image:height\" content=\"1200\" \/>\n\t<meta property=\"og:image:type\" content=\"image\/jpeg\" \/>\n<meta name=\"twitter:card\" content=\"summary_large_image\" \/>\n<meta name=\"twitter:label1\" content=\"Tiempo de lectura\" \/>\n\t<meta name=\"twitter:data1\" content=\"1 minuto\" \/>\n<script type=\"application\/ld+json\" class=\"yoast-schema-graph\">{\"@context\":\"https:\\\/\\\/schema.org\",\"@graph\":[{\"@type\":\"WebPage\",\"@id\":\"https:\\\/\\\/tzionlibreria.com\\\/index.php\\\/product\\\/agorafobia-el-miedo-que-paraliza-a-la-iglesia-junior-zapata\\\/\",\"url\":\"https:\\\/\\\/tzionlibreria.com\\\/index.php\\\/product\\\/agorafobia-el-miedo-que-paraliza-a-la-iglesia-junior-zapata\\\/\",\"name\":\"Agorafobia - El Miedo que paraliza a la Iglesia - Junior Zapata - tzionlibreria.com\",\"isPartOf\":{\"@id\":\"https:\\\/\\\/tzionlibreria.com\\\/#website\"},\"primaryImageOfPage\":{\"@id\":\"https:\\\/\\\/tzionlibreria.com\\\/index.php\\\/product\\\/agorafobia-el-miedo-que-paraliza-a-la-iglesia-junior-zapata\\\/#primaryimage\"},\"image\":{\"@id\":\"https:\\\/\\\/tzionlibreria.com\\\/index.php\\\/product\\\/agorafobia-el-miedo-que-paraliza-a-la-iglesia-junior-zapata\\\/#primaryimage\"},\"thumbnailUrl\":\"https:\\\/\\\/tzionlibreria.com\\\/wp-content\\\/uploads\\\/2025\\\/01\\\/9780829755480.jpg\",\"datePublished\":\"2025-01-03T02:36:47+00:00\",\"breadcrumb\":{\"@id\":\"https:\\\/\\\/tzionlibreria.com\\\/index.php\\\/product\\\/agorafobia-el-miedo-que-paraliza-a-la-iglesia-junior-zapata\\\/#breadcrumb\"},\"inLanguage\":\"es-CO\",\"potentialAction\":[{\"@type\":\"ReadAction\",\"target\":[\"https:\\\/\\\/tzionlibreria.com\\\/index.php\\\/product\\\/agorafobia-el-miedo-que-paraliza-a-la-iglesia-junior-zapata\\\/\"]}]},{\"@type\":\"ImageObject\",\"inLanguage\":\"es-CO\",\"@id\":\"https:\\\/\\\/tzionlibreria.com\\\/index.php\\\/product\\\/agorafobia-el-miedo-que-paraliza-a-la-iglesia-junior-zapata\\\/#primaryimage\",\"url\":\"https:\\\/\\\/tzionlibreria.com\\\/wp-content\\\/uploads\\\/2025\\\/01\\\/9780829755480.jpg\",\"contentUrl\":\"https:\\\/\\\/tzionlibreria.com\\\/wp-content\\\/uploads\\\/2025\\\/01\\\/9780829755480.jpg\",\"width\":1200,\"height\":1200},{\"@type\":\"BreadcrumbList\",\"@id\":\"https:\\\/\\\/tzionlibreria.com\\\/index.php\\\/product\\\/agorafobia-el-miedo-que-paraliza-a-la-iglesia-junior-zapata\\\/#breadcrumb\",\"itemListElement\":[{\"@type\":\"ListItem\",\"position\":1,\"name\":\"Inicio\",\"item\":\"https:\\\/\\\/tzionlibreria.com\\\/\"},{\"@type\":\"ListItem\",\"position\":2,\"name\":\"Shop\",\"item\":\"https:\\\/\\\/tzionlibreria.com\\\/index.php\\\/shop\\\/\"},{\"@type\":\"ListItem\",\"position\":3,\"name\":\"Agorafobia &#8211; El Miedo que paraliza a la Iglesia &#8211; Junior Zapata\"}]},{\"@type\":\"WebSite\",\"@id\":\"https:\\\/\\\/tzionlibreria.com\\\/#website\",\"url\":\"https:\\\/\\\/tzionlibreria.com\\\/\",\"name\":\"tzionlibreria.com\",\"description\":\"Libreria Cristiana Venezuela\",\"publisher\":{\"@id\":\"https:\\\/\\\/tzionlibreria.com\\\/#organization\"},\"potentialAction\":[{\"@type\":\"SearchAction\",\"target\":{\"@type\":\"EntryPoint\",\"urlTemplate\":\"https:\\\/\\\/tzionlibreria.com\\\/?s={search_term_string}\"},\"query-input\":{\"@type\":\"PropertyValueSpecification\",\"valueRequired\":true,\"valueName\":\"search_term_string\"}}],\"inLanguage\":\"es-CO\"},{\"@type\":\"Organization\",\"@id\":\"https:\\\/\\\/tzionlibreria.com\\\/#organization\",\"name\":\"tzionlibreria.com\",\"url\":\"https:\\\/\\\/tzionlibreria.com\\\/\",\"logo\":{\"@type\":\"ImageObject\",\"inLanguage\":\"es-CO\",\"@id\":\"https:\\\/\\\/tzionlibreria.com\\\/#\\\/schema\\\/logo\\\/image\\\/\",\"url\":\"https:\\\/\\\/tzionlibreria.com\\\/wp-content\\\/uploads\\\/2023\\\/10\\\/cropped-Cuadricula-scaled-1.jpg\",\"contentUrl\":\"https:\\\/\\\/tzionlibreria.com\\\/wp-content\\\/uploads\\\/2023\\\/10\\\/cropped-Cuadricula-scaled-1.jpg\",\"width\":2560,\"height\":2560,\"caption\":\"tzionlibreria.com\"},\"image\":{\"@id\":\"https:\\\/\\\/tzionlibreria.com\\\/#\\\/schema\\\/logo\\\/image\\\/\"}}]}<\/script>\n<!-- \/ Yoast SEO plugin. -->","yoast_head_json":{"title":"Agorafobia - El Miedo que paraliza a la Iglesia - Junior Zapata - tzionlibreria.com","robots":{"index":"index","follow":"follow","max-snippet":"max-snippet:-1","max-image-preview":"max-image-preview:large","max-video-preview":"max-video-preview:-1"},"canonical":"https:\/\/tzionlibreria.com\/index.php\/product\/agorafobia-el-miedo-que-paraliza-a-la-iglesia-junior-zapata\/","og_locale":"es_ES","og_type":"article","og_title":"Agorafobia - El Miedo que paraliza a la Iglesia - Junior Zapata - tzionlibreria.com","og_description":"Agorafobia es la condici\u00f3n cl\u00ednica que se les diagnostica a las personas que les tienen miedo a los mercados y espacios abiertos donde hay mucha gente con opiniones e ideas que el paciente no puede controlar. Junior Zapata, siguiendo con la tem\u00e1tica del libro La generaci\u00f3n emergente, enumera las acciones necesarias que los j\u00f3venes cristianos [&hellip;]","og_url":"https:\/\/tzionlibreria.com\/index.php\/product\/agorafobia-el-miedo-que-paraliza-a-la-iglesia-junior-zapata\/","og_site_name":"tzionlibreria.com","og_image":[{"width":1200,"height":1200,"url":"http:\/\/tzionlibreria.com\/wp-content\/uploads\/2025\/01\/9780829755480.jpg","type":"image\/jpeg"}],"twitter_card":"summary_large_image","twitter_misc":{"Tiempo de lectura":"1 minuto"},"schema":{"@context":"https:\/\/schema.org","@graph":[{"@type":"WebPage","@id":"https:\/\/tzionlibreria.com\/index.php\/product\/agorafobia-el-miedo-que-paraliza-a-la-iglesia-junior-zapata\/","url":"https:\/\/tzionlibreria.com\/index.php\/product\/agorafobia-el-miedo-que-paraliza-a-la-iglesia-junior-zapata\/","name":"Agorafobia - El Miedo que paraliza a la Iglesia - Junior Zapata - tzionlibreria.com","isPartOf":{"@id":"https:\/\/tzionlibreria.com\/#website"},"primaryImageOfPage":{"@id":"https:\/\/tzionlibreria.com\/index.php\/product\/agorafobia-el-miedo-que-paraliza-a-la-iglesia-junior-zapata\/#primaryimage"},"image":{"@id":"https:\/\/tzionlibreria.com\/index.php\/product\/agorafobia-el-miedo-que-paraliza-a-la-iglesia-junior-zapata\/#primaryimage"},"thumbnailUrl":"https:\/\/tzionlibreria.com\/wp-content\/uploads\/2025\/01\/9780829755480.jpg","datePublished":"2025-01-03T02:36:47+00:00","breadcrumb":{"@id":"https:\/\/tzionlibreria.com\/index.php\/product\/agorafobia-el-miedo-que-paraliza-a-la-iglesia-junior-zapata\/#breadcrumb"},"inLanguage":"es-CO","potentialAction":[{"@type":"ReadAction","target":["https:\/\/tzionlibreria.com\/index.php\/product\/agorafobia-el-miedo-que-paraliza-a-la-iglesia-junior-zapata\/"]}]},{"@type":"ImageObject","inLanguage":"es-CO","@id":"https:\/\/tzionlibreria.com\/index.php\/product\/agorafobia-el-miedo-que-paraliza-a-la-iglesia-junior-zapata\/#primaryimage","url":"https:\/\/tzionlibreria.com\/wp-content\/uploads\/2025\/01\/9780829755480.jpg","contentUrl":"https:\/\/tzionlibreria.com\/wp-content\/uploads\/2025\/01\/9780829755480.jpg","width":1200,"height":1200},{"@type":"BreadcrumbList","@id":"https:\/\/tzionlibreria.com\/index.php\/product\/agorafobia-el-miedo-que-paraliza-a-la-iglesia-junior-zapata\/#breadcrumb","itemListElement":[{"@type":"ListItem","position":1,"name":"Inicio","item":"https:\/\/tzionlibreria.com\/"},{"@type":"ListItem","position":2,"name":"Shop","item":"https:\/\/tzionlibreria.com\/index.php\/shop\/"},{"@type":"ListItem","position":3,"name":"Agorafobia &#8211; El Miedo que paraliza a la Iglesia &#8211; Junior Zapata"}]},{"@type":"WebSite","@id":"https:\/\/tzionlibreria.com\/#website","url":"https:\/\/tzionlibreria.com\/","name":"tzionlibreria.com","description":"Libreria Cristiana Venezuela","publisher":{"@id":"https:\/\/tzionlibreria.com\/#organization"},"potentialAction":[{"@type":"SearchAction","target":{"@type":"EntryPoint","urlTemplate":"https:\/\/tzionlibreria.com\/?s={search_term_string}"},"query-input":{"@type":"PropertyValueSpecification","valueRequired":true,"valueName":"search_term_string"}}],"inLanguage":"es-CO"},{"@type":"Organization","@id":"https:\/\/tzionlibreria.com\/#organization","name":"tzionlibreria.com","url":"https:\/\/tzionlibreria.com\/","logo":{"@type":"ImageObject","inLanguage":"es-CO","@id":"https:\/\/tzionlibreria.com\/#\/schema\/logo\/image\/","url":"https:\/\/tzionlibreria.com\/wp-content\/uploads\/2023\/10\/cropped-Cuadricula-scaled-1.jpg","contentUrl":"https:\/\/tzionlibreria.com\/wp-content\/uploads\/2023\/10\/cropped-Cuadricula-scaled-1.jpg","width":2560,"height":2560,"caption":"tzionlibreria.com"},"image":{"@id":"https:\/\/tzionlibreria.com\/#\/schema\/logo\/image\/"}}]}},"jetpack_sharing_enabled":true,"_links":{"self":[{"href":"https:\/\/tzionlibreria.com\/index.php\/wp-json\/wp\/v2\/product\/4616","targetHints":{"allow":["GET"]}}],"collection":[{"href":"https:\/\/tzionlibreria.com\/index.php\/wp-json\/wp\/v2\/product"}],"about":[{"href":"https:\/\/tzionlibreria.com\/index.php\/wp-json\/wp\/v2\/types\/product"}],"replies":[{"embeddable":true,"href":"https:\/\/tzionlibreria.com\/index.php\/wp-json\/wp\/v2\/comments?post=4616"}],"wp:featuredmedia":[{"embeddable":true,"href":"https:\/\/tzionlibreria.com\/index.php\/wp-json\/wp\/v2\/media\/4617"}],"wp:attachment":[{"href":"https:\/\/tzionlibreria.com\/index.php\/wp-json\/wp\/v2\/media?parent=4616"}],"wp:term":[{"taxonomy":"product_brand","embeddable":true,"href":"https:\/\/tzionlibreria.com\/index.php\/wp-json\/wp\/v2\/product_brand?post=4616"},{"taxonomy":"product_cat","embeddable":true,"href":"https:\/\/tzionlibreria.com\/index.php\/wp-json\/wp\/v2\/product_cat?post=4616"},{"taxonomy":"product_tag","embeddable":true,"href":"https:\/\/tzionlibreria.com\/index.php\/wp-json\/wp\/v2\/product_tag?post=4616"}],"curies":[{"name":"wp","href":"https:\/\/api.w.org\/{rel}","templated":true}]}}