{"id":4632,"date":"2025-01-03T02:52:08","date_gmt":"2025-01-03T02:52:08","guid":{"rendered":"https:\/\/tzionlibreria.com\/?post_type=product&#038;p=4632"},"modified":"2025-01-03T02:52:08","modified_gmt":"2025-01-03T02:52:08","slug":"como-jesus-max-lucado","status":"publish","type":"product","link":"https:\/\/tzionlibreria.com\/index.php\/product\/como-jesus-max-lucado\/","title":{"rendered":"Como Jesus &#8211; Max Lucado"},"content":{"rendered":"<p>Este volumen econ\u00f3mico pero de alta calidad es valioso para compartir con los amigos, la familia y los compa\u00f1eros de trabajo, el oportuno y siempre vigente mensaje de Max Lucado.<\/p>\n<div><\/div>\n<div>O bien, tal vez sea una obra anterior que no conoc\u00edan los seguidores, o la que lleve el maravilloso mensaje de Max a alguien completamente nuevo en el tema.\u00bfDe d\u00f3nde sacaste la idea de que no podemos cambiar? De d\u00f3nde vienen afirmaciones como: \u201cEs que, sencillamente, preocuparme es parte de mi naturaleza\u201d, \u201cSiempre ser\u00e9 pesimista. As\u00ed soy\u201d, \u201cNo puedo evitar reaccionar de esa manera. Tengo mal car\u00e1cter\u201d.<\/p>\n<div><\/div>\n<div>Esos pensamientos no provienen de Dios. Para \u00c9l es imposible no cambiar una vida, tal como para una madre es imposible no tocar una l\u00e1grima. El plan que tiene para ti no es nada menos que un coraz\u00f3n nuevo.<\/div>\n<div><\/div>\n<div>Si fueras un auto, Dios se ocupar\u00eda de tu motor; si fueras una computadora, Dios tendr\u00eda derechos sobre el software y el disco duro; si fueras un avi\u00f3n, \u00c9l tomar\u00eda Su lugar en la cabina del piloto; pero como eres una persona, \u00c9l desea cambiar tu coraz\u00f3n. Max Lucado dice que Dios te ama exactamente c\u00f3mo eres, pero no quiere dejarte as\u00ed. Quiere que tengas un coraz\u00f3n como el Suyo. Quiere que seas Como Jes\u00fas.<\/div>\n<div><\/div>\n<\/div>\n<div><strong>ISBN<\/strong>: 9781602555945<br \/>\n<strong>Editorial<\/strong>:\u00a0Grupo Nelson<br \/>\n<strong>Dimensiones<\/strong>: 13 x 20 x 2 cm<br \/>\n<strong>Peso<\/strong>: 0,500kg<br \/>\n<strong>Cubierta<\/strong>: R\u00fastica<br \/>\n<strong>Idioma<\/strong>: Espa\u00f1ol<\/div>\n","protected":false},"excerpt":{"rendered":"<p>Este volumen econ\u00f3mico pero de alta calidad es valioso para compartir con los amigos, la familia y los compa\u00f1eros de trabajo, el oportuno y siempre vigente mensaje de Max Lucado. O bien, tal vez sea una obra anterior que no conoc\u00edan los seguidores, o la que lleve el maravilloso mensaje de Max a alguien completamente [&hellip;]<\/p>\n","protected":false},"featured_media":4633,"comment_status":"open","ping_status":"closed","template":"","meta":{"om_disable_all_campaigns":false,"_monsterinsights_skip_tracking":false,"_monsterinsights_sitenote_active":false,"_monsterinsights_sitenote_note":"","_monsterinsights_sitenote_category":0,"site-sidebar-layout":"default","site-content-layout":"","ast-site-content-layout":"default","site-content-style":"default","site-sidebar-style":"default","ast-global-header-display":"","ast-banner-title-visibility":"","ast-main-header-display":"","ast-hfb-above-header-display":"","ast-hfb-below-header-display":"","ast-hfb-mobile-header-display":"","site-post-title":"","ast-breadcrumbs-content":"","ast-featured-img":"","footer-sml-layout":"","ast-disable-related-posts":"","theme-transparent-header-meta":"default","adv-header-id-meta":"","stick-header-meta":"","header-above-stick-meta":"","header-main-stick-meta":"","header-below-stick-meta":"","astra-migrate-meta-layouts":"set","ast-page-background-enabled":"default","ast-page-background-meta":{"desktop":{"background-color":"var(--ast-global-color-4)","background-image":"","background-repeat":"repeat","background-position":"center center","background-size":"auto","background-attachment":"scroll","background-type":"","background-media":"","overlay-type":"","overlay-color":"","overlay-opacity":"","overlay-gradient":""},"tablet":{"background-color":"","background-image":"","background-repeat":"repeat","background-position":"center center","background-size":"auto","background-attachment":"scroll","background-type":"","background-media":"","overlay-type":"","overlay-color":"","overlay-opacity":"","overlay-gradient":""},"mobile":{"background-color":"","background-image":"","background-repeat":"repeat","background-position":"center center","background-size":"auto","background-attachment":"scroll","background-type":"","background-media":"","overlay-type":"","overlay-color":"","overlay-opacity":"","overlay-gradient":""}},"ast-content-background-meta":{"desktop":{"background-color":"var(--ast-global-color-5)","background-image":"","background-repeat":"repeat","background-position":"center center","background-size":"auto","background-attachment":"scroll","background-type":"","background-media":"","overlay-type":"","overlay-color":"","overlay-opacity":"","overlay-gradient":""},"tablet":{"background-color":"var(--ast-global-color-5)","background-image":"","background-repeat":"repeat","background-position":"center center","background-size":"auto","background-attachment":"scroll","background-type":"","background-media":"","overlay-type":"","overlay-color":"","overlay-opacity":"","overlay-gradient":""},"mobile":{"background-color":"var(--ast-global-color-5)","background-image":"","background-repeat":"repeat","background-position":"center center","background-size":"auto","background-attachment":"scroll","background-type":"","background-media":"","overlay-type":"","overlay-color":"","overlay-opacity":"","overlay-gradient":""}}},"product_brand":[],"product_cat":[23],"product_tag":[],"class_list":{"0":"post-4632","1":"product","2":"type-product","3":"status-publish","4":"has-post-thumbnail","6":"product_cat-libros","7":"desktop-align-left","8":"tablet-align-left","9":"mobile-align-left","11":"first","12":"instock","13":"shipping-taxable","14":"purchasable","15":"product-type-simple"},"yoast_head":"<!-- This site is optimized with the Yoast SEO plugin v27.4 - https:\/\/yoast.com\/product\/yoast-seo-wordpress\/ -->\n<title>Como Jesus - Max Lucado - tzionlibreria.com<\/title>\n<meta name=\"robots\" content=\"index, follow, max-snippet:-1, max-image-preview:large, max-video-preview:-1\" \/>\n<link rel=\"canonical\" href=\"https:\/\/tzionlibreria.com\/index.php\/product\/como-jesus-max-lucado\/\" \/>\n<meta property=\"og:locale\" content=\"es_ES\" \/>\n<meta property=\"og:type\" content=\"article\" \/>\n<meta property=\"og:title\" content=\"Como Jesus - Max Lucado - tzionlibreria.com\" \/>\n<meta property=\"og:description\" content=\"Este volumen econ\u00f3mico pero de alta calidad es valioso para compartir con los amigos, la familia y los compa\u00f1eros de trabajo, el oportuno y siempre vigente mensaje de Max Lucado. O bien, tal vez sea una obra anterior que no conoc\u00edan los seguidores, o la que lleve el maravilloso mensaje de Max a alguien completamente [&hellip;]\" \/>\n<meta property=\"og:url\" content=\"https:\/\/tzionlibreria.com\/index.php\/product\/como-jesus-max-lucado\/\" \/>\n<meta property=\"og:site_name\" content=\"tzionlibreria.com\" \/>\n<meta property=\"og:image\" content=\"http:\/\/tzionlibreria.com\/wp-content\/uploads\/2025\/01\/9781602555945.jpg\" \/>\n\t<meta property=\"og:image:width\" content=\"1200\" \/>\n\t<meta property=\"og:image:height\" content=\"1200\" \/>\n\t<meta property=\"og:image:type\" content=\"image\/jpeg\" \/>\n<meta name=\"twitter:card\" content=\"summary_large_image\" \/>\n<meta name=\"twitter:label1\" content=\"Tiempo de lectura\" \/>\n\t<meta name=\"twitter:data1\" content=\"2 minutos\" \/>\n<script type=\"application\/ld+json\" class=\"yoast-schema-graph\">{\"@context\":\"https:\\\/\\\/schema.org\",\"@graph\":[{\"@type\":\"WebPage\",\"@id\":\"https:\\\/\\\/tzionlibreria.com\\\/index.php\\\/product\\\/como-jesus-max-lucado\\\/\",\"url\":\"https:\\\/\\\/tzionlibreria.com\\\/index.php\\\/product\\\/como-jesus-max-lucado\\\/\",\"name\":\"Como Jesus - Max Lucado - tzionlibreria.com\",\"isPartOf\":{\"@id\":\"https:\\\/\\\/tzionlibreria.com\\\/#website\"},\"primaryImageOfPage\":{\"@id\":\"https:\\\/\\\/tzionlibreria.com\\\/index.php\\\/product\\\/como-jesus-max-lucado\\\/#primaryimage\"},\"image\":{\"@id\":\"https:\\\/\\\/tzionlibreria.com\\\/index.php\\\/product\\\/como-jesus-max-lucado\\\/#primaryimage\"},\"thumbnailUrl\":\"https:\\\/\\\/tzionlibreria.com\\\/wp-content\\\/uploads\\\/2025\\\/01\\\/9781602555945.jpg\",\"datePublished\":\"2025-01-03T02:52:08+00:00\",\"breadcrumb\":{\"@id\":\"https:\\\/\\\/tzionlibreria.com\\\/index.php\\\/product\\\/como-jesus-max-lucado\\\/#breadcrumb\"},\"inLanguage\":\"es-CO\",\"potentialAction\":[{\"@type\":\"ReadAction\",\"target\":[\"https:\\\/\\\/tzionlibreria.com\\\/index.php\\\/product\\\/como-jesus-max-lucado\\\/\"]}]},{\"@type\":\"ImageObject\",\"inLanguage\":\"es-CO\",\"@id\":\"https:\\\/\\\/tzionlibreria.com\\\/index.php\\\/product\\\/como-jesus-max-lucado\\\/#primaryimage\",\"url\":\"https:\\\/\\\/tzionlibreria.com\\\/wp-content\\\/uploads\\\/2025\\\/01\\\/9781602555945.jpg\",\"contentUrl\":\"https:\\\/\\\/tzionlibreria.com\\\/wp-content\\\/uploads\\\/2025\\\/01\\\/9781602555945.jpg\",\"width\":1200,\"height\":1200},{\"@type\":\"BreadcrumbList\",\"@id\":\"https:\\\/\\\/tzionlibreria.com\\\/index.php\\\/product\\\/como-jesus-max-lucado\\\/#breadcrumb\",\"itemListElement\":[{\"@type\":\"ListItem\",\"position\":1,\"name\":\"Inicio\",\"item\":\"https:\\\/\\\/tzionlibreria.com\\\/\"},{\"@type\":\"ListItem\",\"position\":2,\"name\":\"Shop\",\"item\":\"https:\\\/\\\/tzionlibreria.com\\\/index.php\\\/shop\\\/\"},{\"@type\":\"ListItem\",\"position\":3,\"name\":\"Como Jesus &#8211; Max Lucado\"}]},{\"@type\":\"WebSite\",\"@id\":\"https:\\\/\\\/tzionlibreria.com\\\/#website\",\"url\":\"https:\\\/\\\/tzionlibreria.com\\\/\",\"name\":\"tzionlibreria.com\",\"description\":\"Libreria Cristiana Venezuela\",\"publisher\":{\"@id\":\"https:\\\/\\\/tzionlibreria.com\\\/#organization\"},\"potentialAction\":[{\"@type\":\"SearchAction\",\"target\":{\"@type\":\"EntryPoint\",\"urlTemplate\":\"https:\\\/\\\/tzionlibreria.com\\\/?s={search_term_string}\"},\"query-input\":{\"@type\":\"PropertyValueSpecification\",\"valueRequired\":true,\"valueName\":\"search_term_string\"}}],\"inLanguage\":\"es-CO\"},{\"@type\":\"Organization\",\"@id\":\"https:\\\/\\\/tzionlibreria.com\\\/#organization\",\"name\":\"tzionlibreria.com\",\"url\":\"https:\\\/\\\/tzionlibreria.com\\\/\",\"logo\":{\"@type\":\"ImageObject\",\"inLanguage\":\"es-CO\",\"@id\":\"https:\\\/\\\/tzionlibreria.com\\\/#\\\/schema\\\/logo\\\/image\\\/\",\"url\":\"https:\\\/\\\/tzionlibreria.com\\\/wp-content\\\/uploads\\\/2023\\\/10\\\/cropped-Cuadricula-scaled-1.jpg\",\"contentUrl\":\"https:\\\/\\\/tzionlibreria.com\\\/wp-content\\\/uploads\\\/2023\\\/10\\\/cropped-Cuadricula-scaled-1.jpg\",\"width\":2560,\"height\":2560,\"caption\":\"tzionlibreria.com\"},\"image\":{\"@id\":\"https:\\\/\\\/tzionlibreria.com\\\/#\\\/schema\\\/logo\\\/image\\\/\"}}]}<\/script>\n<!-- \/ Yoast SEO plugin. -->","yoast_head_json":{"title":"Como Jesus - Max Lucado - tzionlibreria.com","robots":{"index":"index","follow":"follow","max-snippet":"max-snippet:-1","max-image-preview":"max-image-preview:large","max-video-preview":"max-video-preview:-1"},"canonical":"https:\/\/tzionlibreria.com\/index.php\/product\/como-jesus-max-lucado\/","og_locale":"es_ES","og_type":"article","og_title":"Como Jesus - Max Lucado - tzionlibreria.com","og_description":"Este volumen econ\u00f3mico pero de alta calidad es valioso para compartir con los amigos, la familia y los compa\u00f1eros de trabajo, el oportuno y siempre vigente mensaje de Max Lucado. O bien, tal vez sea una obra anterior que no conoc\u00edan los seguidores, o la que lleve el maravilloso mensaje de Max a alguien completamente [&hellip;]","og_url":"https:\/\/tzionlibreria.com\/index.php\/product\/como-jesus-max-lucado\/","og_site_name":"tzionlibreria.com","og_image":[{"width":1200,"height":1200,"url":"http:\/\/tzionlibreria.com\/wp-content\/uploads\/2025\/01\/9781602555945.jpg","type":"image\/jpeg"}],"twitter_card":"summary_large_image","twitter_misc":{"Tiempo de lectura":"2 minutos"},"schema":{"@context":"https:\/\/schema.org","@graph":[{"@type":"WebPage","@id":"https:\/\/tzionlibreria.com\/index.php\/product\/como-jesus-max-lucado\/","url":"https:\/\/tzionlibreria.com\/index.php\/product\/como-jesus-max-lucado\/","name":"Como Jesus - Max Lucado - tzionlibreria.com","isPartOf":{"@id":"https:\/\/tzionlibreria.com\/#website"},"primaryImageOfPage":{"@id":"https:\/\/tzionlibreria.com\/index.php\/product\/como-jesus-max-lucado\/#primaryimage"},"image":{"@id":"https:\/\/tzionlibreria.com\/index.php\/product\/como-jesus-max-lucado\/#primaryimage"},"thumbnailUrl":"https:\/\/tzionlibreria.com\/wp-content\/uploads\/2025\/01\/9781602555945.jpg","datePublished":"2025-01-03T02:52:08+00:00","breadcrumb":{"@id":"https:\/\/tzionlibreria.com\/index.php\/product\/como-jesus-max-lucado\/#breadcrumb"},"inLanguage":"es-CO","potentialAction":[{"@type":"ReadAction","target":["https:\/\/tzionlibreria.com\/index.php\/product\/como-jesus-max-lucado\/"]}]},{"@type":"ImageObject","inLanguage":"es-CO","@id":"https:\/\/tzionlibreria.com\/index.php\/product\/como-jesus-max-lucado\/#primaryimage","url":"https:\/\/tzionlibreria.com\/wp-content\/uploads\/2025\/01\/9781602555945.jpg","contentUrl":"https:\/\/tzionlibreria.com\/wp-content\/uploads\/2025\/01\/9781602555945.jpg","width":1200,"height":1200},{"@type":"BreadcrumbList","@id":"https:\/\/tzionlibreria.com\/index.php\/product\/como-jesus-max-lucado\/#breadcrumb","itemListElement":[{"@type":"ListItem","position":1,"name":"Inicio","item":"https:\/\/tzionlibreria.com\/"},{"@type":"ListItem","position":2,"name":"Shop","item":"https:\/\/tzionlibreria.com\/index.php\/shop\/"},{"@type":"ListItem","position":3,"name":"Como Jesus &#8211; Max Lucado"}]},{"@type":"WebSite","@id":"https:\/\/tzionlibreria.com\/#website","url":"https:\/\/tzionlibreria.com\/","name":"tzionlibreria.com","description":"Libreria Cristiana Venezuela","publisher":{"@id":"https:\/\/tzionlibreria.com\/#organization"},"potentialAction":[{"@type":"SearchAction","target":{"@type":"EntryPoint","urlTemplate":"https:\/\/tzionlibreria.com\/?s={search_term_string}"},"query-input":{"@type":"PropertyValueSpecification","valueRequired":true,"valueName":"search_term_string"}}],"inLanguage":"es-CO"},{"@type":"Organization","@id":"https:\/\/tzionlibreria.com\/#organization","name":"tzionlibreria.com","url":"https:\/\/tzionlibreria.com\/","logo":{"@type":"ImageObject","inLanguage":"es-CO","@id":"https:\/\/tzionlibreria.com\/#\/schema\/logo\/image\/","url":"https:\/\/tzionlibreria.com\/wp-content\/uploads\/2023\/10\/cropped-Cuadricula-scaled-1.jpg","contentUrl":"https:\/\/tzionlibreria.com\/wp-content\/uploads\/2023\/10\/cropped-Cuadricula-scaled-1.jpg","width":2560,"height":2560,"caption":"tzionlibreria.com"},"image":{"@id":"https:\/\/tzionlibreria.com\/#\/schema\/logo\/image\/"}}]}},"jetpack_sharing_enabled":true,"_links":{"self":[{"href":"https:\/\/tzionlibreria.com\/index.php\/wp-json\/wp\/v2\/product\/4632","targetHints":{"allow":["GET"]}}],"collection":[{"href":"https:\/\/tzionlibreria.com\/index.php\/wp-json\/wp\/v2\/product"}],"about":[{"href":"https:\/\/tzionlibreria.com\/index.php\/wp-json\/wp\/v2\/types\/product"}],"replies":[{"embeddable":true,"href":"https:\/\/tzionlibreria.com\/index.php\/wp-json\/wp\/v2\/comments?post=4632"}],"wp:featuredmedia":[{"embeddable":true,"href":"https:\/\/tzionlibreria.com\/index.php\/wp-json\/wp\/v2\/media\/4633"}],"wp:attachment":[{"href":"https:\/\/tzionlibreria.com\/index.php\/wp-json\/wp\/v2\/media?parent=4632"}],"wp:term":[{"taxonomy":"product_brand","embeddable":true,"href":"https:\/\/tzionlibreria.com\/index.php\/wp-json\/wp\/v2\/product_brand?post=4632"},{"taxonomy":"product_cat","embeddable":true,"href":"https:\/\/tzionlibreria.com\/index.php\/wp-json\/wp\/v2\/product_cat?post=4632"},{"taxonomy":"product_tag","embeddable":true,"href":"https:\/\/tzionlibreria.com\/index.php\/wp-json\/wp\/v2\/product_tag?post=4632"}],"curies":[{"name":"wp","href":"https:\/\/api.w.org\/{rel}","templated":true}]}}