{"id":4644,"date":"2025-01-04T23:47:34","date_gmt":"2025-01-04T23:47:34","guid":{"rendered":"https:\/\/tzionlibreria.com\/?post_type=product&#038;p=4644"},"modified":"2025-01-04T23:47:34","modified_gmt":"2025-01-04T23:47:34","slug":"zig-ziglar-ventas-el-manual-definitivo-para-el-vendedor-profesional-zig-ziglar","status":"publish","type":"product","link":"https:\/\/tzionlibreria.com\/index.php\/product\/zig-ziglar-ventas-el-manual-definitivo-para-el-vendedor-profesional-zig-ziglar\/","title":{"rendered":"Zig Ziglar Ventas: El Manual Definitivo Para el Vendedor Profesional &#8211; Zig Ziglar"},"content":{"rendered":"<p>Lleno de consejos pr\u00e1cticos y motivaci\u00f3n para todo profesional de ventas, Zig Ziglar Ventas es una completa gu\u00eda de referencia para cualquier profesional en este campo.Sirvi\u00e9ndose de sus m\u00e1s de cuarenta a\u00f1os de experiencia en ventas, el experto motivador Zig Ziglar ofrece un caudal de informaci\u00f3n pr\u00e1ctica e inspiradora para triunfar en el acelerado mundo actual de las ventas. El principal objetivo de Ziglar es ayudar a los profesionales de las ventas a persuadir a sus clientes de forma m\u00e1s eficaz, \u00e9tica y con mayor frecuencia! En este estimulante libro, analiza: D\u00f3nde, cu\u00e1ndo y c\u00f3mo hallar clientes potencialesC\u00f3mo tratar con personas groseras, enojadas y de mal humorPor qu\u00e9 el 70% de las ventas se hacen entre 7:00 a. m. y 1:00 p. m.C\u00f3mo manejan el estr\u00e9s los profesionales de mayores ventasC\u00f3mo hacer un mejor uso del tel\u00e9fonoZiglar on SellingFilled with practical tips and motivation for any sales professional, Ziglar on Selling is a complete reference guide for any sales professional.Drawing on his more than forty years of sales experience, master motivator Zig Ziglar provides a wealth of inspirational and practical information for making it in today&#8217;s fast-paced selling world. Ziglar&#8217;s primary aim is to help sales professionals persuade their customers more effectively, more ethically, and more often! In this motivating book, he discusses: Where, when, and how to find prospectsHow to deal with rude, angry, and disgruntled peopleWhy 70% of sales are made between 7:00 A.M. and 1:00 P.M.How top-selling pros manage stressHow to best utilize the telephone<\/p>\n","protected":false},"excerpt":{"rendered":"<p>Lleno de consejos pr\u00e1cticos y motivaci\u00f3n para todo profesional de ventas, Zig Ziglar Ventas es una completa gu\u00eda de referencia para cualquier profesional en este campo.Sirvi\u00e9ndose de sus m\u00e1s de cuarenta a\u00f1os de experiencia en ventas, el experto motivador Zig Ziglar ofrece un caudal de informaci\u00f3n pr\u00e1ctica e inspiradora para triunfar en el acelerado mundo [&hellip;]<\/p>\n","protected":false},"featured_media":4645,"comment_status":"open","ping_status":"closed","template":"","meta":{"om_disable_all_campaigns":false,"_monsterinsights_skip_tracking":false,"_monsterinsights_sitenote_active":false,"_monsterinsights_sitenote_note":"","_monsterinsights_sitenote_category":0,"site-sidebar-layout":"default","site-content-layout":"","ast-site-content-layout":"default","site-content-style":"default","site-sidebar-style":"default","ast-global-header-display":"","ast-banner-title-visibility":"","ast-main-header-display":"","ast-hfb-above-header-display":"","ast-hfb-below-header-display":"","ast-hfb-mobile-header-display":"","site-post-title":"","ast-breadcrumbs-content":"","ast-featured-img":"","footer-sml-layout":"","ast-disable-related-posts":"","theme-transparent-header-meta":"default","adv-header-id-meta":"","stick-header-meta":"","header-above-stick-meta":"","header-main-stick-meta":"","header-below-stick-meta":"","astra-migrate-meta-layouts":"set","ast-page-background-enabled":"default","ast-page-background-meta":{"desktop":{"background-color":"var(--ast-global-color-4)","background-image":"","background-repeat":"repeat","background-position":"center center","background-size":"auto","background-attachment":"scroll","background-type":"","background-media":"","overlay-type":"","overlay-color":"","overlay-opacity":"","overlay-gradient":""},"tablet":{"background-color":"","background-image":"","background-repeat":"repeat","background-position":"center center","background-size":"auto","background-attachment":"scroll","background-type":"","background-media":"","overlay-type":"","overlay-color":"","overlay-opacity":"","overlay-gradient":""},"mobile":{"background-color":"","background-image":"","background-repeat":"repeat","background-position":"center center","background-size":"auto","background-attachment":"scroll","background-type":"","background-media":"","overlay-type":"","overlay-color":"","overlay-opacity":"","overlay-gradient":""}},"ast-content-background-meta":{"desktop":{"background-color":"var(--ast-global-color-5)","background-image":"","background-repeat":"repeat","background-position":"center center","background-size":"auto","background-attachment":"scroll","background-type":"","background-media":"","overlay-type":"","overlay-color":"","overlay-opacity":"","overlay-gradient":""},"tablet":{"background-color":"var(--ast-global-color-5)","background-image":"","background-repeat":"repeat","background-position":"center center","background-size":"auto","background-attachment":"scroll","background-type":"","background-media":"","overlay-type":"","overlay-color":"","overlay-opacity":"","overlay-gradient":""},"mobile":{"background-color":"var(--ast-global-color-5)","background-image":"","background-repeat":"repeat","background-position":"center center","background-size":"auto","background-attachment":"scroll","background-type":"","background-media":"","overlay-type":"","overlay-color":"","overlay-opacity":"","overlay-gradient":""}}},"product_brand":[],"product_cat":[23],"product_tag":[],"class_list":{"0":"post-4644","1":"product","2":"type-product","3":"status-publish","4":"has-post-thumbnail","6":"product_cat-libros","7":"desktop-align-left","8":"tablet-align-left","9":"mobile-align-left","11":"first","12":"instock","13":"shipping-taxable","14":"purchasable","15":"product-type-simple"},"yoast_head":"<!-- This site is optimized with the Yoast SEO plugin v27.4 - https:\/\/yoast.com\/product\/yoast-seo-wordpress\/ -->\n<title>Zig Ziglar Ventas: El Manual Definitivo Para el Vendedor Profesional - Zig Ziglar - tzionlibreria.com<\/title>\n<meta name=\"robots\" content=\"index, follow, max-snippet:-1, max-image-preview:large, max-video-preview:-1\" \/>\n<link rel=\"canonical\" href=\"https:\/\/tzionlibreria.com\/index.php\/product\/zig-ziglar-ventas-el-manual-definitivo-para-el-vendedor-profesional-zig-ziglar\/\" \/>\n<meta property=\"og:locale\" content=\"es_ES\" \/>\n<meta property=\"og:type\" content=\"article\" \/>\n<meta property=\"og:title\" content=\"Zig Ziglar Ventas: El Manual Definitivo Para el Vendedor Profesional - Zig Ziglar - tzionlibreria.com\" \/>\n<meta property=\"og:description\" content=\"Lleno de consejos pr\u00e1cticos y motivaci\u00f3n para todo profesional de ventas, Zig Ziglar Ventas es una completa gu\u00eda de referencia para cualquier profesional en este campo.Sirvi\u00e9ndose de sus m\u00e1s de cuarenta a\u00f1os de experiencia en ventas, el experto motivador Zig Ziglar ofrece un caudal de informaci\u00f3n pr\u00e1ctica e inspiradora para triunfar en el acelerado mundo [&hellip;]\" \/>\n<meta property=\"og:url\" content=\"https:\/\/tzionlibreria.com\/index.php\/product\/zig-ziglar-ventas-el-manual-definitivo-para-el-vendedor-profesional-zig-ziglar\/\" \/>\n<meta property=\"og:site_name\" content=\"tzionlibreria.com\" \/>\n<meta property=\"og:image\" content=\"http:\/\/tzionlibreria.com\/wp-content\/uploads\/2025\/01\/9781602555105.jpg\" \/>\n\t<meta property=\"og:image:width\" content=\"1200\" \/>\n\t<meta property=\"og:image:height\" content=\"1200\" \/>\n\t<meta property=\"og:image:type\" content=\"image\/jpeg\" \/>\n<meta name=\"twitter:card\" content=\"summary_large_image\" \/>\n<meta name=\"twitter:label1\" content=\"Tiempo de lectura\" \/>\n\t<meta name=\"twitter:data1\" content=\"2 minutos\" \/>\n<script type=\"application\/ld+json\" class=\"yoast-schema-graph\">{\"@context\":\"https:\\\/\\\/schema.org\",\"@graph\":[{\"@type\":\"WebPage\",\"@id\":\"https:\\\/\\\/tzionlibreria.com\\\/index.php\\\/product\\\/zig-ziglar-ventas-el-manual-definitivo-para-el-vendedor-profesional-zig-ziglar\\\/\",\"url\":\"https:\\\/\\\/tzionlibreria.com\\\/index.php\\\/product\\\/zig-ziglar-ventas-el-manual-definitivo-para-el-vendedor-profesional-zig-ziglar\\\/\",\"name\":\"Zig Ziglar Ventas: El Manual Definitivo Para el Vendedor Profesional - Zig Ziglar - tzionlibreria.com\",\"isPartOf\":{\"@id\":\"https:\\\/\\\/tzionlibreria.com\\\/#website\"},\"primaryImageOfPage\":{\"@id\":\"https:\\\/\\\/tzionlibreria.com\\\/index.php\\\/product\\\/zig-ziglar-ventas-el-manual-definitivo-para-el-vendedor-profesional-zig-ziglar\\\/#primaryimage\"},\"image\":{\"@id\":\"https:\\\/\\\/tzionlibreria.com\\\/index.php\\\/product\\\/zig-ziglar-ventas-el-manual-definitivo-para-el-vendedor-profesional-zig-ziglar\\\/#primaryimage\"},\"thumbnailUrl\":\"https:\\\/\\\/tzionlibreria.com\\\/wp-content\\\/uploads\\\/2025\\\/01\\\/9781602555105.jpg\",\"datePublished\":\"2025-01-04T23:47:34+00:00\",\"breadcrumb\":{\"@id\":\"https:\\\/\\\/tzionlibreria.com\\\/index.php\\\/product\\\/zig-ziglar-ventas-el-manual-definitivo-para-el-vendedor-profesional-zig-ziglar\\\/#breadcrumb\"},\"inLanguage\":\"es-CO\",\"potentialAction\":[{\"@type\":\"ReadAction\",\"target\":[\"https:\\\/\\\/tzionlibreria.com\\\/index.php\\\/product\\\/zig-ziglar-ventas-el-manual-definitivo-para-el-vendedor-profesional-zig-ziglar\\\/\"]}]},{\"@type\":\"ImageObject\",\"inLanguage\":\"es-CO\",\"@id\":\"https:\\\/\\\/tzionlibreria.com\\\/index.php\\\/product\\\/zig-ziglar-ventas-el-manual-definitivo-para-el-vendedor-profesional-zig-ziglar\\\/#primaryimage\",\"url\":\"https:\\\/\\\/tzionlibreria.com\\\/wp-content\\\/uploads\\\/2025\\\/01\\\/9781602555105.jpg\",\"contentUrl\":\"https:\\\/\\\/tzionlibreria.com\\\/wp-content\\\/uploads\\\/2025\\\/01\\\/9781602555105.jpg\",\"width\":1200,\"height\":1200},{\"@type\":\"BreadcrumbList\",\"@id\":\"https:\\\/\\\/tzionlibreria.com\\\/index.php\\\/product\\\/zig-ziglar-ventas-el-manual-definitivo-para-el-vendedor-profesional-zig-ziglar\\\/#breadcrumb\",\"itemListElement\":[{\"@type\":\"ListItem\",\"position\":1,\"name\":\"Inicio\",\"item\":\"https:\\\/\\\/tzionlibreria.com\\\/\"},{\"@type\":\"ListItem\",\"position\":2,\"name\":\"Shop\",\"item\":\"https:\\\/\\\/tzionlibreria.com\\\/index.php\\\/shop\\\/\"},{\"@type\":\"ListItem\",\"position\":3,\"name\":\"Zig Ziglar Ventas: El Manual Definitivo Para el Vendedor Profesional &#8211; Zig Ziglar\"}]},{\"@type\":\"WebSite\",\"@id\":\"https:\\\/\\\/tzionlibreria.com\\\/#website\",\"url\":\"https:\\\/\\\/tzionlibreria.com\\\/\",\"name\":\"tzionlibreria.com\",\"description\":\"Libreria Cristiana Venezuela\",\"publisher\":{\"@id\":\"https:\\\/\\\/tzionlibreria.com\\\/#organization\"},\"potentialAction\":[{\"@type\":\"SearchAction\",\"target\":{\"@type\":\"EntryPoint\",\"urlTemplate\":\"https:\\\/\\\/tzionlibreria.com\\\/?s={search_term_string}\"},\"query-input\":{\"@type\":\"PropertyValueSpecification\",\"valueRequired\":true,\"valueName\":\"search_term_string\"}}],\"inLanguage\":\"es-CO\"},{\"@type\":\"Organization\",\"@id\":\"https:\\\/\\\/tzionlibreria.com\\\/#organization\",\"name\":\"tzionlibreria.com\",\"url\":\"https:\\\/\\\/tzionlibreria.com\\\/\",\"logo\":{\"@type\":\"ImageObject\",\"inLanguage\":\"es-CO\",\"@id\":\"https:\\\/\\\/tzionlibreria.com\\\/#\\\/schema\\\/logo\\\/image\\\/\",\"url\":\"https:\\\/\\\/tzionlibreria.com\\\/wp-content\\\/uploads\\\/2023\\\/10\\\/cropped-Cuadricula-scaled-1.jpg\",\"contentUrl\":\"https:\\\/\\\/tzionlibreria.com\\\/wp-content\\\/uploads\\\/2023\\\/10\\\/cropped-Cuadricula-scaled-1.jpg\",\"width\":2560,\"height\":2560,\"caption\":\"tzionlibreria.com\"},\"image\":{\"@id\":\"https:\\\/\\\/tzionlibreria.com\\\/#\\\/schema\\\/logo\\\/image\\\/\"}}]}<\/script>\n<!-- \/ Yoast SEO plugin. -->","yoast_head_json":{"title":"Zig Ziglar Ventas: El Manual Definitivo Para el Vendedor Profesional - Zig Ziglar - tzionlibreria.com","robots":{"index":"index","follow":"follow","max-snippet":"max-snippet:-1","max-image-preview":"max-image-preview:large","max-video-preview":"max-video-preview:-1"},"canonical":"https:\/\/tzionlibreria.com\/index.php\/product\/zig-ziglar-ventas-el-manual-definitivo-para-el-vendedor-profesional-zig-ziglar\/","og_locale":"es_ES","og_type":"article","og_title":"Zig Ziglar Ventas: El Manual Definitivo Para el Vendedor Profesional - Zig Ziglar - tzionlibreria.com","og_description":"Lleno de consejos pr\u00e1cticos y motivaci\u00f3n para todo profesional de ventas, Zig Ziglar Ventas es una completa gu\u00eda de referencia para cualquier profesional en este campo.Sirvi\u00e9ndose de sus m\u00e1s de cuarenta a\u00f1os de experiencia en ventas, el experto motivador Zig Ziglar ofrece un caudal de informaci\u00f3n pr\u00e1ctica e inspiradora para triunfar en el acelerado mundo [&hellip;]","og_url":"https:\/\/tzionlibreria.com\/index.php\/product\/zig-ziglar-ventas-el-manual-definitivo-para-el-vendedor-profesional-zig-ziglar\/","og_site_name":"tzionlibreria.com","og_image":[{"width":1200,"height":1200,"url":"http:\/\/tzionlibreria.com\/wp-content\/uploads\/2025\/01\/9781602555105.jpg","type":"image\/jpeg"}],"twitter_card":"summary_large_image","twitter_misc":{"Tiempo de lectura":"2 minutos"},"schema":{"@context":"https:\/\/schema.org","@graph":[{"@type":"WebPage","@id":"https:\/\/tzionlibreria.com\/index.php\/product\/zig-ziglar-ventas-el-manual-definitivo-para-el-vendedor-profesional-zig-ziglar\/","url":"https:\/\/tzionlibreria.com\/index.php\/product\/zig-ziglar-ventas-el-manual-definitivo-para-el-vendedor-profesional-zig-ziglar\/","name":"Zig Ziglar Ventas: El Manual Definitivo Para el Vendedor Profesional - Zig Ziglar - tzionlibreria.com","isPartOf":{"@id":"https:\/\/tzionlibreria.com\/#website"},"primaryImageOfPage":{"@id":"https:\/\/tzionlibreria.com\/index.php\/product\/zig-ziglar-ventas-el-manual-definitivo-para-el-vendedor-profesional-zig-ziglar\/#primaryimage"},"image":{"@id":"https:\/\/tzionlibreria.com\/index.php\/product\/zig-ziglar-ventas-el-manual-definitivo-para-el-vendedor-profesional-zig-ziglar\/#primaryimage"},"thumbnailUrl":"https:\/\/tzionlibreria.com\/wp-content\/uploads\/2025\/01\/9781602555105.jpg","datePublished":"2025-01-04T23:47:34+00:00","breadcrumb":{"@id":"https:\/\/tzionlibreria.com\/index.php\/product\/zig-ziglar-ventas-el-manual-definitivo-para-el-vendedor-profesional-zig-ziglar\/#breadcrumb"},"inLanguage":"es-CO","potentialAction":[{"@type":"ReadAction","target":["https:\/\/tzionlibreria.com\/index.php\/product\/zig-ziglar-ventas-el-manual-definitivo-para-el-vendedor-profesional-zig-ziglar\/"]}]},{"@type":"ImageObject","inLanguage":"es-CO","@id":"https:\/\/tzionlibreria.com\/index.php\/product\/zig-ziglar-ventas-el-manual-definitivo-para-el-vendedor-profesional-zig-ziglar\/#primaryimage","url":"https:\/\/tzionlibreria.com\/wp-content\/uploads\/2025\/01\/9781602555105.jpg","contentUrl":"https:\/\/tzionlibreria.com\/wp-content\/uploads\/2025\/01\/9781602555105.jpg","width":1200,"height":1200},{"@type":"BreadcrumbList","@id":"https:\/\/tzionlibreria.com\/index.php\/product\/zig-ziglar-ventas-el-manual-definitivo-para-el-vendedor-profesional-zig-ziglar\/#breadcrumb","itemListElement":[{"@type":"ListItem","position":1,"name":"Inicio","item":"https:\/\/tzionlibreria.com\/"},{"@type":"ListItem","position":2,"name":"Shop","item":"https:\/\/tzionlibreria.com\/index.php\/shop\/"},{"@type":"ListItem","position":3,"name":"Zig Ziglar Ventas: El Manual Definitivo Para el Vendedor Profesional &#8211; Zig Ziglar"}]},{"@type":"WebSite","@id":"https:\/\/tzionlibreria.com\/#website","url":"https:\/\/tzionlibreria.com\/","name":"tzionlibreria.com","description":"Libreria Cristiana Venezuela","publisher":{"@id":"https:\/\/tzionlibreria.com\/#organization"},"potentialAction":[{"@type":"SearchAction","target":{"@type":"EntryPoint","urlTemplate":"https:\/\/tzionlibreria.com\/?s={search_term_string}"},"query-input":{"@type":"PropertyValueSpecification","valueRequired":true,"valueName":"search_term_string"}}],"inLanguage":"es-CO"},{"@type":"Organization","@id":"https:\/\/tzionlibreria.com\/#organization","name":"tzionlibreria.com","url":"https:\/\/tzionlibreria.com\/","logo":{"@type":"ImageObject","inLanguage":"es-CO","@id":"https:\/\/tzionlibreria.com\/#\/schema\/logo\/image\/","url":"https:\/\/tzionlibreria.com\/wp-content\/uploads\/2023\/10\/cropped-Cuadricula-scaled-1.jpg","contentUrl":"https:\/\/tzionlibreria.com\/wp-content\/uploads\/2023\/10\/cropped-Cuadricula-scaled-1.jpg","width":2560,"height":2560,"caption":"tzionlibreria.com"},"image":{"@id":"https:\/\/tzionlibreria.com\/#\/schema\/logo\/image\/"}}]}},"jetpack_sharing_enabled":true,"_links":{"self":[{"href":"https:\/\/tzionlibreria.com\/index.php\/wp-json\/wp\/v2\/product\/4644","targetHints":{"allow":["GET"]}}],"collection":[{"href":"https:\/\/tzionlibreria.com\/index.php\/wp-json\/wp\/v2\/product"}],"about":[{"href":"https:\/\/tzionlibreria.com\/index.php\/wp-json\/wp\/v2\/types\/product"}],"replies":[{"embeddable":true,"href":"https:\/\/tzionlibreria.com\/index.php\/wp-json\/wp\/v2\/comments?post=4644"}],"wp:featuredmedia":[{"embeddable":true,"href":"https:\/\/tzionlibreria.com\/index.php\/wp-json\/wp\/v2\/media\/4645"}],"wp:attachment":[{"href":"https:\/\/tzionlibreria.com\/index.php\/wp-json\/wp\/v2\/media?parent=4644"}],"wp:term":[{"taxonomy":"product_brand","embeddable":true,"href":"https:\/\/tzionlibreria.com\/index.php\/wp-json\/wp\/v2\/product_brand?post=4644"},{"taxonomy":"product_cat","embeddable":true,"href":"https:\/\/tzionlibreria.com\/index.php\/wp-json\/wp\/v2\/product_cat?post=4644"},{"taxonomy":"product_tag","embeddable":true,"href":"https:\/\/tzionlibreria.com\/index.php\/wp-json\/wp\/v2\/product_tag?post=4644"}],"curies":[{"name":"wp","href":"https:\/\/api.w.org\/{rel}","templated":true}]}}