{"id":4700,"date":"2025-01-05T00:35:01","date_gmt":"2025-01-05T00:35:01","guid":{"rendered":"https:\/\/tzionlibreria.com\/?post_type=product&#038;p=4700"},"modified":"2025-01-05T00:35:01","modified_gmt":"2025-01-05T00:35:01","slug":"se-un-lider-modelo-50-maneras-en-que-los-grandes-lideres-inspiran-resultados","status":"publish","type":"product","link":"https:\/\/tzionlibreria.com\/index.php\/product\/se-un-lider-modelo-50-maneras-en-que-los-grandes-lideres-inspiran-resultados\/","title":{"rendered":"S\u00e9 un l\u00edder modelo &#8211; 50 maneras en que los grandes l\u00edderes inspiran resultados"},"content":{"rendered":"<div>Encargarse del trabajo de mayor nivel, ya sea como director ejecutivo de una empresa o gerente de un departamento, nunca es f\u00e1cil. Cuando se hace de la forma correcta, resulta en un liderazgo inspirador; pero si se hace del modo contrario, puede llevar al desastre. Para ser eficaces, las personas a cargo deben darle a su equipo una raz\u00f3n para creer en sus talentos y su capacidad de poner a las personas a trabajar juntas.<\/div>\n<div><\/div>\n<div>Un alto grado de liderazgo requiere determinaci\u00f3n, autoridad, convicci\u00f3n, compasi\u00f3n y, lo m\u00e1s importante, la capacidad de dar un buen ejemplo. Puede parecer f\u00e1cil, pero ponerlo en pr\u00e1ctica puede llevar toda la vida. En S\u00e9 un l\u00edder modelo, el reconocido gur\u00fa del liderazgo John Baldoni revela las caracter\u00edsticas y capacidades que deben tener los l\u00edderes para inspirar a otros a seguirlos.<\/div>\n<div><\/div>\n<div><strong>ISBN<\/strong>: 9781602555709<br \/>\n<strong>Editorial<\/strong>:\u00a0Grupo Nelson<br \/>\n<strong>Dimensiones<\/strong>: 15 x 23 x 2 cm<br \/>\n<strong>Peso<\/strong>: 0,350kg<br \/>\n<strong>Cubierta<\/strong>: R\u00fastica<br \/>\n<strong>N\u00famero de p\u00e1ginas<\/strong>: 238<br \/>\n<strong>Idioma<\/strong>: Espa\u00f1ol<\/div>\n","protected":false},"excerpt":{"rendered":"<p>Encargarse del trabajo de mayor nivel, ya sea como director ejecutivo de una empresa o gerente de un departamento, nunca es f\u00e1cil. Cuando se hace de la forma correcta, resulta en un liderazgo inspirador; pero si se hace del modo contrario, puede llevar al desastre. Para ser eficaces, las personas a cargo deben darle a [&hellip;]<\/p>\n","protected":false},"featured_media":4701,"comment_status":"open","ping_status":"closed","template":"","meta":{"om_disable_all_campaigns":false,"_monsterinsights_skip_tracking":false,"_monsterinsights_sitenote_active":false,"_monsterinsights_sitenote_note":"","_monsterinsights_sitenote_category":0,"site-sidebar-layout":"default","site-content-layout":"","ast-site-content-layout":"default","site-content-style":"default","site-sidebar-style":"default","ast-global-header-display":"","ast-banner-title-visibility":"","ast-main-header-display":"","ast-hfb-above-header-display":"","ast-hfb-below-header-display":"","ast-hfb-mobile-header-display":"","site-post-title":"","ast-breadcrumbs-content":"","ast-featured-img":"","footer-sml-layout":"","ast-disable-related-posts":"","theme-transparent-header-meta":"default","adv-header-id-meta":"","stick-header-meta":"","header-above-stick-meta":"","header-main-stick-meta":"","header-below-stick-meta":"","astra-migrate-meta-layouts":"set","ast-page-background-enabled":"default","ast-page-background-meta":{"desktop":{"background-color":"var(--ast-global-color-4)","background-image":"","background-repeat":"repeat","background-position":"center center","background-size":"auto","background-attachment":"scroll","background-type":"","background-media":"","overlay-type":"","overlay-color":"","overlay-opacity":"","overlay-gradient":""},"tablet":{"background-color":"","background-image":"","background-repeat":"repeat","background-position":"center center","background-size":"auto","background-attachment":"scroll","background-type":"","background-media":"","overlay-type":"","overlay-color":"","overlay-opacity":"","overlay-gradient":""},"mobile":{"background-color":"","background-image":"","background-repeat":"repeat","background-position":"center center","background-size":"auto","background-attachment":"scroll","background-type":"","background-media":"","overlay-type":"","overlay-color":"","overlay-opacity":"","overlay-gradient":""}},"ast-content-background-meta":{"desktop":{"background-color":"var(--ast-global-color-5)","background-image":"","background-repeat":"repeat","background-position":"center center","background-size":"auto","background-attachment":"scroll","background-type":"","background-media":"","overlay-type":"","overlay-color":"","overlay-opacity":"","overlay-gradient":""},"tablet":{"background-color":"var(--ast-global-color-5)","background-image":"","background-repeat":"repeat","background-position":"center center","background-size":"auto","background-attachment":"scroll","background-type":"","background-media":"","overlay-type":"","overlay-color":"","overlay-opacity":"","overlay-gradient":""},"mobile":{"background-color":"var(--ast-global-color-5)","background-image":"","background-repeat":"repeat","background-position":"center center","background-size":"auto","background-attachment":"scroll","background-type":"","background-media":"","overlay-type":"","overlay-color":"","overlay-opacity":"","overlay-gradient":""}}},"product_brand":[],"product_cat":[23],"product_tag":[],"class_list":{"0":"post-4700","1":"product","2":"type-product","3":"status-publish","4":"has-post-thumbnail","6":"product_cat-libros","7":"desktop-align-left","8":"tablet-align-left","9":"mobile-align-left","11":"first","12":"instock","13":"shipping-taxable","14":"purchasable","15":"product-type-simple"},"yoast_head":"<!-- This site is optimized with the Yoast SEO plugin v27.4 - https:\/\/yoast.com\/product\/yoast-seo-wordpress\/ -->\n<title>S\u00e9 un l\u00edder modelo - 50 maneras en que los grandes l\u00edderes inspiran resultados - tzionlibreria.com<\/title>\n<meta name=\"robots\" content=\"index, follow, max-snippet:-1, max-image-preview:large, max-video-preview:-1\" \/>\n<link rel=\"canonical\" href=\"https:\/\/tzionlibreria.com\/index.php\/product\/se-un-lider-modelo-50-maneras-en-que-los-grandes-lideres-inspiran-resultados\/\" \/>\n<meta property=\"og:locale\" content=\"es_ES\" \/>\n<meta property=\"og:type\" content=\"article\" \/>\n<meta property=\"og:title\" content=\"S\u00e9 un l\u00edder modelo - 50 maneras en que los grandes l\u00edderes inspiran resultados - tzionlibreria.com\" \/>\n<meta property=\"og:description\" content=\"Encargarse del trabajo de mayor nivel, ya sea como director ejecutivo de una empresa o gerente de un departamento, nunca es f\u00e1cil. Cuando se hace de la forma correcta, resulta en un liderazgo inspirador; pero si se hace del modo contrario, puede llevar al desastre. Para ser eficaces, las personas a cargo deben darle a [&hellip;]\" \/>\n<meta property=\"og:url\" content=\"https:\/\/tzionlibreria.com\/index.php\/product\/se-un-lider-modelo-50-maneras-en-que-los-grandes-lideres-inspiran-resultados\/\" \/>\n<meta property=\"og:site_name\" content=\"tzionlibreria.com\" \/>\n<meta property=\"og:image\" content=\"http:\/\/tzionlibreria.com\/wp-content\/uploads\/2025\/01\/9781602555709.jpg\" \/>\n\t<meta property=\"og:image:width\" content=\"1200\" \/>\n\t<meta property=\"og:image:height\" content=\"1200\" \/>\n\t<meta property=\"og:image:type\" content=\"image\/jpeg\" \/>\n<meta name=\"twitter:card\" content=\"summary_large_image\" \/>\n<meta name=\"twitter:label1\" content=\"Tiempo de lectura\" \/>\n\t<meta name=\"twitter:data1\" content=\"1 minuto\" \/>\n<script type=\"application\/ld+json\" class=\"yoast-schema-graph\">{\"@context\":\"https:\\\/\\\/schema.org\",\"@graph\":[{\"@type\":\"WebPage\",\"@id\":\"https:\\\/\\\/tzionlibreria.com\\\/index.php\\\/product\\\/se-un-lider-modelo-50-maneras-en-que-los-grandes-lideres-inspiran-resultados\\\/\",\"url\":\"https:\\\/\\\/tzionlibreria.com\\\/index.php\\\/product\\\/se-un-lider-modelo-50-maneras-en-que-los-grandes-lideres-inspiran-resultados\\\/\",\"name\":\"S\u00e9 un l\u00edder modelo - 50 maneras en que los grandes l\u00edderes inspiran resultados - tzionlibreria.com\",\"isPartOf\":{\"@id\":\"https:\\\/\\\/tzionlibreria.com\\\/#website\"},\"primaryImageOfPage\":{\"@id\":\"https:\\\/\\\/tzionlibreria.com\\\/index.php\\\/product\\\/se-un-lider-modelo-50-maneras-en-que-los-grandes-lideres-inspiran-resultados\\\/#primaryimage\"},\"image\":{\"@id\":\"https:\\\/\\\/tzionlibreria.com\\\/index.php\\\/product\\\/se-un-lider-modelo-50-maneras-en-que-los-grandes-lideres-inspiran-resultados\\\/#primaryimage\"},\"thumbnailUrl\":\"https:\\\/\\\/tzionlibreria.com\\\/wp-content\\\/uploads\\\/2025\\\/01\\\/9781602555709.jpg\",\"datePublished\":\"2025-01-05T00:35:01+00:00\",\"breadcrumb\":{\"@id\":\"https:\\\/\\\/tzionlibreria.com\\\/index.php\\\/product\\\/se-un-lider-modelo-50-maneras-en-que-los-grandes-lideres-inspiran-resultados\\\/#breadcrumb\"},\"inLanguage\":\"es-CO\",\"potentialAction\":[{\"@type\":\"ReadAction\",\"target\":[\"https:\\\/\\\/tzionlibreria.com\\\/index.php\\\/product\\\/se-un-lider-modelo-50-maneras-en-que-los-grandes-lideres-inspiran-resultados\\\/\"]}]},{\"@type\":\"ImageObject\",\"inLanguage\":\"es-CO\",\"@id\":\"https:\\\/\\\/tzionlibreria.com\\\/index.php\\\/product\\\/se-un-lider-modelo-50-maneras-en-que-los-grandes-lideres-inspiran-resultados\\\/#primaryimage\",\"url\":\"https:\\\/\\\/tzionlibreria.com\\\/wp-content\\\/uploads\\\/2025\\\/01\\\/9781602555709.jpg\",\"contentUrl\":\"https:\\\/\\\/tzionlibreria.com\\\/wp-content\\\/uploads\\\/2025\\\/01\\\/9781602555709.jpg\",\"width\":1200,\"height\":1200},{\"@type\":\"BreadcrumbList\",\"@id\":\"https:\\\/\\\/tzionlibreria.com\\\/index.php\\\/product\\\/se-un-lider-modelo-50-maneras-en-que-los-grandes-lideres-inspiran-resultados\\\/#breadcrumb\",\"itemListElement\":[{\"@type\":\"ListItem\",\"position\":1,\"name\":\"Inicio\",\"item\":\"https:\\\/\\\/tzionlibreria.com\\\/\"},{\"@type\":\"ListItem\",\"position\":2,\"name\":\"Shop\",\"item\":\"https:\\\/\\\/tzionlibreria.com\\\/index.php\\\/shop\\\/\"},{\"@type\":\"ListItem\",\"position\":3,\"name\":\"S\u00e9 un l\u00edder modelo &#8211; 50 maneras en que los grandes l\u00edderes inspiran resultados\"}]},{\"@type\":\"WebSite\",\"@id\":\"https:\\\/\\\/tzionlibreria.com\\\/#website\",\"url\":\"https:\\\/\\\/tzionlibreria.com\\\/\",\"name\":\"tzionlibreria.com\",\"description\":\"Libreria Cristiana Venezuela\",\"publisher\":{\"@id\":\"https:\\\/\\\/tzionlibreria.com\\\/#organization\"},\"potentialAction\":[{\"@type\":\"SearchAction\",\"target\":{\"@type\":\"EntryPoint\",\"urlTemplate\":\"https:\\\/\\\/tzionlibreria.com\\\/?s={search_term_string}\"},\"query-input\":{\"@type\":\"PropertyValueSpecification\",\"valueRequired\":true,\"valueName\":\"search_term_string\"}}],\"inLanguage\":\"es-CO\"},{\"@type\":\"Organization\",\"@id\":\"https:\\\/\\\/tzionlibreria.com\\\/#organization\",\"name\":\"tzionlibreria.com\",\"url\":\"https:\\\/\\\/tzionlibreria.com\\\/\",\"logo\":{\"@type\":\"ImageObject\",\"inLanguage\":\"es-CO\",\"@id\":\"https:\\\/\\\/tzionlibreria.com\\\/#\\\/schema\\\/logo\\\/image\\\/\",\"url\":\"https:\\\/\\\/tzionlibreria.com\\\/wp-content\\\/uploads\\\/2023\\\/10\\\/cropped-Cuadricula-scaled-1.jpg\",\"contentUrl\":\"https:\\\/\\\/tzionlibreria.com\\\/wp-content\\\/uploads\\\/2023\\\/10\\\/cropped-Cuadricula-scaled-1.jpg\",\"width\":2560,\"height\":2560,\"caption\":\"tzionlibreria.com\"},\"image\":{\"@id\":\"https:\\\/\\\/tzionlibreria.com\\\/#\\\/schema\\\/logo\\\/image\\\/\"}}]}<\/script>\n<!-- \/ Yoast SEO plugin. -->","yoast_head_json":{"title":"S\u00e9 un l\u00edder modelo - 50 maneras en que los grandes l\u00edderes inspiran resultados - tzionlibreria.com","robots":{"index":"index","follow":"follow","max-snippet":"max-snippet:-1","max-image-preview":"max-image-preview:large","max-video-preview":"max-video-preview:-1"},"canonical":"https:\/\/tzionlibreria.com\/index.php\/product\/se-un-lider-modelo-50-maneras-en-que-los-grandes-lideres-inspiran-resultados\/","og_locale":"es_ES","og_type":"article","og_title":"S\u00e9 un l\u00edder modelo - 50 maneras en que los grandes l\u00edderes inspiran resultados - tzionlibreria.com","og_description":"Encargarse del trabajo de mayor nivel, ya sea como director ejecutivo de una empresa o gerente de un departamento, nunca es f\u00e1cil. Cuando se hace de la forma correcta, resulta en un liderazgo inspirador; pero si se hace del modo contrario, puede llevar al desastre. Para ser eficaces, las personas a cargo deben darle a [&hellip;]","og_url":"https:\/\/tzionlibreria.com\/index.php\/product\/se-un-lider-modelo-50-maneras-en-que-los-grandes-lideres-inspiran-resultados\/","og_site_name":"tzionlibreria.com","og_image":[{"width":1200,"height":1200,"url":"http:\/\/tzionlibreria.com\/wp-content\/uploads\/2025\/01\/9781602555709.jpg","type":"image\/jpeg"}],"twitter_card":"summary_large_image","twitter_misc":{"Tiempo de lectura":"1 minuto"},"schema":{"@context":"https:\/\/schema.org","@graph":[{"@type":"WebPage","@id":"https:\/\/tzionlibreria.com\/index.php\/product\/se-un-lider-modelo-50-maneras-en-que-los-grandes-lideres-inspiran-resultados\/","url":"https:\/\/tzionlibreria.com\/index.php\/product\/se-un-lider-modelo-50-maneras-en-que-los-grandes-lideres-inspiran-resultados\/","name":"S\u00e9 un l\u00edder modelo - 50 maneras en que los grandes l\u00edderes inspiran resultados - tzionlibreria.com","isPartOf":{"@id":"https:\/\/tzionlibreria.com\/#website"},"primaryImageOfPage":{"@id":"https:\/\/tzionlibreria.com\/index.php\/product\/se-un-lider-modelo-50-maneras-en-que-los-grandes-lideres-inspiran-resultados\/#primaryimage"},"image":{"@id":"https:\/\/tzionlibreria.com\/index.php\/product\/se-un-lider-modelo-50-maneras-en-que-los-grandes-lideres-inspiran-resultados\/#primaryimage"},"thumbnailUrl":"https:\/\/tzionlibreria.com\/wp-content\/uploads\/2025\/01\/9781602555709.jpg","datePublished":"2025-01-05T00:35:01+00:00","breadcrumb":{"@id":"https:\/\/tzionlibreria.com\/index.php\/product\/se-un-lider-modelo-50-maneras-en-que-los-grandes-lideres-inspiran-resultados\/#breadcrumb"},"inLanguage":"es-CO","potentialAction":[{"@type":"ReadAction","target":["https:\/\/tzionlibreria.com\/index.php\/product\/se-un-lider-modelo-50-maneras-en-que-los-grandes-lideres-inspiran-resultados\/"]}]},{"@type":"ImageObject","inLanguage":"es-CO","@id":"https:\/\/tzionlibreria.com\/index.php\/product\/se-un-lider-modelo-50-maneras-en-que-los-grandes-lideres-inspiran-resultados\/#primaryimage","url":"https:\/\/tzionlibreria.com\/wp-content\/uploads\/2025\/01\/9781602555709.jpg","contentUrl":"https:\/\/tzionlibreria.com\/wp-content\/uploads\/2025\/01\/9781602555709.jpg","width":1200,"height":1200},{"@type":"BreadcrumbList","@id":"https:\/\/tzionlibreria.com\/index.php\/product\/se-un-lider-modelo-50-maneras-en-que-los-grandes-lideres-inspiran-resultados\/#breadcrumb","itemListElement":[{"@type":"ListItem","position":1,"name":"Inicio","item":"https:\/\/tzionlibreria.com\/"},{"@type":"ListItem","position":2,"name":"Shop","item":"https:\/\/tzionlibreria.com\/index.php\/shop\/"},{"@type":"ListItem","position":3,"name":"S\u00e9 un l\u00edder modelo &#8211; 50 maneras en que los grandes l\u00edderes inspiran resultados"}]},{"@type":"WebSite","@id":"https:\/\/tzionlibreria.com\/#website","url":"https:\/\/tzionlibreria.com\/","name":"tzionlibreria.com","description":"Libreria Cristiana Venezuela","publisher":{"@id":"https:\/\/tzionlibreria.com\/#organization"},"potentialAction":[{"@type":"SearchAction","target":{"@type":"EntryPoint","urlTemplate":"https:\/\/tzionlibreria.com\/?s={search_term_string}"},"query-input":{"@type":"PropertyValueSpecification","valueRequired":true,"valueName":"search_term_string"}}],"inLanguage":"es-CO"},{"@type":"Organization","@id":"https:\/\/tzionlibreria.com\/#organization","name":"tzionlibreria.com","url":"https:\/\/tzionlibreria.com\/","logo":{"@type":"ImageObject","inLanguage":"es-CO","@id":"https:\/\/tzionlibreria.com\/#\/schema\/logo\/image\/","url":"https:\/\/tzionlibreria.com\/wp-content\/uploads\/2023\/10\/cropped-Cuadricula-scaled-1.jpg","contentUrl":"https:\/\/tzionlibreria.com\/wp-content\/uploads\/2023\/10\/cropped-Cuadricula-scaled-1.jpg","width":2560,"height":2560,"caption":"tzionlibreria.com"},"image":{"@id":"https:\/\/tzionlibreria.com\/#\/schema\/logo\/image\/"}}]}},"jetpack_sharing_enabled":true,"_links":{"self":[{"href":"https:\/\/tzionlibreria.com\/index.php\/wp-json\/wp\/v2\/product\/4700","targetHints":{"allow":["GET"]}}],"collection":[{"href":"https:\/\/tzionlibreria.com\/index.php\/wp-json\/wp\/v2\/product"}],"about":[{"href":"https:\/\/tzionlibreria.com\/index.php\/wp-json\/wp\/v2\/types\/product"}],"replies":[{"embeddable":true,"href":"https:\/\/tzionlibreria.com\/index.php\/wp-json\/wp\/v2\/comments?post=4700"}],"wp:featuredmedia":[{"embeddable":true,"href":"https:\/\/tzionlibreria.com\/index.php\/wp-json\/wp\/v2\/media\/4701"}],"wp:attachment":[{"href":"https:\/\/tzionlibreria.com\/index.php\/wp-json\/wp\/v2\/media?parent=4700"}],"wp:term":[{"taxonomy":"product_brand","embeddable":true,"href":"https:\/\/tzionlibreria.com\/index.php\/wp-json\/wp\/v2\/product_brand?post=4700"},{"taxonomy":"product_cat","embeddable":true,"href":"https:\/\/tzionlibreria.com\/index.php\/wp-json\/wp\/v2\/product_cat?post=4700"},{"taxonomy":"product_tag","embeddable":true,"href":"https:\/\/tzionlibreria.com\/index.php\/wp-json\/wp\/v2\/product_tag?post=4700"}],"curies":[{"name":"wp","href":"https:\/\/api.w.org\/{rel}","templated":true}]}}