{"id":4708,"date":"2025-01-05T00:55:55","date_gmt":"2025-01-05T00:55:55","guid":{"rendered":"https:\/\/tzionlibreria.com\/?post_type=product&#038;p=4708"},"modified":"2025-01-05T00:57:46","modified_gmt":"2025-01-05T00:57:46","slug":"la-vida-de-yiye-avila-un-testimonio-vivo-del-poder-de-dios","status":"publish","type":"product","link":"https:\/\/tzionlibreria.com\/index.php\/product\/la-vida-de-yiye-avila-un-testimonio-vivo-del-poder-de-dios\/","title":{"rendered":"La vida de Yiye \u00c1vila: Un testimonio vivo del poder de Dios"},"content":{"rendered":"<div class=\"ast-oembed-container \" style=\"height: 100%;\"><iframe title=\"\ud83e\uddd0 Leamos un poco sobre la vida de Yiye \u00c1vila, un testimonio vivo del poder de Dios. #yiyeavila\" width=\"500\" height=\"281\" src=\"https:\/\/www.youtube.com\/embed\/5msMyghJx8M?feature=oembed\" frameborder=\"0\" allow=\"accelerometer; autoplay; clipboard-write; encrypted-media; gyroscope; picture-in-picture; web-share\" referrerpolicy=\"strict-origin-when-cross-origin\" allowfullscreen><\/iframe><\/div>\n<p>&nbsp;<\/p>\n<p><strong>Una Vida Que Manifest\u00f3 El Poder De Dios. <\/strong><strong><span class=\"a-text-bold\">Generaciones de cristianos y de no cristianos vivieron y conocen el poder y los milagros de Dios manifestados a trav\u00e9s del inigualable evangelista Yiye \u00c1vila, cuya unci\u00f3n poderosa arrop\u00f3 al mundo.<\/span><\/strong><\/p>\n<p>Sus campa\u00f1as dejaban tras de s\u00ed a millones de vidas tocadas por su ministerio: sorprendentes prodigios instant\u00e1neos, n\u00fameros impactantes de almas convertidas al Se\u00f1or, testimonios poderosos de sanidades f\u00edsicas y emocionales, liberaciones espirituales, y una amplia impartici\u00f3n de avivamiento a las naciones.<\/p>\n<p><span class=\"a-text-italic\">La vida de Yiye \u00c1vila: Un testimonio vivo del poder de Dios<\/span>\u00a0contiene la historia completa que muchos esperaban y el mundo de hoy necesita: estremecedoras historias del poder de Dios, por fin reveladas gracias a fuentes de primera mano, y publicadas por primera vez.<\/p>\n<p>El lector conocer\u00e1 la vida del hombre que se entreg\u00f3 incondicionalmente al servicio de Dios, a trav\u00e9s de quien se manifestaron milagros que marcaron una era en el cristianismo y la fe.<\/p>\n<p>&nbsp;<\/p>\n<h3>Biograf\u00eda del autor<\/h3>\n<div class=\"a-section a-spacing-small a-padding-small\"><span class=\"a-text-bold\">La Dra. Lis Milland<\/span>\u00a0es una consejera, profesora, oradora y pastora que cuenta con una maestr\u00eda en Trabajo Social y un doctorado en Consejer\u00eda. Como terapeuta ha atendido alrededor de 10,000 pacientes con depresi\u00f3n, trastornos de ansiedad y problemas de abuso de sustancias tanto en su natal Puerto Rico como en el extranjero. Adem\u00e1s, es la directora del Centro de Consejer\u00eda Armon\u00eda Integral. Es la autora del superventas\u00a0<span class=\"a-text-italic\">Vive libre, vive feliz<\/span>\u00a0y participa en un segmento radial en la emisora\u00a0<span class=\"a-text-italic\">Nueva Vida<\/span>, 97.7 FM. Est\u00e1 casada con el catedr\u00e1tico Luis Armando Rivera. Reside en San Juan, PR, junto a su esposo y su hijo Adri\u00e1n Emmanuel.<\/div>\n<div><\/div>\n<div><\/div>\n<div>\n<p><strong>ISBN<\/strong>: 9781955682466<\/p>\n<p><strong>Editorial<\/strong>: Casa Creaci\u00f3n<\/p>\n<p><strong>Cubierta<\/strong>: Tapa Blanda<\/p>\n<p><strong>N\u00famero de p\u00e1ginas<\/strong>: 224<\/p>\n<p><strong>Idioma<\/strong>: Espa\u00f1ol<\/p>\n<\/div>\n","protected":false},"excerpt":{"rendered":"<p>&nbsp; Una Vida Que Manifest\u00f3 El Poder De Dios. Generaciones de cristianos y de no cristianos vivieron y conocen el poder y los milagros de Dios manifestados a trav\u00e9s del inigualable evangelista Yiye \u00c1vila, cuya unci\u00f3n poderosa arrop\u00f3 al mundo. Sus campa\u00f1as dejaban tras de s\u00ed a millones de vidas tocadas por su ministerio: sorprendentes [&hellip;]<\/p>\n","protected":false},"featured_media":4709,"comment_status":"open","ping_status":"closed","template":"","meta":{"om_disable_all_campaigns":false,"_monsterinsights_skip_tracking":false,"_monsterinsights_sitenote_active":false,"_monsterinsights_sitenote_note":"","_monsterinsights_sitenote_category":0,"site-sidebar-layout":"default","site-content-layout":"","ast-site-content-layout":"default","site-content-style":"default","site-sidebar-style":"default","ast-global-header-display":"","ast-banner-title-visibility":"","ast-main-header-display":"","ast-hfb-above-header-display":"","ast-hfb-below-header-display":"","ast-hfb-mobile-header-display":"","site-post-title":"","ast-breadcrumbs-content":"","ast-featured-img":"","footer-sml-layout":"","ast-disable-related-posts":"","theme-transparent-header-meta":"default","adv-header-id-meta":"","stick-header-meta":"","header-above-stick-meta":"","header-main-stick-meta":"","header-below-stick-meta":"","astra-migrate-meta-layouts":"set","ast-page-background-enabled":"default","ast-page-background-meta":{"desktop":{"background-color":"var(--ast-global-color-4)","background-image":"","background-repeat":"repeat","background-position":"center center","background-size":"auto","background-attachment":"scroll","background-type":"","background-media":"","overlay-type":"","overlay-color":"","overlay-opacity":"","overlay-gradient":""},"tablet":{"background-color":"","background-image":"","background-repeat":"repeat","background-position":"center center","background-size":"auto","background-attachment":"scroll","background-type":"","background-media":"","overlay-type":"","overlay-color":"","overlay-opacity":"","overlay-gradient":""},"mobile":{"background-color":"","background-image":"","background-repeat":"repeat","background-position":"center center","background-size":"auto","background-attachment":"scroll","background-type":"","background-media":"","overlay-type":"","overlay-color":"","overlay-opacity":"","overlay-gradient":""}},"ast-content-background-meta":{"desktop":{"background-color":"var(--ast-global-color-5)","background-image":"","background-repeat":"repeat","background-position":"center center","background-size":"auto","background-attachment":"scroll","background-type":"","background-media":"","overlay-type":"","overlay-color":"","overlay-opacity":"","overlay-gradient":""},"tablet":{"background-color":"var(--ast-global-color-5)","background-image":"","background-repeat":"repeat","background-position":"center center","background-size":"auto","background-attachment":"scroll","background-type":"","background-media":"","overlay-type":"","overlay-color":"","overlay-opacity":"","overlay-gradient":""},"mobile":{"background-color":"var(--ast-global-color-5)","background-image":"","background-repeat":"repeat","background-position":"center center","background-size":"auto","background-attachment":"scroll","background-type":"","background-media":"","overlay-type":"","overlay-color":"","overlay-opacity":"","overlay-gradient":""}}},"product_brand":[],"product_cat":[174,23],"product_tag":[211],"class_list":{"0":"post-4708","1":"product","2":"type-product","3":"status-publish","4":"has-post-thumbnail","6":"product_cat-iglesia","7":"product_cat-libros","8":"product_tag-yiye-avila","9":"desktop-align-left","10":"tablet-align-left","11":"mobile-align-left","13":"first","14":"instock","15":"shipping-taxable","16":"purchasable","17":"product-type-simple"},"yoast_head":"<!-- This site is optimized with the Yoast SEO plugin v27.3 - https:\/\/yoast.com\/product\/yoast-seo-wordpress\/ -->\n<title>La vida de Yiye \u00c1vila: Un testimonio vivo del poder de Dios - tzionlibreria.com<\/title>\n<meta name=\"description\" content=\"Conocer\u00e1 la vida del hombre que se entreg\u00f3 incondicionalmente al servicio de Dios, a trav\u00e9s de quien se manifestaron milagros que marcaron el cristianismo.\" \/>\n<meta name=\"robots\" content=\"index, follow, max-snippet:-1, max-image-preview:large, max-video-preview:-1\" \/>\n<link rel=\"canonical\" href=\"https:\/\/tzionlibreria.com\/index.php\/product\/la-vida-de-yiye-avila-un-testimonio-vivo-del-poder-de-dios\/\" \/>\n<meta property=\"og:locale\" content=\"es_ES\" \/>\n<meta property=\"og:type\" content=\"article\" \/>\n<meta property=\"og:title\" content=\"La vida de Yiye \u00c1vila: Un testimonio vivo del poder de Dios - tzionlibreria.com\" \/>\n<meta property=\"og:description\" content=\"Conocer\u00e1 la vida del hombre que se entreg\u00f3 incondicionalmente al servicio de Dios, a trav\u00e9s de quien se manifestaron milagros que marcaron el cristianismo.\" \/>\n<meta property=\"og:url\" content=\"https:\/\/tzionlibreria.com\/index.php\/product\/la-vida-de-yiye-avila-un-testimonio-vivo-del-poder-de-dios\/\" \/>\n<meta property=\"og:site_name\" content=\"tzionlibreria.com\" \/>\n<meta property=\"article:modified_time\" content=\"2025-01-05T00:57:46+00:00\" \/>\n<meta property=\"og:image\" content=\"http:\/\/tzionlibreria.com\/wp-content\/uploads\/2025\/01\/16.png\" \/>\n\t<meta property=\"og:image:width\" content=\"1080\" \/>\n\t<meta property=\"og:image:height\" content=\"1080\" \/>\n\t<meta property=\"og:image:type\" content=\"image\/png\" \/>\n<meta name=\"twitter:card\" content=\"summary_large_image\" \/>\n<meta name=\"twitter:label1\" content=\"Tiempo de lectura\" \/>\n\t<meta name=\"twitter:data1\" content=\"2 minutos\" \/>\n<script type=\"application\/ld+json\" class=\"yoast-schema-graph\">{\"@context\":\"https:\\\/\\\/schema.org\",\"@graph\":[{\"@type\":\"WebPage\",\"@id\":\"https:\\\/\\\/tzionlibreria.com\\\/index.php\\\/product\\\/la-vida-de-yiye-avila-un-testimonio-vivo-del-poder-de-dios\\\/\",\"url\":\"https:\\\/\\\/tzionlibreria.com\\\/index.php\\\/product\\\/la-vida-de-yiye-avila-un-testimonio-vivo-del-poder-de-dios\\\/\",\"name\":\"La vida de Yiye \u00c1vila: Un testimonio vivo del poder de Dios - tzionlibreria.com\",\"isPartOf\":{\"@id\":\"https:\\\/\\\/tzionlibreria.com\\\/#website\"},\"primaryImageOfPage\":{\"@id\":\"https:\\\/\\\/tzionlibreria.com\\\/index.php\\\/product\\\/la-vida-de-yiye-avila-un-testimonio-vivo-del-poder-de-dios\\\/#primaryimage\"},\"image\":{\"@id\":\"https:\\\/\\\/tzionlibreria.com\\\/index.php\\\/product\\\/la-vida-de-yiye-avila-un-testimonio-vivo-del-poder-de-dios\\\/#primaryimage\"},\"thumbnailUrl\":\"https:\\\/\\\/tzionlibreria.com\\\/wp-content\\\/uploads\\\/2025\\\/01\\\/16.png\",\"datePublished\":\"2025-01-05T00:55:55+00:00\",\"dateModified\":\"2025-01-05T00:57:46+00:00\",\"description\":\"Conocer\u00e1 la vida del hombre que se entreg\u00f3 incondicionalmente al servicio de Dios, a trav\u00e9s de quien se manifestaron milagros que marcaron el cristianismo.\",\"breadcrumb\":{\"@id\":\"https:\\\/\\\/tzionlibreria.com\\\/index.php\\\/product\\\/la-vida-de-yiye-avila-un-testimonio-vivo-del-poder-de-dios\\\/#breadcrumb\"},\"inLanguage\":\"es-CO\",\"potentialAction\":[{\"@type\":\"ReadAction\",\"target\":[\"https:\\\/\\\/tzionlibreria.com\\\/index.php\\\/product\\\/la-vida-de-yiye-avila-un-testimonio-vivo-del-poder-de-dios\\\/\"]}]},{\"@type\":\"ImageObject\",\"inLanguage\":\"es-CO\",\"@id\":\"https:\\\/\\\/tzionlibreria.com\\\/index.php\\\/product\\\/la-vida-de-yiye-avila-un-testimonio-vivo-del-poder-de-dios\\\/#primaryimage\",\"url\":\"https:\\\/\\\/tzionlibreria.com\\\/wp-content\\\/uploads\\\/2025\\\/01\\\/16.png\",\"contentUrl\":\"https:\\\/\\\/tzionlibreria.com\\\/wp-content\\\/uploads\\\/2025\\\/01\\\/16.png\",\"width\":1080,\"height\":1080},{\"@type\":\"BreadcrumbList\",\"@id\":\"https:\\\/\\\/tzionlibreria.com\\\/index.php\\\/product\\\/la-vida-de-yiye-avila-un-testimonio-vivo-del-poder-de-dios\\\/#breadcrumb\",\"itemListElement\":[{\"@type\":\"ListItem\",\"position\":1,\"name\":\"Inicio\",\"item\":\"https:\\\/\\\/tzionlibreria.com\\\/\"},{\"@type\":\"ListItem\",\"position\":2,\"name\":\"Shop\",\"item\":\"https:\\\/\\\/tzionlibreria.com\\\/index.php\\\/shop\\\/\"},{\"@type\":\"ListItem\",\"position\":3,\"name\":\"La vida de Yiye \u00c1vila: Un testimonio vivo del poder de Dios\"}]},{\"@type\":\"WebSite\",\"@id\":\"https:\\\/\\\/tzionlibreria.com\\\/#website\",\"url\":\"https:\\\/\\\/tzionlibreria.com\\\/\",\"name\":\"tzionlibreria.com\",\"description\":\"Libreria Cristiana Venezuela\",\"publisher\":{\"@id\":\"https:\\\/\\\/tzionlibreria.com\\\/#organization\"},\"potentialAction\":[{\"@type\":\"SearchAction\",\"target\":{\"@type\":\"EntryPoint\",\"urlTemplate\":\"https:\\\/\\\/tzionlibreria.com\\\/?s={search_term_string}\"},\"query-input\":{\"@type\":\"PropertyValueSpecification\",\"valueRequired\":true,\"valueName\":\"search_term_string\"}}],\"inLanguage\":\"es-CO\"},{\"@type\":\"Organization\",\"@id\":\"https:\\\/\\\/tzionlibreria.com\\\/#organization\",\"name\":\"tzionlibreria.com\",\"url\":\"https:\\\/\\\/tzionlibreria.com\\\/\",\"logo\":{\"@type\":\"ImageObject\",\"inLanguage\":\"es-CO\",\"@id\":\"https:\\\/\\\/tzionlibreria.com\\\/#\\\/schema\\\/logo\\\/image\\\/\",\"url\":\"https:\\\/\\\/tzionlibreria.com\\\/wp-content\\\/uploads\\\/2023\\\/10\\\/cropped-Cuadricula-scaled-1.jpg\",\"contentUrl\":\"https:\\\/\\\/tzionlibreria.com\\\/wp-content\\\/uploads\\\/2023\\\/10\\\/cropped-Cuadricula-scaled-1.jpg\",\"width\":2560,\"height\":2560,\"caption\":\"tzionlibreria.com\"},\"image\":{\"@id\":\"https:\\\/\\\/tzionlibreria.com\\\/#\\\/schema\\\/logo\\\/image\\\/\"}}]}<\/script>\n<!-- \/ Yoast SEO plugin. -->","yoast_head_json":{"title":"La vida de Yiye \u00c1vila: Un testimonio vivo del poder de Dios - tzionlibreria.com","description":"Conocer\u00e1 la vida del hombre que se entreg\u00f3 incondicionalmente al servicio de Dios, a trav\u00e9s de quien se manifestaron milagros que marcaron el cristianismo.","robots":{"index":"index","follow":"follow","max-snippet":"max-snippet:-1","max-image-preview":"max-image-preview:large","max-video-preview":"max-video-preview:-1"},"canonical":"https:\/\/tzionlibreria.com\/index.php\/product\/la-vida-de-yiye-avila-un-testimonio-vivo-del-poder-de-dios\/","og_locale":"es_ES","og_type":"article","og_title":"La vida de Yiye \u00c1vila: Un testimonio vivo del poder de Dios - tzionlibreria.com","og_description":"Conocer\u00e1 la vida del hombre que se entreg\u00f3 incondicionalmente al servicio de Dios, a trav\u00e9s de quien se manifestaron milagros que marcaron el cristianismo.","og_url":"https:\/\/tzionlibreria.com\/index.php\/product\/la-vida-de-yiye-avila-un-testimonio-vivo-del-poder-de-dios\/","og_site_name":"tzionlibreria.com","article_modified_time":"2025-01-05T00:57:46+00:00","og_image":[{"width":1080,"height":1080,"url":"http:\/\/tzionlibreria.com\/wp-content\/uploads\/2025\/01\/16.png","type":"image\/png"}],"twitter_card":"summary_large_image","twitter_misc":{"Tiempo de lectura":"2 minutos"},"schema":{"@context":"https:\/\/schema.org","@graph":[{"@type":"WebPage","@id":"https:\/\/tzionlibreria.com\/index.php\/product\/la-vida-de-yiye-avila-un-testimonio-vivo-del-poder-de-dios\/","url":"https:\/\/tzionlibreria.com\/index.php\/product\/la-vida-de-yiye-avila-un-testimonio-vivo-del-poder-de-dios\/","name":"La vida de Yiye \u00c1vila: Un testimonio vivo del poder de Dios - tzionlibreria.com","isPartOf":{"@id":"https:\/\/tzionlibreria.com\/#website"},"primaryImageOfPage":{"@id":"https:\/\/tzionlibreria.com\/index.php\/product\/la-vida-de-yiye-avila-un-testimonio-vivo-del-poder-de-dios\/#primaryimage"},"image":{"@id":"https:\/\/tzionlibreria.com\/index.php\/product\/la-vida-de-yiye-avila-un-testimonio-vivo-del-poder-de-dios\/#primaryimage"},"thumbnailUrl":"https:\/\/tzionlibreria.com\/wp-content\/uploads\/2025\/01\/16.png","datePublished":"2025-01-05T00:55:55+00:00","dateModified":"2025-01-05T00:57:46+00:00","description":"Conocer\u00e1 la vida del hombre que se entreg\u00f3 incondicionalmente al servicio de Dios, a trav\u00e9s de quien se manifestaron milagros que marcaron el cristianismo.","breadcrumb":{"@id":"https:\/\/tzionlibreria.com\/index.php\/product\/la-vida-de-yiye-avila-un-testimonio-vivo-del-poder-de-dios\/#breadcrumb"},"inLanguage":"es-CO","potentialAction":[{"@type":"ReadAction","target":["https:\/\/tzionlibreria.com\/index.php\/product\/la-vida-de-yiye-avila-un-testimonio-vivo-del-poder-de-dios\/"]}]},{"@type":"ImageObject","inLanguage":"es-CO","@id":"https:\/\/tzionlibreria.com\/index.php\/product\/la-vida-de-yiye-avila-un-testimonio-vivo-del-poder-de-dios\/#primaryimage","url":"https:\/\/tzionlibreria.com\/wp-content\/uploads\/2025\/01\/16.png","contentUrl":"https:\/\/tzionlibreria.com\/wp-content\/uploads\/2025\/01\/16.png","width":1080,"height":1080},{"@type":"BreadcrumbList","@id":"https:\/\/tzionlibreria.com\/index.php\/product\/la-vida-de-yiye-avila-un-testimonio-vivo-del-poder-de-dios\/#breadcrumb","itemListElement":[{"@type":"ListItem","position":1,"name":"Inicio","item":"https:\/\/tzionlibreria.com\/"},{"@type":"ListItem","position":2,"name":"Shop","item":"https:\/\/tzionlibreria.com\/index.php\/shop\/"},{"@type":"ListItem","position":3,"name":"La vida de Yiye \u00c1vila: Un testimonio vivo del poder de Dios"}]},{"@type":"WebSite","@id":"https:\/\/tzionlibreria.com\/#website","url":"https:\/\/tzionlibreria.com\/","name":"tzionlibreria.com","description":"Libreria Cristiana Venezuela","publisher":{"@id":"https:\/\/tzionlibreria.com\/#organization"},"potentialAction":[{"@type":"SearchAction","target":{"@type":"EntryPoint","urlTemplate":"https:\/\/tzionlibreria.com\/?s={search_term_string}"},"query-input":{"@type":"PropertyValueSpecification","valueRequired":true,"valueName":"search_term_string"}}],"inLanguage":"es-CO"},{"@type":"Organization","@id":"https:\/\/tzionlibreria.com\/#organization","name":"tzionlibreria.com","url":"https:\/\/tzionlibreria.com\/","logo":{"@type":"ImageObject","inLanguage":"es-CO","@id":"https:\/\/tzionlibreria.com\/#\/schema\/logo\/image\/","url":"https:\/\/tzionlibreria.com\/wp-content\/uploads\/2023\/10\/cropped-Cuadricula-scaled-1.jpg","contentUrl":"https:\/\/tzionlibreria.com\/wp-content\/uploads\/2023\/10\/cropped-Cuadricula-scaled-1.jpg","width":2560,"height":2560,"caption":"tzionlibreria.com"},"image":{"@id":"https:\/\/tzionlibreria.com\/#\/schema\/logo\/image\/"}}]}},"jetpack_sharing_enabled":true,"_links":{"self":[{"href":"https:\/\/tzionlibreria.com\/index.php\/wp-json\/wp\/v2\/product\/4708","targetHints":{"allow":["GET"]}}],"collection":[{"href":"https:\/\/tzionlibreria.com\/index.php\/wp-json\/wp\/v2\/product"}],"about":[{"href":"https:\/\/tzionlibreria.com\/index.php\/wp-json\/wp\/v2\/types\/product"}],"replies":[{"embeddable":true,"href":"https:\/\/tzionlibreria.com\/index.php\/wp-json\/wp\/v2\/comments?post=4708"}],"wp:featuredmedia":[{"embeddable":true,"href":"https:\/\/tzionlibreria.com\/index.php\/wp-json\/wp\/v2\/media\/4709"}],"wp:attachment":[{"href":"https:\/\/tzionlibreria.com\/index.php\/wp-json\/wp\/v2\/media?parent=4708"}],"wp:term":[{"taxonomy":"product_brand","embeddable":true,"href":"https:\/\/tzionlibreria.com\/index.php\/wp-json\/wp\/v2\/product_brand?post=4708"},{"taxonomy":"product_cat","embeddable":true,"href":"https:\/\/tzionlibreria.com\/index.php\/wp-json\/wp\/v2\/product_cat?post=4708"},{"taxonomy":"product_tag","embeddable":true,"href":"https:\/\/tzionlibreria.com\/index.php\/wp-json\/wp\/v2\/product_tag?post=4708"}],"curies":[{"name":"wp","href":"https:\/\/api.w.org\/{rel}","templated":true}]}}