{"id":4711,"date":"2025-01-05T00:44:12","date_gmt":"2025-01-05T00:44:12","guid":{"rendered":"https:\/\/tzionlibreria.com\/?post_type=product&#038;p=4711"},"modified":"2025-01-05T00:44:12","modified_gmt":"2025-01-05T00:44:12","slug":"habilidades-de-comunicacion-hablada-asertividad-persuasion-alto-impacto-sonia-gonzalez-boysen","status":"publish","type":"product","link":"https:\/\/tzionlibreria.com\/index.php\/product\/habilidades-de-comunicacion-hablada-asertividad-persuasion-alto-impacto-sonia-gonzalez-boysen\/","title":{"rendered":"Habilidades de comunicaci\u00f3n (hablada): Asertividad + persuasi\u00f3n + alto impacto &#8211; Sonia Gonz\u00e1lez Boysen"},"content":{"rendered":"<div id=\"bookDescription_feature_div\" class=\"celwidget\" data-feature-name=\"bookDescription\" data-csa-c-type=\"widget\" data-csa-c-content-id=\"bookDescription\" data-csa-c-slot-id=\"bookDescription_feature_div\" data-csa-c-asin=\"1602553750\" data-csa-c-is-in-initial-active-row=\"false\" data-csa-c-id=\"ucy4uw-y43ixm-pzybfv-jxtozm\" data-cel-widget=\"bookDescription_feature_div\">\n<div class=\"a-expander-collapsed-height a-row a-expander-container a-spacing-base a-expander-partial-collapse-container\" data-a-expander-name=\"book_description_expander\" data-a-expander-collapsed-height=\"280\">\n<div class=\"a-expander-content a-expander-partial-collapse-content\" data-expanded=\"false\">Vale m\u00e1s saber poco pero decirlo bien, que sabermucho y no tener idea de comunicarlo.<br \/>\nPara un liderazgo m\u00e1s asertivo y de alto impacto, hay queempoderar a los profesionales en la competencia de la comunicaci\u00f3n. Empoderaral funcionario en la asertividad de su comunicaci\u00f3n lleva a la empresa a unmayor nivel de impacto en la rentabilidad de su negocio. Durante quince a\u00f1oscomo consultora de empresas del sector financiero y de multinacionales, SoniaGonz\u00e1lez ha desarrollado una metodolog\u00eda muy pr\u00e1ctica para lograr la claridad,fluidez y concreci\u00f3n de la forma de comunicarse de los profesionales.<\/p>\n<p>Estelibro, n\u00famero dos de la serie Comunicaci\u00f3ninteligente, ofrece unametodolog\u00eda pr\u00e1ctica, de comprobados resultados, que permite corregir las debilidadescomunes de los l\u00edderes en sus presentaciones. Con claves sencillas y aplicables,se efectuar\u00e1 un cambio extremo a la comunicaci\u00f3n hablada, tanto en el fondo dequ\u00e9 se dice como en la forma de c\u00f3mo se lo dice.<\/p><\/div>\n<\/div>\n<\/div>\n<div id=\"globalStoreInfoBullets_feature_div\" class=\"celwidget\" data-feature-name=\"globalStoreInfoBullets\" data-csa-c-type=\"widget\" data-csa-c-content-id=\"globalStoreInfoBullets\" data-csa-c-slot-id=\"globalStoreInfoBullets_feature_div\" data-csa-c-asin=\"1602553750\" data-csa-c-is-in-initial-active-row=\"false\" data-csa-c-id=\"7lsvlp-3m4aqm-cfhmz0-4d421q\" data-cel-widget=\"globalStoreInfoBullets_feature_div\"><\/div>\n<div id=\"buyingOptionNostosBadge_feature_div\" class=\"celwidget\" data-feature-name=\"buyingOptionNostosBadge\" data-csa-c-type=\"widget\" data-csa-c-content-id=\"buyingOptionNostosBadge\" data-csa-c-slot-id=\"buyingOptionNostosBadge_feature_div\" data-csa-c-asin=\"1602553750\" data-csa-c-is-in-initial-active-row=\"false\" data-csa-c-id=\"7jxxte-8f02l3-5wcobk-q7p36c\" data-cel-widget=\"buyingOptionNostosBadge_feature_div\"><\/div>\n<div id=\"tellAmazon_feature_div\" class=\"celwidget\" data-feature-name=\"tellAmazon\" data-csa-c-type=\"widget\" data-csa-c-content-id=\"tellAmazon\" data-csa-c-slot-id=\"tellAmazon_feature_div\" data-csa-c-asin=\"1602553750\" data-csa-c-is-in-initial-active-row=\"false\" data-csa-c-id=\"wsefll-hxq30z-3r0423-dw3vnk\" data-cel-widget=\"tellAmazon_feature_div\">\n<div class=\"celwidget c-f\" data-csa-op-log-render=\"\" data-csa-c-content-id=\"DsUnknown\" data-csa-c-slot-id=\"DsUnknown-4\" data-csa-c-type=\"widget\" data-csa-c-painter=\"tell-amazon-desktop-cards\" data-csa-c-id=\"15knsp-xza3rs-enugdm-57qx14\" data-cel-widget=\"tell-amazon-desktop_DetailPage_3\">\n<div id=\"CardInstanceoXqQDwF4yZx76ztyAN4tpA\" data-card-metrics-id=\"tell-amazon-desktop_DetailPage_3\" data-acp-tracking=\"{}\" data-mix-claimed=\"true\">\n<div class=\"_tell-amazon-desktop_style_tell_amazon_div__1YDZk\" data-asin=\"1602553750\" data-marketplace=\"A1AM78C64UM0Y8\" data-logged-in=\"false\"><\/div>\n<\/div>\n<\/div>\n<\/div>\n","protected":false},"excerpt":{"rendered":"<p>Vale m\u00e1s saber poco pero decirlo bien, que sabermucho y no tener idea de comunicarlo. Para un liderazgo m\u00e1s asertivo y de alto impacto, hay queempoderar a los profesionales en la competencia de la comunicaci\u00f3n. Empoderaral funcionario en la asertividad de su comunicaci\u00f3n lleva a la empresa a unmayor nivel de impacto en la rentabilidad [&hellip;]<\/p>\n","protected":false},"featured_media":4712,"comment_status":"open","ping_status":"closed","template":"","meta":{"om_disable_all_campaigns":false,"_monsterinsights_skip_tracking":false,"_monsterinsights_sitenote_active":false,"_monsterinsights_sitenote_note":"","_monsterinsights_sitenote_category":0,"site-sidebar-layout":"default","site-content-layout":"","ast-site-content-layout":"default","site-content-style":"default","site-sidebar-style":"default","ast-global-header-display":"","ast-banner-title-visibility":"","ast-main-header-display":"","ast-hfb-above-header-display":"","ast-hfb-below-header-display":"","ast-hfb-mobile-header-display":"","site-post-title":"","ast-breadcrumbs-content":"","ast-featured-img":"","footer-sml-layout":"","ast-disable-related-posts":"","theme-transparent-header-meta":"default","adv-header-id-meta":"","stick-header-meta":"","header-above-stick-meta":"","header-main-stick-meta":"","header-below-stick-meta":"","astra-migrate-meta-layouts":"set","ast-page-background-enabled":"default","ast-page-background-meta":{"desktop":{"background-color":"var(--ast-global-color-4)","background-image":"","background-repeat":"repeat","background-position":"center center","background-size":"auto","background-attachment":"scroll","background-type":"","background-media":"","overlay-type":"","overlay-color":"","overlay-opacity":"","overlay-gradient":""},"tablet":{"background-color":"","background-image":"","background-repeat":"repeat","background-position":"center center","background-size":"auto","background-attachment":"scroll","background-type":"","background-media":"","overlay-type":"","overlay-color":"","overlay-opacity":"","overlay-gradient":""},"mobile":{"background-color":"","background-image":"","background-repeat":"repeat","background-position":"center center","background-size":"auto","background-attachment":"scroll","background-type":"","background-media":"","overlay-type":"","overlay-color":"","overlay-opacity":"","overlay-gradient":""}},"ast-content-background-meta":{"desktop":{"background-color":"var(--ast-global-color-5)","background-image":"","background-repeat":"repeat","background-position":"center center","background-size":"auto","background-attachment":"scroll","background-type":"","background-media":"","overlay-type":"","overlay-color":"","overlay-opacity":"","overlay-gradient":""},"tablet":{"background-color":"var(--ast-global-color-5)","background-image":"","background-repeat":"repeat","background-position":"center center","background-size":"auto","background-attachment":"scroll","background-type":"","background-media":"","overlay-type":"","overlay-color":"","overlay-opacity":"","overlay-gradient":""},"mobile":{"background-color":"var(--ast-global-color-5)","background-image":"","background-repeat":"repeat","background-position":"center center","background-size":"auto","background-attachment":"scroll","background-type":"","background-media":"","overlay-type":"","overlay-color":"","overlay-opacity":"","overlay-gradient":""}}},"product_brand":[],"product_cat":[23],"product_tag":[],"class_list":{"0":"post-4711","1":"product","2":"type-product","3":"status-publish","4":"has-post-thumbnail","6":"product_cat-libros","7":"desktop-align-left","8":"tablet-align-left","9":"mobile-align-left","11":"first","12":"instock","13":"shipping-taxable","14":"purchasable","15":"product-type-simple"},"yoast_head":"<!-- This site is optimized with the Yoast SEO plugin v27.4 - https:\/\/yoast.com\/product\/yoast-seo-wordpress\/ -->\n<title>Habilidades de comunicaci\u00f3n (hablada): Asertividad + persuasi\u00f3n + alto impacto - Sonia Gonz\u00e1lez Boysen - tzionlibreria.com<\/title>\n<meta name=\"robots\" content=\"index, follow, max-snippet:-1, max-image-preview:large, max-video-preview:-1\" \/>\n<link rel=\"canonical\" href=\"https:\/\/tzionlibreria.com\/index.php\/product\/habilidades-de-comunicacion-hablada-asertividad-persuasion-alto-impacto-sonia-gonzalez-boysen\/\" \/>\n<meta property=\"og:locale\" content=\"es_ES\" \/>\n<meta property=\"og:type\" content=\"article\" \/>\n<meta property=\"og:title\" content=\"Habilidades de comunicaci\u00f3n (hablada): Asertividad + persuasi\u00f3n + alto impacto - Sonia Gonz\u00e1lez Boysen - tzionlibreria.com\" \/>\n<meta property=\"og:description\" content=\"Vale m\u00e1s saber poco pero decirlo bien, que sabermucho y no tener idea de comunicarlo. Para un liderazgo m\u00e1s asertivo y de alto impacto, hay queempoderar a los profesionales en la competencia de la comunicaci\u00f3n. Empoderaral funcionario en la asertividad de su comunicaci\u00f3n lleva a la empresa a unmayor nivel de impacto en la rentabilidad [&hellip;]\" \/>\n<meta property=\"og:url\" content=\"https:\/\/tzionlibreria.com\/index.php\/product\/habilidades-de-comunicacion-hablada-asertividad-persuasion-alto-impacto-sonia-gonzalez-boysen\/\" \/>\n<meta property=\"og:site_name\" content=\"tzionlibreria.com\" \/>\n<meta property=\"og:image\" content=\"http:\/\/tzionlibreria.com\/wp-content\/uploads\/2025\/01\/9781602553750.jpg\" \/>\n\t<meta property=\"og:image:width\" content=\"1200\" \/>\n\t<meta property=\"og:image:height\" content=\"1200\" \/>\n\t<meta property=\"og:image:type\" content=\"image\/jpeg\" \/>\n<meta name=\"twitter:card\" content=\"summary_large_image\" \/>\n<meta name=\"twitter:label1\" content=\"Tiempo de lectura\" \/>\n\t<meta name=\"twitter:data1\" content=\"1 minuto\" \/>\n<script type=\"application\/ld+json\" class=\"yoast-schema-graph\">{\"@context\":\"https:\\\/\\\/schema.org\",\"@graph\":[{\"@type\":\"WebPage\",\"@id\":\"https:\\\/\\\/tzionlibreria.com\\\/index.php\\\/product\\\/habilidades-de-comunicacion-hablada-asertividad-persuasion-alto-impacto-sonia-gonzalez-boysen\\\/\",\"url\":\"https:\\\/\\\/tzionlibreria.com\\\/index.php\\\/product\\\/habilidades-de-comunicacion-hablada-asertividad-persuasion-alto-impacto-sonia-gonzalez-boysen\\\/\",\"name\":\"Habilidades de comunicaci\u00f3n (hablada): Asertividad + persuasi\u00f3n + alto impacto - Sonia Gonz\u00e1lez Boysen - tzionlibreria.com\",\"isPartOf\":{\"@id\":\"https:\\\/\\\/tzionlibreria.com\\\/#website\"},\"primaryImageOfPage\":{\"@id\":\"https:\\\/\\\/tzionlibreria.com\\\/index.php\\\/product\\\/habilidades-de-comunicacion-hablada-asertividad-persuasion-alto-impacto-sonia-gonzalez-boysen\\\/#primaryimage\"},\"image\":{\"@id\":\"https:\\\/\\\/tzionlibreria.com\\\/index.php\\\/product\\\/habilidades-de-comunicacion-hablada-asertividad-persuasion-alto-impacto-sonia-gonzalez-boysen\\\/#primaryimage\"},\"thumbnailUrl\":\"https:\\\/\\\/tzionlibreria.com\\\/wp-content\\\/uploads\\\/2025\\\/01\\\/9781602553750.jpg\",\"datePublished\":\"2025-01-05T00:44:12+00:00\",\"breadcrumb\":{\"@id\":\"https:\\\/\\\/tzionlibreria.com\\\/index.php\\\/product\\\/habilidades-de-comunicacion-hablada-asertividad-persuasion-alto-impacto-sonia-gonzalez-boysen\\\/#breadcrumb\"},\"inLanguage\":\"es-CO\",\"potentialAction\":[{\"@type\":\"ReadAction\",\"target\":[\"https:\\\/\\\/tzionlibreria.com\\\/index.php\\\/product\\\/habilidades-de-comunicacion-hablada-asertividad-persuasion-alto-impacto-sonia-gonzalez-boysen\\\/\"]}]},{\"@type\":\"ImageObject\",\"inLanguage\":\"es-CO\",\"@id\":\"https:\\\/\\\/tzionlibreria.com\\\/index.php\\\/product\\\/habilidades-de-comunicacion-hablada-asertividad-persuasion-alto-impacto-sonia-gonzalez-boysen\\\/#primaryimage\",\"url\":\"https:\\\/\\\/tzionlibreria.com\\\/wp-content\\\/uploads\\\/2025\\\/01\\\/9781602553750.jpg\",\"contentUrl\":\"https:\\\/\\\/tzionlibreria.com\\\/wp-content\\\/uploads\\\/2025\\\/01\\\/9781602553750.jpg\",\"width\":1200,\"height\":1200},{\"@type\":\"BreadcrumbList\",\"@id\":\"https:\\\/\\\/tzionlibreria.com\\\/index.php\\\/product\\\/habilidades-de-comunicacion-hablada-asertividad-persuasion-alto-impacto-sonia-gonzalez-boysen\\\/#breadcrumb\",\"itemListElement\":[{\"@type\":\"ListItem\",\"position\":1,\"name\":\"Inicio\",\"item\":\"https:\\\/\\\/tzionlibreria.com\\\/\"},{\"@type\":\"ListItem\",\"position\":2,\"name\":\"Shop\",\"item\":\"https:\\\/\\\/tzionlibreria.com\\\/index.php\\\/shop\\\/\"},{\"@type\":\"ListItem\",\"position\":3,\"name\":\"Habilidades de comunicaci\u00f3n (hablada): Asertividad + persuasi\u00f3n + alto impacto &#8211; Sonia Gonz\u00e1lez Boysen\"}]},{\"@type\":\"WebSite\",\"@id\":\"https:\\\/\\\/tzionlibreria.com\\\/#website\",\"url\":\"https:\\\/\\\/tzionlibreria.com\\\/\",\"name\":\"tzionlibreria.com\",\"description\":\"Libreria Cristiana Venezuela\",\"publisher\":{\"@id\":\"https:\\\/\\\/tzionlibreria.com\\\/#organization\"},\"potentialAction\":[{\"@type\":\"SearchAction\",\"target\":{\"@type\":\"EntryPoint\",\"urlTemplate\":\"https:\\\/\\\/tzionlibreria.com\\\/?s={search_term_string}\"},\"query-input\":{\"@type\":\"PropertyValueSpecification\",\"valueRequired\":true,\"valueName\":\"search_term_string\"}}],\"inLanguage\":\"es-CO\"},{\"@type\":\"Organization\",\"@id\":\"https:\\\/\\\/tzionlibreria.com\\\/#organization\",\"name\":\"tzionlibreria.com\",\"url\":\"https:\\\/\\\/tzionlibreria.com\\\/\",\"logo\":{\"@type\":\"ImageObject\",\"inLanguage\":\"es-CO\",\"@id\":\"https:\\\/\\\/tzionlibreria.com\\\/#\\\/schema\\\/logo\\\/image\\\/\",\"url\":\"https:\\\/\\\/tzionlibreria.com\\\/wp-content\\\/uploads\\\/2023\\\/10\\\/cropped-Cuadricula-scaled-1.jpg\",\"contentUrl\":\"https:\\\/\\\/tzionlibreria.com\\\/wp-content\\\/uploads\\\/2023\\\/10\\\/cropped-Cuadricula-scaled-1.jpg\",\"width\":2560,\"height\":2560,\"caption\":\"tzionlibreria.com\"},\"image\":{\"@id\":\"https:\\\/\\\/tzionlibreria.com\\\/#\\\/schema\\\/logo\\\/image\\\/\"}}]}<\/script>\n<!-- \/ Yoast SEO plugin. -->","yoast_head_json":{"title":"Habilidades de comunicaci\u00f3n (hablada): Asertividad + persuasi\u00f3n + alto impacto - Sonia Gonz\u00e1lez Boysen - tzionlibreria.com","robots":{"index":"index","follow":"follow","max-snippet":"max-snippet:-1","max-image-preview":"max-image-preview:large","max-video-preview":"max-video-preview:-1"},"canonical":"https:\/\/tzionlibreria.com\/index.php\/product\/habilidades-de-comunicacion-hablada-asertividad-persuasion-alto-impacto-sonia-gonzalez-boysen\/","og_locale":"es_ES","og_type":"article","og_title":"Habilidades de comunicaci\u00f3n (hablada): Asertividad + persuasi\u00f3n + alto impacto - Sonia Gonz\u00e1lez Boysen - tzionlibreria.com","og_description":"Vale m\u00e1s saber poco pero decirlo bien, que sabermucho y no tener idea de comunicarlo. Para un liderazgo m\u00e1s asertivo y de alto impacto, hay queempoderar a los profesionales en la competencia de la comunicaci\u00f3n. Empoderaral funcionario en la asertividad de su comunicaci\u00f3n lleva a la empresa a unmayor nivel de impacto en la rentabilidad [&hellip;]","og_url":"https:\/\/tzionlibreria.com\/index.php\/product\/habilidades-de-comunicacion-hablada-asertividad-persuasion-alto-impacto-sonia-gonzalez-boysen\/","og_site_name":"tzionlibreria.com","og_image":[{"width":1200,"height":1200,"url":"http:\/\/tzionlibreria.com\/wp-content\/uploads\/2025\/01\/9781602553750.jpg","type":"image\/jpeg"}],"twitter_card":"summary_large_image","twitter_misc":{"Tiempo de lectura":"1 minuto"},"schema":{"@context":"https:\/\/schema.org","@graph":[{"@type":"WebPage","@id":"https:\/\/tzionlibreria.com\/index.php\/product\/habilidades-de-comunicacion-hablada-asertividad-persuasion-alto-impacto-sonia-gonzalez-boysen\/","url":"https:\/\/tzionlibreria.com\/index.php\/product\/habilidades-de-comunicacion-hablada-asertividad-persuasion-alto-impacto-sonia-gonzalez-boysen\/","name":"Habilidades de comunicaci\u00f3n (hablada): Asertividad + persuasi\u00f3n + alto impacto - Sonia Gonz\u00e1lez Boysen - tzionlibreria.com","isPartOf":{"@id":"https:\/\/tzionlibreria.com\/#website"},"primaryImageOfPage":{"@id":"https:\/\/tzionlibreria.com\/index.php\/product\/habilidades-de-comunicacion-hablada-asertividad-persuasion-alto-impacto-sonia-gonzalez-boysen\/#primaryimage"},"image":{"@id":"https:\/\/tzionlibreria.com\/index.php\/product\/habilidades-de-comunicacion-hablada-asertividad-persuasion-alto-impacto-sonia-gonzalez-boysen\/#primaryimage"},"thumbnailUrl":"https:\/\/tzionlibreria.com\/wp-content\/uploads\/2025\/01\/9781602553750.jpg","datePublished":"2025-01-05T00:44:12+00:00","breadcrumb":{"@id":"https:\/\/tzionlibreria.com\/index.php\/product\/habilidades-de-comunicacion-hablada-asertividad-persuasion-alto-impacto-sonia-gonzalez-boysen\/#breadcrumb"},"inLanguage":"es-CO","potentialAction":[{"@type":"ReadAction","target":["https:\/\/tzionlibreria.com\/index.php\/product\/habilidades-de-comunicacion-hablada-asertividad-persuasion-alto-impacto-sonia-gonzalez-boysen\/"]}]},{"@type":"ImageObject","inLanguage":"es-CO","@id":"https:\/\/tzionlibreria.com\/index.php\/product\/habilidades-de-comunicacion-hablada-asertividad-persuasion-alto-impacto-sonia-gonzalez-boysen\/#primaryimage","url":"https:\/\/tzionlibreria.com\/wp-content\/uploads\/2025\/01\/9781602553750.jpg","contentUrl":"https:\/\/tzionlibreria.com\/wp-content\/uploads\/2025\/01\/9781602553750.jpg","width":1200,"height":1200},{"@type":"BreadcrumbList","@id":"https:\/\/tzionlibreria.com\/index.php\/product\/habilidades-de-comunicacion-hablada-asertividad-persuasion-alto-impacto-sonia-gonzalez-boysen\/#breadcrumb","itemListElement":[{"@type":"ListItem","position":1,"name":"Inicio","item":"https:\/\/tzionlibreria.com\/"},{"@type":"ListItem","position":2,"name":"Shop","item":"https:\/\/tzionlibreria.com\/index.php\/shop\/"},{"@type":"ListItem","position":3,"name":"Habilidades de comunicaci\u00f3n (hablada): Asertividad + persuasi\u00f3n + alto impacto &#8211; Sonia Gonz\u00e1lez Boysen"}]},{"@type":"WebSite","@id":"https:\/\/tzionlibreria.com\/#website","url":"https:\/\/tzionlibreria.com\/","name":"tzionlibreria.com","description":"Libreria Cristiana Venezuela","publisher":{"@id":"https:\/\/tzionlibreria.com\/#organization"},"potentialAction":[{"@type":"SearchAction","target":{"@type":"EntryPoint","urlTemplate":"https:\/\/tzionlibreria.com\/?s={search_term_string}"},"query-input":{"@type":"PropertyValueSpecification","valueRequired":true,"valueName":"search_term_string"}}],"inLanguage":"es-CO"},{"@type":"Organization","@id":"https:\/\/tzionlibreria.com\/#organization","name":"tzionlibreria.com","url":"https:\/\/tzionlibreria.com\/","logo":{"@type":"ImageObject","inLanguage":"es-CO","@id":"https:\/\/tzionlibreria.com\/#\/schema\/logo\/image\/","url":"https:\/\/tzionlibreria.com\/wp-content\/uploads\/2023\/10\/cropped-Cuadricula-scaled-1.jpg","contentUrl":"https:\/\/tzionlibreria.com\/wp-content\/uploads\/2023\/10\/cropped-Cuadricula-scaled-1.jpg","width":2560,"height":2560,"caption":"tzionlibreria.com"},"image":{"@id":"https:\/\/tzionlibreria.com\/#\/schema\/logo\/image\/"}}]}},"jetpack_sharing_enabled":true,"_links":{"self":[{"href":"https:\/\/tzionlibreria.com\/index.php\/wp-json\/wp\/v2\/product\/4711","targetHints":{"allow":["GET"]}}],"collection":[{"href":"https:\/\/tzionlibreria.com\/index.php\/wp-json\/wp\/v2\/product"}],"about":[{"href":"https:\/\/tzionlibreria.com\/index.php\/wp-json\/wp\/v2\/types\/product"}],"replies":[{"embeddable":true,"href":"https:\/\/tzionlibreria.com\/index.php\/wp-json\/wp\/v2\/comments?post=4711"}],"wp:featuredmedia":[{"embeddable":true,"href":"https:\/\/tzionlibreria.com\/index.php\/wp-json\/wp\/v2\/media\/4712"}],"wp:attachment":[{"href":"https:\/\/tzionlibreria.com\/index.php\/wp-json\/wp\/v2\/media?parent=4711"}],"wp:term":[{"taxonomy":"product_brand","embeddable":true,"href":"https:\/\/tzionlibreria.com\/index.php\/wp-json\/wp\/v2\/product_brand?post=4711"},{"taxonomy":"product_cat","embeddable":true,"href":"https:\/\/tzionlibreria.com\/index.php\/wp-json\/wp\/v2\/product_cat?post=4711"},{"taxonomy":"product_tag","embeddable":true,"href":"https:\/\/tzionlibreria.com\/index.php\/wp-json\/wp\/v2\/product_tag?post=4711"}],"curies":[{"name":"wp","href":"https:\/\/api.w.org\/{rel}","templated":true}]}}