{"id":4721,"date":"2025-01-05T01:14:08","date_gmt":"2025-01-05T01:14:08","guid":{"rendered":"https:\/\/tzionlibreria.com\/?post_type=product&#038;p=4721"},"modified":"2025-10-28T00:02:55","modified_gmt":"2025-10-28T00:02:55","slug":"diccionario-biblico-ilustrado-holman","status":"publish","type":"product","link":"https:\/\/tzionlibreria.com\/index.php\/product\/diccionario-biblico-ilustrado-holman\/","title":{"rendered":"Diccionario B\u00edblico Ilustrado Holman"},"content":{"rendered":"<p><strong><span class=\"a-text-bold\">Galardonado con el Premio SEPA (Asociaci\u00f3n de Editoriales Evang\u00e9licas) al mejor Diccionario B\u00edblico 2009, 2011, 2012, 2013, 2014 y 2015, l\u00edder en el mercado.<\/span><\/strong><\/p>\n<p>El\u00a0<span class=\"a-text-italic\">Diccionario B\u00edblico Ilustrado Holman<\/span>, ahora ha sido actualizado y aumentado, est\u00e1 dise\u00f1ado para quienes necesitan informaci\u00f3n r\u00e1pida y para los que procuran estudiar en profundidad cientos de temas.<\/p>\n<p>A trav\u00e9s de sus fotograf\u00edas, ilustraciones y gr\u00e1ficos a todo color, esta excelente herramienta de referencia incluye la mejor informaci\u00f3n producto de las investigaciones b\u00edblicas m\u00e1s recientes y conduce a los lectores directamente al mundo de la Biblia y les permite comprender mejor la Palabra de Dios.<\/p>\n<p><span class=\"a-text-bold\">Caracter\u00edsticas:<\/span><\/p>\n<ul class=\"a-unordered-list a-vertical\">\n<li><span class=\"a-list-item\">Es el \u00fanico diccionario que puede ser usado con las versiones m\u00e1s populares de la Biblia: Reina Valera 1960, DHH, LBLA, NTV, NVI, PDT, RVC, RVR 1995 y TLA<\/span><\/li>\n<li><span class=\"a-list-item\">Cada entrada comienza con una definici\u00f3n resumida. Hay definiciones exhaustivas de personas, lugares, cosas, eventos y conceptos teol\u00f3gicos\u00a0<\/span><\/li>\n<li><span class=\"a-list-item\">Res\u00famenes y bosquejos de cada libro de la Biblia; m\u00e1s de 600 fotograf\u00edas, ilustraciones y gr\u00e1ficos a todo color<\/span><\/li>\n<li><span class=\"a-list-item\">Exclusivos dibujos a escala y reconstrucciones de lugares y objetos b\u00edblicos en base a una esmerada investigaci\u00f3n arqueol\u00f3gica\u00a0<\/span><\/li>\n<li><span class=\"a-list-item\">Art\u00edculos destacados sobre temas teol\u00f3gicos; informaci\u00f3n arqueol\u00f3gica de excavaciones en Israel<\/span><\/li>\n<li><span class=\"a-list-item\">Cronograma de la historia b\u00edblica comparada con la historia mundial<\/span><\/li>\n<li><span class=\"a-list-item\">Rotulado alfab\u00e9tico para localizaci\u00f3n r\u00e1pida y sencilla de la informaci\u00f3n<\/span><\/li>\n<\/ul>\n<p>&nbsp;<\/p>\n<ul class=\"a-unordered-list a-nostyle a-vertical a-spacing-none detail-bullet-list\">\n<li><span class=\"a-list-item\"><span class=\"a-text-bold\"><strong>Editorial :<\/strong>\u00a0\u200e\u00a0<\/span>B&amp;H Espa\u00f1ol; Reedici\u00f3n (1 Octubre 2017)<\/span><\/li>\n<li><strong>ISBN<\/strong>: 9781462765515<\/li>\n<li><strong>Dimensiones<\/strong>: 175 x 58 mm<\/li>\n<li><strong>N\u00famero de p\u00e1ginas<\/strong>: 1744<\/li>\n<li><strong>Idioma<\/strong>: Espa\u00f1ol<\/li>\n<\/ul>\n<p>&nbsp;<\/p>\n","protected":false},"excerpt":{"rendered":"<p>Galardonado con el Premio SEPA (Asociaci\u00f3n de Editoriales Evang\u00e9licas) al mejor Diccionario B\u00edblico 2009, 2011, 2012, 2013, 2014 y 2015, l\u00edder en el mercado. El\u00a0Diccionario B\u00edblico Ilustrado Holman, ahora ha sido actualizado y aumentado, est\u00e1 dise\u00f1ado para quienes necesitan informaci\u00f3n r\u00e1pida y para los que procuran estudiar en profundidad cientos de temas. A trav\u00e9s de [&hellip;]<\/p>\n","protected":false},"featured_media":4747,"comment_status":"open","ping_status":"closed","template":"","meta":{"om_disable_all_campaigns":false,"_monsterinsights_skip_tracking":false,"_monsterinsights_sitenote_active":false,"_monsterinsights_sitenote_note":"","_monsterinsights_sitenote_category":0,"site-sidebar-layout":"default","site-content-layout":"","ast-site-content-layout":"default","site-content-style":"default","site-sidebar-style":"default","ast-global-header-display":"","ast-banner-title-visibility":"","ast-main-header-display":"","ast-hfb-above-header-display":"","ast-hfb-below-header-display":"","ast-hfb-mobile-header-display":"","site-post-title":"","ast-breadcrumbs-content":"","ast-featured-img":"","footer-sml-layout":"","ast-disable-related-posts":"","theme-transparent-header-meta":"default","adv-header-id-meta":"","stick-header-meta":"","header-above-stick-meta":"","header-main-stick-meta":"","header-below-stick-meta":"","astra-migrate-meta-layouts":"set","ast-page-background-enabled":"default","ast-page-background-meta":{"desktop":{"background-color":"var(--ast-global-color-4)","background-image":"","background-repeat":"repeat","background-position":"center center","background-size":"auto","background-attachment":"scroll","background-type":"","background-media":"","overlay-type":"","overlay-color":"","overlay-opacity":"","overlay-gradient":""},"tablet":{"background-color":"","background-image":"","background-repeat":"repeat","background-position":"center center","background-size":"auto","background-attachment":"scroll","background-type":"","background-media":"","overlay-type":"","overlay-color":"","overlay-opacity":"","overlay-gradient":""},"mobile":{"background-color":"","background-image":"","background-repeat":"repeat","background-position":"center center","background-size":"auto","background-attachment":"scroll","background-type":"","background-media":"","overlay-type":"","overlay-color":"","overlay-opacity":"","overlay-gradient":""}},"ast-content-background-meta":{"desktop":{"background-color":"var(--ast-global-color-5)","background-image":"","background-repeat":"repeat","background-position":"center center","background-size":"auto","background-attachment":"scroll","background-type":"","background-media":"","overlay-type":"","overlay-color":"","overlay-opacity":"","overlay-gradient":""},"tablet":{"background-color":"var(--ast-global-color-5)","background-image":"","background-repeat":"repeat","background-position":"center center","background-size":"auto","background-attachment":"scroll","background-type":"","background-media":"","overlay-type":"","overlay-color":"","overlay-opacity":"","overlay-gradient":""},"mobile":{"background-color":"var(--ast-global-color-5)","background-image":"","background-repeat":"repeat","background-position":"center center","background-size":"auto","background-attachment":"scroll","background-type":"","background-media":"","overlay-type":"","overlay-color":"","overlay-opacity":"","overlay-gradient":""}}},"product_brand":[],"product_cat":[40,26],"product_tag":[],"class_list":{"0":"post-4721","1":"product","2":"type-product","3":"status-publish","4":"has-post-thumbnail","6":"product_cat-diccionarios","7":"product_cat-teologia","8":"desktop-align-left","9":"tablet-align-left","10":"mobile-align-left","12":"first","13":"instock","14":"shipping-taxable","15":"purchasable","16":"product-type-simple"},"yoast_head":"<!-- This site is optimized with the Yoast SEO plugin v27.4 - https:\/\/yoast.com\/product\/yoast-seo-wordpress\/ -->\n<title>Diccionario B\u00edblico Ilustrado Holman - tzionlibreria.com<\/title>\n<meta name=\"description\" content=\"Dise\u00f1ado con informaci\u00f3n r\u00e1pida y para estudiar en profundidad cientos de temas biblicos.A trav\u00e9s de sus fotograf\u00edas, ilustraciones y gr\u00e1ficos a todo color.\" \/>\n<meta name=\"robots\" content=\"index, follow, max-snippet:-1, max-image-preview:large, max-video-preview:-1\" \/>\n<link rel=\"canonical\" href=\"https:\/\/tzionlibreria.com\/index.php\/product\/diccionario-biblico-ilustrado-holman\/\" \/>\n<meta property=\"og:locale\" content=\"es_ES\" \/>\n<meta property=\"og:type\" content=\"article\" \/>\n<meta property=\"og:title\" content=\"Diccionario B\u00edblico Ilustrado Holman - tzionlibreria.com\" \/>\n<meta property=\"og:description\" content=\"Dise\u00f1ado con informaci\u00f3n r\u00e1pida y para estudiar en profundidad cientos de temas biblicos.A trav\u00e9s de sus fotograf\u00edas, ilustraciones y gr\u00e1ficos a todo color.\" \/>\n<meta property=\"og:url\" content=\"https:\/\/tzionlibreria.com\/index.php\/product\/diccionario-biblico-ilustrado-holman\/\" \/>\n<meta property=\"og:site_name\" content=\"tzionlibreria.com\" \/>\n<meta property=\"article:modified_time\" content=\"2025-10-28T00:02:55+00:00\" \/>\n<meta property=\"og:image\" content=\"http:\/\/tzionlibreria.com\/wp-content\/uploads\/2025\/01\/13.png\" \/>\n\t<meta property=\"og:image:width\" content=\"1080\" \/>\n\t<meta property=\"og:image:height\" content=\"1080\" \/>\n\t<meta property=\"og:image:type\" content=\"image\/png\" \/>\n<meta name=\"twitter:card\" content=\"summary_large_image\" \/>\n<meta name=\"twitter:label1\" content=\"Tiempo de lectura\" \/>\n\t<meta name=\"twitter:data1\" content=\"2 minutos\" \/>\n<script type=\"application\/ld+json\" class=\"yoast-schema-graph\">{\"@context\":\"https:\\\/\\\/schema.org\",\"@graph\":[{\"@type\":\"WebPage\",\"@id\":\"https:\\\/\\\/tzionlibreria.com\\\/index.php\\\/product\\\/diccionario-biblico-ilustrado-holman\\\/\",\"url\":\"https:\\\/\\\/tzionlibreria.com\\\/index.php\\\/product\\\/diccionario-biblico-ilustrado-holman\\\/\",\"name\":\"Diccionario B\u00edblico Ilustrado Holman - tzionlibreria.com\",\"isPartOf\":{\"@id\":\"https:\\\/\\\/tzionlibreria.com\\\/#website\"},\"primaryImageOfPage\":{\"@id\":\"https:\\\/\\\/tzionlibreria.com\\\/index.php\\\/product\\\/diccionario-biblico-ilustrado-holman\\\/#primaryimage\"},\"image\":{\"@id\":\"https:\\\/\\\/tzionlibreria.com\\\/index.php\\\/product\\\/diccionario-biblico-ilustrado-holman\\\/#primaryimage\"},\"thumbnailUrl\":\"https:\\\/\\\/tzionlibreria.com\\\/wp-content\\\/uploads\\\/2025\\\/01\\\/13.png\",\"datePublished\":\"2025-01-05T01:14:08+00:00\",\"dateModified\":\"2025-10-28T00:02:55+00:00\",\"description\":\"Dise\u00f1ado con informaci\u00f3n r\u00e1pida y para estudiar en profundidad cientos de temas biblicos.A trav\u00e9s de sus fotograf\u00edas, ilustraciones y gr\u00e1ficos a todo color.\",\"breadcrumb\":{\"@id\":\"https:\\\/\\\/tzionlibreria.com\\\/index.php\\\/product\\\/diccionario-biblico-ilustrado-holman\\\/#breadcrumb\"},\"inLanguage\":\"es-CO\",\"potentialAction\":[{\"@type\":\"ReadAction\",\"target\":[\"https:\\\/\\\/tzionlibreria.com\\\/index.php\\\/product\\\/diccionario-biblico-ilustrado-holman\\\/\"]}]},{\"@type\":\"ImageObject\",\"inLanguage\":\"es-CO\",\"@id\":\"https:\\\/\\\/tzionlibreria.com\\\/index.php\\\/product\\\/diccionario-biblico-ilustrado-holman\\\/#primaryimage\",\"url\":\"https:\\\/\\\/tzionlibreria.com\\\/wp-content\\\/uploads\\\/2025\\\/01\\\/13.png\",\"contentUrl\":\"https:\\\/\\\/tzionlibreria.com\\\/wp-content\\\/uploads\\\/2025\\\/01\\\/13.png\",\"width\":1080,\"height\":1080},{\"@type\":\"BreadcrumbList\",\"@id\":\"https:\\\/\\\/tzionlibreria.com\\\/index.php\\\/product\\\/diccionario-biblico-ilustrado-holman\\\/#breadcrumb\",\"itemListElement\":[{\"@type\":\"ListItem\",\"position\":1,\"name\":\"Inicio\",\"item\":\"https:\\\/\\\/tzionlibreria.com\\\/\"},{\"@type\":\"ListItem\",\"position\":2,\"name\":\"Shop\",\"item\":\"https:\\\/\\\/tzionlibreria.com\\\/index.php\\\/shop\\\/\"},{\"@type\":\"ListItem\",\"position\":3,\"name\":\"Diccionario B\u00edblico Ilustrado Holman\"}]},{\"@type\":\"WebSite\",\"@id\":\"https:\\\/\\\/tzionlibreria.com\\\/#website\",\"url\":\"https:\\\/\\\/tzionlibreria.com\\\/\",\"name\":\"tzionlibreria.com\",\"description\":\"Libreria Cristiana Venezuela\",\"publisher\":{\"@id\":\"https:\\\/\\\/tzionlibreria.com\\\/#organization\"},\"potentialAction\":[{\"@type\":\"SearchAction\",\"target\":{\"@type\":\"EntryPoint\",\"urlTemplate\":\"https:\\\/\\\/tzionlibreria.com\\\/?s={search_term_string}\"},\"query-input\":{\"@type\":\"PropertyValueSpecification\",\"valueRequired\":true,\"valueName\":\"search_term_string\"}}],\"inLanguage\":\"es-CO\"},{\"@type\":\"Organization\",\"@id\":\"https:\\\/\\\/tzionlibreria.com\\\/#organization\",\"name\":\"tzionlibreria.com\",\"url\":\"https:\\\/\\\/tzionlibreria.com\\\/\",\"logo\":{\"@type\":\"ImageObject\",\"inLanguage\":\"es-CO\",\"@id\":\"https:\\\/\\\/tzionlibreria.com\\\/#\\\/schema\\\/logo\\\/image\\\/\",\"url\":\"https:\\\/\\\/tzionlibreria.com\\\/wp-content\\\/uploads\\\/2023\\\/10\\\/cropped-Cuadricula-scaled-1.jpg\",\"contentUrl\":\"https:\\\/\\\/tzionlibreria.com\\\/wp-content\\\/uploads\\\/2023\\\/10\\\/cropped-Cuadricula-scaled-1.jpg\",\"width\":2560,\"height\":2560,\"caption\":\"tzionlibreria.com\"},\"image\":{\"@id\":\"https:\\\/\\\/tzionlibreria.com\\\/#\\\/schema\\\/logo\\\/image\\\/\"}}]}<\/script>\n<!-- \/ Yoast SEO plugin. -->","yoast_head_json":{"title":"Diccionario B\u00edblico Ilustrado Holman - tzionlibreria.com","description":"Dise\u00f1ado con informaci\u00f3n r\u00e1pida y para estudiar en profundidad cientos de temas biblicos.A trav\u00e9s de sus fotograf\u00edas, ilustraciones y gr\u00e1ficos a todo color.","robots":{"index":"index","follow":"follow","max-snippet":"max-snippet:-1","max-image-preview":"max-image-preview:large","max-video-preview":"max-video-preview:-1"},"canonical":"https:\/\/tzionlibreria.com\/index.php\/product\/diccionario-biblico-ilustrado-holman\/","og_locale":"es_ES","og_type":"article","og_title":"Diccionario B\u00edblico Ilustrado Holman - tzionlibreria.com","og_description":"Dise\u00f1ado con informaci\u00f3n r\u00e1pida y para estudiar en profundidad cientos de temas biblicos.A trav\u00e9s de sus fotograf\u00edas, ilustraciones y gr\u00e1ficos a todo color.","og_url":"https:\/\/tzionlibreria.com\/index.php\/product\/diccionario-biblico-ilustrado-holman\/","og_site_name":"tzionlibreria.com","article_modified_time":"2025-10-28T00:02:55+00:00","og_image":[{"width":1080,"height":1080,"url":"http:\/\/tzionlibreria.com\/wp-content\/uploads\/2025\/01\/13.png","type":"image\/png"}],"twitter_card":"summary_large_image","twitter_misc":{"Tiempo de lectura":"2 minutos"},"schema":{"@context":"https:\/\/schema.org","@graph":[{"@type":"WebPage","@id":"https:\/\/tzionlibreria.com\/index.php\/product\/diccionario-biblico-ilustrado-holman\/","url":"https:\/\/tzionlibreria.com\/index.php\/product\/diccionario-biblico-ilustrado-holman\/","name":"Diccionario B\u00edblico Ilustrado Holman - tzionlibreria.com","isPartOf":{"@id":"https:\/\/tzionlibreria.com\/#website"},"primaryImageOfPage":{"@id":"https:\/\/tzionlibreria.com\/index.php\/product\/diccionario-biblico-ilustrado-holman\/#primaryimage"},"image":{"@id":"https:\/\/tzionlibreria.com\/index.php\/product\/diccionario-biblico-ilustrado-holman\/#primaryimage"},"thumbnailUrl":"https:\/\/tzionlibreria.com\/wp-content\/uploads\/2025\/01\/13.png","datePublished":"2025-01-05T01:14:08+00:00","dateModified":"2025-10-28T00:02:55+00:00","description":"Dise\u00f1ado con informaci\u00f3n r\u00e1pida y para estudiar en profundidad cientos de temas biblicos.A trav\u00e9s de sus fotograf\u00edas, ilustraciones y gr\u00e1ficos a todo color.","breadcrumb":{"@id":"https:\/\/tzionlibreria.com\/index.php\/product\/diccionario-biblico-ilustrado-holman\/#breadcrumb"},"inLanguage":"es-CO","potentialAction":[{"@type":"ReadAction","target":["https:\/\/tzionlibreria.com\/index.php\/product\/diccionario-biblico-ilustrado-holman\/"]}]},{"@type":"ImageObject","inLanguage":"es-CO","@id":"https:\/\/tzionlibreria.com\/index.php\/product\/diccionario-biblico-ilustrado-holman\/#primaryimage","url":"https:\/\/tzionlibreria.com\/wp-content\/uploads\/2025\/01\/13.png","contentUrl":"https:\/\/tzionlibreria.com\/wp-content\/uploads\/2025\/01\/13.png","width":1080,"height":1080},{"@type":"BreadcrumbList","@id":"https:\/\/tzionlibreria.com\/index.php\/product\/diccionario-biblico-ilustrado-holman\/#breadcrumb","itemListElement":[{"@type":"ListItem","position":1,"name":"Inicio","item":"https:\/\/tzionlibreria.com\/"},{"@type":"ListItem","position":2,"name":"Shop","item":"https:\/\/tzionlibreria.com\/index.php\/shop\/"},{"@type":"ListItem","position":3,"name":"Diccionario B\u00edblico Ilustrado Holman"}]},{"@type":"WebSite","@id":"https:\/\/tzionlibreria.com\/#website","url":"https:\/\/tzionlibreria.com\/","name":"tzionlibreria.com","description":"Libreria Cristiana Venezuela","publisher":{"@id":"https:\/\/tzionlibreria.com\/#organization"},"potentialAction":[{"@type":"SearchAction","target":{"@type":"EntryPoint","urlTemplate":"https:\/\/tzionlibreria.com\/?s={search_term_string}"},"query-input":{"@type":"PropertyValueSpecification","valueRequired":true,"valueName":"search_term_string"}}],"inLanguage":"es-CO"},{"@type":"Organization","@id":"https:\/\/tzionlibreria.com\/#organization","name":"tzionlibreria.com","url":"https:\/\/tzionlibreria.com\/","logo":{"@type":"ImageObject","inLanguage":"es-CO","@id":"https:\/\/tzionlibreria.com\/#\/schema\/logo\/image\/","url":"https:\/\/tzionlibreria.com\/wp-content\/uploads\/2023\/10\/cropped-Cuadricula-scaled-1.jpg","contentUrl":"https:\/\/tzionlibreria.com\/wp-content\/uploads\/2023\/10\/cropped-Cuadricula-scaled-1.jpg","width":2560,"height":2560,"caption":"tzionlibreria.com"},"image":{"@id":"https:\/\/tzionlibreria.com\/#\/schema\/logo\/image\/"}}]}},"jetpack_sharing_enabled":true,"_links":{"self":[{"href":"https:\/\/tzionlibreria.com\/index.php\/wp-json\/wp\/v2\/product\/4721","targetHints":{"allow":["GET"]}}],"collection":[{"href":"https:\/\/tzionlibreria.com\/index.php\/wp-json\/wp\/v2\/product"}],"about":[{"href":"https:\/\/tzionlibreria.com\/index.php\/wp-json\/wp\/v2\/types\/product"}],"replies":[{"embeddable":true,"href":"https:\/\/tzionlibreria.com\/index.php\/wp-json\/wp\/v2\/comments?post=4721"}],"wp:featuredmedia":[{"embeddable":true,"href":"https:\/\/tzionlibreria.com\/index.php\/wp-json\/wp\/v2\/media\/4747"}],"wp:attachment":[{"href":"https:\/\/tzionlibreria.com\/index.php\/wp-json\/wp\/v2\/media?parent=4721"}],"wp:term":[{"taxonomy":"product_brand","embeddable":true,"href":"https:\/\/tzionlibreria.com\/index.php\/wp-json\/wp\/v2\/product_brand?post=4721"},{"taxonomy":"product_cat","embeddable":true,"href":"https:\/\/tzionlibreria.com\/index.php\/wp-json\/wp\/v2\/product_cat?post=4721"},{"taxonomy":"product_tag","embeddable":true,"href":"https:\/\/tzionlibreria.com\/index.php\/wp-json\/wp\/v2\/product_tag?post=4721"}],"curies":[{"name":"wp","href":"https:\/\/api.w.org\/{rel}","templated":true}]}}