{"id":4733,"date":"2025-01-05T01:48:20","date_gmt":"2025-01-05T01:48:20","guid":{"rendered":"https:\/\/tzionlibreria.com\/?post_type=product&#038;p=4733"},"modified":"2026-01-20T16:37:50","modified_gmt":"2026-01-20T16:37:50","slug":"biblia-de-estudio-vida-plena-piel-negro-canto-dorado","status":"publish","type":"product","link":"https:\/\/tzionlibreria.com\/index.php\/product\/biblia-de-estudio-vida-plena-piel-negro-canto-dorado\/","title":{"rendered":"Biblia de Estudio Vida Plena Piel Negro Canto Dorado"},"content":{"rendered":"<p>&nbsp;<\/p>\n<div class=\"ast-oembed-container \" style=\"height: 100%;\"><iframe title=\"Biblia de Estudio Vida Plena Negra - Reina Valera 1960 Imitaci\u00f3n Piel\" width=\"500\" height=\"281\" src=\"https:\/\/www.youtube.com\/embed\/Nrk7CT5DbAM?feature=oembed\" frameborder=\"0\" allow=\"accelerometer; autoplay; clipboard-write; encrypted-media; gyroscope; picture-in-picture; web-share\" referrerpolicy=\"strict-origin-when-cross-origin\" allowfullscreen><\/iframe><\/div>\n<p>&nbsp;<\/p>\n<p>&nbsp;<\/p>\n<p>Excelente herramienta de estudio que ofrece un extenso contenido did\u00e1ctico para ampliar y crecer en el conocimiento de las Escrituras. El lector descubrir\u00e1 en sus p\u00e1ginas una variedad de notas elaboradas por distintos pensadores sobresalientes, ayud\u00e1ndole a aplicar la Palabra de manera eficiente.<\/p>\n<p>Descubrir\u00e1 adem\u00e1s, art\u00edculos tem\u00e1ticos, facilitando el entendimiento de pasajes claves. As\u00ed como referencias al pie de p\u00e1gina, s\u00edmbolos que resaltan temas espec\u00edficos en los pasajes, introducciones de cada libro, diagramas, mapas a color, un plan de lectura para una mejor disciplina b\u00edblica y la identificaci\u00f3n de palabras en rojo de Jesucristo.<\/p>\n<p><span class=\"a-text-italic\">La Biblia de Estudio de la Vida Plena<\/span>, se ha convertido en la favorita de pastores, maestros y disc\u00edpulos que anhelan crecer en el conocimiento de las Escrituras, en la actualidad.<\/p>\n<p>Incluye:<\/p>\n<ul class=\"a-unordered-list a-vertical\">\n<li><span class=\"a-list-item\">Extensas notas en la parte inferior de cada p\u00e1gina, de importantes pensadores.<\/span><\/li>\n<li><span class=\"a-list-item\">77 art\u00edculos de temas relevantes para todo creyente.<\/span><\/li>\n<li><span class=\"a-list-item\">12 s\u00edmbolos tem\u00e1ticos de los pasajes.<\/span><\/li>\n<li><span class=\"a-list-item\">44 mapas y tablas de lugares y conceptos importantes.<\/span><\/li>\n<li><span class=\"a-list-item\">28 diagramas de naciones, tabernaculo, milagros del A.T., profec\u00edas cumplidas en Cristo.<\/span><\/li>\n<li><span class=\"a-list-item\">Introducci\u00f3n detallada de cada libro.<\/span><\/li>\n<li><span class=\"a-list-item\">\u00cdndice tem\u00e1tico.<\/span><\/li>\n<li><span class=\"a-list-item\">Concordancia de palabras.<\/span><\/li>\n<li><span class=\"a-list-item\">16 p\u00e1ginas de mapas a todo color.<\/span><\/li>\n<li><span class=\"a-list-item\">Un plan de lectura de la Biblia.<\/span><\/li>\n<li><span class=\"a-list-item\">Referencias al pie de p\u00e1gina.<\/span><\/li>\n<li><span class=\"a-list-item\">Palabras de Jes\u00fas en color rojo.<\/span><\/li>\n<li><span class=\"a-list-item\">Letra grande y legible.<\/span><\/li>\n<li><span class=\"a-list-item\">Cubierta de piel fabricada en color negro.<\/span><\/li>\n<\/ul>\n<p>&nbsp;<\/p>\n<p><strong>ISBN<\/strong>: 9780829731972<br \/>\n<strong>Dimensiones<\/strong>: 18x 3x 45 cm<br \/>\n<strong>Peso<\/strong>: 1,471kg<br \/>\n<strong>Cubierta<\/strong>: Piel<br \/>\n<strong>Idioma<\/strong>: Espa\u00f1ol<\/p>\n","protected":false},"excerpt":{"rendered":"<p>&nbsp; &nbsp; &nbsp; Excelente herramienta de estudio que ofrece un extenso contenido did\u00e1ctico para ampliar y crecer en el conocimiento de las Escrituras. El lector descubrir\u00e1 en sus p\u00e1ginas una variedad de notas elaboradas por distintos pensadores sobresalientes, ayud\u00e1ndole a aplicar la Palabra de manera eficiente. Descubrir\u00e1 adem\u00e1s, art\u00edculos tem\u00e1ticos, facilitando el entendimiento de pasajes [&hellip;]<\/p>\n","protected":false},"featured_media":4734,"comment_status":"open","ping_status":"closed","template":"","meta":{"om_disable_all_campaigns":false,"_monsterinsights_skip_tracking":false,"_monsterinsights_sitenote_active":false,"_monsterinsights_sitenote_note":"","_monsterinsights_sitenote_category":0,"site-sidebar-layout":"default","site-content-layout":"","ast-site-content-layout":"default","site-content-style":"default","site-sidebar-style":"default","ast-global-header-display":"","ast-banner-title-visibility":"","ast-main-header-display":"","ast-hfb-above-header-display":"","ast-hfb-below-header-display":"","ast-hfb-mobile-header-display":"","site-post-title":"","ast-breadcrumbs-content":"","ast-featured-img":"","footer-sml-layout":"","ast-disable-related-posts":"","theme-transparent-header-meta":"default","adv-header-id-meta":"","stick-header-meta":"","header-above-stick-meta":"","header-main-stick-meta":"","header-below-stick-meta":"","astra-migrate-meta-layouts":"set","ast-page-background-enabled":"default","ast-page-background-meta":{"desktop":{"background-color":"var(--ast-global-color-4)","background-image":"","background-repeat":"repeat","background-position":"center center","background-size":"auto","background-attachment":"scroll","background-type":"","background-media":"","overlay-type":"","overlay-color":"","overlay-opacity":"","overlay-gradient":""},"tablet":{"background-color":"","background-image":"","background-repeat":"repeat","background-position":"center center","background-size":"auto","background-attachment":"scroll","background-type":"","background-media":"","overlay-type":"","overlay-color":"","overlay-opacity":"","overlay-gradient":""},"mobile":{"background-color":"","background-image":"","background-repeat":"repeat","background-position":"center center","background-size":"auto","background-attachment":"scroll","background-type":"","background-media":"","overlay-type":"","overlay-color":"","overlay-opacity":"","overlay-gradient":""}},"ast-content-background-meta":{"desktop":{"background-color":"var(--ast-global-color-5)","background-image":"","background-repeat":"repeat","background-position":"center center","background-size":"auto","background-attachment":"scroll","background-type":"","background-media":"","overlay-type":"","overlay-color":"","overlay-opacity":"","overlay-gradient":""},"tablet":{"background-color":"var(--ast-global-color-5)","background-image":"","background-repeat":"repeat","background-position":"center center","background-size":"auto","background-attachment":"scroll","background-type":"","background-media":"","overlay-type":"","overlay-color":"","overlay-opacity":"","overlay-gradient":""},"mobile":{"background-color":"var(--ast-global-color-5)","background-image":"","background-repeat":"repeat","background-position":"center center","background-size":"auto","background-attachment":"scroll","background-type":"","background-media":"","overlay-type":"","overlay-color":"","overlay-opacity":"","overlay-gradient":""}}},"product_brand":[],"product_cat":[22,30,42],"product_tag":[148],"class_list":{"0":"post-4733","1":"product","2":"type-product","3":"status-publish","4":"has-post-thumbnail","6":"product_cat-biblias","7":"product_cat-biblia-de-estudio","8":"product_cat-biblias-reina-valera","9":"product_tag-biblia-de-estudio","10":"desktop-align-left","11":"tablet-align-left","12":"mobile-align-left","14":"first","15":"instock","16":"shipping-taxable","17":"purchasable","18":"product-type-simple"},"yoast_head":"<!-- This site is optimized with the Yoast SEO plugin v27.4 - https:\/\/yoast.com\/product\/yoast-seo-wordpress\/ -->\n<title>Biblia de Estudio Vida Plena Piel Negro Canto Dorado - tzionlibreria.com<\/title>\n<meta name=\"description\" content=\"Biblia de Estudio de la Vida Plena, ha convertido en la favorita de pastores, maestros y disc\u00edpulos que anhelan crecer en el conocimiento de las Escrituras\" \/>\n<meta name=\"robots\" content=\"index, follow, max-snippet:-1, max-image-preview:large, max-video-preview:-1\" \/>\n<link rel=\"canonical\" href=\"https:\/\/tzionlibreria.com\/index.php\/product\/biblia-de-estudio-vida-plena-piel-negro-canto-dorado\/\" \/>\n<meta property=\"og:locale\" content=\"es_ES\" \/>\n<meta property=\"og:type\" content=\"article\" \/>\n<meta property=\"og:title\" content=\"Biblia de Estudio Vida Plena Piel Negro Canto Dorado - tzionlibreria.com\" \/>\n<meta property=\"og:description\" content=\"Biblia de Estudio de la Vida Plena, ha convertido en la favorita de pastores, maestros y disc\u00edpulos que anhelan crecer en el conocimiento de las Escrituras\" \/>\n<meta property=\"og:url\" content=\"https:\/\/tzionlibreria.com\/index.php\/product\/biblia-de-estudio-vida-plena-piel-negro-canto-dorado\/\" \/>\n<meta property=\"og:site_name\" content=\"tzionlibreria.com\" \/>\n<meta property=\"article:modified_time\" content=\"2026-01-20T16:37:50+00:00\" \/>\n<meta property=\"og:image\" content=\"http:\/\/tzionlibreria.com\/wp-content\/uploads\/2025\/01\/14.png\" \/>\n\t<meta property=\"og:image:width\" content=\"1080\" \/>\n\t<meta property=\"og:image:height\" content=\"1080\" \/>\n\t<meta property=\"og:image:type\" content=\"image\/png\" \/>\n<meta name=\"twitter:card\" content=\"summary_large_image\" \/>\n<meta name=\"twitter:label1\" content=\"Tiempo de lectura\" \/>\n\t<meta name=\"twitter:data1\" content=\"2 minutos\" \/>\n<script type=\"application\/ld+json\" class=\"yoast-schema-graph\">{\"@context\":\"https:\\\/\\\/schema.org\",\"@graph\":[{\"@type\":\"WebPage\",\"@id\":\"https:\\\/\\\/tzionlibreria.com\\\/index.php\\\/product\\\/biblia-de-estudio-vida-plena-piel-negro-canto-dorado\\\/\",\"url\":\"https:\\\/\\\/tzionlibreria.com\\\/index.php\\\/product\\\/biblia-de-estudio-vida-plena-piel-negro-canto-dorado\\\/\",\"name\":\"Biblia de Estudio Vida Plena Piel Negro Canto Dorado - tzionlibreria.com\",\"isPartOf\":{\"@id\":\"https:\\\/\\\/tzionlibreria.com\\\/#website\"},\"primaryImageOfPage\":{\"@id\":\"https:\\\/\\\/tzionlibreria.com\\\/index.php\\\/product\\\/biblia-de-estudio-vida-plena-piel-negro-canto-dorado\\\/#primaryimage\"},\"image\":{\"@id\":\"https:\\\/\\\/tzionlibreria.com\\\/index.php\\\/product\\\/biblia-de-estudio-vida-plena-piel-negro-canto-dorado\\\/#primaryimage\"},\"thumbnailUrl\":\"https:\\\/\\\/tzionlibreria.com\\\/wp-content\\\/uploads\\\/2025\\\/01\\\/14.png\",\"datePublished\":\"2025-01-05T01:48:20+00:00\",\"dateModified\":\"2026-01-20T16:37:50+00:00\",\"description\":\"Biblia de Estudio de la Vida Plena, ha convertido en la favorita de pastores, maestros y disc\u00edpulos que anhelan crecer en el conocimiento de las Escrituras\",\"breadcrumb\":{\"@id\":\"https:\\\/\\\/tzionlibreria.com\\\/index.php\\\/product\\\/biblia-de-estudio-vida-plena-piel-negro-canto-dorado\\\/#breadcrumb\"},\"inLanguage\":\"es-CO\",\"potentialAction\":[{\"@type\":\"ReadAction\",\"target\":[\"https:\\\/\\\/tzionlibreria.com\\\/index.php\\\/product\\\/biblia-de-estudio-vida-plena-piel-negro-canto-dorado\\\/\"]}]},{\"@type\":\"ImageObject\",\"inLanguage\":\"es-CO\",\"@id\":\"https:\\\/\\\/tzionlibreria.com\\\/index.php\\\/product\\\/biblia-de-estudio-vida-plena-piel-negro-canto-dorado\\\/#primaryimage\",\"url\":\"https:\\\/\\\/tzionlibreria.com\\\/wp-content\\\/uploads\\\/2025\\\/01\\\/14.png\",\"contentUrl\":\"https:\\\/\\\/tzionlibreria.com\\\/wp-content\\\/uploads\\\/2025\\\/01\\\/14.png\",\"width\":1080,\"height\":1080},{\"@type\":\"BreadcrumbList\",\"@id\":\"https:\\\/\\\/tzionlibreria.com\\\/index.php\\\/product\\\/biblia-de-estudio-vida-plena-piel-negro-canto-dorado\\\/#breadcrumb\",\"itemListElement\":[{\"@type\":\"ListItem\",\"position\":1,\"name\":\"Inicio\",\"item\":\"https:\\\/\\\/tzionlibreria.com\\\/\"},{\"@type\":\"ListItem\",\"position\":2,\"name\":\"Shop\",\"item\":\"https:\\\/\\\/tzionlibreria.com\\\/index.php\\\/shop\\\/\"},{\"@type\":\"ListItem\",\"position\":3,\"name\":\"Biblia de Estudio Vida Plena Piel Negro Canto Dorado\"}]},{\"@type\":\"WebSite\",\"@id\":\"https:\\\/\\\/tzionlibreria.com\\\/#website\",\"url\":\"https:\\\/\\\/tzionlibreria.com\\\/\",\"name\":\"tzionlibreria.com\",\"description\":\"Libreria Cristiana Venezuela\",\"publisher\":{\"@id\":\"https:\\\/\\\/tzionlibreria.com\\\/#organization\"},\"potentialAction\":[{\"@type\":\"SearchAction\",\"target\":{\"@type\":\"EntryPoint\",\"urlTemplate\":\"https:\\\/\\\/tzionlibreria.com\\\/?s={search_term_string}\"},\"query-input\":{\"@type\":\"PropertyValueSpecification\",\"valueRequired\":true,\"valueName\":\"search_term_string\"}}],\"inLanguage\":\"es-CO\"},{\"@type\":\"Organization\",\"@id\":\"https:\\\/\\\/tzionlibreria.com\\\/#organization\",\"name\":\"tzionlibreria.com\",\"url\":\"https:\\\/\\\/tzionlibreria.com\\\/\",\"logo\":{\"@type\":\"ImageObject\",\"inLanguage\":\"es-CO\",\"@id\":\"https:\\\/\\\/tzionlibreria.com\\\/#\\\/schema\\\/logo\\\/image\\\/\",\"url\":\"https:\\\/\\\/tzionlibreria.com\\\/wp-content\\\/uploads\\\/2023\\\/10\\\/cropped-Cuadricula-scaled-1.jpg\",\"contentUrl\":\"https:\\\/\\\/tzionlibreria.com\\\/wp-content\\\/uploads\\\/2023\\\/10\\\/cropped-Cuadricula-scaled-1.jpg\",\"width\":2560,\"height\":2560,\"caption\":\"tzionlibreria.com\"},\"image\":{\"@id\":\"https:\\\/\\\/tzionlibreria.com\\\/#\\\/schema\\\/logo\\\/image\\\/\"}}]}<\/script>\n<!-- \/ Yoast SEO plugin. -->","yoast_head_json":{"title":"Biblia de Estudio Vida Plena Piel Negro Canto Dorado - tzionlibreria.com","description":"Biblia de Estudio de la Vida Plena, ha convertido en la favorita de pastores, maestros y disc\u00edpulos que anhelan crecer en el conocimiento de las Escrituras","robots":{"index":"index","follow":"follow","max-snippet":"max-snippet:-1","max-image-preview":"max-image-preview:large","max-video-preview":"max-video-preview:-1"},"canonical":"https:\/\/tzionlibreria.com\/index.php\/product\/biblia-de-estudio-vida-plena-piel-negro-canto-dorado\/","og_locale":"es_ES","og_type":"article","og_title":"Biblia de Estudio Vida Plena Piel Negro Canto Dorado - tzionlibreria.com","og_description":"Biblia de Estudio de la Vida Plena, ha convertido en la favorita de pastores, maestros y disc\u00edpulos que anhelan crecer en el conocimiento de las Escrituras","og_url":"https:\/\/tzionlibreria.com\/index.php\/product\/biblia-de-estudio-vida-plena-piel-negro-canto-dorado\/","og_site_name":"tzionlibreria.com","article_modified_time":"2026-01-20T16:37:50+00:00","og_image":[{"width":1080,"height":1080,"url":"http:\/\/tzionlibreria.com\/wp-content\/uploads\/2025\/01\/14.png","type":"image\/png"}],"twitter_card":"summary_large_image","twitter_misc":{"Tiempo de lectura":"2 minutos"},"schema":{"@context":"https:\/\/schema.org","@graph":[{"@type":"WebPage","@id":"https:\/\/tzionlibreria.com\/index.php\/product\/biblia-de-estudio-vida-plena-piel-negro-canto-dorado\/","url":"https:\/\/tzionlibreria.com\/index.php\/product\/biblia-de-estudio-vida-plena-piel-negro-canto-dorado\/","name":"Biblia de Estudio Vida Plena Piel Negro Canto Dorado - tzionlibreria.com","isPartOf":{"@id":"https:\/\/tzionlibreria.com\/#website"},"primaryImageOfPage":{"@id":"https:\/\/tzionlibreria.com\/index.php\/product\/biblia-de-estudio-vida-plena-piel-negro-canto-dorado\/#primaryimage"},"image":{"@id":"https:\/\/tzionlibreria.com\/index.php\/product\/biblia-de-estudio-vida-plena-piel-negro-canto-dorado\/#primaryimage"},"thumbnailUrl":"https:\/\/tzionlibreria.com\/wp-content\/uploads\/2025\/01\/14.png","datePublished":"2025-01-05T01:48:20+00:00","dateModified":"2026-01-20T16:37:50+00:00","description":"Biblia de Estudio de la Vida Plena, ha convertido en la favorita de pastores, maestros y disc\u00edpulos que anhelan crecer en el conocimiento de las Escrituras","breadcrumb":{"@id":"https:\/\/tzionlibreria.com\/index.php\/product\/biblia-de-estudio-vida-plena-piel-negro-canto-dorado\/#breadcrumb"},"inLanguage":"es-CO","potentialAction":[{"@type":"ReadAction","target":["https:\/\/tzionlibreria.com\/index.php\/product\/biblia-de-estudio-vida-plena-piel-negro-canto-dorado\/"]}]},{"@type":"ImageObject","inLanguage":"es-CO","@id":"https:\/\/tzionlibreria.com\/index.php\/product\/biblia-de-estudio-vida-plena-piel-negro-canto-dorado\/#primaryimage","url":"https:\/\/tzionlibreria.com\/wp-content\/uploads\/2025\/01\/14.png","contentUrl":"https:\/\/tzionlibreria.com\/wp-content\/uploads\/2025\/01\/14.png","width":1080,"height":1080},{"@type":"BreadcrumbList","@id":"https:\/\/tzionlibreria.com\/index.php\/product\/biblia-de-estudio-vida-plena-piel-negro-canto-dorado\/#breadcrumb","itemListElement":[{"@type":"ListItem","position":1,"name":"Inicio","item":"https:\/\/tzionlibreria.com\/"},{"@type":"ListItem","position":2,"name":"Shop","item":"https:\/\/tzionlibreria.com\/index.php\/shop\/"},{"@type":"ListItem","position":3,"name":"Biblia de Estudio Vida Plena Piel Negro Canto Dorado"}]},{"@type":"WebSite","@id":"https:\/\/tzionlibreria.com\/#website","url":"https:\/\/tzionlibreria.com\/","name":"tzionlibreria.com","description":"Libreria Cristiana Venezuela","publisher":{"@id":"https:\/\/tzionlibreria.com\/#organization"},"potentialAction":[{"@type":"SearchAction","target":{"@type":"EntryPoint","urlTemplate":"https:\/\/tzionlibreria.com\/?s={search_term_string}"},"query-input":{"@type":"PropertyValueSpecification","valueRequired":true,"valueName":"search_term_string"}}],"inLanguage":"es-CO"},{"@type":"Organization","@id":"https:\/\/tzionlibreria.com\/#organization","name":"tzionlibreria.com","url":"https:\/\/tzionlibreria.com\/","logo":{"@type":"ImageObject","inLanguage":"es-CO","@id":"https:\/\/tzionlibreria.com\/#\/schema\/logo\/image\/","url":"https:\/\/tzionlibreria.com\/wp-content\/uploads\/2023\/10\/cropped-Cuadricula-scaled-1.jpg","contentUrl":"https:\/\/tzionlibreria.com\/wp-content\/uploads\/2023\/10\/cropped-Cuadricula-scaled-1.jpg","width":2560,"height":2560,"caption":"tzionlibreria.com"},"image":{"@id":"https:\/\/tzionlibreria.com\/#\/schema\/logo\/image\/"}}]}},"jetpack_sharing_enabled":true,"_links":{"self":[{"href":"https:\/\/tzionlibreria.com\/index.php\/wp-json\/wp\/v2\/product\/4733","targetHints":{"allow":["GET"]}}],"collection":[{"href":"https:\/\/tzionlibreria.com\/index.php\/wp-json\/wp\/v2\/product"}],"about":[{"href":"https:\/\/tzionlibreria.com\/index.php\/wp-json\/wp\/v2\/types\/product"}],"replies":[{"embeddable":true,"href":"https:\/\/tzionlibreria.com\/index.php\/wp-json\/wp\/v2\/comments?post=4733"}],"wp:featuredmedia":[{"embeddable":true,"href":"https:\/\/tzionlibreria.com\/index.php\/wp-json\/wp\/v2\/media\/4734"}],"wp:attachment":[{"href":"https:\/\/tzionlibreria.com\/index.php\/wp-json\/wp\/v2\/media?parent=4733"}],"wp:term":[{"taxonomy":"product_brand","embeddable":true,"href":"https:\/\/tzionlibreria.com\/index.php\/wp-json\/wp\/v2\/product_brand?post=4733"},{"taxonomy":"product_cat","embeddable":true,"href":"https:\/\/tzionlibreria.com\/index.php\/wp-json\/wp\/v2\/product_cat?post=4733"},{"taxonomy":"product_tag","embeddable":true,"href":"https:\/\/tzionlibreria.com\/index.php\/wp-json\/wp\/v2\/product_tag?post=4733"}],"curies":[{"name":"wp","href":"https:\/\/api.w.org\/{rel}","templated":true}]}}