{"id":4749,"date":"2025-01-05T02:09:21","date_gmt":"2025-01-05T02:09:21","guid":{"rendered":"https:\/\/tzionlibreria.com\/?post_type=product&#038;p=4749"},"modified":"2025-01-05T02:21:56","modified_gmt":"2025-01-05T02:21:56","slug":"concordancia-tematica-holman","status":"publish","type":"product","link":"https:\/\/tzionlibreria.com\/index.php\/product\/concordancia-tematica-holman\/","title":{"rendered":"Concordancia Tem\u00e1tica Holman"},"content":{"rendered":"<p><strong>Una herramienta para aquellos que quieren estudiar la Biblia con seriedad.<\/strong><\/p>\n<p>Con la<em>\u00a0Concordancia Tem\u00e1tica Holman<\/em>\u00a0podr\u00e1 obtener informaci\u00f3n sobre m\u00e1s de 1,700 temas diferentes. Usted especifica el asunto y este libro se ocupa del resto. Lo guiar\u00e1 directamente hacia los pasajes b\u00edblicos pertinentes, de un extremo al otro de la Escritura, y aportar\u00e1 un factor de equilibrio y profundidad al estudio y la ense\u00f1anza.<\/p>\n<p>A diferencia de las concordancias comunes, este volumen va m\u00e1s all\u00e1 de usar palabras b\u00edblicas espec\u00edficas y se\u00f1ala pasajes por temas e ideas, ordenadas alfab\u00e9ticamente en cientos de alternativas.<\/p>\n<p>Es un recurso ideal para desarrollar lecciones de estudio b\u00edblico sobre temas en particular, independientemente de cu\u00e1n contempor\u00e1neos sean. Incluso las personas que reci\u00e9n comienzan a estudiar la Biblia podr\u00e1n usar este sencillo producto de referencia para lograr una comprensi\u00f3n integral sobre lo que dice la Palabra de Dios acerca de casi cualquier tema de inter\u00e9s.<\/p>\n<p>Incluye:<br \/>\n\u2022 40,000 referencias b\u00edblicas<br \/>\n\u2022 Aplicaciones contempor\u00e1neas<br \/>\n\u2022 Listado alfab\u00e9ticos<br \/>\n\u2022 Dibujos lineales de artefactos, edificios y lugares<\/p>\n<p>Es ideal para desarrollar lecciones de estudio b\u00edblico sobre temas en particular , independientemente de cu\u00e1n contempor\u00e1neo sean con la ayuda de un orden alfab\u00e9tico a cientos de alternativas.<\/p>\n<p>&nbsp;<\/p>\n<p><strong>Editorial<\/strong>:\u00a0Broadman &amp; Holman<br \/>\n<strong>Idioma<\/strong>: Espa\u00f1ol<br \/>\n<strong>ISBN<\/strong>: 9780805495751<br \/>\n<strong>Dimensiones<\/strong>: 135 x 33 mm<br \/>\n<strong>Cubierta<\/strong>: Tapa Dura<br \/>\n<strong>N\u00famero de p\u00e1ginas<\/strong>: 584<\/p>\n","protected":false},"excerpt":{"rendered":"<p>Una herramienta para aquellos que quieren estudiar la Biblia con seriedad. Con la\u00a0Concordancia Tem\u00e1tica Holman\u00a0podr\u00e1 obtener informaci\u00f3n sobre m\u00e1s de 1,700 temas diferentes. Usted especifica el asunto y este libro se ocupa del resto. Lo guiar\u00e1 directamente hacia los pasajes b\u00edblicos pertinentes, de un extremo al otro de la Escritura, y aportar\u00e1 un factor de [&hellip;]<\/p>\n","protected":false},"featured_media":4722,"comment_status":"open","ping_status":"closed","template":"","meta":{"om_disable_all_campaigns":false,"_monsterinsights_skip_tracking":false,"_monsterinsights_sitenote_active":false,"_monsterinsights_sitenote_note":"","_monsterinsights_sitenote_category":0,"site-sidebar-layout":"default","site-content-layout":"","ast-site-content-layout":"default","site-content-style":"default","site-sidebar-style":"default","ast-global-header-display":"","ast-banner-title-visibility":"","ast-main-header-display":"","ast-hfb-above-header-display":"","ast-hfb-below-header-display":"","ast-hfb-mobile-header-display":"","site-post-title":"","ast-breadcrumbs-content":"","ast-featured-img":"","footer-sml-layout":"","ast-disable-related-posts":"","theme-transparent-header-meta":"default","adv-header-id-meta":"","stick-header-meta":"","header-above-stick-meta":"","header-main-stick-meta":"","header-below-stick-meta":"","astra-migrate-meta-layouts":"set","ast-page-background-enabled":"default","ast-page-background-meta":{"desktop":{"background-color":"var(--ast-global-color-4)","background-image":"","background-repeat":"repeat","background-position":"center center","background-size":"auto","background-attachment":"scroll","background-type":"","background-media":"","overlay-type":"","overlay-color":"","overlay-opacity":"","overlay-gradient":""},"tablet":{"background-color":"","background-image":"","background-repeat":"repeat","background-position":"center center","background-size":"auto","background-attachment":"scroll","background-type":"","background-media":"","overlay-type":"","overlay-color":"","overlay-opacity":"","overlay-gradient":""},"mobile":{"background-color":"","background-image":"","background-repeat":"repeat","background-position":"center center","background-size":"auto","background-attachment":"scroll","background-type":"","background-media":"","overlay-type":"","overlay-color":"","overlay-opacity":"","overlay-gradient":""}},"ast-content-background-meta":{"desktop":{"background-color":"var(--ast-global-color-5)","background-image":"","background-repeat":"repeat","background-position":"center center","background-size":"auto","background-attachment":"scroll","background-type":"","background-media":"","overlay-type":"","overlay-color":"","overlay-opacity":"","overlay-gradient":""},"tablet":{"background-color":"var(--ast-global-color-5)","background-image":"","background-repeat":"repeat","background-position":"center center","background-size":"auto","background-attachment":"scroll","background-type":"","background-media":"","overlay-type":"","overlay-color":"","overlay-opacity":"","overlay-gradient":""},"mobile":{"background-color":"var(--ast-global-color-5)","background-image":"","background-repeat":"repeat","background-position":"center center","background-size":"auto","background-attachment":"scroll","background-type":"","background-media":"","overlay-type":"","overlay-color":"","overlay-opacity":"","overlay-gradient":""}}},"product_brand":[],"product_cat":[39,26],"product_tag":[],"class_list":{"0":"post-4749","1":"product","2":"type-product","3":"status-publish","4":"has-post-thumbnail","6":"product_cat-concordancia","7":"product_cat-teologia","8":"desktop-align-left","9":"tablet-align-left","10":"mobile-align-left","12":"first","13":"outofstock","14":"shipping-taxable","15":"purchasable","16":"product-type-simple"},"yoast_head":"<!-- This site is optimized with the Yoast SEO plugin v27.4 - https:\/\/yoast.com\/product\/yoast-seo-wordpress\/ -->\n<title>Concordancia Tem\u00e1tica Holman - tzionlibreria.com<\/title>\n<meta name=\"description\" content=\"Es un recurso ideal para desarrollar lecciones de estudio b\u00edblico sobre temas en particular, independientemente de cu\u00e1n contempor\u00e1neos sean\" \/>\n<meta name=\"robots\" content=\"index, follow, max-snippet:-1, max-image-preview:large, max-video-preview:-1\" \/>\n<link rel=\"canonical\" href=\"https:\/\/tzionlibreria.com\/index.php\/product\/concordancia-tematica-holman\/\" \/>\n<meta property=\"og:locale\" content=\"es_ES\" \/>\n<meta property=\"og:type\" content=\"article\" \/>\n<meta property=\"og:title\" content=\"Concordancia Tem\u00e1tica Holman - tzionlibreria.com\" \/>\n<meta property=\"og:description\" content=\"Es un recurso ideal para desarrollar lecciones de estudio b\u00edblico sobre temas en particular, independientemente de cu\u00e1n contempor\u00e1neos sean\" \/>\n<meta property=\"og:url\" content=\"https:\/\/tzionlibreria.com\/index.php\/product\/concordancia-tematica-holman\/\" \/>\n<meta property=\"og:site_name\" content=\"tzionlibreria.com\" \/>\n<meta property=\"article:modified_time\" content=\"2025-01-05T02:21:56+00:00\" \/>\n<meta property=\"og:image\" content=\"http:\/\/tzionlibreria.com\/wp-content\/uploads\/2025\/01\/15.png\" \/>\n\t<meta property=\"og:image:width\" content=\"1080\" \/>\n\t<meta property=\"og:image:height\" content=\"1080\" \/>\n\t<meta property=\"og:image:type\" content=\"image\/png\" \/>\n<meta name=\"twitter:card\" content=\"summary_large_image\" \/>\n<meta name=\"twitter:label1\" content=\"Tiempo de lectura\" \/>\n\t<meta name=\"twitter:data1\" content=\"1 minuto\" \/>\n<script type=\"application\/ld+json\" class=\"yoast-schema-graph\">{\"@context\":\"https:\\\/\\\/schema.org\",\"@graph\":[{\"@type\":\"WebPage\",\"@id\":\"https:\\\/\\\/tzionlibreria.com\\\/index.php\\\/product\\\/concordancia-tematica-holman\\\/\",\"url\":\"https:\\\/\\\/tzionlibreria.com\\\/index.php\\\/product\\\/concordancia-tematica-holman\\\/\",\"name\":\"Concordancia Tem\u00e1tica Holman - tzionlibreria.com\",\"isPartOf\":{\"@id\":\"https:\\\/\\\/tzionlibreria.com\\\/#website\"},\"primaryImageOfPage\":{\"@id\":\"https:\\\/\\\/tzionlibreria.com\\\/index.php\\\/product\\\/concordancia-tematica-holman\\\/#primaryimage\"},\"image\":{\"@id\":\"https:\\\/\\\/tzionlibreria.com\\\/index.php\\\/product\\\/concordancia-tematica-holman\\\/#primaryimage\"},\"thumbnailUrl\":\"https:\\\/\\\/tzionlibreria.com\\\/wp-content\\\/uploads\\\/2025\\\/01\\\/15.png\",\"datePublished\":\"2025-01-05T02:09:21+00:00\",\"dateModified\":\"2025-01-05T02:21:56+00:00\",\"description\":\"Es un recurso ideal para desarrollar lecciones de estudio b\u00edblico sobre temas en particular, independientemente de cu\u00e1n contempor\u00e1neos sean\",\"breadcrumb\":{\"@id\":\"https:\\\/\\\/tzionlibreria.com\\\/index.php\\\/product\\\/concordancia-tematica-holman\\\/#breadcrumb\"},\"inLanguage\":\"es-CO\",\"potentialAction\":[{\"@type\":\"ReadAction\",\"target\":[\"https:\\\/\\\/tzionlibreria.com\\\/index.php\\\/product\\\/concordancia-tematica-holman\\\/\"]}]},{\"@type\":\"ImageObject\",\"inLanguage\":\"es-CO\",\"@id\":\"https:\\\/\\\/tzionlibreria.com\\\/index.php\\\/product\\\/concordancia-tematica-holman\\\/#primaryimage\",\"url\":\"https:\\\/\\\/tzionlibreria.com\\\/wp-content\\\/uploads\\\/2025\\\/01\\\/15.png\",\"contentUrl\":\"https:\\\/\\\/tzionlibreria.com\\\/wp-content\\\/uploads\\\/2025\\\/01\\\/15.png\",\"width\":1080,\"height\":1080},{\"@type\":\"BreadcrumbList\",\"@id\":\"https:\\\/\\\/tzionlibreria.com\\\/index.php\\\/product\\\/concordancia-tematica-holman\\\/#breadcrumb\",\"itemListElement\":[{\"@type\":\"ListItem\",\"position\":1,\"name\":\"Inicio\",\"item\":\"https:\\\/\\\/tzionlibreria.com\\\/\"},{\"@type\":\"ListItem\",\"position\":2,\"name\":\"Shop\",\"item\":\"https:\\\/\\\/tzionlibreria.com\\\/index.php\\\/shop\\\/\"},{\"@type\":\"ListItem\",\"position\":3,\"name\":\"Concordancia Tem\u00e1tica Holman\"}]},{\"@type\":\"WebSite\",\"@id\":\"https:\\\/\\\/tzionlibreria.com\\\/#website\",\"url\":\"https:\\\/\\\/tzionlibreria.com\\\/\",\"name\":\"tzionlibreria.com\",\"description\":\"Libreria Cristiana Venezuela\",\"publisher\":{\"@id\":\"https:\\\/\\\/tzionlibreria.com\\\/#organization\"},\"potentialAction\":[{\"@type\":\"SearchAction\",\"target\":{\"@type\":\"EntryPoint\",\"urlTemplate\":\"https:\\\/\\\/tzionlibreria.com\\\/?s={search_term_string}\"},\"query-input\":{\"@type\":\"PropertyValueSpecification\",\"valueRequired\":true,\"valueName\":\"search_term_string\"}}],\"inLanguage\":\"es-CO\"},{\"@type\":\"Organization\",\"@id\":\"https:\\\/\\\/tzionlibreria.com\\\/#organization\",\"name\":\"tzionlibreria.com\",\"url\":\"https:\\\/\\\/tzionlibreria.com\\\/\",\"logo\":{\"@type\":\"ImageObject\",\"inLanguage\":\"es-CO\",\"@id\":\"https:\\\/\\\/tzionlibreria.com\\\/#\\\/schema\\\/logo\\\/image\\\/\",\"url\":\"https:\\\/\\\/tzionlibreria.com\\\/wp-content\\\/uploads\\\/2023\\\/10\\\/cropped-Cuadricula-scaled-1.jpg\",\"contentUrl\":\"https:\\\/\\\/tzionlibreria.com\\\/wp-content\\\/uploads\\\/2023\\\/10\\\/cropped-Cuadricula-scaled-1.jpg\",\"width\":2560,\"height\":2560,\"caption\":\"tzionlibreria.com\"},\"image\":{\"@id\":\"https:\\\/\\\/tzionlibreria.com\\\/#\\\/schema\\\/logo\\\/image\\\/\"}}]}<\/script>\n<!-- \/ Yoast SEO plugin. -->","yoast_head_json":{"title":"Concordancia Tem\u00e1tica Holman - tzionlibreria.com","description":"Es un recurso ideal para desarrollar lecciones de estudio b\u00edblico sobre temas en particular, independientemente de cu\u00e1n contempor\u00e1neos sean","robots":{"index":"index","follow":"follow","max-snippet":"max-snippet:-1","max-image-preview":"max-image-preview:large","max-video-preview":"max-video-preview:-1"},"canonical":"https:\/\/tzionlibreria.com\/index.php\/product\/concordancia-tematica-holman\/","og_locale":"es_ES","og_type":"article","og_title":"Concordancia Tem\u00e1tica Holman - tzionlibreria.com","og_description":"Es un recurso ideal para desarrollar lecciones de estudio b\u00edblico sobre temas en particular, independientemente de cu\u00e1n contempor\u00e1neos sean","og_url":"https:\/\/tzionlibreria.com\/index.php\/product\/concordancia-tematica-holman\/","og_site_name":"tzionlibreria.com","article_modified_time":"2025-01-05T02:21:56+00:00","og_image":[{"width":1080,"height":1080,"url":"http:\/\/tzionlibreria.com\/wp-content\/uploads\/2025\/01\/15.png","type":"image\/png"}],"twitter_card":"summary_large_image","twitter_misc":{"Tiempo de lectura":"1 minuto"},"schema":{"@context":"https:\/\/schema.org","@graph":[{"@type":"WebPage","@id":"https:\/\/tzionlibreria.com\/index.php\/product\/concordancia-tematica-holman\/","url":"https:\/\/tzionlibreria.com\/index.php\/product\/concordancia-tematica-holman\/","name":"Concordancia Tem\u00e1tica Holman - tzionlibreria.com","isPartOf":{"@id":"https:\/\/tzionlibreria.com\/#website"},"primaryImageOfPage":{"@id":"https:\/\/tzionlibreria.com\/index.php\/product\/concordancia-tematica-holman\/#primaryimage"},"image":{"@id":"https:\/\/tzionlibreria.com\/index.php\/product\/concordancia-tematica-holman\/#primaryimage"},"thumbnailUrl":"https:\/\/tzionlibreria.com\/wp-content\/uploads\/2025\/01\/15.png","datePublished":"2025-01-05T02:09:21+00:00","dateModified":"2025-01-05T02:21:56+00:00","description":"Es un recurso ideal para desarrollar lecciones de estudio b\u00edblico sobre temas en particular, independientemente de cu\u00e1n contempor\u00e1neos sean","breadcrumb":{"@id":"https:\/\/tzionlibreria.com\/index.php\/product\/concordancia-tematica-holman\/#breadcrumb"},"inLanguage":"es-CO","potentialAction":[{"@type":"ReadAction","target":["https:\/\/tzionlibreria.com\/index.php\/product\/concordancia-tematica-holman\/"]}]},{"@type":"ImageObject","inLanguage":"es-CO","@id":"https:\/\/tzionlibreria.com\/index.php\/product\/concordancia-tematica-holman\/#primaryimage","url":"https:\/\/tzionlibreria.com\/wp-content\/uploads\/2025\/01\/15.png","contentUrl":"https:\/\/tzionlibreria.com\/wp-content\/uploads\/2025\/01\/15.png","width":1080,"height":1080},{"@type":"BreadcrumbList","@id":"https:\/\/tzionlibreria.com\/index.php\/product\/concordancia-tematica-holman\/#breadcrumb","itemListElement":[{"@type":"ListItem","position":1,"name":"Inicio","item":"https:\/\/tzionlibreria.com\/"},{"@type":"ListItem","position":2,"name":"Shop","item":"https:\/\/tzionlibreria.com\/index.php\/shop\/"},{"@type":"ListItem","position":3,"name":"Concordancia Tem\u00e1tica Holman"}]},{"@type":"WebSite","@id":"https:\/\/tzionlibreria.com\/#website","url":"https:\/\/tzionlibreria.com\/","name":"tzionlibreria.com","description":"Libreria Cristiana Venezuela","publisher":{"@id":"https:\/\/tzionlibreria.com\/#organization"},"potentialAction":[{"@type":"SearchAction","target":{"@type":"EntryPoint","urlTemplate":"https:\/\/tzionlibreria.com\/?s={search_term_string}"},"query-input":{"@type":"PropertyValueSpecification","valueRequired":true,"valueName":"search_term_string"}}],"inLanguage":"es-CO"},{"@type":"Organization","@id":"https:\/\/tzionlibreria.com\/#organization","name":"tzionlibreria.com","url":"https:\/\/tzionlibreria.com\/","logo":{"@type":"ImageObject","inLanguage":"es-CO","@id":"https:\/\/tzionlibreria.com\/#\/schema\/logo\/image\/","url":"https:\/\/tzionlibreria.com\/wp-content\/uploads\/2023\/10\/cropped-Cuadricula-scaled-1.jpg","contentUrl":"https:\/\/tzionlibreria.com\/wp-content\/uploads\/2023\/10\/cropped-Cuadricula-scaled-1.jpg","width":2560,"height":2560,"caption":"tzionlibreria.com"},"image":{"@id":"https:\/\/tzionlibreria.com\/#\/schema\/logo\/image\/"}}]}},"jetpack_sharing_enabled":true,"_links":{"self":[{"href":"https:\/\/tzionlibreria.com\/index.php\/wp-json\/wp\/v2\/product\/4749","targetHints":{"allow":["GET"]}}],"collection":[{"href":"https:\/\/tzionlibreria.com\/index.php\/wp-json\/wp\/v2\/product"}],"about":[{"href":"https:\/\/tzionlibreria.com\/index.php\/wp-json\/wp\/v2\/types\/product"}],"replies":[{"embeddable":true,"href":"https:\/\/tzionlibreria.com\/index.php\/wp-json\/wp\/v2\/comments?post=4749"}],"wp:featuredmedia":[{"embeddable":true,"href":"https:\/\/tzionlibreria.com\/index.php\/wp-json\/wp\/v2\/media\/4722"}],"wp:attachment":[{"href":"https:\/\/tzionlibreria.com\/index.php\/wp-json\/wp\/v2\/media?parent=4749"}],"wp:term":[{"taxonomy":"product_brand","embeddable":true,"href":"https:\/\/tzionlibreria.com\/index.php\/wp-json\/wp\/v2\/product_brand?post=4749"},{"taxonomy":"product_cat","embeddable":true,"href":"https:\/\/tzionlibreria.com\/index.php\/wp-json\/wp\/v2\/product_cat?post=4749"},{"taxonomy":"product_tag","embeddable":true,"href":"https:\/\/tzionlibreria.com\/index.php\/wp-json\/wp\/v2\/product_tag?post=4749"}],"curies":[{"name":"wp","href":"https:\/\/api.w.org\/{rel}","templated":true}]}}