{"id":480,"date":"2023-10-07T02:05:09","date_gmt":"2023-10-07T02:05:09","guid":{"rendered":"https:\/\/tzionlibreria.com\/?post_type=product&#038;p=480"},"modified":"2025-06-16T01:53:19","modified_gmt":"2025-06-16T01:53:19","slug":"buenos-dias-espiritu-santo-benny-hinn","status":"publish","type":"product","link":"https:\/\/tzionlibreria.com\/index.php\/product\/buenos-dias-espiritu-santo-benny-hinn\/","title":{"rendered":"Buenos d\u00edas, Esp\u00edritu Santo \u2013 Benny Hinn"},"content":{"rendered":"<h3 data-start=\"172\" data-end=\"225\">\ud83d\udcd7 <strong data-start=\"179\" data-end=\"223\">Buenos d\u00edas, Esp\u00edritu Santo \u2013 Benny Hinn<\/strong><\/h3>\n<p>&nbsp;<\/p>\n<p data-start=\"226\" data-end=\"381\"><strong data-start=\"226\" data-end=\"235\">ISBN:<\/strong> 9780789910769<br data-start=\"249\" data-end=\"252\" \/><strong data-start=\"252\" data-end=\"266\">Editorial:<\/strong> Unilit<br data-start=\"273\" data-end=\"276\" \/><strong data-start=\"276\" data-end=\"288\">Formato:<\/strong> R\u00fastica \u2013 171 p\u00e1ginas<br data-start=\"310\" data-end=\"313\" \/><strong data-start=\"313\" data-end=\"329\">Dimensiones:<\/strong> 11 x 17 cm | <strong data-start=\"343\" data-end=\"352\">Peso:<\/strong> 122g<br data-start=\"357\" data-end=\"360\" data-is-only-node=\"\" \/><strong data-start=\"360\" data-end=\"371\">Idioma:<\/strong> Espa\u00f1ol<\/p>\n<p data-start=\"383\" data-end=\"851\"><br data-start=\"412\" data-end=\"415\" \/>En <em data-start=\"418\" data-end=\"447\">Buenos d\u00edas, Esp\u00edritu Santo<\/em>, el pastor Benny Hinn nos gu\u00eda en una experiencia profunda de comuni\u00f3n con la tercera persona de la Trinidad. A trav\u00e9s de su testimonio personal y revelaciones espirituales, este libro transforma la relaci\u00f3n con el Esp\u00edritu Santo en algo \u00edntimo, real y accesible para todos los creyentes. Incluye una gu\u00eda de estudio que lo convierte en una herramienta poderosa tanto para uso individual como en grupos.<\/p>\n<p data-start=\"853\" data-end=\"1186\"><strong data-start=\"853\" data-end=\"876\">Ventajas del libro:<\/strong><br data-start=\"876\" data-end=\"879\" \/>\u2705 Lenguaje claro, poderoso y f\u00e1cil de aplicar<br data-start=\"924\" data-end=\"927\" \/>\u2705 Gu\u00eda de estudio incluida para reflexiones personales o grupales<br data-start=\"992\" data-end=\"995\" \/>\u2705 Ense\u00f1anzas pr\u00e1cticas sobre oraci\u00f3n, unci\u00f3n y direcci\u00f3n espiritual<br data-start=\"1062\" data-end=\"1065\" \/>\u2705 Inspiraci\u00f3n para vivir una vida guiada por el Esp\u00edritu Santo<br data-start=\"1127\" data-end=\"1130\" \/>\u2705 Bestseller cristiano con millones de copias vendidas<\/p>\n<p data-start=\"1188\" data-end=\"1446\"><strong data-start=\"1188\" data-end=\"1216\">\u00bfPara qui\u00e9n va dirigido?<\/strong><br data-start=\"1216\" data-end=\"1219\" \/>\ud83d\udc64 Cristianos que desean fortalecer su vida espiritual<br data-start=\"1273\" data-end=\"1276\" \/>\ud83d\udc64 Nuevos creyentes que quieren conocer al Esp\u00edritu Santo<br data-start=\"1333\" data-end=\"1336\" \/>\ud83d\udc64 Pastores y l\u00edderes en discipulado<br data-start=\"1372\" data-end=\"1375\" \/>\ud83d\udc64 Cualquier persona que anhele una relaci\u00f3n \u00edntima y diaria con Dios<\/p>\n","protected":false},"excerpt":{"rendered":"<p>\ud83d\udcd7 Buenos d\u00edas, Esp\u00edritu Santo \u2013 Benny Hinn &nbsp; ISBN: 9780789910769Editorial: UnilitFormato: R\u00fastica \u2013 171 p\u00e1ginasDimensiones: 11 x 17 cm | Peso: 122gIdioma: Espa\u00f1ol En Buenos d\u00edas, Esp\u00edritu Santo, el pastor Benny Hinn nos gu\u00eda en una experiencia profunda de comuni\u00f3n con la tercera persona de la Trinidad. A trav\u00e9s de su testimonio personal y [&hellip;]<\/p>\n","protected":false},"featured_media":481,"comment_status":"open","ping_status":"closed","template":"","meta":{"om_disable_all_campaigns":false,"_monsterinsights_skip_tracking":false,"_monsterinsights_sitenote_active":false,"_monsterinsights_sitenote_note":"","_monsterinsights_sitenote_category":0,"site-sidebar-layout":"default","site-content-layout":"","ast-site-content-layout":"default","site-content-style":"default","site-sidebar-style":"default","ast-global-header-display":"","ast-banner-title-visibility":"","ast-main-header-display":"","ast-hfb-above-header-display":"","ast-hfb-below-header-display":"","ast-hfb-mobile-header-display":"","site-post-title":"","ast-breadcrumbs-content":"","ast-featured-img":"","footer-sml-layout":"","ast-disable-related-posts":"","theme-transparent-header-meta":"default","adv-header-id-meta":"","stick-header-meta":"","header-above-stick-meta":"","header-main-stick-meta":"","header-below-stick-meta":"","astra-migrate-meta-layouts":"set","ast-page-background-enabled":"default","ast-page-background-meta":{"desktop":{"background-color":"var(--ast-global-color-4)","background-image":"","background-repeat":"repeat","background-position":"center center","background-size":"auto","background-attachment":"scroll","background-type":"","background-media":"","overlay-type":"","overlay-color":"","overlay-opacity":"","overlay-gradient":""},"tablet":{"background-color":"","background-image":"","background-repeat":"repeat","background-position":"center center","background-size":"auto","background-attachment":"scroll","background-type":"","background-media":"","overlay-type":"","overlay-color":"","overlay-opacity":"","overlay-gradient":""},"mobile":{"background-color":"","background-image":"","background-repeat":"repeat","background-position":"center center","background-size":"auto","background-attachment":"scroll","background-type":"","background-media":"","overlay-type":"","overlay-color":"","overlay-opacity":"","overlay-gradient":""}},"ast-content-background-meta":{"desktop":{"background-color":"var(--ast-global-color-5)","background-image":"","background-repeat":"repeat","background-position":"center center","background-size":"auto","background-attachment":"scroll","background-type":"","background-media":"","overlay-type":"","overlay-color":"","overlay-opacity":"","overlay-gradient":""},"tablet":{"background-color":"var(--ast-global-color-5)","background-image":"","background-repeat":"repeat","background-position":"center center","background-size":"auto","background-attachment":"scroll","background-type":"","background-media":"","overlay-type":"","overlay-color":"","overlay-opacity":"","overlay-gradient":""},"mobile":{"background-color":"var(--ast-global-color-5)","background-image":"","background-repeat":"repeat","background-position":"center center","background-size":"auto","background-attachment":"scroll","background-type":"","background-media":"","overlay-type":"","overlay-color":"","overlay-opacity":"","overlay-gradient":""}}},"product_brand":[],"product_cat":[165,168,169,174,23,175,170,176],"product_tag":[54,55],"class_list":{"0":"post-480","1":"product","2":"type-product","3":"status-publish","4":"has-post-thumbnail","6":"product_cat-adoracion","7":"product_cat-guerra-espiritual","8":"product_cat-hombres","9":"product_cat-iglesia","10":"product_cat-libros","11":"product_cat-liderazgo","12":"product_cat-mujeres","13":"product_cat-oraciones","14":"product_tag-benny-hinn","15":"product_tag-espiritu-santo","16":"desktop-align-left","17":"tablet-align-left","18":"mobile-align-left","20":"first","21":"instock","22":"shipping-taxable","23":"purchasable","24":"product-type-simple"},"yoast_head":"<!-- This site is optimized with the Yoast SEO plugin v27.4 - https:\/\/yoast.com\/product\/yoast-seo-wordpress\/ -->\n<title>Buenos d\u00edas, Esp\u00edritu Santo \u2013 Benny Hinn - tzionlibreria.com<\/title>\n<meta name=\"description\" content=\"Benny Hinn nos gu\u00eda en una experiencia profunda de comuni\u00f3n con la tercera persona de la Trinidad. A trav\u00e9s de su testimonio la con el Esp\u00edritu Santo.\" \/>\n<meta name=\"robots\" content=\"index, follow, max-snippet:-1, max-image-preview:large, max-video-preview:-1\" \/>\n<link rel=\"canonical\" href=\"https:\/\/tzionlibreria.com\/index.php\/product\/buenos-dias-espiritu-santo-benny-hinn\/\" \/>\n<meta property=\"og:locale\" content=\"es_ES\" \/>\n<meta property=\"og:type\" content=\"article\" \/>\n<meta property=\"og:title\" content=\"Buenos d\u00edas, Esp\u00edritu Santo \u2013 Benny Hinn - tzionlibreria.com\" \/>\n<meta property=\"og:description\" content=\"Benny Hinn nos gu\u00eda en una experiencia profunda de comuni\u00f3n con la tercera persona de la Trinidad. A trav\u00e9s de su testimonio la con el Esp\u00edritu Santo.\" \/>\n<meta property=\"og:url\" content=\"https:\/\/tzionlibreria.com\/index.php\/product\/buenos-dias-espiritu-santo-benny-hinn\/\" \/>\n<meta property=\"og:site_name\" content=\"tzionlibreria.com\" \/>\n<meta property=\"article:modified_time\" content=\"2025-06-16T01:53:19+00:00\" \/>\n<meta property=\"og:image\" content=\"http:\/\/tzionlibreria.com\/wp-content\/uploads\/2023\/10\/D_NQ_NP_2X_785807-MLV51617279085_092022-F.webp\" \/>\n\t<meta property=\"og:image:width\" content=\"1073\" \/>\n\t<meta property=\"og:image:height\" content=\"968\" \/>\n\t<meta property=\"og:image:type\" content=\"image\/webp\" \/>\n<meta name=\"twitter:card\" content=\"summary_large_image\" \/>\n<meta name=\"twitter:label1\" content=\"Tiempo de lectura\" \/>\n\t<meta name=\"twitter:data1\" content=\"2 minutos\" \/>\n<script type=\"application\/ld+json\" class=\"yoast-schema-graph\">{\"@context\":\"https:\\\/\\\/schema.org\",\"@graph\":[{\"@type\":\"WebPage\",\"@id\":\"https:\\\/\\\/tzionlibreria.com\\\/index.php\\\/product\\\/buenos-dias-espiritu-santo-benny-hinn\\\/\",\"url\":\"https:\\\/\\\/tzionlibreria.com\\\/index.php\\\/product\\\/buenos-dias-espiritu-santo-benny-hinn\\\/\",\"name\":\"Buenos d\u00edas, Esp\u00edritu Santo \u2013 Benny Hinn - tzionlibreria.com\",\"isPartOf\":{\"@id\":\"https:\\\/\\\/tzionlibreria.com\\\/#website\"},\"primaryImageOfPage\":{\"@id\":\"https:\\\/\\\/tzionlibreria.com\\\/index.php\\\/product\\\/buenos-dias-espiritu-santo-benny-hinn\\\/#primaryimage\"},\"image\":{\"@id\":\"https:\\\/\\\/tzionlibreria.com\\\/index.php\\\/product\\\/buenos-dias-espiritu-santo-benny-hinn\\\/#primaryimage\"},\"thumbnailUrl\":\"https:\\\/\\\/tzionlibreria.com\\\/wp-content\\\/uploads\\\/2023\\\/10\\\/D_NQ_NP_2X_785807-MLV51617279085_092022-F.webp\",\"datePublished\":\"2023-10-07T02:05:09+00:00\",\"dateModified\":\"2025-06-16T01:53:19+00:00\",\"description\":\"Benny Hinn nos gu\u00eda en una experiencia profunda de comuni\u00f3n con la tercera persona de la Trinidad. A trav\u00e9s de su testimonio la con el Esp\u00edritu Santo.\",\"breadcrumb\":{\"@id\":\"https:\\\/\\\/tzionlibreria.com\\\/index.php\\\/product\\\/buenos-dias-espiritu-santo-benny-hinn\\\/#breadcrumb\"},\"inLanguage\":\"es-CO\",\"potentialAction\":[{\"@type\":\"ReadAction\",\"target\":[\"https:\\\/\\\/tzionlibreria.com\\\/index.php\\\/product\\\/buenos-dias-espiritu-santo-benny-hinn\\\/\"]}]},{\"@type\":\"ImageObject\",\"inLanguage\":\"es-CO\",\"@id\":\"https:\\\/\\\/tzionlibreria.com\\\/index.php\\\/product\\\/buenos-dias-espiritu-santo-benny-hinn\\\/#primaryimage\",\"url\":\"https:\\\/\\\/tzionlibreria.com\\\/wp-content\\\/uploads\\\/2023\\\/10\\\/D_NQ_NP_2X_785807-MLV51617279085_092022-F.webp\",\"contentUrl\":\"https:\\\/\\\/tzionlibreria.com\\\/wp-content\\\/uploads\\\/2023\\\/10\\\/D_NQ_NP_2X_785807-MLV51617279085_092022-F.webp\",\"width\":1073,\"height\":968},{\"@type\":\"BreadcrumbList\",\"@id\":\"https:\\\/\\\/tzionlibreria.com\\\/index.php\\\/product\\\/buenos-dias-espiritu-santo-benny-hinn\\\/#breadcrumb\",\"itemListElement\":[{\"@type\":\"ListItem\",\"position\":1,\"name\":\"Inicio\",\"item\":\"https:\\\/\\\/tzionlibreria.com\\\/\"},{\"@type\":\"ListItem\",\"position\":2,\"name\":\"Shop\",\"item\":\"https:\\\/\\\/tzionlibreria.com\\\/index.php\\\/shop\\\/\"},{\"@type\":\"ListItem\",\"position\":3,\"name\":\"Buenos d\u00edas, Esp\u00edritu Santo \u2013 Benny Hinn\"}]},{\"@type\":\"WebSite\",\"@id\":\"https:\\\/\\\/tzionlibreria.com\\\/#website\",\"url\":\"https:\\\/\\\/tzionlibreria.com\\\/\",\"name\":\"tzionlibreria.com\",\"description\":\"Libreria Cristiana Venezuela\",\"publisher\":{\"@id\":\"https:\\\/\\\/tzionlibreria.com\\\/#organization\"},\"potentialAction\":[{\"@type\":\"SearchAction\",\"target\":{\"@type\":\"EntryPoint\",\"urlTemplate\":\"https:\\\/\\\/tzionlibreria.com\\\/?s={search_term_string}\"},\"query-input\":{\"@type\":\"PropertyValueSpecification\",\"valueRequired\":true,\"valueName\":\"search_term_string\"}}],\"inLanguage\":\"es-CO\"},{\"@type\":\"Organization\",\"@id\":\"https:\\\/\\\/tzionlibreria.com\\\/#organization\",\"name\":\"tzionlibreria.com\",\"url\":\"https:\\\/\\\/tzionlibreria.com\\\/\",\"logo\":{\"@type\":\"ImageObject\",\"inLanguage\":\"es-CO\",\"@id\":\"https:\\\/\\\/tzionlibreria.com\\\/#\\\/schema\\\/logo\\\/image\\\/\",\"url\":\"https:\\\/\\\/tzionlibreria.com\\\/wp-content\\\/uploads\\\/2023\\\/10\\\/cropped-Cuadricula-scaled-1.jpg\",\"contentUrl\":\"https:\\\/\\\/tzionlibreria.com\\\/wp-content\\\/uploads\\\/2023\\\/10\\\/cropped-Cuadricula-scaled-1.jpg\",\"width\":2560,\"height\":2560,\"caption\":\"tzionlibreria.com\"},\"image\":{\"@id\":\"https:\\\/\\\/tzionlibreria.com\\\/#\\\/schema\\\/logo\\\/image\\\/\"}}]}<\/script>\n<!-- \/ Yoast SEO plugin. -->","yoast_head_json":{"title":"Buenos d\u00edas, Esp\u00edritu Santo \u2013 Benny Hinn - tzionlibreria.com","description":"Benny Hinn nos gu\u00eda en una experiencia profunda de comuni\u00f3n con la tercera persona de la Trinidad. A trav\u00e9s de su testimonio la con el Esp\u00edritu Santo.","robots":{"index":"index","follow":"follow","max-snippet":"max-snippet:-1","max-image-preview":"max-image-preview:large","max-video-preview":"max-video-preview:-1"},"canonical":"https:\/\/tzionlibreria.com\/index.php\/product\/buenos-dias-espiritu-santo-benny-hinn\/","og_locale":"es_ES","og_type":"article","og_title":"Buenos d\u00edas, Esp\u00edritu Santo \u2013 Benny Hinn - tzionlibreria.com","og_description":"Benny Hinn nos gu\u00eda en una experiencia profunda de comuni\u00f3n con la tercera persona de la Trinidad. A trav\u00e9s de su testimonio la con el Esp\u00edritu Santo.","og_url":"https:\/\/tzionlibreria.com\/index.php\/product\/buenos-dias-espiritu-santo-benny-hinn\/","og_site_name":"tzionlibreria.com","article_modified_time":"2025-06-16T01:53:19+00:00","og_image":[{"width":1073,"height":968,"url":"http:\/\/tzionlibreria.com\/wp-content\/uploads\/2023\/10\/D_NQ_NP_2X_785807-MLV51617279085_092022-F.webp","type":"image\/webp"}],"twitter_card":"summary_large_image","twitter_misc":{"Tiempo de lectura":"2 minutos"},"schema":{"@context":"https:\/\/schema.org","@graph":[{"@type":"WebPage","@id":"https:\/\/tzionlibreria.com\/index.php\/product\/buenos-dias-espiritu-santo-benny-hinn\/","url":"https:\/\/tzionlibreria.com\/index.php\/product\/buenos-dias-espiritu-santo-benny-hinn\/","name":"Buenos d\u00edas, Esp\u00edritu Santo \u2013 Benny Hinn - tzionlibreria.com","isPartOf":{"@id":"https:\/\/tzionlibreria.com\/#website"},"primaryImageOfPage":{"@id":"https:\/\/tzionlibreria.com\/index.php\/product\/buenos-dias-espiritu-santo-benny-hinn\/#primaryimage"},"image":{"@id":"https:\/\/tzionlibreria.com\/index.php\/product\/buenos-dias-espiritu-santo-benny-hinn\/#primaryimage"},"thumbnailUrl":"https:\/\/tzionlibreria.com\/wp-content\/uploads\/2023\/10\/D_NQ_NP_2X_785807-MLV51617279085_092022-F.webp","datePublished":"2023-10-07T02:05:09+00:00","dateModified":"2025-06-16T01:53:19+00:00","description":"Benny Hinn nos gu\u00eda en una experiencia profunda de comuni\u00f3n con la tercera persona de la Trinidad. A trav\u00e9s de su testimonio la con el Esp\u00edritu Santo.","breadcrumb":{"@id":"https:\/\/tzionlibreria.com\/index.php\/product\/buenos-dias-espiritu-santo-benny-hinn\/#breadcrumb"},"inLanguage":"es-CO","potentialAction":[{"@type":"ReadAction","target":["https:\/\/tzionlibreria.com\/index.php\/product\/buenos-dias-espiritu-santo-benny-hinn\/"]}]},{"@type":"ImageObject","inLanguage":"es-CO","@id":"https:\/\/tzionlibreria.com\/index.php\/product\/buenos-dias-espiritu-santo-benny-hinn\/#primaryimage","url":"https:\/\/tzionlibreria.com\/wp-content\/uploads\/2023\/10\/D_NQ_NP_2X_785807-MLV51617279085_092022-F.webp","contentUrl":"https:\/\/tzionlibreria.com\/wp-content\/uploads\/2023\/10\/D_NQ_NP_2X_785807-MLV51617279085_092022-F.webp","width":1073,"height":968},{"@type":"BreadcrumbList","@id":"https:\/\/tzionlibreria.com\/index.php\/product\/buenos-dias-espiritu-santo-benny-hinn\/#breadcrumb","itemListElement":[{"@type":"ListItem","position":1,"name":"Inicio","item":"https:\/\/tzionlibreria.com\/"},{"@type":"ListItem","position":2,"name":"Shop","item":"https:\/\/tzionlibreria.com\/index.php\/shop\/"},{"@type":"ListItem","position":3,"name":"Buenos d\u00edas, Esp\u00edritu Santo \u2013 Benny Hinn"}]},{"@type":"WebSite","@id":"https:\/\/tzionlibreria.com\/#website","url":"https:\/\/tzionlibreria.com\/","name":"tzionlibreria.com","description":"Libreria Cristiana Venezuela","publisher":{"@id":"https:\/\/tzionlibreria.com\/#organization"},"potentialAction":[{"@type":"SearchAction","target":{"@type":"EntryPoint","urlTemplate":"https:\/\/tzionlibreria.com\/?s={search_term_string}"},"query-input":{"@type":"PropertyValueSpecification","valueRequired":true,"valueName":"search_term_string"}}],"inLanguage":"es-CO"},{"@type":"Organization","@id":"https:\/\/tzionlibreria.com\/#organization","name":"tzionlibreria.com","url":"https:\/\/tzionlibreria.com\/","logo":{"@type":"ImageObject","inLanguage":"es-CO","@id":"https:\/\/tzionlibreria.com\/#\/schema\/logo\/image\/","url":"https:\/\/tzionlibreria.com\/wp-content\/uploads\/2023\/10\/cropped-Cuadricula-scaled-1.jpg","contentUrl":"https:\/\/tzionlibreria.com\/wp-content\/uploads\/2023\/10\/cropped-Cuadricula-scaled-1.jpg","width":2560,"height":2560,"caption":"tzionlibreria.com"},"image":{"@id":"https:\/\/tzionlibreria.com\/#\/schema\/logo\/image\/"}}]}},"jetpack_sharing_enabled":true,"_links":{"self":[{"href":"https:\/\/tzionlibreria.com\/index.php\/wp-json\/wp\/v2\/product\/480","targetHints":{"allow":["GET"]}}],"collection":[{"href":"https:\/\/tzionlibreria.com\/index.php\/wp-json\/wp\/v2\/product"}],"about":[{"href":"https:\/\/tzionlibreria.com\/index.php\/wp-json\/wp\/v2\/types\/product"}],"replies":[{"embeddable":true,"href":"https:\/\/tzionlibreria.com\/index.php\/wp-json\/wp\/v2\/comments?post=480"}],"wp:featuredmedia":[{"embeddable":true,"href":"https:\/\/tzionlibreria.com\/index.php\/wp-json\/wp\/v2\/media\/481"}],"wp:attachment":[{"href":"https:\/\/tzionlibreria.com\/index.php\/wp-json\/wp\/v2\/media?parent=480"}],"wp:term":[{"taxonomy":"product_brand","embeddable":true,"href":"https:\/\/tzionlibreria.com\/index.php\/wp-json\/wp\/v2\/product_brand?post=480"},{"taxonomy":"product_cat","embeddable":true,"href":"https:\/\/tzionlibreria.com\/index.php\/wp-json\/wp\/v2\/product_cat?post=480"},{"taxonomy":"product_tag","embeddable":true,"href":"https:\/\/tzionlibreria.com\/index.php\/wp-json\/wp\/v2\/product_tag?post=480"}],"curies":[{"name":"wp","href":"https:\/\/api.w.org\/{rel}","templated":true}]}}