{"id":494,"date":"2023-10-07T02:09:10","date_gmt":"2023-10-07T02:09:10","guid":{"rendered":"https:\/\/tzionlibreria.com\/?post_type=product&#038;p=494"},"modified":"2025-06-16T02:30:20","modified_gmt":"2025-06-16T02:30:20","slug":"el-manual-del-profeta-john-eckhardt","status":"publish","type":"product","link":"https:\/\/tzionlibreria.com\/index.php\/product\/el-manual-del-profeta-john-eckhardt\/","title":{"rendered":"El Manual Del Profeta &#8211; John Eckhardt"},"content":{"rendered":"<h2 class=\"product-subtitle\">Un gu\u00eda para mantener su don prof\u00e9ctico<\/h2>\n<p>&nbsp;<\/p>\n<div id=\"ctl00_ucPDTabs_ctl00_fs\" class=\"ProductDetailGroup\">\n<p>\u00bfHay algo movi\u00e9ndose dentro de usted, esperando a ser desafiado, capacitado y activado? \u00bfEst\u00e1 esperando usar su don para escuchar la voz de Dios y llevar sus mensajes?<\/p>\n<div><\/div>\n<div>En \u201cEl manual del profeta\u201d, el escritor John Eckhardt, quien es autor de varios libros de mayor venta, provee la ense\u00f1anza y activaci\u00f3n\u00a0 necesaria para levantar una generaci\u00f3n de profetas que escuchan a Dios. \u00c9l ense\u00f1a las caracter\u00edsticas de los profetas y su rol en nuestra cultura y en la iglesia; al mismo tiempo, anima a aquellos que operan el don prof\u00e9tico a perseverar sin importar cu\u00e1n dif\u00edcil se vuelva el camino.<\/div>\n<div><\/div>\n<div>El cielo est\u00e1 tocando a los profetas, quienes han sido silenciados, malentendidos, maltratados y perseguidos. Que cualquier cosecha que el enemigo haya robado, sea ahora restaurada y fortalecida para perdurar.<\/div>\n<\/div>\n<div id=\"ctl00_ucPDTabs_ctl01_fs\" class=\"ProductDetailGroup\"><\/div>\n<div><strong>ISBN<\/strong>: 9781629990606<br \/>\n<strong>Editorial<\/strong>: Casa Creaci\u00f3n<br \/>\n<strong>Dimensiones<\/strong>: 107 x 203 x 20 mm<br \/>\n<strong>Peso<\/strong>: 0,375kg<br \/>\n<strong>Cubierta<\/strong>: R\u00fastica<br \/>\n<strong>Idioma<\/strong>: Espa\u00f1ol<\/div>\n","protected":false},"excerpt":{"rendered":"<p>Un gu\u00eda para mantener su don prof\u00e9ctico &nbsp; \u00bfHay algo movi\u00e9ndose dentro de usted, esperando a ser desafiado, capacitado y activado? \u00bfEst\u00e1 esperando usar su don para escuchar la voz de Dios y llevar sus mensajes? En \u201cEl manual del profeta\u201d, el escritor John Eckhardt, quien es autor de varios libros de mayor venta, provee [&hellip;]<\/p>\n","protected":false},"featured_media":495,"comment_status":"open","ping_status":"closed","template":"","meta":{"om_disable_all_campaigns":false,"_monsterinsights_skip_tracking":false,"_monsterinsights_sitenote_active":false,"_monsterinsights_sitenote_note":"","_monsterinsights_sitenote_category":0,"site-sidebar-layout":"default","site-content-layout":"","ast-site-content-layout":"default","site-content-style":"default","site-sidebar-style":"default","ast-global-header-display":"","ast-banner-title-visibility":"","ast-main-header-display":"","ast-hfb-above-header-display":"","ast-hfb-below-header-display":"","ast-hfb-mobile-header-display":"","site-post-title":"","ast-breadcrumbs-content":"","ast-featured-img":"","footer-sml-layout":"","ast-disable-related-posts":"","theme-transparent-header-meta":"default","adv-header-id-meta":"","stick-header-meta":"","header-above-stick-meta":"","header-main-stick-meta":"","header-below-stick-meta":"","astra-migrate-meta-layouts":"set","ast-page-background-enabled":"default","ast-page-background-meta":{"desktop":{"background-color":"var(--ast-global-color-4)","background-image":"","background-repeat":"repeat","background-position":"center center","background-size":"auto","background-attachment":"scroll","background-type":"","background-media":"","overlay-type":"","overlay-color":"","overlay-opacity":"","overlay-gradient":""},"tablet":{"background-color":"","background-image":"","background-repeat":"repeat","background-position":"center center","background-size":"auto","background-attachment":"scroll","background-type":"","background-media":"","overlay-type":"","overlay-color":"","overlay-opacity":"","overlay-gradient":""},"mobile":{"background-color":"","background-image":"","background-repeat":"repeat","background-position":"center center","background-size":"auto","background-attachment":"scroll","background-type":"","background-media":"","overlay-type":"","overlay-color":"","overlay-opacity":"","overlay-gradient":""}},"ast-content-background-meta":{"desktop":{"background-color":"var(--ast-global-color-5)","background-image":"","background-repeat":"repeat","background-position":"center center","background-size":"auto","background-attachment":"scroll","background-type":"","background-media":"","overlay-type":"","overlay-color":"","overlay-opacity":"","overlay-gradient":""},"tablet":{"background-color":"var(--ast-global-color-5)","background-image":"","background-repeat":"repeat","background-position":"center center","background-size":"auto","background-attachment":"scroll","background-type":"","background-media":"","overlay-type":"","overlay-color":"","overlay-opacity":"","overlay-gradient":""},"mobile":{"background-color":"var(--ast-global-color-5)","background-image":"","background-repeat":"repeat","background-position":"center center","background-size":"auto","background-attachment":"scroll","background-type":"","background-media":"","overlay-type":"","overlay-color":"","overlay-opacity":"","overlay-gradient":""}}},"product_brand":[],"product_cat":[174,23,166],"product_tag":[56,291],"class_list":{"0":"post-494","1":"product","2":"type-product","3":"status-publish","4":"has-post-thumbnail","6":"product_cat-iglesia","7":"product_cat-libros","8":"product_cat-profecia","9":"product_tag-john-eckhardt","10":"product_tag-profeta","11":"desktop-align-left","12":"tablet-align-left","13":"mobile-align-left","15":"first","16":"instock","17":"shipping-taxable","18":"purchasable","19":"product-type-simple"},"yoast_head":"<!-- This site is optimized with the Yoast SEO plugin v27.4 - https:\/\/yoast.com\/product\/yoast-seo-wordpress\/ -->\n<title>El Manual Del Profeta - John Eckhardt - tzionlibreria.com<\/title>\n<meta name=\"description\" content=\"provee la ense\u00f1anza y activaci\u00f3n\u00a0 necesaria para levantar una generaci\u00f3n de profetas que escuchan a Dios. \u00c9l ense\u00f1a las caracter\u00edsticas de los profetas.\" \/>\n<meta name=\"robots\" content=\"index, follow, max-snippet:-1, max-image-preview:large, max-video-preview:-1\" \/>\n<link rel=\"canonical\" href=\"https:\/\/tzionlibreria.com\/index.php\/product\/el-manual-del-profeta-john-eckhardt\/\" \/>\n<meta property=\"og:locale\" content=\"es_ES\" \/>\n<meta property=\"og:type\" content=\"article\" \/>\n<meta property=\"og:title\" content=\"El Manual Del Profeta - John Eckhardt - tzionlibreria.com\" \/>\n<meta property=\"og:description\" content=\"provee la ense\u00f1anza y activaci\u00f3n\u00a0 necesaria para levantar una generaci\u00f3n de profetas que escuchan a Dios. \u00c9l ense\u00f1a las caracter\u00edsticas de los profetas.\" \/>\n<meta property=\"og:url\" content=\"https:\/\/tzionlibreria.com\/index.php\/product\/el-manual-del-profeta-john-eckhardt\/\" \/>\n<meta property=\"og:site_name\" content=\"tzionlibreria.com\" \/>\n<meta property=\"article:modified_time\" content=\"2025-06-16T02:30:20+00:00\" \/>\n<meta property=\"og:image\" content=\"http:\/\/tzionlibreria.com\/wp-content\/uploads\/2023\/10\/D_NQ_NP_2X_759318-MLV69728430938_052023-F.webp\" \/>\n\t<meta property=\"og:image:width\" content=\"1042\" \/>\n\t<meta property=\"og:image:height\" content=\"1031\" \/>\n\t<meta property=\"og:image:type\" content=\"image\/webp\" \/>\n<meta name=\"twitter:card\" content=\"summary_large_image\" \/>\n<meta name=\"twitter:label1\" content=\"Tiempo de lectura\" \/>\n\t<meta name=\"twitter:data1\" content=\"1 minuto\" \/>\n<script type=\"application\/ld+json\" class=\"yoast-schema-graph\">{\"@context\":\"https:\\\/\\\/schema.org\",\"@graph\":[{\"@type\":\"WebPage\",\"@id\":\"https:\\\/\\\/tzionlibreria.com\\\/index.php\\\/product\\\/el-manual-del-profeta-john-eckhardt\\\/\",\"url\":\"https:\\\/\\\/tzionlibreria.com\\\/index.php\\\/product\\\/el-manual-del-profeta-john-eckhardt\\\/\",\"name\":\"El Manual Del Profeta - John Eckhardt - tzionlibreria.com\",\"isPartOf\":{\"@id\":\"https:\\\/\\\/tzionlibreria.com\\\/#website\"},\"primaryImageOfPage\":{\"@id\":\"https:\\\/\\\/tzionlibreria.com\\\/index.php\\\/product\\\/el-manual-del-profeta-john-eckhardt\\\/#primaryimage\"},\"image\":{\"@id\":\"https:\\\/\\\/tzionlibreria.com\\\/index.php\\\/product\\\/el-manual-del-profeta-john-eckhardt\\\/#primaryimage\"},\"thumbnailUrl\":\"https:\\\/\\\/tzionlibreria.com\\\/wp-content\\\/uploads\\\/2023\\\/10\\\/D_NQ_NP_2X_759318-MLV69728430938_052023-F.webp\",\"datePublished\":\"2023-10-07T02:09:10+00:00\",\"dateModified\":\"2025-06-16T02:30:20+00:00\",\"description\":\"provee la ense\u00f1anza y activaci\u00f3n\u00a0 necesaria para levantar una generaci\u00f3n de profetas que escuchan a Dios. \u00c9l ense\u00f1a las caracter\u00edsticas de los profetas.\",\"breadcrumb\":{\"@id\":\"https:\\\/\\\/tzionlibreria.com\\\/index.php\\\/product\\\/el-manual-del-profeta-john-eckhardt\\\/#breadcrumb\"},\"inLanguage\":\"es-CO\",\"potentialAction\":[{\"@type\":\"ReadAction\",\"target\":[\"https:\\\/\\\/tzionlibreria.com\\\/index.php\\\/product\\\/el-manual-del-profeta-john-eckhardt\\\/\"]}]},{\"@type\":\"ImageObject\",\"inLanguage\":\"es-CO\",\"@id\":\"https:\\\/\\\/tzionlibreria.com\\\/index.php\\\/product\\\/el-manual-del-profeta-john-eckhardt\\\/#primaryimage\",\"url\":\"https:\\\/\\\/tzionlibreria.com\\\/wp-content\\\/uploads\\\/2023\\\/10\\\/D_NQ_NP_2X_759318-MLV69728430938_052023-F.webp\",\"contentUrl\":\"https:\\\/\\\/tzionlibreria.com\\\/wp-content\\\/uploads\\\/2023\\\/10\\\/D_NQ_NP_2X_759318-MLV69728430938_052023-F.webp\",\"width\":1042,\"height\":1031},{\"@type\":\"BreadcrumbList\",\"@id\":\"https:\\\/\\\/tzionlibreria.com\\\/index.php\\\/product\\\/el-manual-del-profeta-john-eckhardt\\\/#breadcrumb\",\"itemListElement\":[{\"@type\":\"ListItem\",\"position\":1,\"name\":\"Inicio\",\"item\":\"https:\\\/\\\/tzionlibreria.com\\\/\"},{\"@type\":\"ListItem\",\"position\":2,\"name\":\"Shop\",\"item\":\"https:\\\/\\\/tzionlibreria.com\\\/index.php\\\/shop\\\/\"},{\"@type\":\"ListItem\",\"position\":3,\"name\":\"El Manual Del Profeta &#8211; John Eckhardt\"}]},{\"@type\":\"WebSite\",\"@id\":\"https:\\\/\\\/tzionlibreria.com\\\/#website\",\"url\":\"https:\\\/\\\/tzionlibreria.com\\\/\",\"name\":\"tzionlibreria.com\",\"description\":\"Libreria Cristiana Venezuela\",\"publisher\":{\"@id\":\"https:\\\/\\\/tzionlibreria.com\\\/#organization\"},\"potentialAction\":[{\"@type\":\"SearchAction\",\"target\":{\"@type\":\"EntryPoint\",\"urlTemplate\":\"https:\\\/\\\/tzionlibreria.com\\\/?s={search_term_string}\"},\"query-input\":{\"@type\":\"PropertyValueSpecification\",\"valueRequired\":true,\"valueName\":\"search_term_string\"}}],\"inLanguage\":\"es-CO\"},{\"@type\":\"Organization\",\"@id\":\"https:\\\/\\\/tzionlibreria.com\\\/#organization\",\"name\":\"tzionlibreria.com\",\"url\":\"https:\\\/\\\/tzionlibreria.com\\\/\",\"logo\":{\"@type\":\"ImageObject\",\"inLanguage\":\"es-CO\",\"@id\":\"https:\\\/\\\/tzionlibreria.com\\\/#\\\/schema\\\/logo\\\/image\\\/\",\"url\":\"https:\\\/\\\/tzionlibreria.com\\\/wp-content\\\/uploads\\\/2023\\\/10\\\/cropped-Cuadricula-scaled-1.jpg\",\"contentUrl\":\"https:\\\/\\\/tzionlibreria.com\\\/wp-content\\\/uploads\\\/2023\\\/10\\\/cropped-Cuadricula-scaled-1.jpg\",\"width\":2560,\"height\":2560,\"caption\":\"tzionlibreria.com\"},\"image\":{\"@id\":\"https:\\\/\\\/tzionlibreria.com\\\/#\\\/schema\\\/logo\\\/image\\\/\"}}]}<\/script>\n<!-- \/ Yoast SEO plugin. -->","yoast_head_json":{"title":"El Manual Del Profeta - John Eckhardt - tzionlibreria.com","description":"provee la ense\u00f1anza y activaci\u00f3n\u00a0 necesaria para levantar una generaci\u00f3n de profetas que escuchan a Dios. \u00c9l ense\u00f1a las caracter\u00edsticas de los profetas.","robots":{"index":"index","follow":"follow","max-snippet":"max-snippet:-1","max-image-preview":"max-image-preview:large","max-video-preview":"max-video-preview:-1"},"canonical":"https:\/\/tzionlibreria.com\/index.php\/product\/el-manual-del-profeta-john-eckhardt\/","og_locale":"es_ES","og_type":"article","og_title":"El Manual Del Profeta - John Eckhardt - tzionlibreria.com","og_description":"provee la ense\u00f1anza y activaci\u00f3n\u00a0 necesaria para levantar una generaci\u00f3n de profetas que escuchan a Dios. \u00c9l ense\u00f1a las caracter\u00edsticas de los profetas.","og_url":"https:\/\/tzionlibreria.com\/index.php\/product\/el-manual-del-profeta-john-eckhardt\/","og_site_name":"tzionlibreria.com","article_modified_time":"2025-06-16T02:30:20+00:00","og_image":[{"width":1042,"height":1031,"url":"http:\/\/tzionlibreria.com\/wp-content\/uploads\/2023\/10\/D_NQ_NP_2X_759318-MLV69728430938_052023-F.webp","type":"image\/webp"}],"twitter_card":"summary_large_image","twitter_misc":{"Tiempo de lectura":"1 minuto"},"schema":{"@context":"https:\/\/schema.org","@graph":[{"@type":"WebPage","@id":"https:\/\/tzionlibreria.com\/index.php\/product\/el-manual-del-profeta-john-eckhardt\/","url":"https:\/\/tzionlibreria.com\/index.php\/product\/el-manual-del-profeta-john-eckhardt\/","name":"El Manual Del Profeta - John Eckhardt - tzionlibreria.com","isPartOf":{"@id":"https:\/\/tzionlibreria.com\/#website"},"primaryImageOfPage":{"@id":"https:\/\/tzionlibreria.com\/index.php\/product\/el-manual-del-profeta-john-eckhardt\/#primaryimage"},"image":{"@id":"https:\/\/tzionlibreria.com\/index.php\/product\/el-manual-del-profeta-john-eckhardt\/#primaryimage"},"thumbnailUrl":"https:\/\/tzionlibreria.com\/wp-content\/uploads\/2023\/10\/D_NQ_NP_2X_759318-MLV69728430938_052023-F.webp","datePublished":"2023-10-07T02:09:10+00:00","dateModified":"2025-06-16T02:30:20+00:00","description":"provee la ense\u00f1anza y activaci\u00f3n\u00a0 necesaria para levantar una generaci\u00f3n de profetas que escuchan a Dios. \u00c9l ense\u00f1a las caracter\u00edsticas de los profetas.","breadcrumb":{"@id":"https:\/\/tzionlibreria.com\/index.php\/product\/el-manual-del-profeta-john-eckhardt\/#breadcrumb"},"inLanguage":"es-CO","potentialAction":[{"@type":"ReadAction","target":["https:\/\/tzionlibreria.com\/index.php\/product\/el-manual-del-profeta-john-eckhardt\/"]}]},{"@type":"ImageObject","inLanguage":"es-CO","@id":"https:\/\/tzionlibreria.com\/index.php\/product\/el-manual-del-profeta-john-eckhardt\/#primaryimage","url":"https:\/\/tzionlibreria.com\/wp-content\/uploads\/2023\/10\/D_NQ_NP_2X_759318-MLV69728430938_052023-F.webp","contentUrl":"https:\/\/tzionlibreria.com\/wp-content\/uploads\/2023\/10\/D_NQ_NP_2X_759318-MLV69728430938_052023-F.webp","width":1042,"height":1031},{"@type":"BreadcrumbList","@id":"https:\/\/tzionlibreria.com\/index.php\/product\/el-manual-del-profeta-john-eckhardt\/#breadcrumb","itemListElement":[{"@type":"ListItem","position":1,"name":"Inicio","item":"https:\/\/tzionlibreria.com\/"},{"@type":"ListItem","position":2,"name":"Shop","item":"https:\/\/tzionlibreria.com\/index.php\/shop\/"},{"@type":"ListItem","position":3,"name":"El Manual Del Profeta &#8211; John Eckhardt"}]},{"@type":"WebSite","@id":"https:\/\/tzionlibreria.com\/#website","url":"https:\/\/tzionlibreria.com\/","name":"tzionlibreria.com","description":"Libreria Cristiana Venezuela","publisher":{"@id":"https:\/\/tzionlibreria.com\/#organization"},"potentialAction":[{"@type":"SearchAction","target":{"@type":"EntryPoint","urlTemplate":"https:\/\/tzionlibreria.com\/?s={search_term_string}"},"query-input":{"@type":"PropertyValueSpecification","valueRequired":true,"valueName":"search_term_string"}}],"inLanguage":"es-CO"},{"@type":"Organization","@id":"https:\/\/tzionlibreria.com\/#organization","name":"tzionlibreria.com","url":"https:\/\/tzionlibreria.com\/","logo":{"@type":"ImageObject","inLanguage":"es-CO","@id":"https:\/\/tzionlibreria.com\/#\/schema\/logo\/image\/","url":"https:\/\/tzionlibreria.com\/wp-content\/uploads\/2023\/10\/cropped-Cuadricula-scaled-1.jpg","contentUrl":"https:\/\/tzionlibreria.com\/wp-content\/uploads\/2023\/10\/cropped-Cuadricula-scaled-1.jpg","width":2560,"height":2560,"caption":"tzionlibreria.com"},"image":{"@id":"https:\/\/tzionlibreria.com\/#\/schema\/logo\/image\/"}}]}},"jetpack_sharing_enabled":true,"_links":{"self":[{"href":"https:\/\/tzionlibreria.com\/index.php\/wp-json\/wp\/v2\/product\/494","targetHints":{"allow":["GET"]}}],"collection":[{"href":"https:\/\/tzionlibreria.com\/index.php\/wp-json\/wp\/v2\/product"}],"about":[{"href":"https:\/\/tzionlibreria.com\/index.php\/wp-json\/wp\/v2\/types\/product"}],"replies":[{"embeddable":true,"href":"https:\/\/tzionlibreria.com\/index.php\/wp-json\/wp\/v2\/comments?post=494"}],"wp:featuredmedia":[{"embeddable":true,"href":"https:\/\/tzionlibreria.com\/index.php\/wp-json\/wp\/v2\/media\/495"}],"wp:attachment":[{"href":"https:\/\/tzionlibreria.com\/index.php\/wp-json\/wp\/v2\/media?parent=494"}],"wp:term":[{"taxonomy":"product_brand","embeddable":true,"href":"https:\/\/tzionlibreria.com\/index.php\/wp-json\/wp\/v2\/product_brand?post=494"},{"taxonomy":"product_cat","embeddable":true,"href":"https:\/\/tzionlibreria.com\/index.php\/wp-json\/wp\/v2\/product_cat?post=494"},{"taxonomy":"product_tag","embeddable":true,"href":"https:\/\/tzionlibreria.com\/index.php\/wp-json\/wp\/v2\/product_tag?post=494"}],"curies":[{"name":"wp","href":"https:\/\/api.w.org\/{rel}","templated":true}]}}