{"id":4946,"date":"2025-01-10T16:27:30","date_gmt":"2025-01-10T16:27:30","guid":{"rendered":"https:\/\/tzionlibreria.com\/?post_type=product&#038;p=4946"},"modified":"2025-01-10T16:28:31","modified_gmt":"2025-01-10T16:28:31","slug":"el-rol-del-cristiano-en-la-politica-y-la-soberania-de-dios","status":"publish","type":"product","link":"https:\/\/tzionlibreria.com\/index.php\/product\/el-rol-del-cristiano-en-la-politica-y-la-soberania-de-dios\/","title":{"rendered":"El rol del cristiano en la pol\u00edtica y la soberan\u00eda de Dios"},"content":{"rendered":"<div id=\"ctl00_ucPDTabs_ctl00_fs\" class=\"ProductDetailGroup\">\n<p>El Dr. David Hormachea nos habla en este libro acerca de uno de los temas m\u00e1s apasionantes del cristianismo: la relaci\u00f3n que existe entre la soberan\u00eda de Dios y a responsabilidad humana.<\/p>\n<div><\/div>\n<div>-Ester es sin duda uno de los libros de la Biblia en los que podemos ver esa verdad con mayor claridad. La destituci\u00f3n de la Reina Vasti, la presentaci\u00f3n de Ester ante Jerjes, la amenaza que los hebreos sufrieron por parte de Am\u00e1n, la conspiraci\u00f3n contra el Rey que Mardoqueo denunci\u00f3 y el insomnio providencial que sufri\u00f3 Jerjes una noche, son algunos de los puntos clave en los que podemos observar c\u00f3mo el Dios soberano estaba detr\u00e1s de todo lo que estaba ocurriendo en Persia, aunque \u00c9l no es mencionado ni siquiera una vez a lo largo del libro.El Doctor Hormachea tambi\u00e9n invita al lector a considerar que Mardoqueo y Ester son un ejemplo para nosotros al momento de involucrarnos en la vida pol\u00edtica de nuestras naciones.<\/div>\n<div><\/div>\n<div>-Como cristianos muchas veces consideramos que los asuntos pol\u00edticos son ajenos a nosotros, pero lo cierto es que Dios desea que participemos de ellos con sabidur\u00eda. Elmundo democr\u00e1tico nos ofrece herramientas como el voto, y por medio de \u00e9l podemos participar activamente en la din\u00e1mica pol\u00edtica de nuestros pa\u00edses. Adem\u00e1s, nuestra responsabilidad como creyentes es luchar para que las ideas liberales de los movimientos pol\u00edticos modernos no se impongan sobre los principios b\u00edblicos.<\/div>\n<div><\/div>\n<div>-Los creyentes no solo deben evitar que los enemigos de Dios no lleguen a posiciones de autoridad en que puedan atacar la cosmovisi\u00f3n cristiana, sino tambi\u00e9n instruir a las nuevas generaciones en la Palabra de Dios para que puedan tener herramientas que les permitan defender los principios b\u00edblicos en el futuro. Ese es uno de los principales llamados que David Hormachea nos hace en este libro.<\/div>\n<\/div>\n<div><\/div>\n<div><strong>Editorial<\/strong>: CLC<br \/>\n<strong>Idioma<\/strong>: Espa\u00f1ol<br \/>\n<strong>ISBN<\/strong>: 9789585163164<br \/>\n<strong>Cubierta<\/strong>: Tapa Dura<br \/>\n<strong>Fecha de lanzamiento<\/strong>: 29.03.2022<\/div>\n<div id=\"ctl00_ucPDTabs_ctl01_fs\" class=\"ProductDetailGroup\">\n<h4><\/h4>\n<\/div>\n","protected":false},"excerpt":{"rendered":"<p>El Dr. David Hormachea nos habla en este libro acerca de uno de los temas m\u00e1s apasionantes del cristianismo: la relaci\u00f3n que existe entre la soberan\u00eda de Dios y a responsabilidad humana. -Ester es sin duda uno de los libros de la Biblia en los que podemos ver esa verdad con mayor claridad. La destituci\u00f3n [&hellip;]<\/p>\n","protected":false},"featured_media":4947,"comment_status":"open","ping_status":"closed","template":"","meta":{"om_disable_all_campaigns":false,"_monsterinsights_skip_tracking":false,"_monsterinsights_sitenote_active":false,"_monsterinsights_sitenote_note":"","_monsterinsights_sitenote_category":0,"site-sidebar-layout":"default","site-content-layout":"","ast-site-content-layout":"default","site-content-style":"default","site-sidebar-style":"default","ast-global-header-display":"","ast-banner-title-visibility":"","ast-main-header-display":"","ast-hfb-above-header-display":"","ast-hfb-below-header-display":"","ast-hfb-mobile-header-display":"","site-post-title":"","ast-breadcrumbs-content":"","ast-featured-img":"","footer-sml-layout":"","ast-disable-related-posts":"","theme-transparent-header-meta":"default","adv-header-id-meta":"","stick-header-meta":"","header-above-stick-meta":"","header-main-stick-meta":"","header-below-stick-meta":"","astra-migrate-meta-layouts":"set","ast-page-background-enabled":"default","ast-page-background-meta":{"desktop":{"background-color":"var(--ast-global-color-4)","background-image":"","background-repeat":"repeat","background-position":"center center","background-size":"auto","background-attachment":"scroll","background-type":"","background-media":"","overlay-type":"","overlay-color":"","overlay-opacity":"","overlay-gradient":""},"tablet":{"background-color":"","background-image":"","background-repeat":"repeat","background-position":"center center","background-size":"auto","background-attachment":"scroll","background-type":"","background-media":"","overlay-type":"","overlay-color":"","overlay-opacity":"","overlay-gradient":""},"mobile":{"background-color":"","background-image":"","background-repeat":"repeat","background-position":"center center","background-size":"auto","background-attachment":"scroll","background-type":"","background-media":"","overlay-type":"","overlay-color":"","overlay-opacity":"","overlay-gradient":""}},"ast-content-background-meta":{"desktop":{"background-color":"var(--ast-global-color-5)","background-image":"","background-repeat":"repeat","background-position":"center center","background-size":"auto","background-attachment":"scroll","background-type":"","background-media":"","overlay-type":"","overlay-color":"","overlay-opacity":"","overlay-gradient":""},"tablet":{"background-color":"var(--ast-global-color-5)","background-image":"","background-repeat":"repeat","background-position":"center center","background-size":"auto","background-attachment":"scroll","background-type":"","background-media":"","overlay-type":"","overlay-color":"","overlay-opacity":"","overlay-gradient":""},"mobile":{"background-color":"var(--ast-global-color-5)","background-image":"","background-repeat":"repeat","background-position":"center center","background-size":"auto","background-attachment":"scroll","background-type":"","background-media":"","overlay-type":"","overlay-color":"","overlay-opacity":"","overlay-gradient":""}}},"product_brand":[],"product_cat":[169,174,23,166],"product_tag":[296],"class_list":{"0":"post-4946","1":"product","2":"type-product","3":"status-publish","4":"has-post-thumbnail","6":"product_cat-hombres","7":"product_cat-iglesia","8":"product_cat-libros","9":"product_cat-profecia","10":"product_tag-politica","11":"desktop-align-left","12":"tablet-align-left","13":"mobile-align-left","15":"first","16":"instock","17":"shipping-taxable","18":"purchasable","19":"product-type-simple"},"yoast_head":"<!-- This site is optimized with the Yoast SEO plugin v27.4 - https:\/\/yoast.com\/product\/yoast-seo-wordpress\/ -->\n<title>El rol del cristiano en la pol\u00edtica y la soberan\u00eda de Dios - tzionlibreria.com<\/title>\n<meta name=\"description\" content=\"Hormachea le ense\u00f1a al lector a considerar que Mardoqueo y Ester son un ejemplo para nosotros al involucrarnos en la vida pol\u00edtica de nuestras naciones.\" \/>\n<meta name=\"robots\" content=\"index, follow, max-snippet:-1, max-image-preview:large, max-video-preview:-1\" \/>\n<link rel=\"canonical\" href=\"https:\/\/tzionlibreria.com\/index.php\/product\/el-rol-del-cristiano-en-la-politica-y-la-soberania-de-dios\/\" \/>\n<meta property=\"og:locale\" content=\"es_ES\" \/>\n<meta property=\"og:type\" content=\"article\" \/>\n<meta property=\"og:title\" content=\"El rol del cristiano en la pol\u00edtica y la soberan\u00eda de Dios - tzionlibreria.com\" \/>\n<meta property=\"og:description\" content=\"Hormachea le ense\u00f1a al lector a considerar que Mardoqueo y Ester son un ejemplo para nosotros al involucrarnos en la vida pol\u00edtica de nuestras naciones.\" \/>\n<meta property=\"og:url\" content=\"https:\/\/tzionlibreria.com\/index.php\/product\/el-rol-del-cristiano-en-la-politica-y-la-soberania-de-dios\/\" \/>\n<meta property=\"og:site_name\" content=\"tzionlibreria.com\" \/>\n<meta property=\"article:modified_time\" content=\"2025-01-10T16:28:31+00:00\" \/>\n<meta property=\"og:image\" content=\"http:\/\/tzionlibreria.com\/wp-content\/uploads\/2025\/01\/17-1.png\" \/>\n\t<meta property=\"og:image:width\" content=\"1080\" \/>\n\t<meta property=\"og:image:height\" content=\"1080\" \/>\n\t<meta property=\"og:image:type\" content=\"image\/png\" \/>\n<meta name=\"twitter:card\" content=\"summary_large_image\" \/>\n<meta name=\"twitter:label1\" content=\"Tiempo de lectura\" \/>\n\t<meta name=\"twitter:data1\" content=\"2 minutos\" \/>\n<script type=\"application\/ld+json\" class=\"yoast-schema-graph\">{\"@context\":\"https:\\\/\\\/schema.org\",\"@graph\":[{\"@type\":\"WebPage\",\"@id\":\"https:\\\/\\\/tzionlibreria.com\\\/index.php\\\/product\\\/el-rol-del-cristiano-en-la-politica-y-la-soberania-de-dios\\\/\",\"url\":\"https:\\\/\\\/tzionlibreria.com\\\/index.php\\\/product\\\/el-rol-del-cristiano-en-la-politica-y-la-soberania-de-dios\\\/\",\"name\":\"El rol del cristiano en la pol\u00edtica y la soberan\u00eda de Dios - tzionlibreria.com\",\"isPartOf\":{\"@id\":\"https:\\\/\\\/tzionlibreria.com\\\/#website\"},\"primaryImageOfPage\":{\"@id\":\"https:\\\/\\\/tzionlibreria.com\\\/index.php\\\/product\\\/el-rol-del-cristiano-en-la-politica-y-la-soberania-de-dios\\\/#primaryimage\"},\"image\":{\"@id\":\"https:\\\/\\\/tzionlibreria.com\\\/index.php\\\/product\\\/el-rol-del-cristiano-en-la-politica-y-la-soberania-de-dios\\\/#primaryimage\"},\"thumbnailUrl\":\"https:\\\/\\\/tzionlibreria.com\\\/wp-content\\\/uploads\\\/2025\\\/01\\\/17-1.png\",\"datePublished\":\"2025-01-10T16:27:30+00:00\",\"dateModified\":\"2025-01-10T16:28:31+00:00\",\"description\":\"Hormachea le ense\u00f1a al lector a considerar que Mardoqueo y Ester son un ejemplo para nosotros al involucrarnos en la vida pol\u00edtica de nuestras naciones.\",\"breadcrumb\":{\"@id\":\"https:\\\/\\\/tzionlibreria.com\\\/index.php\\\/product\\\/el-rol-del-cristiano-en-la-politica-y-la-soberania-de-dios\\\/#breadcrumb\"},\"inLanguage\":\"es-CO\",\"potentialAction\":[{\"@type\":\"ReadAction\",\"target\":[\"https:\\\/\\\/tzionlibreria.com\\\/index.php\\\/product\\\/el-rol-del-cristiano-en-la-politica-y-la-soberania-de-dios\\\/\"]}]},{\"@type\":\"ImageObject\",\"inLanguage\":\"es-CO\",\"@id\":\"https:\\\/\\\/tzionlibreria.com\\\/index.php\\\/product\\\/el-rol-del-cristiano-en-la-politica-y-la-soberania-de-dios\\\/#primaryimage\",\"url\":\"https:\\\/\\\/tzionlibreria.com\\\/wp-content\\\/uploads\\\/2025\\\/01\\\/17-1.png\",\"contentUrl\":\"https:\\\/\\\/tzionlibreria.com\\\/wp-content\\\/uploads\\\/2025\\\/01\\\/17-1.png\",\"width\":1080,\"height\":1080},{\"@type\":\"BreadcrumbList\",\"@id\":\"https:\\\/\\\/tzionlibreria.com\\\/index.php\\\/product\\\/el-rol-del-cristiano-en-la-politica-y-la-soberania-de-dios\\\/#breadcrumb\",\"itemListElement\":[{\"@type\":\"ListItem\",\"position\":1,\"name\":\"Inicio\",\"item\":\"https:\\\/\\\/tzionlibreria.com\\\/\"},{\"@type\":\"ListItem\",\"position\":2,\"name\":\"Shop\",\"item\":\"https:\\\/\\\/tzionlibreria.com\\\/index.php\\\/shop\\\/\"},{\"@type\":\"ListItem\",\"position\":3,\"name\":\"El rol del cristiano en la pol\u00edtica y la soberan\u00eda de Dios\"}]},{\"@type\":\"WebSite\",\"@id\":\"https:\\\/\\\/tzionlibreria.com\\\/#website\",\"url\":\"https:\\\/\\\/tzionlibreria.com\\\/\",\"name\":\"tzionlibreria.com\",\"description\":\"Libreria Cristiana Venezuela\",\"publisher\":{\"@id\":\"https:\\\/\\\/tzionlibreria.com\\\/#organization\"},\"potentialAction\":[{\"@type\":\"SearchAction\",\"target\":{\"@type\":\"EntryPoint\",\"urlTemplate\":\"https:\\\/\\\/tzionlibreria.com\\\/?s={search_term_string}\"},\"query-input\":{\"@type\":\"PropertyValueSpecification\",\"valueRequired\":true,\"valueName\":\"search_term_string\"}}],\"inLanguage\":\"es-CO\"},{\"@type\":\"Organization\",\"@id\":\"https:\\\/\\\/tzionlibreria.com\\\/#organization\",\"name\":\"tzionlibreria.com\",\"url\":\"https:\\\/\\\/tzionlibreria.com\\\/\",\"logo\":{\"@type\":\"ImageObject\",\"inLanguage\":\"es-CO\",\"@id\":\"https:\\\/\\\/tzionlibreria.com\\\/#\\\/schema\\\/logo\\\/image\\\/\",\"url\":\"https:\\\/\\\/tzionlibreria.com\\\/wp-content\\\/uploads\\\/2023\\\/10\\\/cropped-Cuadricula-scaled-1.jpg\",\"contentUrl\":\"https:\\\/\\\/tzionlibreria.com\\\/wp-content\\\/uploads\\\/2023\\\/10\\\/cropped-Cuadricula-scaled-1.jpg\",\"width\":2560,\"height\":2560,\"caption\":\"tzionlibreria.com\"},\"image\":{\"@id\":\"https:\\\/\\\/tzionlibreria.com\\\/#\\\/schema\\\/logo\\\/image\\\/\"}}]}<\/script>\n<!-- \/ Yoast SEO plugin. -->","yoast_head_json":{"title":"El rol del cristiano en la pol\u00edtica y la soberan\u00eda de Dios - tzionlibreria.com","description":"Hormachea le ense\u00f1a al lector a considerar que Mardoqueo y Ester son un ejemplo para nosotros al involucrarnos en la vida pol\u00edtica de nuestras naciones.","robots":{"index":"index","follow":"follow","max-snippet":"max-snippet:-1","max-image-preview":"max-image-preview:large","max-video-preview":"max-video-preview:-1"},"canonical":"https:\/\/tzionlibreria.com\/index.php\/product\/el-rol-del-cristiano-en-la-politica-y-la-soberania-de-dios\/","og_locale":"es_ES","og_type":"article","og_title":"El rol del cristiano en la pol\u00edtica y la soberan\u00eda de Dios - tzionlibreria.com","og_description":"Hormachea le ense\u00f1a al lector a considerar que Mardoqueo y Ester son un ejemplo para nosotros al involucrarnos en la vida pol\u00edtica de nuestras naciones.","og_url":"https:\/\/tzionlibreria.com\/index.php\/product\/el-rol-del-cristiano-en-la-politica-y-la-soberania-de-dios\/","og_site_name":"tzionlibreria.com","article_modified_time":"2025-01-10T16:28:31+00:00","og_image":[{"width":1080,"height":1080,"url":"http:\/\/tzionlibreria.com\/wp-content\/uploads\/2025\/01\/17-1.png","type":"image\/png"}],"twitter_card":"summary_large_image","twitter_misc":{"Tiempo de lectura":"2 minutos"},"schema":{"@context":"https:\/\/schema.org","@graph":[{"@type":"WebPage","@id":"https:\/\/tzionlibreria.com\/index.php\/product\/el-rol-del-cristiano-en-la-politica-y-la-soberania-de-dios\/","url":"https:\/\/tzionlibreria.com\/index.php\/product\/el-rol-del-cristiano-en-la-politica-y-la-soberania-de-dios\/","name":"El rol del cristiano en la pol\u00edtica y la soberan\u00eda de Dios - tzionlibreria.com","isPartOf":{"@id":"https:\/\/tzionlibreria.com\/#website"},"primaryImageOfPage":{"@id":"https:\/\/tzionlibreria.com\/index.php\/product\/el-rol-del-cristiano-en-la-politica-y-la-soberania-de-dios\/#primaryimage"},"image":{"@id":"https:\/\/tzionlibreria.com\/index.php\/product\/el-rol-del-cristiano-en-la-politica-y-la-soberania-de-dios\/#primaryimage"},"thumbnailUrl":"https:\/\/tzionlibreria.com\/wp-content\/uploads\/2025\/01\/17-1.png","datePublished":"2025-01-10T16:27:30+00:00","dateModified":"2025-01-10T16:28:31+00:00","description":"Hormachea le ense\u00f1a al lector a considerar que Mardoqueo y Ester son un ejemplo para nosotros al involucrarnos en la vida pol\u00edtica de nuestras naciones.","breadcrumb":{"@id":"https:\/\/tzionlibreria.com\/index.php\/product\/el-rol-del-cristiano-en-la-politica-y-la-soberania-de-dios\/#breadcrumb"},"inLanguage":"es-CO","potentialAction":[{"@type":"ReadAction","target":["https:\/\/tzionlibreria.com\/index.php\/product\/el-rol-del-cristiano-en-la-politica-y-la-soberania-de-dios\/"]}]},{"@type":"ImageObject","inLanguage":"es-CO","@id":"https:\/\/tzionlibreria.com\/index.php\/product\/el-rol-del-cristiano-en-la-politica-y-la-soberania-de-dios\/#primaryimage","url":"https:\/\/tzionlibreria.com\/wp-content\/uploads\/2025\/01\/17-1.png","contentUrl":"https:\/\/tzionlibreria.com\/wp-content\/uploads\/2025\/01\/17-1.png","width":1080,"height":1080},{"@type":"BreadcrumbList","@id":"https:\/\/tzionlibreria.com\/index.php\/product\/el-rol-del-cristiano-en-la-politica-y-la-soberania-de-dios\/#breadcrumb","itemListElement":[{"@type":"ListItem","position":1,"name":"Inicio","item":"https:\/\/tzionlibreria.com\/"},{"@type":"ListItem","position":2,"name":"Shop","item":"https:\/\/tzionlibreria.com\/index.php\/shop\/"},{"@type":"ListItem","position":3,"name":"El rol del cristiano en la pol\u00edtica y la soberan\u00eda de Dios"}]},{"@type":"WebSite","@id":"https:\/\/tzionlibreria.com\/#website","url":"https:\/\/tzionlibreria.com\/","name":"tzionlibreria.com","description":"Libreria Cristiana Venezuela","publisher":{"@id":"https:\/\/tzionlibreria.com\/#organization"},"potentialAction":[{"@type":"SearchAction","target":{"@type":"EntryPoint","urlTemplate":"https:\/\/tzionlibreria.com\/?s={search_term_string}"},"query-input":{"@type":"PropertyValueSpecification","valueRequired":true,"valueName":"search_term_string"}}],"inLanguage":"es-CO"},{"@type":"Organization","@id":"https:\/\/tzionlibreria.com\/#organization","name":"tzionlibreria.com","url":"https:\/\/tzionlibreria.com\/","logo":{"@type":"ImageObject","inLanguage":"es-CO","@id":"https:\/\/tzionlibreria.com\/#\/schema\/logo\/image\/","url":"https:\/\/tzionlibreria.com\/wp-content\/uploads\/2023\/10\/cropped-Cuadricula-scaled-1.jpg","contentUrl":"https:\/\/tzionlibreria.com\/wp-content\/uploads\/2023\/10\/cropped-Cuadricula-scaled-1.jpg","width":2560,"height":2560,"caption":"tzionlibreria.com"},"image":{"@id":"https:\/\/tzionlibreria.com\/#\/schema\/logo\/image\/"}}]}},"jetpack_sharing_enabled":true,"_links":{"self":[{"href":"https:\/\/tzionlibreria.com\/index.php\/wp-json\/wp\/v2\/product\/4946","targetHints":{"allow":["GET"]}}],"collection":[{"href":"https:\/\/tzionlibreria.com\/index.php\/wp-json\/wp\/v2\/product"}],"about":[{"href":"https:\/\/tzionlibreria.com\/index.php\/wp-json\/wp\/v2\/types\/product"}],"replies":[{"embeddable":true,"href":"https:\/\/tzionlibreria.com\/index.php\/wp-json\/wp\/v2\/comments?post=4946"}],"wp:featuredmedia":[{"embeddable":true,"href":"https:\/\/tzionlibreria.com\/index.php\/wp-json\/wp\/v2\/media\/4947"}],"wp:attachment":[{"href":"https:\/\/tzionlibreria.com\/index.php\/wp-json\/wp\/v2\/media?parent=4946"}],"wp:term":[{"taxonomy":"product_brand","embeddable":true,"href":"https:\/\/tzionlibreria.com\/index.php\/wp-json\/wp\/v2\/product_brand?post=4946"},{"taxonomy":"product_cat","embeddable":true,"href":"https:\/\/tzionlibreria.com\/index.php\/wp-json\/wp\/v2\/product_cat?post=4946"},{"taxonomy":"product_tag","embeddable":true,"href":"https:\/\/tzionlibreria.com\/index.php\/wp-json\/wp\/v2\/product_tag?post=4946"}],"curies":[{"name":"wp","href":"https:\/\/api.w.org\/{rel}","templated":true}]}}