{"id":5014,"date":"2025-01-16T00:55:21","date_gmt":"2025-01-16T00:55:21","guid":{"rendered":"https:\/\/tzionlibreria.com\/?post_type=product&#038;p=5014"},"modified":"2025-12-04T12:54:37","modified_gmt":"2025-12-04T12:54:37","slug":"biblia-reina-valera-60-letra-grande-tapa-dura-leon-rey-de-reyes","status":"publish","type":"product","link":"https:\/\/tzionlibreria.com\/index.php\/product\/biblia-reina-valera-60-letra-grande-tapa-dura-leon-rey-de-reyes\/","title":{"rendered":"Biblia Reina Valera 60 letra grande tapa dura Le\u00f3n Rey de Reyes"},"content":{"rendered":"<p>&nbsp;<\/p>\n<div class=\"ast-oembed-container \" style=\"height: 100%;\"><iframe title=\"Biblia Le\u00f3n Rey de Reyes Letra Grande Reina Valera 1960\" width=\"500\" height=\"281\" src=\"https:\/\/www.youtube.com\/embed\/S08Q4EgLEcA?feature=oembed\" frameborder=\"0\" allow=\"accelerometer; autoplay; clipboard-write; encrypted-media; gyroscope; picture-in-picture; web-share\" referrerpolicy=\"strict-origin-when-cross-origin\" allowfullscreen><\/iframe><\/div>\n<p>&nbsp;<\/p>\n<p>&nbsp;<\/p>\n<p><strong><span class=\"a-text-bold\">Biblia tama\u00f1o manual, ultrafina y con letra grande, tapa dura con un estudio conciso de los nombres de Dios.<\/span><\/strong><\/p>\n<p>-Su presentaci\u00f3n con Le\u00f3n de Jud\u00e1 con corona, m\u00e1s encuadernaci\u00f3n en tapa dura hace que la Santa Biblia RVR 1960 sea ideal para el uso personal o para regalo. Esta edici\u00f3n de regalo trae un estudio especial sobre los nombres de Dios.<\/p>\n<p>-Descubre el significado B\u00edblico de cada nombre de Dios tanto como su aplicaci\u00f3n en nuestro andar diario. Con letra grande y las palabras de Cristo destacadas en rojo, la Biblia incluye una gu\u00eda para ayudarte a leerla completa en un a\u00f1o.<\/p>\n<p>-Esta edici\u00f3n conserva la belleza cl\u00e1sica y la elocuencia de la Reina Valera Revisada 1960. Liviana, pr\u00e1ctica y resistente, su encuadernaci\u00f3n la hace perfecta para acompa\u00f1arte a todas partes, para la lectura diaria y el uso en la iglesia cada domingo.<\/p>\n<p><strong><span class=\"a-text-bold\">El texto incluye:<\/span><\/strong><br \/>\n\u2022\u00a0 Letra grande que facilita la lectura (10.5 pts)<br \/>\n\u2022\u00a0 Concordancia<br \/>\n\u2022\u00a0 Palabras de Cristo en rojo<br \/>\n\u2022\u00a0 Encabezados visibles para encontrar f\u00e1cilmente las referencias<br \/>\n\u2022\u00a0 M\u00e1s de 10,000 referencias cruzadas<br \/>\n\u2022\u00a0 Plan de salvaci\u00f3n<br \/>\n\u2022\u00a0 Un estudio conciso de los nombres de Dios<br \/>\n\u2022\u00a0 Una gu\u00eda para leer la Biblia en un a\u00f1o<\/p>\n<p><strong><span class=\"a-text-bold\">Adem\u00e1s, esta edici\u00f3n Reina Valera Revisada 1960 ofrece:<\/span><\/strong><br \/>\n\u2022 Encuadernaci\u00f3n tapa dura resistente y durable<br \/>\n\u2022 Ultrafina<br \/>\n\u2022 P\u00e1gina para dedicatoria<br \/>\n\u2022 Cinta marcadora<br \/>\n\u2022 Tama\u00f1o: 13.6 cm x 20.3 cm<br \/>\n\u2022 1,280 p\u00e1ginas<\/p>\n<ul class=\"a-unordered-list a-nostyle a-vertical a-spacing-none detail-bullet-list\">\n<li><span class=\"a-list-item\"><span class=\"a-text-bold\">Editorial: \u200e<\/span>ORIGEN; Tipo grande\/impresi\u00f3n grande edici\u00f3n (6 Junio 2023)<\/span><\/li>\n<li><span class=\"a-list-item\"><span class=\"a-text-bold\">Idioma: <\/span>Espa\u00f1ol<\/span><\/li>\n<li><span class=\"a-list-item\"><span class=\"a-text-bold\">Tapa dura: \u200e<\/span>1280 p\u00e1ginas<\/span><\/li>\n<li><span class=\"a-list-item\"><span class=\"a-text-bold\">ISBN: \u200e<\/span>9781644737781<\/span><\/li>\n<\/ul>\n<p>&nbsp;<\/p>\n<p><img fetchpriority=\"high\" decoding=\"async\" class=\"alignnone wp-image-5022 size-full\" src=\"http:\/\/tzionlibreria.com\/wp-content\/uploads\/2025\/01\/de837689-a623-4256-8813-83206dd33f6e.__CR00970300_PT0_SX970_V1___.png\" alt=\"\" width=\"970\" height=\"300\" srcset=\"https:\/\/tzionlibreria.com\/wp-content\/uploads\/2025\/01\/de837689-a623-4256-8813-83206dd33f6e.__CR00970300_PT0_SX970_V1___.png 970w, https:\/\/tzionlibreria.com\/wp-content\/uploads\/2025\/01\/de837689-a623-4256-8813-83206dd33f6e.__CR00970300_PT0_SX970_V1___-300x93.png 300w, https:\/\/tzionlibreria.com\/wp-content\/uploads\/2025\/01\/de837689-a623-4256-8813-83206dd33f6e.__CR00970300_PT0_SX970_V1___-768x238.png 768w, https:\/\/tzionlibreria.com\/wp-content\/uploads\/2025\/01\/de837689-a623-4256-8813-83206dd33f6e.__CR00970300_PT0_SX970_V1___-600x186.png 600w, https:\/\/tzionlibreria.com\/wp-content\/uploads\/2025\/01\/de837689-a623-4256-8813-83206dd33f6e.__CR00970300_PT0_SX970_V1___-64x20.png 64w\" sizes=\"(max-width: 970px) 100vw, 970px\" \/><\/p>\n","protected":false},"excerpt":{"rendered":"<p>&nbsp; &nbsp; &nbsp; Biblia tama\u00f1o manual, ultrafina y con letra grande, tapa dura con un estudio conciso de los nombres de Dios. -Su presentaci\u00f3n con Le\u00f3n de Jud\u00e1 con corona, m\u00e1s encuadernaci\u00f3n en tapa dura hace que la Santa Biblia RVR 1960 sea ideal para el uso personal o para regalo. Esta edici\u00f3n de regalo [&hellip;]<\/p>\n","protected":false},"featured_media":5024,"comment_status":"open","ping_status":"closed","template":"","meta":{"om_disable_all_campaigns":false,"_monsterinsights_skip_tracking":false,"_monsterinsights_sitenote_active":false,"_monsterinsights_sitenote_note":"","_monsterinsights_sitenote_category":0,"site-sidebar-layout":"default","site-content-layout":"","ast-site-content-layout":"default","site-content-style":"default","site-sidebar-style":"default","ast-global-header-display":"","ast-banner-title-visibility":"","ast-main-header-display":"","ast-hfb-above-header-display":"","ast-hfb-below-header-display":"","ast-hfb-mobile-header-display":"","site-post-title":"","ast-breadcrumbs-content":"","ast-featured-img":"","footer-sml-layout":"","ast-disable-related-posts":"","theme-transparent-header-meta":"default","adv-header-id-meta":"","stick-header-meta":"","header-above-stick-meta":"","header-main-stick-meta":"","header-below-stick-meta":"","astra-migrate-meta-layouts":"set","ast-page-background-enabled":"default","ast-page-background-meta":{"desktop":{"background-color":"var(--ast-global-color-4)","background-image":"","background-repeat":"repeat","background-position":"center center","background-size":"auto","background-attachment":"scroll","background-type":"","background-media":"","overlay-type":"","overlay-color":"","overlay-opacity":"","overlay-gradient":""},"tablet":{"background-color":"","background-image":"","background-repeat":"repeat","background-position":"center center","background-size":"auto","background-attachment":"scroll","background-type":"","background-media":"","overlay-type":"","overlay-color":"","overlay-opacity":"","overlay-gradient":""},"mobile":{"background-color":"","background-image":"","background-repeat":"repeat","background-position":"center center","background-size":"auto","background-attachment":"scroll","background-type":"","background-media":"","overlay-type":"","overlay-color":"","overlay-opacity":"","overlay-gradient":""}},"ast-content-background-meta":{"desktop":{"background-color":"var(--ast-global-color-5)","background-image":"","background-repeat":"repeat","background-position":"center center","background-size":"auto","background-attachment":"scroll","background-type":"","background-media":"","overlay-type":"","overlay-color":"","overlay-opacity":"","overlay-gradient":""},"tablet":{"background-color":"var(--ast-global-color-5)","background-image":"","background-repeat":"repeat","background-position":"center center","background-size":"auto","background-attachment":"scroll","background-type":"","background-media":"","overlay-type":"","overlay-color":"","overlay-opacity":"","overlay-gradient":""},"mobile":{"background-color":"var(--ast-global-color-5)","background-image":"","background-repeat":"repeat","background-position":"center center","background-size":"auto","background-attachment":"scroll","background-type":"","background-media":"","overlay-type":"","overlay-color":"","overlay-opacity":"","overlay-gradient":""}}},"product_brand":[],"product_cat":[22,42,177],"product_tag":[],"class_list":{"0":"post-5014","1":"product","2":"type-product","3":"status-publish","4":"has-post-thumbnail","6":"product_cat-biblias","7":"product_cat-biblias-reina-valera","8":"product_cat-letra-grande-rvr","9":"desktop-align-left","10":"tablet-align-left","11":"mobile-align-left","13":"first","14":"instock","15":"shipping-taxable","16":"purchasable","17":"product-type-simple"},"yoast_head":"<!-- This site is optimized with the Yoast SEO plugin v27.4 - https:\/\/yoast.com\/product\/yoast-seo-wordpress\/ -->\n<title>Biblia Reina Valera 60 letra grande tapa dura Le\u00f3n Rey de Reyes - tzionlibreria.com<\/title>\n<meta name=\"description\" content=\"Su presentaci\u00f3n con Le\u00f3n de Jud\u00e1 con corona, m\u00e1s encuadernaci\u00f3n en tapa dura hace que la Santa Biblia RVR 1960 sea ideal para el uso personal o para regalo.\" \/>\n<meta name=\"robots\" content=\"index, follow, max-snippet:-1, max-image-preview:large, max-video-preview:-1\" \/>\n<link rel=\"canonical\" href=\"https:\/\/tzionlibreria.com\/index.php\/product\/biblia-reina-valera-60-letra-grande-tapa-dura-leon-rey-de-reyes\/\" \/>\n<meta property=\"og:locale\" content=\"es_ES\" \/>\n<meta property=\"og:type\" content=\"article\" \/>\n<meta property=\"og:title\" content=\"Biblia Reina Valera 60 letra grande tapa dura Le\u00f3n Rey de Reyes - tzionlibreria.com\" \/>\n<meta property=\"og:description\" content=\"Su presentaci\u00f3n con Le\u00f3n de Jud\u00e1 con corona, m\u00e1s encuadernaci\u00f3n en tapa dura hace que la Santa Biblia RVR 1960 sea ideal para el uso personal o para regalo.\" \/>\n<meta property=\"og:url\" content=\"https:\/\/tzionlibreria.com\/index.php\/product\/biblia-reina-valera-60-letra-grande-tapa-dura-leon-rey-de-reyes\/\" \/>\n<meta property=\"og:site_name\" content=\"tzionlibreria.com\" \/>\n<meta property=\"article:modified_time\" content=\"2025-12-04T12:54:37+00:00\" \/>\n<meta property=\"og:image\" content=\"http:\/\/tzionlibreria.com\/wp-content\/uploads\/2025\/01\/21-1.png\" \/>\n\t<meta property=\"og:image:width\" content=\"1080\" \/>\n\t<meta property=\"og:image:height\" content=\"1080\" \/>\n\t<meta property=\"og:image:type\" content=\"image\/png\" \/>\n<meta name=\"twitter:card\" content=\"summary_large_image\" \/>\n<meta name=\"twitter:label1\" content=\"Tiempo de lectura\" \/>\n\t<meta name=\"twitter:data1\" content=\"2 minutos\" \/>\n<script type=\"application\/ld+json\" class=\"yoast-schema-graph\">{\"@context\":\"https:\\\/\\\/schema.org\",\"@graph\":[{\"@type\":\"WebPage\",\"@id\":\"https:\\\/\\\/tzionlibreria.com\\\/index.php\\\/product\\\/biblia-reina-valera-60-letra-grande-tapa-dura-leon-rey-de-reyes\\\/\",\"url\":\"https:\\\/\\\/tzionlibreria.com\\\/index.php\\\/product\\\/biblia-reina-valera-60-letra-grande-tapa-dura-leon-rey-de-reyes\\\/\",\"name\":\"Biblia Reina Valera 60 letra grande tapa dura Le\u00f3n Rey de Reyes - tzionlibreria.com\",\"isPartOf\":{\"@id\":\"https:\\\/\\\/tzionlibreria.com\\\/#website\"},\"primaryImageOfPage\":{\"@id\":\"https:\\\/\\\/tzionlibreria.com\\\/index.php\\\/product\\\/biblia-reina-valera-60-letra-grande-tapa-dura-leon-rey-de-reyes\\\/#primaryimage\"},\"image\":{\"@id\":\"https:\\\/\\\/tzionlibreria.com\\\/index.php\\\/product\\\/biblia-reina-valera-60-letra-grande-tapa-dura-leon-rey-de-reyes\\\/#primaryimage\"},\"thumbnailUrl\":\"https:\\\/\\\/tzionlibreria.com\\\/wp-content\\\/uploads\\\/2025\\\/01\\\/21-1.png\",\"datePublished\":\"2025-01-16T00:55:21+00:00\",\"dateModified\":\"2025-12-04T12:54:37+00:00\",\"description\":\"Su presentaci\u00f3n con Le\u00f3n de Jud\u00e1 con corona, m\u00e1s encuadernaci\u00f3n en tapa dura hace que la Santa Biblia RVR 1960 sea ideal para el uso personal o para regalo.\",\"breadcrumb\":{\"@id\":\"https:\\\/\\\/tzionlibreria.com\\\/index.php\\\/product\\\/biblia-reina-valera-60-letra-grande-tapa-dura-leon-rey-de-reyes\\\/#breadcrumb\"},\"inLanguage\":\"es-CO\",\"potentialAction\":[{\"@type\":\"ReadAction\",\"target\":[\"https:\\\/\\\/tzionlibreria.com\\\/index.php\\\/product\\\/biblia-reina-valera-60-letra-grande-tapa-dura-leon-rey-de-reyes\\\/\"]}]},{\"@type\":\"ImageObject\",\"inLanguage\":\"es-CO\",\"@id\":\"https:\\\/\\\/tzionlibreria.com\\\/index.php\\\/product\\\/biblia-reina-valera-60-letra-grande-tapa-dura-leon-rey-de-reyes\\\/#primaryimage\",\"url\":\"https:\\\/\\\/tzionlibreria.com\\\/wp-content\\\/uploads\\\/2025\\\/01\\\/21-1.png\",\"contentUrl\":\"https:\\\/\\\/tzionlibreria.com\\\/wp-content\\\/uploads\\\/2025\\\/01\\\/21-1.png\",\"width\":1080,\"height\":1080},{\"@type\":\"BreadcrumbList\",\"@id\":\"https:\\\/\\\/tzionlibreria.com\\\/index.php\\\/product\\\/biblia-reina-valera-60-letra-grande-tapa-dura-leon-rey-de-reyes\\\/#breadcrumb\",\"itemListElement\":[{\"@type\":\"ListItem\",\"position\":1,\"name\":\"Inicio\",\"item\":\"https:\\\/\\\/tzionlibreria.com\\\/\"},{\"@type\":\"ListItem\",\"position\":2,\"name\":\"Shop\",\"item\":\"https:\\\/\\\/tzionlibreria.com\\\/index.php\\\/shop\\\/\"},{\"@type\":\"ListItem\",\"position\":3,\"name\":\"Biblia Reina Valera 60 letra grande tapa dura Le\u00f3n Rey de Reyes\"}]},{\"@type\":\"WebSite\",\"@id\":\"https:\\\/\\\/tzionlibreria.com\\\/#website\",\"url\":\"https:\\\/\\\/tzionlibreria.com\\\/\",\"name\":\"tzionlibreria.com\",\"description\":\"Libreria Cristiana Venezuela\",\"publisher\":{\"@id\":\"https:\\\/\\\/tzionlibreria.com\\\/#organization\"},\"potentialAction\":[{\"@type\":\"SearchAction\",\"target\":{\"@type\":\"EntryPoint\",\"urlTemplate\":\"https:\\\/\\\/tzionlibreria.com\\\/?s={search_term_string}\"},\"query-input\":{\"@type\":\"PropertyValueSpecification\",\"valueRequired\":true,\"valueName\":\"search_term_string\"}}],\"inLanguage\":\"es-CO\"},{\"@type\":\"Organization\",\"@id\":\"https:\\\/\\\/tzionlibreria.com\\\/#organization\",\"name\":\"tzionlibreria.com\",\"url\":\"https:\\\/\\\/tzionlibreria.com\\\/\",\"logo\":{\"@type\":\"ImageObject\",\"inLanguage\":\"es-CO\",\"@id\":\"https:\\\/\\\/tzionlibreria.com\\\/#\\\/schema\\\/logo\\\/image\\\/\",\"url\":\"https:\\\/\\\/tzionlibreria.com\\\/wp-content\\\/uploads\\\/2023\\\/10\\\/cropped-Cuadricula-scaled-1.jpg\",\"contentUrl\":\"https:\\\/\\\/tzionlibreria.com\\\/wp-content\\\/uploads\\\/2023\\\/10\\\/cropped-Cuadricula-scaled-1.jpg\",\"width\":2560,\"height\":2560,\"caption\":\"tzionlibreria.com\"},\"image\":{\"@id\":\"https:\\\/\\\/tzionlibreria.com\\\/#\\\/schema\\\/logo\\\/image\\\/\"}}]}<\/script>\n<!-- \/ Yoast SEO plugin. -->","yoast_head_json":{"title":"Biblia Reina Valera 60 letra grande tapa dura Le\u00f3n Rey de Reyes - tzionlibreria.com","description":"Su presentaci\u00f3n con Le\u00f3n de Jud\u00e1 con corona, m\u00e1s encuadernaci\u00f3n en tapa dura hace que la Santa Biblia RVR 1960 sea ideal para el uso personal o para regalo.","robots":{"index":"index","follow":"follow","max-snippet":"max-snippet:-1","max-image-preview":"max-image-preview:large","max-video-preview":"max-video-preview:-1"},"canonical":"https:\/\/tzionlibreria.com\/index.php\/product\/biblia-reina-valera-60-letra-grande-tapa-dura-leon-rey-de-reyes\/","og_locale":"es_ES","og_type":"article","og_title":"Biblia Reina Valera 60 letra grande tapa dura Le\u00f3n Rey de Reyes - tzionlibreria.com","og_description":"Su presentaci\u00f3n con Le\u00f3n de Jud\u00e1 con corona, m\u00e1s encuadernaci\u00f3n en tapa dura hace que la Santa Biblia RVR 1960 sea ideal para el uso personal o para regalo.","og_url":"https:\/\/tzionlibreria.com\/index.php\/product\/biblia-reina-valera-60-letra-grande-tapa-dura-leon-rey-de-reyes\/","og_site_name":"tzionlibreria.com","article_modified_time":"2025-12-04T12:54:37+00:00","og_image":[{"width":1080,"height":1080,"url":"http:\/\/tzionlibreria.com\/wp-content\/uploads\/2025\/01\/21-1.png","type":"image\/png"}],"twitter_card":"summary_large_image","twitter_misc":{"Tiempo de lectura":"2 minutos"},"schema":{"@context":"https:\/\/schema.org","@graph":[{"@type":"WebPage","@id":"https:\/\/tzionlibreria.com\/index.php\/product\/biblia-reina-valera-60-letra-grande-tapa-dura-leon-rey-de-reyes\/","url":"https:\/\/tzionlibreria.com\/index.php\/product\/biblia-reina-valera-60-letra-grande-tapa-dura-leon-rey-de-reyes\/","name":"Biblia Reina Valera 60 letra grande tapa dura Le\u00f3n Rey de Reyes - tzionlibreria.com","isPartOf":{"@id":"https:\/\/tzionlibreria.com\/#website"},"primaryImageOfPage":{"@id":"https:\/\/tzionlibreria.com\/index.php\/product\/biblia-reina-valera-60-letra-grande-tapa-dura-leon-rey-de-reyes\/#primaryimage"},"image":{"@id":"https:\/\/tzionlibreria.com\/index.php\/product\/biblia-reina-valera-60-letra-grande-tapa-dura-leon-rey-de-reyes\/#primaryimage"},"thumbnailUrl":"https:\/\/tzionlibreria.com\/wp-content\/uploads\/2025\/01\/21-1.png","datePublished":"2025-01-16T00:55:21+00:00","dateModified":"2025-12-04T12:54:37+00:00","description":"Su presentaci\u00f3n con Le\u00f3n de Jud\u00e1 con corona, m\u00e1s encuadernaci\u00f3n en tapa dura hace que la Santa Biblia RVR 1960 sea ideal para el uso personal o para regalo.","breadcrumb":{"@id":"https:\/\/tzionlibreria.com\/index.php\/product\/biblia-reina-valera-60-letra-grande-tapa-dura-leon-rey-de-reyes\/#breadcrumb"},"inLanguage":"es-CO","potentialAction":[{"@type":"ReadAction","target":["https:\/\/tzionlibreria.com\/index.php\/product\/biblia-reina-valera-60-letra-grande-tapa-dura-leon-rey-de-reyes\/"]}]},{"@type":"ImageObject","inLanguage":"es-CO","@id":"https:\/\/tzionlibreria.com\/index.php\/product\/biblia-reina-valera-60-letra-grande-tapa-dura-leon-rey-de-reyes\/#primaryimage","url":"https:\/\/tzionlibreria.com\/wp-content\/uploads\/2025\/01\/21-1.png","contentUrl":"https:\/\/tzionlibreria.com\/wp-content\/uploads\/2025\/01\/21-1.png","width":1080,"height":1080},{"@type":"BreadcrumbList","@id":"https:\/\/tzionlibreria.com\/index.php\/product\/biblia-reina-valera-60-letra-grande-tapa-dura-leon-rey-de-reyes\/#breadcrumb","itemListElement":[{"@type":"ListItem","position":1,"name":"Inicio","item":"https:\/\/tzionlibreria.com\/"},{"@type":"ListItem","position":2,"name":"Shop","item":"https:\/\/tzionlibreria.com\/index.php\/shop\/"},{"@type":"ListItem","position":3,"name":"Biblia Reina Valera 60 letra grande tapa dura Le\u00f3n Rey de Reyes"}]},{"@type":"WebSite","@id":"https:\/\/tzionlibreria.com\/#website","url":"https:\/\/tzionlibreria.com\/","name":"tzionlibreria.com","description":"Libreria Cristiana Venezuela","publisher":{"@id":"https:\/\/tzionlibreria.com\/#organization"},"potentialAction":[{"@type":"SearchAction","target":{"@type":"EntryPoint","urlTemplate":"https:\/\/tzionlibreria.com\/?s={search_term_string}"},"query-input":{"@type":"PropertyValueSpecification","valueRequired":true,"valueName":"search_term_string"}}],"inLanguage":"es-CO"},{"@type":"Organization","@id":"https:\/\/tzionlibreria.com\/#organization","name":"tzionlibreria.com","url":"https:\/\/tzionlibreria.com\/","logo":{"@type":"ImageObject","inLanguage":"es-CO","@id":"https:\/\/tzionlibreria.com\/#\/schema\/logo\/image\/","url":"https:\/\/tzionlibreria.com\/wp-content\/uploads\/2023\/10\/cropped-Cuadricula-scaled-1.jpg","contentUrl":"https:\/\/tzionlibreria.com\/wp-content\/uploads\/2023\/10\/cropped-Cuadricula-scaled-1.jpg","width":2560,"height":2560,"caption":"tzionlibreria.com"},"image":{"@id":"https:\/\/tzionlibreria.com\/#\/schema\/logo\/image\/"}}]}},"jetpack_sharing_enabled":true,"_links":{"self":[{"href":"https:\/\/tzionlibreria.com\/index.php\/wp-json\/wp\/v2\/product\/5014","targetHints":{"allow":["GET"]}}],"collection":[{"href":"https:\/\/tzionlibreria.com\/index.php\/wp-json\/wp\/v2\/product"}],"about":[{"href":"https:\/\/tzionlibreria.com\/index.php\/wp-json\/wp\/v2\/types\/product"}],"replies":[{"embeddable":true,"href":"https:\/\/tzionlibreria.com\/index.php\/wp-json\/wp\/v2\/comments?post=5014"}],"wp:featuredmedia":[{"embeddable":true,"href":"https:\/\/tzionlibreria.com\/index.php\/wp-json\/wp\/v2\/media\/5024"}],"wp:attachment":[{"href":"https:\/\/tzionlibreria.com\/index.php\/wp-json\/wp\/v2\/media?parent=5014"}],"wp:term":[{"taxonomy":"product_brand","embeddable":true,"href":"https:\/\/tzionlibreria.com\/index.php\/wp-json\/wp\/v2\/product_brand?post=5014"},{"taxonomy":"product_cat","embeddable":true,"href":"https:\/\/tzionlibreria.com\/index.php\/wp-json\/wp\/v2\/product_cat?post=5014"},{"taxonomy":"product_tag","embeddable":true,"href":"https:\/\/tzionlibreria.com\/index.php\/wp-json\/wp\/v2\/product_tag?post=5014"}],"curies":[{"name":"wp","href":"https:\/\/api.w.org\/{rel}","templated":true}]}}