{"id":506,"date":"2023-10-07T02:14:38","date_gmt":"2023-10-07T02:14:38","guid":{"rendered":"https:\/\/tzionlibreria.com\/?post_type=product&#038;p=506"},"modified":"2026-03-12T19:37:13","modified_gmt":"2026-03-12T19:37:13","slug":"biblia-economica-azul-oscuro-reina-valera-1960","status":"publish","type":"product","link":"https:\/\/tzionlibreria.com\/index.php\/product\/biblia-economica-azul-oscuro-reina-valera-1960\/","title":{"rendered":"Biblia Econ\u00f3mica Azul Oscuro Reina Valera 1960"},"content":{"rendered":"<div class=\"woocommerce-tabs wc-tabs-wrapper\">\n<div id=\"tab-description\" class=\"woocommerce-Tabs-panel woocommerce-Tabs-panel--description panel entry-content wc-tab\" role=\"tabpanel\" aria-labelledby=\"tab-title-description\">\n<div class=\"ast-oembed-container \" style=\"height: 100%;\"><iframe title=\"Biblia Misionera RVR 1960 Azul Oscuro Econ\u00f3mica\" width=\"500\" height=\"281\" src=\"https:\/\/www.youtube.com\/embed\/PIc4lRw_YAU?feature=oembed\" frameborder=\"0\" allow=\"accelerometer; autoplay; clipboard-write; encrypted-media; gyroscope; picture-in-picture; web-share\" referrerpolicy=\"strict-origin-when-cross-origin\" allowfullscreen><\/iframe><\/div>\n<p>&nbsp;<\/p>\n<p>Biblia Misionera Reina Valera 1960 \u00abId por todo el mundo y predicad el evangelio\u00bb, es la gran comisi\u00f3n dada por el Se\u00f1or Jesucristo a su iglesia. La Biblia Misionera es el equipamiento que todo evangelista debe llevar consigo al predicar el mensaje de salvaci\u00f3n, con ella puedes proveer al necesitado de la palabra de Dios.<\/p>\n<p>COLORES:<br \/>\n\u2013 Menta<\/p>\n<p>LA BIBLIA:<br \/>\n\u2013 La Biblia es el libro m\u00e1s influyente del mundo, es el \u00fanico libro que al leerse el autor est\u00e1 siempre presente, es la palabra prof\u00e9tica m\u00e1s segura.<br \/>\n\u2013 La Biblia fue escrita por aproximadamente 40 hombres diferentes, en un lapso de unos 1600 a\u00f1os, y aunque est\u00e1 compuesta por 66 libros constituyen un solo libro, todos inspirados por una sola mente, la de Dios.<\/p>\n<p>VERSI\u00d3N REINA VALERA 1960:<br \/>\n\u2013 La versi\u00f3n Reina Valera 1960 es una de las traducciones de la Biblia al espa\u00f1ol m\u00e1s frecuentemente utilizadas entre los cristianos hispanohablantes, La traducci\u00f3n fue realizada en base a los textos originales por Casiodoro de Reina en 1569 y luego revisada en 1602 por Cipriano de Valera, de quienes deriva el nombre de la versi\u00f3n.<\/p>\n<p>BIBLIA CON AYUDAS ESPECIALES:<br \/>\n\u2013 Ayuda en circunstancias dif\u00edciles.<br \/>\n\u2013 C\u00f3mo hacer frente a la inquietud.<br \/>\n\u2013 Qu\u00e9 dice la Biblia acerca del perd\u00f3n.<\/p>\n<p>CARACTER\u00cdSTICAS :<br \/>\n\u2013 Reina Valera 1960.<br \/>\n\u2013 66 Libros (39 Antiguo Testamento + 27 Nuevo Testamento).<br \/>\n\u2013 21 cms de Alto x 13,5 cms de Ancho x 3 cms de Espesor.<br \/>\n\u2013 928 p\u00e1ginas.<br \/>\n\u2013 Cubierta plastificada.<br \/>\n\u2013 Papel prensa o peri\u00f3dico.<br \/>\n\u2013 Con referencias.<\/p>\n<p>&nbsp;<\/p>\n<p><strong>ISBN<\/strong>:9789587457285<\/p>\n<p><strong>Editorial<\/strong>: Sociedad B\u00edblica Colombiana<br \/>\n<strong>Cubierta<\/strong>: rustica<br \/>\n<strong>Idioma<\/strong>: Espa\u00f1ol<\/p>\n<\/div>\n<\/div>\n<section class=\"related products\"><\/section>\n","protected":false},"excerpt":{"rendered":"<p>&nbsp; Biblia Misionera Reina Valera 1960 \u00abId por todo el mundo y predicad el evangelio\u00bb, es la gran comisi\u00f3n dada por el Se\u00f1or Jesucristo a su iglesia. La Biblia Misionera es el equipamiento que todo evangelista debe llevar consigo al predicar el mensaje de salvaci\u00f3n, con ella puedes proveer al necesitado de la palabra de [&hellip;]<\/p>\n","protected":false},"featured_media":507,"comment_status":"open","ping_status":"closed","template":"","meta":{"om_disable_all_campaigns":false,"_monsterinsights_skip_tracking":false,"_monsterinsights_sitenote_active":false,"_monsterinsights_sitenote_note":"","_monsterinsights_sitenote_category":0,"site-sidebar-layout":"default","site-content-layout":"","ast-site-content-layout":"default","site-content-style":"default","site-sidebar-style":"default","ast-global-header-display":"","ast-banner-title-visibility":"","ast-main-header-display":"","ast-hfb-above-header-display":"","ast-hfb-below-header-display":"","ast-hfb-mobile-header-display":"","site-post-title":"","ast-breadcrumbs-content":"","ast-featured-img":"","footer-sml-layout":"","ast-disable-related-posts":"","theme-transparent-header-meta":"default","adv-header-id-meta":"","stick-header-meta":"","header-above-stick-meta":"","header-main-stick-meta":"","header-below-stick-meta":"","astra-migrate-meta-layouts":"set","ast-page-background-enabled":"default","ast-page-background-meta":{"desktop":{"background-color":"var(--ast-global-color-4)","background-image":"","background-repeat":"repeat","background-position":"center center","background-size":"auto","background-attachment":"scroll","background-type":"","background-media":"","overlay-type":"","overlay-color":"","overlay-opacity":"","overlay-gradient":""},"tablet":{"background-color":"","background-image":"","background-repeat":"repeat","background-position":"center center","background-size":"auto","background-attachment":"scroll","background-type":"","background-media":"","overlay-type":"","overlay-color":"","overlay-opacity":"","overlay-gradient":""},"mobile":{"background-color":"","background-image":"","background-repeat":"repeat","background-position":"center center","background-size":"auto","background-attachment":"scroll","background-type":"","background-media":"","overlay-type":"","overlay-color":"","overlay-opacity":"","overlay-gradient":""}},"ast-content-background-meta":{"desktop":{"background-color":"var(--ast-global-color-5)","background-image":"","background-repeat":"repeat","background-position":"center center","background-size":"auto","background-attachment":"scroll","background-type":"","background-media":"","overlay-type":"","overlay-color":"","overlay-opacity":"","overlay-gradient":""},"tablet":{"background-color":"var(--ast-global-color-5)","background-image":"","background-repeat":"repeat","background-position":"center center","background-size":"auto","background-attachment":"scroll","background-type":"","background-media":"","overlay-type":"","overlay-color":"","overlay-opacity":"","overlay-gradient":""},"mobile":{"background-color":"var(--ast-global-color-5)","background-image":"","background-repeat":"repeat","background-position":"center center","background-size":"auto","background-attachment":"scroll","background-type":"","background-media":"","overlay-type":"","overlay-color":"","overlay-opacity":"","overlay-gradient":""}}},"product_brand":[],"product_cat":[22,42,303],"product_tag":[45],"class_list":{"0":"post-506","1":"product","2":"type-product","3":"status-publish","4":"has-post-thumbnail","6":"product_cat-biblias","7":"product_cat-biblias-reina-valera","8":"product_cat-ofertas-economicas","9":"product_tag-rvr","10":"desktop-align-left","11":"tablet-align-left","12":"mobile-align-left","14":"first","15":"instock","16":"shipping-taxable","17":"purchasable","18":"product-type-simple"},"yoast_head":"<!-- This site is optimized with the Yoast SEO plugin v27.4 - https:\/\/yoast.com\/product\/yoast-seo-wordpress\/ -->\n<title>Biblia Econ\u00f3mica Azul Oscuro Reina Valera 1960 - tzionlibreria.com<\/title>\n<meta name=\"robots\" content=\"index, follow, max-snippet:-1, max-image-preview:large, max-video-preview:-1\" \/>\n<link rel=\"canonical\" href=\"https:\/\/tzionlibreria.com\/index.php\/product\/biblia-economica-azul-oscuro-reina-valera-1960\/\" \/>\n<meta property=\"og:locale\" content=\"es_ES\" \/>\n<meta property=\"og:type\" content=\"article\" \/>\n<meta property=\"og:title\" content=\"Biblia Econ\u00f3mica Azul Oscuro Reina Valera 1960 - tzionlibreria.com\" \/>\n<meta property=\"og:description\" content=\"&nbsp; Biblia Misionera Reina Valera 1960 \u00abId por todo el mundo y predicad el evangelio\u00bb, es la gran comisi\u00f3n dada por el Se\u00f1or Jesucristo a su iglesia. La Biblia Misionera es el equipamiento que todo evangelista debe llevar consigo al predicar el mensaje de salvaci\u00f3n, con ella puedes proveer al necesitado de la palabra de [&hellip;]\" \/>\n<meta property=\"og:url\" content=\"https:\/\/tzionlibreria.com\/index.php\/product\/biblia-economica-azul-oscuro-reina-valera-1960\/\" \/>\n<meta property=\"og:site_name\" content=\"tzionlibreria.com\" \/>\n<meta property=\"article:modified_time\" content=\"2026-03-12T19:37:13+00:00\" \/>\n<meta property=\"og:image\" content=\"http:\/\/tzionlibreria.com\/wp-content\/uploads\/2023\/10\/D_NQ_NP_2X_792468-MLV51593271266_092022-F.webp\" \/>\n\t<meta property=\"og:image:width\" content=\"1107\" \/>\n\t<meta property=\"og:image:height\" content=\"1002\" \/>\n\t<meta property=\"og:image:type\" content=\"image\/webp\" \/>\n<meta name=\"twitter:card\" content=\"summary_large_image\" \/>\n<meta name=\"twitter:label1\" content=\"Tiempo de lectura\" \/>\n\t<meta name=\"twitter:data1\" content=\"2 minutos\" \/>\n<script type=\"application\/ld+json\" class=\"yoast-schema-graph\">{\"@context\":\"https:\\\/\\\/schema.org\",\"@graph\":[{\"@type\":\"WebPage\",\"@id\":\"https:\\\/\\\/tzionlibreria.com\\\/index.php\\\/product\\\/biblia-economica-azul-oscuro-reina-valera-1960\\\/\",\"url\":\"https:\\\/\\\/tzionlibreria.com\\\/index.php\\\/product\\\/biblia-economica-azul-oscuro-reina-valera-1960\\\/\",\"name\":\"Biblia Econ\u00f3mica Azul Oscuro Reina Valera 1960 - tzionlibreria.com\",\"isPartOf\":{\"@id\":\"https:\\\/\\\/tzionlibreria.com\\\/#website\"},\"primaryImageOfPage\":{\"@id\":\"https:\\\/\\\/tzionlibreria.com\\\/index.php\\\/product\\\/biblia-economica-azul-oscuro-reina-valera-1960\\\/#primaryimage\"},\"image\":{\"@id\":\"https:\\\/\\\/tzionlibreria.com\\\/index.php\\\/product\\\/biblia-economica-azul-oscuro-reina-valera-1960\\\/#primaryimage\"},\"thumbnailUrl\":\"https:\\\/\\\/tzionlibreria.com\\\/wp-content\\\/uploads\\\/2023\\\/10\\\/D_NQ_NP_2X_792468-MLV51593271266_092022-F.webp\",\"datePublished\":\"2023-10-07T02:14:38+00:00\",\"dateModified\":\"2026-03-12T19:37:13+00:00\",\"breadcrumb\":{\"@id\":\"https:\\\/\\\/tzionlibreria.com\\\/index.php\\\/product\\\/biblia-economica-azul-oscuro-reina-valera-1960\\\/#breadcrumb\"},\"inLanguage\":\"es-CO\",\"potentialAction\":[{\"@type\":\"ReadAction\",\"target\":[\"https:\\\/\\\/tzionlibreria.com\\\/index.php\\\/product\\\/biblia-economica-azul-oscuro-reina-valera-1960\\\/\"]}]},{\"@type\":\"ImageObject\",\"inLanguage\":\"es-CO\",\"@id\":\"https:\\\/\\\/tzionlibreria.com\\\/index.php\\\/product\\\/biblia-economica-azul-oscuro-reina-valera-1960\\\/#primaryimage\",\"url\":\"https:\\\/\\\/tzionlibreria.com\\\/wp-content\\\/uploads\\\/2023\\\/10\\\/D_NQ_NP_2X_792468-MLV51593271266_092022-F.webp\",\"contentUrl\":\"https:\\\/\\\/tzionlibreria.com\\\/wp-content\\\/uploads\\\/2023\\\/10\\\/D_NQ_NP_2X_792468-MLV51593271266_092022-F.webp\",\"width\":1107,\"height\":1002},{\"@type\":\"BreadcrumbList\",\"@id\":\"https:\\\/\\\/tzionlibreria.com\\\/index.php\\\/product\\\/biblia-economica-azul-oscuro-reina-valera-1960\\\/#breadcrumb\",\"itemListElement\":[{\"@type\":\"ListItem\",\"position\":1,\"name\":\"Inicio\",\"item\":\"https:\\\/\\\/tzionlibreria.com\\\/\"},{\"@type\":\"ListItem\",\"position\":2,\"name\":\"Shop\",\"item\":\"https:\\\/\\\/tzionlibreria.com\\\/index.php\\\/shop\\\/\"},{\"@type\":\"ListItem\",\"position\":3,\"name\":\"Biblia Econ\u00f3mica Azul Oscuro Reina Valera 1960\"}]},{\"@type\":\"WebSite\",\"@id\":\"https:\\\/\\\/tzionlibreria.com\\\/#website\",\"url\":\"https:\\\/\\\/tzionlibreria.com\\\/\",\"name\":\"tzionlibreria.com\",\"description\":\"Libreria Cristiana Venezuela\",\"publisher\":{\"@id\":\"https:\\\/\\\/tzionlibreria.com\\\/#organization\"},\"potentialAction\":[{\"@type\":\"SearchAction\",\"target\":{\"@type\":\"EntryPoint\",\"urlTemplate\":\"https:\\\/\\\/tzionlibreria.com\\\/?s={search_term_string}\"},\"query-input\":{\"@type\":\"PropertyValueSpecification\",\"valueRequired\":true,\"valueName\":\"search_term_string\"}}],\"inLanguage\":\"es-CO\"},{\"@type\":\"Organization\",\"@id\":\"https:\\\/\\\/tzionlibreria.com\\\/#organization\",\"name\":\"tzionlibreria.com\",\"url\":\"https:\\\/\\\/tzionlibreria.com\\\/\",\"logo\":{\"@type\":\"ImageObject\",\"inLanguage\":\"es-CO\",\"@id\":\"https:\\\/\\\/tzionlibreria.com\\\/#\\\/schema\\\/logo\\\/image\\\/\",\"url\":\"https:\\\/\\\/tzionlibreria.com\\\/wp-content\\\/uploads\\\/2023\\\/10\\\/cropped-Cuadricula-scaled-1.jpg\",\"contentUrl\":\"https:\\\/\\\/tzionlibreria.com\\\/wp-content\\\/uploads\\\/2023\\\/10\\\/cropped-Cuadricula-scaled-1.jpg\",\"width\":2560,\"height\":2560,\"caption\":\"tzionlibreria.com\"},\"image\":{\"@id\":\"https:\\\/\\\/tzionlibreria.com\\\/#\\\/schema\\\/logo\\\/image\\\/\"}}]}<\/script>\n<!-- \/ Yoast SEO plugin. -->","yoast_head_json":{"title":"Biblia Econ\u00f3mica Azul Oscuro Reina Valera 1960 - tzionlibreria.com","robots":{"index":"index","follow":"follow","max-snippet":"max-snippet:-1","max-image-preview":"max-image-preview:large","max-video-preview":"max-video-preview:-1"},"canonical":"https:\/\/tzionlibreria.com\/index.php\/product\/biblia-economica-azul-oscuro-reina-valera-1960\/","og_locale":"es_ES","og_type":"article","og_title":"Biblia Econ\u00f3mica Azul Oscuro Reina Valera 1960 - tzionlibreria.com","og_description":"&nbsp; Biblia Misionera Reina Valera 1960 \u00abId por todo el mundo y predicad el evangelio\u00bb, es la gran comisi\u00f3n dada por el Se\u00f1or Jesucristo a su iglesia. La Biblia Misionera es el equipamiento que todo evangelista debe llevar consigo al predicar el mensaje de salvaci\u00f3n, con ella puedes proveer al necesitado de la palabra de [&hellip;]","og_url":"https:\/\/tzionlibreria.com\/index.php\/product\/biblia-economica-azul-oscuro-reina-valera-1960\/","og_site_name":"tzionlibreria.com","article_modified_time":"2026-03-12T19:37:13+00:00","og_image":[{"width":1107,"height":1002,"url":"http:\/\/tzionlibreria.com\/wp-content\/uploads\/2023\/10\/D_NQ_NP_2X_792468-MLV51593271266_092022-F.webp","type":"image\/webp"}],"twitter_card":"summary_large_image","twitter_misc":{"Tiempo de lectura":"2 minutos"},"schema":{"@context":"https:\/\/schema.org","@graph":[{"@type":"WebPage","@id":"https:\/\/tzionlibreria.com\/index.php\/product\/biblia-economica-azul-oscuro-reina-valera-1960\/","url":"https:\/\/tzionlibreria.com\/index.php\/product\/biblia-economica-azul-oscuro-reina-valera-1960\/","name":"Biblia Econ\u00f3mica Azul Oscuro Reina Valera 1960 - tzionlibreria.com","isPartOf":{"@id":"https:\/\/tzionlibreria.com\/#website"},"primaryImageOfPage":{"@id":"https:\/\/tzionlibreria.com\/index.php\/product\/biblia-economica-azul-oscuro-reina-valera-1960\/#primaryimage"},"image":{"@id":"https:\/\/tzionlibreria.com\/index.php\/product\/biblia-economica-azul-oscuro-reina-valera-1960\/#primaryimage"},"thumbnailUrl":"https:\/\/tzionlibreria.com\/wp-content\/uploads\/2023\/10\/D_NQ_NP_2X_792468-MLV51593271266_092022-F.webp","datePublished":"2023-10-07T02:14:38+00:00","dateModified":"2026-03-12T19:37:13+00:00","breadcrumb":{"@id":"https:\/\/tzionlibreria.com\/index.php\/product\/biblia-economica-azul-oscuro-reina-valera-1960\/#breadcrumb"},"inLanguage":"es-CO","potentialAction":[{"@type":"ReadAction","target":["https:\/\/tzionlibreria.com\/index.php\/product\/biblia-economica-azul-oscuro-reina-valera-1960\/"]}]},{"@type":"ImageObject","inLanguage":"es-CO","@id":"https:\/\/tzionlibreria.com\/index.php\/product\/biblia-economica-azul-oscuro-reina-valera-1960\/#primaryimage","url":"https:\/\/tzionlibreria.com\/wp-content\/uploads\/2023\/10\/D_NQ_NP_2X_792468-MLV51593271266_092022-F.webp","contentUrl":"https:\/\/tzionlibreria.com\/wp-content\/uploads\/2023\/10\/D_NQ_NP_2X_792468-MLV51593271266_092022-F.webp","width":1107,"height":1002},{"@type":"BreadcrumbList","@id":"https:\/\/tzionlibreria.com\/index.php\/product\/biblia-economica-azul-oscuro-reina-valera-1960\/#breadcrumb","itemListElement":[{"@type":"ListItem","position":1,"name":"Inicio","item":"https:\/\/tzionlibreria.com\/"},{"@type":"ListItem","position":2,"name":"Shop","item":"https:\/\/tzionlibreria.com\/index.php\/shop\/"},{"@type":"ListItem","position":3,"name":"Biblia Econ\u00f3mica Azul Oscuro Reina Valera 1960"}]},{"@type":"WebSite","@id":"https:\/\/tzionlibreria.com\/#website","url":"https:\/\/tzionlibreria.com\/","name":"tzionlibreria.com","description":"Libreria Cristiana Venezuela","publisher":{"@id":"https:\/\/tzionlibreria.com\/#organization"},"potentialAction":[{"@type":"SearchAction","target":{"@type":"EntryPoint","urlTemplate":"https:\/\/tzionlibreria.com\/?s={search_term_string}"},"query-input":{"@type":"PropertyValueSpecification","valueRequired":true,"valueName":"search_term_string"}}],"inLanguage":"es-CO"},{"@type":"Organization","@id":"https:\/\/tzionlibreria.com\/#organization","name":"tzionlibreria.com","url":"https:\/\/tzionlibreria.com\/","logo":{"@type":"ImageObject","inLanguage":"es-CO","@id":"https:\/\/tzionlibreria.com\/#\/schema\/logo\/image\/","url":"https:\/\/tzionlibreria.com\/wp-content\/uploads\/2023\/10\/cropped-Cuadricula-scaled-1.jpg","contentUrl":"https:\/\/tzionlibreria.com\/wp-content\/uploads\/2023\/10\/cropped-Cuadricula-scaled-1.jpg","width":2560,"height":2560,"caption":"tzionlibreria.com"},"image":{"@id":"https:\/\/tzionlibreria.com\/#\/schema\/logo\/image\/"}}]}},"jetpack_sharing_enabled":true,"_links":{"self":[{"href":"https:\/\/tzionlibreria.com\/index.php\/wp-json\/wp\/v2\/product\/506","targetHints":{"allow":["GET"]}}],"collection":[{"href":"https:\/\/tzionlibreria.com\/index.php\/wp-json\/wp\/v2\/product"}],"about":[{"href":"https:\/\/tzionlibreria.com\/index.php\/wp-json\/wp\/v2\/types\/product"}],"replies":[{"embeddable":true,"href":"https:\/\/tzionlibreria.com\/index.php\/wp-json\/wp\/v2\/comments?post=506"}],"wp:featuredmedia":[{"embeddable":true,"href":"https:\/\/tzionlibreria.com\/index.php\/wp-json\/wp\/v2\/media\/507"}],"wp:attachment":[{"href":"https:\/\/tzionlibreria.com\/index.php\/wp-json\/wp\/v2\/media?parent=506"}],"wp:term":[{"taxonomy":"product_brand","embeddable":true,"href":"https:\/\/tzionlibreria.com\/index.php\/wp-json\/wp\/v2\/product_brand?post=506"},{"taxonomy":"product_cat","embeddable":true,"href":"https:\/\/tzionlibreria.com\/index.php\/wp-json\/wp\/v2\/product_cat?post=506"},{"taxonomy":"product_tag","embeddable":true,"href":"https:\/\/tzionlibreria.com\/index.php\/wp-json\/wp\/v2\/product_tag?post=506"}],"curies":[{"name":"wp","href":"https:\/\/api.w.org\/{rel}","templated":true}]}}