{"id":5061,"date":"2025-01-31T14:47:20","date_gmt":"2025-01-31T14:47:20","guid":{"rendered":"https:\/\/tzionlibreria.com\/?post_type=product&#038;p=5061"},"modified":"2025-04-21T14:55:34","modified_gmt":"2025-04-21T14:55:34","slug":"biblia-ntv-letra-grande-con-referencias-sentipiel-beige-cierre","status":"publish","type":"product","link":"https:\/\/tzionlibreria.com\/index.php\/product\/biblia-ntv-letra-grande-con-referencias-sentipiel-beige-cierre\/","title":{"rendered":"Biblia NTV Letra Grande con referencias SentiPiel Beige Cierre"},"content":{"rendered":"<p><strong><span class=\"a-text-bold\">\u00a1<\/span><span class=\"a-text-bold\">La Biblia f<\/span><span class=\"a-text-bold\">\u00e1<\/span><span class=\"a-text-bold\">cil de leer que puedes llevar contigo a todo lugar!<\/span><\/strong><\/p>\n<p>Si est\u00e1 buscando una Biblia para ayudarlo a crecer espiritualmente y mejorar su conocimiento b\u00edblico, aqu\u00ed est\u00e1 su respuesta: la <span class=\"a-text-italic\">Santa Biblia NTV<\/span>,\u00a0<span class=\"a-text-italic\">Edici\u00f3n z\u00edper con referencias, letra grande<\/span>. Esta Biblia elegante y duradera lo ayudar\u00e1 a comprender mejor la Biblia gracias a sus numerosas caracter\u00edsticas que incluyen:<\/p>\n<ul class=\"a-unordered-list a-vertical\">\n<li><span class=\"a-list-item\">Referencias cruzadas en la columna central<\/span><\/li>\n<li><span class=\"a-list-item\">Res\u00famenes de cada libro de la Biblia<\/span><\/li>\n<li><span class=\"a-list-item\">Diccionario\/\u00edndice de t\u00e9rminos en hebreo y en griego<\/span><\/li>\n<li><span class=\"a-list-item\">Una concordancia con palabras de uso com\u00fan y personajes b\u00edblicos recurrentes<\/span><\/li>\n<li><span class=\"a-list-item\">Tres mapas a todo color<\/span><\/li>\n<li><span class=\"a-list-item\">Palabras de Cristo en rojo<\/span><\/li>\n<li><span class=\"a-list-item\">Una p\u00e1gina de presentaci\u00f3n para regalos y dedicaciones<\/span><\/li>\n<li><span class=\"a-list-item\">Material de cubierta resistente para proteger el interior de su Biblia<\/span><\/li>\n<li><span class=\"a-list-item\">Cierre de z\u00edper alrededor de toda la Biblia para proteger las p\u00e1ginas y el interior<\/span><\/li>\n<li><span class=\"a-list-item\">Letra grande de 9,5 puntos para facilitar la lectura<\/span><\/li>\n<\/ul>\n<p>De principio a fin, esta Biblia fue dise\u00f1ada para durar y para ser un elemento constante en su estudio b\u00edblico. El interior y el exterior de su Biblia est\u00e1n protegidos para que pueda llevarla consigo sin tener que preocuparse de que se da\u00f1e. Esta Biblia tambi\u00e9n incluye una p\u00e1gina de presentaci\u00f3n al frente si desea dedicarla y presentarla como regalo a alguien especial que valore la fe y devoci\u00f3n a Dios.<\/p>\n<p>Las referencias cruzadas ubicadas en la columna central de esta Biblia lo ayudar\u00e1n a identificar f\u00e1cilmente pasajes adicionales que se relacionan con el mismo tema. Esta caracter\u00edstica, junto con la concordancia, le ahorrar\u00e1 tiempo mientras busca vers\u00edculos y temas que recorren por el Antiguo y el Nuevo Testamento. Estas herramientas pueden ser incre\u00edblemente valiosas para pastores, maestros y estudiantes de la Biblia mientras trabajan en la preparaci\u00f3n de sermones, conferencias y lecciones.<\/p>\n<p>Las palabras de Cristo se distinguen con texto de color rojo para ayudarlo a reconocer r\u00e1pidamente lo que dijo Jes\u00fas y los mensajes que comparti\u00f3 generosamente con sus oyentes. Las introducciones de los libros que resumen cada libro de la Biblia le ser\u00e1n especialmente \u00fatiles a medida que trabaje para comprender la historia de la Biblia de principio a fin.<\/p>\n<p>Si busca comprender la traducci\u00f3n de la Biblia, los cambios de un idioma a otro y tener una mejor idea general de c\u00f3mo eran las cosas en los tiempos b\u00edblicos, entonces el diccionario\/\u00edndice y los mapas ubicados al final de esta Biblia le proporcionar\u00e1n un contexto hist\u00f3rico, explicaciones de pasajes dif\u00edciles y conocimientos sobre el significado de los vers\u00edculos.<\/p>\n<p>Ya sea usted un experto en la Biblia o un nuevo creyente, esta Biblia tiene algo especial para que todos puedan ampliar su conocimiento b\u00edblico y mejorar su crecimiento espiritual hoy.<\/p>\n<p>&nbsp;<\/p>\n<ul class=\"a-unordered-list a-nostyle a-vertical a-spacing-none detail-bullet-list\">\n<li><span class=\"a-list-item\"><span class=\"a-text-bold\">Editorial: <\/span>Tyndale House Publishers; Tipo grande\/impresi\u00f3n grande edici\u00f3n (9 Junio 2020)<\/span><\/li>\n<li><span class=\"a-list-item\"><span class=\"a-text-bold\">Idioma: <\/span>Espa\u00f1ol<\/span><\/li>\n<li><span class=\"a-list-item\"><span class=\"a-text-bold\">Imitation Leather: <\/span>1344 p\u00e1ginas<\/span><\/li>\n<li><span class=\"a-list-item\"><span class=\"a-text-bold\">ISBN: \u200e<\/span>9781496445612<\/span><\/li>\n<li><span class=\"a-list-item\"><span class=\"a-text-bold\">Dimensiones: \u200e168 x 254 x 33 mm<\/span><\/span><\/li>\n<\/ul>\n","protected":false},"excerpt":{"rendered":"<p>\u00a1La Biblia f\u00e1cil de leer que puedes llevar contigo a todo lugar! Si est\u00e1 buscando una Biblia para ayudarlo a crecer espiritualmente y mejorar su conocimiento b\u00edblico, aqu\u00ed est\u00e1 su respuesta: la Santa Biblia NTV,\u00a0Edici\u00f3n z\u00edper con referencias, letra grande. Esta Biblia elegante y duradera lo ayudar\u00e1 a comprender mejor la Biblia gracias a sus [&hellip;]<\/p>\n","protected":false},"featured_media":5062,"comment_status":"open","ping_status":"closed","template":"","meta":{"om_disable_all_campaigns":false,"_monsterinsights_skip_tracking":false,"_monsterinsights_sitenote_active":false,"_monsterinsights_sitenote_note":"","_monsterinsights_sitenote_category":0,"site-sidebar-layout":"default","site-content-layout":"","ast-site-content-layout":"default","site-content-style":"default","site-sidebar-style":"default","ast-global-header-display":"","ast-banner-title-visibility":"","ast-main-header-display":"","ast-hfb-above-header-display":"","ast-hfb-below-header-display":"","ast-hfb-mobile-header-display":"","site-post-title":"","ast-breadcrumbs-content":"","ast-featured-img":"","footer-sml-layout":"","ast-disable-related-posts":"","theme-transparent-header-meta":"default","adv-header-id-meta":"","stick-header-meta":"","header-above-stick-meta":"","header-main-stick-meta":"","header-below-stick-meta":"","astra-migrate-meta-layouts":"set","ast-page-background-enabled":"default","ast-page-background-meta":{"desktop":{"background-color":"var(--ast-global-color-4)","background-image":"","background-repeat":"repeat","background-position":"center center","background-size":"auto","background-attachment":"scroll","background-type":"","background-media":"","overlay-type":"","overlay-color":"","overlay-opacity":"","overlay-gradient":""},"tablet":{"background-color":"","background-image":"","background-repeat":"repeat","background-position":"center center","background-size":"auto","background-attachment":"scroll","background-type":"","background-media":"","overlay-type":"","overlay-color":"","overlay-opacity":"","overlay-gradient":""},"mobile":{"background-color":"","background-image":"","background-repeat":"repeat","background-position":"center center","background-size":"auto","background-attachment":"scroll","background-type":"","background-media":"","overlay-type":"","overlay-color":"","overlay-opacity":"","overlay-gradient":""}},"ast-content-background-meta":{"desktop":{"background-color":"var(--ast-global-color-5)","background-image":"","background-repeat":"repeat","background-position":"center center","background-size":"auto","background-attachment":"scroll","background-type":"","background-media":"","overlay-type":"","overlay-color":"","overlay-opacity":"","overlay-gradient":""},"tablet":{"background-color":"var(--ast-global-color-5)","background-image":"","background-repeat":"repeat","background-position":"center center","background-size":"auto","background-attachment":"scroll","background-type":"","background-media":"","overlay-type":"","overlay-color":"","overlay-opacity":"","overlay-gradient":""},"mobile":{"background-color":"var(--ast-global-color-5)","background-image":"","background-repeat":"repeat","background-position":"center center","background-size":"auto","background-attachment":"scroll","background-type":"","background-media":"","overlay-type":"","overlay-color":"","overlay-opacity":"","overlay-gradient":""}}},"product_brand":[],"product_cat":[22,31,180],"product_tag":[48],"class_list":{"0":"post-5061","1":"product","2":"type-product","3":"status-publish","4":"has-post-thumbnail","6":"product_cat-biblias","7":"product_cat-biblias-ntv","8":"product_cat-letra-grande-ntv","9":"product_tag-ntv","10":"desktop-align-left","11":"tablet-align-left","12":"mobile-align-left","14":"first","15":"outofstock","16":"shipping-taxable","17":"purchasable","18":"product-type-simple"},"yoast_head":"<!-- This site is optimized with the Yoast SEO plugin v27.4 - https:\/\/yoast.com\/product\/yoast-seo-wordpress\/ -->\n<title>Biblia NTV Letra Grande con referencias SentiPiel Beige Cierre - tzionlibreria.com<\/title>\n<meta name=\"description\" content=\"\u00a1La Biblia f\u00e1cil de leer que puedes llevar contigo a todo lugar! en versi\u00f3n NTV letra grande con cierre, palabra de Jes\u00fas en rojo.\" \/>\n<meta name=\"robots\" content=\"index, follow, max-snippet:-1, max-image-preview:large, max-video-preview:-1\" \/>\n<link rel=\"canonical\" href=\"https:\/\/tzionlibreria.com\/index.php\/product\/biblia-ntv-letra-grande-con-referencias-sentipiel-beige-cierre\/\" \/>\n<meta property=\"og:locale\" content=\"es_ES\" \/>\n<meta property=\"og:type\" content=\"article\" \/>\n<meta property=\"og:title\" content=\"Biblia NTV Letra Grande con referencias SentiPiel Beige Cierre - tzionlibreria.com\" \/>\n<meta property=\"og:description\" content=\"\u00a1La Biblia f\u00e1cil de leer que puedes llevar contigo a todo lugar! en versi\u00f3n NTV letra grande con cierre, palabra de Jes\u00fas en rojo.\" \/>\n<meta property=\"og:url\" content=\"https:\/\/tzionlibreria.com\/index.php\/product\/biblia-ntv-letra-grande-con-referencias-sentipiel-beige-cierre\/\" \/>\n<meta property=\"og:site_name\" content=\"tzionlibreria.com\" \/>\n<meta property=\"article:modified_time\" content=\"2025-04-21T14:55:34+00:00\" \/>\n<meta property=\"og:image\" content=\"http:\/\/tzionlibreria.com\/wp-content\/uploads\/2025\/01\/28.png\" \/>\n\t<meta property=\"og:image:width\" content=\"1080\" \/>\n\t<meta property=\"og:image:height\" content=\"1080\" \/>\n\t<meta property=\"og:image:type\" content=\"image\/png\" \/>\n<meta name=\"twitter:card\" content=\"summary_large_image\" \/>\n<meta name=\"twitter:label1\" content=\"Tiempo de lectura\" \/>\n\t<meta name=\"twitter:data1\" content=\"3 minutos\" \/>\n<script type=\"application\/ld+json\" class=\"yoast-schema-graph\">{\"@context\":\"https:\\\/\\\/schema.org\",\"@graph\":[{\"@type\":\"WebPage\",\"@id\":\"https:\\\/\\\/tzionlibreria.com\\\/index.php\\\/product\\\/biblia-ntv-letra-grande-con-referencias-sentipiel-beige-cierre\\\/\",\"url\":\"https:\\\/\\\/tzionlibreria.com\\\/index.php\\\/product\\\/biblia-ntv-letra-grande-con-referencias-sentipiel-beige-cierre\\\/\",\"name\":\"Biblia NTV Letra Grande con referencias SentiPiel Beige Cierre - tzionlibreria.com\",\"isPartOf\":{\"@id\":\"https:\\\/\\\/tzionlibreria.com\\\/#website\"},\"primaryImageOfPage\":{\"@id\":\"https:\\\/\\\/tzionlibreria.com\\\/index.php\\\/product\\\/biblia-ntv-letra-grande-con-referencias-sentipiel-beige-cierre\\\/#primaryimage\"},\"image\":{\"@id\":\"https:\\\/\\\/tzionlibreria.com\\\/index.php\\\/product\\\/biblia-ntv-letra-grande-con-referencias-sentipiel-beige-cierre\\\/#primaryimage\"},\"thumbnailUrl\":\"https:\\\/\\\/tzionlibreria.com\\\/wp-content\\\/uploads\\\/2025\\\/01\\\/28.png\",\"datePublished\":\"2025-01-31T14:47:20+00:00\",\"dateModified\":\"2025-04-21T14:55:34+00:00\",\"description\":\"\u00a1La Biblia f\u00e1cil de leer que puedes llevar contigo a todo lugar! en versi\u00f3n NTV letra grande con cierre, palabra de Jes\u00fas en rojo.\",\"breadcrumb\":{\"@id\":\"https:\\\/\\\/tzionlibreria.com\\\/index.php\\\/product\\\/biblia-ntv-letra-grande-con-referencias-sentipiel-beige-cierre\\\/#breadcrumb\"},\"inLanguage\":\"es-CO\",\"potentialAction\":[{\"@type\":\"ReadAction\",\"target\":[\"https:\\\/\\\/tzionlibreria.com\\\/index.php\\\/product\\\/biblia-ntv-letra-grande-con-referencias-sentipiel-beige-cierre\\\/\"]}]},{\"@type\":\"ImageObject\",\"inLanguage\":\"es-CO\",\"@id\":\"https:\\\/\\\/tzionlibreria.com\\\/index.php\\\/product\\\/biblia-ntv-letra-grande-con-referencias-sentipiel-beige-cierre\\\/#primaryimage\",\"url\":\"https:\\\/\\\/tzionlibreria.com\\\/wp-content\\\/uploads\\\/2025\\\/01\\\/28.png\",\"contentUrl\":\"https:\\\/\\\/tzionlibreria.com\\\/wp-content\\\/uploads\\\/2025\\\/01\\\/28.png\",\"width\":1080,\"height\":1080},{\"@type\":\"BreadcrumbList\",\"@id\":\"https:\\\/\\\/tzionlibreria.com\\\/index.php\\\/product\\\/biblia-ntv-letra-grande-con-referencias-sentipiel-beige-cierre\\\/#breadcrumb\",\"itemListElement\":[{\"@type\":\"ListItem\",\"position\":1,\"name\":\"Inicio\",\"item\":\"https:\\\/\\\/tzionlibreria.com\\\/\"},{\"@type\":\"ListItem\",\"position\":2,\"name\":\"Shop\",\"item\":\"https:\\\/\\\/tzionlibreria.com\\\/index.php\\\/shop\\\/\"},{\"@type\":\"ListItem\",\"position\":3,\"name\":\"Biblia NTV Letra Grande con referencias SentiPiel Beige Cierre\"}]},{\"@type\":\"WebSite\",\"@id\":\"https:\\\/\\\/tzionlibreria.com\\\/#website\",\"url\":\"https:\\\/\\\/tzionlibreria.com\\\/\",\"name\":\"tzionlibreria.com\",\"description\":\"Libreria Cristiana Venezuela\",\"publisher\":{\"@id\":\"https:\\\/\\\/tzionlibreria.com\\\/#organization\"},\"potentialAction\":[{\"@type\":\"SearchAction\",\"target\":{\"@type\":\"EntryPoint\",\"urlTemplate\":\"https:\\\/\\\/tzionlibreria.com\\\/?s={search_term_string}\"},\"query-input\":{\"@type\":\"PropertyValueSpecification\",\"valueRequired\":true,\"valueName\":\"search_term_string\"}}],\"inLanguage\":\"es-CO\"},{\"@type\":\"Organization\",\"@id\":\"https:\\\/\\\/tzionlibreria.com\\\/#organization\",\"name\":\"tzionlibreria.com\",\"url\":\"https:\\\/\\\/tzionlibreria.com\\\/\",\"logo\":{\"@type\":\"ImageObject\",\"inLanguage\":\"es-CO\",\"@id\":\"https:\\\/\\\/tzionlibreria.com\\\/#\\\/schema\\\/logo\\\/image\\\/\",\"url\":\"https:\\\/\\\/tzionlibreria.com\\\/wp-content\\\/uploads\\\/2023\\\/10\\\/cropped-Cuadricula-scaled-1.jpg\",\"contentUrl\":\"https:\\\/\\\/tzionlibreria.com\\\/wp-content\\\/uploads\\\/2023\\\/10\\\/cropped-Cuadricula-scaled-1.jpg\",\"width\":2560,\"height\":2560,\"caption\":\"tzionlibreria.com\"},\"image\":{\"@id\":\"https:\\\/\\\/tzionlibreria.com\\\/#\\\/schema\\\/logo\\\/image\\\/\"}}]}<\/script>\n<!-- \/ Yoast SEO plugin. -->","yoast_head_json":{"title":"Biblia NTV Letra Grande con referencias SentiPiel Beige Cierre - tzionlibreria.com","description":"\u00a1La Biblia f\u00e1cil de leer que puedes llevar contigo a todo lugar! en versi\u00f3n NTV letra grande con cierre, palabra de Jes\u00fas en rojo.","robots":{"index":"index","follow":"follow","max-snippet":"max-snippet:-1","max-image-preview":"max-image-preview:large","max-video-preview":"max-video-preview:-1"},"canonical":"https:\/\/tzionlibreria.com\/index.php\/product\/biblia-ntv-letra-grande-con-referencias-sentipiel-beige-cierre\/","og_locale":"es_ES","og_type":"article","og_title":"Biblia NTV Letra Grande con referencias SentiPiel Beige Cierre - tzionlibreria.com","og_description":"\u00a1La Biblia f\u00e1cil de leer que puedes llevar contigo a todo lugar! en versi\u00f3n NTV letra grande con cierre, palabra de Jes\u00fas en rojo.","og_url":"https:\/\/tzionlibreria.com\/index.php\/product\/biblia-ntv-letra-grande-con-referencias-sentipiel-beige-cierre\/","og_site_name":"tzionlibreria.com","article_modified_time":"2025-04-21T14:55:34+00:00","og_image":[{"width":1080,"height":1080,"url":"http:\/\/tzionlibreria.com\/wp-content\/uploads\/2025\/01\/28.png","type":"image\/png"}],"twitter_card":"summary_large_image","twitter_misc":{"Tiempo de lectura":"3 minutos"},"schema":{"@context":"https:\/\/schema.org","@graph":[{"@type":"WebPage","@id":"https:\/\/tzionlibreria.com\/index.php\/product\/biblia-ntv-letra-grande-con-referencias-sentipiel-beige-cierre\/","url":"https:\/\/tzionlibreria.com\/index.php\/product\/biblia-ntv-letra-grande-con-referencias-sentipiel-beige-cierre\/","name":"Biblia NTV Letra Grande con referencias SentiPiel Beige Cierre - tzionlibreria.com","isPartOf":{"@id":"https:\/\/tzionlibreria.com\/#website"},"primaryImageOfPage":{"@id":"https:\/\/tzionlibreria.com\/index.php\/product\/biblia-ntv-letra-grande-con-referencias-sentipiel-beige-cierre\/#primaryimage"},"image":{"@id":"https:\/\/tzionlibreria.com\/index.php\/product\/biblia-ntv-letra-grande-con-referencias-sentipiel-beige-cierre\/#primaryimage"},"thumbnailUrl":"https:\/\/tzionlibreria.com\/wp-content\/uploads\/2025\/01\/28.png","datePublished":"2025-01-31T14:47:20+00:00","dateModified":"2025-04-21T14:55:34+00:00","description":"\u00a1La Biblia f\u00e1cil de leer que puedes llevar contigo a todo lugar! en versi\u00f3n NTV letra grande con cierre, palabra de Jes\u00fas en rojo.","breadcrumb":{"@id":"https:\/\/tzionlibreria.com\/index.php\/product\/biblia-ntv-letra-grande-con-referencias-sentipiel-beige-cierre\/#breadcrumb"},"inLanguage":"es-CO","potentialAction":[{"@type":"ReadAction","target":["https:\/\/tzionlibreria.com\/index.php\/product\/biblia-ntv-letra-grande-con-referencias-sentipiel-beige-cierre\/"]}]},{"@type":"ImageObject","inLanguage":"es-CO","@id":"https:\/\/tzionlibreria.com\/index.php\/product\/biblia-ntv-letra-grande-con-referencias-sentipiel-beige-cierre\/#primaryimage","url":"https:\/\/tzionlibreria.com\/wp-content\/uploads\/2025\/01\/28.png","contentUrl":"https:\/\/tzionlibreria.com\/wp-content\/uploads\/2025\/01\/28.png","width":1080,"height":1080},{"@type":"BreadcrumbList","@id":"https:\/\/tzionlibreria.com\/index.php\/product\/biblia-ntv-letra-grande-con-referencias-sentipiel-beige-cierre\/#breadcrumb","itemListElement":[{"@type":"ListItem","position":1,"name":"Inicio","item":"https:\/\/tzionlibreria.com\/"},{"@type":"ListItem","position":2,"name":"Shop","item":"https:\/\/tzionlibreria.com\/index.php\/shop\/"},{"@type":"ListItem","position":3,"name":"Biblia NTV Letra Grande con referencias SentiPiel Beige Cierre"}]},{"@type":"WebSite","@id":"https:\/\/tzionlibreria.com\/#website","url":"https:\/\/tzionlibreria.com\/","name":"tzionlibreria.com","description":"Libreria Cristiana Venezuela","publisher":{"@id":"https:\/\/tzionlibreria.com\/#organization"},"potentialAction":[{"@type":"SearchAction","target":{"@type":"EntryPoint","urlTemplate":"https:\/\/tzionlibreria.com\/?s={search_term_string}"},"query-input":{"@type":"PropertyValueSpecification","valueRequired":true,"valueName":"search_term_string"}}],"inLanguage":"es-CO"},{"@type":"Organization","@id":"https:\/\/tzionlibreria.com\/#organization","name":"tzionlibreria.com","url":"https:\/\/tzionlibreria.com\/","logo":{"@type":"ImageObject","inLanguage":"es-CO","@id":"https:\/\/tzionlibreria.com\/#\/schema\/logo\/image\/","url":"https:\/\/tzionlibreria.com\/wp-content\/uploads\/2023\/10\/cropped-Cuadricula-scaled-1.jpg","contentUrl":"https:\/\/tzionlibreria.com\/wp-content\/uploads\/2023\/10\/cropped-Cuadricula-scaled-1.jpg","width":2560,"height":2560,"caption":"tzionlibreria.com"},"image":{"@id":"https:\/\/tzionlibreria.com\/#\/schema\/logo\/image\/"}}]}},"jetpack_sharing_enabled":true,"_links":{"self":[{"href":"https:\/\/tzionlibreria.com\/index.php\/wp-json\/wp\/v2\/product\/5061","targetHints":{"allow":["GET"]}}],"collection":[{"href":"https:\/\/tzionlibreria.com\/index.php\/wp-json\/wp\/v2\/product"}],"about":[{"href":"https:\/\/tzionlibreria.com\/index.php\/wp-json\/wp\/v2\/types\/product"}],"replies":[{"embeddable":true,"href":"https:\/\/tzionlibreria.com\/index.php\/wp-json\/wp\/v2\/comments?post=5061"}],"wp:featuredmedia":[{"embeddable":true,"href":"https:\/\/tzionlibreria.com\/index.php\/wp-json\/wp\/v2\/media\/5062"}],"wp:attachment":[{"href":"https:\/\/tzionlibreria.com\/index.php\/wp-json\/wp\/v2\/media?parent=5061"}],"wp:term":[{"taxonomy":"product_brand","embeddable":true,"href":"https:\/\/tzionlibreria.com\/index.php\/wp-json\/wp\/v2\/product_brand?post=5061"},{"taxonomy":"product_cat","embeddable":true,"href":"https:\/\/tzionlibreria.com\/index.php\/wp-json\/wp\/v2\/product_cat?post=5061"},{"taxonomy":"product_tag","embeddable":true,"href":"https:\/\/tzionlibreria.com\/index.php\/wp-json\/wp\/v2\/product_tag?post=5061"}],"curies":[{"name":"wp","href":"https:\/\/api.w.org\/{rel}","templated":true}]}}