{"id":5083,"date":"2025-01-31T15:26:30","date_gmt":"2025-01-31T15:26:30","guid":{"rendered":"https:\/\/tzionlibreria.com\/?post_type=product&#038;p=5083"},"modified":"2025-06-03T23:16:31","modified_gmt":"2025-06-03T23:16:31","slug":"biblia-rvr-60-letra-gigante-14-puntos-duotono-naranja-cierre","status":"publish","type":"product","link":"https:\/\/tzionlibreria.com\/index.php\/product\/biblia-rvr-60-letra-gigante-14-puntos-duotono-naranja-cierre\/","title":{"rendered":"Biblia RVR 60 Letra Gigante 14 puntos Duotono Naranja Cierre"},"content":{"rendered":"<p><strong>Biblia adecuada para realizar estudios b\u00edblicos y devocionales, con presentaci\u00f3n moderna, palabras de Jes\u00fas resaltadas en rojo, material agradable al tacto, dise\u00f1o ideal para el p\u00fablico adulto.<\/strong><\/p>\n<p>Biblia RVR 60 letra gigante, bicolor con cierre, canto blanco. Contiene referencias, notas, palabras de Jes\u00fas resaltadas en rojo, concordancia y mapas.<\/p>\n<p>A lo largo de esta Biblia podr\u00e1s encontrar QR que te sorprender\u00e1n con introducciones profundas de cada uno de los libros de la Biblia como lugares de la \u00e9poca, lugar y fecha de redacci\u00f3n, contenido y estructura, adem\u00e1s ayudas visuales (v\u00eddeos) explicando sobre:<\/p>\n<p>*\u00bfQu\u00e9 es la Biblia?<\/p>\n<p>*Estructura de la Biblia<\/p>\n<p>*Buscar un pasaje en la Biblia<\/p>\n<p>*Mensajes principales de la Biblia<\/p>\n<p>*Idioma en que se escribi\u00f3 la Biblia<\/p>\n<p>*Formaci\u00f3n de la Biblia<\/p>\n<p>*Beneficios de leer la Biblia<\/p>\n<p>*Interpretaci\u00f3n que Jes\u00fas hac\u00eda de las escrituras<\/p>\n<p>&nbsp;<\/p>\n<table style=\"width: 99.9987; height: 137.083px;\" border=\"0\" cellspacing=\"0\" cellpadding=\"8\">\n<tbody>\n<tr>\n<td style=\"width: 45.1579;\"><strong>SBN<\/strong><\/td>\n<td style=\"width: 47.7716%;\">9789587458114<\/td>\n<\/tr>\n<tr style=\"background-color: #f9f9f9; height: 19.5833px;\">\n<td style=\"width: 45.1579; height: 19.5833px;\"><strong>No. de p\u00e1ginas<\/strong><\/td>\n<td style=\"width: 47.7716; height: 19.5833px;\">1760 p\u00e1ginas<\/td>\n<\/tr>\n<tr style=\"height: 19.5833px;\">\n<td style=\"width: 45.1579; height: 19.5833px;\"><strong>Papel<\/strong><\/td>\n<td style=\"width: 47.7716; height: 19.5833px;\">Papel Biblia de 28 gr<\/td>\n<\/tr>\n<tr style=\"background-color: #f9f9f9; height: 19.5833px;\">\n<td style=\"width: 45.1579; height: 19.5833px;\"><strong>Puntaje letra<\/strong><\/td>\n<td style=\"width: 47.7716; height: 19.5833px;\">14 puntos<\/td>\n<\/tr>\n<tr style=\"height: 19.5833px;\">\n<td style=\"width: 45.1579; height: 19.5833px;\"><strong>Cubierta:<\/strong><\/td>\n<td style=\"width: 47.7716; height: 19.5833px;\">Imitaci\u00f3n piel<\/td>\n<\/tr>\n<\/tbody>\n<\/table>\n","protected":false},"excerpt":{"rendered":"<p>Biblia adecuada para realizar estudios b\u00edblicos y devocionales, con presentaci\u00f3n moderna, palabras de Jes\u00fas resaltadas en rojo, material agradable al tacto, dise\u00f1o ideal para el p\u00fablico adulto. Biblia RVR 60 letra gigante, bicolor con cierre, canto blanco. Contiene referencias, notas, palabras de Jes\u00fas resaltadas en rojo, concordancia y mapas. A lo largo de esta Biblia [&hellip;]<\/p>\n","protected":false},"featured_media":5084,"comment_status":"open","ping_status":"closed","template":"","meta":{"om_disable_all_campaigns":false,"_monsterinsights_skip_tracking":false,"_monsterinsights_sitenote_active":false,"_monsterinsights_sitenote_note":"","_monsterinsights_sitenote_category":0,"site-sidebar-layout":"default","site-content-layout":"","ast-site-content-layout":"default","site-content-style":"default","site-sidebar-style":"default","ast-global-header-display":"","ast-banner-title-visibility":"","ast-main-header-display":"","ast-hfb-above-header-display":"","ast-hfb-below-header-display":"","ast-hfb-mobile-header-display":"","site-post-title":"","ast-breadcrumbs-content":"","ast-featured-img":"","footer-sml-layout":"","ast-disable-related-posts":"","theme-transparent-header-meta":"default","adv-header-id-meta":"","stick-header-meta":"","header-above-stick-meta":"","header-main-stick-meta":"","header-below-stick-meta":"","astra-migrate-meta-layouts":"set","ast-page-background-enabled":"default","ast-page-background-meta":{"desktop":{"background-color":"var(--ast-global-color-4)","background-image":"","background-repeat":"repeat","background-position":"center center","background-size":"auto","background-attachment":"scroll","background-type":"","background-media":"","overlay-type":"","overlay-color":"","overlay-opacity":"","overlay-gradient":""},"tablet":{"background-color":"","background-image":"","background-repeat":"repeat","background-position":"center center","background-size":"auto","background-attachment":"scroll","background-type":"","background-media":"","overlay-type":"","overlay-color":"","overlay-opacity":"","overlay-gradient":""},"mobile":{"background-color":"","background-image":"","background-repeat":"repeat","background-position":"center center","background-size":"auto","background-attachment":"scroll","background-type":"","background-media":"","overlay-type":"","overlay-color":"","overlay-opacity":"","overlay-gradient":""}},"ast-content-background-meta":{"desktop":{"background-color":"var(--ast-global-color-5)","background-image":"","background-repeat":"repeat","background-position":"center center","background-size":"auto","background-attachment":"scroll","background-type":"","background-media":"","overlay-type":"","overlay-color":"","overlay-opacity":"","overlay-gradient":""},"tablet":{"background-color":"var(--ast-global-color-5)","background-image":"","background-repeat":"repeat","background-position":"center center","background-size":"auto","background-attachment":"scroll","background-type":"","background-media":"","overlay-type":"","overlay-color":"","overlay-opacity":"","overlay-gradient":""},"mobile":{"background-color":"var(--ast-global-color-5)","background-image":"","background-repeat":"repeat","background-position":"center center","background-size":"auto","background-attachment":"scroll","background-type":"","background-media":"","overlay-type":"","overlay-color":"","overlay-opacity":"","overlay-gradient":""}}},"product_brand":[],"product_cat":[22,42,179],"product_tag":[],"class_list":{"0":"post-5083","1":"product","2":"type-product","3":"status-publish","4":"has-post-thumbnail","6":"product_cat-biblias","7":"product_cat-biblias-reina-valera","8":"product_cat-letra-gigante-rvr","9":"desktop-align-left","10":"tablet-align-left","11":"mobile-align-left","13":"first","14":"outofstock","15":"shipping-taxable","16":"purchasable","17":"product-type-simple"},"yoast_head":"<!-- This site is optimized with the Yoast SEO plugin v27.4 - https:\/\/yoast.com\/product\/yoast-seo-wordpress\/ -->\n<title>Biblia RVR 60 Letra Gigante 14 puntos Duotono Naranja Cierre - tzionlibreria.com<\/title>\n<meta name=\"description\" content=\"Biblia RVR 60 letra gigante, bicolor con cierre. Contiene referencias, notas, palabras de Jes\u00fas resaltadas en rojo, concordancia y mapas. Para damas.\" \/>\n<meta name=\"robots\" content=\"index, follow, max-snippet:-1, max-image-preview:large, max-video-preview:-1\" \/>\n<link rel=\"canonical\" href=\"https:\/\/tzionlibreria.com\/index.php\/product\/biblia-rvr-60-letra-gigante-14-puntos-duotono-naranja-cierre\/\" \/>\n<meta property=\"og:locale\" content=\"es_ES\" \/>\n<meta property=\"og:type\" content=\"article\" \/>\n<meta property=\"og:title\" content=\"Biblia RVR 60 Letra Gigante 14 puntos Duotono Naranja Cierre - tzionlibreria.com\" \/>\n<meta property=\"og:description\" content=\"Biblia RVR 60 letra gigante, bicolor con cierre. Contiene referencias, notas, palabras de Jes\u00fas resaltadas en rojo, concordancia y mapas. Para damas.\" \/>\n<meta property=\"og:url\" content=\"https:\/\/tzionlibreria.com\/index.php\/product\/biblia-rvr-60-letra-gigante-14-puntos-duotono-naranja-cierre\/\" \/>\n<meta property=\"og:site_name\" content=\"tzionlibreria.com\" \/>\n<meta property=\"article:modified_time\" content=\"2025-06-03T23:16:31+00:00\" \/>\n<meta property=\"og:image\" content=\"http:\/\/tzionlibreria.com\/wp-content\/uploads\/2025\/01\/24.png\" \/>\n\t<meta property=\"og:image:width\" content=\"1080\" \/>\n\t<meta property=\"og:image:height\" content=\"1080\" \/>\n\t<meta property=\"og:image:type\" content=\"image\/png\" \/>\n<meta name=\"twitter:card\" content=\"summary_large_image\" \/>\n<meta name=\"twitter:label1\" content=\"Tiempo de lectura\" \/>\n\t<meta name=\"twitter:data1\" content=\"1 minuto\" \/>\n<script type=\"application\/ld+json\" class=\"yoast-schema-graph\">{\"@context\":\"https:\\\/\\\/schema.org\",\"@graph\":[{\"@type\":\"WebPage\",\"@id\":\"https:\\\/\\\/tzionlibreria.com\\\/index.php\\\/product\\\/biblia-rvr-60-letra-gigante-14-puntos-duotono-naranja-cierre\\\/\",\"url\":\"https:\\\/\\\/tzionlibreria.com\\\/index.php\\\/product\\\/biblia-rvr-60-letra-gigante-14-puntos-duotono-naranja-cierre\\\/\",\"name\":\"Biblia RVR 60 Letra Gigante 14 puntos Duotono Naranja Cierre - tzionlibreria.com\",\"isPartOf\":{\"@id\":\"https:\\\/\\\/tzionlibreria.com\\\/#website\"},\"primaryImageOfPage\":{\"@id\":\"https:\\\/\\\/tzionlibreria.com\\\/index.php\\\/product\\\/biblia-rvr-60-letra-gigante-14-puntos-duotono-naranja-cierre\\\/#primaryimage\"},\"image\":{\"@id\":\"https:\\\/\\\/tzionlibreria.com\\\/index.php\\\/product\\\/biblia-rvr-60-letra-gigante-14-puntos-duotono-naranja-cierre\\\/#primaryimage\"},\"thumbnailUrl\":\"https:\\\/\\\/tzionlibreria.com\\\/wp-content\\\/uploads\\\/2025\\\/01\\\/24.png\",\"datePublished\":\"2025-01-31T15:26:30+00:00\",\"dateModified\":\"2025-06-03T23:16:31+00:00\",\"description\":\"Biblia RVR 60 letra gigante, bicolor con cierre. Contiene referencias, notas, palabras de Jes\u00fas resaltadas en rojo, concordancia y mapas. Para damas.\",\"breadcrumb\":{\"@id\":\"https:\\\/\\\/tzionlibreria.com\\\/index.php\\\/product\\\/biblia-rvr-60-letra-gigante-14-puntos-duotono-naranja-cierre\\\/#breadcrumb\"},\"inLanguage\":\"es-CO\",\"potentialAction\":[{\"@type\":\"ReadAction\",\"target\":[\"https:\\\/\\\/tzionlibreria.com\\\/index.php\\\/product\\\/biblia-rvr-60-letra-gigante-14-puntos-duotono-naranja-cierre\\\/\"]}]},{\"@type\":\"ImageObject\",\"inLanguage\":\"es-CO\",\"@id\":\"https:\\\/\\\/tzionlibreria.com\\\/index.php\\\/product\\\/biblia-rvr-60-letra-gigante-14-puntos-duotono-naranja-cierre\\\/#primaryimage\",\"url\":\"https:\\\/\\\/tzionlibreria.com\\\/wp-content\\\/uploads\\\/2025\\\/01\\\/24.png\",\"contentUrl\":\"https:\\\/\\\/tzionlibreria.com\\\/wp-content\\\/uploads\\\/2025\\\/01\\\/24.png\",\"width\":1080,\"height\":1080},{\"@type\":\"BreadcrumbList\",\"@id\":\"https:\\\/\\\/tzionlibreria.com\\\/index.php\\\/product\\\/biblia-rvr-60-letra-gigante-14-puntos-duotono-naranja-cierre\\\/#breadcrumb\",\"itemListElement\":[{\"@type\":\"ListItem\",\"position\":1,\"name\":\"Inicio\",\"item\":\"https:\\\/\\\/tzionlibreria.com\\\/\"},{\"@type\":\"ListItem\",\"position\":2,\"name\":\"Shop\",\"item\":\"https:\\\/\\\/tzionlibreria.com\\\/index.php\\\/shop\\\/\"},{\"@type\":\"ListItem\",\"position\":3,\"name\":\"Biblia RVR 60 Letra Gigante 14 puntos Duotono Naranja Cierre\"}]},{\"@type\":\"WebSite\",\"@id\":\"https:\\\/\\\/tzionlibreria.com\\\/#website\",\"url\":\"https:\\\/\\\/tzionlibreria.com\\\/\",\"name\":\"tzionlibreria.com\",\"description\":\"Libreria Cristiana Venezuela\",\"publisher\":{\"@id\":\"https:\\\/\\\/tzionlibreria.com\\\/#organization\"},\"potentialAction\":[{\"@type\":\"SearchAction\",\"target\":{\"@type\":\"EntryPoint\",\"urlTemplate\":\"https:\\\/\\\/tzionlibreria.com\\\/?s={search_term_string}\"},\"query-input\":{\"@type\":\"PropertyValueSpecification\",\"valueRequired\":true,\"valueName\":\"search_term_string\"}}],\"inLanguage\":\"es-CO\"},{\"@type\":\"Organization\",\"@id\":\"https:\\\/\\\/tzionlibreria.com\\\/#organization\",\"name\":\"tzionlibreria.com\",\"url\":\"https:\\\/\\\/tzionlibreria.com\\\/\",\"logo\":{\"@type\":\"ImageObject\",\"inLanguage\":\"es-CO\",\"@id\":\"https:\\\/\\\/tzionlibreria.com\\\/#\\\/schema\\\/logo\\\/image\\\/\",\"url\":\"https:\\\/\\\/tzionlibreria.com\\\/wp-content\\\/uploads\\\/2023\\\/10\\\/cropped-Cuadricula-scaled-1.jpg\",\"contentUrl\":\"https:\\\/\\\/tzionlibreria.com\\\/wp-content\\\/uploads\\\/2023\\\/10\\\/cropped-Cuadricula-scaled-1.jpg\",\"width\":2560,\"height\":2560,\"caption\":\"tzionlibreria.com\"},\"image\":{\"@id\":\"https:\\\/\\\/tzionlibreria.com\\\/#\\\/schema\\\/logo\\\/image\\\/\"}}]}<\/script>\n<!-- \/ Yoast SEO plugin. -->","yoast_head_json":{"title":"Biblia RVR 60 Letra Gigante 14 puntos Duotono Naranja Cierre - tzionlibreria.com","description":"Biblia RVR 60 letra gigante, bicolor con cierre. Contiene referencias, notas, palabras de Jes\u00fas resaltadas en rojo, concordancia y mapas. Para damas.","robots":{"index":"index","follow":"follow","max-snippet":"max-snippet:-1","max-image-preview":"max-image-preview:large","max-video-preview":"max-video-preview:-1"},"canonical":"https:\/\/tzionlibreria.com\/index.php\/product\/biblia-rvr-60-letra-gigante-14-puntos-duotono-naranja-cierre\/","og_locale":"es_ES","og_type":"article","og_title":"Biblia RVR 60 Letra Gigante 14 puntos Duotono Naranja Cierre - tzionlibreria.com","og_description":"Biblia RVR 60 letra gigante, bicolor con cierre. Contiene referencias, notas, palabras de Jes\u00fas resaltadas en rojo, concordancia y mapas. Para damas.","og_url":"https:\/\/tzionlibreria.com\/index.php\/product\/biblia-rvr-60-letra-gigante-14-puntos-duotono-naranja-cierre\/","og_site_name":"tzionlibreria.com","article_modified_time":"2025-06-03T23:16:31+00:00","og_image":[{"width":1080,"height":1080,"url":"http:\/\/tzionlibreria.com\/wp-content\/uploads\/2025\/01\/24.png","type":"image\/png"}],"twitter_card":"summary_large_image","twitter_misc":{"Tiempo de lectura":"1 minuto"},"schema":{"@context":"https:\/\/schema.org","@graph":[{"@type":"WebPage","@id":"https:\/\/tzionlibreria.com\/index.php\/product\/biblia-rvr-60-letra-gigante-14-puntos-duotono-naranja-cierre\/","url":"https:\/\/tzionlibreria.com\/index.php\/product\/biblia-rvr-60-letra-gigante-14-puntos-duotono-naranja-cierre\/","name":"Biblia RVR 60 Letra Gigante 14 puntos Duotono Naranja Cierre - tzionlibreria.com","isPartOf":{"@id":"https:\/\/tzionlibreria.com\/#website"},"primaryImageOfPage":{"@id":"https:\/\/tzionlibreria.com\/index.php\/product\/biblia-rvr-60-letra-gigante-14-puntos-duotono-naranja-cierre\/#primaryimage"},"image":{"@id":"https:\/\/tzionlibreria.com\/index.php\/product\/biblia-rvr-60-letra-gigante-14-puntos-duotono-naranja-cierre\/#primaryimage"},"thumbnailUrl":"https:\/\/tzionlibreria.com\/wp-content\/uploads\/2025\/01\/24.png","datePublished":"2025-01-31T15:26:30+00:00","dateModified":"2025-06-03T23:16:31+00:00","description":"Biblia RVR 60 letra gigante, bicolor con cierre. Contiene referencias, notas, palabras de Jes\u00fas resaltadas en rojo, concordancia y mapas. Para damas.","breadcrumb":{"@id":"https:\/\/tzionlibreria.com\/index.php\/product\/biblia-rvr-60-letra-gigante-14-puntos-duotono-naranja-cierre\/#breadcrumb"},"inLanguage":"es-CO","potentialAction":[{"@type":"ReadAction","target":["https:\/\/tzionlibreria.com\/index.php\/product\/biblia-rvr-60-letra-gigante-14-puntos-duotono-naranja-cierre\/"]}]},{"@type":"ImageObject","inLanguage":"es-CO","@id":"https:\/\/tzionlibreria.com\/index.php\/product\/biblia-rvr-60-letra-gigante-14-puntos-duotono-naranja-cierre\/#primaryimage","url":"https:\/\/tzionlibreria.com\/wp-content\/uploads\/2025\/01\/24.png","contentUrl":"https:\/\/tzionlibreria.com\/wp-content\/uploads\/2025\/01\/24.png","width":1080,"height":1080},{"@type":"BreadcrumbList","@id":"https:\/\/tzionlibreria.com\/index.php\/product\/biblia-rvr-60-letra-gigante-14-puntos-duotono-naranja-cierre\/#breadcrumb","itemListElement":[{"@type":"ListItem","position":1,"name":"Inicio","item":"https:\/\/tzionlibreria.com\/"},{"@type":"ListItem","position":2,"name":"Shop","item":"https:\/\/tzionlibreria.com\/index.php\/shop\/"},{"@type":"ListItem","position":3,"name":"Biblia RVR 60 Letra Gigante 14 puntos Duotono Naranja Cierre"}]},{"@type":"WebSite","@id":"https:\/\/tzionlibreria.com\/#website","url":"https:\/\/tzionlibreria.com\/","name":"tzionlibreria.com","description":"Libreria Cristiana Venezuela","publisher":{"@id":"https:\/\/tzionlibreria.com\/#organization"},"potentialAction":[{"@type":"SearchAction","target":{"@type":"EntryPoint","urlTemplate":"https:\/\/tzionlibreria.com\/?s={search_term_string}"},"query-input":{"@type":"PropertyValueSpecification","valueRequired":true,"valueName":"search_term_string"}}],"inLanguage":"es-CO"},{"@type":"Organization","@id":"https:\/\/tzionlibreria.com\/#organization","name":"tzionlibreria.com","url":"https:\/\/tzionlibreria.com\/","logo":{"@type":"ImageObject","inLanguage":"es-CO","@id":"https:\/\/tzionlibreria.com\/#\/schema\/logo\/image\/","url":"https:\/\/tzionlibreria.com\/wp-content\/uploads\/2023\/10\/cropped-Cuadricula-scaled-1.jpg","contentUrl":"https:\/\/tzionlibreria.com\/wp-content\/uploads\/2023\/10\/cropped-Cuadricula-scaled-1.jpg","width":2560,"height":2560,"caption":"tzionlibreria.com"},"image":{"@id":"https:\/\/tzionlibreria.com\/#\/schema\/logo\/image\/"}}]}},"jetpack_sharing_enabled":true,"_links":{"self":[{"href":"https:\/\/tzionlibreria.com\/index.php\/wp-json\/wp\/v2\/product\/5083","targetHints":{"allow":["GET"]}}],"collection":[{"href":"https:\/\/tzionlibreria.com\/index.php\/wp-json\/wp\/v2\/product"}],"about":[{"href":"https:\/\/tzionlibreria.com\/index.php\/wp-json\/wp\/v2\/types\/product"}],"replies":[{"embeddable":true,"href":"https:\/\/tzionlibreria.com\/index.php\/wp-json\/wp\/v2\/comments?post=5083"}],"wp:featuredmedia":[{"embeddable":true,"href":"https:\/\/tzionlibreria.com\/index.php\/wp-json\/wp\/v2\/media\/5084"}],"wp:attachment":[{"href":"https:\/\/tzionlibreria.com\/index.php\/wp-json\/wp\/v2\/media?parent=5083"}],"wp:term":[{"taxonomy":"product_brand","embeddable":true,"href":"https:\/\/tzionlibreria.com\/index.php\/wp-json\/wp\/v2\/product_brand?post=5083"},{"taxonomy":"product_cat","embeddable":true,"href":"https:\/\/tzionlibreria.com\/index.php\/wp-json\/wp\/v2\/product_cat?post=5083"},{"taxonomy":"product_tag","embeddable":true,"href":"https:\/\/tzionlibreria.com\/index.php\/wp-json\/wp\/v2\/product_tag?post=5083"}],"curies":[{"name":"wp","href":"https:\/\/api.w.org\/{rel}","templated":true}]}}