{"id":5094,"date":"2025-02-05T18:42:20","date_gmt":"2025-02-05T18:42:20","guid":{"rendered":"https:\/\/tzionlibreria.com\/?post_type=product&#038;p=5094"},"modified":"2025-02-05T18:42:20","modified_gmt":"2025-02-05T18:42:20","slug":"biblia-reina-valera-1960-letra-grande-12-puntos-cafe-cierre","status":"publish","type":"product","link":"https:\/\/tzionlibreria.com\/index.php\/product\/biblia-reina-valera-1960-letra-grande-12-puntos-cafe-cierre\/","title":{"rendered":"Biblia Reina Valera 1960 Letra Grande 12 Puntos Caf\u00e9 Cierre"},"content":{"rendered":"<p>&nbsp;<\/p>\n<ul>\n<li><strong>Esta Biblia presenta un dise\u00f1o ideal para llevar contigo a cualquier lugar.<\/strong><\/li>\n<li><strong style=\"font-size: 16px;\">Con un tama\u00f1o de letra de 12 puntos, ofrece una lectura c\u00f3moda y clara, sin sacrificar espacio.<\/strong><\/li>\n<li><strong style=\"font-size: 16px;\">Perfecta para el estudio diario, la meditaci\u00f3n y los momentos de reflexi\u00f3n, esta Biblia es pr\u00e1ctica y elegante, brind\u00e1ndote una experiencia de lectura placentera en un conveniente formato.<\/strong><\/li>\n<\/ul>\n<table border=\"0\" cellspacing=\"0\" cellpadding=\"8\">\n<tbody>\n<tr>\n<td><strong>ISBN<\/strong><\/td>\n<td>9789587459869<\/td>\n<\/tr>\n<tr>\n<td><strong>No. de p\u00e1ginas<\/strong><\/td>\n<td>1376 p\u00e1ginas<\/td>\n<\/tr>\n<tr>\n<td><strong>Papel<\/strong><\/td>\n<td>Papel Biblia de 28 gr<\/td>\n<\/tr>\n<tr>\n<td><strong>Puntaje letra<\/strong><\/td>\n<td>12 puntos<\/td>\n<\/tr>\n<tr>\n<td><strong>Cubierta:<\/strong><\/td>\n<td>Sensipiel<\/td>\n<\/tr>\n<tr>\n<td><strong>Dimensiones<\/strong><\/td>\n<td>13.5cm x 21cm<\/td>\n<\/tr>\n<\/tbody>\n<\/table>\n","protected":false},"excerpt":{"rendered":"<p>&nbsp; Esta Biblia presenta un dise\u00f1o ideal para llevar contigo a cualquier lugar. Con un tama\u00f1o de letra de 12 puntos, ofrece una lectura c\u00f3moda y clara, sin sacrificar espacio. Perfecta para el estudio diario, la meditaci\u00f3n y los momentos de reflexi\u00f3n, esta Biblia es pr\u00e1ctica y elegante, brind\u00e1ndote una experiencia de lectura placentera en [&hellip;]<\/p>\n","protected":false},"featured_media":5095,"comment_status":"open","ping_status":"closed","template":"","meta":{"om_disable_all_campaigns":false,"_monsterinsights_skip_tracking":false,"_monsterinsights_sitenote_active":false,"_monsterinsights_sitenote_note":"","_monsterinsights_sitenote_category":0,"site-sidebar-layout":"default","site-content-layout":"","ast-site-content-layout":"default","site-content-style":"default","site-sidebar-style":"default","ast-global-header-display":"","ast-banner-title-visibility":"","ast-main-header-display":"","ast-hfb-above-header-display":"","ast-hfb-below-header-display":"","ast-hfb-mobile-header-display":"","site-post-title":"","ast-breadcrumbs-content":"","ast-featured-img":"","footer-sml-layout":"","ast-disable-related-posts":"","theme-transparent-header-meta":"","adv-header-id-meta":"","stick-header-meta":"","header-above-stick-meta":"","header-main-stick-meta":"","header-below-stick-meta":"","astra-migrate-meta-layouts":"default","ast-page-background-enabled":"default","ast-page-background-meta":{"desktop":{"background-color":"var(--ast-global-color-4)","background-image":"","background-repeat":"repeat","background-position":"center center","background-size":"auto","background-attachment":"scroll","background-type":"","background-media":"","overlay-type":"","overlay-color":"","overlay-opacity":"","overlay-gradient":""},"tablet":{"background-color":"","background-image":"","background-repeat":"repeat","background-position":"center center","background-size":"auto","background-attachment":"scroll","background-type":"","background-media":"","overlay-type":"","overlay-color":"","overlay-opacity":"","overlay-gradient":""},"mobile":{"background-color":"","background-image":"","background-repeat":"repeat","background-position":"center center","background-size":"auto","background-attachment":"scroll","background-type":"","background-media":"","overlay-type":"","overlay-color":"","overlay-opacity":"","overlay-gradient":""}},"ast-content-background-meta":{"desktop":{"background-color":"var(--ast-global-color-5)","background-image":"","background-repeat":"repeat","background-position":"center center","background-size":"auto","background-attachment":"scroll","background-type":"","background-media":"","overlay-type":"","overlay-color":"","overlay-opacity":"","overlay-gradient":""},"tablet":{"background-color":"var(--ast-global-color-5)","background-image":"","background-repeat":"repeat","background-position":"center center","background-size":"auto","background-attachment":"scroll","background-type":"","background-media":"","overlay-type":"","overlay-color":"","overlay-opacity":"","overlay-gradient":""},"mobile":{"background-color":"var(--ast-global-color-5)","background-image":"","background-repeat":"repeat","background-position":"center center","background-size":"auto","background-attachment":"scroll","background-type":"","background-media":"","overlay-type":"","overlay-color":"","overlay-opacity":"","overlay-gradient":""}}},"product_brand":[],"product_cat":[18],"product_tag":[],"class_list":{"0":"post-5094","1":"product","2":"type-product","3":"status-publish","4":"has-post-thumbnail","6":"product_cat-uncategorized","7":"desktop-align-left","8":"tablet-align-left","9":"mobile-align-left","11":"first","12":"instock","13":"shipping-taxable","14":"product-type-simple"},"yoast_head":"<!-- This site is optimized with the Yoast SEO plugin v27.3 - https:\/\/yoast.com\/product\/yoast-seo-wordpress\/ -->\n<title>Biblia Reina Valera 1960 Letra Grande 12 Puntos Caf\u00e9 Cierre - tzionlibreria.com<\/title>\n<meta name=\"robots\" content=\"index, follow, max-snippet:-1, max-image-preview:large, max-video-preview:-1\" \/>\n<link rel=\"canonical\" href=\"https:\/\/tzionlibreria.com\/?post_type=product&p=5094\" \/>\n<meta property=\"og:locale\" content=\"es_ES\" \/>\n<meta property=\"og:type\" content=\"article\" \/>\n<meta property=\"og:title\" content=\"Biblia Reina Valera 1960 Letra Grande 12 Puntos Caf\u00e9 Cierre - tzionlibreria.com\" \/>\n<meta property=\"og:description\" content=\"&nbsp; Esta Biblia presenta un dise\u00f1o ideal para llevar contigo a cualquier lugar. Con un tama\u00f1o de letra de 12 puntos, ofrece una lectura c\u00f3moda y clara, sin sacrificar espacio. Perfecta para el estudio diario, la meditaci\u00f3n y los momentos de reflexi\u00f3n, esta Biblia es pr\u00e1ctica y elegante, brind\u00e1ndote una experiencia de lectura placentera en [&hellip;]\" \/>\n<meta property=\"og:url\" content=\"https:\/\/tzionlibreria.com\/?post_type=product&amp;p=5094\" \/>\n<meta property=\"og:site_name\" content=\"tzionlibreria.com\" \/>\n<meta name=\"twitter:card\" content=\"summary_large_image\" \/>\n<script type=\"application\/ld+json\" class=\"yoast-schema-graph\">{\"@context\":\"https:\\\/\\\/schema.org\",\"@graph\":[{\"@type\":\"WebPage\",\"@id\":\"https:\\\/\\\/tzionlibreria.com\\\/?post_type=product&p=5094\",\"url\":\"https:\\\/\\\/tzionlibreria.com\\\/?post_type=product&p=5094\",\"name\":\"Biblia Reina Valera 1960 Letra Grande 12 Puntos Caf\u00e9 Cierre - tzionlibreria.com\",\"isPartOf\":{\"@id\":\"https:\\\/\\\/tzionlibreria.com\\\/#website\"},\"primaryImageOfPage\":{\"@id\":\"https:\\\/\\\/tzionlibreria.com\\\/?post_type=product&p=5094#primaryimage\"},\"image\":{\"@id\":\"https:\\\/\\\/tzionlibreria.com\\\/?post_type=product&p=5094#primaryimage\"},\"thumbnailUrl\":\"https:\\\/\\\/tzionlibreria.com\\\/wp-content\\\/uploads\\\/2025\\\/02\\\/39.png\",\"datePublished\":\"2025-02-05T18:42:20+00:00\",\"breadcrumb\":{\"@id\":\"https:\\\/\\\/tzionlibreria.com\\\/?post_type=product&p=5094#breadcrumb\"},\"inLanguage\":\"es-CO\",\"potentialAction\":[{\"@type\":\"ReadAction\",\"target\":[\"https:\\\/\\\/tzionlibreria.com\\\/?post_type=product&p=5094\"]}]},{\"@type\":\"ImageObject\",\"inLanguage\":\"es-CO\",\"@id\":\"https:\\\/\\\/tzionlibreria.com\\\/?post_type=product&p=5094#primaryimage\",\"url\":\"https:\\\/\\\/tzionlibreria.com\\\/wp-content\\\/uploads\\\/2025\\\/02\\\/39.png\",\"contentUrl\":\"https:\\\/\\\/tzionlibreria.com\\\/wp-content\\\/uploads\\\/2025\\\/02\\\/39.png\",\"width\":1080,\"height\":1080},{\"@type\":\"BreadcrumbList\",\"@id\":\"https:\\\/\\\/tzionlibreria.com\\\/?post_type=product&p=5094#breadcrumb\",\"itemListElement\":[{\"@type\":\"ListItem\",\"position\":1,\"name\":\"Inicio\",\"item\":\"https:\\\/\\\/tzionlibreria.com\\\/\"},{\"@type\":\"ListItem\",\"position\":2,\"name\":\"Shop\",\"item\":\"https:\\\/\\\/tzionlibreria.com\\\/index.php\\\/shop\\\/\"},{\"@type\":\"ListItem\",\"position\":3,\"name\":\"Biblia Reina Valera 1960 Letra Grande 12 Puntos Caf\u00e9 Cierre\"}]},{\"@type\":\"WebSite\",\"@id\":\"https:\\\/\\\/tzionlibreria.com\\\/#website\",\"url\":\"https:\\\/\\\/tzionlibreria.com\\\/\",\"name\":\"tzionlibreria.com\",\"description\":\"Libreria Cristiana Venezuela\",\"publisher\":{\"@id\":\"https:\\\/\\\/tzionlibreria.com\\\/#organization\"},\"potentialAction\":[{\"@type\":\"SearchAction\",\"target\":{\"@type\":\"EntryPoint\",\"urlTemplate\":\"https:\\\/\\\/tzionlibreria.com\\\/?s={search_term_string}\"},\"query-input\":{\"@type\":\"PropertyValueSpecification\",\"valueRequired\":true,\"valueName\":\"search_term_string\"}}],\"inLanguage\":\"es-CO\"},{\"@type\":\"Organization\",\"@id\":\"https:\\\/\\\/tzionlibreria.com\\\/#organization\",\"name\":\"tzionlibreria.com\",\"url\":\"https:\\\/\\\/tzionlibreria.com\\\/\",\"logo\":{\"@type\":\"ImageObject\",\"inLanguage\":\"es-CO\",\"@id\":\"https:\\\/\\\/tzionlibreria.com\\\/#\\\/schema\\\/logo\\\/image\\\/\",\"url\":\"https:\\\/\\\/tzionlibreria.com\\\/wp-content\\\/uploads\\\/2023\\\/10\\\/cropped-Cuadricula-scaled-1.jpg\",\"contentUrl\":\"https:\\\/\\\/tzionlibreria.com\\\/wp-content\\\/uploads\\\/2023\\\/10\\\/cropped-Cuadricula-scaled-1.jpg\",\"width\":2560,\"height\":2560,\"caption\":\"tzionlibreria.com\"},\"image\":{\"@id\":\"https:\\\/\\\/tzionlibreria.com\\\/#\\\/schema\\\/logo\\\/image\\\/\"}}]}<\/script>\n<!-- \/ Yoast SEO plugin. -->","yoast_head_json":{"title":"Biblia Reina Valera 1960 Letra Grande 12 Puntos Caf\u00e9 Cierre - tzionlibreria.com","robots":{"index":"index","follow":"follow","max-snippet":"max-snippet:-1","max-image-preview":"max-image-preview:large","max-video-preview":"max-video-preview:-1"},"canonical":"https:\/\/tzionlibreria.com\/?post_type=product&p=5094","og_locale":"es_ES","og_type":"article","og_title":"Biblia Reina Valera 1960 Letra Grande 12 Puntos Caf\u00e9 Cierre - tzionlibreria.com","og_description":"&nbsp; Esta Biblia presenta un dise\u00f1o ideal para llevar contigo a cualquier lugar. Con un tama\u00f1o de letra de 12 puntos, ofrece una lectura c\u00f3moda y clara, sin sacrificar espacio. Perfecta para el estudio diario, la meditaci\u00f3n y los momentos de reflexi\u00f3n, esta Biblia es pr\u00e1ctica y elegante, brind\u00e1ndote una experiencia de lectura placentera en [&hellip;]","og_url":"https:\/\/tzionlibreria.com\/?post_type=product&p=5094","og_site_name":"tzionlibreria.com","twitter_card":"summary_large_image","schema":{"@context":"https:\/\/schema.org","@graph":[{"@type":"WebPage","@id":"https:\/\/tzionlibreria.com\/?post_type=product&p=5094","url":"https:\/\/tzionlibreria.com\/?post_type=product&p=5094","name":"Biblia Reina Valera 1960 Letra Grande 12 Puntos Caf\u00e9 Cierre - tzionlibreria.com","isPartOf":{"@id":"https:\/\/tzionlibreria.com\/#website"},"primaryImageOfPage":{"@id":"https:\/\/tzionlibreria.com\/?post_type=product&p=5094#primaryimage"},"image":{"@id":"https:\/\/tzionlibreria.com\/?post_type=product&p=5094#primaryimage"},"thumbnailUrl":"https:\/\/tzionlibreria.com\/wp-content\/uploads\/2025\/02\/39.png","datePublished":"2025-02-05T18:42:20+00:00","breadcrumb":{"@id":"https:\/\/tzionlibreria.com\/?post_type=product&p=5094#breadcrumb"},"inLanguage":"es-CO","potentialAction":[{"@type":"ReadAction","target":["https:\/\/tzionlibreria.com\/?post_type=product&p=5094"]}]},{"@type":"ImageObject","inLanguage":"es-CO","@id":"https:\/\/tzionlibreria.com\/?post_type=product&p=5094#primaryimage","url":"https:\/\/tzionlibreria.com\/wp-content\/uploads\/2025\/02\/39.png","contentUrl":"https:\/\/tzionlibreria.com\/wp-content\/uploads\/2025\/02\/39.png","width":1080,"height":1080},{"@type":"BreadcrumbList","@id":"https:\/\/tzionlibreria.com\/?post_type=product&p=5094#breadcrumb","itemListElement":[{"@type":"ListItem","position":1,"name":"Inicio","item":"https:\/\/tzionlibreria.com\/"},{"@type":"ListItem","position":2,"name":"Shop","item":"https:\/\/tzionlibreria.com\/index.php\/shop\/"},{"@type":"ListItem","position":3,"name":"Biblia Reina Valera 1960 Letra Grande 12 Puntos Caf\u00e9 Cierre"}]},{"@type":"WebSite","@id":"https:\/\/tzionlibreria.com\/#website","url":"https:\/\/tzionlibreria.com\/","name":"tzionlibreria.com","description":"Libreria Cristiana Venezuela","publisher":{"@id":"https:\/\/tzionlibreria.com\/#organization"},"potentialAction":[{"@type":"SearchAction","target":{"@type":"EntryPoint","urlTemplate":"https:\/\/tzionlibreria.com\/?s={search_term_string}"},"query-input":{"@type":"PropertyValueSpecification","valueRequired":true,"valueName":"search_term_string"}}],"inLanguage":"es-CO"},{"@type":"Organization","@id":"https:\/\/tzionlibreria.com\/#organization","name":"tzionlibreria.com","url":"https:\/\/tzionlibreria.com\/","logo":{"@type":"ImageObject","inLanguage":"es-CO","@id":"https:\/\/tzionlibreria.com\/#\/schema\/logo\/image\/","url":"https:\/\/tzionlibreria.com\/wp-content\/uploads\/2023\/10\/cropped-Cuadricula-scaled-1.jpg","contentUrl":"https:\/\/tzionlibreria.com\/wp-content\/uploads\/2023\/10\/cropped-Cuadricula-scaled-1.jpg","width":2560,"height":2560,"caption":"tzionlibreria.com"},"image":{"@id":"https:\/\/tzionlibreria.com\/#\/schema\/logo\/image\/"}}]}},"jetpack_sharing_enabled":true,"_links":{"self":[{"href":"https:\/\/tzionlibreria.com\/index.php\/wp-json\/wp\/v2\/product\/5094","targetHints":{"allow":["GET"]}}],"collection":[{"href":"https:\/\/tzionlibreria.com\/index.php\/wp-json\/wp\/v2\/product"}],"about":[{"href":"https:\/\/tzionlibreria.com\/index.php\/wp-json\/wp\/v2\/types\/product"}],"replies":[{"embeddable":true,"href":"https:\/\/tzionlibreria.com\/index.php\/wp-json\/wp\/v2\/comments?post=5094"}],"wp:featuredmedia":[{"embeddable":true,"href":"https:\/\/tzionlibreria.com\/index.php\/wp-json\/wp\/v2\/media\/5095"}],"wp:attachment":[{"href":"https:\/\/tzionlibreria.com\/index.php\/wp-json\/wp\/v2\/media?parent=5094"}],"wp:term":[{"taxonomy":"product_brand","embeddable":true,"href":"https:\/\/tzionlibreria.com\/index.php\/wp-json\/wp\/v2\/product_brand?post=5094"},{"taxonomy":"product_cat","embeddable":true,"href":"https:\/\/tzionlibreria.com\/index.php\/wp-json\/wp\/v2\/product_cat?post=5094"},{"taxonomy":"product_tag","embeddable":true,"href":"https:\/\/tzionlibreria.com\/index.php\/wp-json\/wp\/v2\/product_tag?post=5094"}],"curies":[{"name":"wp","href":"https:\/\/api.w.org\/{rel}","templated":true}]}}