{"id":5121,"date":"2025-02-06T14:31:57","date_gmt":"2025-02-06T14:31:57","guid":{"rendered":"https:\/\/tzionlibreria.com\/?post_type=product&#038;p=5121"},"modified":"2025-03-07T00:43:40","modified_gmt":"2025-03-07T00:43:40","slug":"biblia-reina-valera-1960-letra-grande-12-puntos-cafe-cierre-3","status":"publish","type":"product","link":"https:\/\/tzionlibreria.com\/index.php\/product\/biblia-reina-valera-1960-letra-grande-12-puntos-cafe-cierre-3\/","title":{"rendered":"Biblia Reina Valera 1960 letra grande 12 puntos el Camino Caf\u00e9 Cierre"},"content":{"rendered":"<h6><strong>Biblia &#8220;El Camino, la Verdad y la Vida&#8221;<\/strong><\/h6>\n<p>&nbsp;<\/p>\n<ul>\n<li><strong>Tu gu\u00eda para una fe m\u00e1s profunda Esta edici\u00f3n especial de la Santa Biblia, es mucho m\u00e1s que un simple libro. <\/strong><\/li>\n<li><strong>Es una invitaci\u00f3n a emprender un viaje espiritual y descubrir el amor incondicional de Dios.<\/strong><\/li>\n<li><strong> Con un dise\u00f1o moderno y un lenguaje claro, esta Biblia te ofrece: 8 temas fundamentales:<\/strong><strong> fe cristiana, Biblia, espiritualidad, Dios, amor, prop\u00f3sito, vida, camino, verdad.<\/strong><\/li>\n<\/ul>\n<p>&nbsp;<\/p>\n<table style=\"width: 99.9987; height: 137.083px;\" border=\"0\" cellspacing=\"0\" cellpadding=\"8\">\n<tbody>\n<tr>\n<td style=\"width: 45.1579;\"><strong>ISBN<\/strong><\/td>\n<td style=\"width: 47.7716%;\">9789587459531<\/td>\n<\/tr>\n<tr style=\"background-color: #f9f9f9; height: 19.5833px;\">\n<td style=\"width: 45.1579; height: 19.5833px;\"><strong>No. de p\u00e1ginas<\/strong><\/td>\n<td style=\"width: 47.7716; height: 19.5833px;\">1376 p\u00e1ginas<\/td>\n<\/tr>\n<tr style=\"height: 19.5833px;\">\n<td style=\"width: 45.1579; height: 19.5833px;\"><strong>Papel<\/strong><\/td>\n<td style=\"width: 47.7716; height: 19.5833px;\">Papel Biblia de 28 gr<\/td>\n<\/tr>\n<tr style=\"background-color: #f9f9f9; height: 19.5833px;\">\n<td style=\"width: 45.1579; height: 19.5833px;\"><strong>Puntaje letra<\/strong><\/td>\n<td style=\"width: 47.7716; height: 19.5833px;\">12 puntos<\/td>\n<\/tr>\n<tr style=\"height: 19.5833px;\">\n<td style=\"width: 45.1579; height: 19.5833px;\"><strong>Cubierta:<\/strong><\/td>\n<td style=\"width: 47.7716; height: 19.5833px;\">Sensipiel<\/td>\n<\/tr>\n<tr style=\"background-color: #f9f9f9; height: 19.5833px;\">\n<td style=\"width: 45.1579; height: 19.5833px;\"><strong>Dimensiones<\/strong><\/td>\n<td style=\"width: 47.7716; height: 19.5833px;\">13.5cm x 21cm<\/td>\n<\/tr>\n<\/tbody>\n<\/table>\n","protected":false},"excerpt":{"rendered":"<p>Biblia &#8220;El Camino, la Verdad y la Vida&#8221; &nbsp; Tu gu\u00eda para una fe m\u00e1s profunda Esta edici\u00f3n especial de la Santa Biblia, es mucho m\u00e1s que un simple libro. Es una invitaci\u00f3n a emprender un viaje espiritual y descubrir el amor incondicional de Dios. Con un dise\u00f1o moderno y un lenguaje claro, esta Biblia [&hellip;]<\/p>\n","protected":false},"featured_media":5122,"comment_status":"open","ping_status":"closed","template":"","meta":{"om_disable_all_campaigns":false,"_monsterinsights_skip_tracking":false,"_monsterinsights_sitenote_active":false,"_monsterinsights_sitenote_note":"","_monsterinsights_sitenote_category":0,"site-sidebar-layout":"default","site-content-layout":"","ast-site-content-layout":"default","site-content-style":"default","site-sidebar-style":"default","ast-global-header-display":"","ast-banner-title-visibility":"","ast-main-header-display":"","ast-hfb-above-header-display":"","ast-hfb-below-header-display":"","ast-hfb-mobile-header-display":"","site-post-title":"","ast-breadcrumbs-content":"","ast-featured-img":"","footer-sml-layout":"","ast-disable-related-posts":"","theme-transparent-header-meta":"default","adv-header-id-meta":"","stick-header-meta":"","header-above-stick-meta":"","header-main-stick-meta":"","header-below-stick-meta":"","astra-migrate-meta-layouts":"set","ast-page-background-enabled":"default","ast-page-background-meta":{"desktop":{"background-color":"var(--ast-global-color-4)","background-image":"","background-repeat":"repeat","background-position":"center center","background-size":"auto","background-attachment":"scroll","background-type":"","background-media":"","overlay-type":"","overlay-color":"","overlay-opacity":"","overlay-gradient":""},"tablet":{"background-color":"","background-image":"","background-repeat":"repeat","background-position":"center center","background-size":"auto","background-attachment":"scroll","background-type":"","background-media":"","overlay-type":"","overlay-color":"","overlay-opacity":"","overlay-gradient":""},"mobile":{"background-color":"","background-image":"","background-repeat":"repeat","background-position":"center center","background-size":"auto","background-attachment":"scroll","background-type":"","background-media":"","overlay-type":"","overlay-color":"","overlay-opacity":"","overlay-gradient":""}},"ast-content-background-meta":{"desktop":{"background-color":"var(--ast-global-color-5)","background-image":"","background-repeat":"repeat","background-position":"center center","background-size":"auto","background-attachment":"scroll","background-type":"","background-media":"","overlay-type":"","overlay-color":"","overlay-opacity":"","overlay-gradient":""},"tablet":{"background-color":"var(--ast-global-color-5)","background-image":"","background-repeat":"repeat","background-position":"center center","background-size":"auto","background-attachment":"scroll","background-type":"","background-media":"","overlay-type":"","overlay-color":"","overlay-opacity":"","overlay-gradient":""},"mobile":{"background-color":"var(--ast-global-color-5)","background-image":"","background-repeat":"repeat","background-position":"center center","background-size":"auto","background-attachment":"scroll","background-type":"","background-media":"","overlay-type":"","overlay-color":"","overlay-opacity":"","overlay-gradient":""}}},"product_brand":[],"product_cat":[22,42,177],"product_tag":[],"class_list":{"0":"post-5121","1":"product","2":"type-product","3":"status-publish","4":"has-post-thumbnail","6":"product_cat-biblias","7":"product_cat-biblias-reina-valera","8":"product_cat-letra-grande-rvr","9":"desktop-align-left","10":"tablet-align-left","11":"mobile-align-left","13":"first","14":"instock","15":"shipping-taxable","16":"purchasable","17":"product-type-simple"},"yoast_head":"<!-- This site is optimized with the Yoast SEO plugin v27.4 - https:\/\/yoast.com\/product\/yoast-seo-wordpress\/ -->\n<title>Biblia Reina Valera 1960 letra grande 12 puntos el Camino Caf\u00e9 Cierre - tzionlibreria.com<\/title>\n<meta name=\"description\" content=\"Biblia letra grande con forro con un dise\u00f1o moderno y un lenguaje claro. Reina Valera ideal para hombres. Buena calidad. Palabras de Jes\u00fas en rojo.\" \/>\n<meta name=\"robots\" content=\"index, follow, max-snippet:-1, max-image-preview:large, max-video-preview:-1\" \/>\n<link rel=\"canonical\" href=\"https:\/\/tzionlibreria.com\/index.php\/product\/biblia-reina-valera-1960-letra-grande-12-puntos-cafe-cierre-3\/\" \/>\n<meta property=\"og:locale\" content=\"es_ES\" \/>\n<meta property=\"og:type\" content=\"article\" \/>\n<meta property=\"og:title\" content=\"Biblia Reina Valera 1960 letra grande 12 puntos el Camino Caf\u00e9 Cierre - tzionlibreria.com\" \/>\n<meta property=\"og:description\" content=\"Biblia letra grande con forro con un dise\u00f1o moderno y un lenguaje claro. Reina Valera ideal para hombres. Buena calidad. Palabras de Jes\u00fas en rojo.\" \/>\n<meta property=\"og:url\" content=\"https:\/\/tzionlibreria.com\/index.php\/product\/biblia-reina-valera-1960-letra-grande-12-puntos-cafe-cierre-3\/\" \/>\n<meta property=\"og:site_name\" content=\"tzionlibreria.com\" \/>\n<meta property=\"article:modified_time\" content=\"2025-03-07T00:43:40+00:00\" \/>\n<meta property=\"og:image\" content=\"http:\/\/tzionlibreria.com\/wp-content\/uploads\/2025\/02\/36.png\" \/>\n\t<meta property=\"og:image:width\" content=\"1080\" \/>\n\t<meta property=\"og:image:height\" content=\"1080\" \/>\n\t<meta property=\"og:image:type\" content=\"image\/png\" \/>\n<meta name=\"twitter:card\" content=\"summary_large_image\" \/>\n<meta name=\"twitter:label1\" content=\"Tiempo de lectura\" \/>\n\t<meta name=\"twitter:data1\" content=\"1 minuto\" \/>\n<script type=\"application\/ld+json\" class=\"yoast-schema-graph\">{\"@context\":\"https:\\\/\\\/schema.org\",\"@graph\":[{\"@type\":\"WebPage\",\"@id\":\"https:\\\/\\\/tzionlibreria.com\\\/index.php\\\/product\\\/biblia-reina-valera-1960-letra-grande-12-puntos-cafe-cierre-3\\\/\",\"url\":\"https:\\\/\\\/tzionlibreria.com\\\/index.php\\\/product\\\/biblia-reina-valera-1960-letra-grande-12-puntos-cafe-cierre-3\\\/\",\"name\":\"Biblia Reina Valera 1960 letra grande 12 puntos el Camino Caf\u00e9 Cierre - tzionlibreria.com\",\"isPartOf\":{\"@id\":\"https:\\\/\\\/tzionlibreria.com\\\/#website\"},\"primaryImageOfPage\":{\"@id\":\"https:\\\/\\\/tzionlibreria.com\\\/index.php\\\/product\\\/biblia-reina-valera-1960-letra-grande-12-puntos-cafe-cierre-3\\\/#primaryimage\"},\"image\":{\"@id\":\"https:\\\/\\\/tzionlibreria.com\\\/index.php\\\/product\\\/biblia-reina-valera-1960-letra-grande-12-puntos-cafe-cierre-3\\\/#primaryimage\"},\"thumbnailUrl\":\"https:\\\/\\\/tzionlibreria.com\\\/wp-content\\\/uploads\\\/2025\\\/02\\\/36.png\",\"datePublished\":\"2025-02-06T14:31:57+00:00\",\"dateModified\":\"2025-03-07T00:43:40+00:00\",\"description\":\"Biblia letra grande con forro con un dise\u00f1o moderno y un lenguaje claro. Reina Valera ideal para hombres. Buena calidad. Palabras de Jes\u00fas en rojo.\",\"breadcrumb\":{\"@id\":\"https:\\\/\\\/tzionlibreria.com\\\/index.php\\\/product\\\/biblia-reina-valera-1960-letra-grande-12-puntos-cafe-cierre-3\\\/#breadcrumb\"},\"inLanguage\":\"es-CO\",\"potentialAction\":[{\"@type\":\"ReadAction\",\"target\":[\"https:\\\/\\\/tzionlibreria.com\\\/index.php\\\/product\\\/biblia-reina-valera-1960-letra-grande-12-puntos-cafe-cierre-3\\\/\"]}]},{\"@type\":\"ImageObject\",\"inLanguage\":\"es-CO\",\"@id\":\"https:\\\/\\\/tzionlibreria.com\\\/index.php\\\/product\\\/biblia-reina-valera-1960-letra-grande-12-puntos-cafe-cierre-3\\\/#primaryimage\",\"url\":\"https:\\\/\\\/tzionlibreria.com\\\/wp-content\\\/uploads\\\/2025\\\/02\\\/36.png\",\"contentUrl\":\"https:\\\/\\\/tzionlibreria.com\\\/wp-content\\\/uploads\\\/2025\\\/02\\\/36.png\",\"width\":1080,\"height\":1080},{\"@type\":\"BreadcrumbList\",\"@id\":\"https:\\\/\\\/tzionlibreria.com\\\/index.php\\\/product\\\/biblia-reina-valera-1960-letra-grande-12-puntos-cafe-cierre-3\\\/#breadcrumb\",\"itemListElement\":[{\"@type\":\"ListItem\",\"position\":1,\"name\":\"Inicio\",\"item\":\"https:\\\/\\\/tzionlibreria.com\\\/\"},{\"@type\":\"ListItem\",\"position\":2,\"name\":\"Shop\",\"item\":\"https:\\\/\\\/tzionlibreria.com\\\/index.php\\\/shop\\\/\"},{\"@type\":\"ListItem\",\"position\":3,\"name\":\"Biblia Reina Valera 1960 letra grande 12 puntos el Camino Caf\u00e9 Cierre\"}]},{\"@type\":\"WebSite\",\"@id\":\"https:\\\/\\\/tzionlibreria.com\\\/#website\",\"url\":\"https:\\\/\\\/tzionlibreria.com\\\/\",\"name\":\"tzionlibreria.com\",\"description\":\"Libreria Cristiana Venezuela\",\"publisher\":{\"@id\":\"https:\\\/\\\/tzionlibreria.com\\\/#organization\"},\"potentialAction\":[{\"@type\":\"SearchAction\",\"target\":{\"@type\":\"EntryPoint\",\"urlTemplate\":\"https:\\\/\\\/tzionlibreria.com\\\/?s={search_term_string}\"},\"query-input\":{\"@type\":\"PropertyValueSpecification\",\"valueRequired\":true,\"valueName\":\"search_term_string\"}}],\"inLanguage\":\"es-CO\"},{\"@type\":\"Organization\",\"@id\":\"https:\\\/\\\/tzionlibreria.com\\\/#organization\",\"name\":\"tzionlibreria.com\",\"url\":\"https:\\\/\\\/tzionlibreria.com\\\/\",\"logo\":{\"@type\":\"ImageObject\",\"inLanguage\":\"es-CO\",\"@id\":\"https:\\\/\\\/tzionlibreria.com\\\/#\\\/schema\\\/logo\\\/image\\\/\",\"url\":\"https:\\\/\\\/tzionlibreria.com\\\/wp-content\\\/uploads\\\/2023\\\/10\\\/cropped-Cuadricula-scaled-1.jpg\",\"contentUrl\":\"https:\\\/\\\/tzionlibreria.com\\\/wp-content\\\/uploads\\\/2023\\\/10\\\/cropped-Cuadricula-scaled-1.jpg\",\"width\":2560,\"height\":2560,\"caption\":\"tzionlibreria.com\"},\"image\":{\"@id\":\"https:\\\/\\\/tzionlibreria.com\\\/#\\\/schema\\\/logo\\\/image\\\/\"}}]}<\/script>\n<!-- \/ Yoast SEO plugin. -->","yoast_head_json":{"title":"Biblia Reina Valera 1960 letra grande 12 puntos el Camino Caf\u00e9 Cierre - tzionlibreria.com","description":"Biblia letra grande con forro con un dise\u00f1o moderno y un lenguaje claro. Reina Valera ideal para hombres. Buena calidad. Palabras de Jes\u00fas en rojo.","robots":{"index":"index","follow":"follow","max-snippet":"max-snippet:-1","max-image-preview":"max-image-preview:large","max-video-preview":"max-video-preview:-1"},"canonical":"https:\/\/tzionlibreria.com\/index.php\/product\/biblia-reina-valera-1960-letra-grande-12-puntos-cafe-cierre-3\/","og_locale":"es_ES","og_type":"article","og_title":"Biblia Reina Valera 1960 letra grande 12 puntos el Camino Caf\u00e9 Cierre - tzionlibreria.com","og_description":"Biblia letra grande con forro con un dise\u00f1o moderno y un lenguaje claro. Reina Valera ideal para hombres. Buena calidad. Palabras de Jes\u00fas en rojo.","og_url":"https:\/\/tzionlibreria.com\/index.php\/product\/biblia-reina-valera-1960-letra-grande-12-puntos-cafe-cierre-3\/","og_site_name":"tzionlibreria.com","article_modified_time":"2025-03-07T00:43:40+00:00","og_image":[{"width":1080,"height":1080,"url":"http:\/\/tzionlibreria.com\/wp-content\/uploads\/2025\/02\/36.png","type":"image\/png"}],"twitter_card":"summary_large_image","twitter_misc":{"Tiempo de lectura":"1 minuto"},"schema":{"@context":"https:\/\/schema.org","@graph":[{"@type":"WebPage","@id":"https:\/\/tzionlibreria.com\/index.php\/product\/biblia-reina-valera-1960-letra-grande-12-puntos-cafe-cierre-3\/","url":"https:\/\/tzionlibreria.com\/index.php\/product\/biblia-reina-valera-1960-letra-grande-12-puntos-cafe-cierre-3\/","name":"Biblia Reina Valera 1960 letra grande 12 puntos el Camino Caf\u00e9 Cierre - tzionlibreria.com","isPartOf":{"@id":"https:\/\/tzionlibreria.com\/#website"},"primaryImageOfPage":{"@id":"https:\/\/tzionlibreria.com\/index.php\/product\/biblia-reina-valera-1960-letra-grande-12-puntos-cafe-cierre-3\/#primaryimage"},"image":{"@id":"https:\/\/tzionlibreria.com\/index.php\/product\/biblia-reina-valera-1960-letra-grande-12-puntos-cafe-cierre-3\/#primaryimage"},"thumbnailUrl":"https:\/\/tzionlibreria.com\/wp-content\/uploads\/2025\/02\/36.png","datePublished":"2025-02-06T14:31:57+00:00","dateModified":"2025-03-07T00:43:40+00:00","description":"Biblia letra grande con forro con un dise\u00f1o moderno y un lenguaje claro. Reina Valera ideal para hombres. Buena calidad. Palabras de Jes\u00fas en rojo.","breadcrumb":{"@id":"https:\/\/tzionlibreria.com\/index.php\/product\/biblia-reina-valera-1960-letra-grande-12-puntos-cafe-cierre-3\/#breadcrumb"},"inLanguage":"es-CO","potentialAction":[{"@type":"ReadAction","target":["https:\/\/tzionlibreria.com\/index.php\/product\/biblia-reina-valera-1960-letra-grande-12-puntos-cafe-cierre-3\/"]}]},{"@type":"ImageObject","inLanguage":"es-CO","@id":"https:\/\/tzionlibreria.com\/index.php\/product\/biblia-reina-valera-1960-letra-grande-12-puntos-cafe-cierre-3\/#primaryimage","url":"https:\/\/tzionlibreria.com\/wp-content\/uploads\/2025\/02\/36.png","contentUrl":"https:\/\/tzionlibreria.com\/wp-content\/uploads\/2025\/02\/36.png","width":1080,"height":1080},{"@type":"BreadcrumbList","@id":"https:\/\/tzionlibreria.com\/index.php\/product\/biblia-reina-valera-1960-letra-grande-12-puntos-cafe-cierre-3\/#breadcrumb","itemListElement":[{"@type":"ListItem","position":1,"name":"Inicio","item":"https:\/\/tzionlibreria.com\/"},{"@type":"ListItem","position":2,"name":"Shop","item":"https:\/\/tzionlibreria.com\/index.php\/shop\/"},{"@type":"ListItem","position":3,"name":"Biblia Reina Valera 1960 letra grande 12 puntos el Camino Caf\u00e9 Cierre"}]},{"@type":"WebSite","@id":"https:\/\/tzionlibreria.com\/#website","url":"https:\/\/tzionlibreria.com\/","name":"tzionlibreria.com","description":"Libreria Cristiana Venezuela","publisher":{"@id":"https:\/\/tzionlibreria.com\/#organization"},"potentialAction":[{"@type":"SearchAction","target":{"@type":"EntryPoint","urlTemplate":"https:\/\/tzionlibreria.com\/?s={search_term_string}"},"query-input":{"@type":"PropertyValueSpecification","valueRequired":true,"valueName":"search_term_string"}}],"inLanguage":"es-CO"},{"@type":"Organization","@id":"https:\/\/tzionlibreria.com\/#organization","name":"tzionlibreria.com","url":"https:\/\/tzionlibreria.com\/","logo":{"@type":"ImageObject","inLanguage":"es-CO","@id":"https:\/\/tzionlibreria.com\/#\/schema\/logo\/image\/","url":"https:\/\/tzionlibreria.com\/wp-content\/uploads\/2023\/10\/cropped-Cuadricula-scaled-1.jpg","contentUrl":"https:\/\/tzionlibreria.com\/wp-content\/uploads\/2023\/10\/cropped-Cuadricula-scaled-1.jpg","width":2560,"height":2560,"caption":"tzionlibreria.com"},"image":{"@id":"https:\/\/tzionlibreria.com\/#\/schema\/logo\/image\/"}}]}},"jetpack_sharing_enabled":true,"_links":{"self":[{"href":"https:\/\/tzionlibreria.com\/index.php\/wp-json\/wp\/v2\/product\/5121","targetHints":{"allow":["GET"]}}],"collection":[{"href":"https:\/\/tzionlibreria.com\/index.php\/wp-json\/wp\/v2\/product"}],"about":[{"href":"https:\/\/tzionlibreria.com\/index.php\/wp-json\/wp\/v2\/types\/product"}],"replies":[{"embeddable":true,"href":"https:\/\/tzionlibreria.com\/index.php\/wp-json\/wp\/v2\/comments?post=5121"}],"wp:featuredmedia":[{"embeddable":true,"href":"https:\/\/tzionlibreria.com\/index.php\/wp-json\/wp\/v2\/media\/5122"}],"wp:attachment":[{"href":"https:\/\/tzionlibreria.com\/index.php\/wp-json\/wp\/v2\/media?parent=5121"}],"wp:term":[{"taxonomy":"product_brand","embeddable":true,"href":"https:\/\/tzionlibreria.com\/index.php\/wp-json\/wp\/v2\/product_brand?post=5121"},{"taxonomy":"product_cat","embeddable":true,"href":"https:\/\/tzionlibreria.com\/index.php\/wp-json\/wp\/v2\/product_cat?post=5121"},{"taxonomy":"product_tag","embeddable":true,"href":"https:\/\/tzionlibreria.com\/index.php\/wp-json\/wp\/v2\/product_tag?post=5121"}],"curies":[{"name":"wp","href":"https:\/\/api.w.org\/{rel}","templated":true}]}}