{"id":5149,"date":"2025-02-06T23:52:15","date_gmt":"2025-02-06T23:52:15","guid":{"rendered":"https:\/\/tzionlibreria.com\/?post_type=product&#038;p=5149"},"modified":"2026-03-25T19:35:13","modified_gmt":"2026-03-25T19:35:13","slug":"biblia-rvr-1960-letra-super-gigante-19-negro-indice-cierre","status":"publish","type":"product","link":"https:\/\/tzionlibreria.com\/index.php\/product\/biblia-rvr-1960-letra-super-gigante-19-negro-indice-cierre\/","title":{"rendered":"Biblia RVR 1960 Letra SUPER GIGANTE 19 Negro \u00edndice Cierre"},"content":{"rendered":"<ul>\n<li>La Biblia Reina Valera Letra Super Gigante es una obra fundamental para quienes buscan profundizar en su fe y espiritualidad. Con un tama\u00f1o de letra de 19 puntos, esta edici\u00f3n facilita la lectura, permitiendo que cada pasaje sea accesible y comprensible para todos, sin importar la edad. Su dise\u00f1o de tapa blanda la hace ligera y f\u00e1cil de manejar, ideal para llevar a cualquier lugar.<\/li>\n<\/ul>\n<p>&nbsp;<\/p>\n<ul>\n<li>Publicada por la Sociedad B\u00edblica Colombiana, esta Biblia cuenta con un total de 1800 p\u00e1ginas que abarcan el texto sagrado en espa\u00f1ol, ofreciendo una experiencia de lectura enriquecedora. Adem\u00e1s, incluye un \u00edndice que permite localizar r\u00e1pidamente los libros y vers\u00edculos, facilitando el estudio y la reflexi\u00f3n personal.<\/li>\n<\/ul>\n<p>&nbsp;<\/p>\n<ul>\n<li>La Biblia Reina Valera es reconocida por su fidelidad y belleza en la traducci\u00f3n, siendo una de las versiones m\u00e1s apreciadas en el mundo hispanohablante. Esta edici\u00f3n es perfecta tanto para el uso personal como para compartir en grupos de estudio, cultos o reuniones familiares, convirti\u00e9ndose en un recurso valioso para el crecimiento espiritual.<\/li>\n<\/ul>\n<p>&nbsp;<\/p>\n<ul>\n<li>Con su cremallera, esta Biblia no solo protege sus p\u00e1ginas, sino que tambi\u00e9n a\u00f1ade un toque de elegancia y funcionalidad. Es un regalo significativo para cualquier ocasi\u00f3n, ideal para quienes desean fortalecer su relaci\u00f3n con Dios y explorar las ense\u00f1anzas b\u00edblicas de manera profunda y accesible.<\/li>\n<\/ul>\n<table border=\"0\" cellspacing=\"0\" cellpadding=\"8\">\n<tbody>\n<tr>\n<td><strong>ISBN<\/strong><\/td>\n<td>9789587459241<\/td>\n<\/tr>\n<tr>\n<td><strong>No. de p\u00e1ginas<\/strong><\/td>\n<td>1760 p\u00e1ginas<\/td>\n<\/tr>\n<tr>\n<td><strong>Papel<\/strong><\/td>\n<td>Papel Biblia de 28 gr<\/td>\n<\/tr>\n<tr>\n<td><strong>Puntaje letra<\/strong><\/td>\n<td>19 puntos<\/td>\n<\/tr>\n<tr>\n<td><strong>Cubierta:<\/strong><\/td>\n<td>Imitaci\u00f3n piel<\/td>\n<\/tr>\n<\/tbody>\n<\/table>\n","protected":false},"excerpt":{"rendered":"<p>La Biblia Reina Valera Letra Super Gigante es una obra fundamental para quienes buscan profundizar en su fe y espiritualidad. Con un tama\u00f1o de letra de 19 puntos, esta edici\u00f3n facilita la lectura, permitiendo que cada pasaje sea accesible y comprensible para todos, sin importar la edad. Su dise\u00f1o de tapa blanda la hace ligera [&hellip;]<\/p>\n","protected":false},"featured_media":5150,"comment_status":"open","ping_status":"closed","template":"","meta":{"om_disable_all_campaigns":false,"_monsterinsights_skip_tracking":false,"_monsterinsights_sitenote_active":false,"_monsterinsights_sitenote_note":"","_monsterinsights_sitenote_category":0,"site-sidebar-layout":"default","site-content-layout":"","ast-site-content-layout":"default","site-content-style":"default","site-sidebar-style":"default","ast-global-header-display":"","ast-banner-title-visibility":"","ast-main-header-display":"","ast-hfb-above-header-display":"","ast-hfb-below-header-display":"","ast-hfb-mobile-header-display":"","site-post-title":"","ast-breadcrumbs-content":"","ast-featured-img":"","footer-sml-layout":"","ast-disable-related-posts":"","theme-transparent-header-meta":"default","adv-header-id-meta":"","stick-header-meta":"","header-above-stick-meta":"","header-main-stick-meta":"","header-below-stick-meta":"","astra-migrate-meta-layouts":"set","ast-page-background-enabled":"default","ast-page-background-meta":{"desktop":{"background-color":"var(--ast-global-color-4)","background-image":"","background-repeat":"repeat","background-position":"center center","background-size":"auto","background-attachment":"scroll","background-type":"","background-media":"","overlay-type":"","overlay-color":"","overlay-opacity":"","overlay-gradient":""},"tablet":{"background-color":"","background-image":"","background-repeat":"repeat","background-position":"center center","background-size":"auto","background-attachment":"scroll","background-type":"","background-media":"","overlay-type":"","overlay-color":"","overlay-opacity":"","overlay-gradient":""},"mobile":{"background-color":"","background-image":"","background-repeat":"repeat","background-position":"center center","background-size":"auto","background-attachment":"scroll","background-type":"","background-media":"","overlay-type":"","overlay-color":"","overlay-opacity":"","overlay-gradient":""}},"ast-content-background-meta":{"desktop":{"background-color":"var(--ast-global-color-5)","background-image":"","background-repeat":"repeat","background-position":"center center","background-size":"auto","background-attachment":"scroll","background-type":"","background-media":"","overlay-type":"","overlay-color":"","overlay-opacity":"","overlay-gradient":""},"tablet":{"background-color":"var(--ast-global-color-5)","background-image":"","background-repeat":"repeat","background-position":"center center","background-size":"auto","background-attachment":"scroll","background-type":"","background-media":"","overlay-type":"","overlay-color":"","overlay-opacity":"","overlay-gradient":""},"mobile":{"background-color":"var(--ast-global-color-5)","background-image":"","background-repeat":"repeat","background-position":"center center","background-size":"auto","background-attachment":"scroll","background-type":"","background-media":"","overlay-type":"","overlay-color":"","overlay-opacity":"","overlay-gradient":""}}},"product_brand":[],"product_cat":[18],"product_tag":[],"class_list":{"0":"post-5149","1":"product","2":"type-product","3":"status-publish","4":"has-post-thumbnail","6":"product_cat-uncategorized","7":"desktop-align-left","8":"tablet-align-left","9":"mobile-align-left","11":"first","12":"instock","13":"shipping-taxable","14":"purchasable","15":"product-type-simple"},"yoast_head":"<!-- This site is optimized with the Yoast SEO plugin v27.3 - https:\/\/yoast.com\/product\/yoast-seo-wordpress\/ -->\n<title>Biblia RVR 1960 Letra SUPER GIGANTE 19 Negro \u00edndice Cierre - tzionlibreria.com<\/title>\n<meta name=\"description\" content=\"Biblia Reina Valera Letra Super Gigante con un tama\u00f1o de letra de 19 puntos, esta edici\u00f3n facilita la lectura,comprensible para todos, sin importar la edad\" \/>\n<meta name=\"robots\" content=\"index, follow, max-snippet:-1, max-image-preview:large, max-video-preview:-1\" \/>\n<link rel=\"canonical\" href=\"https:\/\/tzionlibreria.com\/index.php\/product\/biblia-rvr-1960-letra-super-gigante-19-negro-indice-cierre\/\" \/>\n<meta property=\"og:locale\" content=\"es_ES\" \/>\n<meta property=\"og:type\" content=\"article\" \/>\n<meta property=\"og:title\" content=\"Biblia RVR 1960 Letra SUPER GIGANTE 19 Negro \u00edndice Cierre - tzionlibreria.com\" \/>\n<meta property=\"og:description\" content=\"Biblia Reina Valera Letra Super Gigante con un tama\u00f1o de letra de 19 puntos, esta edici\u00f3n facilita la lectura,comprensible para todos, sin importar la edad\" \/>\n<meta property=\"og:url\" content=\"https:\/\/tzionlibreria.com\/index.php\/product\/biblia-rvr-1960-letra-super-gigante-19-negro-indice-cierre\/\" \/>\n<meta property=\"og:site_name\" content=\"tzionlibreria.com\" \/>\n<meta property=\"article:modified_time\" content=\"2026-03-25T19:35:13+00:00\" \/>\n<meta property=\"og:image\" content=\"http:\/\/tzionlibreria.com\/wp-content\/uploads\/2025\/02\/34.png\" \/>\n\t<meta property=\"og:image:width\" content=\"1080\" \/>\n\t<meta property=\"og:image:height\" content=\"1080\" \/>\n\t<meta property=\"og:image:type\" content=\"image\/png\" \/>\n<meta name=\"twitter:card\" content=\"summary_large_image\" \/>\n<meta name=\"twitter:label1\" content=\"Tiempo de lectura\" \/>\n\t<meta name=\"twitter:data1\" content=\"2 minutos\" \/>\n<script type=\"application\/ld+json\" class=\"yoast-schema-graph\">{\"@context\":\"https:\\\/\\\/schema.org\",\"@graph\":[{\"@type\":\"WebPage\",\"@id\":\"https:\\\/\\\/tzionlibreria.com\\\/index.php\\\/product\\\/biblia-rvr-1960-letra-super-gigante-19-negro-indice-cierre\\\/\",\"url\":\"https:\\\/\\\/tzionlibreria.com\\\/index.php\\\/product\\\/biblia-rvr-1960-letra-super-gigante-19-negro-indice-cierre\\\/\",\"name\":\"Biblia RVR 1960 Letra SUPER GIGANTE 19 Negro \u00edndice Cierre - tzionlibreria.com\",\"isPartOf\":{\"@id\":\"https:\\\/\\\/tzionlibreria.com\\\/#website\"},\"primaryImageOfPage\":{\"@id\":\"https:\\\/\\\/tzionlibreria.com\\\/index.php\\\/product\\\/biblia-rvr-1960-letra-super-gigante-19-negro-indice-cierre\\\/#primaryimage\"},\"image\":{\"@id\":\"https:\\\/\\\/tzionlibreria.com\\\/index.php\\\/product\\\/biblia-rvr-1960-letra-super-gigante-19-negro-indice-cierre\\\/#primaryimage\"},\"thumbnailUrl\":\"https:\\\/\\\/tzionlibreria.com\\\/wp-content\\\/uploads\\\/2025\\\/02\\\/34.png\",\"datePublished\":\"2025-02-06T23:52:15+00:00\",\"dateModified\":\"2026-03-25T19:35:13+00:00\",\"description\":\"Biblia Reina Valera Letra Super Gigante con un tama\u00f1o de letra de 19 puntos, esta edici\u00f3n facilita la lectura,comprensible para todos, sin importar la edad\",\"breadcrumb\":{\"@id\":\"https:\\\/\\\/tzionlibreria.com\\\/index.php\\\/product\\\/biblia-rvr-1960-letra-super-gigante-19-negro-indice-cierre\\\/#breadcrumb\"},\"inLanguage\":\"es-CO\",\"potentialAction\":[{\"@type\":\"ReadAction\",\"target\":[\"https:\\\/\\\/tzionlibreria.com\\\/index.php\\\/product\\\/biblia-rvr-1960-letra-super-gigante-19-negro-indice-cierre\\\/\"]}]},{\"@type\":\"ImageObject\",\"inLanguage\":\"es-CO\",\"@id\":\"https:\\\/\\\/tzionlibreria.com\\\/index.php\\\/product\\\/biblia-rvr-1960-letra-super-gigante-19-negro-indice-cierre\\\/#primaryimage\",\"url\":\"https:\\\/\\\/tzionlibreria.com\\\/wp-content\\\/uploads\\\/2025\\\/02\\\/34.png\",\"contentUrl\":\"https:\\\/\\\/tzionlibreria.com\\\/wp-content\\\/uploads\\\/2025\\\/02\\\/34.png\",\"width\":1080,\"height\":1080},{\"@type\":\"BreadcrumbList\",\"@id\":\"https:\\\/\\\/tzionlibreria.com\\\/index.php\\\/product\\\/biblia-rvr-1960-letra-super-gigante-19-negro-indice-cierre\\\/#breadcrumb\",\"itemListElement\":[{\"@type\":\"ListItem\",\"position\":1,\"name\":\"Inicio\",\"item\":\"https:\\\/\\\/tzionlibreria.com\\\/\"},{\"@type\":\"ListItem\",\"position\":2,\"name\":\"Shop\",\"item\":\"https:\\\/\\\/tzionlibreria.com\\\/index.php\\\/shop\\\/\"},{\"@type\":\"ListItem\",\"position\":3,\"name\":\"Biblia RVR 1960 Letra SUPER GIGANTE 19 Negro \u00edndice Cierre\"}]},{\"@type\":\"WebSite\",\"@id\":\"https:\\\/\\\/tzionlibreria.com\\\/#website\",\"url\":\"https:\\\/\\\/tzionlibreria.com\\\/\",\"name\":\"tzionlibreria.com\",\"description\":\"Libreria Cristiana Venezuela\",\"publisher\":{\"@id\":\"https:\\\/\\\/tzionlibreria.com\\\/#organization\"},\"potentialAction\":[{\"@type\":\"SearchAction\",\"target\":{\"@type\":\"EntryPoint\",\"urlTemplate\":\"https:\\\/\\\/tzionlibreria.com\\\/?s={search_term_string}\"},\"query-input\":{\"@type\":\"PropertyValueSpecification\",\"valueRequired\":true,\"valueName\":\"search_term_string\"}}],\"inLanguage\":\"es-CO\"},{\"@type\":\"Organization\",\"@id\":\"https:\\\/\\\/tzionlibreria.com\\\/#organization\",\"name\":\"tzionlibreria.com\",\"url\":\"https:\\\/\\\/tzionlibreria.com\\\/\",\"logo\":{\"@type\":\"ImageObject\",\"inLanguage\":\"es-CO\",\"@id\":\"https:\\\/\\\/tzionlibreria.com\\\/#\\\/schema\\\/logo\\\/image\\\/\",\"url\":\"https:\\\/\\\/tzionlibreria.com\\\/wp-content\\\/uploads\\\/2023\\\/10\\\/cropped-Cuadricula-scaled-1.jpg\",\"contentUrl\":\"https:\\\/\\\/tzionlibreria.com\\\/wp-content\\\/uploads\\\/2023\\\/10\\\/cropped-Cuadricula-scaled-1.jpg\",\"width\":2560,\"height\":2560,\"caption\":\"tzionlibreria.com\"},\"image\":{\"@id\":\"https:\\\/\\\/tzionlibreria.com\\\/#\\\/schema\\\/logo\\\/image\\\/\"}}]}<\/script>\n<!-- \/ Yoast SEO plugin. -->","yoast_head_json":{"title":"Biblia RVR 1960 Letra SUPER GIGANTE 19 Negro \u00edndice Cierre - tzionlibreria.com","description":"Biblia Reina Valera Letra Super Gigante con un tama\u00f1o de letra de 19 puntos, esta edici\u00f3n facilita la lectura,comprensible para todos, sin importar la edad","robots":{"index":"index","follow":"follow","max-snippet":"max-snippet:-1","max-image-preview":"max-image-preview:large","max-video-preview":"max-video-preview:-1"},"canonical":"https:\/\/tzionlibreria.com\/index.php\/product\/biblia-rvr-1960-letra-super-gigante-19-negro-indice-cierre\/","og_locale":"es_ES","og_type":"article","og_title":"Biblia RVR 1960 Letra SUPER GIGANTE 19 Negro \u00edndice Cierre - tzionlibreria.com","og_description":"Biblia Reina Valera Letra Super Gigante con un tama\u00f1o de letra de 19 puntos, esta edici\u00f3n facilita la lectura,comprensible para todos, sin importar la edad","og_url":"https:\/\/tzionlibreria.com\/index.php\/product\/biblia-rvr-1960-letra-super-gigante-19-negro-indice-cierre\/","og_site_name":"tzionlibreria.com","article_modified_time":"2026-03-25T19:35:13+00:00","og_image":[{"width":1080,"height":1080,"url":"http:\/\/tzionlibreria.com\/wp-content\/uploads\/2025\/02\/34.png","type":"image\/png"}],"twitter_card":"summary_large_image","twitter_misc":{"Tiempo de lectura":"2 minutos"},"schema":{"@context":"https:\/\/schema.org","@graph":[{"@type":"WebPage","@id":"https:\/\/tzionlibreria.com\/index.php\/product\/biblia-rvr-1960-letra-super-gigante-19-negro-indice-cierre\/","url":"https:\/\/tzionlibreria.com\/index.php\/product\/biblia-rvr-1960-letra-super-gigante-19-negro-indice-cierre\/","name":"Biblia RVR 1960 Letra SUPER GIGANTE 19 Negro \u00edndice Cierre - tzionlibreria.com","isPartOf":{"@id":"https:\/\/tzionlibreria.com\/#website"},"primaryImageOfPage":{"@id":"https:\/\/tzionlibreria.com\/index.php\/product\/biblia-rvr-1960-letra-super-gigante-19-negro-indice-cierre\/#primaryimage"},"image":{"@id":"https:\/\/tzionlibreria.com\/index.php\/product\/biblia-rvr-1960-letra-super-gigante-19-negro-indice-cierre\/#primaryimage"},"thumbnailUrl":"https:\/\/tzionlibreria.com\/wp-content\/uploads\/2025\/02\/34.png","datePublished":"2025-02-06T23:52:15+00:00","dateModified":"2026-03-25T19:35:13+00:00","description":"Biblia Reina Valera Letra Super Gigante con un tama\u00f1o de letra de 19 puntos, esta edici\u00f3n facilita la lectura,comprensible para todos, sin importar la edad","breadcrumb":{"@id":"https:\/\/tzionlibreria.com\/index.php\/product\/biblia-rvr-1960-letra-super-gigante-19-negro-indice-cierre\/#breadcrumb"},"inLanguage":"es-CO","potentialAction":[{"@type":"ReadAction","target":["https:\/\/tzionlibreria.com\/index.php\/product\/biblia-rvr-1960-letra-super-gigante-19-negro-indice-cierre\/"]}]},{"@type":"ImageObject","inLanguage":"es-CO","@id":"https:\/\/tzionlibreria.com\/index.php\/product\/biblia-rvr-1960-letra-super-gigante-19-negro-indice-cierre\/#primaryimage","url":"https:\/\/tzionlibreria.com\/wp-content\/uploads\/2025\/02\/34.png","contentUrl":"https:\/\/tzionlibreria.com\/wp-content\/uploads\/2025\/02\/34.png","width":1080,"height":1080},{"@type":"BreadcrumbList","@id":"https:\/\/tzionlibreria.com\/index.php\/product\/biblia-rvr-1960-letra-super-gigante-19-negro-indice-cierre\/#breadcrumb","itemListElement":[{"@type":"ListItem","position":1,"name":"Inicio","item":"https:\/\/tzionlibreria.com\/"},{"@type":"ListItem","position":2,"name":"Shop","item":"https:\/\/tzionlibreria.com\/index.php\/shop\/"},{"@type":"ListItem","position":3,"name":"Biblia RVR 1960 Letra SUPER GIGANTE 19 Negro \u00edndice Cierre"}]},{"@type":"WebSite","@id":"https:\/\/tzionlibreria.com\/#website","url":"https:\/\/tzionlibreria.com\/","name":"tzionlibreria.com","description":"Libreria Cristiana Venezuela","publisher":{"@id":"https:\/\/tzionlibreria.com\/#organization"},"potentialAction":[{"@type":"SearchAction","target":{"@type":"EntryPoint","urlTemplate":"https:\/\/tzionlibreria.com\/?s={search_term_string}"},"query-input":{"@type":"PropertyValueSpecification","valueRequired":true,"valueName":"search_term_string"}}],"inLanguage":"es-CO"},{"@type":"Organization","@id":"https:\/\/tzionlibreria.com\/#organization","name":"tzionlibreria.com","url":"https:\/\/tzionlibreria.com\/","logo":{"@type":"ImageObject","inLanguage":"es-CO","@id":"https:\/\/tzionlibreria.com\/#\/schema\/logo\/image\/","url":"https:\/\/tzionlibreria.com\/wp-content\/uploads\/2023\/10\/cropped-Cuadricula-scaled-1.jpg","contentUrl":"https:\/\/tzionlibreria.com\/wp-content\/uploads\/2023\/10\/cropped-Cuadricula-scaled-1.jpg","width":2560,"height":2560,"caption":"tzionlibreria.com"},"image":{"@id":"https:\/\/tzionlibreria.com\/#\/schema\/logo\/image\/"}}]}},"jetpack_sharing_enabled":true,"_links":{"self":[{"href":"https:\/\/tzionlibreria.com\/index.php\/wp-json\/wp\/v2\/product\/5149","targetHints":{"allow":["GET"]}}],"collection":[{"href":"https:\/\/tzionlibreria.com\/index.php\/wp-json\/wp\/v2\/product"}],"about":[{"href":"https:\/\/tzionlibreria.com\/index.php\/wp-json\/wp\/v2\/types\/product"}],"replies":[{"embeddable":true,"href":"https:\/\/tzionlibreria.com\/index.php\/wp-json\/wp\/v2\/comments?post=5149"}],"wp:featuredmedia":[{"embeddable":true,"href":"https:\/\/tzionlibreria.com\/index.php\/wp-json\/wp\/v2\/media\/5150"}],"wp:attachment":[{"href":"https:\/\/tzionlibreria.com\/index.php\/wp-json\/wp\/v2\/media?parent=5149"}],"wp:term":[{"taxonomy":"product_brand","embeddable":true,"href":"https:\/\/tzionlibreria.com\/index.php\/wp-json\/wp\/v2\/product_brand?post=5149"},{"taxonomy":"product_cat","embeddable":true,"href":"https:\/\/tzionlibreria.com\/index.php\/wp-json\/wp\/v2\/product_cat?post=5149"},{"taxonomy":"product_tag","embeddable":true,"href":"https:\/\/tzionlibreria.com\/index.php\/wp-json\/wp\/v2\/product_tag?post=5149"}],"curies":[{"name":"wp","href":"https:\/\/api.w.org\/{rel}","templated":true}]}}