{"id":5158,"date":"2025-02-07T00:03:00","date_gmt":"2025-02-07T00:03:00","guid":{"rendered":"https:\/\/tzionlibreria.com\/?post_type=product&#038;p=5158"},"modified":"2025-03-07T00:13:46","modified_gmt":"2025-03-07T00:13:46","slug":"biblia-rvr-1960-letra-gigante-14-puntos-morado-verde-cierre","status":"publish","type":"product","link":"https:\/\/tzionlibreria.com\/index.php\/product\/biblia-rvr-1960-letra-gigante-14-puntos-morado-verde-cierre\/","title":{"rendered":"Biblia RVR 1960  LETRA GIGANTE 14 Puntos Morado Verde Cierre"},"content":{"rendered":"<p>&nbsp;<\/p>\n<div class=\"ast-oembed-container \" style=\"height: 100%;\"><iframe title=\"Biblia Rvr 1960 Edicion Especial Simil Piel Letra 14 Cierre\" width=\"500\" height=\"281\" src=\"https:\/\/www.youtube.com\/embed\/GHIcJYnVtRg?feature=oembed\" frameborder=\"0\" allow=\"accelerometer; autoplay; clipboard-write; encrypted-media; gyroscope; picture-in-picture; web-share\" referrerpolicy=\"strict-origin-when-cross-origin\" allowfullscreen><\/iframe><\/div>\n<p>&nbsp;<\/p>\n<p><strong>Letra Grande de 14 Puntos: <\/strong><\/p>\n<p>-F\u00e1cil de Leer: La tipograf\u00eda de 14 puntos asegura una lectura c\u00f3moda y sin esfuerzo, ideal para personas con problemas de visi\u00f3n o para quienes prefieren una letra m\u00e1s grande.<\/p>\n<p>-\u00cdndice Impreso: Acceso R\u00e1pido: Cuenta con un \u00edndice impreso que permite localizar r\u00e1pidamente cualquier libro, cap\u00edtulo o vers\u00edculo de la Biblia, facilitando la navegaci\u00f3n por el texto sagrado.<\/p>\n<p>-Concordancia: Referencia R\u00e1pida: Incluye una concordancia que ayuda a encontrar pasajes espec\u00edficos y a profundizar en temas y conceptos b\u00edblicos, proporcionando una herramienta \u00fatil para el estudio y la reflexi\u00f3n.<\/p>\n<p>-Ayudas Digitales: Introducciones a Cada Libro: Cada libro de la Biblia viene acompa\u00f1ado de una introducci\u00f3n digital que proporciona contexto hist\u00f3rico, autores, temas principales y prop\u00f3sitos, ayudando al lector a entender mejor el mensaje y la relevancia de cada texto.<\/p>\n<p>-Introducci\u00f3n al Antiguo y Nuevo Testamento: Ofrece instrucciones detalladas tanto para el Antiguo como para el Nuevo Testamento, proporcionando un marco general que ayuda a situar cada libro dentro de la gran narrativa b\u00edblica.<\/p>\n<p>-Videos Explicativos: Incluye acceso a una serie de videos explicativos que abordan temas cruciales, personajes clave y eventos importantes, enriqueciendo la comprensi\u00f3n a trav\u00e9s de medios visuales y auditivos.<\/p>\n<p>-Mapas: Contiene mapas digitales interactivos que ilustran lugares b\u00edblicos significativos, rutas de viajes y eventos hist\u00f3ricos, ayudando a los lectores a visualizar los escenarios donde tuvieron lugar las historias b\u00edblicas.<\/p>\n<p>Esta Biblia no solo ofrece un texto claro y accesible, sino que tambi\u00e9n est\u00e1 enriquecida con una serie de recursos digitales que hacen del estudio b\u00edblico una experiencia m\u00e1s profunda y enriquecedora. Perfecta para el estudio personal, el uso en grupos peque\u00f1os o en entornos educativos, esta Biblia es una herramienta indispensable para cualquier persona que desee profundizar en su conocimiento y comprensi\u00f3n de las Escrituras.<\/p>\n<p>&nbsp;<\/p>\n<table style=\"width: 99.9987; height: 137.083px;\" border=\"0\" cellspacing=\"0\" cellpadding=\"8\">\n<tbody>\n<tr>\n<td style=\"width: 45.1579;\"><strong>ISBN<\/strong><\/td>\n<td style=\"width: 47.7716%;\">9789587458862<\/td>\n<\/tr>\n<tr style=\"background-color: #f9f9f9; height: 19.5833px;\">\n<td style=\"width: 45.1579; height: 19.5833px;\"><strong>No. de p\u00e1ginas<\/strong><\/td>\n<td style=\"width: 47.7716; height: 19.5833px;\">1760 p\u00e1ginas<\/td>\n<\/tr>\n<tr style=\"height: 19.5833px;\">\n<td style=\"width: 45.1579; height: 19.5833px;\"><strong>Papel<\/strong><\/td>\n<td style=\"width: 47.7716; height: 19.5833px;\">Papel Biblia de 28 gr<\/td>\n<\/tr>\n<tr style=\"background-color: #f9f9f9; height: 19.5833px;\">\n<td style=\"width: 45.1579; height: 19.5833px;\"><strong>Puntaje letra<\/strong><\/td>\n<td style=\"width: 47.7716; height: 19.5833px;\">14 puntos<\/td>\n<\/tr>\n<tr style=\"height: 19.5833px;\">\n<td style=\"width: 45.1579; height: 19.5833px;\"><strong>Cubierta:<\/strong><\/td>\n<td style=\"width: 47.7716; height: 19.5833px;\">Imitaci\u00f3n piel<\/td>\n<\/tr>\n<\/tbody>\n<\/table>\n","protected":false},"excerpt":{"rendered":"<p>&nbsp; &nbsp; Letra Grande de 14 Puntos: -F\u00e1cil de Leer: La tipograf\u00eda de 14 puntos asegura una lectura c\u00f3moda y sin esfuerzo, ideal para personas con problemas de visi\u00f3n o para quienes prefieren una letra m\u00e1s grande. -\u00cdndice Impreso: Acceso R\u00e1pido: Cuenta con un \u00edndice impreso que permite localizar r\u00e1pidamente cualquier libro, cap\u00edtulo o vers\u00edculo [&hellip;]<\/p>\n","protected":false},"featured_media":5159,"comment_status":"open","ping_status":"closed","template":"","meta":{"om_disable_all_campaigns":false,"_monsterinsights_skip_tracking":false,"_monsterinsights_sitenote_active":false,"_monsterinsights_sitenote_note":"","_monsterinsights_sitenote_category":0,"site-sidebar-layout":"default","site-content-layout":"","ast-site-content-layout":"default","site-content-style":"default","site-sidebar-style":"default","ast-global-header-display":"","ast-banner-title-visibility":"","ast-main-header-display":"","ast-hfb-above-header-display":"","ast-hfb-below-header-display":"","ast-hfb-mobile-header-display":"","site-post-title":"","ast-breadcrumbs-content":"","ast-featured-img":"","footer-sml-layout":"","ast-disable-related-posts":"","theme-transparent-header-meta":"default","adv-header-id-meta":"","stick-header-meta":"","header-above-stick-meta":"","header-main-stick-meta":"","header-below-stick-meta":"","astra-migrate-meta-layouts":"set","ast-page-background-enabled":"default","ast-page-background-meta":{"desktop":{"background-color":"var(--ast-global-color-4)","background-image":"","background-repeat":"repeat","background-position":"center center","background-size":"auto","background-attachment":"scroll","background-type":"","background-media":"","overlay-type":"","overlay-color":"","overlay-opacity":"","overlay-gradient":""},"tablet":{"background-color":"","background-image":"","background-repeat":"repeat","background-position":"center center","background-size":"auto","background-attachment":"scroll","background-type":"","background-media":"","overlay-type":"","overlay-color":"","overlay-opacity":"","overlay-gradient":""},"mobile":{"background-color":"","background-image":"","background-repeat":"repeat","background-position":"center center","background-size":"auto","background-attachment":"scroll","background-type":"","background-media":"","overlay-type":"","overlay-color":"","overlay-opacity":"","overlay-gradient":""}},"ast-content-background-meta":{"desktop":{"background-color":"var(--ast-global-color-5)","background-image":"","background-repeat":"repeat","background-position":"center center","background-size":"auto","background-attachment":"scroll","background-type":"","background-media":"","overlay-type":"","overlay-color":"","overlay-opacity":"","overlay-gradient":""},"tablet":{"background-color":"var(--ast-global-color-5)","background-image":"","background-repeat":"repeat","background-position":"center center","background-size":"auto","background-attachment":"scroll","background-type":"","background-media":"","overlay-type":"","overlay-color":"","overlay-opacity":"","overlay-gradient":""},"mobile":{"background-color":"var(--ast-global-color-5)","background-image":"","background-repeat":"repeat","background-position":"center center","background-size":"auto","background-attachment":"scroll","background-type":"","background-media":"","overlay-type":"","overlay-color":"","overlay-opacity":"","overlay-gradient":""}}},"product_brand":[],"product_cat":[22,42,179],"product_tag":[],"class_list":{"0":"post-5158","1":"product","2":"type-product","3":"status-publish","4":"has-post-thumbnail","6":"product_cat-biblias","7":"product_cat-biblias-reina-valera","8":"product_cat-letra-gigante-rvr","9":"desktop-align-left","10":"tablet-align-left","11":"mobile-align-left","13":"first","14":"instock","15":"shipping-taxable","16":"purchasable","17":"product-type-simple"},"yoast_head":"<!-- This site is optimized with the Yoast SEO plugin v27.4 - https:\/\/yoast.com\/product\/yoast-seo-wordpress\/ -->\n<title>Biblia RVR 1960 LETRA GIGANTE 14 Puntos Morado Verde Cierre - tzionlibreria.com<\/title>\n<meta name=\"description\" content=\"Biblia Reina valera 1960 F\u00e1cil de Leer, con letra gigante de 14 puntos para lectura c\u00f3moda y sin esfuerzo, ideal para personas con problemas de visi\u00f3n.\" \/>\n<meta name=\"robots\" content=\"index, follow, max-snippet:-1, max-image-preview:large, max-video-preview:-1\" \/>\n<link rel=\"canonical\" href=\"https:\/\/tzionlibreria.com\/index.php\/product\/biblia-rvr-1960-letra-gigante-14-puntos-morado-verde-cierre\/\" \/>\n<meta property=\"og:locale\" content=\"es_ES\" \/>\n<meta property=\"og:type\" content=\"article\" \/>\n<meta property=\"og:title\" content=\"Biblia RVR 1960 LETRA GIGANTE 14 Puntos Morado Verde Cierre - tzionlibreria.com\" \/>\n<meta property=\"og:description\" content=\"Biblia Reina valera 1960 F\u00e1cil de Leer, con letra gigante de 14 puntos para lectura c\u00f3moda y sin esfuerzo, ideal para personas con problemas de visi\u00f3n.\" \/>\n<meta property=\"og:url\" content=\"https:\/\/tzionlibreria.com\/index.php\/product\/biblia-rvr-1960-letra-gigante-14-puntos-morado-verde-cierre\/\" \/>\n<meta property=\"og:site_name\" content=\"tzionlibreria.com\" \/>\n<meta property=\"article:modified_time\" content=\"2025-03-07T00:13:46+00:00\" \/>\n<meta property=\"og:image\" content=\"http:\/\/tzionlibreria.com\/wp-content\/uploads\/2025\/02\/33.png\" \/>\n\t<meta property=\"og:image:width\" content=\"1080\" \/>\n\t<meta property=\"og:image:height\" content=\"1080\" \/>\n\t<meta property=\"og:image:type\" content=\"image\/png\" \/>\n<meta name=\"twitter:card\" content=\"summary_large_image\" \/>\n<meta name=\"twitter:label1\" content=\"Tiempo de lectura\" \/>\n\t<meta name=\"twitter:data1\" content=\"2 minutos\" \/>\n<script type=\"application\/ld+json\" class=\"yoast-schema-graph\">{\"@context\":\"https:\\\/\\\/schema.org\",\"@graph\":[{\"@type\":\"WebPage\",\"@id\":\"https:\\\/\\\/tzionlibreria.com\\\/index.php\\\/product\\\/biblia-rvr-1960-letra-gigante-14-puntos-morado-verde-cierre\\\/\",\"url\":\"https:\\\/\\\/tzionlibreria.com\\\/index.php\\\/product\\\/biblia-rvr-1960-letra-gigante-14-puntos-morado-verde-cierre\\\/\",\"name\":\"Biblia RVR 1960 LETRA GIGANTE 14 Puntos Morado Verde Cierre - tzionlibreria.com\",\"isPartOf\":{\"@id\":\"https:\\\/\\\/tzionlibreria.com\\\/#website\"},\"primaryImageOfPage\":{\"@id\":\"https:\\\/\\\/tzionlibreria.com\\\/index.php\\\/product\\\/biblia-rvr-1960-letra-gigante-14-puntos-morado-verde-cierre\\\/#primaryimage\"},\"image\":{\"@id\":\"https:\\\/\\\/tzionlibreria.com\\\/index.php\\\/product\\\/biblia-rvr-1960-letra-gigante-14-puntos-morado-verde-cierre\\\/#primaryimage\"},\"thumbnailUrl\":\"https:\\\/\\\/tzionlibreria.com\\\/wp-content\\\/uploads\\\/2025\\\/02\\\/33.png\",\"datePublished\":\"2025-02-07T00:03:00+00:00\",\"dateModified\":\"2025-03-07T00:13:46+00:00\",\"description\":\"Biblia Reina valera 1960 F\u00e1cil de Leer, con letra gigante de 14 puntos para lectura c\u00f3moda y sin esfuerzo, ideal para personas con problemas de visi\u00f3n.\",\"breadcrumb\":{\"@id\":\"https:\\\/\\\/tzionlibreria.com\\\/index.php\\\/product\\\/biblia-rvr-1960-letra-gigante-14-puntos-morado-verde-cierre\\\/#breadcrumb\"},\"inLanguage\":\"es-CO\",\"potentialAction\":[{\"@type\":\"ReadAction\",\"target\":[\"https:\\\/\\\/tzionlibreria.com\\\/index.php\\\/product\\\/biblia-rvr-1960-letra-gigante-14-puntos-morado-verde-cierre\\\/\"]}]},{\"@type\":\"ImageObject\",\"inLanguage\":\"es-CO\",\"@id\":\"https:\\\/\\\/tzionlibreria.com\\\/index.php\\\/product\\\/biblia-rvr-1960-letra-gigante-14-puntos-morado-verde-cierre\\\/#primaryimage\",\"url\":\"https:\\\/\\\/tzionlibreria.com\\\/wp-content\\\/uploads\\\/2025\\\/02\\\/33.png\",\"contentUrl\":\"https:\\\/\\\/tzionlibreria.com\\\/wp-content\\\/uploads\\\/2025\\\/02\\\/33.png\",\"width\":1080,\"height\":1080},{\"@type\":\"BreadcrumbList\",\"@id\":\"https:\\\/\\\/tzionlibreria.com\\\/index.php\\\/product\\\/biblia-rvr-1960-letra-gigante-14-puntos-morado-verde-cierre\\\/#breadcrumb\",\"itemListElement\":[{\"@type\":\"ListItem\",\"position\":1,\"name\":\"Inicio\",\"item\":\"https:\\\/\\\/tzionlibreria.com\\\/\"},{\"@type\":\"ListItem\",\"position\":2,\"name\":\"Shop\",\"item\":\"https:\\\/\\\/tzionlibreria.com\\\/index.php\\\/shop\\\/\"},{\"@type\":\"ListItem\",\"position\":3,\"name\":\"Biblia RVR 1960 LETRA GIGANTE 14 Puntos Morado Verde Cierre\"}]},{\"@type\":\"WebSite\",\"@id\":\"https:\\\/\\\/tzionlibreria.com\\\/#website\",\"url\":\"https:\\\/\\\/tzionlibreria.com\\\/\",\"name\":\"tzionlibreria.com\",\"description\":\"Libreria Cristiana Venezuela\",\"publisher\":{\"@id\":\"https:\\\/\\\/tzionlibreria.com\\\/#organization\"},\"potentialAction\":[{\"@type\":\"SearchAction\",\"target\":{\"@type\":\"EntryPoint\",\"urlTemplate\":\"https:\\\/\\\/tzionlibreria.com\\\/?s={search_term_string}\"},\"query-input\":{\"@type\":\"PropertyValueSpecification\",\"valueRequired\":true,\"valueName\":\"search_term_string\"}}],\"inLanguage\":\"es-CO\"},{\"@type\":\"Organization\",\"@id\":\"https:\\\/\\\/tzionlibreria.com\\\/#organization\",\"name\":\"tzionlibreria.com\",\"url\":\"https:\\\/\\\/tzionlibreria.com\\\/\",\"logo\":{\"@type\":\"ImageObject\",\"inLanguage\":\"es-CO\",\"@id\":\"https:\\\/\\\/tzionlibreria.com\\\/#\\\/schema\\\/logo\\\/image\\\/\",\"url\":\"https:\\\/\\\/tzionlibreria.com\\\/wp-content\\\/uploads\\\/2023\\\/10\\\/cropped-Cuadricula-scaled-1.jpg\",\"contentUrl\":\"https:\\\/\\\/tzionlibreria.com\\\/wp-content\\\/uploads\\\/2023\\\/10\\\/cropped-Cuadricula-scaled-1.jpg\",\"width\":2560,\"height\":2560,\"caption\":\"tzionlibreria.com\"},\"image\":{\"@id\":\"https:\\\/\\\/tzionlibreria.com\\\/#\\\/schema\\\/logo\\\/image\\\/\"}}]}<\/script>\n<!-- \/ Yoast SEO plugin. -->","yoast_head_json":{"title":"Biblia RVR 1960 LETRA GIGANTE 14 Puntos Morado Verde Cierre - tzionlibreria.com","description":"Biblia Reina valera 1960 F\u00e1cil de Leer, con letra gigante de 14 puntos para lectura c\u00f3moda y sin esfuerzo, ideal para personas con problemas de visi\u00f3n.","robots":{"index":"index","follow":"follow","max-snippet":"max-snippet:-1","max-image-preview":"max-image-preview:large","max-video-preview":"max-video-preview:-1"},"canonical":"https:\/\/tzionlibreria.com\/index.php\/product\/biblia-rvr-1960-letra-gigante-14-puntos-morado-verde-cierre\/","og_locale":"es_ES","og_type":"article","og_title":"Biblia RVR 1960 LETRA GIGANTE 14 Puntos Morado Verde Cierre - tzionlibreria.com","og_description":"Biblia Reina valera 1960 F\u00e1cil de Leer, con letra gigante de 14 puntos para lectura c\u00f3moda y sin esfuerzo, ideal para personas con problemas de visi\u00f3n.","og_url":"https:\/\/tzionlibreria.com\/index.php\/product\/biblia-rvr-1960-letra-gigante-14-puntos-morado-verde-cierre\/","og_site_name":"tzionlibreria.com","article_modified_time":"2025-03-07T00:13:46+00:00","og_image":[{"width":1080,"height":1080,"url":"http:\/\/tzionlibreria.com\/wp-content\/uploads\/2025\/02\/33.png","type":"image\/png"}],"twitter_card":"summary_large_image","twitter_misc":{"Tiempo de lectura":"2 minutos"},"schema":{"@context":"https:\/\/schema.org","@graph":[{"@type":"WebPage","@id":"https:\/\/tzionlibreria.com\/index.php\/product\/biblia-rvr-1960-letra-gigante-14-puntos-morado-verde-cierre\/","url":"https:\/\/tzionlibreria.com\/index.php\/product\/biblia-rvr-1960-letra-gigante-14-puntos-morado-verde-cierre\/","name":"Biblia RVR 1960 LETRA GIGANTE 14 Puntos Morado Verde Cierre - tzionlibreria.com","isPartOf":{"@id":"https:\/\/tzionlibreria.com\/#website"},"primaryImageOfPage":{"@id":"https:\/\/tzionlibreria.com\/index.php\/product\/biblia-rvr-1960-letra-gigante-14-puntos-morado-verde-cierre\/#primaryimage"},"image":{"@id":"https:\/\/tzionlibreria.com\/index.php\/product\/biblia-rvr-1960-letra-gigante-14-puntos-morado-verde-cierre\/#primaryimage"},"thumbnailUrl":"https:\/\/tzionlibreria.com\/wp-content\/uploads\/2025\/02\/33.png","datePublished":"2025-02-07T00:03:00+00:00","dateModified":"2025-03-07T00:13:46+00:00","description":"Biblia Reina valera 1960 F\u00e1cil de Leer, con letra gigante de 14 puntos para lectura c\u00f3moda y sin esfuerzo, ideal para personas con problemas de visi\u00f3n.","breadcrumb":{"@id":"https:\/\/tzionlibreria.com\/index.php\/product\/biblia-rvr-1960-letra-gigante-14-puntos-morado-verde-cierre\/#breadcrumb"},"inLanguage":"es-CO","potentialAction":[{"@type":"ReadAction","target":["https:\/\/tzionlibreria.com\/index.php\/product\/biblia-rvr-1960-letra-gigante-14-puntos-morado-verde-cierre\/"]}]},{"@type":"ImageObject","inLanguage":"es-CO","@id":"https:\/\/tzionlibreria.com\/index.php\/product\/biblia-rvr-1960-letra-gigante-14-puntos-morado-verde-cierre\/#primaryimage","url":"https:\/\/tzionlibreria.com\/wp-content\/uploads\/2025\/02\/33.png","contentUrl":"https:\/\/tzionlibreria.com\/wp-content\/uploads\/2025\/02\/33.png","width":1080,"height":1080},{"@type":"BreadcrumbList","@id":"https:\/\/tzionlibreria.com\/index.php\/product\/biblia-rvr-1960-letra-gigante-14-puntos-morado-verde-cierre\/#breadcrumb","itemListElement":[{"@type":"ListItem","position":1,"name":"Inicio","item":"https:\/\/tzionlibreria.com\/"},{"@type":"ListItem","position":2,"name":"Shop","item":"https:\/\/tzionlibreria.com\/index.php\/shop\/"},{"@type":"ListItem","position":3,"name":"Biblia RVR 1960 LETRA GIGANTE 14 Puntos Morado Verde Cierre"}]},{"@type":"WebSite","@id":"https:\/\/tzionlibreria.com\/#website","url":"https:\/\/tzionlibreria.com\/","name":"tzionlibreria.com","description":"Libreria Cristiana Venezuela","publisher":{"@id":"https:\/\/tzionlibreria.com\/#organization"},"potentialAction":[{"@type":"SearchAction","target":{"@type":"EntryPoint","urlTemplate":"https:\/\/tzionlibreria.com\/?s={search_term_string}"},"query-input":{"@type":"PropertyValueSpecification","valueRequired":true,"valueName":"search_term_string"}}],"inLanguage":"es-CO"},{"@type":"Organization","@id":"https:\/\/tzionlibreria.com\/#organization","name":"tzionlibreria.com","url":"https:\/\/tzionlibreria.com\/","logo":{"@type":"ImageObject","inLanguage":"es-CO","@id":"https:\/\/tzionlibreria.com\/#\/schema\/logo\/image\/","url":"https:\/\/tzionlibreria.com\/wp-content\/uploads\/2023\/10\/cropped-Cuadricula-scaled-1.jpg","contentUrl":"https:\/\/tzionlibreria.com\/wp-content\/uploads\/2023\/10\/cropped-Cuadricula-scaled-1.jpg","width":2560,"height":2560,"caption":"tzionlibreria.com"},"image":{"@id":"https:\/\/tzionlibreria.com\/#\/schema\/logo\/image\/"}}]}},"jetpack_sharing_enabled":true,"_links":{"self":[{"href":"https:\/\/tzionlibreria.com\/index.php\/wp-json\/wp\/v2\/product\/5158","targetHints":{"allow":["GET"]}}],"collection":[{"href":"https:\/\/tzionlibreria.com\/index.php\/wp-json\/wp\/v2\/product"}],"about":[{"href":"https:\/\/tzionlibreria.com\/index.php\/wp-json\/wp\/v2\/types\/product"}],"replies":[{"embeddable":true,"href":"https:\/\/tzionlibreria.com\/index.php\/wp-json\/wp\/v2\/comments?post=5158"}],"wp:featuredmedia":[{"embeddable":true,"href":"https:\/\/tzionlibreria.com\/index.php\/wp-json\/wp\/v2\/media\/5159"}],"wp:attachment":[{"href":"https:\/\/tzionlibreria.com\/index.php\/wp-json\/wp\/v2\/media?parent=5158"}],"wp:term":[{"taxonomy":"product_brand","embeddable":true,"href":"https:\/\/tzionlibreria.com\/index.php\/wp-json\/wp\/v2\/product_brand?post=5158"},{"taxonomy":"product_cat","embeddable":true,"href":"https:\/\/tzionlibreria.com\/index.php\/wp-json\/wp\/v2\/product_cat?post=5158"},{"taxonomy":"product_tag","embeddable":true,"href":"https:\/\/tzionlibreria.com\/index.php\/wp-json\/wp\/v2\/product_tag?post=5158"}],"curies":[{"name":"wp","href":"https:\/\/api.w.org\/{rel}","templated":true}]}}