{"id":5209,"date":"2025-02-07T01:19:04","date_gmt":"2025-02-07T01:19:04","guid":{"rendered":"https:\/\/tzionlibreria.com\/?post_type=product&#038;p=5209"},"modified":"2025-08-19T01:55:16","modified_gmt":"2025-08-19T01:55:16","slug":"biblia-en-accion-ilustrada-traduccion-al-lenguaje-actual-tla","status":"publish","type":"product","link":"https:\/\/tzionlibreria.com\/index.php\/product\/biblia-en-accion-ilustrada-traduccion-al-lenguaje-actual-tla\/","title":{"rendered":"Biblia En Acci\u00f3n Ilustrada Traducci\u00f3n Al Lenguaje Actual TLA"},"content":{"rendered":"<div class=\"ast-oembed-container \" style=\"height: 100%;\"><iframe title=\"Biblia En Acci\u00f3n TLA Ilustrada a Todo Color Canto Blanco\" width=\"500\" height=\"281\" src=\"https:\/\/www.youtube.com\/embed\/RQtxzJHxyzI?feature=oembed\" frameborder=\"0\" allow=\"accelerometer; autoplay; clipboard-write; encrypted-media; gyroscope; picture-in-picture; web-share\" referrerpolicy=\"strict-origin-when-cross-origin\" allowfullscreen><\/iframe><\/div>\n<p>&nbsp;<\/p>\n<p>Esta es una Biblia de Estudio desarrollada especialmente para el p\u00fablico joven. A trav\u00e9s de recuadros y secciones, el lector tendr\u00e1 la oportunidad de profundizar en el texto b\u00edblico y comprender mejor las ense\u00f1anzas sagradas. Vers\u00edculos destacados para memorizar, respuestas a las 50 preguntas m\u00e1s frecuentes acerca de la fe, curiosidades sobre la Biblia, pruebas del contenido que se est\u00e1 leyendo y consejos para poner en pr\u00e1ctica lo que se est\u00e1 aprendiendo son algunos de los recursos ofrecidos por esta publicaci\u00f3n.Otro punto a destacar son las ilustraciones, que llevan la firma del famoso artista Sergio Cariello. Son 40 p\u00e1ginas de historias ilustradas en formato c\u00f3mic, que atraen la atenci\u00f3n de los lectores de todas las edades, por su dramatismo y sus colores intensos.<\/p>\n<p>Se trata de una obra que presenta de manera especial las historias de reyes y reinas, profetas fieles a Dios y revolucionarios intr\u00e9pidos. Historias de personajes que parecen m\u00e1s actuales que nunca. Todo para mostrar que Dios est\u00e1 en acci\u00f3n, aqu\u00ed y ahora.<\/p>\n<div>\n<p>RECURSOS<\/p>\n<ul>\n<li>\u00c1rbol familiar<\/li>\n<li>Introducci\u00f3n ilustrada a cada libro de la Biblia<\/li>\n<li>Personas en acci\u00f3n<\/li>\n<li>\u00bfLo sab\u00edas?<\/li>\n<li>Notas y referencias b\u00edblicas<\/li>\n<li>\u00a0Glosario<\/li>\n<li>Recuadros:\n<ul>\n<li>\u00bfQui\u00e9n soy? \u2014 Cinco pistas para adivinar un personaje, un lugar o una cosa. Al final da Biblia se encuentran las soluciones.<\/li>\n<li>Act\u00edvate \u2014 Reflexiones acerca de temas b\u00edblicos y c\u00f3mo se aplican a la vida.<\/li>\n<li>Archivo hist\u00f3rico \u2014 Ofrece informaci\u00f3n sobre la historia del mundo antiguo: cu\u00e1les eran las armas, la comida, la vestimenta, las casas, las celebraciones, las tradiciones de aquel entonces.<\/li>\n<li>Datos curiosos \u2014 Qui\u00e9n hizo qu\u00e9, cu\u00e1ndo y d\u00f3nde; y por qu\u00e9 es importante.<\/li>\n<li>\u00bfY esto? \u2014 Respuestas a preguntas dif\u00edciles sobre la fe.<\/li>\n<li>Recuerda \u2014 Vers\u00edculos de la Biblia que es importante memorizar.<\/li>\n<li>C\u00f3mics fascinantes que captan la imaginaci\u00f3n y transportan al lector a los tiempos b\u00edblicos.<\/li>\n<\/ul>\n<\/li>\n<\/ul>\n<p><strong>ISBN<\/strong>: 7899938400623<\/p>\n<p><strong>Editorial<\/strong>: S.B.U<\/p>\n<p><strong>Dimensiones<\/strong>: 150 x 215 mm<\/p>\n<p><strong>Peso<\/strong>: 0,400kg<\/p>\n<p><strong>Cubierta<\/strong>: Tapa Dura<\/p>\n<\/div>\n","protected":false},"excerpt":{"rendered":"<p>&nbsp; Esta es una Biblia de Estudio desarrollada especialmente para el p\u00fablico joven. A trav\u00e9s de recuadros y secciones, el lector tendr\u00e1 la oportunidad de profundizar en el texto b\u00edblico y comprender mejor las ense\u00f1anzas sagradas. Vers\u00edculos destacados para memorizar, respuestas a las 50 preguntas m\u00e1s frecuentes acerca de la fe, curiosidades sobre la Biblia, [&hellip;]<\/p>\n","protected":false},"featured_media":5210,"comment_status":"open","ping_status":"closed","template":"","meta":{"om_disable_all_campaigns":false,"_monsterinsights_skip_tracking":false,"_monsterinsights_sitenote_active":false,"_monsterinsights_sitenote_note":"","_monsterinsights_sitenote_category":0,"site-sidebar-layout":"default","site-content-layout":"","ast-site-content-layout":"default","site-content-style":"default","site-sidebar-style":"default","ast-global-header-display":"","ast-banner-title-visibility":"","ast-main-header-display":"","ast-hfb-above-header-display":"","ast-hfb-below-header-display":"","ast-hfb-mobile-header-display":"","site-post-title":"","ast-breadcrumbs-content":"","ast-featured-img":"","footer-sml-layout":"","ast-disable-related-posts":"","theme-transparent-header-meta":"default","adv-header-id-meta":"","stick-header-meta":"","header-above-stick-meta":"","header-main-stick-meta":"","header-below-stick-meta":"","astra-migrate-meta-layouts":"set","ast-page-background-enabled":"default","ast-page-background-meta":{"desktop":{"background-color":"var(--ast-global-color-4)","background-image":"","background-repeat":"repeat","background-position":"center center","background-size":"auto","background-attachment":"scroll","background-type":"","background-media":"","overlay-type":"","overlay-color":"","overlay-opacity":"","overlay-gradient":""},"tablet":{"background-color":"","background-image":"","background-repeat":"repeat","background-position":"center center","background-size":"auto","background-attachment":"scroll","background-type":"","background-media":"","overlay-type":"","overlay-color":"","overlay-opacity":"","overlay-gradient":""},"mobile":{"background-color":"","background-image":"","background-repeat":"repeat","background-position":"center center","background-size":"auto","background-attachment":"scroll","background-type":"","background-media":"","overlay-type":"","overlay-color":"","overlay-opacity":"","overlay-gradient":""}},"ast-content-background-meta":{"desktop":{"background-color":"var(--ast-global-color-5)","background-image":"","background-repeat":"repeat","background-position":"center center","background-size":"auto","background-attachment":"scroll","background-type":"","background-media":"","overlay-type":"","overlay-color":"","overlay-opacity":"","overlay-gradient":""},"tablet":{"background-color":"var(--ast-global-color-5)","background-image":"","background-repeat":"repeat","background-position":"center center","background-size":"auto","background-attachment":"scroll","background-type":"","background-media":"","overlay-type":"","overlay-color":"","overlay-opacity":"","overlay-gradient":""},"mobile":{"background-color":"var(--ast-global-color-5)","background-image":"","background-repeat":"repeat","background-position":"center center","background-size":"auto","background-attachment":"scroll","background-type":"","background-media":"","overlay-type":"","overlay-color":"","overlay-opacity":"","overlay-gradient":""}}},"product_brand":[],"product_cat":[297,22],"product_tag":[299],"class_list":{"0":"post-5209","1":"product","2":"type-product","3":"status-publish","4":"has-post-thumbnail","6":"product_cat-biblia-tla","7":"product_cat-biblias","8":"product_tag-tla","9":"desktop-align-left","10":"tablet-align-left","11":"mobile-align-left","13":"first","14":"instock","15":"shipping-taxable","16":"purchasable","17":"product-type-simple"},"yoast_head":"<!-- This site is optimized with the Yoast SEO plugin v27.4 - https:\/\/yoast.com\/product\/yoast-seo-wordpress\/ -->\n<title>Biblia En Acci\u00f3n Ilustrada Traducci\u00f3n Al Lenguaje Actual TLA - tzionlibreria.com<\/title>\n<meta name=\"description\" content=\"Esta es una Biblia de Estudio desarrollada especialmente para el p\u00fablico joven. Son 40 p\u00e1ginas de historias ilustradas en formato c\u00f3mic. En versi\u00f3n TLA\" \/>\n<meta name=\"robots\" content=\"index, follow, max-snippet:-1, max-image-preview:large, max-video-preview:-1\" \/>\n<link rel=\"canonical\" href=\"https:\/\/tzionlibreria.com\/index.php\/product\/biblia-en-accion-ilustrada-traduccion-al-lenguaje-actual-tla\/\" \/>\n<meta property=\"og:locale\" content=\"es_ES\" \/>\n<meta property=\"og:type\" content=\"article\" \/>\n<meta property=\"og:title\" content=\"Biblia En Acci\u00f3n Ilustrada Traducci\u00f3n Al Lenguaje Actual TLA - tzionlibreria.com\" \/>\n<meta property=\"og:description\" content=\"Esta es una Biblia de Estudio desarrollada especialmente para el p\u00fablico joven. Son 40 p\u00e1ginas de historias ilustradas en formato c\u00f3mic. En versi\u00f3n TLA\" \/>\n<meta property=\"og:url\" content=\"https:\/\/tzionlibreria.com\/index.php\/product\/biblia-en-accion-ilustrada-traduccion-al-lenguaje-actual-tla\/\" \/>\n<meta property=\"og:site_name\" content=\"tzionlibreria.com\" \/>\n<meta property=\"article:modified_time\" content=\"2025-08-19T01:55:16+00:00\" \/>\n<meta property=\"og:image\" content=\"http:\/\/tzionlibreria.com\/wp-content\/uploads\/2025\/02\/27.png\" \/>\n\t<meta property=\"og:image:width\" content=\"1080\" \/>\n\t<meta property=\"og:image:height\" content=\"1080\" \/>\n\t<meta property=\"og:image:type\" content=\"image\/png\" \/>\n<meta name=\"twitter:card\" content=\"summary_large_image\" \/>\n<meta name=\"twitter:label1\" content=\"Tiempo de lectura\" \/>\n\t<meta name=\"twitter:data1\" content=\"2 minutos\" \/>\n<script type=\"application\/ld+json\" class=\"yoast-schema-graph\">{\"@context\":\"https:\\\/\\\/schema.org\",\"@graph\":[{\"@type\":\"WebPage\",\"@id\":\"https:\\\/\\\/tzionlibreria.com\\\/index.php\\\/product\\\/biblia-en-accion-ilustrada-traduccion-al-lenguaje-actual-tla\\\/\",\"url\":\"https:\\\/\\\/tzionlibreria.com\\\/index.php\\\/product\\\/biblia-en-accion-ilustrada-traduccion-al-lenguaje-actual-tla\\\/\",\"name\":\"Biblia En Acci\u00f3n Ilustrada Traducci\u00f3n Al Lenguaje Actual TLA - tzionlibreria.com\",\"isPartOf\":{\"@id\":\"https:\\\/\\\/tzionlibreria.com\\\/#website\"},\"primaryImageOfPage\":{\"@id\":\"https:\\\/\\\/tzionlibreria.com\\\/index.php\\\/product\\\/biblia-en-accion-ilustrada-traduccion-al-lenguaje-actual-tla\\\/#primaryimage\"},\"image\":{\"@id\":\"https:\\\/\\\/tzionlibreria.com\\\/index.php\\\/product\\\/biblia-en-accion-ilustrada-traduccion-al-lenguaje-actual-tla\\\/#primaryimage\"},\"thumbnailUrl\":\"https:\\\/\\\/tzionlibreria.com\\\/wp-content\\\/uploads\\\/2025\\\/02\\\/27.png\",\"datePublished\":\"2025-02-07T01:19:04+00:00\",\"dateModified\":\"2025-08-19T01:55:16+00:00\",\"description\":\"Esta es una Biblia de Estudio desarrollada especialmente para el p\u00fablico joven. Son 40 p\u00e1ginas de historias ilustradas en formato c\u00f3mic. En versi\u00f3n TLA\",\"breadcrumb\":{\"@id\":\"https:\\\/\\\/tzionlibreria.com\\\/index.php\\\/product\\\/biblia-en-accion-ilustrada-traduccion-al-lenguaje-actual-tla\\\/#breadcrumb\"},\"inLanguage\":\"es-CO\",\"potentialAction\":[{\"@type\":\"ReadAction\",\"target\":[\"https:\\\/\\\/tzionlibreria.com\\\/index.php\\\/product\\\/biblia-en-accion-ilustrada-traduccion-al-lenguaje-actual-tla\\\/\"]}]},{\"@type\":\"ImageObject\",\"inLanguage\":\"es-CO\",\"@id\":\"https:\\\/\\\/tzionlibreria.com\\\/index.php\\\/product\\\/biblia-en-accion-ilustrada-traduccion-al-lenguaje-actual-tla\\\/#primaryimage\",\"url\":\"https:\\\/\\\/tzionlibreria.com\\\/wp-content\\\/uploads\\\/2025\\\/02\\\/27.png\",\"contentUrl\":\"https:\\\/\\\/tzionlibreria.com\\\/wp-content\\\/uploads\\\/2025\\\/02\\\/27.png\",\"width\":1080,\"height\":1080},{\"@type\":\"BreadcrumbList\",\"@id\":\"https:\\\/\\\/tzionlibreria.com\\\/index.php\\\/product\\\/biblia-en-accion-ilustrada-traduccion-al-lenguaje-actual-tla\\\/#breadcrumb\",\"itemListElement\":[{\"@type\":\"ListItem\",\"position\":1,\"name\":\"Inicio\",\"item\":\"https:\\\/\\\/tzionlibreria.com\\\/\"},{\"@type\":\"ListItem\",\"position\":2,\"name\":\"Shop\",\"item\":\"https:\\\/\\\/tzionlibreria.com\\\/index.php\\\/shop\\\/\"},{\"@type\":\"ListItem\",\"position\":3,\"name\":\"Biblia En Acci\u00f3n Ilustrada Traducci\u00f3n Al Lenguaje Actual TLA\"}]},{\"@type\":\"WebSite\",\"@id\":\"https:\\\/\\\/tzionlibreria.com\\\/#website\",\"url\":\"https:\\\/\\\/tzionlibreria.com\\\/\",\"name\":\"tzionlibreria.com\",\"description\":\"Libreria Cristiana Venezuela\",\"publisher\":{\"@id\":\"https:\\\/\\\/tzionlibreria.com\\\/#organization\"},\"potentialAction\":[{\"@type\":\"SearchAction\",\"target\":{\"@type\":\"EntryPoint\",\"urlTemplate\":\"https:\\\/\\\/tzionlibreria.com\\\/?s={search_term_string}\"},\"query-input\":{\"@type\":\"PropertyValueSpecification\",\"valueRequired\":true,\"valueName\":\"search_term_string\"}}],\"inLanguage\":\"es-CO\"},{\"@type\":\"Organization\",\"@id\":\"https:\\\/\\\/tzionlibreria.com\\\/#organization\",\"name\":\"tzionlibreria.com\",\"url\":\"https:\\\/\\\/tzionlibreria.com\\\/\",\"logo\":{\"@type\":\"ImageObject\",\"inLanguage\":\"es-CO\",\"@id\":\"https:\\\/\\\/tzionlibreria.com\\\/#\\\/schema\\\/logo\\\/image\\\/\",\"url\":\"https:\\\/\\\/tzionlibreria.com\\\/wp-content\\\/uploads\\\/2023\\\/10\\\/cropped-Cuadricula-scaled-1.jpg\",\"contentUrl\":\"https:\\\/\\\/tzionlibreria.com\\\/wp-content\\\/uploads\\\/2023\\\/10\\\/cropped-Cuadricula-scaled-1.jpg\",\"width\":2560,\"height\":2560,\"caption\":\"tzionlibreria.com\"},\"image\":{\"@id\":\"https:\\\/\\\/tzionlibreria.com\\\/#\\\/schema\\\/logo\\\/image\\\/\"}}]}<\/script>\n<!-- \/ Yoast SEO plugin. -->","yoast_head_json":{"title":"Biblia En Acci\u00f3n Ilustrada Traducci\u00f3n Al Lenguaje Actual TLA - tzionlibreria.com","description":"Esta es una Biblia de Estudio desarrollada especialmente para el p\u00fablico joven. Son 40 p\u00e1ginas de historias ilustradas en formato c\u00f3mic. En versi\u00f3n TLA","robots":{"index":"index","follow":"follow","max-snippet":"max-snippet:-1","max-image-preview":"max-image-preview:large","max-video-preview":"max-video-preview:-1"},"canonical":"https:\/\/tzionlibreria.com\/index.php\/product\/biblia-en-accion-ilustrada-traduccion-al-lenguaje-actual-tla\/","og_locale":"es_ES","og_type":"article","og_title":"Biblia En Acci\u00f3n Ilustrada Traducci\u00f3n Al Lenguaje Actual TLA - tzionlibreria.com","og_description":"Esta es una Biblia de Estudio desarrollada especialmente para el p\u00fablico joven. Son 40 p\u00e1ginas de historias ilustradas en formato c\u00f3mic. En versi\u00f3n TLA","og_url":"https:\/\/tzionlibreria.com\/index.php\/product\/biblia-en-accion-ilustrada-traduccion-al-lenguaje-actual-tla\/","og_site_name":"tzionlibreria.com","article_modified_time":"2025-08-19T01:55:16+00:00","og_image":[{"width":1080,"height":1080,"url":"http:\/\/tzionlibreria.com\/wp-content\/uploads\/2025\/02\/27.png","type":"image\/png"}],"twitter_card":"summary_large_image","twitter_misc":{"Tiempo de lectura":"2 minutos"},"schema":{"@context":"https:\/\/schema.org","@graph":[{"@type":"WebPage","@id":"https:\/\/tzionlibreria.com\/index.php\/product\/biblia-en-accion-ilustrada-traduccion-al-lenguaje-actual-tla\/","url":"https:\/\/tzionlibreria.com\/index.php\/product\/biblia-en-accion-ilustrada-traduccion-al-lenguaje-actual-tla\/","name":"Biblia En Acci\u00f3n Ilustrada Traducci\u00f3n Al Lenguaje Actual TLA - tzionlibreria.com","isPartOf":{"@id":"https:\/\/tzionlibreria.com\/#website"},"primaryImageOfPage":{"@id":"https:\/\/tzionlibreria.com\/index.php\/product\/biblia-en-accion-ilustrada-traduccion-al-lenguaje-actual-tla\/#primaryimage"},"image":{"@id":"https:\/\/tzionlibreria.com\/index.php\/product\/biblia-en-accion-ilustrada-traduccion-al-lenguaje-actual-tla\/#primaryimage"},"thumbnailUrl":"https:\/\/tzionlibreria.com\/wp-content\/uploads\/2025\/02\/27.png","datePublished":"2025-02-07T01:19:04+00:00","dateModified":"2025-08-19T01:55:16+00:00","description":"Esta es una Biblia de Estudio desarrollada especialmente para el p\u00fablico joven. Son 40 p\u00e1ginas de historias ilustradas en formato c\u00f3mic. En versi\u00f3n TLA","breadcrumb":{"@id":"https:\/\/tzionlibreria.com\/index.php\/product\/biblia-en-accion-ilustrada-traduccion-al-lenguaje-actual-tla\/#breadcrumb"},"inLanguage":"es-CO","potentialAction":[{"@type":"ReadAction","target":["https:\/\/tzionlibreria.com\/index.php\/product\/biblia-en-accion-ilustrada-traduccion-al-lenguaje-actual-tla\/"]}]},{"@type":"ImageObject","inLanguage":"es-CO","@id":"https:\/\/tzionlibreria.com\/index.php\/product\/biblia-en-accion-ilustrada-traduccion-al-lenguaje-actual-tla\/#primaryimage","url":"https:\/\/tzionlibreria.com\/wp-content\/uploads\/2025\/02\/27.png","contentUrl":"https:\/\/tzionlibreria.com\/wp-content\/uploads\/2025\/02\/27.png","width":1080,"height":1080},{"@type":"BreadcrumbList","@id":"https:\/\/tzionlibreria.com\/index.php\/product\/biblia-en-accion-ilustrada-traduccion-al-lenguaje-actual-tla\/#breadcrumb","itemListElement":[{"@type":"ListItem","position":1,"name":"Inicio","item":"https:\/\/tzionlibreria.com\/"},{"@type":"ListItem","position":2,"name":"Shop","item":"https:\/\/tzionlibreria.com\/index.php\/shop\/"},{"@type":"ListItem","position":3,"name":"Biblia En Acci\u00f3n Ilustrada Traducci\u00f3n Al Lenguaje Actual TLA"}]},{"@type":"WebSite","@id":"https:\/\/tzionlibreria.com\/#website","url":"https:\/\/tzionlibreria.com\/","name":"tzionlibreria.com","description":"Libreria Cristiana Venezuela","publisher":{"@id":"https:\/\/tzionlibreria.com\/#organization"},"potentialAction":[{"@type":"SearchAction","target":{"@type":"EntryPoint","urlTemplate":"https:\/\/tzionlibreria.com\/?s={search_term_string}"},"query-input":{"@type":"PropertyValueSpecification","valueRequired":true,"valueName":"search_term_string"}}],"inLanguage":"es-CO"},{"@type":"Organization","@id":"https:\/\/tzionlibreria.com\/#organization","name":"tzionlibreria.com","url":"https:\/\/tzionlibreria.com\/","logo":{"@type":"ImageObject","inLanguage":"es-CO","@id":"https:\/\/tzionlibreria.com\/#\/schema\/logo\/image\/","url":"https:\/\/tzionlibreria.com\/wp-content\/uploads\/2023\/10\/cropped-Cuadricula-scaled-1.jpg","contentUrl":"https:\/\/tzionlibreria.com\/wp-content\/uploads\/2023\/10\/cropped-Cuadricula-scaled-1.jpg","width":2560,"height":2560,"caption":"tzionlibreria.com"},"image":{"@id":"https:\/\/tzionlibreria.com\/#\/schema\/logo\/image\/"}}]}},"jetpack_sharing_enabled":true,"_links":{"self":[{"href":"https:\/\/tzionlibreria.com\/index.php\/wp-json\/wp\/v2\/product\/5209","targetHints":{"allow":["GET"]}}],"collection":[{"href":"https:\/\/tzionlibreria.com\/index.php\/wp-json\/wp\/v2\/product"}],"about":[{"href":"https:\/\/tzionlibreria.com\/index.php\/wp-json\/wp\/v2\/types\/product"}],"replies":[{"embeddable":true,"href":"https:\/\/tzionlibreria.com\/index.php\/wp-json\/wp\/v2\/comments?post=5209"}],"wp:featuredmedia":[{"embeddable":true,"href":"https:\/\/tzionlibreria.com\/index.php\/wp-json\/wp\/v2\/media\/5210"}],"wp:attachment":[{"href":"https:\/\/tzionlibreria.com\/index.php\/wp-json\/wp\/v2\/media?parent=5209"}],"wp:term":[{"taxonomy":"product_brand","embeddable":true,"href":"https:\/\/tzionlibreria.com\/index.php\/wp-json\/wp\/v2\/product_brand?post=5209"},{"taxonomy":"product_cat","embeddable":true,"href":"https:\/\/tzionlibreria.com\/index.php\/wp-json\/wp\/v2\/product_cat?post=5209"},{"taxonomy":"product_tag","embeddable":true,"href":"https:\/\/tzionlibreria.com\/index.php\/wp-json\/wp\/v2\/product_tag?post=5209"}],"curies":[{"name":"wp","href":"https:\/\/api.w.org\/{rel}","templated":true}]}}