{"id":522,"date":"2023-10-07T02:26:04","date_gmt":"2023-10-07T02:26:04","guid":{"rendered":"https:\/\/tzionlibreria.com\/?post_type=product&#038;p=522"},"modified":"2025-10-27T17:10:01","modified_gmt":"2025-10-27T17:10:01","slug":"salmos-tehilim-hebreo-fonetica-espanol","status":"publish","type":"product","link":"https:\/\/tzionlibreria.com\/index.php\/product\/salmos-tehilim-hebreo-fonetica-espanol\/","title":{"rendered":"Salmos Tehilim \/ Hebreo- Fon\u00e9tica- Espa\u00f1ol"},"content":{"rendered":"<div class=\"ast-oembed-container \" style=\"height: 100%;\"><iframe title=\"Libros de Salmos \u2013 Tehilim \u2013 \u05ea\u05d4\u05dc\u05d9\u05dd\" width=\"500\" height=\"281\" src=\"https:\/\/www.youtube.com\/embed\/bOLl1Y2SHlw?feature=oembed\" frameborder=\"0\" allow=\"accelerometer; autoplay; clipboard-write; encrypted-media; gyroscope; picture-in-picture; web-share\" referrerpolicy=\"strict-origin-when-cross-origin\" allowfullscreen><\/iframe><\/div>\n<p>&nbsp;<\/p>\n<p>Casa Editorial Fundamentos de Vida ha trabajado durante varios a\u00f1os en la transliteraci\u00f3n del libro de Salmos, presentando una versi\u00f3n fiel desde el hebreo, con un espa\u00f1ol enriquecido, buen conocimiento y contenido para que el lector pueda tener una mejor comprensi\u00f3n de este libro, experimente realmente libertad, sanidad en el conocimiento que trae sanidad verdadera al cuerpo, al contenido del cuerpo y sus acciones para ser rectificados, aprender a rectificar, reconstruir donde se hubiere de reconstruir, construir donde se hubiere de construir con verdadero temor reverente y santo en su lectura diaria.<\/p>\n<p>Por siete a\u00f1os hemos participado en la investigaci\u00f3n de las ra\u00edces, los tiempos, sus conjugaciones, pues no solo es un libro espiritual sino natural desde todo contexto, pues es dirigido a un pueblo espiritual y sobre todo humano en lo que se nos demanda en comportamiento, aprendizaje en el comportamiento y sobre todo el consejo que se nos da para no repetir los errores de nuestros ancestros delante del Creador y fundador de doce tribus: IAHVEH Elohim de Israel.<\/p>\n<p>El libro de Salmos est\u00e1 compuesto de cinco libros e instruye a no cantar adoraciones sino, a ser desde la adoraci\u00f3n que es la obediencia a las palabras que llevan miles de a\u00f1os sin que un pueblo las entienda.<\/p>\n<p>Que el disfrute de conocer al Elohim del rey David, le lleve a la experiencia de conocer al mismo Rey David y pueda saber que a pesar del Rey haber fallecido hace miles de a\u00f1os, hoy experimente su consejo vivo, su celo por la Torah y su correcta obediencia, la instrucci\u00f3n y lo que ser\u00e1 el reino milenial o gran shabbat con nuestro Mashiaj Yeshua.<\/p>\n<p>&nbsp;<\/p>\n<p>Tipo de presentaci\u00f3n: Tapa dura<br \/>\nISBN: 9789584876829<br \/>\nEdici\u00f3n: Primera<br \/>\nIdioma: Hebreo imprenta \u2013 Fon\u00e9tica hebrea \u2013 Espa\u00f1ol<br \/>\nDimensiones: Alto: 240 mm \u2013 Ancho: 170 mm<br \/>\nPeso: 800 g<br \/>\nN\u00famero de cap\u00edtulos: 150<br \/>\nN\u00famero de p\u00e1ginas: 464<\/p>\n","protected":false},"excerpt":{"rendered":"<p>&nbsp; Casa Editorial Fundamentos de Vida ha trabajado durante varios a\u00f1os en la transliteraci\u00f3n del libro de Salmos, presentando una versi\u00f3n fiel desde el hebreo, con un espa\u00f1ol enriquecido, buen conocimiento y contenido para que el lector pueda tener una mejor comprensi\u00f3n de este libro, experimente realmente libertad, sanidad en el conocimiento que trae sanidad [&hellip;]<\/p>\n","protected":false},"featured_media":523,"comment_status":"open","ping_status":"closed","template":"","meta":{"om_disable_all_campaigns":false,"_monsterinsights_skip_tracking":false,"_monsterinsights_sitenote_active":false,"_monsterinsights_sitenote_note":"","_monsterinsights_sitenote_category":0,"site-sidebar-layout":"default","site-content-layout":"","ast-site-content-layout":"default","site-content-style":"default","site-sidebar-style":"default","ast-global-header-display":"","ast-banner-title-visibility":"","ast-main-header-display":"","ast-hfb-above-header-display":"","ast-hfb-below-header-display":"","ast-hfb-mobile-header-display":"","site-post-title":"","ast-breadcrumbs-content":"","ast-featured-img":"","footer-sml-layout":"","ast-disable-related-posts":"","theme-transparent-header-meta":"default","adv-header-id-meta":"","stick-header-meta":"","header-above-stick-meta":"","header-main-stick-meta":"","header-below-stick-meta":"","astra-migrate-meta-layouts":"set","ast-page-background-enabled":"default","ast-page-background-meta":{"desktop":{"background-color":"var(--ast-global-color-4)","background-image":"","background-repeat":"repeat","background-position":"center center","background-size":"auto","background-attachment":"scroll","background-type":"","background-media":"","overlay-type":"","overlay-color":"","overlay-opacity":"","overlay-gradient":""},"tablet":{"background-color":"","background-image":"","background-repeat":"repeat","background-position":"center center","background-size":"auto","background-attachment":"scroll","background-type":"","background-media":"","overlay-type":"","overlay-color":"","overlay-opacity":"","overlay-gradient":""},"mobile":{"background-color":"","background-image":"","background-repeat":"repeat","background-position":"center center","background-size":"auto","background-attachment":"scroll","background-type":"","background-media":"","overlay-type":"","overlay-color":"","overlay-opacity":"","overlay-gradient":""}},"ast-content-background-meta":{"desktop":{"background-color":"var(--ast-global-color-5)","background-image":"","background-repeat":"repeat","background-position":"center center","background-size":"auto","background-attachment":"scroll","background-type":"","background-media":"","overlay-type":"","overlay-color":"","overlay-opacity":"","overlay-gradient":""},"tablet":{"background-color":"var(--ast-global-color-5)","background-image":"","background-repeat":"repeat","background-position":"center center","background-size":"auto","background-attachment":"scroll","background-type":"","background-media":"","overlay-type":"","overlay-color":"","overlay-opacity":"","overlay-gradient":""},"mobile":{"background-color":"var(--ast-global-color-5)","background-image":"","background-repeat":"repeat","background-position":"center center","background-size":"auto","background-attachment":"scroll","background-type":"","background-media":"","overlay-type":"","overlay-color":"","overlay-opacity":"","overlay-gradient":""}}},"product_brand":[],"product_cat":[41,26],"product_tag":[],"class_list":{"0":"post-522","1":"product","2":"type-product","3":"status-publish","4":"has-post-thumbnail","6":"product_cat-raices-hebreas","7":"product_cat-teologia","8":"desktop-align-left","9":"tablet-align-left","10":"mobile-align-left","12":"first","13":"instock","14":"shipping-taxable","15":"purchasable","16":"product-type-simple"},"yoast_head":"<!-- This site is optimized with the Yoast SEO plugin v27.4 - https:\/\/yoast.com\/product\/yoast-seo-wordpress\/ -->\n<title>Salmos Tehilim \/ Hebreo- Fon\u00e9tica- Espa\u00f1ol - tzionlibreria.com<\/title>\n<meta name=\"robots\" content=\"index, follow, max-snippet:-1, max-image-preview:large, max-video-preview:-1\" \/>\n<link rel=\"canonical\" href=\"https:\/\/tzionlibreria.com\/index.php\/product\/salmos-tehilim-hebreo-fonetica-espanol\/\" \/>\n<meta property=\"og:locale\" content=\"es_ES\" \/>\n<meta property=\"og:type\" content=\"article\" \/>\n<meta property=\"og:title\" content=\"Salmos Tehilim \/ Hebreo- Fon\u00e9tica- Espa\u00f1ol - tzionlibreria.com\" \/>\n<meta property=\"og:description\" content=\"&nbsp; Casa Editorial Fundamentos de Vida ha trabajado durante varios a\u00f1os en la transliteraci\u00f3n del libro de Salmos, presentando una versi\u00f3n fiel desde el hebreo, con un espa\u00f1ol enriquecido, buen conocimiento y contenido para que el lector pueda tener una mejor comprensi\u00f3n de este libro, experimente realmente libertad, sanidad en el conocimiento que trae sanidad [&hellip;]\" \/>\n<meta property=\"og:url\" content=\"https:\/\/tzionlibreria.com\/index.php\/product\/salmos-tehilim-hebreo-fonetica-espanol\/\" \/>\n<meta property=\"og:site_name\" content=\"tzionlibreria.com\" \/>\n<meta property=\"article:modified_time\" content=\"2025-10-27T17:10:01+00:00\" \/>\n<meta property=\"og:image\" content=\"http:\/\/tzionlibreria.com\/wp-content\/uploads\/2023\/10\/D_NQ_NP_2X_711374-MLV70513176140_072023-F.webp\" \/>\n\t<meta property=\"og:image:width\" content=\"1028\" \/>\n\t<meta property=\"og:image:height\" content=\"951\" \/>\n\t<meta property=\"og:image:type\" content=\"image\/webp\" \/>\n<meta name=\"twitter:card\" content=\"summary_large_image\" \/>\n<meta name=\"twitter:label1\" content=\"Tiempo de lectura\" \/>\n\t<meta name=\"twitter:data1\" content=\"2 minutos\" \/>\n<script type=\"application\/ld+json\" class=\"yoast-schema-graph\">{\"@context\":\"https:\\\/\\\/schema.org\",\"@graph\":[{\"@type\":\"WebPage\",\"@id\":\"https:\\\/\\\/tzionlibreria.com\\\/index.php\\\/product\\\/salmos-tehilim-hebreo-fonetica-espanol\\\/\",\"url\":\"https:\\\/\\\/tzionlibreria.com\\\/index.php\\\/product\\\/salmos-tehilim-hebreo-fonetica-espanol\\\/\",\"name\":\"Salmos Tehilim \\\/ Hebreo- Fon\u00e9tica- Espa\u00f1ol - tzionlibreria.com\",\"isPartOf\":{\"@id\":\"https:\\\/\\\/tzionlibreria.com\\\/#website\"},\"primaryImageOfPage\":{\"@id\":\"https:\\\/\\\/tzionlibreria.com\\\/index.php\\\/product\\\/salmos-tehilim-hebreo-fonetica-espanol\\\/#primaryimage\"},\"image\":{\"@id\":\"https:\\\/\\\/tzionlibreria.com\\\/index.php\\\/product\\\/salmos-tehilim-hebreo-fonetica-espanol\\\/#primaryimage\"},\"thumbnailUrl\":\"https:\\\/\\\/tzionlibreria.com\\\/wp-content\\\/uploads\\\/2023\\\/10\\\/D_NQ_NP_2X_711374-MLV70513176140_072023-F.webp\",\"datePublished\":\"2023-10-07T02:26:04+00:00\",\"dateModified\":\"2025-10-27T17:10:01+00:00\",\"breadcrumb\":{\"@id\":\"https:\\\/\\\/tzionlibreria.com\\\/index.php\\\/product\\\/salmos-tehilim-hebreo-fonetica-espanol\\\/#breadcrumb\"},\"inLanguage\":\"es-CO\",\"potentialAction\":[{\"@type\":\"ReadAction\",\"target\":[\"https:\\\/\\\/tzionlibreria.com\\\/index.php\\\/product\\\/salmos-tehilim-hebreo-fonetica-espanol\\\/\"]}]},{\"@type\":\"ImageObject\",\"inLanguage\":\"es-CO\",\"@id\":\"https:\\\/\\\/tzionlibreria.com\\\/index.php\\\/product\\\/salmos-tehilim-hebreo-fonetica-espanol\\\/#primaryimage\",\"url\":\"https:\\\/\\\/tzionlibreria.com\\\/wp-content\\\/uploads\\\/2023\\\/10\\\/D_NQ_NP_2X_711374-MLV70513176140_072023-F.webp\",\"contentUrl\":\"https:\\\/\\\/tzionlibreria.com\\\/wp-content\\\/uploads\\\/2023\\\/10\\\/D_NQ_NP_2X_711374-MLV70513176140_072023-F.webp\",\"width\":1028,\"height\":951},{\"@type\":\"BreadcrumbList\",\"@id\":\"https:\\\/\\\/tzionlibreria.com\\\/index.php\\\/product\\\/salmos-tehilim-hebreo-fonetica-espanol\\\/#breadcrumb\",\"itemListElement\":[{\"@type\":\"ListItem\",\"position\":1,\"name\":\"Inicio\",\"item\":\"https:\\\/\\\/tzionlibreria.com\\\/\"},{\"@type\":\"ListItem\",\"position\":2,\"name\":\"Shop\",\"item\":\"https:\\\/\\\/tzionlibreria.com\\\/index.php\\\/shop\\\/\"},{\"@type\":\"ListItem\",\"position\":3,\"name\":\"Salmos Tehilim \\\/ Hebreo- Fon\u00e9tica- Espa\u00f1ol\"}]},{\"@type\":\"WebSite\",\"@id\":\"https:\\\/\\\/tzionlibreria.com\\\/#website\",\"url\":\"https:\\\/\\\/tzionlibreria.com\\\/\",\"name\":\"tzionlibreria.com\",\"description\":\"Libreria Cristiana Venezuela\",\"publisher\":{\"@id\":\"https:\\\/\\\/tzionlibreria.com\\\/#organization\"},\"potentialAction\":[{\"@type\":\"SearchAction\",\"target\":{\"@type\":\"EntryPoint\",\"urlTemplate\":\"https:\\\/\\\/tzionlibreria.com\\\/?s={search_term_string}\"},\"query-input\":{\"@type\":\"PropertyValueSpecification\",\"valueRequired\":true,\"valueName\":\"search_term_string\"}}],\"inLanguage\":\"es-CO\"},{\"@type\":\"Organization\",\"@id\":\"https:\\\/\\\/tzionlibreria.com\\\/#organization\",\"name\":\"tzionlibreria.com\",\"url\":\"https:\\\/\\\/tzionlibreria.com\\\/\",\"logo\":{\"@type\":\"ImageObject\",\"inLanguage\":\"es-CO\",\"@id\":\"https:\\\/\\\/tzionlibreria.com\\\/#\\\/schema\\\/logo\\\/image\\\/\",\"url\":\"https:\\\/\\\/tzionlibreria.com\\\/wp-content\\\/uploads\\\/2023\\\/10\\\/cropped-Cuadricula-scaled-1.jpg\",\"contentUrl\":\"https:\\\/\\\/tzionlibreria.com\\\/wp-content\\\/uploads\\\/2023\\\/10\\\/cropped-Cuadricula-scaled-1.jpg\",\"width\":2560,\"height\":2560,\"caption\":\"tzionlibreria.com\"},\"image\":{\"@id\":\"https:\\\/\\\/tzionlibreria.com\\\/#\\\/schema\\\/logo\\\/image\\\/\"}}]}<\/script>\n<!-- \/ Yoast SEO plugin. -->","yoast_head_json":{"title":"Salmos Tehilim \/ Hebreo- Fon\u00e9tica- Espa\u00f1ol - tzionlibreria.com","robots":{"index":"index","follow":"follow","max-snippet":"max-snippet:-1","max-image-preview":"max-image-preview:large","max-video-preview":"max-video-preview:-1"},"canonical":"https:\/\/tzionlibreria.com\/index.php\/product\/salmos-tehilim-hebreo-fonetica-espanol\/","og_locale":"es_ES","og_type":"article","og_title":"Salmos Tehilim \/ Hebreo- Fon\u00e9tica- Espa\u00f1ol - tzionlibreria.com","og_description":"&nbsp; Casa Editorial Fundamentos de Vida ha trabajado durante varios a\u00f1os en la transliteraci\u00f3n del libro de Salmos, presentando una versi\u00f3n fiel desde el hebreo, con un espa\u00f1ol enriquecido, buen conocimiento y contenido para que el lector pueda tener una mejor comprensi\u00f3n de este libro, experimente realmente libertad, sanidad en el conocimiento que trae sanidad [&hellip;]","og_url":"https:\/\/tzionlibreria.com\/index.php\/product\/salmos-tehilim-hebreo-fonetica-espanol\/","og_site_name":"tzionlibreria.com","article_modified_time":"2025-10-27T17:10:01+00:00","og_image":[{"width":1028,"height":951,"url":"http:\/\/tzionlibreria.com\/wp-content\/uploads\/2023\/10\/D_NQ_NP_2X_711374-MLV70513176140_072023-F.webp","type":"image\/webp"}],"twitter_card":"summary_large_image","twitter_misc":{"Tiempo de lectura":"2 minutos"},"schema":{"@context":"https:\/\/schema.org","@graph":[{"@type":"WebPage","@id":"https:\/\/tzionlibreria.com\/index.php\/product\/salmos-tehilim-hebreo-fonetica-espanol\/","url":"https:\/\/tzionlibreria.com\/index.php\/product\/salmos-tehilim-hebreo-fonetica-espanol\/","name":"Salmos Tehilim \/ Hebreo- Fon\u00e9tica- Espa\u00f1ol - tzionlibreria.com","isPartOf":{"@id":"https:\/\/tzionlibreria.com\/#website"},"primaryImageOfPage":{"@id":"https:\/\/tzionlibreria.com\/index.php\/product\/salmos-tehilim-hebreo-fonetica-espanol\/#primaryimage"},"image":{"@id":"https:\/\/tzionlibreria.com\/index.php\/product\/salmos-tehilim-hebreo-fonetica-espanol\/#primaryimage"},"thumbnailUrl":"https:\/\/tzionlibreria.com\/wp-content\/uploads\/2023\/10\/D_NQ_NP_2X_711374-MLV70513176140_072023-F.webp","datePublished":"2023-10-07T02:26:04+00:00","dateModified":"2025-10-27T17:10:01+00:00","breadcrumb":{"@id":"https:\/\/tzionlibreria.com\/index.php\/product\/salmos-tehilim-hebreo-fonetica-espanol\/#breadcrumb"},"inLanguage":"es-CO","potentialAction":[{"@type":"ReadAction","target":["https:\/\/tzionlibreria.com\/index.php\/product\/salmos-tehilim-hebreo-fonetica-espanol\/"]}]},{"@type":"ImageObject","inLanguage":"es-CO","@id":"https:\/\/tzionlibreria.com\/index.php\/product\/salmos-tehilim-hebreo-fonetica-espanol\/#primaryimage","url":"https:\/\/tzionlibreria.com\/wp-content\/uploads\/2023\/10\/D_NQ_NP_2X_711374-MLV70513176140_072023-F.webp","contentUrl":"https:\/\/tzionlibreria.com\/wp-content\/uploads\/2023\/10\/D_NQ_NP_2X_711374-MLV70513176140_072023-F.webp","width":1028,"height":951},{"@type":"BreadcrumbList","@id":"https:\/\/tzionlibreria.com\/index.php\/product\/salmos-tehilim-hebreo-fonetica-espanol\/#breadcrumb","itemListElement":[{"@type":"ListItem","position":1,"name":"Inicio","item":"https:\/\/tzionlibreria.com\/"},{"@type":"ListItem","position":2,"name":"Shop","item":"https:\/\/tzionlibreria.com\/index.php\/shop\/"},{"@type":"ListItem","position":3,"name":"Salmos Tehilim \/ Hebreo- Fon\u00e9tica- Espa\u00f1ol"}]},{"@type":"WebSite","@id":"https:\/\/tzionlibreria.com\/#website","url":"https:\/\/tzionlibreria.com\/","name":"tzionlibreria.com","description":"Libreria Cristiana Venezuela","publisher":{"@id":"https:\/\/tzionlibreria.com\/#organization"},"potentialAction":[{"@type":"SearchAction","target":{"@type":"EntryPoint","urlTemplate":"https:\/\/tzionlibreria.com\/?s={search_term_string}"},"query-input":{"@type":"PropertyValueSpecification","valueRequired":true,"valueName":"search_term_string"}}],"inLanguage":"es-CO"},{"@type":"Organization","@id":"https:\/\/tzionlibreria.com\/#organization","name":"tzionlibreria.com","url":"https:\/\/tzionlibreria.com\/","logo":{"@type":"ImageObject","inLanguage":"es-CO","@id":"https:\/\/tzionlibreria.com\/#\/schema\/logo\/image\/","url":"https:\/\/tzionlibreria.com\/wp-content\/uploads\/2023\/10\/cropped-Cuadricula-scaled-1.jpg","contentUrl":"https:\/\/tzionlibreria.com\/wp-content\/uploads\/2023\/10\/cropped-Cuadricula-scaled-1.jpg","width":2560,"height":2560,"caption":"tzionlibreria.com"},"image":{"@id":"https:\/\/tzionlibreria.com\/#\/schema\/logo\/image\/"}}]}},"jetpack_sharing_enabled":true,"_links":{"self":[{"href":"https:\/\/tzionlibreria.com\/index.php\/wp-json\/wp\/v2\/product\/522","targetHints":{"allow":["GET"]}}],"collection":[{"href":"https:\/\/tzionlibreria.com\/index.php\/wp-json\/wp\/v2\/product"}],"about":[{"href":"https:\/\/tzionlibreria.com\/index.php\/wp-json\/wp\/v2\/types\/product"}],"replies":[{"embeddable":true,"href":"https:\/\/tzionlibreria.com\/index.php\/wp-json\/wp\/v2\/comments?post=522"}],"wp:featuredmedia":[{"embeddable":true,"href":"https:\/\/tzionlibreria.com\/index.php\/wp-json\/wp\/v2\/media\/523"}],"wp:attachment":[{"href":"https:\/\/tzionlibreria.com\/index.php\/wp-json\/wp\/v2\/media?parent=522"}],"wp:term":[{"taxonomy":"product_brand","embeddable":true,"href":"https:\/\/tzionlibreria.com\/index.php\/wp-json\/wp\/v2\/product_brand?post=522"},{"taxonomy":"product_cat","embeddable":true,"href":"https:\/\/tzionlibreria.com\/index.php\/wp-json\/wp\/v2\/product_cat?post=522"},{"taxonomy":"product_tag","embeddable":true,"href":"https:\/\/tzionlibreria.com\/index.php\/wp-json\/wp\/v2\/product_tag?post=522"}],"curies":[{"name":"wp","href":"https:\/\/api.w.org\/{rel}","templated":true}]}}