{"id":5220,"date":"2025-02-07T01:34:33","date_gmt":"2025-02-07T01:34:33","guid":{"rendered":"https:\/\/tzionlibreria.com\/?post_type=product&#038;p=5220"},"modified":"2026-02-18T23:24:42","modified_gmt":"2026-02-18T23:24:42","slug":"biblia-de-la-predicacion-avivamiento-reina-valera-1960-letra-grande-piel-negra-indice","status":"publish","type":"product","link":"https:\/\/tzionlibreria.com\/index.php\/product\/biblia-de-la-predicacion-avivamiento-reina-valera-1960-letra-grande-piel-negra-indice\/","title":{"rendered":"Biblia de la Predicaci\u00f3n Avivamiento Reina Valera 1960 Letra Grande Piel Negra Indice"},"content":{"rendered":"<div class=\"product attribute overview\">\n<div class=\"value desplegarDesc\">\n<p><strong>Una Herramienta Indispensable para el Ejercicio del Ministerio Cristiano. Una Biblia \u00fanica, con sermones listos para predicar.<\/strong><\/p>\n<p>-La Biblia para la Predicaci\u00f3n de Avivamiento re\u00fane 1002 sermones relacionados con el texto b\u00edblico, que servir\u00e1n de apoyo y orientaci\u00f3n para pr\u00e9dicas destinadas a una gran diversidad de oyentes y ocasiones. Cada serm\u00f3n est\u00e1 subdividido en diversos temas con referencias b\u00edblicas sobre la tem\u00e1tica abordada, y posee los tres elementos fundamentales de la homil\u00e9tica (el arte de predicar): introducci\u00f3n, desarrollo y conclusi\u00f3n.<\/p>\n<p>-La publicaci\u00f3n ofrece tambi\u00e9n un curso b\u00e1sico de teolog\u00eda, que se compone de doce aspectos teol\u00f3gicos y que dar\u00e1 una breve noci\u00f3n de que es la teolog\u00eda y cu\u00e1l es su importancia para el crecimiento espiritual, intelectual y b\u00edblico de todos los estudiantes de la Sagrada Biblia. La teologia de las ayudas de estudio de esta Biblia es pentecostal.<\/p>\n<ul>\n<li>1002 Sermones b\u00edblicos destinados a una gran diversidad de oyentes y ocasiones<\/li>\n<li>Curso b\u00e1sico de teolog\u00eda pentecostal con doce temas teol\u00f3gicos \u2013<\/li>\n<li>Las diez preguntas que m\u00e1s hacen los predicadores \u2013<\/li>\n<li>Perlas para el predicador<\/li>\n<li>Diccionario b\u00edblico conciso<\/li>\n<li>Cronolog\u00eda b\u00edblica<\/li>\n<li>Lecturas para d\u00edas especiales<\/li>\n<li>Plan anual de lectura de la Biblia<\/li>\n<li>Textos famosos de la Biblia<\/li>\n<li>Plan de evangelizaci\u00f3n personal<\/li>\n<li>Concordancia b\u00edblica y tem\u00e1tica<\/li>\n<\/ul>\n<\/div>\n<\/div>\n<div class=\"content-custom-attributes\">\n<div>\n<ul>\n<li>Biblia De Estudio Para La Predicaci\u00f3n De Avivamiento, Reina Valera 1960<\/li>\n<li>Pasta en Imitaci\u00f3n piel color negro y con\u00a0caja de presentaci\u00f3n<\/li>\n<li>Tama\u00f1o grande<\/li>\n<li>Canto dorado e \u00edndice<\/li>\n<li>Tama\u00f1o de letra 10 puntos<\/li>\n<li>Doble cinta marcadora<\/li>\n<\/ul>\n<\/div>\n<div><\/div>\n<div><strong>Ayudas al lector<\/strong><\/div>\n<div><\/div>\n<div>\n<ul>\n<li>Concordancia B\u00edblica de 94 p\u00e1ginas<\/li>\n<li>Diccionario B\u00edblico Conciso de 10 p\u00e1ginas<\/li>\n<li>Cronolog\u00edas B\u00edblicas del Antiguo y Nuevo Testamento<\/li>\n<li>Lecturas Para D\u00edas Especiales<\/li>\n<li>Plan de Lectura B\u00edblica<\/li>\n<li>Textos Clave De La Biblia<\/li>\n<li>Lo Que Dice La Biblia Sobre El Perd\u00f3n<\/li>\n<\/ul>\n<p>&nbsp;<\/p>\n<p><strong>ISBN<\/strong>: 7899938412565<\/p>\n<p><strong>Dimensiones<\/strong>: 240 x 180 x 40 mm<\/p>\n<p><strong>Cubierta<\/strong>: piel color negro y con caja de presentaci\u00f3n<\/p>\n<p><strong>Idioma<\/strong>: Espa\u00f1ol<\/p>\n<\/div>\n<\/div>\n","protected":false},"excerpt":{"rendered":"<p>Una Herramienta Indispensable para el Ejercicio del Ministerio Cristiano. Una Biblia \u00fanica, con sermones listos para predicar. -La Biblia para la Predicaci\u00f3n de Avivamiento re\u00fane 1002 sermones relacionados con el texto b\u00edblico, que servir\u00e1n de apoyo y orientaci\u00f3n para pr\u00e9dicas destinadas a una gran diversidad de oyentes y ocasiones. Cada serm\u00f3n est\u00e1 subdividido en diversos [&hellip;]<\/p>\n","protected":false},"featured_media":5221,"comment_status":"open","ping_status":"closed","template":"","meta":{"om_disable_all_campaigns":false,"_monsterinsights_skip_tracking":false,"_monsterinsights_sitenote_active":false,"_monsterinsights_sitenote_note":"","_monsterinsights_sitenote_category":0,"site-sidebar-layout":"default","site-content-layout":"","ast-site-content-layout":"default","site-content-style":"default","site-sidebar-style":"default","ast-global-header-display":"","ast-banner-title-visibility":"","ast-main-header-display":"","ast-hfb-above-header-display":"","ast-hfb-below-header-display":"","ast-hfb-mobile-header-display":"","site-post-title":"","ast-breadcrumbs-content":"","ast-featured-img":"","footer-sml-layout":"","ast-disable-related-posts":"","theme-transparent-header-meta":"default","adv-header-id-meta":"","stick-header-meta":"","header-above-stick-meta":"","header-main-stick-meta":"","header-below-stick-meta":"","astra-migrate-meta-layouts":"set","ast-page-background-enabled":"default","ast-page-background-meta":{"desktop":{"background-color":"var(--ast-global-color-4)","background-image":"","background-repeat":"repeat","background-position":"center center","background-size":"auto","background-attachment":"scroll","background-type":"","background-media":"","overlay-type":"","overlay-color":"","overlay-opacity":"","overlay-gradient":""},"tablet":{"background-color":"","background-image":"","background-repeat":"repeat","background-position":"center center","background-size":"auto","background-attachment":"scroll","background-type":"","background-media":"","overlay-type":"","overlay-color":"","overlay-opacity":"","overlay-gradient":""},"mobile":{"background-color":"","background-image":"","background-repeat":"repeat","background-position":"center center","background-size":"auto","background-attachment":"scroll","background-type":"","background-media":"","overlay-type":"","overlay-color":"","overlay-opacity":"","overlay-gradient":""}},"ast-content-background-meta":{"desktop":{"background-color":"var(--ast-global-color-5)","background-image":"","background-repeat":"repeat","background-position":"center center","background-size":"auto","background-attachment":"scroll","background-type":"","background-media":"","overlay-type":"","overlay-color":"","overlay-opacity":"","overlay-gradient":""},"tablet":{"background-color":"var(--ast-global-color-5)","background-image":"","background-repeat":"repeat","background-position":"center center","background-size":"auto","background-attachment":"scroll","background-type":"","background-media":"","overlay-type":"","overlay-color":"","overlay-opacity":"","overlay-gradient":""},"mobile":{"background-color":"var(--ast-global-color-5)","background-image":"","background-repeat":"repeat","background-position":"center center","background-size":"auto","background-attachment":"scroll","background-type":"","background-media":"","overlay-type":"","overlay-color":"","overlay-opacity":"","overlay-gradient":""}}},"product_brand":[],"product_cat":[305,22,30,42],"product_tag":[95],"class_list":{"0":"post-5220","1":"product","2":"type-product","3":"status-publish","4":"has-post-thumbnail","6":"product_cat-biblia-para-ministros","7":"product_cat-biblias","8":"product_cat-biblia-de-estudio","9":"product_cat-biblias-reina-valera","10":"product_tag-predicacion","11":"desktop-align-left","12":"tablet-align-left","13":"mobile-align-left","15":"first","16":"outofstock","17":"shipping-taxable","18":"purchasable","19":"product-type-simple"},"yoast_head":"<!-- This site is optimized with the Yoast SEO plugin v27.4 - https:\/\/yoast.com\/product\/yoast-seo-wordpress\/ -->\n<title>Biblia de la Predicaci\u00f3n Avivamiento Reina Valera 1960 Letra Grande Piel Negra Indice - tzionlibreria.com<\/title>\n<meta name=\"description\" content=\"Una Herramienta Indispensable para el Ejercicio del Ministerio Cristiano. La Biblia para la Predicaci\u00f3n de Avivamiento re\u00fane 1002 sermones relacionados.\" \/>\n<meta name=\"robots\" content=\"index, follow, max-snippet:-1, max-image-preview:large, max-video-preview:-1\" \/>\n<link rel=\"canonical\" href=\"https:\/\/tzionlibreria.com\/index.php\/product\/biblia-de-la-predicacion-avivamiento-reina-valera-1960-letra-grande-piel-negra-indice\/\" \/>\n<meta property=\"og:locale\" content=\"es_ES\" \/>\n<meta property=\"og:type\" content=\"article\" \/>\n<meta property=\"og:title\" content=\"Biblia de la Predicaci\u00f3n Avivamiento Reina Valera 1960 Letra Grande Piel Negra Indice - tzionlibreria.com\" \/>\n<meta property=\"og:description\" content=\"Una Herramienta Indispensable para el Ejercicio del Ministerio Cristiano. La Biblia para la Predicaci\u00f3n de Avivamiento re\u00fane 1002 sermones relacionados.\" \/>\n<meta property=\"og:url\" content=\"https:\/\/tzionlibreria.com\/index.php\/product\/biblia-de-la-predicacion-avivamiento-reina-valera-1960-letra-grande-piel-negra-indice\/\" \/>\n<meta property=\"og:site_name\" content=\"tzionlibreria.com\" \/>\n<meta property=\"article:modified_time\" content=\"2026-02-18T23:24:42+00:00\" \/>\n<meta property=\"og:image\" content=\"http:\/\/tzionlibreria.com\/wp-content\/uploads\/2025\/02\/28.png\" \/>\n\t<meta property=\"og:image:width\" content=\"1080\" \/>\n\t<meta property=\"og:image:height\" content=\"1080\" \/>\n\t<meta property=\"og:image:type\" content=\"image\/png\" \/>\n<meta name=\"twitter:card\" content=\"summary_large_image\" \/>\n<meta name=\"twitter:label1\" content=\"Tiempo de lectura\" \/>\n\t<meta name=\"twitter:data1\" content=\"2 minutos\" \/>\n<script type=\"application\/ld+json\" class=\"yoast-schema-graph\">{\"@context\":\"https:\\\/\\\/schema.org\",\"@graph\":[{\"@type\":\"WebPage\",\"@id\":\"https:\\\/\\\/tzionlibreria.com\\\/index.php\\\/product\\\/biblia-de-la-predicacion-avivamiento-reina-valera-1960-letra-grande-piel-negra-indice\\\/\",\"url\":\"https:\\\/\\\/tzionlibreria.com\\\/index.php\\\/product\\\/biblia-de-la-predicacion-avivamiento-reina-valera-1960-letra-grande-piel-negra-indice\\\/\",\"name\":\"Biblia de la Predicaci\u00f3n Avivamiento Reina Valera 1960 Letra Grande Piel Negra Indice - tzionlibreria.com\",\"isPartOf\":{\"@id\":\"https:\\\/\\\/tzionlibreria.com\\\/#website\"},\"primaryImageOfPage\":{\"@id\":\"https:\\\/\\\/tzionlibreria.com\\\/index.php\\\/product\\\/biblia-de-la-predicacion-avivamiento-reina-valera-1960-letra-grande-piel-negra-indice\\\/#primaryimage\"},\"image\":{\"@id\":\"https:\\\/\\\/tzionlibreria.com\\\/index.php\\\/product\\\/biblia-de-la-predicacion-avivamiento-reina-valera-1960-letra-grande-piel-negra-indice\\\/#primaryimage\"},\"thumbnailUrl\":\"https:\\\/\\\/tzionlibreria.com\\\/wp-content\\\/uploads\\\/2025\\\/02\\\/28.png\",\"datePublished\":\"2025-02-07T01:34:33+00:00\",\"dateModified\":\"2026-02-18T23:24:42+00:00\",\"description\":\"Una Herramienta Indispensable para el Ejercicio del Ministerio Cristiano. La Biblia para la Predicaci\u00f3n de Avivamiento re\u00fane 1002 sermones relacionados.\",\"breadcrumb\":{\"@id\":\"https:\\\/\\\/tzionlibreria.com\\\/index.php\\\/product\\\/biblia-de-la-predicacion-avivamiento-reina-valera-1960-letra-grande-piel-negra-indice\\\/#breadcrumb\"},\"inLanguage\":\"es-CO\",\"potentialAction\":[{\"@type\":\"ReadAction\",\"target\":[\"https:\\\/\\\/tzionlibreria.com\\\/index.php\\\/product\\\/biblia-de-la-predicacion-avivamiento-reina-valera-1960-letra-grande-piel-negra-indice\\\/\"]}]},{\"@type\":\"ImageObject\",\"inLanguage\":\"es-CO\",\"@id\":\"https:\\\/\\\/tzionlibreria.com\\\/index.php\\\/product\\\/biblia-de-la-predicacion-avivamiento-reina-valera-1960-letra-grande-piel-negra-indice\\\/#primaryimage\",\"url\":\"https:\\\/\\\/tzionlibreria.com\\\/wp-content\\\/uploads\\\/2025\\\/02\\\/28.png\",\"contentUrl\":\"https:\\\/\\\/tzionlibreria.com\\\/wp-content\\\/uploads\\\/2025\\\/02\\\/28.png\",\"width\":1080,\"height\":1080},{\"@type\":\"BreadcrumbList\",\"@id\":\"https:\\\/\\\/tzionlibreria.com\\\/index.php\\\/product\\\/biblia-de-la-predicacion-avivamiento-reina-valera-1960-letra-grande-piel-negra-indice\\\/#breadcrumb\",\"itemListElement\":[{\"@type\":\"ListItem\",\"position\":1,\"name\":\"Inicio\",\"item\":\"https:\\\/\\\/tzionlibreria.com\\\/\"},{\"@type\":\"ListItem\",\"position\":2,\"name\":\"Shop\",\"item\":\"https:\\\/\\\/tzionlibreria.com\\\/index.php\\\/shop\\\/\"},{\"@type\":\"ListItem\",\"position\":3,\"name\":\"Biblia de la Predicaci\u00f3n Avivamiento Reina Valera 1960 Letra Grande Piel Negra Indice\"}]},{\"@type\":\"WebSite\",\"@id\":\"https:\\\/\\\/tzionlibreria.com\\\/#website\",\"url\":\"https:\\\/\\\/tzionlibreria.com\\\/\",\"name\":\"tzionlibreria.com\",\"description\":\"Libreria Cristiana Venezuela\",\"publisher\":{\"@id\":\"https:\\\/\\\/tzionlibreria.com\\\/#organization\"},\"potentialAction\":[{\"@type\":\"SearchAction\",\"target\":{\"@type\":\"EntryPoint\",\"urlTemplate\":\"https:\\\/\\\/tzionlibreria.com\\\/?s={search_term_string}\"},\"query-input\":{\"@type\":\"PropertyValueSpecification\",\"valueRequired\":true,\"valueName\":\"search_term_string\"}}],\"inLanguage\":\"es-CO\"},{\"@type\":\"Organization\",\"@id\":\"https:\\\/\\\/tzionlibreria.com\\\/#organization\",\"name\":\"tzionlibreria.com\",\"url\":\"https:\\\/\\\/tzionlibreria.com\\\/\",\"logo\":{\"@type\":\"ImageObject\",\"inLanguage\":\"es-CO\",\"@id\":\"https:\\\/\\\/tzionlibreria.com\\\/#\\\/schema\\\/logo\\\/image\\\/\",\"url\":\"https:\\\/\\\/tzionlibreria.com\\\/wp-content\\\/uploads\\\/2023\\\/10\\\/cropped-Cuadricula-scaled-1.jpg\",\"contentUrl\":\"https:\\\/\\\/tzionlibreria.com\\\/wp-content\\\/uploads\\\/2023\\\/10\\\/cropped-Cuadricula-scaled-1.jpg\",\"width\":2560,\"height\":2560,\"caption\":\"tzionlibreria.com\"},\"image\":{\"@id\":\"https:\\\/\\\/tzionlibreria.com\\\/#\\\/schema\\\/logo\\\/image\\\/\"}}]}<\/script>\n<!-- \/ Yoast SEO plugin. -->","yoast_head_json":{"title":"Biblia de la Predicaci\u00f3n Avivamiento Reina Valera 1960 Letra Grande Piel Negra Indice - tzionlibreria.com","description":"Una Herramienta Indispensable para el Ejercicio del Ministerio Cristiano. La Biblia para la Predicaci\u00f3n de Avivamiento re\u00fane 1002 sermones relacionados.","robots":{"index":"index","follow":"follow","max-snippet":"max-snippet:-1","max-image-preview":"max-image-preview:large","max-video-preview":"max-video-preview:-1"},"canonical":"https:\/\/tzionlibreria.com\/index.php\/product\/biblia-de-la-predicacion-avivamiento-reina-valera-1960-letra-grande-piel-negra-indice\/","og_locale":"es_ES","og_type":"article","og_title":"Biblia de la Predicaci\u00f3n Avivamiento Reina Valera 1960 Letra Grande Piel Negra Indice - tzionlibreria.com","og_description":"Una Herramienta Indispensable para el Ejercicio del Ministerio Cristiano. La Biblia para la Predicaci\u00f3n de Avivamiento re\u00fane 1002 sermones relacionados.","og_url":"https:\/\/tzionlibreria.com\/index.php\/product\/biblia-de-la-predicacion-avivamiento-reina-valera-1960-letra-grande-piel-negra-indice\/","og_site_name":"tzionlibreria.com","article_modified_time":"2026-02-18T23:24:42+00:00","og_image":[{"width":1080,"height":1080,"url":"http:\/\/tzionlibreria.com\/wp-content\/uploads\/2025\/02\/28.png","type":"image\/png"}],"twitter_card":"summary_large_image","twitter_misc":{"Tiempo de lectura":"2 minutos"},"schema":{"@context":"https:\/\/schema.org","@graph":[{"@type":"WebPage","@id":"https:\/\/tzionlibreria.com\/index.php\/product\/biblia-de-la-predicacion-avivamiento-reina-valera-1960-letra-grande-piel-negra-indice\/","url":"https:\/\/tzionlibreria.com\/index.php\/product\/biblia-de-la-predicacion-avivamiento-reina-valera-1960-letra-grande-piel-negra-indice\/","name":"Biblia de la Predicaci\u00f3n Avivamiento Reina Valera 1960 Letra Grande Piel Negra Indice - tzionlibreria.com","isPartOf":{"@id":"https:\/\/tzionlibreria.com\/#website"},"primaryImageOfPage":{"@id":"https:\/\/tzionlibreria.com\/index.php\/product\/biblia-de-la-predicacion-avivamiento-reina-valera-1960-letra-grande-piel-negra-indice\/#primaryimage"},"image":{"@id":"https:\/\/tzionlibreria.com\/index.php\/product\/biblia-de-la-predicacion-avivamiento-reina-valera-1960-letra-grande-piel-negra-indice\/#primaryimage"},"thumbnailUrl":"https:\/\/tzionlibreria.com\/wp-content\/uploads\/2025\/02\/28.png","datePublished":"2025-02-07T01:34:33+00:00","dateModified":"2026-02-18T23:24:42+00:00","description":"Una Herramienta Indispensable para el Ejercicio del Ministerio Cristiano. La Biblia para la Predicaci\u00f3n de Avivamiento re\u00fane 1002 sermones relacionados.","breadcrumb":{"@id":"https:\/\/tzionlibreria.com\/index.php\/product\/biblia-de-la-predicacion-avivamiento-reina-valera-1960-letra-grande-piel-negra-indice\/#breadcrumb"},"inLanguage":"es-CO","potentialAction":[{"@type":"ReadAction","target":["https:\/\/tzionlibreria.com\/index.php\/product\/biblia-de-la-predicacion-avivamiento-reina-valera-1960-letra-grande-piel-negra-indice\/"]}]},{"@type":"ImageObject","inLanguage":"es-CO","@id":"https:\/\/tzionlibreria.com\/index.php\/product\/biblia-de-la-predicacion-avivamiento-reina-valera-1960-letra-grande-piel-negra-indice\/#primaryimage","url":"https:\/\/tzionlibreria.com\/wp-content\/uploads\/2025\/02\/28.png","contentUrl":"https:\/\/tzionlibreria.com\/wp-content\/uploads\/2025\/02\/28.png","width":1080,"height":1080},{"@type":"BreadcrumbList","@id":"https:\/\/tzionlibreria.com\/index.php\/product\/biblia-de-la-predicacion-avivamiento-reina-valera-1960-letra-grande-piel-negra-indice\/#breadcrumb","itemListElement":[{"@type":"ListItem","position":1,"name":"Inicio","item":"https:\/\/tzionlibreria.com\/"},{"@type":"ListItem","position":2,"name":"Shop","item":"https:\/\/tzionlibreria.com\/index.php\/shop\/"},{"@type":"ListItem","position":3,"name":"Biblia de la Predicaci\u00f3n Avivamiento Reina Valera 1960 Letra Grande Piel Negra Indice"}]},{"@type":"WebSite","@id":"https:\/\/tzionlibreria.com\/#website","url":"https:\/\/tzionlibreria.com\/","name":"tzionlibreria.com","description":"Libreria Cristiana Venezuela","publisher":{"@id":"https:\/\/tzionlibreria.com\/#organization"},"potentialAction":[{"@type":"SearchAction","target":{"@type":"EntryPoint","urlTemplate":"https:\/\/tzionlibreria.com\/?s={search_term_string}"},"query-input":{"@type":"PropertyValueSpecification","valueRequired":true,"valueName":"search_term_string"}}],"inLanguage":"es-CO"},{"@type":"Organization","@id":"https:\/\/tzionlibreria.com\/#organization","name":"tzionlibreria.com","url":"https:\/\/tzionlibreria.com\/","logo":{"@type":"ImageObject","inLanguage":"es-CO","@id":"https:\/\/tzionlibreria.com\/#\/schema\/logo\/image\/","url":"https:\/\/tzionlibreria.com\/wp-content\/uploads\/2023\/10\/cropped-Cuadricula-scaled-1.jpg","contentUrl":"https:\/\/tzionlibreria.com\/wp-content\/uploads\/2023\/10\/cropped-Cuadricula-scaled-1.jpg","width":2560,"height":2560,"caption":"tzionlibreria.com"},"image":{"@id":"https:\/\/tzionlibreria.com\/#\/schema\/logo\/image\/"}}]}},"jetpack_sharing_enabled":true,"_links":{"self":[{"href":"https:\/\/tzionlibreria.com\/index.php\/wp-json\/wp\/v2\/product\/5220","targetHints":{"allow":["GET"]}}],"collection":[{"href":"https:\/\/tzionlibreria.com\/index.php\/wp-json\/wp\/v2\/product"}],"about":[{"href":"https:\/\/tzionlibreria.com\/index.php\/wp-json\/wp\/v2\/types\/product"}],"replies":[{"embeddable":true,"href":"https:\/\/tzionlibreria.com\/index.php\/wp-json\/wp\/v2\/comments?post=5220"}],"wp:featuredmedia":[{"embeddable":true,"href":"https:\/\/tzionlibreria.com\/index.php\/wp-json\/wp\/v2\/media\/5221"}],"wp:attachment":[{"href":"https:\/\/tzionlibreria.com\/index.php\/wp-json\/wp\/v2\/media?parent=5220"}],"wp:term":[{"taxonomy":"product_brand","embeddable":true,"href":"https:\/\/tzionlibreria.com\/index.php\/wp-json\/wp\/v2\/product_brand?post=5220"},{"taxonomy":"product_cat","embeddable":true,"href":"https:\/\/tzionlibreria.com\/index.php\/wp-json\/wp\/v2\/product_cat?post=5220"},{"taxonomy":"product_tag","embeddable":true,"href":"https:\/\/tzionlibreria.com\/index.php\/wp-json\/wp\/v2\/product_tag?post=5220"}],"curies":[{"name":"wp","href":"https:\/\/api.w.org\/{rel}","templated":true}]}}