{"id":528,"date":"2023-10-07T02:28:36","date_gmt":"2023-10-07T02:28:36","guid":{"rendered":"https:\/\/tzionlibreria.com\/?post_type=product&#038;p=528"},"modified":"2025-12-17T14:29:51","modified_gmt":"2025-12-17T14:29:51","slug":"biblia-de-estudio-macarthur-reina-valera-1960-tapa-blanda","status":"publish","type":"product","link":"https:\/\/tzionlibreria.com\/index.php\/product\/biblia-de-estudio-macarthur-reina-valera-1960-tapa-blanda\/","title":{"rendered":"Biblia De Estudio Macarthur Reina Valera 1960 Tapa Blanda"},"content":{"rendered":"<div class=\"ast-oembed-container \" style=\"height: 100%;\"><iframe title=\"Biblia de Estudio Macarthur RVR60 Tapa Blanda\" width=\"500\" height=\"281\" src=\"https:\/\/www.youtube.com\/embed\/b9mvcuIpq54?feature=oembed\" frameborder=\"0\" allow=\"accelerometer; autoplay; clipboard-write; encrypted-media; gyroscope; picture-in-picture; web-share\" referrerpolicy=\"strict-origin-when-cross-origin\" allowfullscreen><\/iframe><\/div>\n<p>&nbsp;<\/p>\n<p>El conocido pastor John MacArthur ofrece a trav\u00e9s de esta Biblia, m\u00e1s de 20,000 notas de estudio personal, producto de 40 a\u00f1os de investigaci\u00f3n exeg\u00e9tica y de interpretaci\u00f3n, con la finalidad de aclarar pasajes complejos, explicar a detalle y con fundamento, palabras que son de inter\u00e9s en el \u00e1rea teol\u00f3gica.<\/p>\n<p>La RVR 1960 Biblia de estudio MacArthur es por excelencia, la m\u00e1s respetada en toda Europa y el Continente Americano. Su exposici\u00f3n de sana doctrina y pensamientos b\u00edblicos precisos, hacen de este ejemplar un recurso invaluable en la vida cristiana.<\/p>\n<p>A trav\u00e9s de la versi\u00f3n Reina Valera 1960, el lector descubrir\u00e1 recursos valiosos que ninguna otra Biblia de estudio ofrece.<\/p>\n<p>Incluye:<\/p>\n<p>-\u00cdndice de contenido amplio.<br \/>\n-C\u00f3mo obtuvimos la Biblia.<br \/>\n-C\u00f3mo estudiar la Biblia.<br \/>\n-La Reina de las versiones en castellano.<br \/>\n-Introducci\u00f3n detallada a cada libro (incluyendo retos de interpretaci\u00f3n).<br \/>\n-Bosquejo completo del libro, tema por tema.<br \/>\n-Introducciones por bloques de libros.<br \/>\n-Armon\u00eda de los Evangelios.<br \/>\n-Armon\u00eda de los libros de Samuel, Reyes y Cr\u00f3nicas en orden cronol\u00f3gico.<br \/>\n-Mapas.<br \/>\n-Esquemas.<br \/>\n-Referencias cruzadas.<br \/>\n-Comentario Exeg\u00e9tico de todo el texto b\u00edblico al pie de p\u00e1gina.<br \/>\n-\u00cdndice tem\u00e1tico.<br \/>\n-Introducci\u00f3n al Per\u00edodo Inter testamentario.<br \/>\n-Estudio Panor\u00e1mico de Teolog\u00eda.<br \/>\n-Art\u00edculos de John MacArthur.<br \/>\n-Tama\u00f1o de letra 9 puntos.<\/p>\n<p>&nbsp;<\/p>\n<p><strong>ISBN<\/strong>: 9781602559394<br \/>\n<strong>Dimensiones<\/strong>: 157 x 232 x 37 mm<br \/>\n<strong>Peso<\/strong>: 0,680kg<br \/>\n<strong>Cubierta<\/strong>: R\u00fastica<br \/>\n<strong>N\u00famero de p\u00e1ginas<\/strong>: 2112<br \/>\n<strong>Idioma<\/strong>: Espa\u00f1ol<\/p>\n","protected":false},"excerpt":{"rendered":"<p>&nbsp; El conocido pastor John MacArthur ofrece a trav\u00e9s de esta Biblia, m\u00e1s de 20,000 notas de estudio personal, producto de 40 a\u00f1os de investigaci\u00f3n exeg\u00e9tica y de interpretaci\u00f3n, con la finalidad de aclarar pasajes complejos, explicar a detalle y con fundamento, palabras que son de inter\u00e9s en el \u00e1rea teol\u00f3gica. La RVR 1960 Biblia [&hellip;]<\/p>\n","protected":false},"featured_media":529,"comment_status":"open","ping_status":"closed","template":"","meta":{"om_disable_all_campaigns":false,"_monsterinsights_skip_tracking":false,"_monsterinsights_sitenote_active":false,"_monsterinsights_sitenote_note":"","_monsterinsights_sitenote_category":0,"site-sidebar-layout":"default","site-content-layout":"","ast-site-content-layout":"default","site-content-style":"default","site-sidebar-style":"default","ast-global-header-display":"","ast-banner-title-visibility":"","ast-main-header-display":"","ast-hfb-above-header-display":"","ast-hfb-below-header-display":"","ast-hfb-mobile-header-display":"","site-post-title":"","ast-breadcrumbs-content":"","ast-featured-img":"","footer-sml-layout":"","ast-disable-related-posts":"","theme-transparent-header-meta":"default","adv-header-id-meta":"","stick-header-meta":"","header-above-stick-meta":"","header-main-stick-meta":"","header-below-stick-meta":"","astra-migrate-meta-layouts":"set","ast-page-background-enabled":"default","ast-page-background-meta":{"desktop":{"background-color":"var(--ast-global-color-4)","background-image":"","background-repeat":"repeat","background-position":"center center","background-size":"auto","background-attachment":"scroll","background-type":"","background-media":"","overlay-type":"","overlay-color":"","overlay-opacity":"","overlay-gradient":""},"tablet":{"background-color":"","background-image":"","background-repeat":"repeat","background-position":"center center","background-size":"auto","background-attachment":"scroll","background-type":"","background-media":"","overlay-type":"","overlay-color":"","overlay-opacity":"","overlay-gradient":""},"mobile":{"background-color":"","background-image":"","background-repeat":"repeat","background-position":"center center","background-size":"auto","background-attachment":"scroll","background-type":"","background-media":"","overlay-type":"","overlay-color":"","overlay-opacity":"","overlay-gradient":""}},"ast-content-background-meta":{"desktop":{"background-color":"var(--ast-global-color-5)","background-image":"","background-repeat":"repeat","background-position":"center center","background-size":"auto","background-attachment":"scroll","background-type":"","background-media":"","overlay-type":"","overlay-color":"","overlay-opacity":"","overlay-gradient":""},"tablet":{"background-color":"var(--ast-global-color-5)","background-image":"","background-repeat":"repeat","background-position":"center center","background-size":"auto","background-attachment":"scroll","background-type":"","background-media":"","overlay-type":"","overlay-color":"","overlay-opacity":"","overlay-gradient":""},"mobile":{"background-color":"var(--ast-global-color-5)","background-image":"","background-repeat":"repeat","background-position":"center center","background-size":"auto","background-attachment":"scroll","background-type":"","background-media":"","overlay-type":"","overlay-color":"","overlay-opacity":"","overlay-gradient":""}}},"product_brand":[],"product_cat":[22,30,42],"product_tag":[59],"class_list":{"0":"post-528","1":"product","2":"type-product","3":"status-publish","4":"has-post-thumbnail","6":"product_cat-biblias","7":"product_cat-biblia-de-estudio","8":"product_cat-biblias-reina-valera","9":"product_tag-macarthur","10":"desktop-align-left","11":"tablet-align-left","12":"mobile-align-left","14":"first","15":"instock","16":"shipping-taxable","17":"purchasable","18":"product-type-simple"},"yoast_head":"<!-- This site is optimized with the Yoast SEO plugin v27.4 - https:\/\/yoast.com\/product\/yoast-seo-wordpress\/ -->\n<title>Biblia De Estudio Macarthur Reina Valera 1960 Tapa Blanda - tzionlibreria.com<\/title>\n<meta name=\"description\" content=\"Biblia de estudio MacArthur es por excelencia, la m\u00e1s respetada , su exposici\u00f3n de sana doctrina y pensamientos b\u00edblicos precisos.\" \/>\n<meta name=\"robots\" content=\"index, follow, max-snippet:-1, max-image-preview:large, max-video-preview:-1\" \/>\n<link rel=\"canonical\" href=\"https:\/\/tzionlibreria.com\/index.php\/product\/biblia-de-estudio-macarthur-reina-valera-1960-tapa-blanda\/\" \/>\n<meta property=\"og:locale\" content=\"es_ES\" \/>\n<meta property=\"og:type\" content=\"article\" \/>\n<meta property=\"og:title\" content=\"Biblia De Estudio Macarthur Reina Valera 1960 Tapa Blanda - tzionlibreria.com\" \/>\n<meta property=\"og:description\" content=\"Biblia de estudio MacArthur es por excelencia, la m\u00e1s respetada , su exposici\u00f3n de sana doctrina y pensamientos b\u00edblicos precisos.\" \/>\n<meta property=\"og:url\" content=\"https:\/\/tzionlibreria.com\/index.php\/product\/biblia-de-estudio-macarthur-reina-valera-1960-tapa-blanda\/\" \/>\n<meta property=\"og:site_name\" content=\"tzionlibreria.com\" \/>\n<meta property=\"article:modified_time\" content=\"2025-12-17T14:29:51+00:00\" \/>\n<meta property=\"og:image\" content=\"http:\/\/tzionlibreria.com\/wp-content\/uploads\/2023\/10\/D_NQ_NP_2X_680074-MLV51624350643_092022-F.webp\" \/>\n\t<meta property=\"og:image:width\" content=\"1073\" \/>\n\t<meta property=\"og:image:height\" content=\"988\" \/>\n\t<meta property=\"og:image:type\" content=\"image\/webp\" \/>\n<meta name=\"twitter:card\" content=\"summary_large_image\" \/>\n<meta name=\"twitter:label1\" content=\"Tiempo de lectura\" \/>\n\t<meta name=\"twitter:data1\" content=\"2 minutos\" \/>\n<script type=\"application\/ld+json\" class=\"yoast-schema-graph\">{\"@context\":\"https:\\\/\\\/schema.org\",\"@graph\":[{\"@type\":\"WebPage\",\"@id\":\"https:\\\/\\\/tzionlibreria.com\\\/index.php\\\/product\\\/biblia-de-estudio-macarthur-reina-valera-1960-tapa-blanda\\\/\",\"url\":\"https:\\\/\\\/tzionlibreria.com\\\/index.php\\\/product\\\/biblia-de-estudio-macarthur-reina-valera-1960-tapa-blanda\\\/\",\"name\":\"Biblia De Estudio Macarthur Reina Valera 1960 Tapa Blanda - tzionlibreria.com\",\"isPartOf\":{\"@id\":\"https:\\\/\\\/tzionlibreria.com\\\/#website\"},\"primaryImageOfPage\":{\"@id\":\"https:\\\/\\\/tzionlibreria.com\\\/index.php\\\/product\\\/biblia-de-estudio-macarthur-reina-valera-1960-tapa-blanda\\\/#primaryimage\"},\"image\":{\"@id\":\"https:\\\/\\\/tzionlibreria.com\\\/index.php\\\/product\\\/biblia-de-estudio-macarthur-reina-valera-1960-tapa-blanda\\\/#primaryimage\"},\"thumbnailUrl\":\"https:\\\/\\\/tzionlibreria.com\\\/wp-content\\\/uploads\\\/2023\\\/10\\\/D_NQ_NP_2X_680074-MLV51624350643_092022-F.webp\",\"datePublished\":\"2023-10-07T02:28:36+00:00\",\"dateModified\":\"2025-12-17T14:29:51+00:00\",\"description\":\"Biblia de estudio MacArthur es por excelencia, la m\u00e1s respetada , su exposici\u00f3n de sana doctrina y pensamientos b\u00edblicos precisos.\",\"breadcrumb\":{\"@id\":\"https:\\\/\\\/tzionlibreria.com\\\/index.php\\\/product\\\/biblia-de-estudio-macarthur-reina-valera-1960-tapa-blanda\\\/#breadcrumb\"},\"inLanguage\":\"es-CO\",\"potentialAction\":[{\"@type\":\"ReadAction\",\"target\":[\"https:\\\/\\\/tzionlibreria.com\\\/index.php\\\/product\\\/biblia-de-estudio-macarthur-reina-valera-1960-tapa-blanda\\\/\"]}]},{\"@type\":\"ImageObject\",\"inLanguage\":\"es-CO\",\"@id\":\"https:\\\/\\\/tzionlibreria.com\\\/index.php\\\/product\\\/biblia-de-estudio-macarthur-reina-valera-1960-tapa-blanda\\\/#primaryimage\",\"url\":\"https:\\\/\\\/tzionlibreria.com\\\/wp-content\\\/uploads\\\/2023\\\/10\\\/D_NQ_NP_2X_680074-MLV51624350643_092022-F.webp\",\"contentUrl\":\"https:\\\/\\\/tzionlibreria.com\\\/wp-content\\\/uploads\\\/2023\\\/10\\\/D_NQ_NP_2X_680074-MLV51624350643_092022-F.webp\",\"width\":1073,\"height\":988},{\"@type\":\"BreadcrumbList\",\"@id\":\"https:\\\/\\\/tzionlibreria.com\\\/index.php\\\/product\\\/biblia-de-estudio-macarthur-reina-valera-1960-tapa-blanda\\\/#breadcrumb\",\"itemListElement\":[{\"@type\":\"ListItem\",\"position\":1,\"name\":\"Inicio\",\"item\":\"https:\\\/\\\/tzionlibreria.com\\\/\"},{\"@type\":\"ListItem\",\"position\":2,\"name\":\"Shop\",\"item\":\"https:\\\/\\\/tzionlibreria.com\\\/index.php\\\/shop\\\/\"},{\"@type\":\"ListItem\",\"position\":3,\"name\":\"Biblia De Estudio Macarthur Reina Valera 1960 Tapa Blanda\"}]},{\"@type\":\"WebSite\",\"@id\":\"https:\\\/\\\/tzionlibreria.com\\\/#website\",\"url\":\"https:\\\/\\\/tzionlibreria.com\\\/\",\"name\":\"tzionlibreria.com\",\"description\":\"Libreria Cristiana Venezuela\",\"publisher\":{\"@id\":\"https:\\\/\\\/tzionlibreria.com\\\/#organization\"},\"potentialAction\":[{\"@type\":\"SearchAction\",\"target\":{\"@type\":\"EntryPoint\",\"urlTemplate\":\"https:\\\/\\\/tzionlibreria.com\\\/?s={search_term_string}\"},\"query-input\":{\"@type\":\"PropertyValueSpecification\",\"valueRequired\":true,\"valueName\":\"search_term_string\"}}],\"inLanguage\":\"es-CO\"},{\"@type\":\"Organization\",\"@id\":\"https:\\\/\\\/tzionlibreria.com\\\/#organization\",\"name\":\"tzionlibreria.com\",\"url\":\"https:\\\/\\\/tzionlibreria.com\\\/\",\"logo\":{\"@type\":\"ImageObject\",\"inLanguage\":\"es-CO\",\"@id\":\"https:\\\/\\\/tzionlibreria.com\\\/#\\\/schema\\\/logo\\\/image\\\/\",\"url\":\"https:\\\/\\\/tzionlibreria.com\\\/wp-content\\\/uploads\\\/2023\\\/10\\\/cropped-Cuadricula-scaled-1.jpg\",\"contentUrl\":\"https:\\\/\\\/tzionlibreria.com\\\/wp-content\\\/uploads\\\/2023\\\/10\\\/cropped-Cuadricula-scaled-1.jpg\",\"width\":2560,\"height\":2560,\"caption\":\"tzionlibreria.com\"},\"image\":{\"@id\":\"https:\\\/\\\/tzionlibreria.com\\\/#\\\/schema\\\/logo\\\/image\\\/\"}}]}<\/script>\n<!-- \/ Yoast SEO plugin. -->","yoast_head_json":{"title":"Biblia De Estudio Macarthur Reina Valera 1960 Tapa Blanda - tzionlibreria.com","description":"Biblia de estudio MacArthur es por excelencia, la m\u00e1s respetada , su exposici\u00f3n de sana doctrina y pensamientos b\u00edblicos precisos.","robots":{"index":"index","follow":"follow","max-snippet":"max-snippet:-1","max-image-preview":"max-image-preview:large","max-video-preview":"max-video-preview:-1"},"canonical":"https:\/\/tzionlibreria.com\/index.php\/product\/biblia-de-estudio-macarthur-reina-valera-1960-tapa-blanda\/","og_locale":"es_ES","og_type":"article","og_title":"Biblia De Estudio Macarthur Reina Valera 1960 Tapa Blanda - tzionlibreria.com","og_description":"Biblia de estudio MacArthur es por excelencia, la m\u00e1s respetada , su exposici\u00f3n de sana doctrina y pensamientos b\u00edblicos precisos.","og_url":"https:\/\/tzionlibreria.com\/index.php\/product\/biblia-de-estudio-macarthur-reina-valera-1960-tapa-blanda\/","og_site_name":"tzionlibreria.com","article_modified_time":"2025-12-17T14:29:51+00:00","og_image":[{"width":1073,"height":988,"url":"http:\/\/tzionlibreria.com\/wp-content\/uploads\/2023\/10\/D_NQ_NP_2X_680074-MLV51624350643_092022-F.webp","type":"image\/webp"}],"twitter_card":"summary_large_image","twitter_misc":{"Tiempo de lectura":"2 minutos"},"schema":{"@context":"https:\/\/schema.org","@graph":[{"@type":"WebPage","@id":"https:\/\/tzionlibreria.com\/index.php\/product\/biblia-de-estudio-macarthur-reina-valera-1960-tapa-blanda\/","url":"https:\/\/tzionlibreria.com\/index.php\/product\/biblia-de-estudio-macarthur-reina-valera-1960-tapa-blanda\/","name":"Biblia De Estudio Macarthur Reina Valera 1960 Tapa Blanda - tzionlibreria.com","isPartOf":{"@id":"https:\/\/tzionlibreria.com\/#website"},"primaryImageOfPage":{"@id":"https:\/\/tzionlibreria.com\/index.php\/product\/biblia-de-estudio-macarthur-reina-valera-1960-tapa-blanda\/#primaryimage"},"image":{"@id":"https:\/\/tzionlibreria.com\/index.php\/product\/biblia-de-estudio-macarthur-reina-valera-1960-tapa-blanda\/#primaryimage"},"thumbnailUrl":"https:\/\/tzionlibreria.com\/wp-content\/uploads\/2023\/10\/D_NQ_NP_2X_680074-MLV51624350643_092022-F.webp","datePublished":"2023-10-07T02:28:36+00:00","dateModified":"2025-12-17T14:29:51+00:00","description":"Biblia de estudio MacArthur es por excelencia, la m\u00e1s respetada , su exposici\u00f3n de sana doctrina y pensamientos b\u00edblicos precisos.","breadcrumb":{"@id":"https:\/\/tzionlibreria.com\/index.php\/product\/biblia-de-estudio-macarthur-reina-valera-1960-tapa-blanda\/#breadcrumb"},"inLanguage":"es-CO","potentialAction":[{"@type":"ReadAction","target":["https:\/\/tzionlibreria.com\/index.php\/product\/biblia-de-estudio-macarthur-reina-valera-1960-tapa-blanda\/"]}]},{"@type":"ImageObject","inLanguage":"es-CO","@id":"https:\/\/tzionlibreria.com\/index.php\/product\/biblia-de-estudio-macarthur-reina-valera-1960-tapa-blanda\/#primaryimage","url":"https:\/\/tzionlibreria.com\/wp-content\/uploads\/2023\/10\/D_NQ_NP_2X_680074-MLV51624350643_092022-F.webp","contentUrl":"https:\/\/tzionlibreria.com\/wp-content\/uploads\/2023\/10\/D_NQ_NP_2X_680074-MLV51624350643_092022-F.webp","width":1073,"height":988},{"@type":"BreadcrumbList","@id":"https:\/\/tzionlibreria.com\/index.php\/product\/biblia-de-estudio-macarthur-reina-valera-1960-tapa-blanda\/#breadcrumb","itemListElement":[{"@type":"ListItem","position":1,"name":"Inicio","item":"https:\/\/tzionlibreria.com\/"},{"@type":"ListItem","position":2,"name":"Shop","item":"https:\/\/tzionlibreria.com\/index.php\/shop\/"},{"@type":"ListItem","position":3,"name":"Biblia De Estudio Macarthur Reina Valera 1960 Tapa Blanda"}]},{"@type":"WebSite","@id":"https:\/\/tzionlibreria.com\/#website","url":"https:\/\/tzionlibreria.com\/","name":"tzionlibreria.com","description":"Libreria Cristiana Venezuela","publisher":{"@id":"https:\/\/tzionlibreria.com\/#organization"},"potentialAction":[{"@type":"SearchAction","target":{"@type":"EntryPoint","urlTemplate":"https:\/\/tzionlibreria.com\/?s={search_term_string}"},"query-input":{"@type":"PropertyValueSpecification","valueRequired":true,"valueName":"search_term_string"}}],"inLanguage":"es-CO"},{"@type":"Organization","@id":"https:\/\/tzionlibreria.com\/#organization","name":"tzionlibreria.com","url":"https:\/\/tzionlibreria.com\/","logo":{"@type":"ImageObject","inLanguage":"es-CO","@id":"https:\/\/tzionlibreria.com\/#\/schema\/logo\/image\/","url":"https:\/\/tzionlibreria.com\/wp-content\/uploads\/2023\/10\/cropped-Cuadricula-scaled-1.jpg","contentUrl":"https:\/\/tzionlibreria.com\/wp-content\/uploads\/2023\/10\/cropped-Cuadricula-scaled-1.jpg","width":2560,"height":2560,"caption":"tzionlibreria.com"},"image":{"@id":"https:\/\/tzionlibreria.com\/#\/schema\/logo\/image\/"}}]}},"jetpack_sharing_enabled":true,"_links":{"self":[{"href":"https:\/\/tzionlibreria.com\/index.php\/wp-json\/wp\/v2\/product\/528","targetHints":{"allow":["GET"]}}],"collection":[{"href":"https:\/\/tzionlibreria.com\/index.php\/wp-json\/wp\/v2\/product"}],"about":[{"href":"https:\/\/tzionlibreria.com\/index.php\/wp-json\/wp\/v2\/types\/product"}],"replies":[{"embeddable":true,"href":"https:\/\/tzionlibreria.com\/index.php\/wp-json\/wp\/v2\/comments?post=528"}],"wp:featuredmedia":[{"embeddable":true,"href":"https:\/\/tzionlibreria.com\/index.php\/wp-json\/wp\/v2\/media\/529"}],"wp:attachment":[{"href":"https:\/\/tzionlibreria.com\/index.php\/wp-json\/wp\/v2\/media?parent=528"}],"wp:term":[{"taxonomy":"product_brand","embeddable":true,"href":"https:\/\/tzionlibreria.com\/index.php\/wp-json\/wp\/v2\/product_brand?post=528"},{"taxonomy":"product_cat","embeddable":true,"href":"https:\/\/tzionlibreria.com\/index.php\/wp-json\/wp\/v2\/product_cat?post=528"},{"taxonomy":"product_tag","embeddable":true,"href":"https:\/\/tzionlibreria.com\/index.php\/wp-json\/wp\/v2\/product_tag?post=528"}],"curies":[{"name":"wp","href":"https:\/\/api.w.org\/{rel}","templated":true}]}}