{"id":5293,"date":"2025-03-08T00:13:07","date_gmt":"2025-03-08T00:13:07","guid":{"rendered":"https:\/\/tzionlibreria.com\/?post_type=product&#038;p=5293"},"modified":"2025-03-08T00:14:07","modified_gmt":"2025-03-08T00:14:07","slug":"pestanas-para-la-biblia-mujeres-tabs","status":"publish","type":"product","link":"https:\/\/tzionlibreria.com\/index.php\/product\/pestanas-para-la-biblia-mujeres-tabs\/","title":{"rendered":"Pesta\u00f1as para la Biblia &#8211; Mujeres &#8211; Tabs"},"content":{"rendered":"<p><strong>Tabs Para La Biblia Incluye: pesta\u00f1as adhesivas de cartulina incluye, 39 libros del antiguo testamento, 27 libros del nuevo testamento.<\/strong><\/p>\n<p>-Es un regalo cristiano ideal: sorprenda a alguien y ay\u00fadelo a amar su biblia (antiguo y nuevo testamento testamento) \u00a1a\u00fan m\u00e1s!<\/p>\n<p>-Contiene navegaci\u00f3n b\u00edblica simplificada: las pesta\u00f1as est\u00e1n hechas para ser delgadas, pero duraderas y no har\u00e1n que su biblia se sienta voluminosa. excelente accesorio para el estudio de la biblia. tambi\u00e9n se puede aplicar a la lectura de notas, diarios, cuadernos, archivos, un gran regalo para estudiantes, profesores y personal de oficina las pesta\u00f1as son autoadhesivo: cada pesta\u00f1a est\u00e1 precortada y autoadhesiva, as\u00ed que simplemente despega y alinea en tu biblia. y stick.<\/p>\n<p>-Es un material duradero: material impermeable y papel duradero, resistente al desgarro. dise\u00f1o para permanecer a prueba de roturas y transparente para legibilidad.<\/p>\n","protected":false},"excerpt":{"rendered":"<p>Tabs Para La Biblia Incluye: pesta\u00f1as adhesivas de cartulina incluye, 39 libros del antiguo testamento, 27 libros del nuevo testamento. -Es un regalo cristiano ideal: sorprenda a alguien y ay\u00fadelo a amar su biblia (antiguo y nuevo testamento testamento) \u00a1a\u00fan m\u00e1s! -Contiene navegaci\u00f3n b\u00edblica simplificada: las pesta\u00f1as est\u00e1n hechas para ser delgadas, pero duraderas y [&hellip;]<\/p>\n","protected":false},"featured_media":5294,"comment_status":"open","ping_status":"closed","template":"","meta":{"om_disable_all_campaigns":false,"_monsterinsights_skip_tracking":false,"_monsterinsights_sitenote_active":false,"_monsterinsights_sitenote_note":"","_monsterinsights_sitenote_category":0,"site-sidebar-layout":"default","site-content-layout":"","ast-site-content-layout":"default","site-content-style":"default","site-sidebar-style":"default","ast-global-header-display":"","ast-banner-title-visibility":"","ast-main-header-display":"","ast-hfb-above-header-display":"","ast-hfb-below-header-display":"","ast-hfb-mobile-header-display":"","site-post-title":"","ast-breadcrumbs-content":"","ast-featured-img":"","footer-sml-layout":"","ast-disable-related-posts":"","theme-transparent-header-meta":"default","adv-header-id-meta":"","stick-header-meta":"","header-above-stick-meta":"","header-main-stick-meta":"","header-below-stick-meta":"","astra-migrate-meta-layouts":"set","ast-page-background-enabled":"default","ast-page-background-meta":{"desktop":{"background-color":"var(--ast-global-color-4)","background-image":"","background-repeat":"repeat","background-position":"center center","background-size":"auto","background-attachment":"scroll","background-type":"","background-media":"","overlay-type":"","overlay-color":"","overlay-opacity":"","overlay-gradient":""},"tablet":{"background-color":"","background-image":"","background-repeat":"repeat","background-position":"center center","background-size":"auto","background-attachment":"scroll","background-type":"","background-media":"","overlay-type":"","overlay-color":"","overlay-opacity":"","overlay-gradient":""},"mobile":{"background-color":"","background-image":"","background-repeat":"repeat","background-position":"center center","background-size":"auto","background-attachment":"scroll","background-type":"","background-media":"","overlay-type":"","overlay-color":"","overlay-opacity":"","overlay-gradient":""}},"ast-content-background-meta":{"desktop":{"background-color":"var(--ast-global-color-5)","background-image":"","background-repeat":"repeat","background-position":"center center","background-size":"auto","background-attachment":"scroll","background-type":"","background-media":"","overlay-type":"","overlay-color":"","overlay-opacity":"","overlay-gradient":""},"tablet":{"background-color":"var(--ast-global-color-5)","background-image":"","background-repeat":"repeat","background-position":"center center","background-size":"auto","background-attachment":"scroll","background-type":"","background-media":"","overlay-type":"","overlay-color":"","overlay-opacity":"","overlay-gradient":""},"mobile":{"background-color":"var(--ast-global-color-5)","background-image":"","background-repeat":"repeat","background-position":"center center","background-size":"auto","background-attachment":"scroll","background-type":"","background-media":"","overlay-type":"","overlay-color":"","overlay-opacity":"","overlay-gradient":""}}},"product_brand":[],"product_cat":[301,35],"product_tag":[],"class_list":{"0":"post-5293","1":"product","2":"type-product","3":"status-publish","4":"has-post-thumbnail","6":"product_cat-indice-para-biblia","7":"product_cat-regalos","8":"desktop-align-left","9":"tablet-align-left","10":"mobile-align-left","12":"first","13":"instock","14":"shipping-taxable","15":"purchasable","16":"product-type-simple"},"yoast_head":"<!-- This site is optimized with the Yoast SEO plugin v27.4 - https:\/\/yoast.com\/product\/yoast-seo-wordpress\/ -->\n<title>Pesta\u00f1as para la Biblia - Mujeres - Tabs - tzionlibreria.com<\/title>\n<meta name=\"description\" content=\"Tabs Para La Biblia Incluye: pesta\u00f1as adhesivas de cartulina incluye, 39 libros del antiguo testamento, 27 libros del nuevo testamento.\" \/>\n<meta name=\"robots\" content=\"index, follow, max-snippet:-1, max-image-preview:large, max-video-preview:-1\" \/>\n<link rel=\"canonical\" href=\"https:\/\/tzionlibreria.com\/index.php\/product\/pestanas-para-la-biblia-mujeres-tabs\/\" \/>\n<meta property=\"og:locale\" content=\"es_ES\" \/>\n<meta property=\"og:type\" content=\"article\" \/>\n<meta property=\"og:title\" content=\"Pesta\u00f1as para la Biblia - Mujeres - Tabs - tzionlibreria.com\" \/>\n<meta property=\"og:description\" content=\"Tabs Para La Biblia Incluye: pesta\u00f1as adhesivas de cartulina incluye, 39 libros del antiguo testamento, 27 libros del nuevo testamento.\" \/>\n<meta property=\"og:url\" content=\"https:\/\/tzionlibreria.com\/index.php\/product\/pestanas-para-la-biblia-mujeres-tabs\/\" \/>\n<meta property=\"og:site_name\" content=\"tzionlibreria.com\" \/>\n<meta property=\"article:modified_time\" content=\"2025-03-08T00:14:07+00:00\" \/>\n<meta property=\"og:image\" content=\"http:\/\/tzionlibreria.com\/wp-content\/uploads\/2025\/03\/1.png\" \/>\n\t<meta property=\"og:image:width\" content=\"1080\" \/>\n\t<meta property=\"og:image:height\" content=\"1350\" \/>\n\t<meta property=\"og:image:type\" content=\"image\/png\" \/>\n<meta name=\"twitter:card\" content=\"summary_large_image\" \/>\n<meta name=\"twitter:label1\" content=\"Tiempo de lectura\" \/>\n\t<meta name=\"twitter:data1\" content=\"1 minuto\" \/>\n<script type=\"application\/ld+json\" class=\"yoast-schema-graph\">{\"@context\":\"https:\\\/\\\/schema.org\",\"@graph\":[{\"@type\":\"WebPage\",\"@id\":\"https:\\\/\\\/tzionlibreria.com\\\/index.php\\\/product\\\/pestanas-para-la-biblia-mujeres-tabs\\\/\",\"url\":\"https:\\\/\\\/tzionlibreria.com\\\/index.php\\\/product\\\/pestanas-para-la-biblia-mujeres-tabs\\\/\",\"name\":\"Pesta\u00f1as para la Biblia - Mujeres - Tabs - tzionlibreria.com\",\"isPartOf\":{\"@id\":\"https:\\\/\\\/tzionlibreria.com\\\/#website\"},\"primaryImageOfPage\":{\"@id\":\"https:\\\/\\\/tzionlibreria.com\\\/index.php\\\/product\\\/pestanas-para-la-biblia-mujeres-tabs\\\/#primaryimage\"},\"image\":{\"@id\":\"https:\\\/\\\/tzionlibreria.com\\\/index.php\\\/product\\\/pestanas-para-la-biblia-mujeres-tabs\\\/#primaryimage\"},\"thumbnailUrl\":\"https:\\\/\\\/tzionlibreria.com\\\/wp-content\\\/uploads\\\/2025\\\/03\\\/1.png\",\"datePublished\":\"2025-03-08T00:13:07+00:00\",\"dateModified\":\"2025-03-08T00:14:07+00:00\",\"description\":\"Tabs Para La Biblia Incluye: pesta\u00f1as adhesivas de cartulina incluye, 39 libros del antiguo testamento, 27 libros del nuevo testamento.\",\"breadcrumb\":{\"@id\":\"https:\\\/\\\/tzionlibreria.com\\\/index.php\\\/product\\\/pestanas-para-la-biblia-mujeres-tabs\\\/#breadcrumb\"},\"inLanguage\":\"es-CO\",\"potentialAction\":[{\"@type\":\"ReadAction\",\"target\":[\"https:\\\/\\\/tzionlibreria.com\\\/index.php\\\/product\\\/pestanas-para-la-biblia-mujeres-tabs\\\/\"]}]},{\"@type\":\"ImageObject\",\"inLanguage\":\"es-CO\",\"@id\":\"https:\\\/\\\/tzionlibreria.com\\\/index.php\\\/product\\\/pestanas-para-la-biblia-mujeres-tabs\\\/#primaryimage\",\"url\":\"https:\\\/\\\/tzionlibreria.com\\\/wp-content\\\/uploads\\\/2025\\\/03\\\/1.png\",\"contentUrl\":\"https:\\\/\\\/tzionlibreria.com\\\/wp-content\\\/uploads\\\/2025\\\/03\\\/1.png\",\"width\":1080,\"height\":1350},{\"@type\":\"BreadcrumbList\",\"@id\":\"https:\\\/\\\/tzionlibreria.com\\\/index.php\\\/product\\\/pestanas-para-la-biblia-mujeres-tabs\\\/#breadcrumb\",\"itemListElement\":[{\"@type\":\"ListItem\",\"position\":1,\"name\":\"Inicio\",\"item\":\"https:\\\/\\\/tzionlibreria.com\\\/\"},{\"@type\":\"ListItem\",\"position\":2,\"name\":\"Shop\",\"item\":\"https:\\\/\\\/tzionlibreria.com\\\/index.php\\\/shop\\\/\"},{\"@type\":\"ListItem\",\"position\":3,\"name\":\"Pesta\u00f1as para la Biblia &#8211; Mujeres &#8211; Tabs\"}]},{\"@type\":\"WebSite\",\"@id\":\"https:\\\/\\\/tzionlibreria.com\\\/#website\",\"url\":\"https:\\\/\\\/tzionlibreria.com\\\/\",\"name\":\"tzionlibreria.com\",\"description\":\"Libreria Cristiana Venezuela\",\"publisher\":{\"@id\":\"https:\\\/\\\/tzionlibreria.com\\\/#organization\"},\"potentialAction\":[{\"@type\":\"SearchAction\",\"target\":{\"@type\":\"EntryPoint\",\"urlTemplate\":\"https:\\\/\\\/tzionlibreria.com\\\/?s={search_term_string}\"},\"query-input\":{\"@type\":\"PropertyValueSpecification\",\"valueRequired\":true,\"valueName\":\"search_term_string\"}}],\"inLanguage\":\"es-CO\"},{\"@type\":\"Organization\",\"@id\":\"https:\\\/\\\/tzionlibreria.com\\\/#organization\",\"name\":\"tzionlibreria.com\",\"url\":\"https:\\\/\\\/tzionlibreria.com\\\/\",\"logo\":{\"@type\":\"ImageObject\",\"inLanguage\":\"es-CO\",\"@id\":\"https:\\\/\\\/tzionlibreria.com\\\/#\\\/schema\\\/logo\\\/image\\\/\",\"url\":\"https:\\\/\\\/tzionlibreria.com\\\/wp-content\\\/uploads\\\/2023\\\/10\\\/cropped-Cuadricula-scaled-1.jpg\",\"contentUrl\":\"https:\\\/\\\/tzionlibreria.com\\\/wp-content\\\/uploads\\\/2023\\\/10\\\/cropped-Cuadricula-scaled-1.jpg\",\"width\":2560,\"height\":2560,\"caption\":\"tzionlibreria.com\"},\"image\":{\"@id\":\"https:\\\/\\\/tzionlibreria.com\\\/#\\\/schema\\\/logo\\\/image\\\/\"}}]}<\/script>\n<!-- \/ Yoast SEO plugin. -->","yoast_head_json":{"title":"Pesta\u00f1as para la Biblia - Mujeres - Tabs - tzionlibreria.com","description":"Tabs Para La Biblia Incluye: pesta\u00f1as adhesivas de cartulina incluye, 39 libros del antiguo testamento, 27 libros del nuevo testamento.","robots":{"index":"index","follow":"follow","max-snippet":"max-snippet:-1","max-image-preview":"max-image-preview:large","max-video-preview":"max-video-preview:-1"},"canonical":"https:\/\/tzionlibreria.com\/index.php\/product\/pestanas-para-la-biblia-mujeres-tabs\/","og_locale":"es_ES","og_type":"article","og_title":"Pesta\u00f1as para la Biblia - Mujeres - Tabs - tzionlibreria.com","og_description":"Tabs Para La Biblia Incluye: pesta\u00f1as adhesivas de cartulina incluye, 39 libros del antiguo testamento, 27 libros del nuevo testamento.","og_url":"https:\/\/tzionlibreria.com\/index.php\/product\/pestanas-para-la-biblia-mujeres-tabs\/","og_site_name":"tzionlibreria.com","article_modified_time":"2025-03-08T00:14:07+00:00","og_image":[{"width":1080,"height":1350,"url":"http:\/\/tzionlibreria.com\/wp-content\/uploads\/2025\/03\/1.png","type":"image\/png"}],"twitter_card":"summary_large_image","twitter_misc":{"Tiempo de lectura":"1 minuto"},"schema":{"@context":"https:\/\/schema.org","@graph":[{"@type":"WebPage","@id":"https:\/\/tzionlibreria.com\/index.php\/product\/pestanas-para-la-biblia-mujeres-tabs\/","url":"https:\/\/tzionlibreria.com\/index.php\/product\/pestanas-para-la-biblia-mujeres-tabs\/","name":"Pesta\u00f1as para la Biblia - Mujeres - Tabs - tzionlibreria.com","isPartOf":{"@id":"https:\/\/tzionlibreria.com\/#website"},"primaryImageOfPage":{"@id":"https:\/\/tzionlibreria.com\/index.php\/product\/pestanas-para-la-biblia-mujeres-tabs\/#primaryimage"},"image":{"@id":"https:\/\/tzionlibreria.com\/index.php\/product\/pestanas-para-la-biblia-mujeres-tabs\/#primaryimage"},"thumbnailUrl":"https:\/\/tzionlibreria.com\/wp-content\/uploads\/2025\/03\/1.png","datePublished":"2025-03-08T00:13:07+00:00","dateModified":"2025-03-08T00:14:07+00:00","description":"Tabs Para La Biblia Incluye: pesta\u00f1as adhesivas de cartulina incluye, 39 libros del antiguo testamento, 27 libros del nuevo testamento.","breadcrumb":{"@id":"https:\/\/tzionlibreria.com\/index.php\/product\/pestanas-para-la-biblia-mujeres-tabs\/#breadcrumb"},"inLanguage":"es-CO","potentialAction":[{"@type":"ReadAction","target":["https:\/\/tzionlibreria.com\/index.php\/product\/pestanas-para-la-biblia-mujeres-tabs\/"]}]},{"@type":"ImageObject","inLanguage":"es-CO","@id":"https:\/\/tzionlibreria.com\/index.php\/product\/pestanas-para-la-biblia-mujeres-tabs\/#primaryimage","url":"https:\/\/tzionlibreria.com\/wp-content\/uploads\/2025\/03\/1.png","contentUrl":"https:\/\/tzionlibreria.com\/wp-content\/uploads\/2025\/03\/1.png","width":1080,"height":1350},{"@type":"BreadcrumbList","@id":"https:\/\/tzionlibreria.com\/index.php\/product\/pestanas-para-la-biblia-mujeres-tabs\/#breadcrumb","itemListElement":[{"@type":"ListItem","position":1,"name":"Inicio","item":"https:\/\/tzionlibreria.com\/"},{"@type":"ListItem","position":2,"name":"Shop","item":"https:\/\/tzionlibreria.com\/index.php\/shop\/"},{"@type":"ListItem","position":3,"name":"Pesta\u00f1as para la Biblia &#8211; Mujeres &#8211; Tabs"}]},{"@type":"WebSite","@id":"https:\/\/tzionlibreria.com\/#website","url":"https:\/\/tzionlibreria.com\/","name":"tzionlibreria.com","description":"Libreria Cristiana Venezuela","publisher":{"@id":"https:\/\/tzionlibreria.com\/#organization"},"potentialAction":[{"@type":"SearchAction","target":{"@type":"EntryPoint","urlTemplate":"https:\/\/tzionlibreria.com\/?s={search_term_string}"},"query-input":{"@type":"PropertyValueSpecification","valueRequired":true,"valueName":"search_term_string"}}],"inLanguage":"es-CO"},{"@type":"Organization","@id":"https:\/\/tzionlibreria.com\/#organization","name":"tzionlibreria.com","url":"https:\/\/tzionlibreria.com\/","logo":{"@type":"ImageObject","inLanguage":"es-CO","@id":"https:\/\/tzionlibreria.com\/#\/schema\/logo\/image\/","url":"https:\/\/tzionlibreria.com\/wp-content\/uploads\/2023\/10\/cropped-Cuadricula-scaled-1.jpg","contentUrl":"https:\/\/tzionlibreria.com\/wp-content\/uploads\/2023\/10\/cropped-Cuadricula-scaled-1.jpg","width":2560,"height":2560,"caption":"tzionlibreria.com"},"image":{"@id":"https:\/\/tzionlibreria.com\/#\/schema\/logo\/image\/"}}]}},"jetpack_sharing_enabled":true,"_links":{"self":[{"href":"https:\/\/tzionlibreria.com\/index.php\/wp-json\/wp\/v2\/product\/5293","targetHints":{"allow":["GET"]}}],"collection":[{"href":"https:\/\/tzionlibreria.com\/index.php\/wp-json\/wp\/v2\/product"}],"about":[{"href":"https:\/\/tzionlibreria.com\/index.php\/wp-json\/wp\/v2\/types\/product"}],"replies":[{"embeddable":true,"href":"https:\/\/tzionlibreria.com\/index.php\/wp-json\/wp\/v2\/comments?post=5293"}],"wp:featuredmedia":[{"embeddable":true,"href":"https:\/\/tzionlibreria.com\/index.php\/wp-json\/wp\/v2\/media\/5294"}],"wp:attachment":[{"href":"https:\/\/tzionlibreria.com\/index.php\/wp-json\/wp\/v2\/media?parent=5293"}],"wp:term":[{"taxonomy":"product_brand","embeddable":true,"href":"https:\/\/tzionlibreria.com\/index.php\/wp-json\/wp\/v2\/product_brand?post=5293"},{"taxonomy":"product_cat","embeddable":true,"href":"https:\/\/tzionlibreria.com\/index.php\/wp-json\/wp\/v2\/product_cat?post=5293"},{"taxonomy":"product_tag","embeddable":true,"href":"https:\/\/tzionlibreria.com\/index.php\/wp-json\/wp\/v2\/product_tag?post=5293"}],"curies":[{"name":"wp","href":"https:\/\/api.w.org\/{rel}","templated":true}]}}