{"id":5317,"date":"2025-03-14T16:08:43","date_gmt":"2025-03-14T16:08:43","guid":{"rendered":"https:\/\/tzionlibreria.com\/?post_type=product&#038;p=5317"},"modified":"2025-10-27T21:19:24","modified_gmt":"2025-10-27T21:19:24","slug":"biblia-devocional-para-mujeres-centrada-en-cristo-reina-valera","status":"publish","type":"product","link":"https:\/\/tzionlibreria.com\/index.php\/product\/biblia-devocional-para-mujeres-centrada-en-cristo-reina-valera\/","title":{"rendered":"Biblia Devocional para Mujeres Centrada en Cristo Reina Valera"},"content":{"rendered":"<p><strong><span class=\"a-text-bold\">Biblia Devocional Centrada en Cristo, con plan de lectura, 365 devocionales, coloridas ilustraciones, concordancia y cinta marcadora.<\/span><\/strong><\/p>\n<p>La\u00a0<span class=\"a-text-italic\">Biblia devocional Reina Valera 1960 Centrada en Cristo\u00a0<\/span>es un extraordinario recurso que provee herramientas, conocimientos y sabidur\u00eda para que como mujeres continuemos nuestro caminar junto a Cristo.<\/p>\n<p>Conocemos el relato del Mes\u00edas, que naci\u00f3 en un pesebre en Bel\u00e9n, pero \u00bfsab\u00edas que podemos encontrar las profec\u00edas sobre Jes\u00fas en todo el Antiguo Testamento? Cathy Scheraldi de N\u00fa\u00f1ez y Patricia de Namn\u00fan junto a un equipo de mujeres latinas de diversos pa\u00edses, han creado un hermoso viaje de un a\u00f1o para mujeres, para que se sumerjan en la Escritura y puedan ver a Jes\u00fas en cada uno de los libros de la Biblia. Desde el jard\u00edn del Ed\u00e9n hasta la eternidad, la Biblia devocional Centrada en Cristo te ayudar\u00e1 a crecer en la Palabra de Dios.<\/p>\n<p><span class=\"a-text-bold\">Caracter\u00edsticas:<\/span><br \/>\n\u2022 365 devocionales<br \/>\n\u2022 Buenas nuevas de salvaci\u00f3n<br \/>\n\u2022 Plan de lectura devocional<br \/>\n\u2022 Plan de lectura anual<br \/>\n\u2022 Concordancia; coloridas ilustraciones<br \/>\n\u2022 Cinta marcadora; tama\u00f1o de letra 9.5 pts; 1,792 p\u00e1ginas; tama\u00f1o: 6.13 x 9.13 pulgadas<br \/>\nLa<span class=\"a-text-italic\">\u00a0Biblia devocional Centrada en Cristo<\/span>\u00a0es ganadora de varios premios que marcan el fruto de la labor de las escritoras y dise\u00f1adoras de los devocionales incluidos en esta Biblia. Los premios incluyen: Biblia del a\u00f1o &#8211; Premio Jim Cook y Mejor dise\u00f1o &#8211; portada e interior, entre otros.<\/p>\n<p>&nbsp;<\/p>\n<div id=\"ctl00_ucPDTabs_ctl02_fs\" class=\"ProductDetailGroup system-properties\"><strong>ISBN<\/strong>: 9781535997997<br \/>\n<strong>Editorial<\/strong>:\u00a0Lifeway<br \/>\n<strong>Dimensiones<\/strong>: 165 x 47 x 241 mm<br \/>\n<strong>Peso<\/strong>: 1,420kg<br \/>\n<strong>Cubierta<\/strong>: Tapa Dura<br \/>\n<strong>N\u00famero de p\u00e1ginas<\/strong>: 1784<br \/>\n<strong>Fecha de lanzamiento<\/strong>: 17.03.2021<br \/>\n<strong>Idioma<\/strong>: Espa\u00f1ol<\/div>\n<div id=\"ctl00_ucPDTabs_ctl03_fs\" class=\"ProductDetailGroup\"><strong>Especialidad:<\/strong>\u00a0Devocional<br \/>\n<strong>Versi\u00f3n :<\/strong>\u00a0RVR60<br \/>\n<strong>Color de Biblia:<\/strong>\u00a0Granada<\/div>\n","protected":false},"excerpt":{"rendered":"<p>Biblia Devocional Centrada en Cristo, con plan de lectura, 365 devocionales, coloridas ilustraciones, concordancia y cinta marcadora. La\u00a0Biblia devocional Reina Valera 1960 Centrada en Cristo\u00a0es un extraordinario recurso que provee herramientas, conocimientos y sabidur\u00eda para que como mujeres continuemos nuestro caminar junto a Cristo. Conocemos el relato del Mes\u00edas, que naci\u00f3 en un pesebre en [&hellip;]<\/p>\n","protected":false},"featured_media":5318,"comment_status":"open","ping_status":"closed","template":"","meta":{"om_disable_all_campaigns":false,"_monsterinsights_skip_tracking":false,"_monsterinsights_sitenote_active":false,"_monsterinsights_sitenote_note":"","_monsterinsights_sitenote_category":0,"site-sidebar-layout":"default","site-content-layout":"","ast-site-content-layout":"default","site-content-style":"default","site-sidebar-style":"default","ast-global-header-display":"","ast-banner-title-visibility":"","ast-main-header-display":"","ast-hfb-above-header-display":"","ast-hfb-below-header-display":"","ast-hfb-mobile-header-display":"","site-post-title":"","ast-breadcrumbs-content":"","ast-featured-img":"","footer-sml-layout":"","ast-disable-related-posts":"","theme-transparent-header-meta":"default","adv-header-id-meta":"","stick-header-meta":"","header-above-stick-meta":"","header-main-stick-meta":"","header-below-stick-meta":"","astra-migrate-meta-layouts":"set","ast-page-background-enabled":"default","ast-page-background-meta":{"desktop":{"background-color":"var(--ast-global-color-4)","background-image":"","background-repeat":"repeat","background-position":"center center","background-size":"auto","background-attachment":"scroll","background-type":"","background-media":"","overlay-type":"","overlay-color":"","overlay-opacity":"","overlay-gradient":""},"tablet":{"background-color":"","background-image":"","background-repeat":"repeat","background-position":"center center","background-size":"auto","background-attachment":"scroll","background-type":"","background-media":"","overlay-type":"","overlay-color":"","overlay-opacity":"","overlay-gradient":""},"mobile":{"background-color":"","background-image":"","background-repeat":"repeat","background-position":"center center","background-size":"auto","background-attachment":"scroll","background-type":"","background-media":"","overlay-type":"","overlay-color":"","overlay-opacity":"","overlay-gradient":""}},"ast-content-background-meta":{"desktop":{"background-color":"var(--ast-global-color-5)","background-image":"","background-repeat":"repeat","background-position":"center center","background-size":"auto","background-attachment":"scroll","background-type":"","background-media":"","overlay-type":"","overlay-color":"","overlay-opacity":"","overlay-gradient":""},"tablet":{"background-color":"var(--ast-global-color-5)","background-image":"","background-repeat":"repeat","background-position":"center center","background-size":"auto","background-attachment":"scroll","background-type":"","background-media":"","overlay-type":"","overlay-color":"","overlay-opacity":"","overlay-gradient":""},"mobile":{"background-color":"var(--ast-global-color-5)","background-image":"","background-repeat":"repeat","background-position":"center center","background-size":"auto","background-attachment":"scroll","background-type":"","background-media":"","overlay-type":"","overlay-color":"","overlay-opacity":"","overlay-gradient":""}}},"product_brand":[],"product_cat":[22,34,42],"product_tag":[],"class_list":{"0":"post-5317","1":"product","2":"type-product","3":"status-publish","4":"has-post-thumbnail","6":"product_cat-biblias","7":"product_cat-biblias-devocionales","8":"product_cat-biblias-reina-valera","9":"desktop-align-left","10":"tablet-align-left","11":"mobile-align-left","13":"first","14":"instock","15":"shipping-taxable","16":"purchasable","17":"product-type-simple"},"yoast_head":"<!-- This site is optimized with the Yoast SEO plugin v27.4 - https:\/\/yoast.com\/product\/yoast-seo-wordpress\/ -->\n<title>Biblia Devocional para Mujeres Centrada en Cristo Reina Valera - tzionlibreria.com<\/title>\n<meta name=\"description\" content=\"Biblia Devocional Centrada en Cristo para mujeres, con plan de lectura, 365 devocionales, coloridas ilustraciones, concordancia y cinta marcadora.\" \/>\n<meta name=\"robots\" content=\"index, follow, max-snippet:-1, max-image-preview:large, max-video-preview:-1\" \/>\n<link rel=\"canonical\" href=\"https:\/\/tzionlibreria.com\/index.php\/product\/biblia-devocional-para-mujeres-centrada-en-cristo-reina-valera\/\" \/>\n<meta property=\"og:locale\" content=\"es_ES\" \/>\n<meta property=\"og:type\" content=\"article\" \/>\n<meta property=\"og:title\" content=\"Biblia Devocional para Mujeres Centrada en Cristo Reina Valera - tzionlibreria.com\" \/>\n<meta property=\"og:description\" content=\"Biblia Devocional Centrada en Cristo para mujeres, con plan de lectura, 365 devocionales, coloridas ilustraciones, concordancia y cinta marcadora.\" \/>\n<meta property=\"og:url\" content=\"https:\/\/tzionlibreria.com\/index.php\/product\/biblia-devocional-para-mujeres-centrada-en-cristo-reina-valera\/\" \/>\n<meta property=\"og:site_name\" content=\"tzionlibreria.com\" \/>\n<meta property=\"article:modified_time\" content=\"2025-10-27T21:19:24+00:00\" \/>\n<meta property=\"og:image\" content=\"http:\/\/tzionlibreria.com\/wp-content\/uploads\/2025\/03\/centrada.png\" \/>\n\t<meta property=\"og:image:width\" content=\"1080\" \/>\n\t<meta property=\"og:image:height\" content=\"1080\" \/>\n\t<meta property=\"og:image:type\" content=\"image\/png\" \/>\n<meta name=\"twitter:card\" content=\"summary_large_image\" \/>\n<meta name=\"twitter:label1\" content=\"Tiempo de lectura\" \/>\n\t<meta name=\"twitter:data1\" content=\"2 minutos\" \/>\n<script type=\"application\/ld+json\" class=\"yoast-schema-graph\">{\"@context\":\"https:\\\/\\\/schema.org\",\"@graph\":[{\"@type\":\"WebPage\",\"@id\":\"https:\\\/\\\/tzionlibreria.com\\\/index.php\\\/product\\\/biblia-devocional-para-mujeres-centrada-en-cristo-reina-valera\\\/\",\"url\":\"https:\\\/\\\/tzionlibreria.com\\\/index.php\\\/product\\\/biblia-devocional-para-mujeres-centrada-en-cristo-reina-valera\\\/\",\"name\":\"Biblia Devocional para Mujeres Centrada en Cristo Reina Valera - tzionlibreria.com\",\"isPartOf\":{\"@id\":\"https:\\\/\\\/tzionlibreria.com\\\/#website\"},\"primaryImageOfPage\":{\"@id\":\"https:\\\/\\\/tzionlibreria.com\\\/index.php\\\/product\\\/biblia-devocional-para-mujeres-centrada-en-cristo-reina-valera\\\/#primaryimage\"},\"image\":{\"@id\":\"https:\\\/\\\/tzionlibreria.com\\\/index.php\\\/product\\\/biblia-devocional-para-mujeres-centrada-en-cristo-reina-valera\\\/#primaryimage\"},\"thumbnailUrl\":\"https:\\\/\\\/tzionlibreria.com\\\/wp-content\\\/uploads\\\/2025\\\/03\\\/centrada.png\",\"datePublished\":\"2025-03-14T16:08:43+00:00\",\"dateModified\":\"2025-10-27T21:19:24+00:00\",\"description\":\"Biblia Devocional Centrada en Cristo para mujeres, con plan de lectura, 365 devocionales, coloridas ilustraciones, concordancia y cinta marcadora.\",\"breadcrumb\":{\"@id\":\"https:\\\/\\\/tzionlibreria.com\\\/index.php\\\/product\\\/biblia-devocional-para-mujeres-centrada-en-cristo-reina-valera\\\/#breadcrumb\"},\"inLanguage\":\"es-CO\",\"potentialAction\":[{\"@type\":\"ReadAction\",\"target\":[\"https:\\\/\\\/tzionlibreria.com\\\/index.php\\\/product\\\/biblia-devocional-para-mujeres-centrada-en-cristo-reina-valera\\\/\"]}]},{\"@type\":\"ImageObject\",\"inLanguage\":\"es-CO\",\"@id\":\"https:\\\/\\\/tzionlibreria.com\\\/index.php\\\/product\\\/biblia-devocional-para-mujeres-centrada-en-cristo-reina-valera\\\/#primaryimage\",\"url\":\"https:\\\/\\\/tzionlibreria.com\\\/wp-content\\\/uploads\\\/2025\\\/03\\\/centrada.png\",\"contentUrl\":\"https:\\\/\\\/tzionlibreria.com\\\/wp-content\\\/uploads\\\/2025\\\/03\\\/centrada.png\",\"width\":1080,\"height\":1080},{\"@type\":\"BreadcrumbList\",\"@id\":\"https:\\\/\\\/tzionlibreria.com\\\/index.php\\\/product\\\/biblia-devocional-para-mujeres-centrada-en-cristo-reina-valera\\\/#breadcrumb\",\"itemListElement\":[{\"@type\":\"ListItem\",\"position\":1,\"name\":\"Inicio\",\"item\":\"https:\\\/\\\/tzionlibreria.com\\\/\"},{\"@type\":\"ListItem\",\"position\":2,\"name\":\"Shop\",\"item\":\"https:\\\/\\\/tzionlibreria.com\\\/index.php\\\/shop\\\/\"},{\"@type\":\"ListItem\",\"position\":3,\"name\":\"Biblia Devocional para Mujeres Centrada en Cristo Reina Valera\"}]},{\"@type\":\"WebSite\",\"@id\":\"https:\\\/\\\/tzionlibreria.com\\\/#website\",\"url\":\"https:\\\/\\\/tzionlibreria.com\\\/\",\"name\":\"tzionlibreria.com\",\"description\":\"Libreria Cristiana Venezuela\",\"publisher\":{\"@id\":\"https:\\\/\\\/tzionlibreria.com\\\/#organization\"},\"potentialAction\":[{\"@type\":\"SearchAction\",\"target\":{\"@type\":\"EntryPoint\",\"urlTemplate\":\"https:\\\/\\\/tzionlibreria.com\\\/?s={search_term_string}\"},\"query-input\":{\"@type\":\"PropertyValueSpecification\",\"valueRequired\":true,\"valueName\":\"search_term_string\"}}],\"inLanguage\":\"es-CO\"},{\"@type\":\"Organization\",\"@id\":\"https:\\\/\\\/tzionlibreria.com\\\/#organization\",\"name\":\"tzionlibreria.com\",\"url\":\"https:\\\/\\\/tzionlibreria.com\\\/\",\"logo\":{\"@type\":\"ImageObject\",\"inLanguage\":\"es-CO\",\"@id\":\"https:\\\/\\\/tzionlibreria.com\\\/#\\\/schema\\\/logo\\\/image\\\/\",\"url\":\"https:\\\/\\\/tzionlibreria.com\\\/wp-content\\\/uploads\\\/2023\\\/10\\\/cropped-Cuadricula-scaled-1.jpg\",\"contentUrl\":\"https:\\\/\\\/tzionlibreria.com\\\/wp-content\\\/uploads\\\/2023\\\/10\\\/cropped-Cuadricula-scaled-1.jpg\",\"width\":2560,\"height\":2560,\"caption\":\"tzionlibreria.com\"},\"image\":{\"@id\":\"https:\\\/\\\/tzionlibreria.com\\\/#\\\/schema\\\/logo\\\/image\\\/\"}}]}<\/script>\n<!-- \/ Yoast SEO plugin. -->","yoast_head_json":{"title":"Biblia Devocional para Mujeres Centrada en Cristo Reina Valera - tzionlibreria.com","description":"Biblia Devocional Centrada en Cristo para mujeres, con plan de lectura, 365 devocionales, coloridas ilustraciones, concordancia y cinta marcadora.","robots":{"index":"index","follow":"follow","max-snippet":"max-snippet:-1","max-image-preview":"max-image-preview:large","max-video-preview":"max-video-preview:-1"},"canonical":"https:\/\/tzionlibreria.com\/index.php\/product\/biblia-devocional-para-mujeres-centrada-en-cristo-reina-valera\/","og_locale":"es_ES","og_type":"article","og_title":"Biblia Devocional para Mujeres Centrada en Cristo Reina Valera - tzionlibreria.com","og_description":"Biblia Devocional Centrada en Cristo para mujeres, con plan de lectura, 365 devocionales, coloridas ilustraciones, concordancia y cinta marcadora.","og_url":"https:\/\/tzionlibreria.com\/index.php\/product\/biblia-devocional-para-mujeres-centrada-en-cristo-reina-valera\/","og_site_name":"tzionlibreria.com","article_modified_time":"2025-10-27T21:19:24+00:00","og_image":[{"width":1080,"height":1080,"url":"http:\/\/tzionlibreria.com\/wp-content\/uploads\/2025\/03\/centrada.png","type":"image\/png"}],"twitter_card":"summary_large_image","twitter_misc":{"Tiempo de lectura":"2 minutos"},"schema":{"@context":"https:\/\/schema.org","@graph":[{"@type":"WebPage","@id":"https:\/\/tzionlibreria.com\/index.php\/product\/biblia-devocional-para-mujeres-centrada-en-cristo-reina-valera\/","url":"https:\/\/tzionlibreria.com\/index.php\/product\/biblia-devocional-para-mujeres-centrada-en-cristo-reina-valera\/","name":"Biblia Devocional para Mujeres Centrada en Cristo Reina Valera - tzionlibreria.com","isPartOf":{"@id":"https:\/\/tzionlibreria.com\/#website"},"primaryImageOfPage":{"@id":"https:\/\/tzionlibreria.com\/index.php\/product\/biblia-devocional-para-mujeres-centrada-en-cristo-reina-valera\/#primaryimage"},"image":{"@id":"https:\/\/tzionlibreria.com\/index.php\/product\/biblia-devocional-para-mujeres-centrada-en-cristo-reina-valera\/#primaryimage"},"thumbnailUrl":"https:\/\/tzionlibreria.com\/wp-content\/uploads\/2025\/03\/centrada.png","datePublished":"2025-03-14T16:08:43+00:00","dateModified":"2025-10-27T21:19:24+00:00","description":"Biblia Devocional Centrada en Cristo para mujeres, con plan de lectura, 365 devocionales, coloridas ilustraciones, concordancia y cinta marcadora.","breadcrumb":{"@id":"https:\/\/tzionlibreria.com\/index.php\/product\/biblia-devocional-para-mujeres-centrada-en-cristo-reina-valera\/#breadcrumb"},"inLanguage":"es-CO","potentialAction":[{"@type":"ReadAction","target":["https:\/\/tzionlibreria.com\/index.php\/product\/biblia-devocional-para-mujeres-centrada-en-cristo-reina-valera\/"]}]},{"@type":"ImageObject","inLanguage":"es-CO","@id":"https:\/\/tzionlibreria.com\/index.php\/product\/biblia-devocional-para-mujeres-centrada-en-cristo-reina-valera\/#primaryimage","url":"https:\/\/tzionlibreria.com\/wp-content\/uploads\/2025\/03\/centrada.png","contentUrl":"https:\/\/tzionlibreria.com\/wp-content\/uploads\/2025\/03\/centrada.png","width":1080,"height":1080},{"@type":"BreadcrumbList","@id":"https:\/\/tzionlibreria.com\/index.php\/product\/biblia-devocional-para-mujeres-centrada-en-cristo-reina-valera\/#breadcrumb","itemListElement":[{"@type":"ListItem","position":1,"name":"Inicio","item":"https:\/\/tzionlibreria.com\/"},{"@type":"ListItem","position":2,"name":"Shop","item":"https:\/\/tzionlibreria.com\/index.php\/shop\/"},{"@type":"ListItem","position":3,"name":"Biblia Devocional para Mujeres Centrada en Cristo Reina Valera"}]},{"@type":"WebSite","@id":"https:\/\/tzionlibreria.com\/#website","url":"https:\/\/tzionlibreria.com\/","name":"tzionlibreria.com","description":"Libreria Cristiana Venezuela","publisher":{"@id":"https:\/\/tzionlibreria.com\/#organization"},"potentialAction":[{"@type":"SearchAction","target":{"@type":"EntryPoint","urlTemplate":"https:\/\/tzionlibreria.com\/?s={search_term_string}"},"query-input":{"@type":"PropertyValueSpecification","valueRequired":true,"valueName":"search_term_string"}}],"inLanguage":"es-CO"},{"@type":"Organization","@id":"https:\/\/tzionlibreria.com\/#organization","name":"tzionlibreria.com","url":"https:\/\/tzionlibreria.com\/","logo":{"@type":"ImageObject","inLanguage":"es-CO","@id":"https:\/\/tzionlibreria.com\/#\/schema\/logo\/image\/","url":"https:\/\/tzionlibreria.com\/wp-content\/uploads\/2023\/10\/cropped-Cuadricula-scaled-1.jpg","contentUrl":"https:\/\/tzionlibreria.com\/wp-content\/uploads\/2023\/10\/cropped-Cuadricula-scaled-1.jpg","width":2560,"height":2560,"caption":"tzionlibreria.com"},"image":{"@id":"https:\/\/tzionlibreria.com\/#\/schema\/logo\/image\/"}}]}},"jetpack_sharing_enabled":true,"_links":{"self":[{"href":"https:\/\/tzionlibreria.com\/index.php\/wp-json\/wp\/v2\/product\/5317","targetHints":{"allow":["GET"]}}],"collection":[{"href":"https:\/\/tzionlibreria.com\/index.php\/wp-json\/wp\/v2\/product"}],"about":[{"href":"https:\/\/tzionlibreria.com\/index.php\/wp-json\/wp\/v2\/types\/product"}],"replies":[{"embeddable":true,"href":"https:\/\/tzionlibreria.com\/index.php\/wp-json\/wp\/v2\/comments?post=5317"}],"wp:featuredmedia":[{"embeddable":true,"href":"https:\/\/tzionlibreria.com\/index.php\/wp-json\/wp\/v2\/media\/5318"}],"wp:attachment":[{"href":"https:\/\/tzionlibreria.com\/index.php\/wp-json\/wp\/v2\/media?parent=5317"}],"wp:term":[{"taxonomy":"product_brand","embeddable":true,"href":"https:\/\/tzionlibreria.com\/index.php\/wp-json\/wp\/v2\/product_brand?post=5317"},{"taxonomy":"product_cat","embeddable":true,"href":"https:\/\/tzionlibreria.com\/index.php\/wp-json\/wp\/v2\/product_cat?post=5317"},{"taxonomy":"product_tag","embeddable":true,"href":"https:\/\/tzionlibreria.com\/index.php\/wp-json\/wp\/v2\/product_tag?post=5317"}],"curies":[{"name":"wp","href":"https:\/\/api.w.org\/{rel}","templated":true}]}}