{"id":5416,"date":"2025-06-05T17:02:56","date_gmt":"2025-06-05T17:02:56","guid":{"rendered":"https:\/\/tzionlibreria.com\/?post_type=product&#038;p=5416"},"modified":"2025-06-05T17:08:05","modified_gmt":"2025-06-05T17:08:05","slug":"biblia-letra-grande-12-rey-de-reyes-leon-dorada-rvr-1960-indice-cierre","status":"publish","type":"product","link":"https:\/\/tzionlibreria.com\/index.php\/product\/biblia-letra-grande-12-rey-de-reyes-leon-dorada-rvr-1960-indice-cierre\/","title":{"rendered":"Biblia Letra Grande 12 Rey de Reyes Le\u00f3n Dorada RVR 1960 \u00edndice cierre"},"content":{"rendered":"<h3 data-start=\"182\" data-end=\"237\">\ud83e\udd81\u00a0<strong data-start=\"189\" data-end=\"235\">Biblia Rey de Reyes \u2013 Le\u00f3n Dorada RVR 1960<\/strong><\/h3>\n<p>&nbsp;<\/p>\n<p data-start=\"238\" data-end=\"300\"><strong data-start=\"238\" data-end=\"300\">Letra grande | Cierre e \u00edndice | Palabras de Jes\u00fas en rojo<\/strong><\/p>\n<p data-start=\"302\" data-end=\"479\">Haz de tu tiempo con Dios una experiencia poderosa con esta impresionante Biblia de dise\u00f1o dorado con el rostro del Le\u00f3n de Jud\u00e1: un s\u00edmbolo de autoridad, majestad y valent\u00eda.<\/p>\n<p data-start=\"481\" data-end=\"615\">La\u00a0<strong data-start=\"484\" data-end=\"507\">Biblia Rey de Reyes<\/strong>\u00a0combina elegancia, contenido profundo y herramientas \u00fatiles que acompa\u00f1an tu crecimiento espiritual diario.<\/p>\n<hr data-start=\"617\" data-end=\"620\" \/>\n<h3 data-start=\"622\" data-end=\"655\">\ud83d\udcd6\u00a0<strong data-start=\"629\" data-end=\"655\">Caracter\u00edsticas clave:<\/strong><\/h3>\n<ul data-start=\"656\" data-end=\"1172\">\n<li data-start=\"656\" data-end=\"738\">\n<p data-start=\"658\" data-end=\"738\">Versi\u00f3n Reina-Valera 1960 (RVR1960), la m\u00e1s usada en el mundo de habla hispana<\/p>\n<\/li>\n<li data-start=\"739\" data-end=\"792\">\n<p data-start=\"741\" data-end=\"792\"><strong data-start=\"741\" data-end=\"770\">Letra grande de 12 puntos<\/strong>\u00a0para lectura c\u00f3moda<\/p>\n<\/li>\n<li data-start=\"793\" data-end=\"853\">\n<p data-start=\"795\" data-end=\"853\"><strong data-start=\"795\" data-end=\"824\">Palabras de Jes\u00fas en rojo<\/strong>\u00a0para destacar Su ense\u00f1anza<\/p>\n<\/li>\n<li data-start=\"854\" data-end=\"920\">\n<p data-start=\"856\" data-end=\"920\"><strong data-start=\"856\" data-end=\"895\">Concordancia extensa de 300 p\u00e1ginas<\/strong>\u00a0para estudio detallado<\/p>\n<\/li>\n<li data-start=\"921\" data-end=\"1004\">\n<p data-start=\"923\" data-end=\"1004\"><strong data-start=\"923\" data-end=\"961\">Cierre y dise\u00f1o con \u00edndice lateral<\/strong>\u00a0para mayor protecci\u00f3n y f\u00e1cil navegaci\u00f3n<\/p>\n<\/li>\n<li data-start=\"1005\" data-end=\"1074\">\n<p data-start=\"1007\" data-end=\"1074\">Portada con ilustraci\u00f3n de le\u00f3n (Rey de Reyes) y tacto tipo cuero<\/p>\n<\/li>\n<li data-start=\"1075\" data-end=\"1112\">\n<p data-start=\"1077\" data-end=\"1112\">Tama\u00f1o compacto: 8 x 5.5 pulgadas<\/p>\n<\/li>\n<li data-start=\"1113\" data-end=\"1172\">\n<p data-start=\"1115\" data-end=\"1172\">P\u00e1gina de presentaci\u00f3n y secci\u00f3n para registro familiar<\/p>\n<\/li>\n<\/ul>\n<hr data-start=\"1174\" data-end=\"1177\" \/>\n<h3 data-start=\"1179\" data-end=\"1209\">\ud83d\udcda\u00a0<strong data-start=\"1186\" data-end=\"1209\">Recursos incluidos:<\/strong><\/h3>\n<ul data-start=\"1210\" data-end=\"1505\">\n<li data-start=\"1210\" data-end=\"1247\">\n<p data-start=\"1212\" data-end=\"1247\">Tabla de pesos y medidas b\u00edblicas<\/p>\n<\/li>\n<li data-start=\"1248\" data-end=\"1271\">\n<p data-start=\"1250\" data-end=\"1271\">C\u00f3mo leer la Biblia<\/p>\n<\/li>\n<li data-start=\"1272\" data-end=\"1305\">\n<p data-start=\"1274\" data-end=\"1305\">Lecturas para d\u00edas especiales<\/p>\n<\/li>\n<li data-start=\"1306\" data-end=\"1346\">\n<p data-start=\"1308\" data-end=\"1346\">Pasajes famosos y canciones b\u00edblicas<\/p>\n<\/li>\n<li data-start=\"1347\" data-end=\"1369\">\n<p data-start=\"1349\" data-end=\"1369\">Oraciones b\u00edblicas<\/p>\n<\/li>\n<li data-start=\"1370\" data-end=\"1408\">\n<p data-start=\"1372\" data-end=\"1408\">Qu\u00e9 dice la Biblia sobre el perd\u00f3n<\/p>\n<\/li>\n<li data-start=\"1409\" data-end=\"1446\">\n<p data-start=\"1411\" data-end=\"1446\">C\u00f3mo encontrar ayuda en la Biblia<\/p>\n<\/li>\n<li data-start=\"1447\" data-end=\"1484\">\n<p data-start=\"1449\" data-end=\"1484\">Plan de lectura b\u00edblica en un a\u00f1o<\/p>\n<\/li>\n<li data-start=\"1485\" data-end=\"1505\">\n<p data-start=\"1487\" data-end=\"1505\">Mapas a todo color<\/p>\n<\/li>\n<\/ul>\n<hr data-start=\"1507\" data-end=\"1510\" \/>\n<h3 data-start=\"1512\" data-end=\"1547\">\ud83c\udfaf\u00a0<strong data-start=\"1519\" data-end=\"1547\">\u00bfPara qui\u00e9n va dirigida?<\/strong><\/h3>\n<ul data-start=\"1548\" data-end=\"1788\">\n<li data-start=\"1548\" data-end=\"1637\">\n<p data-start=\"1550\" data-end=\"1637\">Hombres y mujeres que desean una Biblia fuerte, con car\u00e1cter, y dise\u00f1o significativo.<\/p>\n<\/li>\n<li data-start=\"1638\" data-end=\"1705\">\n<p data-start=\"1640\" data-end=\"1705\">Creyentes que aman estudiar la Palabra con profundidad y orden.<\/p>\n<\/li>\n<li data-start=\"1706\" data-end=\"1788\">\n<p data-start=\"1708\" data-end=\"1788\">Ideal para l\u00edderes, predicadores, pastores, o como regalo para alguien especial.<\/p>\n<\/li>\n<\/ul>\n<hr data-start=\"1790\" data-end=\"1793\" \/>\n<h3 data-start=\"1795\" data-end=\"1814\">\u2b50\u00a0<strong data-start=\"1801\" data-end=\"1814\">Ventajas:<\/strong><\/h3>\n<p data-start=\"1815\" data-end=\"1982\">\u2714\ufe0f Dise\u00f1o visual impactante que honra al Rey de Reyes<br data-start=\"1868\" data-end=\"1871\" \/>\u2714\ufe0f Ideal para leer, estudiar, predicar y regalar<br data-start=\"1919\" data-end=\"1922\" \/>\u2714\ufe0f Portabilidad, protecci\u00f3n y legibilidad en un solo formato<\/p>\n","protected":false},"excerpt":{"rendered":"<p>\ud83e\udd81\u00a0Biblia Rey de Reyes \u2013 Le\u00f3n Dorada RVR 1960 &nbsp; Letra grande | Cierre e \u00edndice | Palabras de Jes\u00fas en rojo Haz de tu tiempo con Dios una experiencia poderosa con esta impresionante Biblia de dise\u00f1o dorado con el rostro del Le\u00f3n de Jud\u00e1: un s\u00edmbolo de autoridad, majestad y valent\u00eda. La\u00a0Biblia Rey de [&hellip;]<\/p>\n","protected":false},"featured_media":5414,"comment_status":"open","ping_status":"closed","template":"","meta":{"om_disable_all_campaigns":false,"_monsterinsights_skip_tracking":false,"_monsterinsights_sitenote_active":false,"_monsterinsights_sitenote_note":"","_monsterinsights_sitenote_category":0,"site-sidebar-layout":"default","site-content-layout":"","ast-site-content-layout":"default","site-content-style":"default","site-sidebar-style":"default","ast-global-header-display":"","ast-banner-title-visibility":"","ast-main-header-display":"","ast-hfb-above-header-display":"","ast-hfb-below-header-display":"","ast-hfb-mobile-header-display":"","site-post-title":"","ast-breadcrumbs-content":"","ast-featured-img":"","footer-sml-layout":"","ast-disable-related-posts":"","theme-transparent-header-meta":"default","adv-header-id-meta":"","stick-header-meta":"","header-above-stick-meta":"","header-main-stick-meta":"","header-below-stick-meta":"","astra-migrate-meta-layouts":"set","ast-page-background-enabled":"default","ast-page-background-meta":{"desktop":{"background-color":"var(--ast-global-color-4)","background-image":"","background-repeat":"repeat","background-position":"center center","background-size":"auto","background-attachment":"scroll","background-type":"","background-media":"","overlay-type":"","overlay-color":"","overlay-opacity":"","overlay-gradient":""},"tablet":{"background-color":"","background-image":"","background-repeat":"repeat","background-position":"center center","background-size":"auto","background-attachment":"scroll","background-type":"","background-media":"","overlay-type":"","overlay-color":"","overlay-opacity":"","overlay-gradient":""},"mobile":{"background-color":"","background-image":"","background-repeat":"repeat","background-position":"center center","background-size":"auto","background-attachment":"scroll","background-type":"","background-media":"","overlay-type":"","overlay-color":"","overlay-opacity":"","overlay-gradient":""}},"ast-content-background-meta":{"desktop":{"background-color":"var(--ast-global-color-5)","background-image":"","background-repeat":"repeat","background-position":"center center","background-size":"auto","background-attachment":"scroll","background-type":"","background-media":"","overlay-type":"","overlay-color":"","overlay-opacity":"","overlay-gradient":""},"tablet":{"background-color":"var(--ast-global-color-5)","background-image":"","background-repeat":"repeat","background-position":"center center","background-size":"auto","background-attachment":"scroll","background-type":"","background-media":"","overlay-type":"","overlay-color":"","overlay-opacity":"","overlay-gradient":""},"mobile":{"background-color":"var(--ast-global-color-5)","background-image":"","background-repeat":"repeat","background-position":"center center","background-size":"auto","background-attachment":"scroll","background-type":"","background-media":"","overlay-type":"","overlay-color":"","overlay-opacity":"","overlay-gradient":""}}},"product_brand":[],"product_cat":[22,42,177],"product_tag":[],"class_list":{"0":"post-5416","1":"product","2":"type-product","3":"status-publish","4":"has-post-thumbnail","6":"product_cat-biblias","7":"product_cat-biblias-reina-valera","8":"product_cat-letra-grande-rvr","9":"desktop-align-left","10":"tablet-align-left","11":"mobile-align-left","13":"first","14":"instock","15":"shipping-taxable","16":"purchasable","17":"product-type-simple"},"yoast_head":"<!-- This site is optimized with the Yoast SEO plugin v27.4 - https:\/\/yoast.com\/product\/yoast-seo-wordpress\/ -->\n<title>Biblia Letra Grande 12 Rey de Reyes Le\u00f3n Dorada RVR 1960 \u00edndice cierre - tzionlibreria.com<\/title>\n<meta name=\"description\" content=\"La Biblia Rey de Reyes combina elegancia, de Letra grande 12 puntos con Cierre e \u00edndice, incluye las Palabras de Jes\u00fas en rojo.\" \/>\n<meta name=\"robots\" content=\"index, follow, max-snippet:-1, max-image-preview:large, max-video-preview:-1\" \/>\n<link rel=\"canonical\" href=\"https:\/\/tzionlibreria.com\/index.php\/product\/biblia-letra-grande-12-rey-de-reyes-leon-dorada-rvr-1960-indice-cierre\/\" \/>\n<meta property=\"og:locale\" content=\"es_ES\" \/>\n<meta property=\"og:type\" content=\"article\" \/>\n<meta property=\"og:title\" content=\"Biblia Letra Grande 12 Rey de Reyes Le\u00f3n Dorada RVR 1960 \u00edndice cierre - tzionlibreria.com\" \/>\n<meta property=\"og:description\" content=\"La Biblia Rey de Reyes combina elegancia, de Letra grande 12 puntos con Cierre e \u00edndice, incluye las Palabras de Jes\u00fas en rojo.\" \/>\n<meta property=\"og:url\" content=\"https:\/\/tzionlibreria.com\/index.php\/product\/biblia-letra-grande-12-rey-de-reyes-leon-dorada-rvr-1960-indice-cierre\/\" \/>\n<meta property=\"og:site_name\" content=\"tzionlibreria.com\" \/>\n<meta property=\"article:modified_time\" content=\"2025-06-05T17:08:05+00:00\" \/>\n<meta property=\"og:image\" content=\"http:\/\/tzionlibreria.com\/wp-content\/uploads\/2025\/06\/58.png\" \/>\n\t<meta property=\"og:image:width\" content=\"1080\" \/>\n\t<meta property=\"og:image:height\" content=\"1080\" \/>\n\t<meta property=\"og:image:type\" content=\"image\/png\" \/>\n<meta name=\"twitter:card\" content=\"summary_large_image\" \/>\n<meta name=\"twitter:label1\" content=\"Tiempo de lectura\" \/>\n\t<meta name=\"twitter:data1\" content=\"2 minutos\" \/>\n<script type=\"application\/ld+json\" class=\"yoast-schema-graph\">{\"@context\":\"https:\\\/\\\/schema.org\",\"@graph\":[{\"@type\":\"WebPage\",\"@id\":\"https:\\\/\\\/tzionlibreria.com\\\/index.php\\\/product\\\/biblia-letra-grande-12-rey-de-reyes-leon-dorada-rvr-1960-indice-cierre\\\/\",\"url\":\"https:\\\/\\\/tzionlibreria.com\\\/index.php\\\/product\\\/biblia-letra-grande-12-rey-de-reyes-leon-dorada-rvr-1960-indice-cierre\\\/\",\"name\":\"Biblia Letra Grande 12 Rey de Reyes Le\u00f3n Dorada RVR 1960 \u00edndice cierre - tzionlibreria.com\",\"isPartOf\":{\"@id\":\"https:\\\/\\\/tzionlibreria.com\\\/#website\"},\"primaryImageOfPage\":{\"@id\":\"https:\\\/\\\/tzionlibreria.com\\\/index.php\\\/product\\\/biblia-letra-grande-12-rey-de-reyes-leon-dorada-rvr-1960-indice-cierre\\\/#primaryimage\"},\"image\":{\"@id\":\"https:\\\/\\\/tzionlibreria.com\\\/index.php\\\/product\\\/biblia-letra-grande-12-rey-de-reyes-leon-dorada-rvr-1960-indice-cierre\\\/#primaryimage\"},\"thumbnailUrl\":\"https:\\\/\\\/tzionlibreria.com\\\/wp-content\\\/uploads\\\/2025\\\/06\\\/58.png\",\"datePublished\":\"2025-06-05T17:02:56+00:00\",\"dateModified\":\"2025-06-05T17:08:05+00:00\",\"description\":\"La Biblia Rey de Reyes combina elegancia, de Letra grande 12 puntos con Cierre e \u00edndice, incluye las Palabras de Jes\u00fas en rojo.\",\"breadcrumb\":{\"@id\":\"https:\\\/\\\/tzionlibreria.com\\\/index.php\\\/product\\\/biblia-letra-grande-12-rey-de-reyes-leon-dorada-rvr-1960-indice-cierre\\\/#breadcrumb\"},\"inLanguage\":\"es-CO\",\"potentialAction\":[{\"@type\":\"ReadAction\",\"target\":[\"https:\\\/\\\/tzionlibreria.com\\\/index.php\\\/product\\\/biblia-letra-grande-12-rey-de-reyes-leon-dorada-rvr-1960-indice-cierre\\\/\"]}]},{\"@type\":\"ImageObject\",\"inLanguage\":\"es-CO\",\"@id\":\"https:\\\/\\\/tzionlibreria.com\\\/index.php\\\/product\\\/biblia-letra-grande-12-rey-de-reyes-leon-dorada-rvr-1960-indice-cierre\\\/#primaryimage\",\"url\":\"https:\\\/\\\/tzionlibreria.com\\\/wp-content\\\/uploads\\\/2025\\\/06\\\/58.png\",\"contentUrl\":\"https:\\\/\\\/tzionlibreria.com\\\/wp-content\\\/uploads\\\/2025\\\/06\\\/58.png\",\"width\":1080,\"height\":1080},{\"@type\":\"BreadcrumbList\",\"@id\":\"https:\\\/\\\/tzionlibreria.com\\\/index.php\\\/product\\\/biblia-letra-grande-12-rey-de-reyes-leon-dorada-rvr-1960-indice-cierre\\\/#breadcrumb\",\"itemListElement\":[{\"@type\":\"ListItem\",\"position\":1,\"name\":\"Inicio\",\"item\":\"https:\\\/\\\/tzionlibreria.com\\\/\"},{\"@type\":\"ListItem\",\"position\":2,\"name\":\"Shop\",\"item\":\"https:\\\/\\\/tzionlibreria.com\\\/index.php\\\/shop\\\/\"},{\"@type\":\"ListItem\",\"position\":3,\"name\":\"Biblia Letra Grande 12 Rey de Reyes Le\u00f3n Dorada RVR 1960 \u00edndice cierre\"}]},{\"@type\":\"WebSite\",\"@id\":\"https:\\\/\\\/tzionlibreria.com\\\/#website\",\"url\":\"https:\\\/\\\/tzionlibreria.com\\\/\",\"name\":\"tzionlibreria.com\",\"description\":\"Libreria Cristiana Venezuela\",\"publisher\":{\"@id\":\"https:\\\/\\\/tzionlibreria.com\\\/#organization\"},\"potentialAction\":[{\"@type\":\"SearchAction\",\"target\":{\"@type\":\"EntryPoint\",\"urlTemplate\":\"https:\\\/\\\/tzionlibreria.com\\\/?s={search_term_string}\"},\"query-input\":{\"@type\":\"PropertyValueSpecification\",\"valueRequired\":true,\"valueName\":\"search_term_string\"}}],\"inLanguage\":\"es-CO\"},{\"@type\":\"Organization\",\"@id\":\"https:\\\/\\\/tzionlibreria.com\\\/#organization\",\"name\":\"tzionlibreria.com\",\"url\":\"https:\\\/\\\/tzionlibreria.com\\\/\",\"logo\":{\"@type\":\"ImageObject\",\"inLanguage\":\"es-CO\",\"@id\":\"https:\\\/\\\/tzionlibreria.com\\\/#\\\/schema\\\/logo\\\/image\\\/\",\"url\":\"https:\\\/\\\/tzionlibreria.com\\\/wp-content\\\/uploads\\\/2023\\\/10\\\/cropped-Cuadricula-scaled-1.jpg\",\"contentUrl\":\"https:\\\/\\\/tzionlibreria.com\\\/wp-content\\\/uploads\\\/2023\\\/10\\\/cropped-Cuadricula-scaled-1.jpg\",\"width\":2560,\"height\":2560,\"caption\":\"tzionlibreria.com\"},\"image\":{\"@id\":\"https:\\\/\\\/tzionlibreria.com\\\/#\\\/schema\\\/logo\\\/image\\\/\"}}]}<\/script>\n<!-- \/ Yoast SEO plugin. -->","yoast_head_json":{"title":"Biblia Letra Grande 12 Rey de Reyes Le\u00f3n Dorada RVR 1960 \u00edndice cierre - tzionlibreria.com","description":"La Biblia Rey de Reyes combina elegancia, de Letra grande 12 puntos con Cierre e \u00edndice, incluye las Palabras de Jes\u00fas en rojo.","robots":{"index":"index","follow":"follow","max-snippet":"max-snippet:-1","max-image-preview":"max-image-preview:large","max-video-preview":"max-video-preview:-1"},"canonical":"https:\/\/tzionlibreria.com\/index.php\/product\/biblia-letra-grande-12-rey-de-reyes-leon-dorada-rvr-1960-indice-cierre\/","og_locale":"es_ES","og_type":"article","og_title":"Biblia Letra Grande 12 Rey de Reyes Le\u00f3n Dorada RVR 1960 \u00edndice cierre - tzionlibreria.com","og_description":"La Biblia Rey de Reyes combina elegancia, de Letra grande 12 puntos con Cierre e \u00edndice, incluye las Palabras de Jes\u00fas en rojo.","og_url":"https:\/\/tzionlibreria.com\/index.php\/product\/biblia-letra-grande-12-rey-de-reyes-leon-dorada-rvr-1960-indice-cierre\/","og_site_name":"tzionlibreria.com","article_modified_time":"2025-06-05T17:08:05+00:00","og_image":[{"width":1080,"height":1080,"url":"http:\/\/tzionlibreria.com\/wp-content\/uploads\/2025\/06\/58.png","type":"image\/png"}],"twitter_card":"summary_large_image","twitter_misc":{"Tiempo de lectura":"2 minutos"},"schema":{"@context":"https:\/\/schema.org","@graph":[{"@type":"WebPage","@id":"https:\/\/tzionlibreria.com\/index.php\/product\/biblia-letra-grande-12-rey-de-reyes-leon-dorada-rvr-1960-indice-cierre\/","url":"https:\/\/tzionlibreria.com\/index.php\/product\/biblia-letra-grande-12-rey-de-reyes-leon-dorada-rvr-1960-indice-cierre\/","name":"Biblia Letra Grande 12 Rey de Reyes Le\u00f3n Dorada RVR 1960 \u00edndice cierre - tzionlibreria.com","isPartOf":{"@id":"https:\/\/tzionlibreria.com\/#website"},"primaryImageOfPage":{"@id":"https:\/\/tzionlibreria.com\/index.php\/product\/biblia-letra-grande-12-rey-de-reyes-leon-dorada-rvr-1960-indice-cierre\/#primaryimage"},"image":{"@id":"https:\/\/tzionlibreria.com\/index.php\/product\/biblia-letra-grande-12-rey-de-reyes-leon-dorada-rvr-1960-indice-cierre\/#primaryimage"},"thumbnailUrl":"https:\/\/tzionlibreria.com\/wp-content\/uploads\/2025\/06\/58.png","datePublished":"2025-06-05T17:02:56+00:00","dateModified":"2025-06-05T17:08:05+00:00","description":"La Biblia Rey de Reyes combina elegancia, de Letra grande 12 puntos con Cierre e \u00edndice, incluye las Palabras de Jes\u00fas en rojo.","breadcrumb":{"@id":"https:\/\/tzionlibreria.com\/index.php\/product\/biblia-letra-grande-12-rey-de-reyes-leon-dorada-rvr-1960-indice-cierre\/#breadcrumb"},"inLanguage":"es-CO","potentialAction":[{"@type":"ReadAction","target":["https:\/\/tzionlibreria.com\/index.php\/product\/biblia-letra-grande-12-rey-de-reyes-leon-dorada-rvr-1960-indice-cierre\/"]}]},{"@type":"ImageObject","inLanguage":"es-CO","@id":"https:\/\/tzionlibreria.com\/index.php\/product\/biblia-letra-grande-12-rey-de-reyes-leon-dorada-rvr-1960-indice-cierre\/#primaryimage","url":"https:\/\/tzionlibreria.com\/wp-content\/uploads\/2025\/06\/58.png","contentUrl":"https:\/\/tzionlibreria.com\/wp-content\/uploads\/2025\/06\/58.png","width":1080,"height":1080},{"@type":"BreadcrumbList","@id":"https:\/\/tzionlibreria.com\/index.php\/product\/biblia-letra-grande-12-rey-de-reyes-leon-dorada-rvr-1960-indice-cierre\/#breadcrumb","itemListElement":[{"@type":"ListItem","position":1,"name":"Inicio","item":"https:\/\/tzionlibreria.com\/"},{"@type":"ListItem","position":2,"name":"Shop","item":"https:\/\/tzionlibreria.com\/index.php\/shop\/"},{"@type":"ListItem","position":3,"name":"Biblia Letra Grande 12 Rey de Reyes Le\u00f3n Dorada RVR 1960 \u00edndice cierre"}]},{"@type":"WebSite","@id":"https:\/\/tzionlibreria.com\/#website","url":"https:\/\/tzionlibreria.com\/","name":"tzionlibreria.com","description":"Libreria Cristiana Venezuela","publisher":{"@id":"https:\/\/tzionlibreria.com\/#organization"},"potentialAction":[{"@type":"SearchAction","target":{"@type":"EntryPoint","urlTemplate":"https:\/\/tzionlibreria.com\/?s={search_term_string}"},"query-input":{"@type":"PropertyValueSpecification","valueRequired":true,"valueName":"search_term_string"}}],"inLanguage":"es-CO"},{"@type":"Organization","@id":"https:\/\/tzionlibreria.com\/#organization","name":"tzionlibreria.com","url":"https:\/\/tzionlibreria.com\/","logo":{"@type":"ImageObject","inLanguage":"es-CO","@id":"https:\/\/tzionlibreria.com\/#\/schema\/logo\/image\/","url":"https:\/\/tzionlibreria.com\/wp-content\/uploads\/2023\/10\/cropped-Cuadricula-scaled-1.jpg","contentUrl":"https:\/\/tzionlibreria.com\/wp-content\/uploads\/2023\/10\/cropped-Cuadricula-scaled-1.jpg","width":2560,"height":2560,"caption":"tzionlibreria.com"},"image":{"@id":"https:\/\/tzionlibreria.com\/#\/schema\/logo\/image\/"}}]}},"jetpack_sharing_enabled":true,"_links":{"self":[{"href":"https:\/\/tzionlibreria.com\/index.php\/wp-json\/wp\/v2\/product\/5416","targetHints":{"allow":["GET"]}}],"collection":[{"href":"https:\/\/tzionlibreria.com\/index.php\/wp-json\/wp\/v2\/product"}],"about":[{"href":"https:\/\/tzionlibreria.com\/index.php\/wp-json\/wp\/v2\/types\/product"}],"replies":[{"embeddable":true,"href":"https:\/\/tzionlibreria.com\/index.php\/wp-json\/wp\/v2\/comments?post=5416"}],"wp:featuredmedia":[{"embeddable":true,"href":"https:\/\/tzionlibreria.com\/index.php\/wp-json\/wp\/v2\/media\/5414"}],"wp:attachment":[{"href":"https:\/\/tzionlibreria.com\/index.php\/wp-json\/wp\/v2\/media?parent=5416"}],"wp:term":[{"taxonomy":"product_brand","embeddable":true,"href":"https:\/\/tzionlibreria.com\/index.php\/wp-json\/wp\/v2\/product_brand?post=5416"},{"taxonomy":"product_cat","embeddable":true,"href":"https:\/\/tzionlibreria.com\/index.php\/wp-json\/wp\/v2\/product_cat?post=5416"},{"taxonomy":"product_tag","embeddable":true,"href":"https:\/\/tzionlibreria.com\/index.php\/wp-json\/wp\/v2\/product_tag?post=5416"}],"curies":[{"name":"wp","href":"https:\/\/api.w.org\/{rel}","templated":true}]}}