{"id":5424,"date":"2025-06-05T17:15:44","date_gmt":"2025-06-05T17:15:44","guid":{"rendered":"https:\/\/tzionlibreria.com\/?post_type=product&#038;p=5424"},"modified":"2026-03-10T15:48:46","modified_gmt":"2026-03-10T15:48:46","slug":"biblia-rvr1960-con-cierre-letra-grande-12-pts-cafe-geometrico","status":"publish","type":"product","link":"https:\/\/tzionlibreria.com\/index.php\/product\/biblia-rvr1960-con-cierre-letra-grande-12-pts-cafe-geometrico\/","title":{"rendered":"Biblia RVR1960 con Cierre Letra Grande (12 pts) |Caf\u00e9 Geom\u00e9trico"},"content":{"rendered":"<h3 data-start=\"184\" data-end=\"262\">\ud83d\udcd6 <strong data-start=\"191\" data-end=\"262\">Biblia RVR1960 con Cierre \u2013 Letra Grande (12 pts) | Caf\u00e9 Geom\u00e9trico<\/strong><\/h3>\n<p>&nbsp;<\/p>\n<p data-start=\"263\" data-end=\"296\"><strong data-start=\"263\" data-end=\"296\">Compacta. Completa. Profunda.<\/strong><\/p>\n<p data-start=\"298\" data-end=\"623\">Esta edici\u00f3n de la <strong data-start=\"317\" data-end=\"351\">Santa Biblia Reina-Valera 1960<\/strong> combina portabilidad, elegancia y contenido robusto para el estudio personal, la ense\u00f1anza y la lectura diaria. Su dise\u00f1o moderno en tono caf\u00e9 con patr\u00f3n geom\u00e9trico la convierte en una pieza discreta y varonil, perfecta para hombres de fe que buscan profundidad y estilo.<\/p>\n<hr data-start=\"625\" data-end=\"628\" \/>\n<h3 data-start=\"630\" data-end=\"668\">\u2728 <strong data-start=\"636\" data-end=\"668\">Caracter\u00edsticas principales:<\/strong><\/h3>\n<ul data-start=\"669\" data-end=\"1033\">\n<li data-start=\"669\" data-end=\"738\">\n<p data-start=\"671\" data-end=\"738\">\u2705 <strong data-start=\"673\" data-end=\"702\">Letra grande de 12 puntos<\/strong>: lectura c\u00f3moda sin fatiga visual<\/p>\n<\/li>\n<li data-start=\"739\" data-end=\"810\">\n<p data-start=\"741\" data-end=\"810\">\u2705 <strong data-start=\"743\" data-end=\"762\">Cierre completo<\/strong>: ideal para protegerla y llevarla donde vayas<\/p>\n<\/li>\n<li data-start=\"811\" data-end=\"846\">\n<p data-start=\"813\" data-end=\"846\">\u2705 <strong data-start=\"815\" data-end=\"844\">Palabras de Jes\u00fas en rojo<\/strong><\/p>\n<\/li>\n<li data-start=\"847\" data-end=\"898\">\n<p data-start=\"849\" data-end=\"898\">\u2705 <strong data-start=\"851\" data-end=\"873\">Compacta y liviana<\/strong> (5.25 x 7.25 pulgadas)<\/p>\n<\/li>\n<li data-start=\"899\" data-end=\"955\">\n<p data-start=\"901\" data-end=\"955\">\u2705 Tapa imitaci\u00f3n cuero con dise\u00f1o geom\u00e9trico moderno<\/p>\n<\/li>\n<li data-start=\"956\" data-end=\"995\">\n<p data-start=\"958\" data-end=\"995\">\u2705 32 p\u00e1ginas de ayudas a todo color<\/p>\n<\/li>\n<li data-start=\"996\" data-end=\"1033\">\n<p data-start=\"998\" data-end=\"1033\">\u2705 <strong data-start=\"1000\" data-end=\"1031\">Concordancia de 100 p\u00e1ginas<\/strong><\/p>\n<\/li>\n<\/ul>\n<hr data-start=\"1035\" data-end=\"1038\" \/>\n<h3 data-start=\"1040\" data-end=\"1070\">\ud83d\udcda <strong data-start=\"1047\" data-end=\"1070\">Contenido especial:<\/strong><\/h3>\n<ul data-start=\"1071\" data-end=\"1434\">\n<li data-start=\"1071\" data-end=\"1127\">\n<p data-start=\"1073\" data-end=\"1127\">Introducciones por <strong data-start=\"1092\" data-end=\"1109\">C.H. Spurgeon<\/strong> y <strong data-start=\"1112\" data-end=\"1125\">J.C. Ryle<\/strong><\/p>\n<\/li>\n<li data-start=\"1128\" data-end=\"1161\">\n<p data-start=\"1130\" data-end=\"1161\">Par\u00e1bolas y milagros de Jes\u00fas<\/p>\n<\/li>\n<li data-start=\"1162\" data-end=\"1202\">\n<p data-start=\"1164\" data-end=\"1202\">Genealog\u00eda de Jes\u00fas y fiestas jud\u00edas<\/p>\n<\/li>\n<li data-start=\"1203\" data-end=\"1237\">\n<p data-start=\"1205\" data-end=\"1237\">Cronolog\u00eda de reyes y profetas<\/p>\n<\/li>\n<li data-start=\"1238\" data-end=\"1258\">\n<p data-start=\"1240\" data-end=\"1258\">Plano del templo<\/p>\n<\/li>\n<li data-start=\"1259\" data-end=\"1286\">\n<p data-start=\"1261\" data-end=\"1286\">Tipolog\u00eda de los salmos<\/p>\n<\/li>\n<li data-start=\"1287\" data-end=\"1309\">\n<p data-start=\"1289\" data-end=\"1309\">Mapas a todo color<\/p>\n<\/li>\n<li data-start=\"1310\" data-end=\"1330\">\n<p data-start=\"1312\" data-end=\"1330\">Promesas de Dios<\/p>\n<\/li>\n<li data-start=\"1331\" data-end=\"1352\">\n<p data-start=\"1333\" data-end=\"1352\">Plan de salvaci\u00f3n<\/p>\n<\/li>\n<li data-start=\"1353\" data-end=\"1390\">\n<p data-start=\"1355\" data-end=\"1390\">Plan de lectura b\u00edblica en un a\u00f1o<\/p>\n<\/li>\n<li data-start=\"1391\" data-end=\"1434\">\n<p data-start=\"1393\" data-end=\"1434\">Referencias cruzadas y vers\u00edculos clave<\/p>\n<\/li>\n<\/ul>\n<hr data-start=\"1436\" data-end=\"1439\" \/>\n<h3 data-start=\"1441\" data-end=\"1473\">\ud83c\udfaf <strong data-start=\"1448\" data-end=\"1473\">\u00bfPara qui\u00e9n es ideal?<\/strong><\/h3>\n<ul data-start=\"1474\" data-end=\"1730\">\n<li data-start=\"1474\" data-end=\"1526\">\n<p data-start=\"1476\" data-end=\"1526\">Hombres que buscan una Biblia funcional y sobria<\/p>\n<\/li>\n<li data-start=\"1527\" data-end=\"1605\">\n<p data-start=\"1529\" data-end=\"1605\">Personas que necesitan un formato compacto pero con <strong data-start=\"1581\" data-end=\"1603\">contenido completo<\/strong><\/p>\n<\/li>\n<li data-start=\"1606\" data-end=\"1662\">\n<p data-start=\"1608\" data-end=\"1662\">Quienes estudian o ense\u00f1an la Biblia con profundidad<\/p>\n<\/li>\n<li data-start=\"1663\" data-end=\"1730\">\n<p data-start=\"1665\" data-end=\"1730\">Regalo ideal para l\u00edderes, pap\u00e1s, pastores o j\u00f3venes en formaci\u00f3n<\/p>\n<\/li>\n<\/ul>\n<hr data-start=\"1732\" data-end=\"1735\" \/>\n<p data-start=\"1737\" data-end=\"1885\">\n","protected":false},"excerpt":{"rendered":"<p>\ud83d\udcd6 Biblia RVR1960 con Cierre \u2013 Letra Grande (12 pts) | Caf\u00e9 Geom\u00e9trico &nbsp; Compacta. Completa. Profunda. Esta edici\u00f3n de la Santa Biblia Reina-Valera 1960 combina portabilidad, elegancia y contenido robusto para el estudio personal, la ense\u00f1anza y la lectura diaria. Su dise\u00f1o moderno en tono caf\u00e9 con patr\u00f3n geom\u00e9trico la convierte en una pieza [&hellip;]<\/p>\n","protected":false},"featured_media":5425,"comment_status":"open","ping_status":"closed","template":"","meta":{"om_disable_all_campaigns":false,"_monsterinsights_skip_tracking":false,"_monsterinsights_sitenote_active":false,"_monsterinsights_sitenote_note":"","_monsterinsights_sitenote_category":0,"site-sidebar-layout":"default","site-content-layout":"","ast-site-content-layout":"default","site-content-style":"default","site-sidebar-style":"default","ast-global-header-display":"","ast-banner-title-visibility":"","ast-main-header-display":"","ast-hfb-above-header-display":"","ast-hfb-below-header-display":"","ast-hfb-mobile-header-display":"","site-post-title":"","ast-breadcrumbs-content":"","ast-featured-img":"","footer-sml-layout":"","ast-disable-related-posts":"","theme-transparent-header-meta":"default","adv-header-id-meta":"","stick-header-meta":"","header-above-stick-meta":"","header-main-stick-meta":"","header-below-stick-meta":"","astra-migrate-meta-layouts":"set","ast-page-background-enabled":"default","ast-page-background-meta":{"desktop":{"background-color":"var(--ast-global-color-4)","background-image":"","background-repeat":"repeat","background-position":"center center","background-size":"auto","background-attachment":"scroll","background-type":"","background-media":"","overlay-type":"","overlay-color":"","overlay-opacity":"","overlay-gradient":""},"tablet":{"background-color":"","background-image":"","background-repeat":"repeat","background-position":"center center","background-size":"auto","background-attachment":"scroll","background-type":"","background-media":"","overlay-type":"","overlay-color":"","overlay-opacity":"","overlay-gradient":""},"mobile":{"background-color":"","background-image":"","background-repeat":"repeat","background-position":"center center","background-size":"auto","background-attachment":"scroll","background-type":"","background-media":"","overlay-type":"","overlay-color":"","overlay-opacity":"","overlay-gradient":""}},"ast-content-background-meta":{"desktop":{"background-color":"var(--ast-global-color-5)","background-image":"","background-repeat":"repeat","background-position":"center center","background-size":"auto","background-attachment":"scroll","background-type":"","background-media":"","overlay-type":"","overlay-color":"","overlay-opacity":"","overlay-gradient":""},"tablet":{"background-color":"var(--ast-global-color-5)","background-image":"","background-repeat":"repeat","background-position":"center center","background-size":"auto","background-attachment":"scroll","background-type":"","background-media":"","overlay-type":"","overlay-color":"","overlay-opacity":"","overlay-gradient":""},"mobile":{"background-color":"var(--ast-global-color-5)","background-image":"","background-repeat":"repeat","background-position":"center center","background-size":"auto","background-attachment":"scroll","background-type":"","background-media":"","overlay-type":"","overlay-color":"","overlay-opacity":"","overlay-gradient":""}}},"product_brand":[],"product_cat":[22,42,177],"product_tag":[],"class_list":{"0":"post-5424","1":"product","2":"type-product","3":"status-publish","4":"has-post-thumbnail","6":"product_cat-biblias","7":"product_cat-biblias-reina-valera","8":"product_cat-letra-grande-rvr","9":"desktop-align-left","10":"tablet-align-left","11":"mobile-align-left","13":"first","14":"instock","15":"shipping-taxable","16":"purchasable","17":"product-type-simple"},"yoast_head":"<!-- This site is optimized with the Yoast SEO plugin v27.4 - https:\/\/yoast.com\/product\/yoast-seo-wordpress\/ -->\n<title>Biblia RVR1960 con Cierre Letra Grande (12 pts) |Caf\u00e9 Geom\u00e9trico - tzionlibreria.com<\/title>\n<meta name=\"description\" content=\"Dise\u00f1o moderno en tono caf\u00e9 con patr\u00f3n geom\u00e9trico la convierte en una pieza discreta y varonil, perfecta para hombres de fe que buscan profundidad y estilo.\" \/>\n<meta name=\"robots\" content=\"index, follow, max-snippet:-1, max-image-preview:large, max-video-preview:-1\" \/>\n<link rel=\"canonical\" href=\"https:\/\/tzionlibreria.com\/index.php\/product\/biblia-rvr1960-con-cierre-letra-grande-12-pts-cafe-geometrico\/\" \/>\n<meta property=\"og:locale\" content=\"es_ES\" \/>\n<meta property=\"og:type\" content=\"article\" \/>\n<meta property=\"og:title\" content=\"Biblia RVR1960 con Cierre Letra Grande (12 pts) |Caf\u00e9 Geom\u00e9trico - tzionlibreria.com\" \/>\n<meta property=\"og:description\" content=\"Dise\u00f1o moderno en tono caf\u00e9 con patr\u00f3n geom\u00e9trico la convierte en una pieza discreta y varonil, perfecta para hombres de fe que buscan profundidad y estilo.\" \/>\n<meta property=\"og:url\" content=\"https:\/\/tzionlibreria.com\/index.php\/product\/biblia-rvr1960-con-cierre-letra-grande-12-pts-cafe-geometrico\/\" \/>\n<meta property=\"og:site_name\" content=\"tzionlibreria.com\" \/>\n<meta property=\"article:modified_time\" content=\"2026-03-10T15:48:46+00:00\" \/>\n<meta property=\"og:image\" content=\"http:\/\/tzionlibreria.com\/wp-content\/uploads\/2025\/06\/63.png\" \/>\n\t<meta property=\"og:image:width\" content=\"1080\" \/>\n\t<meta property=\"og:image:height\" content=\"1080\" \/>\n\t<meta property=\"og:image:type\" content=\"image\/png\" \/>\n<meta name=\"twitter:card\" content=\"summary_large_image\" \/>\n<meta name=\"twitter:label1\" content=\"Tiempo de lectura\" \/>\n\t<meta name=\"twitter:data1\" content=\"2 minutos\" \/>\n<script type=\"application\/ld+json\" class=\"yoast-schema-graph\">{\"@context\":\"https:\\\/\\\/schema.org\",\"@graph\":[{\"@type\":\"WebPage\",\"@id\":\"https:\\\/\\\/tzionlibreria.com\\\/index.php\\\/product\\\/biblia-rvr1960-con-cierre-letra-grande-12-pts-cafe-geometrico\\\/\",\"url\":\"https:\\\/\\\/tzionlibreria.com\\\/index.php\\\/product\\\/biblia-rvr1960-con-cierre-letra-grande-12-pts-cafe-geometrico\\\/\",\"name\":\"Biblia RVR1960 con Cierre Letra Grande (12 pts) |Caf\u00e9 Geom\u00e9trico - tzionlibreria.com\",\"isPartOf\":{\"@id\":\"https:\\\/\\\/tzionlibreria.com\\\/#website\"},\"primaryImageOfPage\":{\"@id\":\"https:\\\/\\\/tzionlibreria.com\\\/index.php\\\/product\\\/biblia-rvr1960-con-cierre-letra-grande-12-pts-cafe-geometrico\\\/#primaryimage\"},\"image\":{\"@id\":\"https:\\\/\\\/tzionlibreria.com\\\/index.php\\\/product\\\/biblia-rvr1960-con-cierre-letra-grande-12-pts-cafe-geometrico\\\/#primaryimage\"},\"thumbnailUrl\":\"https:\\\/\\\/tzionlibreria.com\\\/wp-content\\\/uploads\\\/2025\\\/06\\\/63.png\",\"datePublished\":\"2025-06-05T17:15:44+00:00\",\"dateModified\":\"2026-03-10T15:48:46+00:00\",\"description\":\"Dise\u00f1o moderno en tono caf\u00e9 con patr\u00f3n geom\u00e9trico la convierte en una pieza discreta y varonil, perfecta para hombres de fe que buscan profundidad y estilo.\",\"breadcrumb\":{\"@id\":\"https:\\\/\\\/tzionlibreria.com\\\/index.php\\\/product\\\/biblia-rvr1960-con-cierre-letra-grande-12-pts-cafe-geometrico\\\/#breadcrumb\"},\"inLanguage\":\"es-CO\",\"potentialAction\":[{\"@type\":\"ReadAction\",\"target\":[\"https:\\\/\\\/tzionlibreria.com\\\/index.php\\\/product\\\/biblia-rvr1960-con-cierre-letra-grande-12-pts-cafe-geometrico\\\/\"]}]},{\"@type\":\"ImageObject\",\"inLanguage\":\"es-CO\",\"@id\":\"https:\\\/\\\/tzionlibreria.com\\\/index.php\\\/product\\\/biblia-rvr1960-con-cierre-letra-grande-12-pts-cafe-geometrico\\\/#primaryimage\",\"url\":\"https:\\\/\\\/tzionlibreria.com\\\/wp-content\\\/uploads\\\/2025\\\/06\\\/63.png\",\"contentUrl\":\"https:\\\/\\\/tzionlibreria.com\\\/wp-content\\\/uploads\\\/2025\\\/06\\\/63.png\",\"width\":1080,\"height\":1080},{\"@type\":\"BreadcrumbList\",\"@id\":\"https:\\\/\\\/tzionlibreria.com\\\/index.php\\\/product\\\/biblia-rvr1960-con-cierre-letra-grande-12-pts-cafe-geometrico\\\/#breadcrumb\",\"itemListElement\":[{\"@type\":\"ListItem\",\"position\":1,\"name\":\"Inicio\",\"item\":\"https:\\\/\\\/tzionlibreria.com\\\/\"},{\"@type\":\"ListItem\",\"position\":2,\"name\":\"Shop\",\"item\":\"https:\\\/\\\/tzionlibreria.com\\\/index.php\\\/shop\\\/\"},{\"@type\":\"ListItem\",\"position\":3,\"name\":\"Biblia RVR1960 con Cierre Letra Grande (12 pts) |Caf\u00e9 Geom\u00e9trico\"}]},{\"@type\":\"WebSite\",\"@id\":\"https:\\\/\\\/tzionlibreria.com\\\/#website\",\"url\":\"https:\\\/\\\/tzionlibreria.com\\\/\",\"name\":\"tzionlibreria.com\",\"description\":\"Libreria Cristiana Venezuela\",\"publisher\":{\"@id\":\"https:\\\/\\\/tzionlibreria.com\\\/#organization\"},\"potentialAction\":[{\"@type\":\"SearchAction\",\"target\":{\"@type\":\"EntryPoint\",\"urlTemplate\":\"https:\\\/\\\/tzionlibreria.com\\\/?s={search_term_string}\"},\"query-input\":{\"@type\":\"PropertyValueSpecification\",\"valueRequired\":true,\"valueName\":\"search_term_string\"}}],\"inLanguage\":\"es-CO\"},{\"@type\":\"Organization\",\"@id\":\"https:\\\/\\\/tzionlibreria.com\\\/#organization\",\"name\":\"tzionlibreria.com\",\"url\":\"https:\\\/\\\/tzionlibreria.com\\\/\",\"logo\":{\"@type\":\"ImageObject\",\"inLanguage\":\"es-CO\",\"@id\":\"https:\\\/\\\/tzionlibreria.com\\\/#\\\/schema\\\/logo\\\/image\\\/\",\"url\":\"https:\\\/\\\/tzionlibreria.com\\\/wp-content\\\/uploads\\\/2023\\\/10\\\/cropped-Cuadricula-scaled-1.jpg\",\"contentUrl\":\"https:\\\/\\\/tzionlibreria.com\\\/wp-content\\\/uploads\\\/2023\\\/10\\\/cropped-Cuadricula-scaled-1.jpg\",\"width\":2560,\"height\":2560,\"caption\":\"tzionlibreria.com\"},\"image\":{\"@id\":\"https:\\\/\\\/tzionlibreria.com\\\/#\\\/schema\\\/logo\\\/image\\\/\"}}]}<\/script>\n<!-- \/ Yoast SEO plugin. -->","yoast_head_json":{"title":"Biblia RVR1960 con Cierre Letra Grande (12 pts) |Caf\u00e9 Geom\u00e9trico - tzionlibreria.com","description":"Dise\u00f1o moderno en tono caf\u00e9 con patr\u00f3n geom\u00e9trico la convierte en una pieza discreta y varonil, perfecta para hombres de fe que buscan profundidad y estilo.","robots":{"index":"index","follow":"follow","max-snippet":"max-snippet:-1","max-image-preview":"max-image-preview:large","max-video-preview":"max-video-preview:-1"},"canonical":"https:\/\/tzionlibreria.com\/index.php\/product\/biblia-rvr1960-con-cierre-letra-grande-12-pts-cafe-geometrico\/","og_locale":"es_ES","og_type":"article","og_title":"Biblia RVR1960 con Cierre Letra Grande (12 pts) |Caf\u00e9 Geom\u00e9trico - tzionlibreria.com","og_description":"Dise\u00f1o moderno en tono caf\u00e9 con patr\u00f3n geom\u00e9trico la convierte en una pieza discreta y varonil, perfecta para hombres de fe que buscan profundidad y estilo.","og_url":"https:\/\/tzionlibreria.com\/index.php\/product\/biblia-rvr1960-con-cierre-letra-grande-12-pts-cafe-geometrico\/","og_site_name":"tzionlibreria.com","article_modified_time":"2026-03-10T15:48:46+00:00","og_image":[{"width":1080,"height":1080,"url":"http:\/\/tzionlibreria.com\/wp-content\/uploads\/2025\/06\/63.png","type":"image\/png"}],"twitter_card":"summary_large_image","twitter_misc":{"Tiempo de lectura":"2 minutos"},"schema":{"@context":"https:\/\/schema.org","@graph":[{"@type":"WebPage","@id":"https:\/\/tzionlibreria.com\/index.php\/product\/biblia-rvr1960-con-cierre-letra-grande-12-pts-cafe-geometrico\/","url":"https:\/\/tzionlibreria.com\/index.php\/product\/biblia-rvr1960-con-cierre-letra-grande-12-pts-cafe-geometrico\/","name":"Biblia RVR1960 con Cierre Letra Grande (12 pts) |Caf\u00e9 Geom\u00e9trico - tzionlibreria.com","isPartOf":{"@id":"https:\/\/tzionlibreria.com\/#website"},"primaryImageOfPage":{"@id":"https:\/\/tzionlibreria.com\/index.php\/product\/biblia-rvr1960-con-cierre-letra-grande-12-pts-cafe-geometrico\/#primaryimage"},"image":{"@id":"https:\/\/tzionlibreria.com\/index.php\/product\/biblia-rvr1960-con-cierre-letra-grande-12-pts-cafe-geometrico\/#primaryimage"},"thumbnailUrl":"https:\/\/tzionlibreria.com\/wp-content\/uploads\/2025\/06\/63.png","datePublished":"2025-06-05T17:15:44+00:00","dateModified":"2026-03-10T15:48:46+00:00","description":"Dise\u00f1o moderno en tono caf\u00e9 con patr\u00f3n geom\u00e9trico la convierte en una pieza discreta y varonil, perfecta para hombres de fe que buscan profundidad y estilo.","breadcrumb":{"@id":"https:\/\/tzionlibreria.com\/index.php\/product\/biblia-rvr1960-con-cierre-letra-grande-12-pts-cafe-geometrico\/#breadcrumb"},"inLanguage":"es-CO","potentialAction":[{"@type":"ReadAction","target":["https:\/\/tzionlibreria.com\/index.php\/product\/biblia-rvr1960-con-cierre-letra-grande-12-pts-cafe-geometrico\/"]}]},{"@type":"ImageObject","inLanguage":"es-CO","@id":"https:\/\/tzionlibreria.com\/index.php\/product\/biblia-rvr1960-con-cierre-letra-grande-12-pts-cafe-geometrico\/#primaryimage","url":"https:\/\/tzionlibreria.com\/wp-content\/uploads\/2025\/06\/63.png","contentUrl":"https:\/\/tzionlibreria.com\/wp-content\/uploads\/2025\/06\/63.png","width":1080,"height":1080},{"@type":"BreadcrumbList","@id":"https:\/\/tzionlibreria.com\/index.php\/product\/biblia-rvr1960-con-cierre-letra-grande-12-pts-cafe-geometrico\/#breadcrumb","itemListElement":[{"@type":"ListItem","position":1,"name":"Inicio","item":"https:\/\/tzionlibreria.com\/"},{"@type":"ListItem","position":2,"name":"Shop","item":"https:\/\/tzionlibreria.com\/index.php\/shop\/"},{"@type":"ListItem","position":3,"name":"Biblia RVR1960 con Cierre Letra Grande (12 pts) |Caf\u00e9 Geom\u00e9trico"}]},{"@type":"WebSite","@id":"https:\/\/tzionlibreria.com\/#website","url":"https:\/\/tzionlibreria.com\/","name":"tzionlibreria.com","description":"Libreria Cristiana Venezuela","publisher":{"@id":"https:\/\/tzionlibreria.com\/#organization"},"potentialAction":[{"@type":"SearchAction","target":{"@type":"EntryPoint","urlTemplate":"https:\/\/tzionlibreria.com\/?s={search_term_string}"},"query-input":{"@type":"PropertyValueSpecification","valueRequired":true,"valueName":"search_term_string"}}],"inLanguage":"es-CO"},{"@type":"Organization","@id":"https:\/\/tzionlibreria.com\/#organization","name":"tzionlibreria.com","url":"https:\/\/tzionlibreria.com\/","logo":{"@type":"ImageObject","inLanguage":"es-CO","@id":"https:\/\/tzionlibreria.com\/#\/schema\/logo\/image\/","url":"https:\/\/tzionlibreria.com\/wp-content\/uploads\/2023\/10\/cropped-Cuadricula-scaled-1.jpg","contentUrl":"https:\/\/tzionlibreria.com\/wp-content\/uploads\/2023\/10\/cropped-Cuadricula-scaled-1.jpg","width":2560,"height":2560,"caption":"tzionlibreria.com"},"image":{"@id":"https:\/\/tzionlibreria.com\/#\/schema\/logo\/image\/"}}]}},"jetpack_sharing_enabled":true,"_links":{"self":[{"href":"https:\/\/tzionlibreria.com\/index.php\/wp-json\/wp\/v2\/product\/5424","targetHints":{"allow":["GET"]}}],"collection":[{"href":"https:\/\/tzionlibreria.com\/index.php\/wp-json\/wp\/v2\/product"}],"about":[{"href":"https:\/\/tzionlibreria.com\/index.php\/wp-json\/wp\/v2\/types\/product"}],"replies":[{"embeddable":true,"href":"https:\/\/tzionlibreria.com\/index.php\/wp-json\/wp\/v2\/comments?post=5424"}],"wp:featuredmedia":[{"embeddable":true,"href":"https:\/\/tzionlibreria.com\/index.php\/wp-json\/wp\/v2\/media\/5425"}],"wp:attachment":[{"href":"https:\/\/tzionlibreria.com\/index.php\/wp-json\/wp\/v2\/media?parent=5424"}],"wp:term":[{"taxonomy":"product_brand","embeddable":true,"href":"https:\/\/tzionlibreria.com\/index.php\/wp-json\/wp\/v2\/product_brand?post=5424"},{"taxonomy":"product_cat","embeddable":true,"href":"https:\/\/tzionlibreria.com\/index.php\/wp-json\/wp\/v2\/product_cat?post=5424"},{"taxonomy":"product_tag","embeddable":true,"href":"https:\/\/tzionlibreria.com\/index.php\/wp-json\/wp\/v2\/product_tag?post=5424"}],"curies":[{"name":"wp","href":"https:\/\/api.w.org\/{rel}","templated":true}]}}