{"id":5449,"date":"2025-06-05T18:46:43","date_gmt":"2025-06-05T18:46:43","guid":{"rendered":"https:\/\/tzionlibreria.com\/?post_type=product&#038;p=5449"},"modified":"2025-12-01T19:51:57","modified_gmt":"2025-12-01T19:51:57","slug":"biblia-rvr60-letra-grande-12-pts-tapa-flex-rosa-con-flores","status":"publish","type":"product","link":"https:\/\/tzionlibreria.com\/index.php\/product\/biblia-rvr60-letra-grande-12-pts-tapa-flex-rosa-con-flores\/","title":{"rendered":"Biblia RVR60 Letra Grande 12 pts Tapa Flex Rosa con Flores"},"content":{"rendered":"<h3 data-start=\"175\" data-end=\"241\">\ud83c\udf38 <strong data-start=\"182\" data-end=\"239\">Biblia RVR60 Letra Grande \u2013 Tapa Flex Rosa con Flores<\/strong><\/h3>\n<p>&nbsp;<\/p>\n<p data-start=\"242\" data-end=\"298\"><strong data-start=\"242\" data-end=\"298\">Estilo femenino \u2022 Tama\u00f1o manual \u2022 Contenido completo<\/strong><\/p>\n<p data-start=\"300\" data-end=\"477\">Una edici\u00f3n elegante, delicada y profundamente edificante de la <strong data-start=\"364\" data-end=\"398\">Santa Biblia Reina-Valera 1960<\/strong>, ideal para mujeres que desean combinar belleza exterior con sabidur\u00eda eterna.<\/p>\n<p data-start=\"479\" data-end=\"673\">Dise\u00f1ada en un formato port\u00e1til con una cubierta flexible floral en tonos rosados, esta Biblia es perfecta para el uso diario, devocionales personales o como un regalo significativo lleno de fe.<\/p>\n<hr data-start=\"675\" data-end=\"678\" \/>\n<h3 data-start=\"680\" data-end=\"719\">\ud83d\udcd6 <strong data-start=\"687\" data-end=\"719\">Caracter\u00edsticas principales:<\/strong><\/h3>\n<ul data-start=\"720\" data-end=\"890\">\n<li data-start=\"720\" data-end=\"754\">\n<p data-start=\"722\" data-end=\"754\">\ud83d\udccf Tama\u00f1o manual: 138 x 212 mm<\/p>\n<\/li>\n<li data-start=\"755\" data-end=\"787\">\n<p data-start=\"757\" data-end=\"787\">\ud83d\udd20 Letra grande de 12 puntos<\/p>\n<\/li>\n<li data-start=\"788\" data-end=\"820\">\n<p data-start=\"790\" data-end=\"820\">\ud83d\udc96 Palabras de Jes\u00fas en rojo<\/p>\n<\/li>\n<li data-start=\"821\" data-end=\"865\">\n<p data-start=\"823\" data-end=\"865\">\ud83c\udf3a Cubierta flexible decorada con flores<\/p>\n<\/li>\n<li data-start=\"866\" data-end=\"890\">\n<p data-start=\"868\" data-end=\"890\">\ud83d\udccc ISBN: 9798885163200<\/p>\n<\/li>\n<\/ul>\n<hr data-start=\"892\" data-end=\"895\" \/>\n<h3 data-start=\"897\" data-end=\"927\">\ud83d\udcda <strong data-start=\"904\" data-end=\"927\">Contenido especial:<\/strong><\/h3>\n<ul data-start=\"928\" data-end=\"1349\">\n<li data-start=\"928\" data-end=\"977\">\n<p data-start=\"930\" data-end=\"977\">Concordancia general y de personajes b\u00edblicos<\/p>\n<\/li>\n<li data-start=\"978\" data-end=\"1019\">\n<p data-start=\"980\" data-end=\"1019\">Referencias cruzadas al pie de p\u00e1gina<\/p>\n<\/li>\n<li data-start=\"1020\" data-end=\"1069\">\n<p data-start=\"1022\" data-end=\"1069\">32 p\u00e1ginas a todo color con esquemas y ayudas<\/p>\n<\/li>\n<li data-start=\"1070\" data-end=\"1104\">\n<p data-start=\"1072\" data-end=\"1104\">12 mapas b\u00edblicos a todo color<\/p>\n<\/li>\n<li data-start=\"1105\" data-end=\"1135\">\n<p data-start=\"1107\" data-end=\"1135\">Vers\u00edculos clave por libro<\/p>\n<\/li>\n<li data-start=\"1136\" data-end=\"1159\">\n<p data-start=\"1138\" data-end=\"1159\">Genealog\u00eda de Jes\u00fas<\/p>\n<\/li>\n<li data-start=\"1160\" data-end=\"1180\">\n<p data-start=\"1162\" data-end=\"1180\">Fiestas b\u00edblicas<\/p>\n<\/li>\n<li data-start=\"1181\" data-end=\"1208\">\n<p data-start=\"1183\" data-end=\"1208\">Tipolog\u00eda de los Salmos<\/p>\n<\/li>\n<li data-start=\"1209\" data-end=\"1229\">\n<p data-start=\"1211\" data-end=\"1229\">Plano del templo<\/p>\n<\/li>\n<li data-start=\"1230\" data-end=\"1264\">\n<p data-start=\"1232\" data-end=\"1264\">Cronolog\u00eda de Reyes y Profetas<\/p>\n<\/li>\n<li data-start=\"1265\" data-end=\"1308\">\n<p data-start=\"1267\" data-end=\"1308\">Cuadro de milagros y par\u00e1bolas de Jes\u00fas<\/p>\n<\/li>\n<li data-start=\"1309\" data-end=\"1330\">\n<p data-start=\"1311\" data-end=\"1330\">Plan de salvaci\u00f3n<\/p>\n<\/li>\n<li data-start=\"1331\" data-end=\"1349\">\n<p data-start=\"1333\" data-end=\"1349\">Promesas de Dios<\/p>\n<\/li>\n<\/ul>\n<hr data-start=\"1351\" data-end=\"1354\" \/>\n<h3 data-start=\"1356\" data-end=\"1388\">\ud83c\udfaf <strong data-start=\"1363\" data-end=\"1388\">\u00bfA qui\u00e9n va dirigida?<\/strong><\/h3>\n<ul data-start=\"1389\" data-end=\"1674\">\n<li data-start=\"1389\" data-end=\"1501\">\n<p data-start=\"1391\" data-end=\"1501\">Mujeres cristianas de todas las edades que buscan una Biblia completa, visualmente hermosa y f\u00e1cil de llevar<\/p>\n<\/li>\n<li data-start=\"1502\" data-end=\"1599\">\n<p data-start=\"1504\" data-end=\"1599\">Ideal para regalar en cumplea\u00f1os, eventos cristianos, D\u00eda de la Madre o iniciaciones en la fe<\/p>\n<\/li>\n<li data-start=\"1600\" data-end=\"1674\">\n<p data-start=\"1602\" data-end=\"1674\">Perfecta para l\u00edderes, maestras de Escuela Dominical o j\u00f3venes creyentes<\/p>\n<\/li>\n<\/ul>\n<hr data-start=\"1676\" data-end=\"1679\" \/>\n<p data-start=\"1681\" data-end=\"1809\">\ud83c\udf37 <em data-start=\"1684\" data-end=\"1773\">Lleva contigo la belleza de la Palabra en una presentaci\u00f3n tan hermosa como su mensaje.<\/em><\/p>\n","protected":false},"excerpt":{"rendered":"<p>\ud83c\udf38 Biblia RVR60 Letra Grande \u2013 Tapa Flex Rosa con Flores &nbsp; Estilo femenino \u2022 Tama\u00f1o manual \u2022 Contenido completo Una edici\u00f3n elegante, delicada y profundamente edificante de la Santa Biblia Reina-Valera 1960, ideal para mujeres que desean combinar belleza exterior con sabidur\u00eda eterna. Dise\u00f1ada en un formato port\u00e1til con una cubierta flexible floral en [&hellip;]<\/p>\n","protected":false},"featured_media":5450,"comment_status":"open","ping_status":"closed","template":"","meta":{"om_disable_all_campaigns":false,"_monsterinsights_skip_tracking":false,"_monsterinsights_sitenote_active":false,"_monsterinsights_sitenote_note":"","_monsterinsights_sitenote_category":0,"site-sidebar-layout":"default","site-content-layout":"","ast-site-content-layout":"default","site-content-style":"default","site-sidebar-style":"default","ast-global-header-display":"","ast-banner-title-visibility":"","ast-main-header-display":"","ast-hfb-above-header-display":"","ast-hfb-below-header-display":"","ast-hfb-mobile-header-display":"","site-post-title":"","ast-breadcrumbs-content":"","ast-featured-img":"","footer-sml-layout":"","ast-disable-related-posts":"","theme-transparent-header-meta":"default","adv-header-id-meta":"","stick-header-meta":"","header-above-stick-meta":"","header-main-stick-meta":"","header-below-stick-meta":"","astra-migrate-meta-layouts":"set","ast-page-background-enabled":"default","ast-page-background-meta":{"desktop":{"background-color":"var(--ast-global-color-4)","background-image":"","background-repeat":"repeat","background-position":"center center","background-size":"auto","background-attachment":"scroll","background-type":"","background-media":"","overlay-type":"","overlay-color":"","overlay-opacity":"","overlay-gradient":""},"tablet":{"background-color":"","background-image":"","background-repeat":"repeat","background-position":"center center","background-size":"auto","background-attachment":"scroll","background-type":"","background-media":"","overlay-type":"","overlay-color":"","overlay-opacity":"","overlay-gradient":""},"mobile":{"background-color":"","background-image":"","background-repeat":"repeat","background-position":"center center","background-size":"auto","background-attachment":"scroll","background-type":"","background-media":"","overlay-type":"","overlay-color":"","overlay-opacity":"","overlay-gradient":""}},"ast-content-background-meta":{"desktop":{"background-color":"var(--ast-global-color-5)","background-image":"","background-repeat":"repeat","background-position":"center center","background-size":"auto","background-attachment":"scroll","background-type":"","background-media":"","overlay-type":"","overlay-color":"","overlay-opacity":"","overlay-gradient":""},"tablet":{"background-color":"var(--ast-global-color-5)","background-image":"","background-repeat":"repeat","background-position":"center center","background-size":"auto","background-attachment":"scroll","background-type":"","background-media":"","overlay-type":"","overlay-color":"","overlay-opacity":"","overlay-gradient":""},"mobile":{"background-color":"var(--ast-global-color-5)","background-image":"","background-repeat":"repeat","background-position":"center center","background-size":"auto","background-attachment":"scroll","background-type":"","background-media":"","overlay-type":"","overlay-color":"","overlay-opacity":"","overlay-gradient":""}}},"product_brand":[],"product_cat":[22,42,177],"product_tag":[],"class_list":{"0":"post-5449","1":"product","2":"type-product","3":"status-publish","4":"has-post-thumbnail","6":"product_cat-biblias","7":"product_cat-biblias-reina-valera","8":"product_cat-letra-grande-rvr","9":"desktop-align-left","10":"tablet-align-left","11":"mobile-align-left","13":"first","14":"instock","15":"shipping-taxable","16":"purchasable","17":"product-type-simple"},"yoast_head":"<!-- This site is optimized with the Yoast SEO plugin v27.4 - https:\/\/yoast.com\/product\/yoast-seo-wordpress\/ -->\n<title>Biblia RVR60 Letra Grande 12 pts Tapa Flex Rosa con Flores - tzionlibreria.com<\/title>\n<meta name=\"description\" content=\"Biblia letra grande Reina-Valera 1960, dise\u00f1o elegante ideal para mujeres que desean combinar belleza exterior con sabidur\u00eda eterna.\" \/>\n<meta name=\"robots\" content=\"index, follow, max-snippet:-1, max-image-preview:large, max-video-preview:-1\" \/>\n<link rel=\"canonical\" href=\"https:\/\/tzionlibreria.com\/index.php\/product\/biblia-rvr60-letra-grande-12-pts-tapa-flex-rosa-con-flores\/\" \/>\n<meta property=\"og:locale\" content=\"es_ES\" \/>\n<meta property=\"og:type\" content=\"article\" \/>\n<meta property=\"og:title\" content=\"Biblia RVR60 Letra Grande 12 pts Tapa Flex Rosa con Flores - tzionlibreria.com\" \/>\n<meta property=\"og:description\" content=\"Biblia letra grande Reina-Valera 1960, dise\u00f1o elegante ideal para mujeres que desean combinar belleza exterior con sabidur\u00eda eterna.\" \/>\n<meta property=\"og:url\" content=\"https:\/\/tzionlibreria.com\/index.php\/product\/biblia-rvr60-letra-grande-12-pts-tapa-flex-rosa-con-flores\/\" \/>\n<meta property=\"og:site_name\" content=\"tzionlibreria.com\" \/>\n<meta property=\"article:modified_time\" content=\"2025-12-01T19:51:57+00:00\" \/>\n<meta property=\"og:image\" content=\"http:\/\/tzionlibreria.com\/wp-content\/uploads\/2025\/06\/62-1.png\" \/>\n\t<meta property=\"og:image:width\" content=\"1080\" \/>\n\t<meta property=\"og:image:height\" content=\"1080\" \/>\n\t<meta property=\"og:image:type\" content=\"image\/png\" \/>\n<meta name=\"twitter:card\" content=\"summary_large_image\" \/>\n<meta name=\"twitter:label1\" content=\"Tiempo de lectura\" \/>\n\t<meta name=\"twitter:data1\" content=\"2 minutos\" \/>\n<script type=\"application\/ld+json\" class=\"yoast-schema-graph\">{\"@context\":\"https:\\\/\\\/schema.org\",\"@graph\":[{\"@type\":\"WebPage\",\"@id\":\"https:\\\/\\\/tzionlibreria.com\\\/index.php\\\/product\\\/biblia-rvr60-letra-grande-12-pts-tapa-flex-rosa-con-flores\\\/\",\"url\":\"https:\\\/\\\/tzionlibreria.com\\\/index.php\\\/product\\\/biblia-rvr60-letra-grande-12-pts-tapa-flex-rosa-con-flores\\\/\",\"name\":\"Biblia RVR60 Letra Grande 12 pts Tapa Flex Rosa con Flores - tzionlibreria.com\",\"isPartOf\":{\"@id\":\"https:\\\/\\\/tzionlibreria.com\\\/#website\"},\"primaryImageOfPage\":{\"@id\":\"https:\\\/\\\/tzionlibreria.com\\\/index.php\\\/product\\\/biblia-rvr60-letra-grande-12-pts-tapa-flex-rosa-con-flores\\\/#primaryimage\"},\"image\":{\"@id\":\"https:\\\/\\\/tzionlibreria.com\\\/index.php\\\/product\\\/biblia-rvr60-letra-grande-12-pts-tapa-flex-rosa-con-flores\\\/#primaryimage\"},\"thumbnailUrl\":\"https:\\\/\\\/tzionlibreria.com\\\/wp-content\\\/uploads\\\/2025\\\/06\\\/62-1.png\",\"datePublished\":\"2025-06-05T18:46:43+00:00\",\"dateModified\":\"2025-12-01T19:51:57+00:00\",\"description\":\"Biblia letra grande Reina-Valera 1960, dise\u00f1o elegante ideal para mujeres que desean combinar belleza exterior con sabidur\u00eda eterna.\",\"breadcrumb\":{\"@id\":\"https:\\\/\\\/tzionlibreria.com\\\/index.php\\\/product\\\/biblia-rvr60-letra-grande-12-pts-tapa-flex-rosa-con-flores\\\/#breadcrumb\"},\"inLanguage\":\"es-CO\",\"potentialAction\":[{\"@type\":\"ReadAction\",\"target\":[\"https:\\\/\\\/tzionlibreria.com\\\/index.php\\\/product\\\/biblia-rvr60-letra-grande-12-pts-tapa-flex-rosa-con-flores\\\/\"]}]},{\"@type\":\"ImageObject\",\"inLanguage\":\"es-CO\",\"@id\":\"https:\\\/\\\/tzionlibreria.com\\\/index.php\\\/product\\\/biblia-rvr60-letra-grande-12-pts-tapa-flex-rosa-con-flores\\\/#primaryimage\",\"url\":\"https:\\\/\\\/tzionlibreria.com\\\/wp-content\\\/uploads\\\/2025\\\/06\\\/62-1.png\",\"contentUrl\":\"https:\\\/\\\/tzionlibreria.com\\\/wp-content\\\/uploads\\\/2025\\\/06\\\/62-1.png\",\"width\":1080,\"height\":1080},{\"@type\":\"BreadcrumbList\",\"@id\":\"https:\\\/\\\/tzionlibreria.com\\\/index.php\\\/product\\\/biblia-rvr60-letra-grande-12-pts-tapa-flex-rosa-con-flores\\\/#breadcrumb\",\"itemListElement\":[{\"@type\":\"ListItem\",\"position\":1,\"name\":\"Inicio\",\"item\":\"https:\\\/\\\/tzionlibreria.com\\\/\"},{\"@type\":\"ListItem\",\"position\":2,\"name\":\"Shop\",\"item\":\"https:\\\/\\\/tzionlibreria.com\\\/index.php\\\/shop\\\/\"},{\"@type\":\"ListItem\",\"position\":3,\"name\":\"Biblia RVR60 Letra Grande 12 pts Tapa Flex Rosa con Flores\"}]},{\"@type\":\"WebSite\",\"@id\":\"https:\\\/\\\/tzionlibreria.com\\\/#website\",\"url\":\"https:\\\/\\\/tzionlibreria.com\\\/\",\"name\":\"tzionlibreria.com\",\"description\":\"Libreria Cristiana Venezuela\",\"publisher\":{\"@id\":\"https:\\\/\\\/tzionlibreria.com\\\/#organization\"},\"potentialAction\":[{\"@type\":\"SearchAction\",\"target\":{\"@type\":\"EntryPoint\",\"urlTemplate\":\"https:\\\/\\\/tzionlibreria.com\\\/?s={search_term_string}\"},\"query-input\":{\"@type\":\"PropertyValueSpecification\",\"valueRequired\":true,\"valueName\":\"search_term_string\"}}],\"inLanguage\":\"es-CO\"},{\"@type\":\"Organization\",\"@id\":\"https:\\\/\\\/tzionlibreria.com\\\/#organization\",\"name\":\"tzionlibreria.com\",\"url\":\"https:\\\/\\\/tzionlibreria.com\\\/\",\"logo\":{\"@type\":\"ImageObject\",\"inLanguage\":\"es-CO\",\"@id\":\"https:\\\/\\\/tzionlibreria.com\\\/#\\\/schema\\\/logo\\\/image\\\/\",\"url\":\"https:\\\/\\\/tzionlibreria.com\\\/wp-content\\\/uploads\\\/2023\\\/10\\\/cropped-Cuadricula-scaled-1.jpg\",\"contentUrl\":\"https:\\\/\\\/tzionlibreria.com\\\/wp-content\\\/uploads\\\/2023\\\/10\\\/cropped-Cuadricula-scaled-1.jpg\",\"width\":2560,\"height\":2560,\"caption\":\"tzionlibreria.com\"},\"image\":{\"@id\":\"https:\\\/\\\/tzionlibreria.com\\\/#\\\/schema\\\/logo\\\/image\\\/\"}}]}<\/script>\n<!-- \/ Yoast SEO plugin. -->","yoast_head_json":{"title":"Biblia RVR60 Letra Grande 12 pts Tapa Flex Rosa con Flores - tzionlibreria.com","description":"Biblia letra grande Reina-Valera 1960, dise\u00f1o elegante ideal para mujeres que desean combinar belleza exterior con sabidur\u00eda eterna.","robots":{"index":"index","follow":"follow","max-snippet":"max-snippet:-1","max-image-preview":"max-image-preview:large","max-video-preview":"max-video-preview:-1"},"canonical":"https:\/\/tzionlibreria.com\/index.php\/product\/biblia-rvr60-letra-grande-12-pts-tapa-flex-rosa-con-flores\/","og_locale":"es_ES","og_type":"article","og_title":"Biblia RVR60 Letra Grande 12 pts Tapa Flex Rosa con Flores - tzionlibreria.com","og_description":"Biblia letra grande Reina-Valera 1960, dise\u00f1o elegante ideal para mujeres que desean combinar belleza exterior con sabidur\u00eda eterna.","og_url":"https:\/\/tzionlibreria.com\/index.php\/product\/biblia-rvr60-letra-grande-12-pts-tapa-flex-rosa-con-flores\/","og_site_name":"tzionlibreria.com","article_modified_time":"2025-12-01T19:51:57+00:00","og_image":[{"width":1080,"height":1080,"url":"http:\/\/tzionlibreria.com\/wp-content\/uploads\/2025\/06\/62-1.png","type":"image\/png"}],"twitter_card":"summary_large_image","twitter_misc":{"Tiempo de lectura":"2 minutos"},"schema":{"@context":"https:\/\/schema.org","@graph":[{"@type":"WebPage","@id":"https:\/\/tzionlibreria.com\/index.php\/product\/biblia-rvr60-letra-grande-12-pts-tapa-flex-rosa-con-flores\/","url":"https:\/\/tzionlibreria.com\/index.php\/product\/biblia-rvr60-letra-grande-12-pts-tapa-flex-rosa-con-flores\/","name":"Biblia RVR60 Letra Grande 12 pts Tapa Flex Rosa con Flores - tzionlibreria.com","isPartOf":{"@id":"https:\/\/tzionlibreria.com\/#website"},"primaryImageOfPage":{"@id":"https:\/\/tzionlibreria.com\/index.php\/product\/biblia-rvr60-letra-grande-12-pts-tapa-flex-rosa-con-flores\/#primaryimage"},"image":{"@id":"https:\/\/tzionlibreria.com\/index.php\/product\/biblia-rvr60-letra-grande-12-pts-tapa-flex-rosa-con-flores\/#primaryimage"},"thumbnailUrl":"https:\/\/tzionlibreria.com\/wp-content\/uploads\/2025\/06\/62-1.png","datePublished":"2025-06-05T18:46:43+00:00","dateModified":"2025-12-01T19:51:57+00:00","description":"Biblia letra grande Reina-Valera 1960, dise\u00f1o elegante ideal para mujeres que desean combinar belleza exterior con sabidur\u00eda eterna.","breadcrumb":{"@id":"https:\/\/tzionlibreria.com\/index.php\/product\/biblia-rvr60-letra-grande-12-pts-tapa-flex-rosa-con-flores\/#breadcrumb"},"inLanguage":"es-CO","potentialAction":[{"@type":"ReadAction","target":["https:\/\/tzionlibreria.com\/index.php\/product\/biblia-rvr60-letra-grande-12-pts-tapa-flex-rosa-con-flores\/"]}]},{"@type":"ImageObject","inLanguage":"es-CO","@id":"https:\/\/tzionlibreria.com\/index.php\/product\/biblia-rvr60-letra-grande-12-pts-tapa-flex-rosa-con-flores\/#primaryimage","url":"https:\/\/tzionlibreria.com\/wp-content\/uploads\/2025\/06\/62-1.png","contentUrl":"https:\/\/tzionlibreria.com\/wp-content\/uploads\/2025\/06\/62-1.png","width":1080,"height":1080},{"@type":"BreadcrumbList","@id":"https:\/\/tzionlibreria.com\/index.php\/product\/biblia-rvr60-letra-grande-12-pts-tapa-flex-rosa-con-flores\/#breadcrumb","itemListElement":[{"@type":"ListItem","position":1,"name":"Inicio","item":"https:\/\/tzionlibreria.com\/"},{"@type":"ListItem","position":2,"name":"Shop","item":"https:\/\/tzionlibreria.com\/index.php\/shop\/"},{"@type":"ListItem","position":3,"name":"Biblia RVR60 Letra Grande 12 pts Tapa Flex Rosa con Flores"}]},{"@type":"WebSite","@id":"https:\/\/tzionlibreria.com\/#website","url":"https:\/\/tzionlibreria.com\/","name":"tzionlibreria.com","description":"Libreria Cristiana Venezuela","publisher":{"@id":"https:\/\/tzionlibreria.com\/#organization"},"potentialAction":[{"@type":"SearchAction","target":{"@type":"EntryPoint","urlTemplate":"https:\/\/tzionlibreria.com\/?s={search_term_string}"},"query-input":{"@type":"PropertyValueSpecification","valueRequired":true,"valueName":"search_term_string"}}],"inLanguage":"es-CO"},{"@type":"Organization","@id":"https:\/\/tzionlibreria.com\/#organization","name":"tzionlibreria.com","url":"https:\/\/tzionlibreria.com\/","logo":{"@type":"ImageObject","inLanguage":"es-CO","@id":"https:\/\/tzionlibreria.com\/#\/schema\/logo\/image\/","url":"https:\/\/tzionlibreria.com\/wp-content\/uploads\/2023\/10\/cropped-Cuadricula-scaled-1.jpg","contentUrl":"https:\/\/tzionlibreria.com\/wp-content\/uploads\/2023\/10\/cropped-Cuadricula-scaled-1.jpg","width":2560,"height":2560,"caption":"tzionlibreria.com"},"image":{"@id":"https:\/\/tzionlibreria.com\/#\/schema\/logo\/image\/"}}]}},"jetpack_sharing_enabled":true,"_links":{"self":[{"href":"https:\/\/tzionlibreria.com\/index.php\/wp-json\/wp\/v2\/product\/5449","targetHints":{"allow":["GET"]}}],"collection":[{"href":"https:\/\/tzionlibreria.com\/index.php\/wp-json\/wp\/v2\/product"}],"about":[{"href":"https:\/\/tzionlibreria.com\/index.php\/wp-json\/wp\/v2\/types\/product"}],"replies":[{"embeddable":true,"href":"https:\/\/tzionlibreria.com\/index.php\/wp-json\/wp\/v2\/comments?post=5449"}],"wp:featuredmedia":[{"embeddable":true,"href":"https:\/\/tzionlibreria.com\/index.php\/wp-json\/wp\/v2\/media\/5450"}],"wp:attachment":[{"href":"https:\/\/tzionlibreria.com\/index.php\/wp-json\/wp\/v2\/media?parent=5449"}],"wp:term":[{"taxonomy":"product_brand","embeddable":true,"href":"https:\/\/tzionlibreria.com\/index.php\/wp-json\/wp\/v2\/product_brand?post=5449"},{"taxonomy":"product_cat","embeddable":true,"href":"https:\/\/tzionlibreria.com\/index.php\/wp-json\/wp\/v2\/product_cat?post=5449"},{"taxonomy":"product_tag","embeddable":true,"href":"https:\/\/tzionlibreria.com\/index.php\/wp-json\/wp\/v2\/product_tag?post=5449"}],"curies":[{"name":"wp","href":"https:\/\/api.w.org\/{rel}","templated":true}]}}