{"id":5456,"date":"2025-06-05T21:18:08","date_gmt":"2025-06-05T21:18:08","guid":{"rendered":"https:\/\/tzionlibreria.com\/?post_type=product&#038;p=5456"},"modified":"2025-06-05T21:27:38","modified_gmt":"2025-06-05T21:27:38","slug":"biblia-del-ministro-rvr-1960-letra-grande-12-pts-piel-caoba","status":"publish","type":"product","link":"https:\/\/tzionlibreria.com\/index.php\/product\/biblia-del-ministro-rvr-1960-letra-grande-12-pts-piel-caoba\/","title":{"rendered":"Biblia del Ministro RVR 1960 Letra Grande 12 pts Piel Caoba"},"content":{"rendered":"<h3 data-start=\"215\" data-end=\"288\">\ud83d\udcd6 <strong data-start=\"222\" data-end=\"286\">Biblia del Ministro RVR 1960 \u2013 Edici\u00f3n Ampliada | Piel Caoba<\/strong><\/h3>\n<p>&nbsp;<\/p>\n<p data-start=\"289\" data-end=\"366\"><strong data-start=\"289\" data-end=\"366\">Letra grande 12 pts | Manual ministerial completo | Ideal para el p\u00falpito<\/strong><\/p>\n<p data-start=\"368\" data-end=\"740\">La <strong data-start=\"371\" data-end=\"420\">Biblia del Ministro RVR 1960 Edici\u00f3n Ampliada<\/strong> es una herramienta esencial para pastores, l\u00edderes y ministros que desean servir con excelencia y claridad en cada ocasi\u00f3n especial. Con un dise\u00f1o refinado en piel fabricada color caoba y letra grande de 12 puntos, esta Biblia combina elegancia, funcionalidad y contenido pastoral \u00fatil para todo momento del ministerio.<\/p>\n<hr data-start=\"742\" data-end=\"745\" \/>\n<h3 data-start=\"747\" data-end=\"783\">\ud83e\udded <strong data-start=\"754\" data-end=\"783\">CARACTER\u00cdSTICAS B\u00cdBLICAS:<\/strong><\/h3>\n<ul data-start=\"784\" data-end=\"1182\">\n<li data-start=\"784\" data-end=\"840\">\n<p data-start=\"786\" data-end=\"840\">\u2705 Traducci\u00f3n Reina-Valera 1960 (cl\u00e1sica y confiable)<\/p>\n<\/li>\n<li data-start=\"841\" data-end=\"913\">\n<p data-start=\"843\" data-end=\"913\">\u2705 <strong data-start=\"845\" data-end=\"874\">Letra grande de 12 puntos<\/strong> para facilitar la lectura en p\u00falpito<\/p>\n<\/li>\n<li data-start=\"914\" data-end=\"950\">\n<p data-start=\"916\" data-end=\"950\">\u2705 <strong data-start=\"918\" data-end=\"948\">Palabras de Cristo en rojo<\/strong><\/p>\n<\/li>\n<li data-start=\"951\" data-end=\"978\">\n<p data-start=\"953\" data-end=\"978\">\u2705 Concordancia tem\u00e1tica<\/p>\n<\/li>\n<li data-start=\"979\" data-end=\"1016\">\n<p data-start=\"981\" data-end=\"1016\">\u2705 Panorama hist\u00f3rico de la Biblia<\/p>\n<\/li>\n<li data-start=\"1017\" data-end=\"1082\">\n<p data-start=\"1019\" data-end=\"1082\">\u2705 Ayudas para leer y entender los g\u00e9neros literarios b\u00edblicos<\/p>\n<\/li>\n<li data-start=\"1083\" data-end=\"1107\">\n<p data-start=\"1085\" data-end=\"1107\">\u2705 Atributos de Jes\u00fas<\/p>\n<\/li>\n<li data-start=\"1108\" data-end=\"1159\">\n<p data-start=\"1110\" data-end=\"1159\">\u2705 Palabras de aliento para el caminar cristiano<\/p>\n<\/li>\n<li data-start=\"1160\" data-end=\"1182\">\n<p data-start=\"1162\" data-end=\"1182\">\u2705 Mapas a todo color<\/p>\n<\/li>\n<\/ul>\n<hr data-start=\"1184\" data-end=\"1187\" \/>\n<h3 data-start=\"1189\" data-end=\"1257\">\ud83d\uded0 <strong data-start=\"1196\" data-end=\"1257\">MANUAL DEL MINISTRO INCLUIDO (en el centro de la Biblia):<\/strong><\/h3>\n<ul data-start=\"1258\" data-end=\"1562\">\n<li data-start=\"1258\" data-end=\"1280\">\n<p data-start=\"1260\" data-end=\"1280\">Ceremonia de bodas<\/p>\n<\/li>\n<li data-start=\"1281\" data-end=\"1302\">\n<p data-start=\"1283\" data-end=\"1302\">La Cena del Se\u00f1or<\/p>\n<\/li>\n<li data-start=\"1303\" data-end=\"1331\">\n<p data-start=\"1305\" data-end=\"1331\">Culto f\u00fanebre y entierro<\/p>\n<\/li>\n<li data-start=\"1332\" data-end=\"1358\">\n<p data-start=\"1334\" data-end=\"1358\">Celebraci\u00f3n de XV a\u00f1os<\/p>\n<\/li>\n<li data-start=\"1359\" data-end=\"1385\">\n<p data-start=\"1361\" data-end=\"1385\">14 bosquejos de serm\u00f3n<\/p>\n<\/li>\n<li data-start=\"1386\" data-end=\"1418\">\n<p data-start=\"1388\" data-end=\"1418\">Ceremonia de nuevos miembros<\/p>\n<\/li>\n<li data-start=\"1419\" data-end=\"1442\">\n<p data-start=\"1421\" data-end=\"1442\">Dedicaci\u00f3n de ni\u00f1os<\/p>\n<\/li>\n<li data-start=\"1443\" data-end=\"1468\">\n<p data-start=\"1445\" data-end=\"1468\">Ceremonia de bautismo<\/p>\n<\/li>\n<li data-start=\"1469\" data-end=\"1494\">\n<p data-start=\"1471\" data-end=\"1494\">Ordenaci\u00f3n de l\u00edderes<\/p>\n<\/li>\n<li data-start=\"1495\" data-end=\"1525\">\n<p data-start=\"1497\" data-end=\"1525\">Vers\u00edculos para visitaci\u00f3n<\/p>\n<\/li>\n<li data-start=\"1526\" data-end=\"1562\">\n<p data-start=\"1528\" data-end=\"1562\">Ejemplos de servicios de adoraci\u00f3n<\/p>\n<\/li>\n<\/ul>\n<p data-start=\"1564\" data-end=\"1800\">Con <strong data-start=\"1568\" data-end=\"1615\">40 % m\u00e1s contenido que ediciones anteriores<\/strong>, este manual ha sido ampliado para ser a\u00fan m\u00e1s \u00fatil y completo. El texto est\u00e1 dispuesto con fuente clara y grande, optimizada para la lectura en reuniones, cultos o eventos especiales.<\/p>\n<hr data-start=\"1802\" data-end=\"1805\" \/>\n<h3 data-start=\"1807\" data-end=\"1842\">\ud83c\udfaf <strong data-start=\"1814\" data-end=\"1842\">\u00bfPara qui\u00e9n va dirigida?<\/strong><\/h3>\n<ul data-start=\"1843\" data-end=\"2048\">\n<li data-start=\"1843\" data-end=\"1870\">\n<p data-start=\"1845\" data-end=\"1870\">Pastores y predicadores<\/p>\n<\/li>\n<li data-start=\"1871\" data-end=\"1893\">\n<p data-start=\"1873\" data-end=\"1893\">Ministros de culto<\/p>\n<\/li>\n<li data-start=\"1894\" data-end=\"1938\">\n<p data-start=\"1896\" data-end=\"1938\">L\u00edderes espirituales y maestros b\u00edblicos<\/p>\n<\/li>\n<li data-start=\"1939\" data-end=\"1981\">\n<p data-start=\"1941\" data-end=\"1981\">Seminaristas y estudiantes de teolog\u00eda<\/p>\n<\/li>\n<li data-start=\"1982\" data-end=\"2048\">\n<p data-start=\"1984\" data-end=\"2048\">Ideal como regalo para ordenaciones o aniversarios ministeriales<\/p>\n<\/li>\n<\/ul>\n<hr data-start=\"2050\" data-end=\"2053\" \/>\n<p data-start=\"2055\" data-end=\"2184\">\ud83d\udcd8 <em data-start=\"2058\" data-end=\"2148\">Una Biblia dise\u00f1ada no solo para predicar, sino para acompa\u00f1ar cada paso del ministerio.<\/em><\/p>\n<div id=\"ctl00_ucPDTabs_ctl02_fs\" class=\"ProductDetailGroup system-properties\"><strong>ISBN<\/strong>: 9781430082002<br \/>\n<strong>Editorial<\/strong>:\u00a0Lifeway<br \/>\n<strong>Dimensions<\/strong>: 153 x 215 x 43 mm<br \/>\n<strong>Release Date<\/strong>: 15.08.2024<br \/>\n<strong>Language<\/strong>: Espanol<\/div>\n<div id=\"ctl00_ucPDTabs_ctl03_fs\" class=\"ProductDetailGroup\"><strong>Tipo de Letra:<\/strong>\u00a0Letra Grande<br \/>\n<strong>Versi\u00f3n :<\/strong>\u00a0RVR60<br \/>\n<strong>Color de Biblia:<\/strong>\u00a0Caoba<\/div>\n","protected":false},"excerpt":{"rendered":"<p>\ud83d\udcd6 Biblia del Ministro RVR 1960 \u2013 Edici\u00f3n Ampliada | Piel Caoba &nbsp; Letra grande 12 pts | Manual ministerial completo | Ideal para el p\u00falpito La Biblia del Ministro RVR 1960 Edici\u00f3n Ampliada es una herramienta esencial para pastores, l\u00edderes y ministros que desean servir con excelencia y claridad en cada ocasi\u00f3n especial. Con [&hellip;]<\/p>\n","protected":false},"featured_media":5458,"comment_status":"open","ping_status":"closed","template":"","meta":{"om_disable_all_campaigns":false,"_monsterinsights_skip_tracking":false,"_monsterinsights_sitenote_active":false,"_monsterinsights_sitenote_note":"","_monsterinsights_sitenote_category":0,"site-sidebar-layout":"default","site-content-layout":"","ast-site-content-layout":"default","site-content-style":"default","site-sidebar-style":"default","ast-global-header-display":"","ast-banner-title-visibility":"","ast-main-header-display":"","ast-hfb-above-header-display":"","ast-hfb-below-header-display":"","ast-hfb-mobile-header-display":"","site-post-title":"","ast-breadcrumbs-content":"","ast-featured-img":"","footer-sml-layout":"","ast-disable-related-posts":"","theme-transparent-header-meta":"default","adv-header-id-meta":"","stick-header-meta":"","header-above-stick-meta":"","header-main-stick-meta":"","header-below-stick-meta":"","astra-migrate-meta-layouts":"set","ast-page-background-enabled":"default","ast-page-background-meta":{"desktop":{"background-color":"var(--ast-global-color-4)","background-image":"","background-repeat":"repeat","background-position":"center center","background-size":"auto","background-attachment":"scroll","background-type":"","background-media":"","overlay-type":"","overlay-color":"","overlay-opacity":"","overlay-gradient":""},"tablet":{"background-color":"","background-image":"","background-repeat":"repeat","background-position":"center center","background-size":"auto","background-attachment":"scroll","background-type":"","background-media":"","overlay-type":"","overlay-color":"","overlay-opacity":"","overlay-gradient":""},"mobile":{"background-color":"","background-image":"","background-repeat":"repeat","background-position":"center center","background-size":"auto","background-attachment":"scroll","background-type":"","background-media":"","overlay-type":"","overlay-color":"","overlay-opacity":"","overlay-gradient":""}},"ast-content-background-meta":{"desktop":{"background-color":"var(--ast-global-color-5)","background-image":"","background-repeat":"repeat","background-position":"center center","background-size":"auto","background-attachment":"scroll","background-type":"","background-media":"","overlay-type":"","overlay-color":"","overlay-opacity":"","overlay-gradient":""},"tablet":{"background-color":"var(--ast-global-color-5)","background-image":"","background-repeat":"repeat","background-position":"center center","background-size":"auto","background-attachment":"scroll","background-type":"","background-media":"","overlay-type":"","overlay-color":"","overlay-opacity":"","overlay-gradient":""},"mobile":{"background-color":"var(--ast-global-color-5)","background-image":"","background-repeat":"repeat","background-position":"center center","background-size":"auto","background-attachment":"scroll","background-type":"","background-media":"","overlay-type":"","overlay-color":"","overlay-opacity":"","overlay-gradient":""}}},"product_brand":[],"product_cat":[305,22,42,177],"product_tag":[],"class_list":{"0":"post-5456","1":"product","2":"type-product","3":"status-publish","4":"has-post-thumbnail","6":"product_cat-biblia-para-ministros","7":"product_cat-biblias","8":"product_cat-biblias-reina-valera","9":"product_cat-letra-grande-rvr","10":"desktop-align-left","11":"tablet-align-left","12":"mobile-align-left","14":"first","15":"instock","16":"shipping-taxable","17":"purchasable","18":"product-type-simple"},"yoast_head":"<!-- This site is optimized with the Yoast SEO plugin v27.4 - https:\/\/yoast.com\/product\/yoast-seo-wordpress\/ -->\n<title>Biblia del Ministro RVR 1960 Letra Grande 12 pts Piel Caoba - tzionlibreria.com<\/title>\n<meta name=\"description\" content=\"La Biblia del Ministro RVR 1960 letra grande, ideal para pastores, l\u00edderes y ministros que desean servir con excelencia y claridad en cada ocasi\u00f3n.\" \/>\n<meta name=\"robots\" content=\"index, follow, max-snippet:-1, max-image-preview:large, max-video-preview:-1\" \/>\n<link rel=\"canonical\" href=\"https:\/\/tzionlibreria.com\/index.php\/product\/biblia-del-ministro-rvr-1960-letra-grande-12-pts-piel-caoba\/\" \/>\n<meta property=\"og:locale\" content=\"es_ES\" \/>\n<meta property=\"og:type\" content=\"article\" \/>\n<meta property=\"og:title\" content=\"Biblia del Ministro RVR 1960 Letra Grande 12 pts Piel Caoba - tzionlibreria.com\" \/>\n<meta property=\"og:description\" content=\"La Biblia del Ministro RVR 1960 letra grande, ideal para pastores, l\u00edderes y ministros que desean servir con excelencia y claridad en cada ocasi\u00f3n.\" \/>\n<meta property=\"og:url\" content=\"https:\/\/tzionlibreria.com\/index.php\/product\/biblia-del-ministro-rvr-1960-letra-grande-12-pts-piel-caoba\/\" \/>\n<meta property=\"og:site_name\" content=\"tzionlibreria.com\" \/>\n<meta property=\"article:modified_time\" content=\"2025-06-05T21:27:38+00:00\" \/>\n<meta property=\"og:image\" content=\"http:\/\/tzionlibreria.com\/wp-content\/uploads\/2025\/06\/ministrocaoba.png\" \/>\n\t<meta property=\"og:image:width\" content=\"1080\" \/>\n\t<meta property=\"og:image:height\" content=\"1080\" \/>\n\t<meta property=\"og:image:type\" content=\"image\/png\" \/>\n<meta name=\"twitter:card\" content=\"summary_large_image\" \/>\n<meta name=\"twitter:label1\" content=\"Tiempo de lectura\" \/>\n\t<meta name=\"twitter:data1\" content=\"2 minutos\" \/>\n<script type=\"application\/ld+json\" class=\"yoast-schema-graph\">{\"@context\":\"https:\\\/\\\/schema.org\",\"@graph\":[{\"@type\":\"WebPage\",\"@id\":\"https:\\\/\\\/tzionlibreria.com\\\/index.php\\\/product\\\/biblia-del-ministro-rvr-1960-letra-grande-12-pts-piel-caoba\\\/\",\"url\":\"https:\\\/\\\/tzionlibreria.com\\\/index.php\\\/product\\\/biblia-del-ministro-rvr-1960-letra-grande-12-pts-piel-caoba\\\/\",\"name\":\"Biblia del Ministro RVR 1960 Letra Grande 12 pts Piel Caoba - tzionlibreria.com\",\"isPartOf\":{\"@id\":\"https:\\\/\\\/tzionlibreria.com\\\/#website\"},\"primaryImageOfPage\":{\"@id\":\"https:\\\/\\\/tzionlibreria.com\\\/index.php\\\/product\\\/biblia-del-ministro-rvr-1960-letra-grande-12-pts-piel-caoba\\\/#primaryimage\"},\"image\":{\"@id\":\"https:\\\/\\\/tzionlibreria.com\\\/index.php\\\/product\\\/biblia-del-ministro-rvr-1960-letra-grande-12-pts-piel-caoba\\\/#primaryimage\"},\"thumbnailUrl\":\"https:\\\/\\\/tzionlibreria.com\\\/wp-content\\\/uploads\\\/2025\\\/06\\\/ministrocaoba.png\",\"datePublished\":\"2025-06-05T21:18:08+00:00\",\"dateModified\":\"2025-06-05T21:27:38+00:00\",\"description\":\"La Biblia del Ministro RVR 1960 letra grande, ideal para pastores, l\u00edderes y ministros que desean servir con excelencia y claridad en cada ocasi\u00f3n.\",\"breadcrumb\":{\"@id\":\"https:\\\/\\\/tzionlibreria.com\\\/index.php\\\/product\\\/biblia-del-ministro-rvr-1960-letra-grande-12-pts-piel-caoba\\\/#breadcrumb\"},\"inLanguage\":\"es-CO\",\"potentialAction\":[{\"@type\":\"ReadAction\",\"target\":[\"https:\\\/\\\/tzionlibreria.com\\\/index.php\\\/product\\\/biblia-del-ministro-rvr-1960-letra-grande-12-pts-piel-caoba\\\/\"]}]},{\"@type\":\"ImageObject\",\"inLanguage\":\"es-CO\",\"@id\":\"https:\\\/\\\/tzionlibreria.com\\\/index.php\\\/product\\\/biblia-del-ministro-rvr-1960-letra-grande-12-pts-piel-caoba\\\/#primaryimage\",\"url\":\"https:\\\/\\\/tzionlibreria.com\\\/wp-content\\\/uploads\\\/2025\\\/06\\\/ministrocaoba.png\",\"contentUrl\":\"https:\\\/\\\/tzionlibreria.com\\\/wp-content\\\/uploads\\\/2025\\\/06\\\/ministrocaoba.png\",\"width\":1080,\"height\":1080},{\"@type\":\"BreadcrumbList\",\"@id\":\"https:\\\/\\\/tzionlibreria.com\\\/index.php\\\/product\\\/biblia-del-ministro-rvr-1960-letra-grande-12-pts-piel-caoba\\\/#breadcrumb\",\"itemListElement\":[{\"@type\":\"ListItem\",\"position\":1,\"name\":\"Inicio\",\"item\":\"https:\\\/\\\/tzionlibreria.com\\\/\"},{\"@type\":\"ListItem\",\"position\":2,\"name\":\"Shop\",\"item\":\"https:\\\/\\\/tzionlibreria.com\\\/index.php\\\/shop\\\/\"},{\"@type\":\"ListItem\",\"position\":3,\"name\":\"Biblia del Ministro RVR 1960 Letra Grande 12 pts Piel Caoba\"}]},{\"@type\":\"WebSite\",\"@id\":\"https:\\\/\\\/tzionlibreria.com\\\/#website\",\"url\":\"https:\\\/\\\/tzionlibreria.com\\\/\",\"name\":\"tzionlibreria.com\",\"description\":\"Libreria Cristiana Venezuela\",\"publisher\":{\"@id\":\"https:\\\/\\\/tzionlibreria.com\\\/#organization\"},\"potentialAction\":[{\"@type\":\"SearchAction\",\"target\":{\"@type\":\"EntryPoint\",\"urlTemplate\":\"https:\\\/\\\/tzionlibreria.com\\\/?s={search_term_string}\"},\"query-input\":{\"@type\":\"PropertyValueSpecification\",\"valueRequired\":true,\"valueName\":\"search_term_string\"}}],\"inLanguage\":\"es-CO\"},{\"@type\":\"Organization\",\"@id\":\"https:\\\/\\\/tzionlibreria.com\\\/#organization\",\"name\":\"tzionlibreria.com\",\"url\":\"https:\\\/\\\/tzionlibreria.com\\\/\",\"logo\":{\"@type\":\"ImageObject\",\"inLanguage\":\"es-CO\",\"@id\":\"https:\\\/\\\/tzionlibreria.com\\\/#\\\/schema\\\/logo\\\/image\\\/\",\"url\":\"https:\\\/\\\/tzionlibreria.com\\\/wp-content\\\/uploads\\\/2023\\\/10\\\/cropped-Cuadricula-scaled-1.jpg\",\"contentUrl\":\"https:\\\/\\\/tzionlibreria.com\\\/wp-content\\\/uploads\\\/2023\\\/10\\\/cropped-Cuadricula-scaled-1.jpg\",\"width\":2560,\"height\":2560,\"caption\":\"tzionlibreria.com\"},\"image\":{\"@id\":\"https:\\\/\\\/tzionlibreria.com\\\/#\\\/schema\\\/logo\\\/image\\\/\"}}]}<\/script>\n<!-- \/ Yoast SEO plugin. -->","yoast_head_json":{"title":"Biblia del Ministro RVR 1960 Letra Grande 12 pts Piel Caoba - tzionlibreria.com","description":"La Biblia del Ministro RVR 1960 letra grande, ideal para pastores, l\u00edderes y ministros que desean servir con excelencia y claridad en cada ocasi\u00f3n.","robots":{"index":"index","follow":"follow","max-snippet":"max-snippet:-1","max-image-preview":"max-image-preview:large","max-video-preview":"max-video-preview:-1"},"canonical":"https:\/\/tzionlibreria.com\/index.php\/product\/biblia-del-ministro-rvr-1960-letra-grande-12-pts-piel-caoba\/","og_locale":"es_ES","og_type":"article","og_title":"Biblia del Ministro RVR 1960 Letra Grande 12 pts Piel Caoba - tzionlibreria.com","og_description":"La Biblia del Ministro RVR 1960 letra grande, ideal para pastores, l\u00edderes y ministros que desean servir con excelencia y claridad en cada ocasi\u00f3n.","og_url":"https:\/\/tzionlibreria.com\/index.php\/product\/biblia-del-ministro-rvr-1960-letra-grande-12-pts-piel-caoba\/","og_site_name":"tzionlibreria.com","article_modified_time":"2025-06-05T21:27:38+00:00","og_image":[{"width":1080,"height":1080,"url":"http:\/\/tzionlibreria.com\/wp-content\/uploads\/2025\/06\/ministrocaoba.png","type":"image\/png"}],"twitter_card":"summary_large_image","twitter_misc":{"Tiempo de lectura":"2 minutos"},"schema":{"@context":"https:\/\/schema.org","@graph":[{"@type":"WebPage","@id":"https:\/\/tzionlibreria.com\/index.php\/product\/biblia-del-ministro-rvr-1960-letra-grande-12-pts-piel-caoba\/","url":"https:\/\/tzionlibreria.com\/index.php\/product\/biblia-del-ministro-rvr-1960-letra-grande-12-pts-piel-caoba\/","name":"Biblia del Ministro RVR 1960 Letra Grande 12 pts Piel Caoba - tzionlibreria.com","isPartOf":{"@id":"https:\/\/tzionlibreria.com\/#website"},"primaryImageOfPage":{"@id":"https:\/\/tzionlibreria.com\/index.php\/product\/biblia-del-ministro-rvr-1960-letra-grande-12-pts-piel-caoba\/#primaryimage"},"image":{"@id":"https:\/\/tzionlibreria.com\/index.php\/product\/biblia-del-ministro-rvr-1960-letra-grande-12-pts-piel-caoba\/#primaryimage"},"thumbnailUrl":"https:\/\/tzionlibreria.com\/wp-content\/uploads\/2025\/06\/ministrocaoba.png","datePublished":"2025-06-05T21:18:08+00:00","dateModified":"2025-06-05T21:27:38+00:00","description":"La Biblia del Ministro RVR 1960 letra grande, ideal para pastores, l\u00edderes y ministros que desean servir con excelencia y claridad en cada ocasi\u00f3n.","breadcrumb":{"@id":"https:\/\/tzionlibreria.com\/index.php\/product\/biblia-del-ministro-rvr-1960-letra-grande-12-pts-piel-caoba\/#breadcrumb"},"inLanguage":"es-CO","potentialAction":[{"@type":"ReadAction","target":["https:\/\/tzionlibreria.com\/index.php\/product\/biblia-del-ministro-rvr-1960-letra-grande-12-pts-piel-caoba\/"]}]},{"@type":"ImageObject","inLanguage":"es-CO","@id":"https:\/\/tzionlibreria.com\/index.php\/product\/biblia-del-ministro-rvr-1960-letra-grande-12-pts-piel-caoba\/#primaryimage","url":"https:\/\/tzionlibreria.com\/wp-content\/uploads\/2025\/06\/ministrocaoba.png","contentUrl":"https:\/\/tzionlibreria.com\/wp-content\/uploads\/2025\/06\/ministrocaoba.png","width":1080,"height":1080},{"@type":"BreadcrumbList","@id":"https:\/\/tzionlibreria.com\/index.php\/product\/biblia-del-ministro-rvr-1960-letra-grande-12-pts-piel-caoba\/#breadcrumb","itemListElement":[{"@type":"ListItem","position":1,"name":"Inicio","item":"https:\/\/tzionlibreria.com\/"},{"@type":"ListItem","position":2,"name":"Shop","item":"https:\/\/tzionlibreria.com\/index.php\/shop\/"},{"@type":"ListItem","position":3,"name":"Biblia del Ministro RVR 1960 Letra Grande 12 pts Piel Caoba"}]},{"@type":"WebSite","@id":"https:\/\/tzionlibreria.com\/#website","url":"https:\/\/tzionlibreria.com\/","name":"tzionlibreria.com","description":"Libreria Cristiana Venezuela","publisher":{"@id":"https:\/\/tzionlibreria.com\/#organization"},"potentialAction":[{"@type":"SearchAction","target":{"@type":"EntryPoint","urlTemplate":"https:\/\/tzionlibreria.com\/?s={search_term_string}"},"query-input":{"@type":"PropertyValueSpecification","valueRequired":true,"valueName":"search_term_string"}}],"inLanguage":"es-CO"},{"@type":"Organization","@id":"https:\/\/tzionlibreria.com\/#organization","name":"tzionlibreria.com","url":"https:\/\/tzionlibreria.com\/","logo":{"@type":"ImageObject","inLanguage":"es-CO","@id":"https:\/\/tzionlibreria.com\/#\/schema\/logo\/image\/","url":"https:\/\/tzionlibreria.com\/wp-content\/uploads\/2023\/10\/cropped-Cuadricula-scaled-1.jpg","contentUrl":"https:\/\/tzionlibreria.com\/wp-content\/uploads\/2023\/10\/cropped-Cuadricula-scaled-1.jpg","width":2560,"height":2560,"caption":"tzionlibreria.com"},"image":{"@id":"https:\/\/tzionlibreria.com\/#\/schema\/logo\/image\/"}}]}},"jetpack_sharing_enabled":true,"_links":{"self":[{"href":"https:\/\/tzionlibreria.com\/index.php\/wp-json\/wp\/v2\/product\/5456","targetHints":{"allow":["GET"]}}],"collection":[{"href":"https:\/\/tzionlibreria.com\/index.php\/wp-json\/wp\/v2\/product"}],"about":[{"href":"https:\/\/tzionlibreria.com\/index.php\/wp-json\/wp\/v2\/types\/product"}],"replies":[{"embeddable":true,"href":"https:\/\/tzionlibreria.com\/index.php\/wp-json\/wp\/v2\/comments?post=5456"}],"wp:featuredmedia":[{"embeddable":true,"href":"https:\/\/tzionlibreria.com\/index.php\/wp-json\/wp\/v2\/media\/5458"}],"wp:attachment":[{"href":"https:\/\/tzionlibreria.com\/index.php\/wp-json\/wp\/v2\/media?parent=5456"}],"wp:term":[{"taxonomy":"product_brand","embeddable":true,"href":"https:\/\/tzionlibreria.com\/index.php\/wp-json\/wp\/v2\/product_brand?post=5456"},{"taxonomy":"product_cat","embeddable":true,"href":"https:\/\/tzionlibreria.com\/index.php\/wp-json\/wp\/v2\/product_cat?post=5456"},{"taxonomy":"product_tag","embeddable":true,"href":"https:\/\/tzionlibreria.com\/index.php\/wp-json\/wp\/v2\/product_tag?post=5456"}],"curies":[{"name":"wp","href":"https:\/\/api.w.org\/{rel}","templated":true}]}}