{"id":5478,"date":"2025-06-13T16:13:51","date_gmt":"2025-06-13T16:13:51","guid":{"rendered":"https:\/\/tzionlibreria.com\/?post_type=product&#038;p=5478"},"modified":"2025-06-13T16:22:08","modified_gmt":"2025-06-13T16:22:08","slug":"biblia-de-estudio-teologico-rvr-1960-negro-indice-piel","status":"publish","type":"product","link":"https:\/\/tzionlibreria.com\/index.php\/product\/biblia-de-estudio-teologico-rvr-1960-negro-indice-piel\/","title":{"rendered":"Biblia de Estudio Teol\u00f3gico RVR 1960 Negro Indice Piel"},"content":{"rendered":"<div class=\"ast-oembed-container \" style=\"height: 100%;\"><iframe title=\"Biblia De Estudio Teologico Rvr 1960 Negro Indice Piel\" width=\"500\" height=\"281\" src=\"https:\/\/www.youtube.com\/embed\/Bw5ItKGTRiI?feature=oembed\" frameborder=\"0\" allow=\"accelerometer; autoplay; clipboard-write; encrypted-media; gyroscope; picture-in-picture; web-share\" referrerpolicy=\"strict-origin-when-cross-origin\" allowfullscreen><\/iframe><\/div>\n<p data-start=\"206\" data-end=\"309\">\n<p data-start=\"206\" data-end=\"309\">\ud83d\udcd6 <strong data-start=\"209\" data-end=\"307\">Biblia de Estudio Teol\u00f3gico RVR 1960 \u2013 Una joya para el estudio profundo de la Palabra de Dios<\/strong><\/p>\n<p data-start=\"311\" data-end=\"694\">La Biblia de Estudio Teol\u00f3gico RVR 1960 es una de las m\u00e1s completas en espa\u00f1ol. Basada en la reconocida <em data-start=\"415\" data-end=\"432\">ESV Study Bible<\/em> y cuidadosamente traducida por un equipo de casi 100 especialistas \u2014entre ellos Wayne Grudem, J. I. Packer, Iain W. Provan, David W. Chapman, Mark Dever y John Piper\u2014 esta edici\u00f3n re\u00fane lo mejor del mundo acad\u00e9mico con una perspectiva b\u00edblica fiel y edificante.<\/p>\n<p data-start=\"696\" data-end=\"1342\">\u2705 <strong data-start=\"698\" data-end=\"734\">Beneficios y contenido especial:<\/strong><br data-start=\"734\" data-end=\"737\" \/>\ud83d\udcda M\u00e1s de <strong data-start=\"747\" data-end=\"774\">44,000 notas de estudio<\/strong> esclarecedoras<br data-start=\"789\" data-end=\"792\" \/>\ud83d\uddfa\ufe0f M\u00e1s de <strong data-start=\"803\" data-end=\"827\">200 mapas detallados<\/strong> para ubicar el contexto hist\u00f3rico<br data-start=\"861\" data-end=\"864\" \/>\ud83d\udcca M\u00e1s de <strong data-start=\"874\" data-end=\"901\">200 tablas comparativas<\/strong> y <strong data-start=\"904\" data-end=\"928\">60 cuadros tem\u00e1ticos<\/strong><br data-start=\"928\" data-end=\"931\" \/>\ud83d\udcd0 Diagramas, esquemas e ilustraciones enriquecedoras<br data-start=\"984\" data-end=\"987\" \/>\ud83d\udcd6 Concordancia completa de <strong data-start=\"1015\" data-end=\"1030\">148 p\u00e1ginas<\/strong><br data-start=\"1030\" data-end=\"1033\" \/>\ud83d\udcdd Texto b\u00edblico en letra mediana de <strong data-start=\"1070\" data-end=\"1083\">11 puntos<\/strong> y notas en <strong data-start=\"1095\" data-end=\"1109\">7.5 puntos<\/strong><br data-start=\"1109\" data-end=\"1112\" \/>\ud83d\udd0d <strong data-start=\"1115\" data-end=\"1136\">Buscador tem\u00e1tico<\/strong> con organizaci\u00f3n clara<br data-start=\"1159\" data-end=\"1162\" \/>\ud83d\udce6 Presentaci\u00f3n en estuche elegante y <strong data-start=\"1200\" data-end=\"1220\">cubierta de piel<\/strong> con \u00edndice<br data-start=\"1231\" data-end=\"1234\" \/>\ud83d\udde3\ufe0f Traducci\u00f3n: Reina-Valera 1960<br data-start=\"1267\" data-end=\"1270\" \/>\ud83d\udcc4 <strong data-start=\"1273\" data-end=\"1285\">P\u00e1ginas:<\/strong> 2.524 | <strong data-start=\"1294\" data-end=\"1305\">Idioma:<\/strong> Espa\u00f1ol<br data-start=\"1313\" data-end=\"1316\" \/>\ud83d\udccc <strong data-start=\"1319\" data-end=\"1328\">ISBN:<\/strong> 7898521811204<\/p>\n<p data-start=\"1344\" data-end=\"1697\">\ud83d\udc64 <strong data-start=\"1347\" data-end=\"1378\">\u00bfPara qui\u00e9n es esta Biblia?<\/strong><br data-start=\"1378\" data-end=\"1381\" \/>Perfecta para <strong data-start=\"1395\" data-end=\"1485\">pastores, maestros, estudiantes de teolog\u00eda, l\u00edderes cristianos y laicos comprometidos<\/strong> que desean ir m\u00e1s all\u00e1 de la lectura devocional y profundizar en los matices teol\u00f3gicos, hist\u00f3ricos y sociales de la Biblia. Una herramienta indispensable para predicar, ense\u00f1ar o estudiar con fundamento s\u00f3lido.<\/p>\n<p data-start=\"1076\" data-end=\"1177\">Una Biblia que no solo informa\u2026 transforma.<\/p>\n","protected":false},"excerpt":{"rendered":"<p>\ud83d\udcd6 Biblia de Estudio Teol\u00f3gico RVR 1960 \u2013 Una joya para el estudio profundo de la Palabra de Dios La Biblia de Estudio Teol\u00f3gico RVR 1960 es una de las m\u00e1s completas en espa\u00f1ol. Basada en la reconocida ESV Study Bible y cuidadosamente traducida por un equipo de casi 100 especialistas \u2014entre ellos Wayne Grudem, [&hellip;]<\/p>\n","protected":false},"featured_media":5479,"comment_status":"open","ping_status":"closed","template":"","meta":{"om_disable_all_campaigns":false,"_monsterinsights_skip_tracking":false,"_monsterinsights_sitenote_active":false,"_monsterinsights_sitenote_note":"","_monsterinsights_sitenote_category":0,"site-sidebar-layout":"default","site-content-layout":"","ast-site-content-layout":"default","site-content-style":"default","site-sidebar-style":"default","ast-global-header-display":"","ast-banner-title-visibility":"","ast-main-header-display":"","ast-hfb-above-header-display":"","ast-hfb-below-header-display":"","ast-hfb-mobile-header-display":"","site-post-title":"","ast-breadcrumbs-content":"","ast-featured-img":"","footer-sml-layout":"","ast-disable-related-posts":"","theme-transparent-header-meta":"default","adv-header-id-meta":"","stick-header-meta":"","header-above-stick-meta":"","header-main-stick-meta":"","header-below-stick-meta":"","astra-migrate-meta-layouts":"set","ast-page-background-enabled":"default","ast-page-background-meta":{"desktop":{"background-color":"var(--ast-global-color-4)","background-image":"","background-repeat":"repeat","background-position":"center center","background-size":"auto","background-attachment":"scroll","background-type":"","background-media":"","overlay-type":"","overlay-color":"","overlay-opacity":"","overlay-gradient":""},"tablet":{"background-color":"","background-image":"","background-repeat":"repeat","background-position":"center center","background-size":"auto","background-attachment":"scroll","background-type":"","background-media":"","overlay-type":"","overlay-color":"","overlay-opacity":"","overlay-gradient":""},"mobile":{"background-color":"","background-image":"","background-repeat":"repeat","background-position":"center center","background-size":"auto","background-attachment":"scroll","background-type":"","background-media":"","overlay-type":"","overlay-color":"","overlay-opacity":"","overlay-gradient":""}},"ast-content-background-meta":{"desktop":{"background-color":"var(--ast-global-color-5)","background-image":"","background-repeat":"repeat","background-position":"center center","background-size":"auto","background-attachment":"scroll","background-type":"","background-media":"","overlay-type":"","overlay-color":"","overlay-opacity":"","overlay-gradient":""},"tablet":{"background-color":"var(--ast-global-color-5)","background-image":"","background-repeat":"repeat","background-position":"center center","background-size":"auto","background-attachment":"scroll","background-type":"","background-media":"","overlay-type":"","overlay-color":"","overlay-opacity":"","overlay-gradient":""},"mobile":{"background-color":"var(--ast-global-color-5)","background-image":"","background-repeat":"repeat","background-position":"center center","background-size":"auto","background-attachment":"scroll","background-type":"","background-media":"","overlay-type":"","overlay-color":"","overlay-opacity":"","overlay-gradient":""}}},"product_brand":[],"product_cat":[22,30],"product_tag":[],"class_list":{"0":"post-5478","1":"product","2":"type-product","3":"status-publish","4":"has-post-thumbnail","6":"product_cat-biblias","7":"product_cat-biblia-de-estudio","8":"desktop-align-left","9":"tablet-align-left","10":"mobile-align-left","12":"first","13":"instock","14":"shipping-taxable","15":"purchasable","16":"product-type-simple"},"yoast_head":"<!-- This site is optimized with the Yoast SEO plugin v27.4 - https:\/\/yoast.com\/product\/yoast-seo-wordpress\/ -->\n<title>Biblia de Estudio Teol\u00f3gico RVR 1960 Negro Indice Piel - tzionlibreria.com<\/title>\n<meta name=\"description\" content=\"Biblia de Estudio Teol\u00f3gico RVR 1960 . Una joya para el estudio profundo de la Palabra de Dios Indispensable para predicar, ense\u00f1ar o estudiar.\" \/>\n<meta name=\"robots\" content=\"index, follow, max-snippet:-1, max-image-preview:large, max-video-preview:-1\" \/>\n<link rel=\"canonical\" href=\"https:\/\/tzionlibreria.com\/index.php\/product\/biblia-de-estudio-teologico-rvr-1960-negro-indice-piel\/\" \/>\n<meta property=\"og:locale\" content=\"es_ES\" \/>\n<meta property=\"og:type\" content=\"article\" \/>\n<meta property=\"og:title\" content=\"Biblia de Estudio Teol\u00f3gico RVR 1960 Negro Indice Piel - tzionlibreria.com\" \/>\n<meta property=\"og:description\" content=\"Biblia de Estudio Teol\u00f3gico RVR 1960 . Una joya para el estudio profundo de la Palabra de Dios Indispensable para predicar, ense\u00f1ar o estudiar.\" \/>\n<meta property=\"og:url\" content=\"https:\/\/tzionlibreria.com\/index.php\/product\/biblia-de-estudio-teologico-rvr-1960-negro-indice-piel\/\" \/>\n<meta property=\"og:site_name\" content=\"tzionlibreria.com\" \/>\n<meta property=\"article:modified_time\" content=\"2025-06-13T16:22:08+00:00\" \/>\n<meta property=\"og:image\" content=\"http:\/\/tzionlibreria.com\/wp-content\/uploads\/2025\/06\/7898521811204-b-1-scaled-2.webp\" \/>\n\t<meta property=\"og:image:width\" content=\"823\" \/>\n\t<meta property=\"og:image:height\" content=\"823\" \/>\n\t<meta property=\"og:image:type\" content=\"image\/webp\" \/>\n<meta name=\"twitter:card\" content=\"summary_large_image\" \/>\n<meta name=\"twitter:label1\" content=\"Tiempo de lectura\" \/>\n\t<meta name=\"twitter:data1\" content=\"2 minutos\" \/>\n<script type=\"application\/ld+json\" class=\"yoast-schema-graph\">{\"@context\":\"https:\\\/\\\/schema.org\",\"@graph\":[{\"@type\":\"WebPage\",\"@id\":\"https:\\\/\\\/tzionlibreria.com\\\/index.php\\\/product\\\/biblia-de-estudio-teologico-rvr-1960-negro-indice-piel\\\/\",\"url\":\"https:\\\/\\\/tzionlibreria.com\\\/index.php\\\/product\\\/biblia-de-estudio-teologico-rvr-1960-negro-indice-piel\\\/\",\"name\":\"Biblia de Estudio Teol\u00f3gico RVR 1960 Negro Indice Piel - tzionlibreria.com\",\"isPartOf\":{\"@id\":\"https:\\\/\\\/tzionlibreria.com\\\/#website\"},\"primaryImageOfPage\":{\"@id\":\"https:\\\/\\\/tzionlibreria.com\\\/index.php\\\/product\\\/biblia-de-estudio-teologico-rvr-1960-negro-indice-piel\\\/#primaryimage\"},\"image\":{\"@id\":\"https:\\\/\\\/tzionlibreria.com\\\/index.php\\\/product\\\/biblia-de-estudio-teologico-rvr-1960-negro-indice-piel\\\/#primaryimage\"},\"thumbnailUrl\":\"https:\\\/\\\/tzionlibreria.com\\\/wp-content\\\/uploads\\\/2025\\\/06\\\/7898521811204-b-1-scaled-2.webp\",\"datePublished\":\"2025-06-13T16:13:51+00:00\",\"dateModified\":\"2025-06-13T16:22:08+00:00\",\"description\":\"Biblia de Estudio Teol\u00f3gico RVR 1960 . Una joya para el estudio profundo de la Palabra de Dios Indispensable para predicar, ense\u00f1ar o estudiar.\",\"breadcrumb\":{\"@id\":\"https:\\\/\\\/tzionlibreria.com\\\/index.php\\\/product\\\/biblia-de-estudio-teologico-rvr-1960-negro-indice-piel\\\/#breadcrumb\"},\"inLanguage\":\"es-CO\",\"potentialAction\":[{\"@type\":\"ReadAction\",\"target\":[\"https:\\\/\\\/tzionlibreria.com\\\/index.php\\\/product\\\/biblia-de-estudio-teologico-rvr-1960-negro-indice-piel\\\/\"]}]},{\"@type\":\"ImageObject\",\"inLanguage\":\"es-CO\",\"@id\":\"https:\\\/\\\/tzionlibreria.com\\\/index.php\\\/product\\\/biblia-de-estudio-teologico-rvr-1960-negro-indice-piel\\\/#primaryimage\",\"url\":\"https:\\\/\\\/tzionlibreria.com\\\/wp-content\\\/uploads\\\/2025\\\/06\\\/7898521811204-b-1-scaled-2.webp\",\"contentUrl\":\"https:\\\/\\\/tzionlibreria.com\\\/wp-content\\\/uploads\\\/2025\\\/06\\\/7898521811204-b-1-scaled-2.webp\",\"width\":823,\"height\":823},{\"@type\":\"BreadcrumbList\",\"@id\":\"https:\\\/\\\/tzionlibreria.com\\\/index.php\\\/product\\\/biblia-de-estudio-teologico-rvr-1960-negro-indice-piel\\\/#breadcrumb\",\"itemListElement\":[{\"@type\":\"ListItem\",\"position\":1,\"name\":\"Inicio\",\"item\":\"https:\\\/\\\/tzionlibreria.com\\\/\"},{\"@type\":\"ListItem\",\"position\":2,\"name\":\"Shop\",\"item\":\"https:\\\/\\\/tzionlibreria.com\\\/index.php\\\/shop\\\/\"},{\"@type\":\"ListItem\",\"position\":3,\"name\":\"Biblia de Estudio Teol\u00f3gico RVR 1960 Negro Indice Piel\"}]},{\"@type\":\"WebSite\",\"@id\":\"https:\\\/\\\/tzionlibreria.com\\\/#website\",\"url\":\"https:\\\/\\\/tzionlibreria.com\\\/\",\"name\":\"tzionlibreria.com\",\"description\":\"Libreria Cristiana Venezuela\",\"publisher\":{\"@id\":\"https:\\\/\\\/tzionlibreria.com\\\/#organization\"},\"potentialAction\":[{\"@type\":\"SearchAction\",\"target\":{\"@type\":\"EntryPoint\",\"urlTemplate\":\"https:\\\/\\\/tzionlibreria.com\\\/?s={search_term_string}\"},\"query-input\":{\"@type\":\"PropertyValueSpecification\",\"valueRequired\":true,\"valueName\":\"search_term_string\"}}],\"inLanguage\":\"es-CO\"},{\"@type\":\"Organization\",\"@id\":\"https:\\\/\\\/tzionlibreria.com\\\/#organization\",\"name\":\"tzionlibreria.com\",\"url\":\"https:\\\/\\\/tzionlibreria.com\\\/\",\"logo\":{\"@type\":\"ImageObject\",\"inLanguage\":\"es-CO\",\"@id\":\"https:\\\/\\\/tzionlibreria.com\\\/#\\\/schema\\\/logo\\\/image\\\/\",\"url\":\"https:\\\/\\\/tzionlibreria.com\\\/wp-content\\\/uploads\\\/2023\\\/10\\\/cropped-Cuadricula-scaled-1.jpg\",\"contentUrl\":\"https:\\\/\\\/tzionlibreria.com\\\/wp-content\\\/uploads\\\/2023\\\/10\\\/cropped-Cuadricula-scaled-1.jpg\",\"width\":2560,\"height\":2560,\"caption\":\"tzionlibreria.com\"},\"image\":{\"@id\":\"https:\\\/\\\/tzionlibreria.com\\\/#\\\/schema\\\/logo\\\/image\\\/\"}}]}<\/script>\n<!-- \/ Yoast SEO plugin. -->","yoast_head_json":{"title":"Biblia de Estudio Teol\u00f3gico RVR 1960 Negro Indice Piel - tzionlibreria.com","description":"Biblia de Estudio Teol\u00f3gico RVR 1960 . Una joya para el estudio profundo de la Palabra de Dios Indispensable para predicar, ense\u00f1ar o estudiar.","robots":{"index":"index","follow":"follow","max-snippet":"max-snippet:-1","max-image-preview":"max-image-preview:large","max-video-preview":"max-video-preview:-1"},"canonical":"https:\/\/tzionlibreria.com\/index.php\/product\/biblia-de-estudio-teologico-rvr-1960-negro-indice-piel\/","og_locale":"es_ES","og_type":"article","og_title":"Biblia de Estudio Teol\u00f3gico RVR 1960 Negro Indice Piel - tzionlibreria.com","og_description":"Biblia de Estudio Teol\u00f3gico RVR 1960 . Una joya para el estudio profundo de la Palabra de Dios Indispensable para predicar, ense\u00f1ar o estudiar.","og_url":"https:\/\/tzionlibreria.com\/index.php\/product\/biblia-de-estudio-teologico-rvr-1960-negro-indice-piel\/","og_site_name":"tzionlibreria.com","article_modified_time":"2025-06-13T16:22:08+00:00","og_image":[{"width":823,"height":823,"url":"http:\/\/tzionlibreria.com\/wp-content\/uploads\/2025\/06\/7898521811204-b-1-scaled-2.webp","type":"image\/webp"}],"twitter_card":"summary_large_image","twitter_misc":{"Tiempo de lectura":"2 minutos"},"schema":{"@context":"https:\/\/schema.org","@graph":[{"@type":"WebPage","@id":"https:\/\/tzionlibreria.com\/index.php\/product\/biblia-de-estudio-teologico-rvr-1960-negro-indice-piel\/","url":"https:\/\/tzionlibreria.com\/index.php\/product\/biblia-de-estudio-teologico-rvr-1960-negro-indice-piel\/","name":"Biblia de Estudio Teol\u00f3gico RVR 1960 Negro Indice Piel - tzionlibreria.com","isPartOf":{"@id":"https:\/\/tzionlibreria.com\/#website"},"primaryImageOfPage":{"@id":"https:\/\/tzionlibreria.com\/index.php\/product\/biblia-de-estudio-teologico-rvr-1960-negro-indice-piel\/#primaryimage"},"image":{"@id":"https:\/\/tzionlibreria.com\/index.php\/product\/biblia-de-estudio-teologico-rvr-1960-negro-indice-piel\/#primaryimage"},"thumbnailUrl":"https:\/\/tzionlibreria.com\/wp-content\/uploads\/2025\/06\/7898521811204-b-1-scaled-2.webp","datePublished":"2025-06-13T16:13:51+00:00","dateModified":"2025-06-13T16:22:08+00:00","description":"Biblia de Estudio Teol\u00f3gico RVR 1960 . Una joya para el estudio profundo de la Palabra de Dios Indispensable para predicar, ense\u00f1ar o estudiar.","breadcrumb":{"@id":"https:\/\/tzionlibreria.com\/index.php\/product\/biblia-de-estudio-teologico-rvr-1960-negro-indice-piel\/#breadcrumb"},"inLanguage":"es-CO","potentialAction":[{"@type":"ReadAction","target":["https:\/\/tzionlibreria.com\/index.php\/product\/biblia-de-estudio-teologico-rvr-1960-negro-indice-piel\/"]}]},{"@type":"ImageObject","inLanguage":"es-CO","@id":"https:\/\/tzionlibreria.com\/index.php\/product\/biblia-de-estudio-teologico-rvr-1960-negro-indice-piel\/#primaryimage","url":"https:\/\/tzionlibreria.com\/wp-content\/uploads\/2025\/06\/7898521811204-b-1-scaled-2.webp","contentUrl":"https:\/\/tzionlibreria.com\/wp-content\/uploads\/2025\/06\/7898521811204-b-1-scaled-2.webp","width":823,"height":823},{"@type":"BreadcrumbList","@id":"https:\/\/tzionlibreria.com\/index.php\/product\/biblia-de-estudio-teologico-rvr-1960-negro-indice-piel\/#breadcrumb","itemListElement":[{"@type":"ListItem","position":1,"name":"Inicio","item":"https:\/\/tzionlibreria.com\/"},{"@type":"ListItem","position":2,"name":"Shop","item":"https:\/\/tzionlibreria.com\/index.php\/shop\/"},{"@type":"ListItem","position":3,"name":"Biblia de Estudio Teol\u00f3gico RVR 1960 Negro Indice Piel"}]},{"@type":"WebSite","@id":"https:\/\/tzionlibreria.com\/#website","url":"https:\/\/tzionlibreria.com\/","name":"tzionlibreria.com","description":"Libreria Cristiana Venezuela","publisher":{"@id":"https:\/\/tzionlibreria.com\/#organization"},"potentialAction":[{"@type":"SearchAction","target":{"@type":"EntryPoint","urlTemplate":"https:\/\/tzionlibreria.com\/?s={search_term_string}"},"query-input":{"@type":"PropertyValueSpecification","valueRequired":true,"valueName":"search_term_string"}}],"inLanguage":"es-CO"},{"@type":"Organization","@id":"https:\/\/tzionlibreria.com\/#organization","name":"tzionlibreria.com","url":"https:\/\/tzionlibreria.com\/","logo":{"@type":"ImageObject","inLanguage":"es-CO","@id":"https:\/\/tzionlibreria.com\/#\/schema\/logo\/image\/","url":"https:\/\/tzionlibreria.com\/wp-content\/uploads\/2023\/10\/cropped-Cuadricula-scaled-1.jpg","contentUrl":"https:\/\/tzionlibreria.com\/wp-content\/uploads\/2023\/10\/cropped-Cuadricula-scaled-1.jpg","width":2560,"height":2560,"caption":"tzionlibreria.com"},"image":{"@id":"https:\/\/tzionlibreria.com\/#\/schema\/logo\/image\/"}}]}},"jetpack_sharing_enabled":true,"_links":{"self":[{"href":"https:\/\/tzionlibreria.com\/index.php\/wp-json\/wp\/v2\/product\/5478","targetHints":{"allow":["GET"]}}],"collection":[{"href":"https:\/\/tzionlibreria.com\/index.php\/wp-json\/wp\/v2\/product"}],"about":[{"href":"https:\/\/tzionlibreria.com\/index.php\/wp-json\/wp\/v2\/types\/product"}],"replies":[{"embeddable":true,"href":"https:\/\/tzionlibreria.com\/index.php\/wp-json\/wp\/v2\/comments?post=5478"}],"wp:featuredmedia":[{"embeddable":true,"href":"https:\/\/tzionlibreria.com\/index.php\/wp-json\/wp\/v2\/media\/5479"}],"wp:attachment":[{"href":"https:\/\/tzionlibreria.com\/index.php\/wp-json\/wp\/v2\/media?parent=5478"}],"wp:term":[{"taxonomy":"product_brand","embeddable":true,"href":"https:\/\/tzionlibreria.com\/index.php\/wp-json\/wp\/v2\/product_brand?post=5478"},{"taxonomy":"product_cat","embeddable":true,"href":"https:\/\/tzionlibreria.com\/index.php\/wp-json\/wp\/v2\/product_cat?post=5478"},{"taxonomy":"product_tag","embeddable":true,"href":"https:\/\/tzionlibreria.com\/index.php\/wp-json\/wp\/v2\/product_tag?post=5478"}],"curies":[{"name":"wp","href":"https:\/\/api.w.org\/{rel}","templated":true}]}}