{"id":5482,"date":"2025-06-17T01:22:38","date_gmt":"2025-06-17T01:22:38","guid":{"rendered":"https:\/\/tzionlibreria.com\/?post_type=product&#038;p=5482"},"modified":"2025-06-17T01:22:38","modified_gmt":"2025-06-17T01:22:38","slug":"me-buscaran-y-me-hallaran-francis-frangipane","status":"publish","type":"product","link":"https:\/\/tzionlibreria.com\/index.php\/product\/me-buscaran-y-me-hallaran-francis-frangipane\/","title":{"rendered":"Me Buscar\u00e1n y Me Hallar\u00e1n &#8211;  Francis Frangipane"},"content":{"rendered":"<p data-start=\"208\" data-end=\"545\">En <em data-start=\"211\" data-end=\"238\">Me Buscar\u00e1n y Me Hallar\u00e1n<\/em>, el pastor y autor Francis Frangipane invita al lector a entrar en un tiempo profundo de b\u00fasqueda del rostro de Dios. Basado en la promesa b\u00edblica de Jerem\u00edas 29:13 \u2014\u201cMe buscar\u00e1n y me hallar\u00e1n, porque me buscar\u00e1n de todo coraz\u00f3n\u201d\u2014, este libro es un llamado urgente y apasionado a la intimidad con el Se\u00f1or.<\/p>\n<p data-start=\"547\" data-end=\"856\">Con una mezcla de mensajes in\u00e9ditos y otros previamente publicados, el autor nos recuerda que si deseamos encontrar a Dios con sinceridad, \u00c9l se dejar\u00e1 encontrar con certeza. La obra enfatiza que no hay mayor tesoro que Su presencia y que, al buscarlo con todo el coraz\u00f3n, seremos transformados por Su gloria.<\/p>\n<hr data-start=\"858\" data-end=\"861\" \/>\n<p data-start=\"863\" data-end=\"891\"><strong data-start=\"863\" data-end=\"891\">\ud83c\udfaf \u00bfA qui\u00e9n va dirigido?<\/strong><\/p>\n<ul data-start=\"893\" data-end=\"1215\">\n<li data-start=\"893\" data-end=\"970\">\n<p data-start=\"895\" data-end=\"970\">A creyentes que anhelan una vida de oraci\u00f3n m\u00e1s profunda y significativa.<\/p>\n<\/li>\n<li data-start=\"971\" data-end=\"1057\">\n<p data-start=\"973\" data-end=\"1057\">A pastores, l\u00edderes y ministerios que desean guiar a otros en la b\u00fasqueda de Dios.<\/p>\n<\/li>\n<li data-start=\"1058\" data-end=\"1144\">\n<p data-start=\"1060\" data-end=\"1144\">A personas atravesando tiempos de sequedad espiritual o buscando direcci\u00f3n divina.<\/p>\n<\/li>\n<li data-start=\"1145\" data-end=\"1215\">\n<p data-start=\"1147\" data-end=\"1215\">A todo lector que desea renovar su intimidad con el Padre celestial.<\/p>\n<\/li>\n<\/ul>\n<hr data-start=\"1217\" data-end=\"1220\" \/>\n<p data-start=\"1222\" data-end=\"1247\"><strong data-start=\"1222\" data-end=\"1247\">\u2705 Ventajas del libro:<\/strong><\/p>\n<ul data-start=\"1249\" data-end=\"1604\">\n<li data-start=\"1249\" data-end=\"1335\">\n<p data-start=\"1251\" data-end=\"1335\">Ense\u00f1a principios pr\u00e1cticos y espirituales para buscar a Dios con todo el coraz\u00f3n.<\/p>\n<\/li>\n<li data-start=\"1336\" data-end=\"1398\">\n<p data-start=\"1338\" data-end=\"1398\">Fortalece la vida de oraci\u00f3n y comuni\u00f3n personal con Dios.<\/p>\n<\/li>\n<li data-start=\"1399\" data-end=\"1482\">\n<p data-start=\"1401\" data-end=\"1482\">Incluye meditaciones que pueden usarse para devocionales personales o en grupo.<\/p>\n<\/li>\n<li data-start=\"1483\" data-end=\"1545\">\n<p data-start=\"1485\" data-end=\"1545\">Aporta un enfoque b\u00edblico y pastoral que motiva y desaf\u00eda.<\/p>\n<\/li>\n<li data-start=\"1546\" data-end=\"1604\">\n<p data-start=\"1548\" data-end=\"1604\">Ideal para temporadas de ayuno, b\u00fasqueda o consagraci\u00f3n.<\/p>\n<\/li>\n<\/ul>\n<hr data-start=\"1606\" data-end=\"1609\" \/>\n<p data-start=\"1611\" data-end=\"1644\"><strong data-start=\"1611\" data-end=\"1644\">\ud83d\udcac Frase destacada del libro:<\/strong><\/p>\n<blockquote data-start=\"1646\" data-end=\"1712\">\n<p data-start=\"1648\" data-end=\"1712\">\u201cSi a Dios deseamos, a Dios encontraremos\u2026 \u00a1con toda seguridad!\u201d<\/p>\n<\/blockquote>\n<hr data-start=\"1714\" data-end=\"1717\" \/>\n<p data-start=\"1719\" data-end=\"1968\" data-is-last-node=\"\" data-is-only-node=\"\">Una gu\u00eda esencial para quienes desean ir m\u00e1s all\u00e1 de la religi\u00f3n superficial y hallar a Dios en lo profundo de su coraz\u00f3n.<\/p>\n<p data-start=\"1719\" data-end=\"1968\" data-is-last-node=\"\" data-is-only-node=\"\"><br data-start=\"105\" data-end=\"108\" \/><strong data-start=\"108\" data-end=\"122\">Categor\u00eda:<\/strong> Oraci\u00f3n<br data-start=\"130\" data-end=\"133\" \/><strong data-start=\"133\" data-end=\"141\">ISBN:<\/strong> 9789587370669<br data-start=\"155\" data-end=\"158\" \/><strong data-start=\"158\" data-end=\"170\">Formato:<\/strong> Tapa blanda<br data-start=\"182\" data-end=\"185\" \/><strong data-start=\"185\" data-end=\"196\">Idioma:<\/strong> Espa\u00f1ol<\/p>\n","protected":false},"excerpt":{"rendered":"<p>En Me Buscar\u00e1n y Me Hallar\u00e1n, el pastor y autor Francis Frangipane invita al lector a entrar en un tiempo profundo de b\u00fasqueda del rostro de Dios. Basado en la promesa b\u00edblica de Jerem\u00edas 29:13 \u2014\u201cMe buscar\u00e1n y me hallar\u00e1n, porque me buscar\u00e1n de todo coraz\u00f3n\u201d\u2014, este libro es un llamado urgente y apasionado a [&hellip;]<\/p>\n","protected":false},"featured_media":5483,"comment_status":"open","ping_status":"closed","template":"","meta":{"om_disable_all_campaigns":false,"_monsterinsights_skip_tracking":false,"_monsterinsights_sitenote_active":false,"_monsterinsights_sitenote_note":"","_monsterinsights_sitenote_category":0,"site-sidebar-layout":"default","site-content-layout":"","ast-site-content-layout":"default","site-content-style":"default","site-sidebar-style":"default","ast-global-header-display":"","ast-banner-title-visibility":"","ast-main-header-display":"","ast-hfb-above-header-display":"","ast-hfb-below-header-display":"","ast-hfb-mobile-header-display":"","site-post-title":"","ast-breadcrumbs-content":"","ast-featured-img":"","footer-sml-layout":"","ast-disable-related-posts":"","theme-transparent-header-meta":"default","adv-header-id-meta":"","stick-header-meta":"","header-above-stick-meta":"","header-main-stick-meta":"","header-below-stick-meta":"","astra-migrate-meta-layouts":"set","ast-page-background-enabled":"default","ast-page-background-meta":{"desktop":{"background-color":"var(--ast-global-color-4)","background-image":"","background-repeat":"repeat","background-position":"center center","background-size":"auto","background-attachment":"scroll","background-type":"","background-media":"","overlay-type":"","overlay-color":"","overlay-opacity":"","overlay-gradient":""},"tablet":{"background-color":"","background-image":"","background-repeat":"repeat","background-position":"center center","background-size":"auto","background-attachment":"scroll","background-type":"","background-media":"","overlay-type":"","overlay-color":"","overlay-opacity":"","overlay-gradient":""},"mobile":{"background-color":"","background-image":"","background-repeat":"repeat","background-position":"center center","background-size":"auto","background-attachment":"scroll","background-type":"","background-media":"","overlay-type":"","overlay-color":"","overlay-opacity":"","overlay-gradient":""}},"ast-content-background-meta":{"desktop":{"background-color":"var(--ast-global-color-5)","background-image":"","background-repeat":"repeat","background-position":"center center","background-size":"auto","background-attachment":"scroll","background-type":"","background-media":"","overlay-type":"","overlay-color":"","overlay-opacity":"","overlay-gradient":""},"tablet":{"background-color":"var(--ast-global-color-5)","background-image":"","background-repeat":"repeat","background-position":"center center","background-size":"auto","background-attachment":"scroll","background-type":"","background-media":"","overlay-type":"","overlay-color":"","overlay-opacity":"","overlay-gradient":""},"mobile":{"background-color":"var(--ast-global-color-5)","background-image":"","background-repeat":"repeat","background-position":"center center","background-size":"auto","background-attachment":"scroll","background-type":"","background-media":"","overlay-type":"","overlay-color":"","overlay-opacity":"","overlay-gradient":""}}},"product_brand":[],"product_cat":[169,174,23,176,166],"product_tag":[306],"class_list":{"0":"post-5482","1":"product","2":"type-product","3":"status-publish","4":"has-post-thumbnail","6":"product_cat-hombres","7":"product_cat-iglesia","8":"product_cat-libros","9":"product_cat-oraciones","10":"product_cat-profecia","11":"product_tag-desafio","12":"desktop-align-left","13":"tablet-align-left","14":"mobile-align-left","16":"first","17":"instock","18":"shipping-taxable","19":"purchasable","20":"product-type-simple"},"yoast_head":"<!-- This site is optimized with the Yoast SEO plugin v27.4 - https:\/\/yoast.com\/product\/yoast-seo-wordpress\/ -->\n<title>Me Buscar\u00e1n y Me Hallar\u00e1n - Francis Frangipane - tzionlibreria.com<\/title>\n<meta name=\"description\" content=\"Una gu\u00eda esencial para quienes desean ir m\u00e1s all\u00e1 de la religi\u00f3n superficial y hallar a Dios en lo profundo de su coraz\u00f3n.\" \/>\n<meta name=\"robots\" content=\"index, follow, max-snippet:-1, max-image-preview:large, max-video-preview:-1\" \/>\n<link rel=\"canonical\" href=\"https:\/\/tzionlibreria.com\/index.php\/product\/me-buscaran-y-me-hallaran-francis-frangipane\/\" \/>\n<meta property=\"og:locale\" content=\"es_ES\" \/>\n<meta property=\"og:type\" content=\"article\" \/>\n<meta property=\"og:title\" content=\"Me Buscar\u00e1n y Me Hallar\u00e1n - Francis Frangipane - tzionlibreria.com\" \/>\n<meta property=\"og:description\" content=\"Una gu\u00eda esencial para quienes desean ir m\u00e1s all\u00e1 de la religi\u00f3n superficial y hallar a Dios en lo profundo de su coraz\u00f3n.\" \/>\n<meta property=\"og:url\" content=\"https:\/\/tzionlibreria.com\/index.php\/product\/me-buscaran-y-me-hallaran-francis-frangipane\/\" \/>\n<meta property=\"og:site_name\" content=\"tzionlibreria.com\" \/>\n<meta property=\"og:image\" content=\"http:\/\/tzionlibreria.com\/wp-content\/uploads\/2025\/06\/125.png\" \/>\n\t<meta property=\"og:image:width\" content=\"1080\" \/>\n\t<meta property=\"og:image:height\" content=\"1080\" \/>\n\t<meta property=\"og:image:type\" content=\"image\/png\" \/>\n<meta name=\"twitter:card\" content=\"summary_large_image\" \/>\n<meta name=\"twitter:label1\" content=\"Tiempo de lectura\" \/>\n\t<meta name=\"twitter:data1\" content=\"2 minutos\" \/>\n<script type=\"application\/ld+json\" class=\"yoast-schema-graph\">{\"@context\":\"https:\\\/\\\/schema.org\",\"@graph\":[{\"@type\":\"WebPage\",\"@id\":\"https:\\\/\\\/tzionlibreria.com\\\/index.php\\\/product\\\/me-buscaran-y-me-hallaran-francis-frangipane\\\/\",\"url\":\"https:\\\/\\\/tzionlibreria.com\\\/index.php\\\/product\\\/me-buscaran-y-me-hallaran-francis-frangipane\\\/\",\"name\":\"Me Buscar\u00e1n y Me Hallar\u00e1n - Francis Frangipane - tzionlibreria.com\",\"isPartOf\":{\"@id\":\"https:\\\/\\\/tzionlibreria.com\\\/#website\"},\"primaryImageOfPage\":{\"@id\":\"https:\\\/\\\/tzionlibreria.com\\\/index.php\\\/product\\\/me-buscaran-y-me-hallaran-francis-frangipane\\\/#primaryimage\"},\"image\":{\"@id\":\"https:\\\/\\\/tzionlibreria.com\\\/index.php\\\/product\\\/me-buscaran-y-me-hallaran-francis-frangipane\\\/#primaryimage\"},\"thumbnailUrl\":\"https:\\\/\\\/tzionlibreria.com\\\/wp-content\\\/uploads\\\/2025\\\/06\\\/125.png\",\"datePublished\":\"2025-06-17T01:22:38+00:00\",\"description\":\"Una gu\u00eda esencial para quienes desean ir m\u00e1s all\u00e1 de la religi\u00f3n superficial y hallar a Dios en lo profundo de su coraz\u00f3n.\",\"breadcrumb\":{\"@id\":\"https:\\\/\\\/tzionlibreria.com\\\/index.php\\\/product\\\/me-buscaran-y-me-hallaran-francis-frangipane\\\/#breadcrumb\"},\"inLanguage\":\"es-CO\",\"potentialAction\":[{\"@type\":\"ReadAction\",\"target\":[\"https:\\\/\\\/tzionlibreria.com\\\/index.php\\\/product\\\/me-buscaran-y-me-hallaran-francis-frangipane\\\/\"]}]},{\"@type\":\"ImageObject\",\"inLanguage\":\"es-CO\",\"@id\":\"https:\\\/\\\/tzionlibreria.com\\\/index.php\\\/product\\\/me-buscaran-y-me-hallaran-francis-frangipane\\\/#primaryimage\",\"url\":\"https:\\\/\\\/tzionlibreria.com\\\/wp-content\\\/uploads\\\/2025\\\/06\\\/125.png\",\"contentUrl\":\"https:\\\/\\\/tzionlibreria.com\\\/wp-content\\\/uploads\\\/2025\\\/06\\\/125.png\",\"width\":1080,\"height\":1080},{\"@type\":\"BreadcrumbList\",\"@id\":\"https:\\\/\\\/tzionlibreria.com\\\/index.php\\\/product\\\/me-buscaran-y-me-hallaran-francis-frangipane\\\/#breadcrumb\",\"itemListElement\":[{\"@type\":\"ListItem\",\"position\":1,\"name\":\"Inicio\",\"item\":\"https:\\\/\\\/tzionlibreria.com\\\/\"},{\"@type\":\"ListItem\",\"position\":2,\"name\":\"Shop\",\"item\":\"https:\\\/\\\/tzionlibreria.com\\\/index.php\\\/shop\\\/\"},{\"@type\":\"ListItem\",\"position\":3,\"name\":\"Me Buscar\u00e1n y Me Hallar\u00e1n &#8211; Francis Frangipane\"}]},{\"@type\":\"WebSite\",\"@id\":\"https:\\\/\\\/tzionlibreria.com\\\/#website\",\"url\":\"https:\\\/\\\/tzionlibreria.com\\\/\",\"name\":\"tzionlibreria.com\",\"description\":\"Libreria Cristiana Venezuela\",\"publisher\":{\"@id\":\"https:\\\/\\\/tzionlibreria.com\\\/#organization\"},\"potentialAction\":[{\"@type\":\"SearchAction\",\"target\":{\"@type\":\"EntryPoint\",\"urlTemplate\":\"https:\\\/\\\/tzionlibreria.com\\\/?s={search_term_string}\"},\"query-input\":{\"@type\":\"PropertyValueSpecification\",\"valueRequired\":true,\"valueName\":\"search_term_string\"}}],\"inLanguage\":\"es-CO\"},{\"@type\":\"Organization\",\"@id\":\"https:\\\/\\\/tzionlibreria.com\\\/#organization\",\"name\":\"tzionlibreria.com\",\"url\":\"https:\\\/\\\/tzionlibreria.com\\\/\",\"logo\":{\"@type\":\"ImageObject\",\"inLanguage\":\"es-CO\",\"@id\":\"https:\\\/\\\/tzionlibreria.com\\\/#\\\/schema\\\/logo\\\/image\\\/\",\"url\":\"https:\\\/\\\/tzionlibreria.com\\\/wp-content\\\/uploads\\\/2023\\\/10\\\/cropped-Cuadricula-scaled-1.jpg\",\"contentUrl\":\"https:\\\/\\\/tzionlibreria.com\\\/wp-content\\\/uploads\\\/2023\\\/10\\\/cropped-Cuadricula-scaled-1.jpg\",\"width\":2560,\"height\":2560,\"caption\":\"tzionlibreria.com\"},\"image\":{\"@id\":\"https:\\\/\\\/tzionlibreria.com\\\/#\\\/schema\\\/logo\\\/image\\\/\"}}]}<\/script>\n<!-- \/ Yoast SEO plugin. -->","yoast_head_json":{"title":"Me Buscar\u00e1n y Me Hallar\u00e1n - Francis Frangipane - tzionlibreria.com","description":"Una gu\u00eda esencial para quienes desean ir m\u00e1s all\u00e1 de la religi\u00f3n superficial y hallar a Dios en lo profundo de su coraz\u00f3n.","robots":{"index":"index","follow":"follow","max-snippet":"max-snippet:-1","max-image-preview":"max-image-preview:large","max-video-preview":"max-video-preview:-1"},"canonical":"https:\/\/tzionlibreria.com\/index.php\/product\/me-buscaran-y-me-hallaran-francis-frangipane\/","og_locale":"es_ES","og_type":"article","og_title":"Me Buscar\u00e1n y Me Hallar\u00e1n - Francis Frangipane - tzionlibreria.com","og_description":"Una gu\u00eda esencial para quienes desean ir m\u00e1s all\u00e1 de la religi\u00f3n superficial y hallar a Dios en lo profundo de su coraz\u00f3n.","og_url":"https:\/\/tzionlibreria.com\/index.php\/product\/me-buscaran-y-me-hallaran-francis-frangipane\/","og_site_name":"tzionlibreria.com","og_image":[{"width":1080,"height":1080,"url":"http:\/\/tzionlibreria.com\/wp-content\/uploads\/2025\/06\/125.png","type":"image\/png"}],"twitter_card":"summary_large_image","twitter_misc":{"Tiempo de lectura":"2 minutos"},"schema":{"@context":"https:\/\/schema.org","@graph":[{"@type":"WebPage","@id":"https:\/\/tzionlibreria.com\/index.php\/product\/me-buscaran-y-me-hallaran-francis-frangipane\/","url":"https:\/\/tzionlibreria.com\/index.php\/product\/me-buscaran-y-me-hallaran-francis-frangipane\/","name":"Me Buscar\u00e1n y Me Hallar\u00e1n - Francis Frangipane - tzionlibreria.com","isPartOf":{"@id":"https:\/\/tzionlibreria.com\/#website"},"primaryImageOfPage":{"@id":"https:\/\/tzionlibreria.com\/index.php\/product\/me-buscaran-y-me-hallaran-francis-frangipane\/#primaryimage"},"image":{"@id":"https:\/\/tzionlibreria.com\/index.php\/product\/me-buscaran-y-me-hallaran-francis-frangipane\/#primaryimage"},"thumbnailUrl":"https:\/\/tzionlibreria.com\/wp-content\/uploads\/2025\/06\/125.png","datePublished":"2025-06-17T01:22:38+00:00","description":"Una gu\u00eda esencial para quienes desean ir m\u00e1s all\u00e1 de la religi\u00f3n superficial y hallar a Dios en lo profundo de su coraz\u00f3n.","breadcrumb":{"@id":"https:\/\/tzionlibreria.com\/index.php\/product\/me-buscaran-y-me-hallaran-francis-frangipane\/#breadcrumb"},"inLanguage":"es-CO","potentialAction":[{"@type":"ReadAction","target":["https:\/\/tzionlibreria.com\/index.php\/product\/me-buscaran-y-me-hallaran-francis-frangipane\/"]}]},{"@type":"ImageObject","inLanguage":"es-CO","@id":"https:\/\/tzionlibreria.com\/index.php\/product\/me-buscaran-y-me-hallaran-francis-frangipane\/#primaryimage","url":"https:\/\/tzionlibreria.com\/wp-content\/uploads\/2025\/06\/125.png","contentUrl":"https:\/\/tzionlibreria.com\/wp-content\/uploads\/2025\/06\/125.png","width":1080,"height":1080},{"@type":"BreadcrumbList","@id":"https:\/\/tzionlibreria.com\/index.php\/product\/me-buscaran-y-me-hallaran-francis-frangipane\/#breadcrumb","itemListElement":[{"@type":"ListItem","position":1,"name":"Inicio","item":"https:\/\/tzionlibreria.com\/"},{"@type":"ListItem","position":2,"name":"Shop","item":"https:\/\/tzionlibreria.com\/index.php\/shop\/"},{"@type":"ListItem","position":3,"name":"Me Buscar\u00e1n y Me Hallar\u00e1n &#8211; Francis Frangipane"}]},{"@type":"WebSite","@id":"https:\/\/tzionlibreria.com\/#website","url":"https:\/\/tzionlibreria.com\/","name":"tzionlibreria.com","description":"Libreria Cristiana Venezuela","publisher":{"@id":"https:\/\/tzionlibreria.com\/#organization"},"potentialAction":[{"@type":"SearchAction","target":{"@type":"EntryPoint","urlTemplate":"https:\/\/tzionlibreria.com\/?s={search_term_string}"},"query-input":{"@type":"PropertyValueSpecification","valueRequired":true,"valueName":"search_term_string"}}],"inLanguage":"es-CO"},{"@type":"Organization","@id":"https:\/\/tzionlibreria.com\/#organization","name":"tzionlibreria.com","url":"https:\/\/tzionlibreria.com\/","logo":{"@type":"ImageObject","inLanguage":"es-CO","@id":"https:\/\/tzionlibreria.com\/#\/schema\/logo\/image\/","url":"https:\/\/tzionlibreria.com\/wp-content\/uploads\/2023\/10\/cropped-Cuadricula-scaled-1.jpg","contentUrl":"https:\/\/tzionlibreria.com\/wp-content\/uploads\/2023\/10\/cropped-Cuadricula-scaled-1.jpg","width":2560,"height":2560,"caption":"tzionlibreria.com"},"image":{"@id":"https:\/\/tzionlibreria.com\/#\/schema\/logo\/image\/"}}]}},"jetpack_sharing_enabled":true,"_links":{"self":[{"href":"https:\/\/tzionlibreria.com\/index.php\/wp-json\/wp\/v2\/product\/5482","targetHints":{"allow":["GET"]}}],"collection":[{"href":"https:\/\/tzionlibreria.com\/index.php\/wp-json\/wp\/v2\/product"}],"about":[{"href":"https:\/\/tzionlibreria.com\/index.php\/wp-json\/wp\/v2\/types\/product"}],"replies":[{"embeddable":true,"href":"https:\/\/tzionlibreria.com\/index.php\/wp-json\/wp\/v2\/comments?post=5482"}],"wp:featuredmedia":[{"embeddable":true,"href":"https:\/\/tzionlibreria.com\/index.php\/wp-json\/wp\/v2\/media\/5483"}],"wp:attachment":[{"href":"https:\/\/tzionlibreria.com\/index.php\/wp-json\/wp\/v2\/media?parent=5482"}],"wp:term":[{"taxonomy":"product_brand","embeddable":true,"href":"https:\/\/tzionlibreria.com\/index.php\/wp-json\/wp\/v2\/product_brand?post=5482"},{"taxonomy":"product_cat","embeddable":true,"href":"https:\/\/tzionlibreria.com\/index.php\/wp-json\/wp\/v2\/product_cat?post=5482"},{"taxonomy":"product_tag","embeddable":true,"href":"https:\/\/tzionlibreria.com\/index.php\/wp-json\/wp\/v2\/product_tag?post=5482"}],"curies":[{"name":"wp","href":"https:\/\/api.w.org\/{rel}","templated":true}]}}