{"id":5492,"date":"2025-06-17T02:05:30","date_gmt":"2025-06-17T02:05:30","guid":{"rendered":"https:\/\/tzionlibreria.com\/?post_type=product&#038;p=5492"},"modified":"2025-06-17T02:06:10","modified_gmt":"2025-06-17T02:06:10","slug":"discipulos-haciendo-discipulos-carlos-a-hernandez-v","status":"publish","type":"product","link":"https:\/\/tzionlibreria.com\/index.php\/product\/discipulos-haciendo-discipulos-carlos-a-hernandez-v\/","title":{"rendered":"Disc\u00edpulos haciendo disc\u00edpulos &#8211; Carlos A. Hern\u00e1ndez V."},"content":{"rendered":"<p data-start=\"424\" data-end=\"529\"><strong data-start=\"424\" data-end=\"529\">Una gu\u00eda profunda y actual para formar disc\u00edpulos en tiempos de guerra espiritual y confusi\u00f3n global.<\/strong><\/p>\n<p data-start=\"531\" data-end=\"750\">Este compendio teol\u00f3gico e hist\u00f3rico de alto nivel acad\u00e9mico te lleva por un viaje transformador desde la veracidad de las Escrituras y la cultura jud\u00eda antigua, hasta la iglesia primitiva y la segunda venida de Cristo.<\/p>\n<p data-start=\"752\" data-end=\"1112\">El autor te brinda herramientas s\u00f3lidas para discipular con entendimiento b\u00edblico, contexto hist\u00f3rico y bases teol\u00f3gicas profundas, integrando la riqueza del juda\u00edsmo (Tor\u00e1, Tanak, Talmud, Midrash) y los idiomas originales de la Biblia (hebreo, arameo y griego). Es un llamado a volver a la ra\u00edz, a la verdad y al prop\u00f3sito del discipulado como estilo de vida.<\/p>\n<hr data-start=\"1114\" data-end=\"1117\" \/>\n<h3 data-start=\"1119\" data-end=\"1154\">\ud83d\udcda <strong data-start=\"1126\" data-end=\"1154\">\u00bfPara qui\u00e9n va dirigido?<\/strong><\/h3>\n<ul data-start=\"1156\" data-end=\"1449\">\n<li data-start=\"1156\" data-end=\"1200\">\n<p data-start=\"1158\" data-end=\"1200\">Nuevos creyentes y disc\u00edpulos en formaci\u00f3n<\/p>\n<\/li>\n<li data-start=\"1201\" data-end=\"1242\">\n<p data-start=\"1203\" data-end=\"1242\">Consejeros b\u00edblicos y l\u00edderes de c\u00e9lula<\/p>\n<\/li>\n<li data-start=\"1243\" data-end=\"1280\">\n<p data-start=\"1245\" data-end=\"1280\">Maestros, pastores y discipuladores<\/p>\n<\/li>\n<li data-start=\"1281\" data-end=\"1338\">\n<p data-start=\"1283\" data-end=\"1338\">Estudiantes de teolog\u00eda, seminarios y estudios b\u00edblicos<\/p>\n<\/li>\n<li data-start=\"1339\" data-end=\"1449\">\n<p data-start=\"1341\" data-end=\"1449\">Todo aquel que anhele comprender el origen, la profundidad y la urgencia del verdadero discipulado cristiano<\/p>\n<\/li>\n<\/ul>\n<hr data-start=\"1451\" data-end=\"1454\" \/>\n<h3 data-start=\"1456\" data-end=\"1484\">\u2705 <strong data-start=\"1462\" data-end=\"1484\">Ventajas del libro<\/strong><\/h3>\n<ul data-start=\"1486\" data-end=\"1827\">\n<li data-start=\"1486\" data-end=\"1549\">\n<p data-start=\"1488\" data-end=\"1549\">Material estructurado con base teol\u00f3gica, hist\u00f3rica y b\u00edblica<\/p>\n<\/li>\n<li data-start=\"1550\" data-end=\"1618\">\n<p data-start=\"1552\" data-end=\"1618\">Ideal como <strong data-start=\"1563\" data-end=\"1618\">gu\u00eda de discipulado, seminario o curso de formaci\u00f3n<\/strong><\/p>\n<\/li>\n<li data-start=\"1619\" data-end=\"1682\">\n<p data-start=\"1621\" data-end=\"1682\">Conexi\u00f3n con la cultura jud\u00eda y las ra\u00edces de la fe cristiana<\/p>\n<\/li>\n<li data-start=\"1683\" data-end=\"1746\">\n<p data-start=\"1685\" data-end=\"1746\">Amplio contenido sobre escatolog\u00eda y segunda venida de Cristo<\/p>\n<\/li>\n<li data-start=\"1747\" data-end=\"1827\">\n<p data-start=\"1749\" data-end=\"1827\">Estimula el estudio b\u00edblico, la meditaci\u00f3n y el compromiso espiritual profundo<\/p>\n<\/li>\n<\/ul>\n<hr data-start=\"1829\" data-end=\"1832\" \/>\n<h3 data-start=\"1834\" data-end=\"1858\">\ud83d\udcdd <strong data-start=\"1841\" data-end=\"1858\">Ficha t\u00e9cnica<\/strong><\/h3>\n<ul data-start=\"1859\" data-end=\"1995\">\n<li data-start=\"1859\" data-end=\"1887\">\n<p data-start=\"1861\" data-end=\"1887\"><strong data-start=\"1861\" data-end=\"1879\">A\u00f1o de edici\u00f3n<\/strong>: 2024<\/p>\n<\/li>\n<li data-start=\"1888\" data-end=\"1915\">\n<p data-start=\"1890\" data-end=\"1915\"><strong data-start=\"1890\" data-end=\"1901\">Formato<\/strong>: 14 x 21 cm<\/p>\n<\/li>\n<li data-start=\"1916\" data-end=\"1936\">\n<p data-start=\"1918\" data-end=\"1936\"><strong data-start=\"1918\" data-end=\"1929\">P\u00e1ginas<\/strong>: 695<\/p>\n<\/li>\n<li data-start=\"1937\" data-end=\"1964\">\n<p data-start=\"1939\" data-end=\"1964\"><strong data-start=\"1939\" data-end=\"1948\">Papel<\/strong>: Beige 70 grs<\/p>\n<\/li>\n<li data-start=\"1965\" data-end=\"1995\">\n<p data-start=\"1967\" data-end=\"1995\"><strong data-start=\"1967\" data-end=\"1980\">Editorial<\/strong>: Autor independiente<\/p>\n<\/li>\n<\/ul>\n<hr data-start=\"1997\" data-end=\"2000\" \/>\n<p data-start=\"2002\" data-end=\"2213\" data-is-last-node=\"\" data-is-only-node=\"\">\n","protected":false},"excerpt":{"rendered":"<p>Una gu\u00eda profunda y actual para formar disc\u00edpulos en tiempos de guerra espiritual y confusi\u00f3n global. Este compendio teol\u00f3gico e hist\u00f3rico de alto nivel acad\u00e9mico te lleva por un viaje transformador desde la veracidad de las Escrituras y la cultura jud\u00eda antigua, hasta la iglesia primitiva y la segunda venida de Cristo. El autor te [&hellip;]<\/p>\n","protected":false},"featured_media":5493,"comment_status":"open","ping_status":"closed","template":"","meta":{"om_disable_all_campaigns":false,"_monsterinsights_skip_tracking":false,"_monsterinsights_sitenote_active":false,"_monsterinsights_sitenote_note":"","_monsterinsights_sitenote_category":0,"site-sidebar-layout":"default","site-content-layout":"","ast-site-content-layout":"default","site-content-style":"default","site-sidebar-style":"default","ast-global-header-display":"","ast-banner-title-visibility":"","ast-main-header-display":"","ast-hfb-above-header-display":"","ast-hfb-below-header-display":"","ast-hfb-mobile-header-display":"","site-post-title":"","ast-breadcrumbs-content":"","ast-featured-img":"","footer-sml-layout":"","ast-disable-related-posts":"","theme-transparent-header-meta":"default","adv-header-id-meta":"","stick-header-meta":"","header-above-stick-meta":"","header-main-stick-meta":"","header-below-stick-meta":"","astra-migrate-meta-layouts":"set","ast-page-background-enabled":"default","ast-page-background-meta":{"desktop":{"background-color":"var(--ast-global-color-4)","background-image":"","background-repeat":"repeat","background-position":"center center","background-size":"auto","background-attachment":"scroll","background-type":"","background-media":"","overlay-type":"","overlay-color":"","overlay-opacity":"","overlay-gradient":""},"tablet":{"background-color":"","background-image":"","background-repeat":"repeat","background-position":"center center","background-size":"auto","background-attachment":"scroll","background-type":"","background-media":"","overlay-type":"","overlay-color":"","overlay-opacity":"","overlay-gradient":""},"mobile":{"background-color":"","background-image":"","background-repeat":"repeat","background-position":"center center","background-size":"auto","background-attachment":"scroll","background-type":"","background-media":"","overlay-type":"","overlay-color":"","overlay-opacity":"","overlay-gradient":""}},"ast-content-background-meta":{"desktop":{"background-color":"var(--ast-global-color-5)","background-image":"","background-repeat":"repeat","background-position":"center center","background-size":"auto","background-attachment":"scroll","background-type":"","background-media":"","overlay-type":"","overlay-color":"","overlay-opacity":"","overlay-gradient":""},"tablet":{"background-color":"var(--ast-global-color-5)","background-image":"","background-repeat":"repeat","background-position":"center center","background-size":"auto","background-attachment":"scroll","background-type":"","background-media":"","overlay-type":"","overlay-color":"","overlay-opacity":"","overlay-gradient":""},"mobile":{"background-color":"var(--ast-global-color-5)","background-image":"","background-repeat":"repeat","background-position":"center center","background-size":"auto","background-attachment":"scroll","background-type":"","background-media":"","overlay-type":"","overlay-color":"","overlay-opacity":"","overlay-gradient":""}}},"product_brand":[],"product_cat":[169,174,23,175,41,26],"product_tag":[],"class_list":{"0":"post-5492","1":"product","2":"type-product","3":"status-publish","4":"has-post-thumbnail","6":"product_cat-hombres","7":"product_cat-iglesia","8":"product_cat-libros","9":"product_cat-liderazgo","10":"product_cat-raices-hebreas","11":"product_cat-teologia","12":"desktop-align-left","13":"tablet-align-left","14":"mobile-align-left","16":"first","17":"instock","18":"shipping-taxable","19":"purchasable","20":"product-type-simple"},"yoast_head":"<!-- This site is optimized with the Yoast SEO plugin v27.4 - https:\/\/yoast.com\/product\/yoast-seo-wordpress\/ -->\n<title>Disc\u00edpulos haciendo disc\u00edpulos - Carlos A. Hern\u00e1ndez V. - tzionlibreria.com<\/title>\n<meta name=\"description\" content=\"Herramientas s\u00f3lidas para discipular con entendimiento b\u00edblico, contexto hist\u00f3rico y bases teol\u00f3gicas profundas, integrando la riqueza del juda\u00edsmo.\" \/>\n<meta name=\"robots\" content=\"index, follow, max-snippet:-1, max-image-preview:large, max-video-preview:-1\" \/>\n<link rel=\"canonical\" href=\"https:\/\/tzionlibreria.com\/index.php\/product\/discipulos-haciendo-discipulos-carlos-a-hernandez-v\/\" \/>\n<meta property=\"og:locale\" content=\"es_ES\" \/>\n<meta property=\"og:type\" content=\"article\" \/>\n<meta property=\"og:title\" content=\"Disc\u00edpulos haciendo disc\u00edpulos - Carlos A. Hern\u00e1ndez V. - tzionlibreria.com\" \/>\n<meta property=\"og:description\" content=\"Herramientas s\u00f3lidas para discipular con entendimiento b\u00edblico, contexto hist\u00f3rico y bases teol\u00f3gicas profundas, integrando la riqueza del juda\u00edsmo.\" \/>\n<meta property=\"og:url\" content=\"https:\/\/tzionlibreria.com\/index.php\/product\/discipulos-haciendo-discipulos-carlos-a-hernandez-v\/\" \/>\n<meta property=\"og:site_name\" content=\"tzionlibreria.com\" \/>\n<meta property=\"article:modified_time\" content=\"2025-06-17T02:06:10+00:00\" \/>\n<meta property=\"og:image\" content=\"http:\/\/tzionlibreria.com\/wp-content\/uploads\/2025\/06\/130.png\" \/>\n\t<meta property=\"og:image:width\" content=\"1080\" \/>\n\t<meta property=\"og:image:height\" content=\"1080\" \/>\n\t<meta property=\"og:image:type\" content=\"image\/png\" \/>\n<meta name=\"twitter:card\" content=\"summary_large_image\" \/>\n<meta name=\"twitter:label1\" content=\"Tiempo de lectura\" \/>\n\t<meta name=\"twitter:data1\" content=\"2 minutos\" \/>\n<script type=\"application\/ld+json\" class=\"yoast-schema-graph\">{\"@context\":\"https:\\\/\\\/schema.org\",\"@graph\":[{\"@type\":\"WebPage\",\"@id\":\"https:\\\/\\\/tzionlibreria.com\\\/index.php\\\/product\\\/discipulos-haciendo-discipulos-carlos-a-hernandez-v\\\/\",\"url\":\"https:\\\/\\\/tzionlibreria.com\\\/index.php\\\/product\\\/discipulos-haciendo-discipulos-carlos-a-hernandez-v\\\/\",\"name\":\"Disc\u00edpulos haciendo disc\u00edpulos - Carlos A. Hern\u00e1ndez V. - tzionlibreria.com\",\"isPartOf\":{\"@id\":\"https:\\\/\\\/tzionlibreria.com\\\/#website\"},\"primaryImageOfPage\":{\"@id\":\"https:\\\/\\\/tzionlibreria.com\\\/index.php\\\/product\\\/discipulos-haciendo-discipulos-carlos-a-hernandez-v\\\/#primaryimage\"},\"image\":{\"@id\":\"https:\\\/\\\/tzionlibreria.com\\\/index.php\\\/product\\\/discipulos-haciendo-discipulos-carlos-a-hernandez-v\\\/#primaryimage\"},\"thumbnailUrl\":\"https:\\\/\\\/tzionlibreria.com\\\/wp-content\\\/uploads\\\/2025\\\/06\\\/130.png\",\"datePublished\":\"2025-06-17T02:05:30+00:00\",\"dateModified\":\"2025-06-17T02:06:10+00:00\",\"description\":\"Herramientas s\u00f3lidas para discipular con entendimiento b\u00edblico, contexto hist\u00f3rico y bases teol\u00f3gicas profundas, integrando la riqueza del juda\u00edsmo.\",\"breadcrumb\":{\"@id\":\"https:\\\/\\\/tzionlibreria.com\\\/index.php\\\/product\\\/discipulos-haciendo-discipulos-carlos-a-hernandez-v\\\/#breadcrumb\"},\"inLanguage\":\"es-CO\",\"potentialAction\":[{\"@type\":\"ReadAction\",\"target\":[\"https:\\\/\\\/tzionlibreria.com\\\/index.php\\\/product\\\/discipulos-haciendo-discipulos-carlos-a-hernandez-v\\\/\"]}]},{\"@type\":\"ImageObject\",\"inLanguage\":\"es-CO\",\"@id\":\"https:\\\/\\\/tzionlibreria.com\\\/index.php\\\/product\\\/discipulos-haciendo-discipulos-carlos-a-hernandez-v\\\/#primaryimage\",\"url\":\"https:\\\/\\\/tzionlibreria.com\\\/wp-content\\\/uploads\\\/2025\\\/06\\\/130.png\",\"contentUrl\":\"https:\\\/\\\/tzionlibreria.com\\\/wp-content\\\/uploads\\\/2025\\\/06\\\/130.png\",\"width\":1080,\"height\":1080},{\"@type\":\"BreadcrumbList\",\"@id\":\"https:\\\/\\\/tzionlibreria.com\\\/index.php\\\/product\\\/discipulos-haciendo-discipulos-carlos-a-hernandez-v\\\/#breadcrumb\",\"itemListElement\":[{\"@type\":\"ListItem\",\"position\":1,\"name\":\"Inicio\",\"item\":\"https:\\\/\\\/tzionlibreria.com\\\/\"},{\"@type\":\"ListItem\",\"position\":2,\"name\":\"Shop\",\"item\":\"https:\\\/\\\/tzionlibreria.com\\\/index.php\\\/shop\\\/\"},{\"@type\":\"ListItem\",\"position\":3,\"name\":\"Disc\u00edpulos haciendo disc\u00edpulos &#8211; Carlos A. Hern\u00e1ndez V.\"}]},{\"@type\":\"WebSite\",\"@id\":\"https:\\\/\\\/tzionlibreria.com\\\/#website\",\"url\":\"https:\\\/\\\/tzionlibreria.com\\\/\",\"name\":\"tzionlibreria.com\",\"description\":\"Libreria Cristiana Venezuela\",\"publisher\":{\"@id\":\"https:\\\/\\\/tzionlibreria.com\\\/#organization\"},\"potentialAction\":[{\"@type\":\"SearchAction\",\"target\":{\"@type\":\"EntryPoint\",\"urlTemplate\":\"https:\\\/\\\/tzionlibreria.com\\\/?s={search_term_string}\"},\"query-input\":{\"@type\":\"PropertyValueSpecification\",\"valueRequired\":true,\"valueName\":\"search_term_string\"}}],\"inLanguage\":\"es-CO\"},{\"@type\":\"Organization\",\"@id\":\"https:\\\/\\\/tzionlibreria.com\\\/#organization\",\"name\":\"tzionlibreria.com\",\"url\":\"https:\\\/\\\/tzionlibreria.com\\\/\",\"logo\":{\"@type\":\"ImageObject\",\"inLanguage\":\"es-CO\",\"@id\":\"https:\\\/\\\/tzionlibreria.com\\\/#\\\/schema\\\/logo\\\/image\\\/\",\"url\":\"https:\\\/\\\/tzionlibreria.com\\\/wp-content\\\/uploads\\\/2023\\\/10\\\/cropped-Cuadricula-scaled-1.jpg\",\"contentUrl\":\"https:\\\/\\\/tzionlibreria.com\\\/wp-content\\\/uploads\\\/2023\\\/10\\\/cropped-Cuadricula-scaled-1.jpg\",\"width\":2560,\"height\":2560,\"caption\":\"tzionlibreria.com\"},\"image\":{\"@id\":\"https:\\\/\\\/tzionlibreria.com\\\/#\\\/schema\\\/logo\\\/image\\\/\"}}]}<\/script>\n<!-- \/ Yoast SEO plugin. -->","yoast_head_json":{"title":"Disc\u00edpulos haciendo disc\u00edpulos - Carlos A. Hern\u00e1ndez V. - tzionlibreria.com","description":"Herramientas s\u00f3lidas para discipular con entendimiento b\u00edblico, contexto hist\u00f3rico y bases teol\u00f3gicas profundas, integrando la riqueza del juda\u00edsmo.","robots":{"index":"index","follow":"follow","max-snippet":"max-snippet:-1","max-image-preview":"max-image-preview:large","max-video-preview":"max-video-preview:-1"},"canonical":"https:\/\/tzionlibreria.com\/index.php\/product\/discipulos-haciendo-discipulos-carlos-a-hernandez-v\/","og_locale":"es_ES","og_type":"article","og_title":"Disc\u00edpulos haciendo disc\u00edpulos - Carlos A. Hern\u00e1ndez V. - tzionlibreria.com","og_description":"Herramientas s\u00f3lidas para discipular con entendimiento b\u00edblico, contexto hist\u00f3rico y bases teol\u00f3gicas profundas, integrando la riqueza del juda\u00edsmo.","og_url":"https:\/\/tzionlibreria.com\/index.php\/product\/discipulos-haciendo-discipulos-carlos-a-hernandez-v\/","og_site_name":"tzionlibreria.com","article_modified_time":"2025-06-17T02:06:10+00:00","og_image":[{"width":1080,"height":1080,"url":"http:\/\/tzionlibreria.com\/wp-content\/uploads\/2025\/06\/130.png","type":"image\/png"}],"twitter_card":"summary_large_image","twitter_misc":{"Tiempo de lectura":"2 minutos"},"schema":{"@context":"https:\/\/schema.org","@graph":[{"@type":"WebPage","@id":"https:\/\/tzionlibreria.com\/index.php\/product\/discipulos-haciendo-discipulos-carlos-a-hernandez-v\/","url":"https:\/\/tzionlibreria.com\/index.php\/product\/discipulos-haciendo-discipulos-carlos-a-hernandez-v\/","name":"Disc\u00edpulos haciendo disc\u00edpulos - Carlos A. Hern\u00e1ndez V. - tzionlibreria.com","isPartOf":{"@id":"https:\/\/tzionlibreria.com\/#website"},"primaryImageOfPage":{"@id":"https:\/\/tzionlibreria.com\/index.php\/product\/discipulos-haciendo-discipulos-carlos-a-hernandez-v\/#primaryimage"},"image":{"@id":"https:\/\/tzionlibreria.com\/index.php\/product\/discipulos-haciendo-discipulos-carlos-a-hernandez-v\/#primaryimage"},"thumbnailUrl":"https:\/\/tzionlibreria.com\/wp-content\/uploads\/2025\/06\/130.png","datePublished":"2025-06-17T02:05:30+00:00","dateModified":"2025-06-17T02:06:10+00:00","description":"Herramientas s\u00f3lidas para discipular con entendimiento b\u00edblico, contexto hist\u00f3rico y bases teol\u00f3gicas profundas, integrando la riqueza del juda\u00edsmo.","breadcrumb":{"@id":"https:\/\/tzionlibreria.com\/index.php\/product\/discipulos-haciendo-discipulos-carlos-a-hernandez-v\/#breadcrumb"},"inLanguage":"es-CO","potentialAction":[{"@type":"ReadAction","target":["https:\/\/tzionlibreria.com\/index.php\/product\/discipulos-haciendo-discipulos-carlos-a-hernandez-v\/"]}]},{"@type":"ImageObject","inLanguage":"es-CO","@id":"https:\/\/tzionlibreria.com\/index.php\/product\/discipulos-haciendo-discipulos-carlos-a-hernandez-v\/#primaryimage","url":"https:\/\/tzionlibreria.com\/wp-content\/uploads\/2025\/06\/130.png","contentUrl":"https:\/\/tzionlibreria.com\/wp-content\/uploads\/2025\/06\/130.png","width":1080,"height":1080},{"@type":"BreadcrumbList","@id":"https:\/\/tzionlibreria.com\/index.php\/product\/discipulos-haciendo-discipulos-carlos-a-hernandez-v\/#breadcrumb","itemListElement":[{"@type":"ListItem","position":1,"name":"Inicio","item":"https:\/\/tzionlibreria.com\/"},{"@type":"ListItem","position":2,"name":"Shop","item":"https:\/\/tzionlibreria.com\/index.php\/shop\/"},{"@type":"ListItem","position":3,"name":"Disc\u00edpulos haciendo disc\u00edpulos &#8211; Carlos A. Hern\u00e1ndez V."}]},{"@type":"WebSite","@id":"https:\/\/tzionlibreria.com\/#website","url":"https:\/\/tzionlibreria.com\/","name":"tzionlibreria.com","description":"Libreria Cristiana Venezuela","publisher":{"@id":"https:\/\/tzionlibreria.com\/#organization"},"potentialAction":[{"@type":"SearchAction","target":{"@type":"EntryPoint","urlTemplate":"https:\/\/tzionlibreria.com\/?s={search_term_string}"},"query-input":{"@type":"PropertyValueSpecification","valueRequired":true,"valueName":"search_term_string"}}],"inLanguage":"es-CO"},{"@type":"Organization","@id":"https:\/\/tzionlibreria.com\/#organization","name":"tzionlibreria.com","url":"https:\/\/tzionlibreria.com\/","logo":{"@type":"ImageObject","inLanguage":"es-CO","@id":"https:\/\/tzionlibreria.com\/#\/schema\/logo\/image\/","url":"https:\/\/tzionlibreria.com\/wp-content\/uploads\/2023\/10\/cropped-Cuadricula-scaled-1.jpg","contentUrl":"https:\/\/tzionlibreria.com\/wp-content\/uploads\/2023\/10\/cropped-Cuadricula-scaled-1.jpg","width":2560,"height":2560,"caption":"tzionlibreria.com"},"image":{"@id":"https:\/\/tzionlibreria.com\/#\/schema\/logo\/image\/"}}]}},"jetpack_sharing_enabled":true,"_links":{"self":[{"href":"https:\/\/tzionlibreria.com\/index.php\/wp-json\/wp\/v2\/product\/5492","targetHints":{"allow":["GET"]}}],"collection":[{"href":"https:\/\/tzionlibreria.com\/index.php\/wp-json\/wp\/v2\/product"}],"about":[{"href":"https:\/\/tzionlibreria.com\/index.php\/wp-json\/wp\/v2\/types\/product"}],"replies":[{"embeddable":true,"href":"https:\/\/tzionlibreria.com\/index.php\/wp-json\/wp\/v2\/comments?post=5492"}],"wp:featuredmedia":[{"embeddable":true,"href":"https:\/\/tzionlibreria.com\/index.php\/wp-json\/wp\/v2\/media\/5493"}],"wp:attachment":[{"href":"https:\/\/tzionlibreria.com\/index.php\/wp-json\/wp\/v2\/media?parent=5492"}],"wp:term":[{"taxonomy":"product_brand","embeddable":true,"href":"https:\/\/tzionlibreria.com\/index.php\/wp-json\/wp\/v2\/product_brand?post=5492"},{"taxonomy":"product_cat","embeddable":true,"href":"https:\/\/tzionlibreria.com\/index.php\/wp-json\/wp\/v2\/product_cat?post=5492"},{"taxonomy":"product_tag","embeddable":true,"href":"https:\/\/tzionlibreria.com\/index.php\/wp-json\/wp\/v2\/product_tag?post=5492"}],"curies":[{"name":"wp","href":"https:\/\/api.w.org\/{rel}","templated":true}]}}