{"id":5518,"date":"2025-06-17T02:51:00","date_gmt":"2025-06-17T02:51:00","guid":{"rendered":"https:\/\/tzionlibreria.com\/?post_type=product&#038;p=5518"},"modified":"2025-06-17T02:51:01","modified_gmt":"2025-06-17T02:51:01","slug":"guerra-en-los-cielos-la-batalla-cosmica-contra-el-mal","status":"publish","type":"product","link":"https:\/\/tzionlibreria.com\/index.php\/product\/guerra-en-los-cielos-la-batalla-cosmica-contra-el-mal\/","title":{"rendered":"Guerra en los Cielos: La batalla c\u00f3smica contra el mal"},"content":{"rendered":"<h3 data-start=\"197\" data-end=\"264\">\u2694\ufe0f <strong data-start=\"204\" data-end=\"262\">Guerra en los Cielos: La batalla c\u00f3smica contra el mal<\/strong><\/h3>\n<p>&nbsp;<\/p>\n<p data-start=\"265\" data-end=\"425\"><strong data-start=\"265\" data-end=\"275\">Autor:<\/strong> Derek Prince<br data-start=\"288\" data-end=\"291\" \/><strong data-start=\"291\" data-end=\"305\">Categor\u00eda:<\/strong> Guerra espiritual<br data-start=\"323\" data-end=\"326\" \/><strong data-start=\"326\" data-end=\"341\">ISBN \/ SKU:<\/strong> 9789588285696<br data-start=\"355\" data-end=\"358\" \/><strong data-start=\"358\" data-end=\"403\">Disponible tambi\u00e9n en edici\u00f3n de bolsillo<\/strong><br data-start=\"403\" data-end=\"406\" \/><strong data-start=\"406\" data-end=\"417\">Idioma:<\/strong> Espa\u00f1ol<\/p>\n<p data-start=\"265\" data-end=\"425\">\n<p data-start=\"466\" data-end=\"898\"><strong data-start=\"466\" data-end=\"550\">Un conflicto c\u00f3smico. Una guerra que sigue activa. Un llamado al pueblo de Dios.<\/strong><br data-start=\"550\" data-end=\"553\" \/>Desde los or\u00edgenes de la creaci\u00f3n, la Biblia revela que una batalla invisible ha estado en curso entre las fuerzas del bien y del mal. Derek Prince, con su reconocida profundidad y claridad b\u00edblica, nos lleva a explorar esta <strong data-start=\"778\" data-end=\"799\">guerra espiritual<\/strong>, desde la rebeli\u00f3n angelical hasta la victoria de Jes\u00fas en la cruz&#8230; y la lucha que a\u00fan contin\u00faa.<\/p>\n<p data-start=\"900\" data-end=\"952\">Este libro responde preguntas profundas y dif\u00edciles:<\/p>\n<ul data-start=\"953\" data-end=\"1138\">\n<li data-start=\"953\" data-end=\"987\">\n<p data-start=\"955\" data-end=\"987\">\u00bfPor qu\u00e9 permiti\u00f3 Dios el mal?<\/p>\n<\/li>\n<li data-start=\"988\" data-end=\"1037\">\n<p data-start=\"990\" data-end=\"1037\">\u00bfPor qu\u00e9 sigue existiendo despu\u00e9s de la cruz?<\/p>\n<\/li>\n<li data-start=\"1038\" data-end=\"1097\">\n<p data-start=\"1040\" data-end=\"1097\">\u00bfHace realmente alguna diferencia la guerra espiritual?<\/p>\n<\/li>\n<li data-start=\"1098\" data-end=\"1138\">\n<p data-start=\"1100\" data-end=\"1138\">\u00bfQu\u00e9 ocurrir\u00e1 al final de los tiempos?<\/p>\n<\/li>\n<\/ul>\n<p data-start=\"1140\" data-end=\"1279\">Una obra indispensable para todo creyente que desea comprender el <strong data-start=\"1206\" data-end=\"1238\">panorama espiritual completo<\/strong> y tomar su lugar en el ej\u00e9rcito de Dios.<\/p>\n<hr data-start=\"1281\" data-end=\"1284\" \/>\n<h3 data-start=\"1286\" data-end=\"1321\">\ud83d\udc65 <strong data-start=\"1293\" data-end=\"1321\">\u00bfPara qui\u00e9n va dirigido?<\/strong><\/h3>\n<ul data-start=\"1323\" data-end=\"1608\">\n<li data-start=\"1323\" data-end=\"1392\">\n<p data-start=\"1325\" data-end=\"1392\">Creyentes comprometidos con la intercesi\u00f3n y la guerra espiritual<\/p>\n<\/li>\n<li data-start=\"1393\" data-end=\"1441\">\n<p data-start=\"1395\" data-end=\"1441\">Estudiantes de teolog\u00eda y l\u00edderes cristianos<\/p>\n<\/li>\n<li data-start=\"1442\" data-end=\"1524\">\n<p data-start=\"1444\" data-end=\"1524\">Cristianos que buscan entender el origen del mal y el prop\u00f3sito eterno de Dios<\/p>\n<\/li>\n<li data-start=\"1525\" data-end=\"1608\">\n<p data-start=\"1527\" data-end=\"1608\">Lectores que desean aplicar principios espirituales en tiempos de crisis global<\/p>\n<\/li>\n<\/ul>\n<hr data-start=\"1610\" data-end=\"1613\" \/>\n<h3 data-start=\"1615\" data-end=\"1643\">\u2705 <strong data-start=\"1621\" data-end=\"1643\">Ventajas del libro<\/strong><\/h3>\n<ul data-start=\"1645\" data-end=\"1935\">\n<li data-start=\"1645\" data-end=\"1724\">\n<p data-start=\"1647\" data-end=\"1724\">Respuestas b\u00edblicas a preguntas sobre el mal, el sufrimiento y la redenci\u00f3n<\/p>\n<\/li>\n<li data-start=\"1725\" data-end=\"1812\">\n<p data-start=\"1727\" data-end=\"1812\">Perspectiva clara sobre la guerra espiritual desde la creaci\u00f3n hasta el Apocalipsis<\/p>\n<\/li>\n<li data-start=\"1813\" data-end=\"1862\">\n<p data-start=\"1815\" data-end=\"1862\">Estilo accesible pero profundamente teol\u00f3gico<\/p>\n<\/li>\n<li data-start=\"1863\" data-end=\"1935\">\n<p data-start=\"1865\" data-end=\"1935\">Motiva al lector a <strong data-start=\"1884\" data-end=\"1935\">vivir con autoridad y discernimiento espiritual<\/strong><\/p>\n<\/li>\n<\/ul>\n<hr data-start=\"1937\" data-end=\"1940\" \/>\n<p data-start=\"1942\" data-end=\"2070\" data-is-last-node=\"\" data-is-only-node=\"\">\n","protected":false},"excerpt":{"rendered":"<p>\u2694\ufe0f Guerra en los Cielos: La batalla c\u00f3smica contra el mal &nbsp; Autor: Derek PrinceCategor\u00eda: Guerra espiritualISBN \/ SKU: 9789588285696Disponible tambi\u00e9n en edici\u00f3n de bolsilloIdioma: Espa\u00f1ol Un conflicto c\u00f3smico. Una guerra que sigue activa. Un llamado al pueblo de Dios.Desde los or\u00edgenes de la creaci\u00f3n, la Biblia revela que una batalla invisible ha estado en [&hellip;]<\/p>\n","protected":false},"featured_media":5519,"comment_status":"open","ping_status":"closed","template":"","meta":{"om_disable_all_campaigns":false,"_monsterinsights_skip_tracking":false,"_monsterinsights_sitenote_active":false,"_monsterinsights_sitenote_note":"","_monsterinsights_sitenote_category":0,"site-sidebar-layout":"default","site-content-layout":"","ast-site-content-layout":"default","site-content-style":"default","site-sidebar-style":"default","ast-global-header-display":"","ast-banner-title-visibility":"","ast-main-header-display":"","ast-hfb-above-header-display":"","ast-hfb-below-header-display":"","ast-hfb-mobile-header-display":"","site-post-title":"","ast-breadcrumbs-content":"","ast-featured-img":"","footer-sml-layout":"","ast-disable-related-posts":"","theme-transparent-header-meta":"default","adv-header-id-meta":"","stick-header-meta":"","header-above-stick-meta":"","header-main-stick-meta":"","header-below-stick-meta":"","astra-migrate-meta-layouts":"set","ast-page-background-enabled":"default","ast-page-background-meta":{"desktop":{"background-color":"var(--ast-global-color-4)","background-image":"","background-repeat":"repeat","background-position":"center center","background-size":"auto","background-attachment":"scroll","background-type":"","background-media":"","overlay-type":"","overlay-color":"","overlay-opacity":"","overlay-gradient":""},"tablet":{"background-color":"","background-image":"","background-repeat":"repeat","background-position":"center center","background-size":"auto","background-attachment":"scroll","background-type":"","background-media":"","overlay-type":"","overlay-color":"","overlay-opacity":"","overlay-gradient":""},"mobile":{"background-color":"","background-image":"","background-repeat":"repeat","background-position":"center center","background-size":"auto","background-attachment":"scroll","background-type":"","background-media":"","overlay-type":"","overlay-color":"","overlay-opacity":"","overlay-gradient":""}},"ast-content-background-meta":{"desktop":{"background-color":"var(--ast-global-color-5)","background-image":"","background-repeat":"repeat","background-position":"center center","background-size":"auto","background-attachment":"scroll","background-type":"","background-media":"","overlay-type":"","overlay-color":"","overlay-opacity":"","overlay-gradient":""},"tablet":{"background-color":"var(--ast-global-color-5)","background-image":"","background-repeat":"repeat","background-position":"center center","background-size":"auto","background-attachment":"scroll","background-type":"","background-media":"","overlay-type":"","overlay-color":"","overlay-opacity":"","overlay-gradient":""},"mobile":{"background-color":"var(--ast-global-color-5)","background-image":"","background-repeat":"repeat","background-position":"center center","background-size":"auto","background-attachment":"scroll","background-type":"","background-media":"","overlay-type":"","overlay-color":"","overlay-opacity":"","overlay-gradient":""}}},"product_brand":[],"product_cat":[168,169,23,175,166],"product_tag":[306],"class_list":{"0":"post-5518","1":"product","2":"type-product","3":"status-publish","4":"has-post-thumbnail","6":"product_cat-guerra-espiritual","7":"product_cat-hombres","8":"product_cat-libros","9":"product_cat-liderazgo","10":"product_cat-profecia","11":"product_tag-desafio","12":"desktop-align-left","13":"tablet-align-left","14":"mobile-align-left","16":"first","17":"instock","18":"shipping-taxable","19":"purchasable","20":"product-type-simple"},"yoast_head":"<!-- This site is optimized with the Yoast SEO plugin v27.4 - https:\/\/yoast.com\/product\/yoast-seo-wordpress\/ -->\n<title>Guerra en los Cielos: La batalla c\u00f3smica contra el mal - tzionlibreria.com<\/title>\n<meta name=\"description\" content=\"Desde los or\u00edgenes de la creaci\u00f3n, la Biblia revela que una batalla invisible ha estado en curso entre las fuerzas del bien y del mal.\" \/>\n<meta name=\"robots\" content=\"index, follow, max-snippet:-1, max-image-preview:large, max-video-preview:-1\" \/>\n<link rel=\"canonical\" href=\"https:\/\/tzionlibreria.com\/index.php\/product\/guerra-en-los-cielos-la-batalla-cosmica-contra-el-mal\/\" \/>\n<meta property=\"og:locale\" content=\"es_ES\" \/>\n<meta property=\"og:type\" content=\"article\" \/>\n<meta property=\"og:title\" content=\"Guerra en los Cielos: La batalla c\u00f3smica contra el mal - tzionlibreria.com\" \/>\n<meta property=\"og:description\" content=\"Desde los or\u00edgenes de la creaci\u00f3n, la Biblia revela que una batalla invisible ha estado en curso entre las fuerzas del bien y del mal.\" \/>\n<meta property=\"og:url\" content=\"https:\/\/tzionlibreria.com\/index.php\/product\/guerra-en-los-cielos-la-batalla-cosmica-contra-el-mal\/\" \/>\n<meta property=\"og:site_name\" content=\"tzionlibreria.com\" \/>\n<meta property=\"article:modified_time\" content=\"2025-06-17T02:51:01+00:00\" \/>\n<meta property=\"og:image\" content=\"http:\/\/tzionlibreria.com\/wp-content\/uploads\/2025\/06\/137.png\" \/>\n\t<meta property=\"og:image:width\" content=\"1080\" \/>\n\t<meta property=\"og:image:height\" content=\"1080\" \/>\n\t<meta property=\"og:image:type\" content=\"image\/png\" \/>\n<meta name=\"twitter:card\" content=\"summary_large_image\" \/>\n<meta name=\"twitter:label1\" content=\"Tiempo de lectura\" \/>\n\t<meta name=\"twitter:data1\" content=\"2 minutos\" \/>\n<script type=\"application\/ld+json\" class=\"yoast-schema-graph\">{\"@context\":\"https:\\\/\\\/schema.org\",\"@graph\":[{\"@type\":\"WebPage\",\"@id\":\"https:\\\/\\\/tzionlibreria.com\\\/index.php\\\/product\\\/guerra-en-los-cielos-la-batalla-cosmica-contra-el-mal\\\/\",\"url\":\"https:\\\/\\\/tzionlibreria.com\\\/index.php\\\/product\\\/guerra-en-los-cielos-la-batalla-cosmica-contra-el-mal\\\/\",\"name\":\"Guerra en los Cielos: La batalla c\u00f3smica contra el mal - tzionlibreria.com\",\"isPartOf\":{\"@id\":\"https:\\\/\\\/tzionlibreria.com\\\/#website\"},\"primaryImageOfPage\":{\"@id\":\"https:\\\/\\\/tzionlibreria.com\\\/index.php\\\/product\\\/guerra-en-los-cielos-la-batalla-cosmica-contra-el-mal\\\/#primaryimage\"},\"image\":{\"@id\":\"https:\\\/\\\/tzionlibreria.com\\\/index.php\\\/product\\\/guerra-en-los-cielos-la-batalla-cosmica-contra-el-mal\\\/#primaryimage\"},\"thumbnailUrl\":\"https:\\\/\\\/tzionlibreria.com\\\/wp-content\\\/uploads\\\/2025\\\/06\\\/137.png\",\"datePublished\":\"2025-06-17T02:51:00+00:00\",\"dateModified\":\"2025-06-17T02:51:01+00:00\",\"description\":\"Desde los or\u00edgenes de la creaci\u00f3n, la Biblia revela que una batalla invisible ha estado en curso entre las fuerzas del bien y del mal.\",\"breadcrumb\":{\"@id\":\"https:\\\/\\\/tzionlibreria.com\\\/index.php\\\/product\\\/guerra-en-los-cielos-la-batalla-cosmica-contra-el-mal\\\/#breadcrumb\"},\"inLanguage\":\"es-CO\",\"potentialAction\":[{\"@type\":\"ReadAction\",\"target\":[\"https:\\\/\\\/tzionlibreria.com\\\/index.php\\\/product\\\/guerra-en-los-cielos-la-batalla-cosmica-contra-el-mal\\\/\"]}]},{\"@type\":\"ImageObject\",\"inLanguage\":\"es-CO\",\"@id\":\"https:\\\/\\\/tzionlibreria.com\\\/index.php\\\/product\\\/guerra-en-los-cielos-la-batalla-cosmica-contra-el-mal\\\/#primaryimage\",\"url\":\"https:\\\/\\\/tzionlibreria.com\\\/wp-content\\\/uploads\\\/2025\\\/06\\\/137.png\",\"contentUrl\":\"https:\\\/\\\/tzionlibreria.com\\\/wp-content\\\/uploads\\\/2025\\\/06\\\/137.png\",\"width\":1080,\"height\":1080},{\"@type\":\"BreadcrumbList\",\"@id\":\"https:\\\/\\\/tzionlibreria.com\\\/index.php\\\/product\\\/guerra-en-los-cielos-la-batalla-cosmica-contra-el-mal\\\/#breadcrumb\",\"itemListElement\":[{\"@type\":\"ListItem\",\"position\":1,\"name\":\"Inicio\",\"item\":\"https:\\\/\\\/tzionlibreria.com\\\/\"},{\"@type\":\"ListItem\",\"position\":2,\"name\":\"Shop\",\"item\":\"https:\\\/\\\/tzionlibreria.com\\\/index.php\\\/shop\\\/\"},{\"@type\":\"ListItem\",\"position\":3,\"name\":\"Guerra en los Cielos: La batalla c\u00f3smica contra el mal\"}]},{\"@type\":\"WebSite\",\"@id\":\"https:\\\/\\\/tzionlibreria.com\\\/#website\",\"url\":\"https:\\\/\\\/tzionlibreria.com\\\/\",\"name\":\"tzionlibreria.com\",\"description\":\"Libreria Cristiana Venezuela\",\"publisher\":{\"@id\":\"https:\\\/\\\/tzionlibreria.com\\\/#organization\"},\"potentialAction\":[{\"@type\":\"SearchAction\",\"target\":{\"@type\":\"EntryPoint\",\"urlTemplate\":\"https:\\\/\\\/tzionlibreria.com\\\/?s={search_term_string}\"},\"query-input\":{\"@type\":\"PropertyValueSpecification\",\"valueRequired\":true,\"valueName\":\"search_term_string\"}}],\"inLanguage\":\"es-CO\"},{\"@type\":\"Organization\",\"@id\":\"https:\\\/\\\/tzionlibreria.com\\\/#organization\",\"name\":\"tzionlibreria.com\",\"url\":\"https:\\\/\\\/tzionlibreria.com\\\/\",\"logo\":{\"@type\":\"ImageObject\",\"inLanguage\":\"es-CO\",\"@id\":\"https:\\\/\\\/tzionlibreria.com\\\/#\\\/schema\\\/logo\\\/image\\\/\",\"url\":\"https:\\\/\\\/tzionlibreria.com\\\/wp-content\\\/uploads\\\/2023\\\/10\\\/cropped-Cuadricula-scaled-1.jpg\",\"contentUrl\":\"https:\\\/\\\/tzionlibreria.com\\\/wp-content\\\/uploads\\\/2023\\\/10\\\/cropped-Cuadricula-scaled-1.jpg\",\"width\":2560,\"height\":2560,\"caption\":\"tzionlibreria.com\"},\"image\":{\"@id\":\"https:\\\/\\\/tzionlibreria.com\\\/#\\\/schema\\\/logo\\\/image\\\/\"}}]}<\/script>\n<!-- \/ Yoast SEO plugin. -->","yoast_head_json":{"title":"Guerra en los Cielos: La batalla c\u00f3smica contra el mal - tzionlibreria.com","description":"Desde los or\u00edgenes de la creaci\u00f3n, la Biblia revela que una batalla invisible ha estado en curso entre las fuerzas del bien y del mal.","robots":{"index":"index","follow":"follow","max-snippet":"max-snippet:-1","max-image-preview":"max-image-preview:large","max-video-preview":"max-video-preview:-1"},"canonical":"https:\/\/tzionlibreria.com\/index.php\/product\/guerra-en-los-cielos-la-batalla-cosmica-contra-el-mal\/","og_locale":"es_ES","og_type":"article","og_title":"Guerra en los Cielos: La batalla c\u00f3smica contra el mal - tzionlibreria.com","og_description":"Desde los or\u00edgenes de la creaci\u00f3n, la Biblia revela que una batalla invisible ha estado en curso entre las fuerzas del bien y del mal.","og_url":"https:\/\/tzionlibreria.com\/index.php\/product\/guerra-en-los-cielos-la-batalla-cosmica-contra-el-mal\/","og_site_name":"tzionlibreria.com","article_modified_time":"2025-06-17T02:51:01+00:00","og_image":[{"width":1080,"height":1080,"url":"http:\/\/tzionlibreria.com\/wp-content\/uploads\/2025\/06\/137.png","type":"image\/png"}],"twitter_card":"summary_large_image","twitter_misc":{"Tiempo de lectura":"2 minutos"},"schema":{"@context":"https:\/\/schema.org","@graph":[{"@type":"WebPage","@id":"https:\/\/tzionlibreria.com\/index.php\/product\/guerra-en-los-cielos-la-batalla-cosmica-contra-el-mal\/","url":"https:\/\/tzionlibreria.com\/index.php\/product\/guerra-en-los-cielos-la-batalla-cosmica-contra-el-mal\/","name":"Guerra en los Cielos: La batalla c\u00f3smica contra el mal - tzionlibreria.com","isPartOf":{"@id":"https:\/\/tzionlibreria.com\/#website"},"primaryImageOfPage":{"@id":"https:\/\/tzionlibreria.com\/index.php\/product\/guerra-en-los-cielos-la-batalla-cosmica-contra-el-mal\/#primaryimage"},"image":{"@id":"https:\/\/tzionlibreria.com\/index.php\/product\/guerra-en-los-cielos-la-batalla-cosmica-contra-el-mal\/#primaryimage"},"thumbnailUrl":"https:\/\/tzionlibreria.com\/wp-content\/uploads\/2025\/06\/137.png","datePublished":"2025-06-17T02:51:00+00:00","dateModified":"2025-06-17T02:51:01+00:00","description":"Desde los or\u00edgenes de la creaci\u00f3n, la Biblia revela que una batalla invisible ha estado en curso entre las fuerzas del bien y del mal.","breadcrumb":{"@id":"https:\/\/tzionlibreria.com\/index.php\/product\/guerra-en-los-cielos-la-batalla-cosmica-contra-el-mal\/#breadcrumb"},"inLanguage":"es-CO","potentialAction":[{"@type":"ReadAction","target":["https:\/\/tzionlibreria.com\/index.php\/product\/guerra-en-los-cielos-la-batalla-cosmica-contra-el-mal\/"]}]},{"@type":"ImageObject","inLanguage":"es-CO","@id":"https:\/\/tzionlibreria.com\/index.php\/product\/guerra-en-los-cielos-la-batalla-cosmica-contra-el-mal\/#primaryimage","url":"https:\/\/tzionlibreria.com\/wp-content\/uploads\/2025\/06\/137.png","contentUrl":"https:\/\/tzionlibreria.com\/wp-content\/uploads\/2025\/06\/137.png","width":1080,"height":1080},{"@type":"BreadcrumbList","@id":"https:\/\/tzionlibreria.com\/index.php\/product\/guerra-en-los-cielos-la-batalla-cosmica-contra-el-mal\/#breadcrumb","itemListElement":[{"@type":"ListItem","position":1,"name":"Inicio","item":"https:\/\/tzionlibreria.com\/"},{"@type":"ListItem","position":2,"name":"Shop","item":"https:\/\/tzionlibreria.com\/index.php\/shop\/"},{"@type":"ListItem","position":3,"name":"Guerra en los Cielos: La batalla c\u00f3smica contra el mal"}]},{"@type":"WebSite","@id":"https:\/\/tzionlibreria.com\/#website","url":"https:\/\/tzionlibreria.com\/","name":"tzionlibreria.com","description":"Libreria Cristiana Venezuela","publisher":{"@id":"https:\/\/tzionlibreria.com\/#organization"},"potentialAction":[{"@type":"SearchAction","target":{"@type":"EntryPoint","urlTemplate":"https:\/\/tzionlibreria.com\/?s={search_term_string}"},"query-input":{"@type":"PropertyValueSpecification","valueRequired":true,"valueName":"search_term_string"}}],"inLanguage":"es-CO"},{"@type":"Organization","@id":"https:\/\/tzionlibreria.com\/#organization","name":"tzionlibreria.com","url":"https:\/\/tzionlibreria.com\/","logo":{"@type":"ImageObject","inLanguage":"es-CO","@id":"https:\/\/tzionlibreria.com\/#\/schema\/logo\/image\/","url":"https:\/\/tzionlibreria.com\/wp-content\/uploads\/2023\/10\/cropped-Cuadricula-scaled-1.jpg","contentUrl":"https:\/\/tzionlibreria.com\/wp-content\/uploads\/2023\/10\/cropped-Cuadricula-scaled-1.jpg","width":2560,"height":2560,"caption":"tzionlibreria.com"},"image":{"@id":"https:\/\/tzionlibreria.com\/#\/schema\/logo\/image\/"}}]}},"jetpack_sharing_enabled":true,"_links":{"self":[{"href":"https:\/\/tzionlibreria.com\/index.php\/wp-json\/wp\/v2\/product\/5518","targetHints":{"allow":["GET"]}}],"collection":[{"href":"https:\/\/tzionlibreria.com\/index.php\/wp-json\/wp\/v2\/product"}],"about":[{"href":"https:\/\/tzionlibreria.com\/index.php\/wp-json\/wp\/v2\/types\/product"}],"replies":[{"embeddable":true,"href":"https:\/\/tzionlibreria.com\/index.php\/wp-json\/wp\/v2\/comments?post=5518"}],"wp:featuredmedia":[{"embeddable":true,"href":"https:\/\/tzionlibreria.com\/index.php\/wp-json\/wp\/v2\/media\/5519"}],"wp:attachment":[{"href":"https:\/\/tzionlibreria.com\/index.php\/wp-json\/wp\/v2\/media?parent=5518"}],"wp:term":[{"taxonomy":"product_brand","embeddable":true,"href":"https:\/\/tzionlibreria.com\/index.php\/wp-json\/wp\/v2\/product_brand?post=5518"},{"taxonomy":"product_cat","embeddable":true,"href":"https:\/\/tzionlibreria.com\/index.php\/wp-json\/wp\/v2\/product_cat?post=5518"},{"taxonomy":"product_tag","embeddable":true,"href":"https:\/\/tzionlibreria.com\/index.php\/wp-json\/wp\/v2\/product_tag?post=5518"}],"curies":[{"name":"wp","href":"https:\/\/api.w.org\/{rel}","templated":true}]}}