{"id":5520,"date":"2025-06-17T02:54:44","date_gmt":"2025-06-17T02:54:44","guid":{"rendered":"https:\/\/tzionlibreria.com\/?post_type=product&#038;p=5520"},"modified":"2025-06-17T02:54:44","modified_gmt":"2025-06-17T02:54:44","slug":"exito-familiar-principios-inspiradores-para-tener-hijos-ganadores","status":"publish","type":"product","link":"https:\/\/tzionlibreria.com\/index.php\/product\/exito-familiar-principios-inspiradores-para-tener-hijos-ganadores\/","title":{"rendered":"\u00c9xito Familiar: Principios inspiradores para tener hijos ganadores"},"content":{"rendered":"<h3 data-start=\"205\" data-end=\"293\">\ud83d\udc68\u200d\ud83d\udc69\u200d\ud83d\udc67\u200d\ud83d\udc66 <strong data-start=\"221\" data-end=\"291\">\u00c9xito Familiar: Principios inspiradores para tener hijos ganadores<\/strong><\/h3>\n<p data-start=\"294\" data-end=\"519\"><strong data-start=\"294\" data-end=\"304\">Autor:<\/strong> Dale Carnegie Bronner<br data-start=\"326\" data-end=\"329\" \/><strong data-start=\"329\" data-end=\"341\">Pr\u00f3logo:<\/strong> Sixto Porras<br data-start=\"354\" data-end=\"357\" \/><strong data-start=\"357\" data-end=\"371\">Editorial:<\/strong> Enfoque a la Familia<br data-start=\"392\" data-end=\"395\" \/><strong data-start=\"395\" data-end=\"403\">SKU:<\/strong> 9789587371512<br data-start=\"417\" data-end=\"420\" \/><strong data-start=\"420\" data-end=\"431\">Idioma:<\/strong> Espa\u00f1ol<br data-start=\"439\" data-end=\"442\" \/><strong data-start=\"442\" data-end=\"457\">Categor\u00edas:<\/strong> Familia \u00b7 Crecimiento personal \u00b7 Vida cristiana \u00b7 Inspiraci\u00f3n<\/p>\n<p data-start=\"294\" data-end=\"519\">\n<p data-start=\"560\" data-end=\"613\"><strong data-start=\"560\" data-end=\"613\">Transforma tu hogar en un semillero de campeones.<\/strong><\/p>\n<p data-start=\"615\" data-end=\"933\">Inspirado en las ense\u00f1anzas de Abraham \u2014el padre de las naciones\u2014 este libro ofrece principios atemporales con aplicaciones pr\u00e1cticas para la crianza y restauraci\u00f3n del hogar hoy. El Dr. Bronner identifica las ra\u00edces de los conflictos familiares y revela c\u00f3mo sanarlas con principios b\u00edblicos s\u00f3lidos y esperanzadores.<\/p>\n<p data-start=\"935\" data-end=\"1005\">Con lenguaje claro y motivador, <strong data-start=\"967\" data-end=\"987\">\u201c\u00c9xito Familiar\u201d<\/strong> te ense\u00f1ar\u00e1 c\u00f3mo:<\/p>\n<ul data-start=\"1006\" data-end=\"1219\">\n<li data-start=\"1006\" data-end=\"1052\">\n<p data-start=\"1008\" data-end=\"1052\">Inculcar una \u00e9tica de trabajo en tus hijos<\/p>\n<\/li>\n<li data-start=\"1053\" data-end=\"1101\">\n<p data-start=\"1055\" data-end=\"1101\">Desarrollar una actitud positiva en el hogar<\/p>\n<\/li>\n<li data-start=\"1102\" data-end=\"1132\">\n<p data-start=\"1104\" data-end=\"1132\">Restaurar relaciones rotas<\/p>\n<\/li>\n<li data-start=\"1133\" data-end=\"1168\">\n<p data-start=\"1135\" data-end=\"1168\">Optimizar el potencial familiar<\/p>\n<\/li>\n<li data-start=\"1169\" data-end=\"1219\">\n<p data-start=\"1171\" data-end=\"1219\">Ense\u00f1ar la honestidad y la dependencia en Dios<\/p>\n<\/li>\n<\/ul>\n<p data-start=\"1221\" data-end=\"1368\">Este libro es un regalo de sabidur\u00eda para madres, padres, maestros y todo aquel que desee ver florecer a su familia en valores, unidad y prop\u00f3sito.<\/p>\n<hr data-start=\"1370\" data-end=\"1373\" \/>\n<h3 data-start=\"1375\" data-end=\"1410\">\ud83d\udc65 <strong data-start=\"1382\" data-end=\"1410\">\u00bfPara qui\u00e9n va dirigido?<\/strong><\/h3>\n<ul data-start=\"1412\" data-end=\"1682\">\n<li data-start=\"1412\" data-end=\"1480\">\n<p data-start=\"1414\" data-end=\"1480\">Padres que buscan principios b\u00edblicos para formar hijos \u00edntegros<\/p>\n<\/li>\n<li data-start=\"1481\" data-end=\"1544\">\n<p data-start=\"1483\" data-end=\"1544\">Madres l\u00edderes, maestras, mentoras y formadoras de car\u00e1cter<\/p>\n<\/li>\n<li data-start=\"1545\" data-end=\"1594\">\n<p data-start=\"1547\" data-end=\"1594\">Familias en proceso de sanidad y restauraci\u00f3n<\/p>\n<\/li>\n<li data-start=\"1595\" data-end=\"1631\">\n<p data-start=\"1597\" data-end=\"1631\">Pastores y consejeros familiares<\/p>\n<\/li>\n<li data-start=\"1632\" data-end=\"1682\">\n<p data-start=\"1634\" data-end=\"1682\">Hombres y mujeres que desean un legado saludable<\/p>\n<\/li>\n<\/ul>\n<hr data-start=\"1684\" data-end=\"1687\" \/>\n<h3 data-start=\"1689\" data-end=\"1717\">\u2705 <strong data-start=\"1695\" data-end=\"1717\">Ventajas del libro<\/strong><\/h3>\n<ul data-start=\"1719\" data-end=\"1964\">\n<li data-start=\"1719\" data-end=\"1777\">\n<p data-start=\"1721\" data-end=\"1777\">Basado en valores eternos con aplicaci\u00f3n contempor\u00e1nea<\/p>\n<\/li>\n<li data-start=\"1778\" data-end=\"1843\">\n<p data-start=\"1780\" data-end=\"1843\">Ideal para lectura personal, grupos familiares o discipulados<\/p>\n<\/li>\n<li data-start=\"1844\" data-end=\"1918\">\n<p data-start=\"1846\" data-end=\"1918\">Herramienta \u00fatil para la educaci\u00f3n en casa y la formaci\u00f3n del car\u00e1cter<\/p>\n<\/li>\n<li data-start=\"1919\" data-end=\"1964\">\n<p data-start=\"1921\" data-end=\"1964\">Mensaje inspirador, esperanzador y pr\u00e1ctico<\/p>\n<\/li>\n<\/ul>\n","protected":false},"excerpt":{"rendered":"<p>\ud83d\udc68\u200d\ud83d\udc69\u200d\ud83d\udc67\u200d\ud83d\udc66 \u00c9xito Familiar: Principios inspiradores para tener hijos ganadores Autor: Dale Carnegie BronnerPr\u00f3logo: Sixto PorrasEditorial: Enfoque a la FamiliaSKU: 9789587371512Idioma: Espa\u00f1olCategor\u00edas: Familia \u00b7 Crecimiento personal \u00b7 Vida cristiana \u00b7 Inspiraci\u00f3n Transforma tu hogar en un semillero de campeones. Inspirado en las ense\u00f1anzas de Abraham \u2014el padre de las naciones\u2014 este libro ofrece principios atemporales con [&hellip;]<\/p>\n","protected":false},"featured_media":5522,"comment_status":"open","ping_status":"closed","template":"","meta":{"om_disable_all_campaigns":false,"_monsterinsights_skip_tracking":false,"_monsterinsights_sitenote_active":false,"_monsterinsights_sitenote_note":"","_monsterinsights_sitenote_category":0,"site-sidebar-layout":"default","site-content-layout":"","ast-site-content-layout":"default","site-content-style":"default","site-sidebar-style":"default","ast-global-header-display":"","ast-banner-title-visibility":"","ast-main-header-display":"","ast-hfb-above-header-display":"","ast-hfb-below-header-display":"","ast-hfb-mobile-header-display":"","site-post-title":"","ast-breadcrumbs-content":"","ast-featured-img":"","footer-sml-layout":"","ast-disable-related-posts":"","theme-transparent-header-meta":"default","adv-header-id-meta":"","stick-header-meta":"","header-above-stick-meta":"","header-main-stick-meta":"","header-below-stick-meta":"","astra-migrate-meta-layouts":"set","ast-page-background-enabled":"default","ast-page-background-meta":{"desktop":{"background-color":"var(--ast-global-color-4)","background-image":"","background-repeat":"repeat","background-position":"center center","background-size":"auto","background-attachment":"scroll","background-type":"","background-media":"","overlay-type":"","overlay-color":"","overlay-opacity":"","overlay-gradient":""},"tablet":{"background-color":"","background-image":"","background-repeat":"repeat","background-position":"center center","background-size":"auto","background-attachment":"scroll","background-type":"","background-media":"","overlay-type":"","overlay-color":"","overlay-opacity":"","overlay-gradient":""},"mobile":{"background-color":"","background-image":"","background-repeat":"repeat","background-position":"center center","background-size":"auto","background-attachment":"scroll","background-type":"","background-media":"","overlay-type":"","overlay-color":"","overlay-opacity":"","overlay-gradient":""}},"ast-content-background-meta":{"desktop":{"background-color":"var(--ast-global-color-5)","background-image":"","background-repeat":"repeat","background-position":"center center","background-size":"auto","background-attachment":"scroll","background-type":"","background-media":"","overlay-type":"","overlay-color":"","overlay-opacity":"","overlay-gradient":""},"tablet":{"background-color":"var(--ast-global-color-5)","background-image":"","background-repeat":"repeat","background-position":"center center","background-size":"auto","background-attachment":"scroll","background-type":"","background-media":"","overlay-type":"","overlay-color":"","overlay-opacity":"","overlay-gradient":""},"mobile":{"background-color":"var(--ast-global-color-5)","background-image":"","background-repeat":"repeat","background-position":"center center","background-size":"auto","background-attachment":"scroll","background-type":"","background-media":"","overlay-type":"","overlay-color":"","overlay-opacity":"","overlay-gradient":""}}},"product_brand":[],"product_cat":[167,174,23,175,170],"product_tag":[306],"class_list":{"0":"post-5520","1":"product","2":"type-product","3":"status-publish","4":"has-post-thumbnail","6":"product_cat-familia","7":"product_cat-iglesia","8":"product_cat-libros","9":"product_cat-liderazgo","10":"product_cat-mujeres","11":"product_tag-desafio","12":"desktop-align-left","13":"tablet-align-left","14":"mobile-align-left","16":"first","17":"instock","18":"shipping-taxable","19":"purchasable","20":"product-type-simple"},"yoast_head":"<!-- This site is optimized with the Yoast SEO plugin v27.4 - https:\/\/yoast.com\/product\/yoast-seo-wordpress\/ -->\n<title>\u00c9xito Familiar: Principios inspiradores para tener hijos ganadores - tzionlibreria.com<\/title>\n<meta name=\"description\" content=\"Inspirado en las ense\u00f1anzas de Abraham \u2014el padre de las naciones\u2014 ofrece principios atemporales para la crianza y restauraci\u00f3n del hogar hoy.\" \/>\n<meta name=\"robots\" content=\"index, follow, max-snippet:-1, max-image-preview:large, max-video-preview:-1\" \/>\n<link rel=\"canonical\" href=\"https:\/\/tzionlibreria.com\/index.php\/product\/exito-familiar-principios-inspiradores-para-tener-hijos-ganadores\/\" \/>\n<meta property=\"og:locale\" content=\"es_ES\" \/>\n<meta property=\"og:type\" content=\"article\" \/>\n<meta property=\"og:title\" content=\"\u00c9xito Familiar: Principios inspiradores para tener hijos ganadores - tzionlibreria.com\" \/>\n<meta property=\"og:description\" content=\"Inspirado en las ense\u00f1anzas de Abraham \u2014el padre de las naciones\u2014 ofrece principios atemporales para la crianza y restauraci\u00f3n del hogar hoy.\" \/>\n<meta property=\"og:url\" content=\"https:\/\/tzionlibreria.com\/index.php\/product\/exito-familiar-principios-inspiradores-para-tener-hijos-ganadores\/\" \/>\n<meta property=\"og:site_name\" content=\"tzionlibreria.com\" \/>\n<meta property=\"og:image\" content=\"http:\/\/tzionlibreria.com\/wp-content\/uploads\/2025\/06\/138.png\" \/>\n\t<meta property=\"og:image:width\" content=\"1080\" \/>\n\t<meta property=\"og:image:height\" content=\"1080\" \/>\n\t<meta property=\"og:image:type\" content=\"image\/png\" \/>\n<meta name=\"twitter:card\" content=\"summary_large_image\" \/>\n<meta name=\"twitter:label1\" content=\"Tiempo de lectura\" \/>\n\t<meta name=\"twitter:data1\" content=\"2 minutos\" \/>\n<script type=\"application\/ld+json\" class=\"yoast-schema-graph\">{\"@context\":\"https:\\\/\\\/schema.org\",\"@graph\":[{\"@type\":\"WebPage\",\"@id\":\"https:\\\/\\\/tzionlibreria.com\\\/index.php\\\/product\\\/exito-familiar-principios-inspiradores-para-tener-hijos-ganadores\\\/\",\"url\":\"https:\\\/\\\/tzionlibreria.com\\\/index.php\\\/product\\\/exito-familiar-principios-inspiradores-para-tener-hijos-ganadores\\\/\",\"name\":\"\u00c9xito Familiar: Principios inspiradores para tener hijos ganadores - tzionlibreria.com\",\"isPartOf\":{\"@id\":\"https:\\\/\\\/tzionlibreria.com\\\/#website\"},\"primaryImageOfPage\":{\"@id\":\"https:\\\/\\\/tzionlibreria.com\\\/index.php\\\/product\\\/exito-familiar-principios-inspiradores-para-tener-hijos-ganadores\\\/#primaryimage\"},\"image\":{\"@id\":\"https:\\\/\\\/tzionlibreria.com\\\/index.php\\\/product\\\/exito-familiar-principios-inspiradores-para-tener-hijos-ganadores\\\/#primaryimage\"},\"thumbnailUrl\":\"https:\\\/\\\/tzionlibreria.com\\\/wp-content\\\/uploads\\\/2025\\\/06\\\/138.png\",\"datePublished\":\"2025-06-17T02:54:44+00:00\",\"description\":\"Inspirado en las ense\u00f1anzas de Abraham \u2014el padre de las naciones\u2014 ofrece principios atemporales para la crianza y restauraci\u00f3n del hogar hoy.\",\"breadcrumb\":{\"@id\":\"https:\\\/\\\/tzionlibreria.com\\\/index.php\\\/product\\\/exito-familiar-principios-inspiradores-para-tener-hijos-ganadores\\\/#breadcrumb\"},\"inLanguage\":\"es-CO\",\"potentialAction\":[{\"@type\":\"ReadAction\",\"target\":[\"https:\\\/\\\/tzionlibreria.com\\\/index.php\\\/product\\\/exito-familiar-principios-inspiradores-para-tener-hijos-ganadores\\\/\"]}]},{\"@type\":\"ImageObject\",\"inLanguage\":\"es-CO\",\"@id\":\"https:\\\/\\\/tzionlibreria.com\\\/index.php\\\/product\\\/exito-familiar-principios-inspiradores-para-tener-hijos-ganadores\\\/#primaryimage\",\"url\":\"https:\\\/\\\/tzionlibreria.com\\\/wp-content\\\/uploads\\\/2025\\\/06\\\/138.png\",\"contentUrl\":\"https:\\\/\\\/tzionlibreria.com\\\/wp-content\\\/uploads\\\/2025\\\/06\\\/138.png\",\"width\":1080,\"height\":1080},{\"@type\":\"BreadcrumbList\",\"@id\":\"https:\\\/\\\/tzionlibreria.com\\\/index.php\\\/product\\\/exito-familiar-principios-inspiradores-para-tener-hijos-ganadores\\\/#breadcrumb\",\"itemListElement\":[{\"@type\":\"ListItem\",\"position\":1,\"name\":\"Inicio\",\"item\":\"https:\\\/\\\/tzionlibreria.com\\\/\"},{\"@type\":\"ListItem\",\"position\":2,\"name\":\"Shop\",\"item\":\"https:\\\/\\\/tzionlibreria.com\\\/index.php\\\/shop\\\/\"},{\"@type\":\"ListItem\",\"position\":3,\"name\":\"\u00c9xito Familiar: Principios inspiradores para tener hijos ganadores\"}]},{\"@type\":\"WebSite\",\"@id\":\"https:\\\/\\\/tzionlibreria.com\\\/#website\",\"url\":\"https:\\\/\\\/tzionlibreria.com\\\/\",\"name\":\"tzionlibreria.com\",\"description\":\"Libreria Cristiana Venezuela\",\"publisher\":{\"@id\":\"https:\\\/\\\/tzionlibreria.com\\\/#organization\"},\"potentialAction\":[{\"@type\":\"SearchAction\",\"target\":{\"@type\":\"EntryPoint\",\"urlTemplate\":\"https:\\\/\\\/tzionlibreria.com\\\/?s={search_term_string}\"},\"query-input\":{\"@type\":\"PropertyValueSpecification\",\"valueRequired\":true,\"valueName\":\"search_term_string\"}}],\"inLanguage\":\"es-CO\"},{\"@type\":\"Organization\",\"@id\":\"https:\\\/\\\/tzionlibreria.com\\\/#organization\",\"name\":\"tzionlibreria.com\",\"url\":\"https:\\\/\\\/tzionlibreria.com\\\/\",\"logo\":{\"@type\":\"ImageObject\",\"inLanguage\":\"es-CO\",\"@id\":\"https:\\\/\\\/tzionlibreria.com\\\/#\\\/schema\\\/logo\\\/image\\\/\",\"url\":\"https:\\\/\\\/tzionlibreria.com\\\/wp-content\\\/uploads\\\/2023\\\/10\\\/cropped-Cuadricula-scaled-1.jpg\",\"contentUrl\":\"https:\\\/\\\/tzionlibreria.com\\\/wp-content\\\/uploads\\\/2023\\\/10\\\/cropped-Cuadricula-scaled-1.jpg\",\"width\":2560,\"height\":2560,\"caption\":\"tzionlibreria.com\"},\"image\":{\"@id\":\"https:\\\/\\\/tzionlibreria.com\\\/#\\\/schema\\\/logo\\\/image\\\/\"}}]}<\/script>\n<!-- \/ Yoast SEO plugin. -->","yoast_head_json":{"title":"\u00c9xito Familiar: Principios inspiradores para tener hijos ganadores - tzionlibreria.com","description":"Inspirado en las ense\u00f1anzas de Abraham \u2014el padre de las naciones\u2014 ofrece principios atemporales para la crianza y restauraci\u00f3n del hogar hoy.","robots":{"index":"index","follow":"follow","max-snippet":"max-snippet:-1","max-image-preview":"max-image-preview:large","max-video-preview":"max-video-preview:-1"},"canonical":"https:\/\/tzionlibreria.com\/index.php\/product\/exito-familiar-principios-inspiradores-para-tener-hijos-ganadores\/","og_locale":"es_ES","og_type":"article","og_title":"\u00c9xito Familiar: Principios inspiradores para tener hijos ganadores - tzionlibreria.com","og_description":"Inspirado en las ense\u00f1anzas de Abraham \u2014el padre de las naciones\u2014 ofrece principios atemporales para la crianza y restauraci\u00f3n del hogar hoy.","og_url":"https:\/\/tzionlibreria.com\/index.php\/product\/exito-familiar-principios-inspiradores-para-tener-hijos-ganadores\/","og_site_name":"tzionlibreria.com","og_image":[{"width":1080,"height":1080,"url":"http:\/\/tzionlibreria.com\/wp-content\/uploads\/2025\/06\/138.png","type":"image\/png"}],"twitter_card":"summary_large_image","twitter_misc":{"Tiempo de lectura":"2 minutos"},"schema":{"@context":"https:\/\/schema.org","@graph":[{"@type":"WebPage","@id":"https:\/\/tzionlibreria.com\/index.php\/product\/exito-familiar-principios-inspiradores-para-tener-hijos-ganadores\/","url":"https:\/\/tzionlibreria.com\/index.php\/product\/exito-familiar-principios-inspiradores-para-tener-hijos-ganadores\/","name":"\u00c9xito Familiar: Principios inspiradores para tener hijos ganadores - tzionlibreria.com","isPartOf":{"@id":"https:\/\/tzionlibreria.com\/#website"},"primaryImageOfPage":{"@id":"https:\/\/tzionlibreria.com\/index.php\/product\/exito-familiar-principios-inspiradores-para-tener-hijos-ganadores\/#primaryimage"},"image":{"@id":"https:\/\/tzionlibreria.com\/index.php\/product\/exito-familiar-principios-inspiradores-para-tener-hijos-ganadores\/#primaryimage"},"thumbnailUrl":"https:\/\/tzionlibreria.com\/wp-content\/uploads\/2025\/06\/138.png","datePublished":"2025-06-17T02:54:44+00:00","description":"Inspirado en las ense\u00f1anzas de Abraham \u2014el padre de las naciones\u2014 ofrece principios atemporales para la crianza y restauraci\u00f3n del hogar hoy.","breadcrumb":{"@id":"https:\/\/tzionlibreria.com\/index.php\/product\/exito-familiar-principios-inspiradores-para-tener-hijos-ganadores\/#breadcrumb"},"inLanguage":"es-CO","potentialAction":[{"@type":"ReadAction","target":["https:\/\/tzionlibreria.com\/index.php\/product\/exito-familiar-principios-inspiradores-para-tener-hijos-ganadores\/"]}]},{"@type":"ImageObject","inLanguage":"es-CO","@id":"https:\/\/tzionlibreria.com\/index.php\/product\/exito-familiar-principios-inspiradores-para-tener-hijos-ganadores\/#primaryimage","url":"https:\/\/tzionlibreria.com\/wp-content\/uploads\/2025\/06\/138.png","contentUrl":"https:\/\/tzionlibreria.com\/wp-content\/uploads\/2025\/06\/138.png","width":1080,"height":1080},{"@type":"BreadcrumbList","@id":"https:\/\/tzionlibreria.com\/index.php\/product\/exito-familiar-principios-inspiradores-para-tener-hijos-ganadores\/#breadcrumb","itemListElement":[{"@type":"ListItem","position":1,"name":"Inicio","item":"https:\/\/tzionlibreria.com\/"},{"@type":"ListItem","position":2,"name":"Shop","item":"https:\/\/tzionlibreria.com\/index.php\/shop\/"},{"@type":"ListItem","position":3,"name":"\u00c9xito Familiar: Principios inspiradores para tener hijos ganadores"}]},{"@type":"WebSite","@id":"https:\/\/tzionlibreria.com\/#website","url":"https:\/\/tzionlibreria.com\/","name":"tzionlibreria.com","description":"Libreria Cristiana Venezuela","publisher":{"@id":"https:\/\/tzionlibreria.com\/#organization"},"potentialAction":[{"@type":"SearchAction","target":{"@type":"EntryPoint","urlTemplate":"https:\/\/tzionlibreria.com\/?s={search_term_string}"},"query-input":{"@type":"PropertyValueSpecification","valueRequired":true,"valueName":"search_term_string"}}],"inLanguage":"es-CO"},{"@type":"Organization","@id":"https:\/\/tzionlibreria.com\/#organization","name":"tzionlibreria.com","url":"https:\/\/tzionlibreria.com\/","logo":{"@type":"ImageObject","inLanguage":"es-CO","@id":"https:\/\/tzionlibreria.com\/#\/schema\/logo\/image\/","url":"https:\/\/tzionlibreria.com\/wp-content\/uploads\/2023\/10\/cropped-Cuadricula-scaled-1.jpg","contentUrl":"https:\/\/tzionlibreria.com\/wp-content\/uploads\/2023\/10\/cropped-Cuadricula-scaled-1.jpg","width":2560,"height":2560,"caption":"tzionlibreria.com"},"image":{"@id":"https:\/\/tzionlibreria.com\/#\/schema\/logo\/image\/"}}]}},"jetpack_sharing_enabled":true,"_links":{"self":[{"href":"https:\/\/tzionlibreria.com\/index.php\/wp-json\/wp\/v2\/product\/5520","targetHints":{"allow":["GET"]}}],"collection":[{"href":"https:\/\/tzionlibreria.com\/index.php\/wp-json\/wp\/v2\/product"}],"about":[{"href":"https:\/\/tzionlibreria.com\/index.php\/wp-json\/wp\/v2\/types\/product"}],"replies":[{"embeddable":true,"href":"https:\/\/tzionlibreria.com\/index.php\/wp-json\/wp\/v2\/comments?post=5520"}],"wp:featuredmedia":[{"embeddable":true,"href":"https:\/\/tzionlibreria.com\/index.php\/wp-json\/wp\/v2\/media\/5522"}],"wp:attachment":[{"href":"https:\/\/tzionlibreria.com\/index.php\/wp-json\/wp\/v2\/media?parent=5520"}],"wp:term":[{"taxonomy":"product_brand","embeddable":true,"href":"https:\/\/tzionlibreria.com\/index.php\/wp-json\/wp\/v2\/product_brand?post=5520"},{"taxonomy":"product_cat","embeddable":true,"href":"https:\/\/tzionlibreria.com\/index.php\/wp-json\/wp\/v2\/product_cat?post=5520"},{"taxonomy":"product_tag","embeddable":true,"href":"https:\/\/tzionlibreria.com\/index.php\/wp-json\/wp\/v2\/product_tag?post=5520"}],"curies":[{"name":"wp","href":"https:\/\/api.w.org\/{rel}","templated":true}]}}