{"id":5524,"date":"2025-06-17T03:02:57","date_gmt":"2025-06-17T03:02:57","guid":{"rendered":"https:\/\/tzionlibreria.com\/?post_type=product&#038;p=5524"},"modified":"2025-06-17T03:03:53","modified_gmt":"2025-06-17T03:03:53","slug":"dejad-a-los-ninos-venir-a-mi","status":"publish","type":"product","link":"https:\/\/tzionlibreria.com\/index.php\/product\/dejad-a-los-ninos-venir-a-mi\/","title":{"rendered":"Dejad a los ni\u00f1os venir a M\u00ed"},"content":{"rendered":"<h3 data-start=\"235\" data-end=\"278\">\ud83d\udc67\ud83e\uddd2 <strong data-start=\"244\" data-end=\"276\">Dejad a los ni\u00f1os venir a M\u00ed<\/strong><\/h3>\n<p data-start=\"279\" data-end=\"492\"><strong data-start=\"279\" data-end=\"290\">Autora:<\/strong> Sally de Arias<br data-start=\"305\" data-end=\"308\" \/><strong data-start=\"308\" data-end=\"316\">SKU:<\/strong> 9789589269305<br data-start=\"330\" data-end=\"333\" \/><strong data-start=\"333\" data-end=\"344\">Idioma:<\/strong> Espa\u00f1ol<br data-start=\"352\" data-end=\"355\" \/><strong data-start=\"355\" data-end=\"370\">Categor\u00edas:<\/strong> Vida Cristiana \u00b7 Crecimiento Personal \u00b7 Evangelismo Infantil<br data-start=\"431\" data-end=\"434\" \/><strong data-start=\"434\" data-end=\"446\">Incluye:<\/strong> Ejemplo del <strong data-start=\"459\" data-end=\"492\">Libro sin Palabras en colores<\/strong><\/p>\n<h3 data-start=\"499\" data-end=\"531\"><\/h3>\n<p data-start=\"533\" data-end=\"589\"><strong data-start=\"533\" data-end=\"589\">\u00bfEst\u00e1s guiando a los ni\u00f1os hacia el coraz\u00f3n de Dios?<\/strong><\/p>\n<p data-start=\"591\" data-end=\"919\">Jes\u00fas fue claro: <strong data-start=\"608\" data-end=\"663\">\u201cDejad a los ni\u00f1os venir a m\u00ed, y no se lo impid\u00e1is\u201d<\/strong>. Este libro es una invitaci\u00f3n amorosa y pr\u00e1ctica para padres, maestros y l\u00edderes a cumplir este mandato con pasi\u00f3n y claridad. <strong data-start=\"791\" data-end=\"809\">Sally de Arias<\/strong> nos recuerda que los ni\u00f1os est\u00e1n cerca de nosotros, con corazones abiertos, deseosos de conocer a su Creador.<\/p>\n<p data-start=\"921\" data-end=\"1098\">Con un enfoque b\u00edblico y did\u00e1ctico, este recurso incluye un <strong data-start=\"981\" data-end=\"1026\">ejemplo del libro sin palabras en colores<\/strong>, una herramienta visual y poderosa para evangelizar a los m\u00e1s peque\u00f1os.<\/p>\n<hr data-start=\"1100\" data-end=\"1103\" \/>\n<h3 data-start=\"1105\" data-end=\"1140\">\ud83d\udc65 <strong data-start=\"1112\" data-end=\"1140\">\u00bfPara qui\u00e9n va dirigido?<\/strong><\/h3>\n<ul data-start=\"1142\" data-end=\"1371\">\n<li data-start=\"1142\" data-end=\"1197\">\n<p data-start=\"1144\" data-end=\"1197\">Padres que desean guiar espiritualmente a sus hijos<\/p>\n<\/li>\n<li data-start=\"1198\" data-end=\"1267\">\n<p data-start=\"1200\" data-end=\"1267\">Maestros de escuela dominical y l\u00edderes de ministerios infantiles<\/p>\n<\/li>\n<li data-start=\"1268\" data-end=\"1320\">\n<p data-start=\"1270\" data-end=\"1320\">Evangelistas y misioneros que trabajan con ni\u00f1os<\/p>\n<\/li>\n<li data-start=\"1321\" data-end=\"1371\">\n<p data-start=\"1323\" data-end=\"1371\">Toda persona que ame y ense\u00f1e a los m\u00e1s peque\u00f1os<\/p>\n<\/li>\n<\/ul>\n<hr data-start=\"1373\" data-end=\"1376\" \/>\n<h3 data-start=\"1378\" data-end=\"1406\">\u2705 <strong data-start=\"1384\" data-end=\"1406\">Ventajas del libro<\/strong><\/h3>\n<ul data-start=\"1408\" data-end=\"1695\">\n<li data-start=\"1408\" data-end=\"1476\">\n<p data-start=\"1410\" data-end=\"1476\">Enfoque pr\u00e1ctico y b\u00edblico para la formaci\u00f3n espiritual infantil<\/p>\n<\/li>\n<li data-start=\"1477\" data-end=\"1533\">\n<p data-start=\"1479\" data-end=\"1533\">Lenguaje sencillo y cercano, ideal para todo p\u00fablico<\/p>\n<\/li>\n<li data-start=\"1534\" data-end=\"1610\">\n<p data-start=\"1536\" data-end=\"1610\">Incluye herramienta visual evangel\u00edstica (Libro sin Palabras en colores)<\/p>\n<\/li>\n<li data-start=\"1611\" data-end=\"1695\">\n<p data-start=\"1613\" data-end=\"1695\">Estimula a los adultos a ver la evangelizaci\u00f3n infantil como prioridad del Reino<\/p>\n<\/li>\n<\/ul>\n","protected":false},"excerpt":{"rendered":"<p>\ud83d\udc67\ud83e\uddd2 Dejad a los ni\u00f1os venir a M\u00ed Autora: Sally de AriasSKU: 9789589269305Idioma: Espa\u00f1olCategor\u00edas: Vida Cristiana \u00b7 Crecimiento Personal \u00b7 Evangelismo InfantilIncluye: Ejemplo del Libro sin Palabras en colores \u00bfEst\u00e1s guiando a los ni\u00f1os hacia el coraz\u00f3n de Dios? Jes\u00fas fue claro: \u201cDejad a los ni\u00f1os venir a m\u00ed, y no se lo impid\u00e1is\u201d. Este [&hellip;]<\/p>\n","protected":false},"featured_media":5525,"comment_status":"open","ping_status":"closed","template":"","meta":{"om_disable_all_campaigns":false,"_monsterinsights_skip_tracking":false,"_monsterinsights_sitenote_active":false,"_monsterinsights_sitenote_note":"","_monsterinsights_sitenote_category":0,"site-sidebar-layout":"default","site-content-layout":"","ast-site-content-layout":"default","site-content-style":"default","site-sidebar-style":"default","ast-global-header-display":"","ast-banner-title-visibility":"","ast-main-header-display":"","ast-hfb-above-header-display":"","ast-hfb-below-header-display":"","ast-hfb-mobile-header-display":"","site-post-title":"","ast-breadcrumbs-content":"","ast-featured-img":"","footer-sml-layout":"","ast-disable-related-posts":"","theme-transparent-header-meta":"default","adv-header-id-meta":"","stick-header-meta":"","header-above-stick-meta":"","header-main-stick-meta":"","header-below-stick-meta":"","astra-migrate-meta-layouts":"set","ast-page-background-enabled":"default","ast-page-background-meta":{"desktop":{"background-color":"var(--ast-global-color-4)","background-image":"","background-repeat":"repeat","background-position":"center center","background-size":"auto","background-attachment":"scroll","background-type":"","background-media":"","overlay-type":"","overlay-color":"","overlay-opacity":"","overlay-gradient":""},"tablet":{"background-color":"","background-image":"","background-repeat":"repeat","background-position":"center center","background-size":"auto","background-attachment":"scroll","background-type":"","background-media":"","overlay-type":"","overlay-color":"","overlay-opacity":"","overlay-gradient":""},"mobile":{"background-color":"","background-image":"","background-repeat":"repeat","background-position":"center center","background-size":"auto","background-attachment":"scroll","background-type":"","background-media":"","overlay-type":"","overlay-color":"","overlay-opacity":"","overlay-gradient":""}},"ast-content-background-meta":{"desktop":{"background-color":"var(--ast-global-color-5)","background-image":"","background-repeat":"repeat","background-position":"center center","background-size":"auto","background-attachment":"scroll","background-type":"","background-media":"","overlay-type":"","overlay-color":"","overlay-opacity":"","overlay-gradient":""},"tablet":{"background-color":"var(--ast-global-color-5)","background-image":"","background-repeat":"repeat","background-position":"center center","background-size":"auto","background-attachment":"scroll","background-type":"","background-media":"","overlay-type":"","overlay-color":"","overlay-opacity":"","overlay-gradient":""},"mobile":{"background-color":"var(--ast-global-color-5)","background-image":"","background-repeat":"repeat","background-position":"center center","background-size":"auto","background-attachment":"scroll","background-type":"","background-media":"","overlay-type":"","overlay-color":"","overlay-opacity":"","overlay-gradient":""}}},"product_brand":[],"product_cat":[165,167,174,25,23,170],"product_tag":[306],"class_list":{"0":"post-5524","1":"product","2":"type-product","3":"status-publish","4":"has-post-thumbnail","6":"product_cat-adoracion","7":"product_cat-familia","8":"product_cat-iglesia","9":"product_cat-kids","10":"product_cat-libros","11":"product_cat-mujeres","12":"product_tag-desafio","13":"desktop-align-left","14":"tablet-align-left","15":"mobile-align-left","17":"first","18":"instock","19":"shipping-taxable","20":"purchasable","21":"product-type-simple"},"yoast_head":"<!-- This site is optimized with the Yoast SEO plugin v27.5 - https:\/\/yoast.com\/product\/yoast-seo-wordpress\/ -->\n<title>Dejad a los ni\u00f1os venir a M\u00ed - tzionlibreria.com<\/title>\n<meta name=\"description\" content=\"Jes\u00fas fue claro: \u201cDejad a los ni\u00f1os venir a m\u00ed, y no se lo impid\u00e1is\u201d. Para padres, maestros y l\u00edderes a cumplir este mandato con pasi\u00f3n y claridad.\" \/>\n<meta name=\"robots\" content=\"index, follow, max-snippet:-1, max-image-preview:large, max-video-preview:-1\" \/>\n<link rel=\"canonical\" href=\"https:\/\/tzionlibreria.com\/index.php\/product\/dejad-a-los-ninos-venir-a-mi\/\" \/>\n<meta property=\"og:locale\" content=\"es_ES\" \/>\n<meta property=\"og:type\" content=\"article\" \/>\n<meta property=\"og:title\" content=\"Dejad a los ni\u00f1os venir a M\u00ed - tzionlibreria.com\" \/>\n<meta property=\"og:description\" content=\"Jes\u00fas fue claro: \u201cDejad a los ni\u00f1os venir a m\u00ed, y no se lo impid\u00e1is\u201d. Para padres, maestros y l\u00edderes a cumplir este mandato con pasi\u00f3n y claridad.\" \/>\n<meta property=\"og:url\" content=\"https:\/\/tzionlibreria.com\/index.php\/product\/dejad-a-los-ninos-venir-a-mi\/\" \/>\n<meta property=\"og:site_name\" content=\"tzionlibreria.com\" \/>\n<meta property=\"article:modified_time\" content=\"2025-06-17T03:03:53+00:00\" \/>\n<meta property=\"og:image\" content=\"http:\/\/tzionlibreria.com\/wp-content\/uploads\/2025\/06\/139.png\" \/>\n\t<meta property=\"og:image:width\" content=\"1080\" \/>\n\t<meta property=\"og:image:height\" content=\"1080\" \/>\n\t<meta property=\"og:image:type\" content=\"image\/png\" \/>\n<meta name=\"twitter:card\" content=\"summary_large_image\" \/>\n<meta name=\"twitter:label1\" content=\"Tiempo de lectura\" \/>\n\t<meta name=\"twitter:data1\" content=\"2 minutos\" \/>\n<script type=\"application\/ld+json\" class=\"yoast-schema-graph\">{\"@context\":\"https:\\\/\\\/schema.org\",\"@graph\":[{\"@type\":\"WebPage\",\"@id\":\"https:\\\/\\\/tzionlibreria.com\\\/index.php\\\/product\\\/dejad-a-los-ninos-venir-a-mi\\\/\",\"url\":\"https:\\\/\\\/tzionlibreria.com\\\/index.php\\\/product\\\/dejad-a-los-ninos-venir-a-mi\\\/\",\"name\":\"Dejad a los ni\u00f1os venir a M\u00ed - tzionlibreria.com\",\"isPartOf\":{\"@id\":\"https:\\\/\\\/tzionlibreria.com\\\/#website\"},\"primaryImageOfPage\":{\"@id\":\"https:\\\/\\\/tzionlibreria.com\\\/index.php\\\/product\\\/dejad-a-los-ninos-venir-a-mi\\\/#primaryimage\"},\"image\":{\"@id\":\"https:\\\/\\\/tzionlibreria.com\\\/index.php\\\/product\\\/dejad-a-los-ninos-venir-a-mi\\\/#primaryimage\"},\"thumbnailUrl\":\"https:\\\/\\\/tzionlibreria.com\\\/wp-content\\\/uploads\\\/2025\\\/06\\\/139.png\",\"datePublished\":\"2025-06-17T03:02:57+00:00\",\"dateModified\":\"2025-06-17T03:03:53+00:00\",\"description\":\"Jes\u00fas fue claro: \u201cDejad a los ni\u00f1os venir a m\u00ed, y no se lo impid\u00e1is\u201d. Para padres, maestros y l\u00edderes a cumplir este mandato con pasi\u00f3n y claridad.\",\"breadcrumb\":{\"@id\":\"https:\\\/\\\/tzionlibreria.com\\\/index.php\\\/product\\\/dejad-a-los-ninos-venir-a-mi\\\/#breadcrumb\"},\"inLanguage\":\"es-CO\",\"potentialAction\":[{\"@type\":\"ReadAction\",\"target\":[\"https:\\\/\\\/tzionlibreria.com\\\/index.php\\\/product\\\/dejad-a-los-ninos-venir-a-mi\\\/\"]}]},{\"@type\":\"ImageObject\",\"inLanguage\":\"es-CO\",\"@id\":\"https:\\\/\\\/tzionlibreria.com\\\/index.php\\\/product\\\/dejad-a-los-ninos-venir-a-mi\\\/#primaryimage\",\"url\":\"https:\\\/\\\/tzionlibreria.com\\\/wp-content\\\/uploads\\\/2025\\\/06\\\/139.png\",\"contentUrl\":\"https:\\\/\\\/tzionlibreria.com\\\/wp-content\\\/uploads\\\/2025\\\/06\\\/139.png\",\"width\":1080,\"height\":1080},{\"@type\":\"BreadcrumbList\",\"@id\":\"https:\\\/\\\/tzionlibreria.com\\\/index.php\\\/product\\\/dejad-a-los-ninos-venir-a-mi\\\/#breadcrumb\",\"itemListElement\":[{\"@type\":\"ListItem\",\"position\":1,\"name\":\"Inicio\",\"item\":\"https:\\\/\\\/tzionlibreria.com\\\/\"},{\"@type\":\"ListItem\",\"position\":2,\"name\":\"Shop\",\"item\":\"https:\\\/\\\/tzionlibreria.com\\\/index.php\\\/shop\\\/\"},{\"@type\":\"ListItem\",\"position\":3,\"name\":\"Dejad a los ni\u00f1os venir a M\u00ed\"}]},{\"@type\":\"WebSite\",\"@id\":\"https:\\\/\\\/tzionlibreria.com\\\/#website\",\"url\":\"https:\\\/\\\/tzionlibreria.com\\\/\",\"name\":\"tzionlibreria.com\",\"description\":\"Libreria Cristiana Venezuela\",\"publisher\":{\"@id\":\"https:\\\/\\\/tzionlibreria.com\\\/#organization\"},\"potentialAction\":[{\"@type\":\"SearchAction\",\"target\":{\"@type\":\"EntryPoint\",\"urlTemplate\":\"https:\\\/\\\/tzionlibreria.com\\\/?s={search_term_string}\"},\"query-input\":{\"@type\":\"PropertyValueSpecification\",\"valueRequired\":true,\"valueName\":\"search_term_string\"}}],\"inLanguage\":\"es-CO\"},{\"@type\":\"Organization\",\"@id\":\"https:\\\/\\\/tzionlibreria.com\\\/#organization\",\"name\":\"tzionlibreria.com\",\"url\":\"https:\\\/\\\/tzionlibreria.com\\\/\",\"logo\":{\"@type\":\"ImageObject\",\"inLanguage\":\"es-CO\",\"@id\":\"https:\\\/\\\/tzionlibreria.com\\\/#\\\/schema\\\/logo\\\/image\\\/\",\"url\":\"https:\\\/\\\/tzionlibreria.com\\\/wp-content\\\/uploads\\\/2023\\\/10\\\/cropped-Cuadricula-scaled-1.jpg\",\"contentUrl\":\"https:\\\/\\\/tzionlibreria.com\\\/wp-content\\\/uploads\\\/2023\\\/10\\\/cropped-Cuadricula-scaled-1.jpg\",\"width\":2560,\"height\":2560,\"caption\":\"tzionlibreria.com\"},\"image\":{\"@id\":\"https:\\\/\\\/tzionlibreria.com\\\/#\\\/schema\\\/logo\\\/image\\\/\"}}]}<\/script>\n<!-- \/ Yoast SEO plugin. -->","yoast_head_json":{"title":"Dejad a los ni\u00f1os venir a M\u00ed - tzionlibreria.com","description":"Jes\u00fas fue claro: \u201cDejad a los ni\u00f1os venir a m\u00ed, y no se lo impid\u00e1is\u201d. Para padres, maestros y l\u00edderes a cumplir este mandato con pasi\u00f3n y claridad.","robots":{"index":"index","follow":"follow","max-snippet":"max-snippet:-1","max-image-preview":"max-image-preview:large","max-video-preview":"max-video-preview:-1"},"canonical":"https:\/\/tzionlibreria.com\/index.php\/product\/dejad-a-los-ninos-venir-a-mi\/","og_locale":"es_ES","og_type":"article","og_title":"Dejad a los ni\u00f1os venir a M\u00ed - tzionlibreria.com","og_description":"Jes\u00fas fue claro: \u201cDejad a los ni\u00f1os venir a m\u00ed, y no se lo impid\u00e1is\u201d. Para padres, maestros y l\u00edderes a cumplir este mandato con pasi\u00f3n y claridad.","og_url":"https:\/\/tzionlibreria.com\/index.php\/product\/dejad-a-los-ninos-venir-a-mi\/","og_site_name":"tzionlibreria.com","article_modified_time":"2025-06-17T03:03:53+00:00","og_image":[{"width":1080,"height":1080,"url":"http:\/\/tzionlibreria.com\/wp-content\/uploads\/2025\/06\/139.png","type":"image\/png"}],"twitter_card":"summary_large_image","twitter_misc":{"Tiempo de lectura":"2 minutos"},"schema":{"@context":"https:\/\/schema.org","@graph":[{"@type":"WebPage","@id":"https:\/\/tzionlibreria.com\/index.php\/product\/dejad-a-los-ninos-venir-a-mi\/","url":"https:\/\/tzionlibreria.com\/index.php\/product\/dejad-a-los-ninos-venir-a-mi\/","name":"Dejad a los ni\u00f1os venir a M\u00ed - tzionlibreria.com","isPartOf":{"@id":"https:\/\/tzionlibreria.com\/#website"},"primaryImageOfPage":{"@id":"https:\/\/tzionlibreria.com\/index.php\/product\/dejad-a-los-ninos-venir-a-mi\/#primaryimage"},"image":{"@id":"https:\/\/tzionlibreria.com\/index.php\/product\/dejad-a-los-ninos-venir-a-mi\/#primaryimage"},"thumbnailUrl":"https:\/\/tzionlibreria.com\/wp-content\/uploads\/2025\/06\/139.png","datePublished":"2025-06-17T03:02:57+00:00","dateModified":"2025-06-17T03:03:53+00:00","description":"Jes\u00fas fue claro: \u201cDejad a los ni\u00f1os venir a m\u00ed, y no se lo impid\u00e1is\u201d. Para padres, maestros y l\u00edderes a cumplir este mandato con pasi\u00f3n y claridad.","breadcrumb":{"@id":"https:\/\/tzionlibreria.com\/index.php\/product\/dejad-a-los-ninos-venir-a-mi\/#breadcrumb"},"inLanguage":"es-CO","potentialAction":[{"@type":"ReadAction","target":["https:\/\/tzionlibreria.com\/index.php\/product\/dejad-a-los-ninos-venir-a-mi\/"]}]},{"@type":"ImageObject","inLanguage":"es-CO","@id":"https:\/\/tzionlibreria.com\/index.php\/product\/dejad-a-los-ninos-venir-a-mi\/#primaryimage","url":"https:\/\/tzionlibreria.com\/wp-content\/uploads\/2025\/06\/139.png","contentUrl":"https:\/\/tzionlibreria.com\/wp-content\/uploads\/2025\/06\/139.png","width":1080,"height":1080},{"@type":"BreadcrumbList","@id":"https:\/\/tzionlibreria.com\/index.php\/product\/dejad-a-los-ninos-venir-a-mi\/#breadcrumb","itemListElement":[{"@type":"ListItem","position":1,"name":"Inicio","item":"https:\/\/tzionlibreria.com\/"},{"@type":"ListItem","position":2,"name":"Shop","item":"https:\/\/tzionlibreria.com\/index.php\/shop\/"},{"@type":"ListItem","position":3,"name":"Dejad a los ni\u00f1os venir a M\u00ed"}]},{"@type":"WebSite","@id":"https:\/\/tzionlibreria.com\/#website","url":"https:\/\/tzionlibreria.com\/","name":"tzionlibreria.com","description":"Libreria Cristiana Venezuela","publisher":{"@id":"https:\/\/tzionlibreria.com\/#organization"},"potentialAction":[{"@type":"SearchAction","target":{"@type":"EntryPoint","urlTemplate":"https:\/\/tzionlibreria.com\/?s={search_term_string}"},"query-input":{"@type":"PropertyValueSpecification","valueRequired":true,"valueName":"search_term_string"}}],"inLanguage":"es-CO"},{"@type":"Organization","@id":"https:\/\/tzionlibreria.com\/#organization","name":"tzionlibreria.com","url":"https:\/\/tzionlibreria.com\/","logo":{"@type":"ImageObject","inLanguage":"es-CO","@id":"https:\/\/tzionlibreria.com\/#\/schema\/logo\/image\/","url":"https:\/\/tzionlibreria.com\/wp-content\/uploads\/2023\/10\/cropped-Cuadricula-scaled-1.jpg","contentUrl":"https:\/\/tzionlibreria.com\/wp-content\/uploads\/2023\/10\/cropped-Cuadricula-scaled-1.jpg","width":2560,"height":2560,"caption":"tzionlibreria.com"},"image":{"@id":"https:\/\/tzionlibreria.com\/#\/schema\/logo\/image\/"}}]}},"jetpack_sharing_enabled":true,"_links":{"self":[{"href":"https:\/\/tzionlibreria.com\/index.php\/wp-json\/wp\/v2\/product\/5524","targetHints":{"allow":["GET"]}}],"collection":[{"href":"https:\/\/tzionlibreria.com\/index.php\/wp-json\/wp\/v2\/product"}],"about":[{"href":"https:\/\/tzionlibreria.com\/index.php\/wp-json\/wp\/v2\/types\/product"}],"replies":[{"embeddable":true,"href":"https:\/\/tzionlibreria.com\/index.php\/wp-json\/wp\/v2\/comments?post=5524"}],"wp:featuredmedia":[{"embeddable":true,"href":"https:\/\/tzionlibreria.com\/index.php\/wp-json\/wp\/v2\/media\/5525"}],"wp:attachment":[{"href":"https:\/\/tzionlibreria.com\/index.php\/wp-json\/wp\/v2\/media?parent=5524"}],"wp:term":[{"taxonomy":"product_brand","embeddable":true,"href":"https:\/\/tzionlibreria.com\/index.php\/wp-json\/wp\/v2\/product_brand?post=5524"},{"taxonomy":"product_cat","embeddable":true,"href":"https:\/\/tzionlibreria.com\/index.php\/wp-json\/wp\/v2\/product_cat?post=5524"},{"taxonomy":"product_tag","embeddable":true,"href":"https:\/\/tzionlibreria.com\/index.php\/wp-json\/wp\/v2\/product_tag?post=5524"}],"curies":[{"name":"wp","href":"https:\/\/api.w.org\/{rel}","templated":true}]}}